{"id":83778,"date":"2023-09-14T16:59:05","date_gmt":"2023-09-14T15:59:05","guid":{"rendered":"https:\/\/onlinelotto365.com\/spille\/a-spille-saturday-lotto-australia-er-bare-ett-av-alternativene-for-lotterifans-fra-norge"},"modified":"2023-09-14T16:59:05","modified_gmt":"2023-09-14T15:59:05","slug":"a-spille-saturday-lotto-australia-er-bare-ett-av-alternativene-for-lotterifans-fra-norge","status":"publish","type":"page","link":"https:\/\/onlinelotto365.com\/no\/spille\/a-spille-saturday-lotto-australia-er-bare-ett-av-alternativene-for-lotterifans-fra-norge\/","title":{"rendered":"\u00c5 spille Saturday Lotto Australia er bare ett av alternativene for lotterifans fra Norge"},"content":{"rendered":"<h2>Hvordan spille Saturday Lotto Australia online<\/h2>\n<p>Hvis du bor i Norge eller andre steder, vil du oppdage at det ikke er s\u00e5 vanskelig som du kanskje tror \u00e5 spille Saturday Lotto Australia. I tillegg har du muligheter til \u00e5 f\u00e5 billettene du \u00f8nsker uten \u00e5 m\u00e5tte bruke mye tid p\u00e5 det, hva kan v\u00e6re bedre enn det?<\/p>\n<p>Vel, det faktum at vi kommer til \u00e5 hjelpe deg underveis, vil definitivt ogs\u00e5 v\u00e6re en stor fordel. Du kan velge alle alternativene du \u00f8nsker, opprette kontoen din, kj\u00f8pe billetter og alt annet du trenger med din foretrukne betalingsm\u00e5te p\u00e5 kort tid. Og vi s\u00f8rger for at billettene er klare til deg n\u00e5r trekningen kommer.<\/p>\n<p>Alt du trenger \u00e5 gj\u00f8re er \u00e5 sjekke ut de forskjellige lottoalternativene og velge Saturday Lotto Australia. N\u00e5r du har gjort det, f\u00e5r du muligheten til \u00e5 velge ut tallene dine for hver billett du vil ha.<\/p>\n<p>Ikke bekymre deg for \u00e5 plukke ut feil antall tall, fordi systemet vil veilede deg til \u00e5 f\u00e5 akkurat riktig mengde. Og hvis du ikke er sikker p\u00e5 hvilke tall du vil ha, kan du bare velge et hurtigvalg for \u00e5 la datamaskinen velge tallene for deg.<\/p>\n<p>N\u00e5r du har f\u00e5tt billettene dine, kan du velge \u00e5 legge til flere, velge billetter til en annen kamp eller bare legge til i bestillingen og gj\u00f8re deg klar til \u00e5 kj\u00f8pe. Betalingsprosessen er utformet for \u00e5 v\u00e6re s\u00e5 enkel som mulig, slik at du kan betale for billettene dine og v\u00e6re i gang p\u00e5 kort tid. Alt du trenger \u00e5 gj\u00f8re er \u00e5 opprette en konto.<\/p>\n<p>Det er enkelt \u00e5 opprette en konto, for vi trenger ikke mye informasjon. Deretter sender vi deg en bekreftelses-e-post slik at du kan fullf\u00f8re kontoen din. Husk at det kan havne i s\u00f8ppelpostmappen din (noe som betyr at du m\u00e5 legge oss til i adresseboken din), og med det kommer du til \u00e5 ha en konto og muligheten til \u00e5 kj\u00f8pe flere billetter n\u00e5r du vil.<\/p>\n<h2>Om Saturday Lotto Australia<\/h2>\n<ul><img decoding=\"async\" class=\"aligncenter\" src=\"https:\/\/redfoxlotto.com\/image?size=8&amp;lottery=saturday-lotto-au\" alt=\"L\u00f8rdags Lotto Australia\" \/><\/p>\n<li>Land: Australia<\/li>\n<li>Hovednumre rekkevidde: 45<\/li>\n<li>Du m\u00e5 velge: 6<\/li>\n<li>Dager, timer med trekning: L\u00f8rdag, 21:30 GMT+11 &#8211; 10:30 CET<\/li>\n<li>Jackpot starter p\u00e5: 5 millioner australske dollar<\/li>\n<li>Jackpot er begrenset til: 150 millioner australske dollar<\/li>\n<li>Sjanse til \u00e5 vinne jackpotten: 1 i 8145060<\/li>\n<li>Sjanse for \u00e5 vinne andrepremie: 1 i 678755<\/li>\n<li>Sjanse til \u00e5 vinne hvilken som helst premie: 1 i 85,44<\/li>\n<li>Antall premiekategorier: 6<\/li>\n<\/ul>\n<h2>B est funksjoner i Saturday Lotto Australia<\/h2>\n<p>Saturday Lotto Australia gir mange vinnersjanser og jackpotter p\u00e5 flere millioner. Det som er enda bedre er at det er hundretusener av vinnere i hver trekning. Du kan vinne en liten premie p\u00e5 mindre enn 10 dollar, eller du kan vinne store premier p\u00e5 hundretusener av dollar. Alt du trenger \u00e5 gj\u00f8re er \u00e5 velge de riktige tallene.<\/p>\n<h2>Hvordan sjekke l\u00f8rdagens Lotto Australia-resultater<\/h2>\n<p>N\u00e5r det er p\u00e5 tide \u00e5 sjekke resultatene av Saturday Lotto Australia, har du flere forskjellige alternativer. Den f\u00f8rste er \u00e5 ta en titt p\u00e5 lotteriets offisielle nettside. De legger alltid ut vinnertallene etter at de er trukket.<br \/>\nMen du kan ogs\u00e5 sjekke lokale aviser og TV-kanaler hvis du bor lokalt. Den enkleste og beste m\u00e5ten \u00e5 sjekke p\u00e5 er selvf\u00f8lgelig \u00e5 g\u00e5 tilbake til nettsiden v\u00e5r og logge inn p\u00e5 kontoen din. Derfra kan du se de siste vinnertallene og sammenligne dem med dine egne.<\/p>\n<h2>Du spilte Saturday Lotto Australia online og vant &#8211; hva skjer videre?<\/h2>\n<p>Vant du noe p\u00e5 den siste trekningen? Hvis du gjorde det, vil du vite hvor mye, og det vil p\u00e5virke hvordan du f\u00e5r pengene dine. Ethvert bel\u00f8p under 2 500 kr kan settes direkte inn p\u00e5 kontoen din, og det blir det ogs\u00e5. Det betyr at du kan gj\u00f8re hva du vil med dem, fra \u00e5 ta dem ut (hvis de er over 100 kr) til \u00e5 kj\u00f8pe noen flere billetter til dette eller andre spill.<br \/>\nHvis du derimot har v\u00e6rt heldig nok til \u00e5 vinne mer enn 2 500 kr, hjelper vi deg gjennom prosessen med \u00e5 gj\u00f8re krav p\u00e5 gevinsten din, noe som krever litt mer innsats. I denne prosessen m\u00e5 du fylle ut et kravskjema til lotterikommisjonen og bestemme om du vil ha pengene dine tilsendt via bankoverf\u00f8ring eller sjekk. Det er helt opp til deg.<\/p>\n","protected":false},"excerpt":{"rendered":"<p>Hvordan spille Saturday Lotto Australia online Hvis du bor i Norge eller andre steder, vil du oppdage at det ikke er s\u00e5 vanskelig som du kanskje tror \u00e5 spille Saturday Lotto Australia. I tillegg har du muligheter til \u00e5 f\u00e5 billettene du \u00f8nsker uten \u00e5 m\u00e5tte bruke mye tid p\u00e5 det, hva kan v\u00e6re bedre [&hellip;]<\/p>\n","protected":false},"author":1,"featured_media":0,"parent":5028,"menu_order":15,"comment_status":"closed","ping_status":"closed","template":"saturday-lotto.php","meta":{"_et_pb_use_builder":"","_et_pb_old_content":"","_et_gb_content_width":"","exclude_from_search":false,"footnotes":""},"class_list":["post-83778","page","type-page","status-publish","hentry"],"yoast_head":"<!-- This site is optimized with the Yoast SEO plugin v23.4 - https:\/\/yoast.com\/wordpress\/plugins\/seo\/ -->\n<title>Tjenesten v\u00e5r lar deg spille Saturday Lotto Australia online fra Norge<\/title>\n<meta name=\"description\" content=\"Tjenesten v\u00e5r lar deg spille Saturday Lotto Australia online fra Norge\" \/>\n<meta name=\"robots\" content=\"index, follow, max-snippet:-1, max-image-preview:large, max-video-preview:-1\" \/>\n<link rel=\"canonical\" href=\"https:\/\/onlinelotto365.com\/no\/spille\/a-spille-saturday-lotto-australia-er-bare-ett-av-alternativene-for-lotterifans-fra-norge\/\" \/>\n<meta property=\"og:locale\" content=\"nb_NO\" \/>\n<meta property=\"og:type\" content=\"article\" \/>\n<meta property=\"og:title\" content=\"Tjenesten v\u00e5r lar deg spille Saturday Lotto Australia online fra Norge\" \/>\n<meta property=\"og:description\" content=\"Tjenesten v\u00e5r lar deg spille Saturday Lotto Australia online fra Norge\" \/>\n<meta property=\"og:url\" content=\"https:\/\/onlinelotto365.com\/no\/spille\/a-spille-saturday-lotto-australia-er-bare-ett-av-alternativene-for-lotterifans-fra-norge\/\" \/>\n<meta property=\"og:site_name\" content=\"OnlineLotto365\" \/>\n<meta property=\"og:image\" content=\"https:\/\/redfoxlotto.com\/image?size=8&amp;lottery=saturday-lotto-au\" \/>\n<meta name=\"twitter:card\" content=\"summary_large_image\" \/>\n<meta name=\"twitter:label1\" content=\"Ansl. lesetid\" \/>\n\t<meta name=\"twitter:data1\" content=\"3 minutter\" \/>\n<script type=\"application\/ld+json\" class=\"yoast-schema-graph\">{\"@context\":\"https:\/\/schema.org\",\"@graph\":[{\"@type\":\"WebPage\",\"@id\":\"https:\/\/onlinelotto365.com\/no\/spille\/a-spille-saturday-lotto-australia-er-bare-ett-av-alternativene-for-lotterifans-fra-norge\/\",\"url\":\"https:\/\/onlinelotto365.com\/no\/spille\/a-spille-saturday-lotto-australia-er-bare-ett-av-alternativene-for-lotterifans-fra-norge\/\",\"name\":\"Tjenesten v\u00e5r lar deg spille Saturday Lotto Australia online fra Norge\",\"isPartOf\":{\"@id\":\"https:\/\/onlinelotto365.com\/no\/#website\"},\"primaryImageOfPage\":{\"@id\":\"https:\/\/onlinelotto365.com\/no\/spille\/a-spille-saturday-lotto-australia-er-bare-ett-av-alternativene-for-lotterifans-fra-norge\/#primaryimage\"},\"image\":{\"@id\":\"https:\/\/onlinelotto365.com\/no\/spille\/a-spille-saturday-lotto-australia-er-bare-ett-av-alternativene-for-lotterifans-fra-norge\/#primaryimage\"},\"thumbnailUrl\":\"https:\/\/redfoxlotto.com\/image?size=8&amp;lottery=saturday-lotto-au\",\"datePublished\":\"2023-09-14T15:59:05+00:00\",\"dateModified\":\"2023-09-14T15:59:05+00:00\",\"description\":\"Tjenesten v\u00e5r lar deg spille Saturday Lotto Australia online fra Norge\",\"breadcrumb\":{\"@id\":\"https:\/\/onlinelotto365.com\/no\/spille\/a-spille-saturday-lotto-australia-er-bare-ett-av-alternativene-for-lotterifans-fra-norge\/#breadcrumb\"},\"inLanguage\":\"nb-NO\",\"potentialAction\":[{\"@type\":\"ReadAction\",\"target\":[\"https:\/\/onlinelotto365.com\/no\/spille\/a-spille-saturday-lotto-australia-er-bare-ett-av-alternativene-for-lotterifans-fra-norge\/\"]}]},{\"@type\":\"ImageObject\",\"inLanguage\":\"nb-NO\",\"@id\":\"https:\/\/onlinelotto365.com\/no\/spille\/a-spille-saturday-lotto-australia-er-bare-ett-av-alternativene-for-lotterifans-fra-norge\/#primaryimage\",\"url\":\"https:\/\/redfoxlotto.com\/image?size=8&amp;lottery=saturday-lotto-au\",\"contentUrl\":\"https:\/\/redfoxlotto.com\/image?size=8&amp;lottery=saturday-lotto-au\"},{\"@type\":\"BreadcrumbList\",\"@id\":\"https:\/\/onlinelotto365.com\/no\/spille\/a-spille-saturday-lotto-australia-er-bare-ett-av-alternativene-for-lotterifans-fra-norge\/#breadcrumb\",\"itemListElement\":[{\"@type\":\"ListItem\",\"position\":1,\"name\":\"Home\",\"item\":\"https:\/\/onlinelotto365.com\/no\/\"},{\"@type\":\"ListItem\",\"position\":2,\"name\":\"Spill hvilket som helst internasjonal lotteri du vil, uansett hvor du bor\",\"item\":\"https:\/\/onlinelotto365.com\/no\/play\/\"},{\"@type\":\"ListItem\",\"position\":3,\"name\":\"\u00c5 spille Saturday Lotto Australia er bare ett av alternativene for lotterifans fra Norge\"}]},{\"@type\":\"WebSite\",\"@id\":\"https:\/\/onlinelotto365.com\/no\/#website\",\"url\":\"https:\/\/onlinelotto365.com\/no\/\",\"name\":\"OnlineLotto365\",\"description\":\"\",\"potentialAction\":[{\"@type\":\"SearchAction\",\"target\":{\"@type\":\"EntryPoint\",\"urlTemplate\":\"https:\/\/onlinelotto365.com\/no\/?s={search_term_string}\"},\"query-input\":{\"@type\":\"PropertyValueSpecification\",\"valueRequired\":true,\"valueName\":\"search_term_string\"}}],\"inLanguage\":\"nb-NO\"}]}<\/script>\n<!-- \/ Yoast SEO plugin. -->","yoast_head_json":{"title":"Tjenesten v\u00e5r lar deg spille Saturday Lotto Australia online fra Norge","description":"Tjenesten v\u00e5r lar deg spille Saturday Lotto Australia online fra Norge","robots":{"index":"index","follow":"follow","max-snippet":"max-snippet:-1","max-image-preview":"max-image-preview:large","max-video-preview":"max-video-preview:-1"},"canonical":"https:\/\/onlinelotto365.com\/no\/spille\/a-spille-saturday-lotto-australia-er-bare-ett-av-alternativene-for-lotterifans-fra-norge\/","og_locale":"nb_NO","og_type":"article","og_title":"Tjenesten v\u00e5r lar deg spille Saturday Lotto Australia online fra Norge","og_description":"Tjenesten v\u00e5r lar deg spille Saturday Lotto Australia online fra Norge","og_url":"https:\/\/onlinelotto365.com\/no\/spille\/a-spille-saturday-lotto-australia-er-bare-ett-av-alternativene-for-lotterifans-fra-norge\/","og_site_name":"OnlineLotto365","og_image":[{"url":"https:\/\/redfoxlotto.com\/image?size=8&amp;lottery=saturday-lotto-au"}],"twitter_card":"summary_large_image","twitter_misc":{"Ansl. lesetid":"3 minutter"},"schema":{"@context":"https:\/\/schema.org","@graph":[{"@type":"WebPage","@id":"https:\/\/onlinelotto365.com\/no\/spille\/a-spille-saturday-lotto-australia-er-bare-ett-av-alternativene-for-lotterifans-fra-norge\/","url":"https:\/\/onlinelotto365.com\/no\/spille\/a-spille-saturday-lotto-australia-er-bare-ett-av-alternativene-for-lotterifans-fra-norge\/","name":"Tjenesten v\u00e5r lar deg spille Saturday Lotto Australia online fra Norge","isPartOf":{"@id":"https:\/\/onlinelotto365.com\/no\/#website"},"primaryImageOfPage":{"@id":"https:\/\/onlinelotto365.com\/no\/spille\/a-spille-saturday-lotto-australia-er-bare-ett-av-alternativene-for-lotterifans-fra-norge\/#primaryimage"},"image":{"@id":"https:\/\/onlinelotto365.com\/no\/spille\/a-spille-saturday-lotto-australia-er-bare-ett-av-alternativene-for-lotterifans-fra-norge\/#primaryimage"},"thumbnailUrl":"https:\/\/redfoxlotto.com\/image?size=8&amp;lottery=saturday-lotto-au","datePublished":"2023-09-14T15:59:05+00:00","dateModified":"2023-09-14T15:59:05+00:00","description":"Tjenesten v\u00e5r lar deg spille Saturday Lotto Australia online fra Norge","breadcrumb":{"@id":"https:\/\/onlinelotto365.com\/no\/spille\/a-spille-saturday-lotto-australia-er-bare-ett-av-alternativene-for-lotterifans-fra-norge\/#breadcrumb"},"inLanguage":"nb-NO","potentialAction":[{"@type":"ReadAction","target":["https:\/\/onlinelotto365.com\/no\/spille\/a-spille-saturday-lotto-australia-er-bare-ett-av-alternativene-for-lotterifans-fra-norge\/"]}]},{"@type":"ImageObject","inLanguage":"nb-NO","@id":"https:\/\/onlinelotto365.com\/no\/spille\/a-spille-saturday-lotto-australia-er-bare-ett-av-alternativene-for-lotterifans-fra-norge\/#primaryimage","url":"https:\/\/redfoxlotto.com\/image?size=8&amp;lottery=saturday-lotto-au","contentUrl":"https:\/\/redfoxlotto.com\/image?size=8&amp;lottery=saturday-lotto-au"},{"@type":"BreadcrumbList","@id":"https:\/\/onlinelotto365.com\/no\/spille\/a-spille-saturday-lotto-australia-er-bare-ett-av-alternativene-for-lotterifans-fra-norge\/#breadcrumb","itemListElement":[{"@type":"ListItem","position":1,"name":"Home","item":"https:\/\/onlinelotto365.com\/no\/"},{"@type":"ListItem","position":2,"name":"Spill hvilket som helst internasjonal lotteri du vil, uansett hvor du bor","item":"https:\/\/onlinelotto365.com\/no\/play\/"},{"@type":"ListItem","position":3,"name":"\u00c5 spille Saturday Lotto Australia er bare ett av alternativene for lotterifans fra Norge"}]},{"@type":"WebSite","@id":"https:\/\/onlinelotto365.com\/no\/#website","url":"https:\/\/onlinelotto365.com\/no\/","name":"OnlineLotto365","description":"","potentialAction":[{"@type":"SearchAction","target":{"@type":"EntryPoint","urlTemplate":"https:\/\/onlinelotto365.com\/no\/?s={search_term_string}"},"query-input":{"@type":"PropertyValueSpecification","valueRequired":true,"valueName":"search_term_string"}}],"inLanguage":"nb-NO"}]}},"_links":{"self":[{"href":"https:\/\/onlinelotto365.com\/no\/wp-json\/wp\/v2\/pages\/83778","targetHints":{"allow":["GET"]}}],"collection":[{"href":"https:\/\/onlinelotto365.com\/no\/wp-json\/wp\/v2\/pages"}],"about":[{"href":"https:\/\/onlinelotto365.com\/no\/wp-json\/wp\/v2\/types\/page"}],"author":[{"embeddable":true,"href":"https:\/\/onlinelotto365.com\/no\/wp-json\/wp\/v2\/users\/1"}],"replies":[{"embeddable":true,"href":"https:\/\/onlinelotto365.com\/no\/wp-json\/wp\/v2\/comments?post=83778"}],"version-history":[{"count":0,"href":"https:\/\/onlinelotto365.com\/no\/wp-json\/wp\/v2\/pages\/83778\/revisions"}],"up":[{"embeddable":true,"href":"https:\/\/onlinelotto365.com\/no\/wp-json\/wp\/v2\/pages\/5028"}],"wp:attachment":[{"href":"https:\/\/onlinelotto365.com\/no\/wp-json\/wp\/v2\/media?parent=83778"}],"curies":[{"name":"wp","href":"https:\/\/api.w.org\/{rel}","templated":true}]}}