{"id":83788,"date":"2023-09-14T18:08:17","date_gmt":"2023-09-14T17:08:17","guid":{"rendered":"https:\/\/onlinelotto365.com\/spille\/a-spille-mon-wed-lotto-australia-er-bare-ett-av-alternativene-for-lotterifans-fra-norge"},"modified":"2023-09-14T18:08:17","modified_gmt":"2023-09-14T17:08:17","slug":"a-spille-mon-wed-lotto-australia-er-bare-ett-av-alternativene-for-lotterifans-fra-norge","status":"publish","type":"page","link":"https:\/\/onlinelotto365.com\/no\/spille\/a-spille-mon-wed-lotto-australia-er-bare-ett-av-alternativene-for-lotterifans-fra-norge\/","title":{"rendered":"\u00c5 spille Mon &#038; Wed Lotto Australia er bare ett av alternativene for lotterifans fra Norge."},"content":{"rendered":"<h2>Hvordan spille Mon &amp; Wed Lotto Australia online<\/h2>\n<p>Hvis du er i Norge, trenger det ikke \u00e5 v\u00e6re vanskelig \u00e5 spille Mon &amp; Wed Lotto Australia online. Alt du trenger \u00e5 gj\u00f8re er \u00e5 finne ut hvilken m\u00e5te du skal gj\u00f8re det p\u00e5 og hvordan du skal f\u00e5 billettene du vil ha til neste trekning. Vi kan hjelpe deg med det.<\/p>\n<p>Systemet v\u00e5rt s\u00f8rger for at du er p\u00e5 rett spor hele veien. Alt du trenger \u00e5 gj\u00f8re er \u00e5 opprette en konto, velge de loddene og numrene du vil ha og deretter betale for dem med din foretrukne betalingsm\u00e5te. Akkurat slik kommer du til \u00e5 v\u00e6re klar til \u00e5 g\u00e5 og vente p\u00e5 neste trekning slik at du kan sjekke billettene dine.<\/p>\n<p>Hvis du er klar til \u00e5 plukke ut de f\u00f8rste billettene, trenger du bare \u00e5 velge riktig spill. I dette tilfellet snakker vi om Mon &amp; Wed Lotto Australia. S\u00e5 velg riktig spill og begynn \u00e5 velge tallene dine.<\/p>\n<p>Eller velg et hurtigvalg der datamaskinen velger tilfeldige tall for deg. Du kan til og med justere tallene hvis du ombestemmer deg, slik at du f\u00e5r de tallene du \u00f8nsker for hver trekning.<\/p>\n<p>N\u00e5r du har plukket ut tallene dine p\u00e5 mandag og onsdag Lotto Australia, kan du plukke ut noen billetter til andre spill du vil spille og sjekke ut. Kasseprosessen er trygg og sikker og s\u00f8rger ogs\u00e5 for at det er du som kj\u00f8per billettene. Du m\u00e5 bekrefte kontoen din (og opprette en), og deretter kan du begynne \u00e5 kj\u00f8pe de billettene du \u00f8nsker.<\/p>\n<p>Bare opprett en konto med dine personlige opplysninger og klikk p\u00e5 lenken i bekreftelses-e-posten vi sender deg. Den kan ligge i s\u00f8ppelpostmappen din hvis du enn\u00e5 ikke har lagt oss til i adresseboken din, s\u00e5 pass p\u00e5 at du holder utkikk etter den. Derfra vil kontoen din v\u00e6re klar, og du kan begynne \u00e5 kj\u00f8pe de loddene du \u00f8nsker.<\/p>\n<h2>Om Mon &amp; Wed Lotto Australia<\/h2>\n<ul><img decoding=\"async\" class=\"aligncenter\" src=\"https:\/\/redfoxlotto.com\/image?size=8&amp;lottery=monday-wednesday-lotto-au\" alt=\"Mon &amp; Wed Lotto Australia\" \/><\/p>\n<li>Land: Australia<\/li>\n<li>Hovednumre rekkevidde: 45<\/li>\n<li>Du m\u00e5 velge: 6<\/li>\n<li>Dager, timer med trekning: Mandag, onsdag, 21:30 GMT+11 &#8211; 10:30 CET<\/li>\n<li>Jackpot starter p\u00e5: 2,5 millioner australske dollar<\/li>\n<li>Jackpot er begrenset til: fast jackpot<\/li>\n<li>Sjanse til \u00e5 vinne jackpotten: 1 i 8145060<\/li>\n<li>Sjanse til \u00e5 vinne andrepremie: 1 av 678755<\/li>\n<li>Sjanse til \u00e5 vinne hvilken som helst premie: 1 i 85,44<\/li>\n<li>Antall premiekategorier: 6<\/li>\n<\/ul>\n<h2>De beste funksjonene i Mon &amp; Wed Lotto Australia<\/h2>\n<p>Lotto Australia trekkes to ganger i uken og gir deg sjansen til \u00e5 vinne en del av millionpremiene. Og alt du trenger \u00e5 gj\u00f8re er \u00e5 gi det en sjanse og bli med i premiepotten i divisjon 1. Du vet aldri hva du kan vinne.<\/p>\n<h2>Slik sjekker du resultatene fra Lotto Australia mandag og onsdag<\/h2>\n<p>N\u00e5r det gjelder \u00e5 sjekke resultatene, kan du bli overrasket over alle stedene du kan g\u00e5 til. Du kan sjekke ut nettstedet til the lottery for \u00e5 finne tallene rett etter tegningen. Du kan ogs\u00e5 sjekke lokale aviser og TV-stasjoner etter tegningen.<\/p>\n<p>Men hvis du vil f\u00e5 resultatene dine raskt og enkelt, b\u00f8r du sjekke ut nettstedet v\u00e5rt, der du kj\u00f8pte billettene dine. Du finner ikke bare vinnertallene, men ogs\u00e5 en sammenligning med tallene dine.<\/p>\n<h2>Du spilte Mon &amp; Wed Lotto Australia online og vant &#8211; hva skjer videre?<\/h2>\n<p>Sjekk vinnertallene, tallene dine og hvor mye du har vunnet p\u00e5 spillet. Hvis du har vunnet mindre enn \u20ac2500, trenger du ikke \u00e5 gj\u00f8re noe. Pengene vil allerede v\u00e6re p\u00e5 kontoen din.<\/p>\n<p>Og n\u00e5r de f\u00f8rst er p\u00e5 kontoen din, er det bare \u00e5 ta dem ut (hvis de er over 100 kr) eller bruke dem p\u00e5 flere lottokuponger. Du kan la pengene st\u00e5 p\u00e5 kontoen din s\u00e5 lenge du vil, slik at de alltid er der.<\/p>\n<p>Hvis du er heldig og vinner over 2 500 kr, vil du imidlertid f\u00e5 en melding fra kundest\u00f8tte-teamet v\u00e5rt. De hjelper deg med \u00e5 finne ut hva du skal gj\u00f8re videre, inkludert \u00e5 fylle ut et kravskjema for \u00e5 f\u00e5 gevinsten din. Og s\u00e5 vil pengene dine bli satt inn direkte p\u00e5 bankkontoen din eller sendt til deg med sjekk.<\/p>\n","protected":false},"excerpt":{"rendered":"<p>Hvordan spille Mon &amp; Wed Lotto Australia online Hvis du er i Norge, trenger det ikke \u00e5 v\u00e6re vanskelig \u00e5 spille Mon &amp; Wed Lotto Australia online. Alt du trenger \u00e5 gj\u00f8re er \u00e5 finne ut hvilken m\u00e5te du skal gj\u00f8re det p\u00e5 og hvordan du skal f\u00e5 billettene du vil ha til neste trekning. [&hellip;]<\/p>\n","protected":false},"author":1,"featured_media":0,"parent":5028,"menu_order":16,"comment_status":"closed","ping_status":"closed","template":"template-rightsidebar.php","meta":{"_et_pb_use_builder":"","_et_pb_old_content":"","_et_gb_content_width":"","exclude_from_search":false,"footnotes":""},"class_list":["post-83788","page","type-page","status-publish","hentry"],"yoast_head":"<!-- This site is optimized with the Yoast SEO plugin v23.4 - https:\/\/yoast.com\/wordpress\/plugins\/seo\/ -->\n<title>Delta i Mon &amp; Wed Lotto Australia selv fra Norge<\/title>\n<meta name=\"description\" content=\"\u00d8nsker du \u00e5 spille Australias Won &amp; Ons lotto? F\u00e5 billetter her!\" \/>\n<meta name=\"robots\" content=\"index, follow, max-snippet:-1, max-image-preview:large, max-video-preview:-1\" \/>\n<link rel=\"canonical\" href=\"https:\/\/onlinelotto365.com\/no\/spille\/a-spille-mon-wed-lotto-australia-er-bare-ett-av-alternativene-for-lotterifans-fra-norge\/\" \/>\n<meta property=\"og:locale\" content=\"nb_NO\" \/>\n<meta property=\"og:type\" content=\"article\" \/>\n<meta property=\"og:title\" content=\"Delta i Mon &amp; Wed Lotto Australia selv fra Norge\" \/>\n<meta property=\"og:description\" content=\"\u00d8nsker du \u00e5 spille Australias Won &amp; Ons lotto? F\u00e5 billetter her!\" \/>\n<meta property=\"og:url\" content=\"https:\/\/onlinelotto365.com\/no\/spille\/a-spille-mon-wed-lotto-australia-er-bare-ett-av-alternativene-for-lotterifans-fra-norge\/\" \/>\n<meta property=\"og:site_name\" content=\"OnlineLotto365\" \/>\n<meta property=\"og:image\" content=\"https:\/\/redfoxlotto.com\/image?size=8&amp;lottery=monday-wednesday-lotto-au\" \/>\n<meta name=\"twitter:card\" content=\"summary_large_image\" \/>\n<meta name=\"twitter:label1\" content=\"Ansl. lesetid\" \/>\n\t<meta name=\"twitter:data1\" content=\"3 minutter\" \/>\n<script type=\"application\/ld+json\" class=\"yoast-schema-graph\">{\"@context\":\"https:\/\/schema.org\",\"@graph\":[{\"@type\":\"WebPage\",\"@id\":\"https:\/\/onlinelotto365.com\/no\/spille\/a-spille-mon-wed-lotto-australia-er-bare-ett-av-alternativene-for-lotterifans-fra-norge\/\",\"url\":\"https:\/\/onlinelotto365.com\/no\/spille\/a-spille-mon-wed-lotto-australia-er-bare-ett-av-alternativene-for-lotterifans-fra-norge\/\",\"name\":\"Delta i Mon & Wed Lotto Australia selv fra Norge\",\"isPartOf\":{\"@id\":\"https:\/\/onlinelotto365.com\/no\/#website\"},\"primaryImageOfPage\":{\"@id\":\"https:\/\/onlinelotto365.com\/no\/spille\/a-spille-mon-wed-lotto-australia-er-bare-ett-av-alternativene-for-lotterifans-fra-norge\/#primaryimage\"},\"image\":{\"@id\":\"https:\/\/onlinelotto365.com\/no\/spille\/a-spille-mon-wed-lotto-australia-er-bare-ett-av-alternativene-for-lotterifans-fra-norge\/#primaryimage\"},\"thumbnailUrl\":\"https:\/\/redfoxlotto.com\/image?size=8&amp;lottery=monday-wednesday-lotto-au\",\"datePublished\":\"2023-09-14T17:08:17+00:00\",\"dateModified\":\"2023-09-14T17:08:17+00:00\",\"description\":\"\u00d8nsker du \u00e5 spille Australias Won & Ons lotto? F\u00e5 billetter her!\",\"breadcrumb\":{\"@id\":\"https:\/\/onlinelotto365.com\/no\/spille\/a-spille-mon-wed-lotto-australia-er-bare-ett-av-alternativene-for-lotterifans-fra-norge\/#breadcrumb\"},\"inLanguage\":\"nb-NO\",\"potentialAction\":[{\"@type\":\"ReadAction\",\"target\":[\"https:\/\/onlinelotto365.com\/no\/spille\/a-spille-mon-wed-lotto-australia-er-bare-ett-av-alternativene-for-lotterifans-fra-norge\/\"]}]},{\"@type\":\"ImageObject\",\"inLanguage\":\"nb-NO\",\"@id\":\"https:\/\/onlinelotto365.com\/no\/spille\/a-spille-mon-wed-lotto-australia-er-bare-ett-av-alternativene-for-lotterifans-fra-norge\/#primaryimage\",\"url\":\"https:\/\/redfoxlotto.com\/image?size=8&amp;lottery=monday-wednesday-lotto-au\",\"contentUrl\":\"https:\/\/redfoxlotto.com\/image?size=8&amp;lottery=monday-wednesday-lotto-au\"},{\"@type\":\"BreadcrumbList\",\"@id\":\"https:\/\/onlinelotto365.com\/no\/spille\/a-spille-mon-wed-lotto-australia-er-bare-ett-av-alternativene-for-lotterifans-fra-norge\/#breadcrumb\",\"itemListElement\":[{\"@type\":\"ListItem\",\"position\":1,\"name\":\"Home\",\"item\":\"https:\/\/onlinelotto365.com\/no\/\"},{\"@type\":\"ListItem\",\"position\":2,\"name\":\"Spill hvilket som helst internasjonal lotteri du vil, uansett hvor du bor\",\"item\":\"https:\/\/onlinelotto365.com\/no\/play\/\"},{\"@type\":\"ListItem\",\"position\":3,\"name\":\"\u00c5 spille Mon &#038; Wed Lotto Australia er bare ett av alternativene for lotterifans fra Norge.\"}]},{\"@type\":\"WebSite\",\"@id\":\"https:\/\/onlinelotto365.com\/no\/#website\",\"url\":\"https:\/\/onlinelotto365.com\/no\/\",\"name\":\"OnlineLotto365\",\"description\":\"\",\"potentialAction\":[{\"@type\":\"SearchAction\",\"target\":{\"@type\":\"EntryPoint\",\"urlTemplate\":\"https:\/\/onlinelotto365.com\/no\/?s={search_term_string}\"},\"query-input\":{\"@type\":\"PropertyValueSpecification\",\"valueRequired\":true,\"valueName\":\"search_term_string\"}}],\"inLanguage\":\"nb-NO\"}]}<\/script>\n<!-- \/ Yoast SEO plugin. -->","yoast_head_json":{"title":"Delta i Mon & Wed Lotto Australia selv fra Norge","description":"\u00d8nsker du \u00e5 spille Australias Won & Ons lotto? F\u00e5 billetter her!","robots":{"index":"index","follow":"follow","max-snippet":"max-snippet:-1","max-image-preview":"max-image-preview:large","max-video-preview":"max-video-preview:-1"},"canonical":"https:\/\/onlinelotto365.com\/no\/spille\/a-spille-mon-wed-lotto-australia-er-bare-ett-av-alternativene-for-lotterifans-fra-norge\/","og_locale":"nb_NO","og_type":"article","og_title":"Delta i Mon & Wed Lotto Australia selv fra Norge","og_description":"\u00d8nsker du \u00e5 spille Australias Won & Ons lotto? F\u00e5 billetter her!","og_url":"https:\/\/onlinelotto365.com\/no\/spille\/a-spille-mon-wed-lotto-australia-er-bare-ett-av-alternativene-for-lotterifans-fra-norge\/","og_site_name":"OnlineLotto365","og_image":[{"url":"https:\/\/redfoxlotto.com\/image?size=8&amp;lottery=monday-wednesday-lotto-au"}],"twitter_card":"summary_large_image","twitter_misc":{"Ansl. lesetid":"3 minutter"},"schema":{"@context":"https:\/\/schema.org","@graph":[{"@type":"WebPage","@id":"https:\/\/onlinelotto365.com\/no\/spille\/a-spille-mon-wed-lotto-australia-er-bare-ett-av-alternativene-for-lotterifans-fra-norge\/","url":"https:\/\/onlinelotto365.com\/no\/spille\/a-spille-mon-wed-lotto-australia-er-bare-ett-av-alternativene-for-lotterifans-fra-norge\/","name":"Delta i Mon & Wed Lotto Australia selv fra Norge","isPartOf":{"@id":"https:\/\/onlinelotto365.com\/no\/#website"},"primaryImageOfPage":{"@id":"https:\/\/onlinelotto365.com\/no\/spille\/a-spille-mon-wed-lotto-australia-er-bare-ett-av-alternativene-for-lotterifans-fra-norge\/#primaryimage"},"image":{"@id":"https:\/\/onlinelotto365.com\/no\/spille\/a-spille-mon-wed-lotto-australia-er-bare-ett-av-alternativene-for-lotterifans-fra-norge\/#primaryimage"},"thumbnailUrl":"https:\/\/redfoxlotto.com\/image?size=8&amp;lottery=monday-wednesday-lotto-au","datePublished":"2023-09-14T17:08:17+00:00","dateModified":"2023-09-14T17:08:17+00:00","description":"\u00d8nsker du \u00e5 spille Australias Won & Ons lotto? F\u00e5 billetter her!","breadcrumb":{"@id":"https:\/\/onlinelotto365.com\/no\/spille\/a-spille-mon-wed-lotto-australia-er-bare-ett-av-alternativene-for-lotterifans-fra-norge\/#breadcrumb"},"inLanguage":"nb-NO","potentialAction":[{"@type":"ReadAction","target":["https:\/\/onlinelotto365.com\/no\/spille\/a-spille-mon-wed-lotto-australia-er-bare-ett-av-alternativene-for-lotterifans-fra-norge\/"]}]},{"@type":"ImageObject","inLanguage":"nb-NO","@id":"https:\/\/onlinelotto365.com\/no\/spille\/a-spille-mon-wed-lotto-australia-er-bare-ett-av-alternativene-for-lotterifans-fra-norge\/#primaryimage","url":"https:\/\/redfoxlotto.com\/image?size=8&amp;lottery=monday-wednesday-lotto-au","contentUrl":"https:\/\/redfoxlotto.com\/image?size=8&amp;lottery=monday-wednesday-lotto-au"},{"@type":"BreadcrumbList","@id":"https:\/\/onlinelotto365.com\/no\/spille\/a-spille-mon-wed-lotto-australia-er-bare-ett-av-alternativene-for-lotterifans-fra-norge\/#breadcrumb","itemListElement":[{"@type":"ListItem","position":1,"name":"Home","item":"https:\/\/onlinelotto365.com\/no\/"},{"@type":"ListItem","position":2,"name":"Spill hvilket som helst internasjonal lotteri du vil, uansett hvor du bor","item":"https:\/\/onlinelotto365.com\/no\/play\/"},{"@type":"ListItem","position":3,"name":"\u00c5 spille Mon &#038; Wed Lotto Australia er bare ett av alternativene for lotterifans fra Norge."}]},{"@type":"WebSite","@id":"https:\/\/onlinelotto365.com\/no\/#website","url":"https:\/\/onlinelotto365.com\/no\/","name":"OnlineLotto365","description":"","potentialAction":[{"@type":"SearchAction","target":{"@type":"EntryPoint","urlTemplate":"https:\/\/onlinelotto365.com\/no\/?s={search_term_string}"},"query-input":{"@type":"PropertyValueSpecification","valueRequired":true,"valueName":"search_term_string"}}],"inLanguage":"nb-NO"}]}},"_links":{"self":[{"href":"https:\/\/onlinelotto365.com\/no\/wp-json\/wp\/v2\/pages\/83788","targetHints":{"allow":["GET"]}}],"collection":[{"href":"https:\/\/onlinelotto365.com\/no\/wp-json\/wp\/v2\/pages"}],"about":[{"href":"https:\/\/onlinelotto365.com\/no\/wp-json\/wp\/v2\/types\/page"}],"author":[{"embeddable":true,"href":"https:\/\/onlinelotto365.com\/no\/wp-json\/wp\/v2\/users\/1"}],"replies":[{"embeddable":true,"href":"https:\/\/onlinelotto365.com\/no\/wp-json\/wp\/v2\/comments?post=83788"}],"version-history":[{"count":0,"href":"https:\/\/onlinelotto365.com\/no\/wp-json\/wp\/v2\/pages\/83788\/revisions"}],"up":[{"embeddable":true,"href":"https:\/\/onlinelotto365.com\/no\/wp-json\/wp\/v2\/pages\/5028"}],"wp:attachment":[{"href":"https:\/\/onlinelotto365.com\/no\/wp-json\/wp\/v2\/media?parent=83788"}],"curies":[{"name":"wp","href":"https:\/\/api.w.org\/{rel}","templated":true}]}}