{"id":84023,"date":"2023-09-24T08:37:22","date_gmt":"2023-09-24T07:37:22","guid":{"rendered":"https:\/\/onlinelotto365.com\/kjope-billetter\/hvordan-kjope-eurojackpot-billetter-pa-nettet"},"modified":"2023-09-24T08:37:22","modified_gmt":"2023-09-24T07:37:22","slug":"hvordan-kjope-eurojackpot-billetter-pa-nettet","status":"publish","type":"page","link":"https:\/\/onlinelotto365.com\/no\/kjope-billetter\/hvordan-kjope-eurojackpot-billetter-pa-nettet\/","title":{"rendered":"Hvordan kj\u00f8pe Eurojackpot-billetter p\u00e5 nettet"},"content":{"rendered":"<p>Hvis du lurer p\u00e5 hvordan du kj\u00f8per Eurojackpot-billetter p\u00e5 nettet, har vi beskrevet prosessen i enkle trinn. Men faktisk vil nettstedet v\u00e5rt veilede deg gjennom hele prosessen. Vi har fors\u00f8kt \u00e5 gj\u00f8re det s\u00e5 enkelt som mulig.<\/p>\n<ul>\n<li>N\u00e5r du er p\u00e5 Eurojackpot-siden, velger du tallene dine eller lar datamaskinen velge tall for deg.<\/li>\n<li>Du kan legge til flere lotterier og flere lodd i bestillingen din hvis du \u00f8nsker det.<\/li>\n<li>Klikk p\u00e5 betal n\u00e5<\/li>\n<li>Registrer kontoen din p\u00e5 nettstedet v\u00e5rt (hvis du allerede har gjort det, kan du hoppe over dette trinnet og bare logge inn p\u00e5 den eksisterende kontoen din).<\/li>\n<p><img decoding=\"async\" class=\"aligncenter\" src=\"https:\/\/redfoxlotto.com\/image?size=8&amp;lottery=eurojackpot\" alt=\"eurojackpot\" \/><\/p>\n<li>Hvis du registrerer en ny konto, m\u00e5 du se etter meldingen med bekreftelseskoblingen i innboksen din.<\/li>\n<li>Hvis du ikke finner e-posten, kan du ta en titt i s\u00f8ppelpostkassen, den kan ha havnet der.<\/li>\n<li>Klikk p\u00e5 handlekurv-symbolet<\/li>\n<li>Velg betalingsm\u00e5te, klikk for \u00e5 betale og f\u00f8lg betalingsinstruksjonene.<br \/>\neurojackpot<\/li>\n<p><img loading=\"lazy\" decoding=\"async\" class=\"alignright wp-image-1246\" src=\"https:\/\/onlinelotto365.com\/wp-content\/uploads\/2020\/11\/online_lottery-106.jpg\" alt=\"kj\u00f8p eurojackpot online\n\" width=\"302\" height=\"181\" \/>\n<\/ul>\n<h2>Slik betaler du for din Eurojackpot-lodd p\u00e5 nettet<\/h2>\n<p>Det finnes en rekke sikre betalingsm\u00e5ter som er tilgjengelige for v\u00e5re kunder. Velg den metoden som passer best for deg.<\/p>\n<h5>Du kan kj\u00f8pe billettene dine p\u00e5 nettet og betale for dem p\u00e5 to m\u00e5ter:<\/h5>\n<ul>\n<li>Betal for bestillingen din direkte<\/li>\n<li>Sett inn penger p\u00e5 spillerkontoen din, og bruk deretter saldoen til \u00e5 kj\u00f8pe lodd.<\/li>\n<\/ul>\n<p>Hvis du bruker den andre metoden, m\u00e5 du s\u00f8rge for at saldoen din er h\u00f8yere enn bel\u00f8pet p\u00e5 billettbestillingen.<\/p>\n<h2>Mer informasjon om Eurojackpot<\/h2>\n<ul>\n<li>Land: diverse europeiske land<\/li>\n<li>Hovednumre rekkevidde: 50<\/li>\n<li>Du velger: 5<\/li>\n<li>Ekstra tall rekkevidde: 10<\/li>\n<li>Du velger: 2<\/li>\n<li>Trekningsdager, timer: Fredag, 21:00 CET, 21:00 CET<\/li>\n<li>Minimum jackpot: \u20ac 10 millioner<\/li>\n<li>Maksimal jackpot: \u20ac 90 millioner<\/li>\n<li>Sannsynligheten for \u00e5 vinne jackpotten: 1 i 135.600.640<\/li>\n<li>Sannsynlighet for gevinst p\u00e5 niv\u00e5 2: 1 i 2.118.760<\/li>\n<li>Sannsynlighet for \u00e5 vinne i et hvilket som helst niv\u00e5: 1 i 26,39<\/li>\n<li>Antall premieniv\u00e5er: 12<\/li>\n<\/ul>\n<h2>Fordeler med \u00e5 kj\u00f8pe Eurojackpot-lodd p\u00e5 nettet<\/h2>\n<ul>\n<li>kj\u00f8p loddene dine hjemmefra<\/li>\n<li>et st\u00f8rre utvalg av lotterier<\/li>\n<li>forbedre vinnersjansene dine ved \u00e5 velge lotteriet med de h\u00f8yeste jackpottene<\/li>\n<li>mulighet til \u00e5 sette inn penger f\u00f8rst og deretter betale med saldoen din<\/li>\n<li>aldri miste et lodd igjen<\/li>\n<li>f\u00e5 beskjed n\u00e5r du vinner<\/li>\n<li>mulighet for hurtigvalg med en tilfeldig tallgenerator<\/li>\n<\/ul>\n<h2>Er det lovlig \u00e5 kj\u00f8pe Eurojackpot-lodd p\u00e5 nettet?<\/h2>\n<p>Du trenger ikke \u00e5 bekymre deg for om det er lovlig \u00e5 kj\u00f8pe lottokuponger p\u00e5 nettet eller p\u00e5 tradisjonell m\u00e5te i landet der du bor. Samtidig trenger du ikke \u00e5 bekymre deg for om det er lovlig \u00e5 bruke tjenesten v\u00e5r i henhold til regelverket i landet der lotteriet arrangeres. M\u00e5ten vi driver tjenesten v\u00e5r p\u00e5 er utformet slik at du er garantert \u00e5 f\u00e5 betalt, selv om du vinner en jackpot.<\/p>\n<p>Du m\u00e5 v\u00e6re minst 18 \u00e5r for \u00e5 bruke tjenesten v\u00e5r.<\/p>\n<h2>Hvordan f\u00e5r jeg betalt hvis jeg vinner i Eurojackpot p\u00e5 nettet?<\/h2>\n<p>Utbetaling av gevinster er en viktig del av v\u00e5r service til kundene v\u00e5re. Det er viktig for deg \u00e5 vite at vi ikke trekker noen form for provisjon fra lotterigevinstene dine. Kun i ett tilfelle kan det p\u00e5l\u00f8pe et sv\u00e6rt lite gebyr, og det er hvis du velger \u00e5 betale via bankoverf\u00f8ring. Dette handler om hva banken belaster oss, og vi snakker her om kanskje 5 dollar per overf\u00f8ring hvis det er en internasjonal overf\u00f8ring.<\/p>\n<h2>Det er to forskjellige situasjoner for utbetalingen:<\/h2>\n<ul>\n<li>Du vinner et bel\u00f8p p\u00e5 2 500 kr eller mindre. I dette tilfellet blir gevinstbel\u00f8pet kreditert spillerkontoen din hos oss.<\/li>\n<li>Du vinner et bel\u00f8p p\u00e5 mer enn 2 500 kr. I s\u00e5 fall sender vi deg et skjema p\u00e5 e-post som du m\u00e5 fylle ut. Du bestemmer selv hvordan du vil f\u00e5 betalt. I dette tilfellet er bankoverf\u00f8ring og sjekk de eneste alternativene. Vi behandler foresp\u00f8rselen for deg, og noen dager senere har du pengene p\u00e5 bankkontoen din, eller du mottar en sjekk.<\/li>\n<\/ul>\n","protected":false},"excerpt":{"rendered":"<p>Hvis du lurer p\u00e5 hvordan du kj\u00f8per Eurojackpot-billetter p\u00e5 nettet, har vi beskrevet prosessen i enkle trinn. Men faktisk vil nettstedet v\u00e5rt veilede deg gjennom hele prosessen. Vi har fors\u00f8kt \u00e5 gj\u00f8re det s\u00e5 enkelt som mulig. N\u00e5r du er p\u00e5 Eurojackpot-siden, velger du tallene dine eller lar datamaskinen velge tall for deg. Du kan [&hellip;]<\/p>\n","protected":false},"author":1,"featured_media":0,"parent":5668,"menu_order":4,"comment_status":"closed","ping_status":"closed","template":"eurojackpot-info.php","meta":{"_et_pb_use_builder":"","_et_pb_old_content":"","_et_gb_content_width":"","exclude_from_search":false,"footnotes":""},"class_list":["post-84023","page","type-page","status-publish","hentry"],"yoast_head":"<!-- This site is optimized with the Yoast SEO plugin v23.4 - https:\/\/yoast.com\/wordpress\/plugins\/seo\/ -->\n<title>Kj\u00f8p billetter til Eurojackpot online fra Norge| Eurojackpot info, hvordan kj\u00f8pe billetter<\/title>\n<meta name=\"description\" content=\"Bor du i Norge, men \u00f8nsker \u00e5 kj\u00f8pe billetter til Eurojackpot? Kj\u00f8p dem online her!\" \/>\n<meta name=\"robots\" content=\"index, follow, max-snippet:-1, max-image-preview:large, max-video-preview:-1\" \/>\n<link rel=\"canonical\" href=\"https:\/\/onlinelotto365.com\/no\/kjope-billetter\/hvordan-kjope-eurojackpot-billetter-pa-nettet\/\" \/>\n<meta property=\"og:locale\" content=\"nb_NO\" \/>\n<meta property=\"og:type\" content=\"article\" \/>\n<meta property=\"og:title\" content=\"Kj\u00f8p billetter til Eurojackpot online fra Norge| Eurojackpot info, hvordan kj\u00f8pe billetter\" \/>\n<meta property=\"og:description\" content=\"Bor du i Norge, men \u00f8nsker \u00e5 kj\u00f8pe billetter til Eurojackpot? Kj\u00f8p dem online her!\" \/>\n<meta property=\"og:url\" content=\"https:\/\/onlinelotto365.com\/no\/kjope-billetter\/hvordan-kjope-eurojackpot-billetter-pa-nettet\/\" \/>\n<meta property=\"og:site_name\" content=\"OnlineLotto365\" \/>\n<meta property=\"og:image\" content=\"https:\/\/redfoxlotto.com\/image?size=8&amp;lottery=eurojackpot\" \/>\n<meta name=\"twitter:card\" content=\"summary_large_image\" \/>\n<meta name=\"twitter:label1\" content=\"Ansl. lesetid\" \/>\n\t<meta name=\"twitter:data1\" content=\"3 minutter\" \/>\n<script type=\"application\/ld+json\" class=\"yoast-schema-graph\">{\"@context\":\"https:\/\/schema.org\",\"@graph\":[{\"@type\":\"WebPage\",\"@id\":\"https:\/\/onlinelotto365.com\/no\/kjope-billetter\/hvordan-kjope-eurojackpot-billetter-pa-nettet\/\",\"url\":\"https:\/\/onlinelotto365.com\/no\/kjope-billetter\/hvordan-kjope-eurojackpot-billetter-pa-nettet\/\",\"name\":\"Kj\u00f8p billetter til Eurojackpot online fra Norge| Eurojackpot info, hvordan kj\u00f8pe billetter\",\"isPartOf\":{\"@id\":\"https:\/\/onlinelotto365.com\/no\/#website\"},\"primaryImageOfPage\":{\"@id\":\"https:\/\/onlinelotto365.com\/no\/kjope-billetter\/hvordan-kjope-eurojackpot-billetter-pa-nettet\/#primaryimage\"},\"image\":{\"@id\":\"https:\/\/onlinelotto365.com\/no\/kjope-billetter\/hvordan-kjope-eurojackpot-billetter-pa-nettet\/#primaryimage\"},\"thumbnailUrl\":\"https:\/\/redfoxlotto.com\/image?size=8&amp;lottery=eurojackpot\",\"datePublished\":\"2023-09-24T07:37:22+00:00\",\"dateModified\":\"2023-09-24T07:37:22+00:00\",\"description\":\"Bor du i Norge, men \u00f8nsker \u00e5 kj\u00f8pe billetter til Eurojackpot? Kj\u00f8p dem online her!\",\"breadcrumb\":{\"@id\":\"https:\/\/onlinelotto365.com\/no\/kjope-billetter\/hvordan-kjope-eurojackpot-billetter-pa-nettet\/#breadcrumb\"},\"inLanguage\":\"nb-NO\",\"potentialAction\":[{\"@type\":\"ReadAction\",\"target\":[\"https:\/\/onlinelotto365.com\/no\/kjope-billetter\/hvordan-kjope-eurojackpot-billetter-pa-nettet\/\"]}]},{\"@type\":\"ImageObject\",\"inLanguage\":\"nb-NO\",\"@id\":\"https:\/\/onlinelotto365.com\/no\/kjope-billetter\/hvordan-kjope-eurojackpot-billetter-pa-nettet\/#primaryimage\",\"url\":\"https:\/\/redfoxlotto.com\/image?size=8&amp;lottery=eurojackpot\",\"contentUrl\":\"https:\/\/redfoxlotto.com\/image?size=8&amp;lottery=eurojackpot\"},{\"@type\":\"BreadcrumbList\",\"@id\":\"https:\/\/onlinelotto365.com\/no\/kjope-billetter\/hvordan-kjope-eurojackpot-billetter-pa-nettet\/#breadcrumb\",\"itemListElement\":[{\"@type\":\"ListItem\",\"position\":1,\"name\":\"Home\",\"item\":\"https:\/\/onlinelotto365.com\/no\/\"},{\"@type\":\"ListItem\",\"position\":2,\"name\":\"Hvorfor det er mer fornuftig \u00e5 kj\u00f8pe lodd p\u00e5 nettet\",\"item\":\"https:\/\/onlinelotto365.com\/no\/kjope-billetter\/\"},{\"@type\":\"ListItem\",\"position\":3,\"name\":\"Hvordan kj\u00f8pe Eurojackpot-billetter p\u00e5 nettet\"}]},{\"@type\":\"WebSite\",\"@id\":\"https:\/\/onlinelotto365.com\/no\/#website\",\"url\":\"https:\/\/onlinelotto365.com\/no\/\",\"name\":\"OnlineLotto365\",\"description\":\"\",\"potentialAction\":[{\"@type\":\"SearchAction\",\"target\":{\"@type\":\"EntryPoint\",\"urlTemplate\":\"https:\/\/onlinelotto365.com\/no\/?s={search_term_string}\"},\"query-input\":{\"@type\":\"PropertyValueSpecification\",\"valueRequired\":true,\"valueName\":\"search_term_string\"}}],\"inLanguage\":\"nb-NO\"}]}<\/script>\n<!-- \/ Yoast SEO plugin. -->","yoast_head_json":{"title":"Kj\u00f8p billetter til Eurojackpot online fra Norge| Eurojackpot info, hvordan kj\u00f8pe billetter","description":"Bor du i Norge, men \u00f8nsker \u00e5 kj\u00f8pe billetter til Eurojackpot? Kj\u00f8p dem online her!","robots":{"index":"index","follow":"follow","max-snippet":"max-snippet:-1","max-image-preview":"max-image-preview:large","max-video-preview":"max-video-preview:-1"},"canonical":"https:\/\/onlinelotto365.com\/no\/kjope-billetter\/hvordan-kjope-eurojackpot-billetter-pa-nettet\/","og_locale":"nb_NO","og_type":"article","og_title":"Kj\u00f8p billetter til Eurojackpot online fra Norge| Eurojackpot info, hvordan kj\u00f8pe billetter","og_description":"Bor du i Norge, men \u00f8nsker \u00e5 kj\u00f8pe billetter til Eurojackpot? Kj\u00f8p dem online her!","og_url":"https:\/\/onlinelotto365.com\/no\/kjope-billetter\/hvordan-kjope-eurojackpot-billetter-pa-nettet\/","og_site_name":"OnlineLotto365","og_image":[{"url":"https:\/\/redfoxlotto.com\/image?size=8&amp;lottery=eurojackpot"}],"twitter_card":"summary_large_image","twitter_misc":{"Ansl. lesetid":"3 minutter"},"schema":{"@context":"https:\/\/schema.org","@graph":[{"@type":"WebPage","@id":"https:\/\/onlinelotto365.com\/no\/kjope-billetter\/hvordan-kjope-eurojackpot-billetter-pa-nettet\/","url":"https:\/\/onlinelotto365.com\/no\/kjope-billetter\/hvordan-kjope-eurojackpot-billetter-pa-nettet\/","name":"Kj\u00f8p billetter til Eurojackpot online fra Norge| Eurojackpot info, hvordan kj\u00f8pe billetter","isPartOf":{"@id":"https:\/\/onlinelotto365.com\/no\/#website"},"primaryImageOfPage":{"@id":"https:\/\/onlinelotto365.com\/no\/kjope-billetter\/hvordan-kjope-eurojackpot-billetter-pa-nettet\/#primaryimage"},"image":{"@id":"https:\/\/onlinelotto365.com\/no\/kjope-billetter\/hvordan-kjope-eurojackpot-billetter-pa-nettet\/#primaryimage"},"thumbnailUrl":"https:\/\/redfoxlotto.com\/image?size=8&amp;lottery=eurojackpot","datePublished":"2023-09-24T07:37:22+00:00","dateModified":"2023-09-24T07:37:22+00:00","description":"Bor du i Norge, men \u00f8nsker \u00e5 kj\u00f8pe billetter til Eurojackpot? Kj\u00f8p dem online her!","breadcrumb":{"@id":"https:\/\/onlinelotto365.com\/no\/kjope-billetter\/hvordan-kjope-eurojackpot-billetter-pa-nettet\/#breadcrumb"},"inLanguage":"nb-NO","potentialAction":[{"@type":"ReadAction","target":["https:\/\/onlinelotto365.com\/no\/kjope-billetter\/hvordan-kjope-eurojackpot-billetter-pa-nettet\/"]}]},{"@type":"ImageObject","inLanguage":"nb-NO","@id":"https:\/\/onlinelotto365.com\/no\/kjope-billetter\/hvordan-kjope-eurojackpot-billetter-pa-nettet\/#primaryimage","url":"https:\/\/redfoxlotto.com\/image?size=8&amp;lottery=eurojackpot","contentUrl":"https:\/\/redfoxlotto.com\/image?size=8&amp;lottery=eurojackpot"},{"@type":"BreadcrumbList","@id":"https:\/\/onlinelotto365.com\/no\/kjope-billetter\/hvordan-kjope-eurojackpot-billetter-pa-nettet\/#breadcrumb","itemListElement":[{"@type":"ListItem","position":1,"name":"Home","item":"https:\/\/onlinelotto365.com\/no\/"},{"@type":"ListItem","position":2,"name":"Hvorfor det er mer fornuftig \u00e5 kj\u00f8pe lodd p\u00e5 nettet","item":"https:\/\/onlinelotto365.com\/no\/kjope-billetter\/"},{"@type":"ListItem","position":3,"name":"Hvordan kj\u00f8pe Eurojackpot-billetter p\u00e5 nettet"}]},{"@type":"WebSite","@id":"https:\/\/onlinelotto365.com\/no\/#website","url":"https:\/\/onlinelotto365.com\/no\/","name":"OnlineLotto365","description":"","potentialAction":[{"@type":"SearchAction","target":{"@type":"EntryPoint","urlTemplate":"https:\/\/onlinelotto365.com\/no\/?s={search_term_string}"},"query-input":{"@type":"PropertyValueSpecification","valueRequired":true,"valueName":"search_term_string"}}],"inLanguage":"nb-NO"}]}},"_links":{"self":[{"href":"https:\/\/onlinelotto365.com\/no\/wp-json\/wp\/v2\/pages\/84023","targetHints":{"allow":["GET"]}}],"collection":[{"href":"https:\/\/onlinelotto365.com\/no\/wp-json\/wp\/v2\/pages"}],"about":[{"href":"https:\/\/onlinelotto365.com\/no\/wp-json\/wp\/v2\/types\/page"}],"author":[{"embeddable":true,"href":"https:\/\/onlinelotto365.com\/no\/wp-json\/wp\/v2\/users\/1"}],"replies":[{"embeddable":true,"href":"https:\/\/onlinelotto365.com\/no\/wp-json\/wp\/v2\/comments?post=84023"}],"version-history":[{"count":0,"href":"https:\/\/onlinelotto365.com\/no\/wp-json\/wp\/v2\/pages\/84023\/revisions"}],"up":[{"embeddable":true,"href":"https:\/\/onlinelotto365.com\/no\/wp-json\/wp\/v2\/pages\/5668"}],"wp:attachment":[{"href":"https:\/\/onlinelotto365.com\/no\/wp-json\/wp\/v2\/media?parent=84023"}],"curies":[{"name":"wp","href":"https:\/\/api.w.org\/{rel}","templated":true}]}}