{"id":84061,"date":"2023-09-24T16:13:52","date_gmt":"2023-09-24T15:13:52","guid":{"rendered":"https:\/\/onlinelotto365.com\/kjope-billetter\/hvordan-kjope-superenalotto-billetter-online"},"modified":"2023-09-24T16:13:52","modified_gmt":"2023-09-24T15:13:52","slug":"hvordan-kjope-superenalotto-billetter-online","status":"publish","type":"page","link":"https:\/\/onlinelotto365.com\/no\/kjope-billetter\/hvordan-kjope-superenalotto-billetter-online\/","title":{"rendered":"Hvordan kj\u00f8pe Superenalotto-billetter online"},"content":{"rendered":"<p>Er du interessert i \u00e5 kj\u00f8pe Superenalotto-billetter online fra Norge, men er ikke sikker p\u00e5 hvordan du gj\u00f8r det? Vel, da er du p\u00e5 rett sted fordi vi kommer til \u00e5 ta oss av det for deg. Alt du trenger \u00e5 gj\u00f8re er \u00e5 f\u00f8lge de enkle trinnene som vi skal diskutere nedenfor, s\u00e5 f\u00e5r du billettene dine raskt.<\/p>\n<ul>\n<li>Velg lotterispillet du vil kj\u00f8pe lodd til, og velg tallene du vil spille, eller velg hurtigvalgalternativet for \u00e5 la datamaskinen velge for deg.<\/li>\n<li>Legg til flere lodd eller flere lotterier for \u00e5 opprette bestillingen din.<\/li>\n<li>Velg alternativet for \u00e5 betale n\u00e5<\/li>\n<li>Opprett en konto hos oss eller logg inn p\u00e5 kontoen din for \u00e5 kj\u00f8pe loddene dine.<\/li>\n<li>De som m\u00e5 registrere en konto, m\u00e5 se etter en bekreftelseslenke i e-posten for \u00e5 forsikre seg om at kontoen er fullstendig konfigurert.<\/li>\n<p><img decoding=\"async\" class=\"aligncenter\" src=\"https:\/\/redfoxlotto.com\/image?size=8&amp;lottery=superenalotto\" alt=\"superenalotto\" \/><\/p>\n<li>Husk at lenken kan havne i s\u00f8ppelpostmappen din hvis e-postadressen v\u00e5r ikke er lagt til i adresseboken din, s\u00e5 husk \u00e5 dobbeltsjekke.<\/li>\n<li>Velg betalingsikonet \u00f8verst p\u00e5 skjermen.<\/li>\n<li>Velg betalingsm\u00e5te og f\u00f8lg instruksjonene for \u00e5 fullf\u00f8re betalingsprosessen.<\/li>\n<\/ul>\n<p><img loading=\"lazy\" decoding=\"async\" class=\"alignright size-medium wp-image-3615\" src=\"https:\/\/onlinelotto365.com\/wp-content\/uploads\/2020\/11\/online_lottery-52-300x169.jpg\" alt=\"spill superenalotto online Norge\n\" width=\"300\" height=\"169\" srcset=\"https:\/\/onlinelotto365.com\/wp-content\/uploads\/2020\/11\/online_lottery-52-300x169.jpg 300w, https:\/\/onlinelotto365.com\/wp-content\/uploads\/2020\/11\/online_lottery-52.jpg 462w\" sizes=\"auto, (max-width: 300px) 100vw, 300px\" \/><\/p>\n<h2>Slik betaler du for Superenalotto-billetten din online<\/h2>\n<p>Vi gj\u00f8r det s\u00e5 enkelt som mulig \u00e5 betale for Superenalotto-billetten din fra Korea ved \u00e5 tilby et bredt spekter av ulike betalingsm\u00e5ter. Du velger bare den du foretrekker, s\u00e5 er du i gang p\u00e5 kort tid.<\/p>\n<h5>N\u00e5r du er klar til \u00e5 kj\u00f8pe billettene dine p\u00e5 nettet, trenger du bare \u00e5 velge mellom:<\/h5>\n<ul>\n<li>Bruke en foretrukket betalingsm\u00e5te for \u00e5 betale for billettene direkte.<\/li>\n<li>Sette inn penger p\u00e5 kontoen din og bruke disse pengene til \u00e5 kj\u00f8pe billetter.<\/li>\n<\/ul>\n<p>Bare s\u00f8rg for at du setter inn mer enn det bel\u00f8pet du trenger for billettene p\u00e5 kontoen din hvis du velger \u00e5 betale p\u00e5 denne m\u00e5ten.<\/p>\n<h2>Mer informasjon om Superenalotto<\/h2>\n<ul>\n<li>Land: Italia<\/li>\n<li>Hovednummer rekkevidde: 90<\/li>\n<li>Du velger: 6<\/li>\n<li>Trekningsdager, timer: Tirsdag, torsdag, l\u00f8rdag, 19:00 GMT, 21:00 CET<\/li>\n<li>Minimum jackpot: \u20ac 2 millioner<\/li>\n<li>Maksimal jackpot: ingen<\/li>\n<li>Sannsynlighet for \u00e5 vinne jackpotten: 1 i 622614630<\/li>\n<li>Sannsynligheten for \u00e5 vinne p\u00e5 niv\u00e5 2: 1 i 103769105<\/li>\n<li>Sannsynlighet for \u00e5 vinne i et hvilket som helst niv\u00e5: 1 i 20,58<\/li>\n<li>Antall premieniv\u00e5er: 6<\/li>\n<\/ul>\n<h2>Fordeler med \u00e5 kj\u00f8pe Superenalotto-billetter online<\/h2>\n<ul>\n<li>Du kan kj\u00f8pe lodd der du f\u00f8ler deg mest komfortabel, ogs\u00e5 i Norge.<\/li>\n<li>Velg mellom flere forskjellige lotterier<\/li>\n<li>F\u00e5 de beste vinnersjansene i de lotteriene som har de st\u00f8rste jackpottene<\/li>\n<li>Sett inn penger p\u00e5 kontoen din for \u00e5 betale direkte for loddene dine<\/li>\n<li>Ingen bekymringer for \u00e5 miste loddet ditt<\/li>\n<li>\u00d8yeblikkelige varsler n\u00e5r du vinner<\/li>\n<li>Tilfeldig tallgenerator for hurtigvalg av lodd<\/li>\n<\/ul>\n<h2>Er det lovlig \u00e5 kj\u00f8pe Superenalotto-billetter online?<\/h2>\n<p>Hva om du er bekymret for lovligheten av \u00e5 kj\u00f8pe lottokuponger p\u00e5 nettet? Eller til og med p\u00e5 en tradisjonell m\u00e5te? Hvis landet du bor i har strenge lover, kan du v\u00e6re bekymret, men det trenger du ikke v\u00e6re. Det er fordi tjenesten v\u00e5r f\u00f8lger regelverket og s\u00f8rger for at du f\u00e5r gevinsten din, uansett hvor mye du vinner eller hvor du bor. Du m\u00e5 bare v\u00e6re 18 \u00e5r for \u00e5 bruke tjenesten.<\/p>\n<h2>Hvordan f\u00e5r jeg betalt hvis jeg vinner i Superenalotto p\u00e5 nett?<\/h2>\n<p>Hvis du vinner, er betalingsprosessen enkel fordi du trenger \u00e5 gj\u00f8re veldig lite. Og du trenger heller ikke \u00e5 bekymre deg for \u00e5 miste noen av gevinstene dine. Vi tar ingen provisjon n\u00e5r du vinner, og vi tar ingen gebyrer med mindre du velger \u00e5 gjennomf\u00f8re en bankoverf\u00f8ring. I s\u00e5 fall, hvis banken krever gebyrer for overf\u00f8ringen, viderefakturerer vi disse gebyrene, og det kan hende at et lite bel\u00f8p trekkes fra gevinsten din.<\/p>\n<h2>Ellers er det to ting du b\u00f8r vite:<\/h2>\n<ul>\n<li>Gevinstbel\u00f8p under 2 500 kr settes umiddelbart inn p\u00e5 spillerkontoen din, slik at du kan bruke dem som du vil.<\/li>\n<li>Bel\u00f8p som er over 2 500 kr krever et ekstra trinn. Du vil bli kontaktet av kundest\u00f8tte med et skjema du m\u00e5 fylle ut for lotterikommisjonen. Skjemaet inneholder opplysninger om hvordan du vil at utbetalingene skal skje, og du kan f\u00e5 en bankoverf\u00f8ring eller en sjekk p\u00e5 bel\u00f8pet du har vunnet.<\/li>\n<\/ul>\n","protected":false},"excerpt":{"rendered":"<p>Er du interessert i \u00e5 kj\u00f8pe Superenalotto-billetter online fra Norge, men er ikke sikker p\u00e5 hvordan du gj\u00f8r det? Vel, da er du p\u00e5 rett sted fordi vi kommer til \u00e5 ta oss av det for deg. Alt du trenger \u00e5 gj\u00f8re er \u00e5 f\u00f8lge de enkle trinnene som vi skal diskutere nedenfor, s\u00e5 f\u00e5r [&hellip;]<\/p>\n","protected":false},"author":1,"featured_media":0,"parent":5668,"menu_order":5,"comment_status":"closed","ping_status":"closed","template":"superenalotto-info.php","meta":{"_et_pb_use_builder":"","_et_pb_old_content":"","_et_gb_content_width":"","exclude_from_search":false,"footnotes":""},"class_list":["post-84061","page","type-page","status-publish","hentry"],"yoast_head":"<!-- This site is optimized with the Yoast SEO plugin v23.4 - https:\/\/yoast.com\/wordpress\/plugins\/seo\/ -->\n<title>Om \u00e5 kj\u00f8pe billetter til Superenalotto online fra Norge<\/title>\n<meta name=\"description\" content=\"Om \u00e5 kj\u00f8pe billetter til Superenalotto online fra Norge\" \/>\n<meta name=\"robots\" content=\"index, follow, max-snippet:-1, max-image-preview:large, max-video-preview:-1\" \/>\n<link rel=\"canonical\" href=\"https:\/\/onlinelotto365.com\/no\/kjope-billetter\/hvordan-kjope-superenalotto-billetter-online\/\" \/>\n<meta property=\"og:locale\" content=\"nb_NO\" \/>\n<meta property=\"og:type\" content=\"article\" \/>\n<meta property=\"og:title\" content=\"Om \u00e5 kj\u00f8pe billetter til Superenalotto online fra Norge\" \/>\n<meta property=\"og:description\" content=\"Om \u00e5 kj\u00f8pe billetter til Superenalotto online fra Norge\" \/>\n<meta property=\"og:url\" content=\"https:\/\/onlinelotto365.com\/no\/kjope-billetter\/hvordan-kjope-superenalotto-billetter-online\/\" \/>\n<meta property=\"og:site_name\" content=\"OnlineLotto365\" \/>\n<meta property=\"og:image\" content=\"https:\/\/redfoxlotto.com\/image?size=8&amp;lottery=superenalotto\" \/>\n<meta name=\"twitter:card\" content=\"summary_large_image\" \/>\n<meta name=\"twitter:label1\" content=\"Ansl. lesetid\" \/>\n\t<meta name=\"twitter:data1\" content=\"3 minutter\" \/>\n<script type=\"application\/ld+json\" class=\"yoast-schema-graph\">{\"@context\":\"https:\/\/schema.org\",\"@graph\":[{\"@type\":\"WebPage\",\"@id\":\"https:\/\/onlinelotto365.com\/no\/kjope-billetter\/hvordan-kjope-superenalotto-billetter-online\/\",\"url\":\"https:\/\/onlinelotto365.com\/no\/kjope-billetter\/hvordan-kjope-superenalotto-billetter-online\/\",\"name\":\"Om \u00e5 kj\u00f8pe billetter til Superenalotto online fra Norge\",\"isPartOf\":{\"@id\":\"https:\/\/onlinelotto365.com\/no\/#website\"},\"primaryImageOfPage\":{\"@id\":\"https:\/\/onlinelotto365.com\/no\/kjope-billetter\/hvordan-kjope-superenalotto-billetter-online\/#primaryimage\"},\"image\":{\"@id\":\"https:\/\/onlinelotto365.com\/no\/kjope-billetter\/hvordan-kjope-superenalotto-billetter-online\/#primaryimage\"},\"thumbnailUrl\":\"https:\/\/redfoxlotto.com\/image?size=8&amp;lottery=superenalotto\",\"datePublished\":\"2023-09-24T15:13:52+00:00\",\"dateModified\":\"2023-09-24T15:13:52+00:00\",\"description\":\"Om \u00e5 kj\u00f8pe billetter til Superenalotto online fra Norge\",\"breadcrumb\":{\"@id\":\"https:\/\/onlinelotto365.com\/no\/kjope-billetter\/hvordan-kjope-superenalotto-billetter-online\/#breadcrumb\"},\"inLanguage\":\"nb-NO\",\"potentialAction\":[{\"@type\":\"ReadAction\",\"target\":[\"https:\/\/onlinelotto365.com\/no\/kjope-billetter\/hvordan-kjope-superenalotto-billetter-online\/\"]}]},{\"@type\":\"ImageObject\",\"inLanguage\":\"nb-NO\",\"@id\":\"https:\/\/onlinelotto365.com\/no\/kjope-billetter\/hvordan-kjope-superenalotto-billetter-online\/#primaryimage\",\"url\":\"https:\/\/redfoxlotto.com\/image?size=8&amp;lottery=superenalotto\",\"contentUrl\":\"https:\/\/redfoxlotto.com\/image?size=8&amp;lottery=superenalotto\"},{\"@type\":\"BreadcrumbList\",\"@id\":\"https:\/\/onlinelotto365.com\/no\/kjope-billetter\/hvordan-kjope-superenalotto-billetter-online\/#breadcrumb\",\"itemListElement\":[{\"@type\":\"ListItem\",\"position\":1,\"name\":\"Home\",\"item\":\"https:\/\/onlinelotto365.com\/no\/\"},{\"@type\":\"ListItem\",\"position\":2,\"name\":\"Hvorfor det er mer fornuftig \u00e5 kj\u00f8pe lodd p\u00e5 nettet\",\"item\":\"https:\/\/onlinelotto365.com\/no\/kjope-billetter\/\"},{\"@type\":\"ListItem\",\"position\":3,\"name\":\"Hvordan kj\u00f8pe Superenalotto-billetter online\"}]},{\"@type\":\"WebSite\",\"@id\":\"https:\/\/onlinelotto365.com\/no\/#website\",\"url\":\"https:\/\/onlinelotto365.com\/no\/\",\"name\":\"OnlineLotto365\",\"description\":\"\",\"potentialAction\":[{\"@type\":\"SearchAction\",\"target\":{\"@type\":\"EntryPoint\",\"urlTemplate\":\"https:\/\/onlinelotto365.com\/no\/?s={search_term_string}\"},\"query-input\":{\"@type\":\"PropertyValueSpecification\",\"valueRequired\":true,\"valueName\":\"search_term_string\"}}],\"inLanguage\":\"nb-NO\"}]}<\/script>\n<!-- \/ Yoast SEO plugin. -->","yoast_head_json":{"title":"Om \u00e5 kj\u00f8pe billetter til Superenalotto online fra Norge","description":"Om \u00e5 kj\u00f8pe billetter til Superenalotto online fra Norge","robots":{"index":"index","follow":"follow","max-snippet":"max-snippet:-1","max-image-preview":"max-image-preview:large","max-video-preview":"max-video-preview:-1"},"canonical":"https:\/\/onlinelotto365.com\/no\/kjope-billetter\/hvordan-kjope-superenalotto-billetter-online\/","og_locale":"nb_NO","og_type":"article","og_title":"Om \u00e5 kj\u00f8pe billetter til Superenalotto online fra Norge","og_description":"Om \u00e5 kj\u00f8pe billetter til Superenalotto online fra Norge","og_url":"https:\/\/onlinelotto365.com\/no\/kjope-billetter\/hvordan-kjope-superenalotto-billetter-online\/","og_site_name":"OnlineLotto365","og_image":[{"url":"https:\/\/redfoxlotto.com\/image?size=8&amp;lottery=superenalotto"}],"twitter_card":"summary_large_image","twitter_misc":{"Ansl. lesetid":"3 minutter"},"schema":{"@context":"https:\/\/schema.org","@graph":[{"@type":"WebPage","@id":"https:\/\/onlinelotto365.com\/no\/kjope-billetter\/hvordan-kjope-superenalotto-billetter-online\/","url":"https:\/\/onlinelotto365.com\/no\/kjope-billetter\/hvordan-kjope-superenalotto-billetter-online\/","name":"Om \u00e5 kj\u00f8pe billetter til Superenalotto online fra Norge","isPartOf":{"@id":"https:\/\/onlinelotto365.com\/no\/#website"},"primaryImageOfPage":{"@id":"https:\/\/onlinelotto365.com\/no\/kjope-billetter\/hvordan-kjope-superenalotto-billetter-online\/#primaryimage"},"image":{"@id":"https:\/\/onlinelotto365.com\/no\/kjope-billetter\/hvordan-kjope-superenalotto-billetter-online\/#primaryimage"},"thumbnailUrl":"https:\/\/redfoxlotto.com\/image?size=8&amp;lottery=superenalotto","datePublished":"2023-09-24T15:13:52+00:00","dateModified":"2023-09-24T15:13:52+00:00","description":"Om \u00e5 kj\u00f8pe billetter til Superenalotto online fra Norge","breadcrumb":{"@id":"https:\/\/onlinelotto365.com\/no\/kjope-billetter\/hvordan-kjope-superenalotto-billetter-online\/#breadcrumb"},"inLanguage":"nb-NO","potentialAction":[{"@type":"ReadAction","target":["https:\/\/onlinelotto365.com\/no\/kjope-billetter\/hvordan-kjope-superenalotto-billetter-online\/"]}]},{"@type":"ImageObject","inLanguage":"nb-NO","@id":"https:\/\/onlinelotto365.com\/no\/kjope-billetter\/hvordan-kjope-superenalotto-billetter-online\/#primaryimage","url":"https:\/\/redfoxlotto.com\/image?size=8&amp;lottery=superenalotto","contentUrl":"https:\/\/redfoxlotto.com\/image?size=8&amp;lottery=superenalotto"},{"@type":"BreadcrumbList","@id":"https:\/\/onlinelotto365.com\/no\/kjope-billetter\/hvordan-kjope-superenalotto-billetter-online\/#breadcrumb","itemListElement":[{"@type":"ListItem","position":1,"name":"Home","item":"https:\/\/onlinelotto365.com\/no\/"},{"@type":"ListItem","position":2,"name":"Hvorfor det er mer fornuftig \u00e5 kj\u00f8pe lodd p\u00e5 nettet","item":"https:\/\/onlinelotto365.com\/no\/kjope-billetter\/"},{"@type":"ListItem","position":3,"name":"Hvordan kj\u00f8pe Superenalotto-billetter online"}]},{"@type":"WebSite","@id":"https:\/\/onlinelotto365.com\/no\/#website","url":"https:\/\/onlinelotto365.com\/no\/","name":"OnlineLotto365","description":"","potentialAction":[{"@type":"SearchAction","target":{"@type":"EntryPoint","urlTemplate":"https:\/\/onlinelotto365.com\/no\/?s={search_term_string}"},"query-input":{"@type":"PropertyValueSpecification","valueRequired":true,"valueName":"search_term_string"}}],"inLanguage":"nb-NO"}]}},"_links":{"self":[{"href":"https:\/\/onlinelotto365.com\/no\/wp-json\/wp\/v2\/pages\/84061","targetHints":{"allow":["GET"]}}],"collection":[{"href":"https:\/\/onlinelotto365.com\/no\/wp-json\/wp\/v2\/pages"}],"about":[{"href":"https:\/\/onlinelotto365.com\/no\/wp-json\/wp\/v2\/types\/page"}],"author":[{"embeddable":true,"href":"https:\/\/onlinelotto365.com\/no\/wp-json\/wp\/v2\/users\/1"}],"replies":[{"embeddable":true,"href":"https:\/\/onlinelotto365.com\/no\/wp-json\/wp\/v2\/comments?post=84061"}],"version-history":[{"count":0,"href":"https:\/\/onlinelotto365.com\/no\/wp-json\/wp\/v2\/pages\/84061\/revisions"}],"up":[{"embeddable":true,"href":"https:\/\/onlinelotto365.com\/no\/wp-json\/wp\/v2\/pages\/5668"}],"wp:attachment":[{"href":"https:\/\/onlinelotto365.com\/no\/wp-json\/wp\/v2\/media?parent=84061"}],"curies":[{"name":"wp","href":"https:\/\/api.w.org\/{rel}","templated":true}]}}