{"id":84077,"date":"2023-09-25T07:42:23","date_gmt":"2023-09-25T06:42:23","guid":{"rendered":"https:\/\/onlinelotto365.com\/kjope-billetter\/hvordan-kjope-el-gordo-billetter-onlinehvordan-kjope-el-gordo-billetter-online"},"modified":"2023-09-25T07:42:23","modified_gmt":"2023-09-25T06:42:23","slug":"hvordan-kjope-el-gordo-billetter-onlinehvordan-kjope-el-gordo-billetter-online","status":"publish","type":"page","link":"https:\/\/onlinelotto365.com\/no\/kjope-billetter\/hvordan-kjope-el-gordo-billetter-onlinehvordan-kjope-el-gordo-billetter-online\/","title":{"rendered":"Hvordan kj\u00f8pe El Gordo-billetter onlineHvordan kj\u00f8pe El Gordo-billetter online"},"content":{"rendered":"<p>Er du nysgjerrig p\u00e5 \u00e5 kj\u00f8pe El Gordo-billetter online, mens du bor i Norge? I s\u00e5 fall vil du ikke g\u00e5 glipp av denne artikkelen, for vi kommer til \u00e5 lede deg rett gjennom prosessen slik at du kan f\u00e5 billettene du \u00f8nsker uten problemer, og uten \u00e5 m\u00e5tte reise til et land som normalt spiller dette spillet heller.<\/p>\n<ul>\n<li>Sjekk ut hovedsiden til lotteriet du vil spille, og velg tallene du vil ha p\u00e5 billettene dine<\/li>\n<li>Legg til enda flere lodd til samme spill eller til andre spill du vil spille, slik at du har en full bestilling.<\/li>\n<p><img decoding=\"async\" class=\"aligncenter\" src=\"https:\/\/redfoxlotto.com\/image?size=8&amp;lottery=el-gordo-primitiva\" alt=\"el gordo\" \/><\/p>\n<li>Velg alternativet for \u00e5 betale n\u00e5<\/li>\n<li>G\u00e5 gjennom registreringsprosessen for kontoen din hvis du aldri har kj\u00f8pt fra oss f\u00f8r, eller logg inn p\u00e5 din eksisterende konto hvis du allerede har en.<\/li>\n<li>Sjekk e-posten din for en bekreftelseskobling for kontoer som trenger bekreftelse og registrering.<\/li>\n<li>Hvis e-posten ikke dukker opp i innboksen din, m\u00e5 du sjekke s\u00f8ppelpostmappen for \u00e5 forsikre deg om at den ikke har havnet der.<br \/>\nKlikk p\u00e5 handlekurven for \u00e5 betale for bestillingen.<\/li>\n<li>Velg betalingsalternativet du vil bruke, og f\u00f8lg betalingsinstruksjonene.<\/li>\n<li>Slik betaler du for din El Gordo-billett online<\/li>\n<\/ul>\n<p>Det er enkelt og raskt \u00e5 betale for billettene dine, fordi vi \u00f8nsker \u00e5 sikre at v\u00e5re kunder fra Norge kan velge de billettene de vil ha n\u00e5r de vil ha dem.<br \/>\nDu kan velge \u00e5 betale for billettene dine ved \u00e5 gj\u00f8re ett av f\u00f8lgende:<\/p>\n<ul>\n<li>Angi en betalingsm\u00e5te for \u00e5 foreta et direkte kj\u00f8p<\/li>\n<li>Legg til penger p\u00e5 kontoen din for \u00e5 betale direkte derfra.<\/li>\n<\/ul>\n<p>S\u00f8rg for at du legger til mer enn nok penger p\u00e5 spillerkontoen din hvis du planlegger \u00e5 kj\u00f8pe direkte herfra.<\/p>\n<h2>Mer informasjon om El Gordo<\/h2>\n<p><img loading=\"lazy\" decoding=\"async\" class=\"alignright wp-image-3585\" src=\"https:\/\/onlinelotto365.com\/wp-content\/uploads\/2020\/11\/online_lottery-106.jpg\" alt=\"spill el gordo online Norge\" width=\"282\" height=\"169\" \/><\/p>\n<ul>\n<li>Land: Spania<\/li>\n<li>Hovednummeromr\u00e5de: 54<\/li>\n<li>Du velger: 5<\/li>\n<li>Ekstra nummerserie: ingen<\/li>\n<li>Du velger: ingen<\/li>\n<li>Trekningsdager, timer: S\u00f8ndag, 21:30 CET, 21:30 CET<\/li>\n<li>Minimum jackpot: \u20ac 4 millioner<\/li>\n<li>Maksimal jackpot: ingen<\/li>\n<li>Sannsynlighet for \u00e5 vinne jackpotten: 1 i 31625100<\/li>\n<li>Sannsynligheten for \u00e5 vinne p\u00e5 niv\u00e5 2: 1 av 3513900<\/li>\n<li>Sannsynlighet for \u00e5 vinne i et hvilket som helst niv\u00e5: 1 i 6,16<\/li>\n<li>Antall premieniv\u00e5er: 9<\/li>\n<\/ul>\n<h2>Fordeler med \u00e5 kj\u00f8pe El Gordo-billetter online<\/h2>\n<ul>\n<li>F\u00e5 billettene du \u00f8nsker uten \u00e5 forlate hjemmet<\/li>\n<li>Velg mellom enda flere lotterispill<\/li>\n<li>F\u00e5 enda bedre odds for \u00e5 vinne ved \u00e5 velge lotterispill med de beste jackpottene<\/li>\n<li>Legg til penger p\u00e5 kontoen din og betal for loddene med lottosaldoen din<\/li>\n<li>Hold enkelt oversikt over loddene dine<\/li>\n<li>F\u00e5 \u00f8yeblikkelig beskjed om vinnende lodd<\/li>\n<li>La datamaskinen velge loddnumrene du bruker<\/li>\n<li>Er det lovlig \u00e5 kj\u00f8pe El Gordo-lodd p\u00e5 nettet?<\/li>\n<\/ul>\n<p>Du trenger ikke \u00e5 bekymre deg for om det er lovlig for deg \u00e5 kj\u00f8pe El Gordo-lodd p\u00e5 nett eller p\u00e5 tradisjonell m\u00e5te i Norge. Systemet v\u00e5rt gj\u00f8r alt lovlig og i henhold til regelverket. For ikke \u00e5 nevne at du kommer til \u00e5 f\u00e5 betalingen og gevinsten din, uansett hva. Vi s\u00f8rger for at de blir overf\u00f8rt til kontoen din s\u00e5 raskt som mulig.<br \/>\nAlt du trenger \u00e5 gj\u00f8re er \u00e5 v\u00e6re 18 \u00e5r for \u00e5 bruke nettstedet v\u00e5rt.<\/p>\n<h2>Hvordan f\u00e5r jeg betalt hvis jeg vinner El Gordo p\u00e5 nettet?<\/h2>\n<p>Vi vet at det \u00e5 f\u00e5 betalt er ekstremt viktig for deg, og derfor legger vi mye tid og krefter i denne prosessen. Vi s\u00f8rger for at du f\u00e5r alle gevinstene dine uten gebyrer eller provisjon til oss selv. Den eneste gangen du betaler noe til oss, er hvis du velger bankoverf\u00f8ring som betalingsm\u00e5te. I noen omr\u00e5der kan dette kreve et gebyr fra banken for overf\u00f8ring til Norge, og vi vil ogs\u00e5 overf\u00f8re dette gebyret til deg.<\/p>\n<h2>Ellers skjer betalingen p\u00e5 \u00e9n av to m\u00e5ter:<\/h2>\n<ul>\n<li>Hvis du vinner mindre enn 2 500 euro, setter vi dem automatisk inn p\u00e5 kontoen din, slik at du ikke trenger \u00e5 gj\u00f8re noe mer.<\/li>\n<li>Hvis du vinner mer enn 2 500 kr, m\u00e5 du vente p\u00e5 en e-post fra kundest\u00f8tteteamet v\u00e5rt, slik at du kan fylle ut kravskjemaet. Dette vil gj\u00f8re det mulig for deg \u00e5 f\u00e5 gevinsten din satt inn direkte via bankoverf\u00f8ring eller via en sjekk som sendes til deg.<\/li>\n<\/ul>\n","protected":false},"excerpt":{"rendered":"<p>Er du nysgjerrig p\u00e5 \u00e5 kj\u00f8pe El Gordo-billetter online, mens du bor i Norge? I s\u00e5 fall vil du ikke g\u00e5 glipp av denne artikkelen, for vi kommer til \u00e5 lede deg rett gjennom prosessen slik at du kan f\u00e5 billettene du \u00f8nsker uten problemer, og uten \u00e5 m\u00e5tte reise til et land som normalt [&hellip;]<\/p>\n","protected":false},"author":1,"featured_media":0,"parent":5668,"menu_order":6,"comment_status":"closed","ping_status":"closed","template":"el-gordo-info.php","meta":{"_et_pb_use_builder":"","_et_pb_old_content":"","_et_gb_content_width":"","exclude_from_search":false,"footnotes":""},"class_list":["post-84077","page","type-page","status-publish","hentry"],"yoast_head":"<!-- This site is optimized with the Yoast SEO plugin v23.4 - https:\/\/yoast.com\/wordpress\/plugins\/seo\/ -->\n<title>El Gordo fra Norge - hvordan kj\u00f8pe billetter online<\/title>\n<meta name=\"description\" content=\"Dette spanske lotteriet er n\u00e5 tilgjengelig fra Norge - kj\u00f8p billetter online\" \/>\n<meta name=\"robots\" content=\"index, follow, max-snippet:-1, max-image-preview:large, max-video-preview:-1\" \/>\n<link rel=\"canonical\" href=\"https:\/\/onlinelotto365.com\/no\/kjope-billetter\/hvordan-kjope-el-gordo-billetter-onlinehvordan-kjope-el-gordo-billetter-online\/\" \/>\n<meta property=\"og:locale\" content=\"nb_NO\" \/>\n<meta property=\"og:type\" content=\"article\" \/>\n<meta property=\"og:title\" content=\"El Gordo fra Norge - hvordan kj\u00f8pe billetter online\" \/>\n<meta property=\"og:description\" content=\"Dette spanske lotteriet er n\u00e5 tilgjengelig fra Norge - kj\u00f8p billetter online\" \/>\n<meta property=\"og:url\" content=\"https:\/\/onlinelotto365.com\/no\/kjope-billetter\/hvordan-kjope-el-gordo-billetter-onlinehvordan-kjope-el-gordo-billetter-online\/\" \/>\n<meta property=\"og:site_name\" content=\"OnlineLotto365\" \/>\n<meta property=\"og:image\" content=\"https:\/\/redfoxlotto.com\/image?size=8&amp;lottery=el-gordo-primitiva\" \/>\n<meta name=\"twitter:card\" content=\"summary_large_image\" \/>\n<meta name=\"twitter:label1\" content=\"Ansl. lesetid\" \/>\n\t<meta name=\"twitter:data1\" content=\"3 minutter\" \/>\n<script type=\"application\/ld+json\" class=\"yoast-schema-graph\">{\"@context\":\"https:\/\/schema.org\",\"@graph\":[{\"@type\":\"WebPage\",\"@id\":\"https:\/\/onlinelotto365.com\/no\/kjope-billetter\/hvordan-kjope-el-gordo-billetter-onlinehvordan-kjope-el-gordo-billetter-online\/\",\"url\":\"https:\/\/onlinelotto365.com\/no\/kjope-billetter\/hvordan-kjope-el-gordo-billetter-onlinehvordan-kjope-el-gordo-billetter-online\/\",\"name\":\"El Gordo fra Norge - hvordan kj\u00f8pe billetter online\",\"isPartOf\":{\"@id\":\"https:\/\/onlinelotto365.com\/no\/#website\"},\"primaryImageOfPage\":{\"@id\":\"https:\/\/onlinelotto365.com\/no\/kjope-billetter\/hvordan-kjope-el-gordo-billetter-onlinehvordan-kjope-el-gordo-billetter-online\/#primaryimage\"},\"image\":{\"@id\":\"https:\/\/onlinelotto365.com\/no\/kjope-billetter\/hvordan-kjope-el-gordo-billetter-onlinehvordan-kjope-el-gordo-billetter-online\/#primaryimage\"},\"thumbnailUrl\":\"https:\/\/redfoxlotto.com\/image?size=8&amp;lottery=el-gordo-primitiva\",\"datePublished\":\"2023-09-25T06:42:23+00:00\",\"dateModified\":\"2023-09-25T06:42:23+00:00\",\"description\":\"Dette spanske lotteriet er n\u00e5 tilgjengelig fra Norge - kj\u00f8p billetter online\",\"breadcrumb\":{\"@id\":\"https:\/\/onlinelotto365.com\/no\/kjope-billetter\/hvordan-kjope-el-gordo-billetter-onlinehvordan-kjope-el-gordo-billetter-online\/#breadcrumb\"},\"inLanguage\":\"nb-NO\",\"potentialAction\":[{\"@type\":\"ReadAction\",\"target\":[\"https:\/\/onlinelotto365.com\/no\/kjope-billetter\/hvordan-kjope-el-gordo-billetter-onlinehvordan-kjope-el-gordo-billetter-online\/\"]}]},{\"@type\":\"ImageObject\",\"inLanguage\":\"nb-NO\",\"@id\":\"https:\/\/onlinelotto365.com\/no\/kjope-billetter\/hvordan-kjope-el-gordo-billetter-onlinehvordan-kjope-el-gordo-billetter-online\/#primaryimage\",\"url\":\"https:\/\/redfoxlotto.com\/image?size=8&amp;lottery=el-gordo-primitiva\",\"contentUrl\":\"https:\/\/redfoxlotto.com\/image?size=8&amp;lottery=el-gordo-primitiva\"},{\"@type\":\"BreadcrumbList\",\"@id\":\"https:\/\/onlinelotto365.com\/no\/kjope-billetter\/hvordan-kjope-el-gordo-billetter-onlinehvordan-kjope-el-gordo-billetter-online\/#breadcrumb\",\"itemListElement\":[{\"@type\":\"ListItem\",\"position\":1,\"name\":\"Home\",\"item\":\"https:\/\/onlinelotto365.com\/no\/\"},{\"@type\":\"ListItem\",\"position\":2,\"name\":\"Hvorfor det er mer fornuftig \u00e5 kj\u00f8pe lodd p\u00e5 nettet\",\"item\":\"https:\/\/onlinelotto365.com\/no\/kjope-billetter\/\"},{\"@type\":\"ListItem\",\"position\":3,\"name\":\"Hvordan kj\u00f8pe El Gordo-billetter onlineHvordan kj\u00f8pe El Gordo-billetter online\"}]},{\"@type\":\"WebSite\",\"@id\":\"https:\/\/onlinelotto365.com\/no\/#website\",\"url\":\"https:\/\/onlinelotto365.com\/no\/\",\"name\":\"OnlineLotto365\",\"description\":\"\",\"potentialAction\":[{\"@type\":\"SearchAction\",\"target\":{\"@type\":\"EntryPoint\",\"urlTemplate\":\"https:\/\/onlinelotto365.com\/no\/?s={search_term_string}\"},\"query-input\":{\"@type\":\"PropertyValueSpecification\",\"valueRequired\":true,\"valueName\":\"search_term_string\"}}],\"inLanguage\":\"nb-NO\"}]}<\/script>\n<!-- \/ Yoast SEO plugin. -->","yoast_head_json":{"title":"El Gordo fra Norge - hvordan kj\u00f8pe billetter online","description":"Dette spanske lotteriet er n\u00e5 tilgjengelig fra Norge - kj\u00f8p billetter online","robots":{"index":"index","follow":"follow","max-snippet":"max-snippet:-1","max-image-preview":"max-image-preview:large","max-video-preview":"max-video-preview:-1"},"canonical":"https:\/\/onlinelotto365.com\/no\/kjope-billetter\/hvordan-kjope-el-gordo-billetter-onlinehvordan-kjope-el-gordo-billetter-online\/","og_locale":"nb_NO","og_type":"article","og_title":"El Gordo fra Norge - hvordan kj\u00f8pe billetter online","og_description":"Dette spanske lotteriet er n\u00e5 tilgjengelig fra Norge - kj\u00f8p billetter online","og_url":"https:\/\/onlinelotto365.com\/no\/kjope-billetter\/hvordan-kjope-el-gordo-billetter-onlinehvordan-kjope-el-gordo-billetter-online\/","og_site_name":"OnlineLotto365","og_image":[{"url":"https:\/\/redfoxlotto.com\/image?size=8&amp;lottery=el-gordo-primitiva"}],"twitter_card":"summary_large_image","twitter_misc":{"Ansl. lesetid":"3 minutter"},"schema":{"@context":"https:\/\/schema.org","@graph":[{"@type":"WebPage","@id":"https:\/\/onlinelotto365.com\/no\/kjope-billetter\/hvordan-kjope-el-gordo-billetter-onlinehvordan-kjope-el-gordo-billetter-online\/","url":"https:\/\/onlinelotto365.com\/no\/kjope-billetter\/hvordan-kjope-el-gordo-billetter-onlinehvordan-kjope-el-gordo-billetter-online\/","name":"El Gordo fra Norge - hvordan kj\u00f8pe billetter online","isPartOf":{"@id":"https:\/\/onlinelotto365.com\/no\/#website"},"primaryImageOfPage":{"@id":"https:\/\/onlinelotto365.com\/no\/kjope-billetter\/hvordan-kjope-el-gordo-billetter-onlinehvordan-kjope-el-gordo-billetter-online\/#primaryimage"},"image":{"@id":"https:\/\/onlinelotto365.com\/no\/kjope-billetter\/hvordan-kjope-el-gordo-billetter-onlinehvordan-kjope-el-gordo-billetter-online\/#primaryimage"},"thumbnailUrl":"https:\/\/redfoxlotto.com\/image?size=8&amp;lottery=el-gordo-primitiva","datePublished":"2023-09-25T06:42:23+00:00","dateModified":"2023-09-25T06:42:23+00:00","description":"Dette spanske lotteriet er n\u00e5 tilgjengelig fra Norge - kj\u00f8p billetter online","breadcrumb":{"@id":"https:\/\/onlinelotto365.com\/no\/kjope-billetter\/hvordan-kjope-el-gordo-billetter-onlinehvordan-kjope-el-gordo-billetter-online\/#breadcrumb"},"inLanguage":"nb-NO","potentialAction":[{"@type":"ReadAction","target":["https:\/\/onlinelotto365.com\/no\/kjope-billetter\/hvordan-kjope-el-gordo-billetter-onlinehvordan-kjope-el-gordo-billetter-online\/"]}]},{"@type":"ImageObject","inLanguage":"nb-NO","@id":"https:\/\/onlinelotto365.com\/no\/kjope-billetter\/hvordan-kjope-el-gordo-billetter-onlinehvordan-kjope-el-gordo-billetter-online\/#primaryimage","url":"https:\/\/redfoxlotto.com\/image?size=8&amp;lottery=el-gordo-primitiva","contentUrl":"https:\/\/redfoxlotto.com\/image?size=8&amp;lottery=el-gordo-primitiva"},{"@type":"BreadcrumbList","@id":"https:\/\/onlinelotto365.com\/no\/kjope-billetter\/hvordan-kjope-el-gordo-billetter-onlinehvordan-kjope-el-gordo-billetter-online\/#breadcrumb","itemListElement":[{"@type":"ListItem","position":1,"name":"Home","item":"https:\/\/onlinelotto365.com\/no\/"},{"@type":"ListItem","position":2,"name":"Hvorfor det er mer fornuftig \u00e5 kj\u00f8pe lodd p\u00e5 nettet","item":"https:\/\/onlinelotto365.com\/no\/kjope-billetter\/"},{"@type":"ListItem","position":3,"name":"Hvordan kj\u00f8pe El Gordo-billetter onlineHvordan kj\u00f8pe El Gordo-billetter online"}]},{"@type":"WebSite","@id":"https:\/\/onlinelotto365.com\/no\/#website","url":"https:\/\/onlinelotto365.com\/no\/","name":"OnlineLotto365","description":"","potentialAction":[{"@type":"SearchAction","target":{"@type":"EntryPoint","urlTemplate":"https:\/\/onlinelotto365.com\/no\/?s={search_term_string}"},"query-input":{"@type":"PropertyValueSpecification","valueRequired":true,"valueName":"search_term_string"}}],"inLanguage":"nb-NO"}]}},"_links":{"self":[{"href":"https:\/\/onlinelotto365.com\/no\/wp-json\/wp\/v2\/pages\/84077","targetHints":{"allow":["GET"]}}],"collection":[{"href":"https:\/\/onlinelotto365.com\/no\/wp-json\/wp\/v2\/pages"}],"about":[{"href":"https:\/\/onlinelotto365.com\/no\/wp-json\/wp\/v2\/types\/page"}],"author":[{"embeddable":true,"href":"https:\/\/onlinelotto365.com\/no\/wp-json\/wp\/v2\/users\/1"}],"replies":[{"embeddable":true,"href":"https:\/\/onlinelotto365.com\/no\/wp-json\/wp\/v2\/comments?post=84077"}],"version-history":[{"count":0,"href":"https:\/\/onlinelotto365.com\/no\/wp-json\/wp\/v2\/pages\/84077\/revisions"}],"up":[{"embeddable":true,"href":"https:\/\/onlinelotto365.com\/no\/wp-json\/wp\/v2\/pages\/5668"}],"wp:attachment":[{"href":"https:\/\/onlinelotto365.com\/no\/wp-json\/wp\/v2\/media?parent=84077"}],"curies":[{"name":"wp","href":"https:\/\/api.w.org\/{rel}","templated":true}]}}