{"id":84086,"date":"2023-09-25T09:58:31","date_gmt":"2023-09-25T08:58:31","guid":{"rendered":"https:\/\/onlinelotto365.com\/kjope-billetter\/hvordan-kjope-la-primitiva-billetter-online"},"modified":"2023-09-25T09:58:31","modified_gmt":"2023-09-25T08:58:31","slug":"hvordan-kjope-la-primitiva-billetter-online","status":"publish","type":"page","link":"https:\/\/onlinelotto365.com\/no\/kjope-billetter\/hvordan-kjope-la-primitiva-billetter-online\/","title":{"rendered":"Hvordan kj\u00f8pe La Primitiva-billetter online"},"content":{"rendered":"<p>Hvis du vil kj\u00f8pe La Primitiva-billetter online, men du fremdeles ikke er helt sikker p\u00e5 hvordan du gj\u00f8r det, m\u00e5 du s\u00f8rge for at du tar en titt p\u00e5 denne prosessen. Det er mye enklere enn du kanskje tror for norske lotto-fans, og du kan vente p\u00e5 tegningen raskere enn du tror.<\/p>\n<ul>\n<li>Velg lotterispillet du vil spille, og velg tallene for hver av kupongene dine. Eller la datamaskinen velge loddnummer for deg.<\/li>\n<p><img decoding=\"async\" class=\"aligncenter\" src=\"https:\/\/redfoxlotto.com\/image?size=8&amp;lottery=la-primitiva\" alt=\" la primitiva\" \/><\/p>\n<li>Legg til s\u00e5 mange forskjellige lodd og lotterispill i bestillingen din som du vil f\u00f8r du er klar til \u00e5 sjekke ut.<\/li>\n<li>Velg alternativet for \u00e5 betale n\u00e5<\/li>\n<li>Registrer en ny konto hvis du aldri har handlet hos oss f\u00f8r, eller logg inn hvis du allerede er kunde hos oss.<\/li>\n<li>Fullf\u00f8r registreringsprosessen ved \u00e5 klikke p\u00e5 bekreftelseskoblingen som sendes til e-postadressen din.<\/li>\n<li>Sjekk b\u00e5de innboksen og s\u00f8ppelpostmappen for \u00e5 se etter bekreftelses-e-posten.<\/li>\n<li>G\u00e5 til handlekurven p\u00e5 nettstedet<\/li>\n<li>F\u00f8lg instruksjonene for \u00e5 velge betalingsm\u00e5te og betale for billettene.\n<p>Slik betaler du for din La Primitiva-billett p\u00e5 nettet<\/li>\n<\/ul>\n<p>Du kan velge mellom flere ulike betalingsalternativer som er sv\u00e6rt sikre for v\u00e5re brukere. Vi lar deg velge det alternativet som er mest praktisk.<br \/>\nVelg ett av to alternativer for \u00e5 komme i gang:<\/p>\n<ul>\n<li>Betal direkte med kredittkort, bankkonto eller en annen betalingsm\u00e5te.<\/li>\n<li>Sett inn penger p\u00e5 kontoen din og bruk dem til \u00e5 kj\u00f8pe billetter fra spillerkontoen din.<\/li>\n<\/ul>\n<p>De som legger til penger p\u00e5 spillerkontoen sin for \u00e5 kj\u00f8pe billetter, m\u00e5 sette inn mer enn nok penger til det kj\u00f8pet de velger \u00e5 gj\u00f8re.<\/p>\n<h2>Mer informasjon om La Primitiva<\/h2>\n<p><img loading=\"lazy\" decoding=\"async\" class=\"alignright wp-image-3535\" src=\"https:\/\/onlinelotto365.com\/wp-content\/uploads\/2020\/11\/online_lottery-141-296x300.jpg\" alt=\"la primitiva online\" width=\"164\" height=\"166\" srcset=\"https:\/\/onlinelotto365.com\/wp-content\/uploads\/2020\/11\/online_lottery-141-296x300.jpg 296w, https:\/\/onlinelotto365.com\/wp-content\/uploads\/2020\/11\/online_lottery-141-100x100.jpg 100w, https:\/\/onlinelotto365.com\/wp-content\/uploads\/2020\/11\/online_lottery-141.jpg 491w\" sizes=\"auto, (max-width: 164px) 100vw, 164px\" \/><\/p>\n<ul>\n<li>Land: Spania<\/li>\n<li>Hovednummeromr\u00e5de: 49<\/li>\n<li>Du velger: 6<\/li>\n<li>Ekstra tall rekkevidde:<\/li>\n<li>Du velger: 1<\/li>\n<li>Trekningsdager, timer: Torsdag, L\u00f8rdag, 21:30 CET, 21:30 CET<\/li>\n<li>Minimum jackpot: \u20ac 2 millioner<\/li>\n<li>Maksimal jackpot: ingen<\/li>\n<li>Sannsynlighet for \u00e5 vinne jackpotten: 1 i 15537573<\/li>\n<li>Sannsynligheten for \u00e5 vinne p\u00e5 niv\u00e5 2: 1 av 542008<\/li>\n<li>Sannsynlighet for \u00e5 vinne i et hvilket som helst niv\u00e5: 1 i 8,43<\/li>\n<li>Antall premieniv\u00e5er: 9<\/li>\n<\/ul>\n<h2>Fordeler med \u00e5 kj\u00f8pe La Primitiva-billetter online<\/h2>\n<ul>\n<li>Velg ut billettene dine uten \u00e5 forlate hjemmet<\/li>\n<li>Velg mellom enda flere lotterialternativer<\/li>\n<li>Ta en titt p\u00e5 forskjellige jackpotter for \u00e5 se hvor du kan vinne mest<\/li>\n<li>Sett inn penger p\u00e5 kontoen din for \u00e5 betale for loddene dine<\/li>\n<li>Ingen bekymringer for \u00e5 miste loddene dine<\/li>\n<li>Du f\u00e5r et varsel hvis du vinner<\/li>\n<li>Du kan velge en tilfeldig generert kupong<\/li>\n<li>Er det lovlig \u00e5 kj\u00f8pe La Primitiva-billetter online?<\/li>\n<\/ul>\n<p>Noen mennesker bekymrer seg for om det er tillatt \u00e5 kj\u00f8pe lodd p\u00e5 nettet i landet der de bor. Eller til og med om de kan kj\u00f8pe lodd p\u00e5 den tradisjonelle m\u00e5ten. Men du trenger ikke \u00e5 bekymre deg for om det er lovlig \u00e5 bruke v\u00e5rt system, fordi vi tar oss av regelverket for omr\u00e5det der lotteriet holdes. P\u00e5 den m\u00e5ten f\u00e5r du gevinsten din, uansett hva som skjer og uansett hvor mye du vinner.<br \/>\nDu m\u00e5 bare v\u00e6re minst 18 \u00e5r gammel for \u00e5 kunne bruke tjenesten v\u00e5r.<\/p>\n<h2>Hvordan f\u00e5r jeg betalt hvis jeg vinner p\u00e5 La Primitiva online?<\/h2>\n<p>Vi vet hvor viktig det er for deg \u00e5 f\u00e5 betalt. Derfor gj\u00f8r vi betalingsprosessen s\u00e5 enkel som mulig. Og vi gj\u00f8r alt dette uten \u00e5 belaste deg med gebyrer eller provisjon. I hvert fall med mindre du velger \u00e5 sende betalingen via bankoverf\u00f8ring. I s\u00e5 fall kan vi bli belastet et gebyr av banken din. I s\u00e5 fall viderefakturerer vi dette gebyret til deg.<\/p>\n<h2>Alt du trenger \u00e5 gj\u00f8re er \u00e5 vite hva som skjer n\u00e5r du vinner:<\/h2>\n<ul>\n<li>Hvis du vinner mindre enn 2 500 euro, trenger du ikke \u00e5 gj\u00f8re noe som helst, for vi tar oss av alt for deg. Vi s\u00f8rger for at du f\u00e5r alle pengene dine direkte inn p\u00e5 spillerkontoen din.<\/li>\n<li>Hvis du vinner mer enn 2 500 kr, kan du f\u00e5 pengene dine sendt med sjekk eller bankoverf\u00f8ring. I s\u00e5 fall m\u00e5 du fylle ut et kravskjema som kundest\u00f8tteteamet v\u00e5rt sender deg, og s\u00e5 hjelper vi deg med resten.<\/li>\n<\/ul>\n","protected":false},"excerpt":{"rendered":"<p>Hvis du vil kj\u00f8pe La Primitiva-billetter online, men du fremdeles ikke er helt sikker p\u00e5 hvordan du gj\u00f8r det, m\u00e5 du s\u00f8rge for at du tar en titt p\u00e5 denne prosessen. Det er mye enklere enn du kanskje tror for norske lotto-fans, og du kan vente p\u00e5 tegningen raskere enn du tror. Velg lotterispillet du [&hellip;]<\/p>\n","protected":false},"author":1,"featured_media":0,"parent":5668,"menu_order":7,"comment_status":"closed","ping_status":"closed","template":"la-primitiva-info.php","meta":{"_et_pb_use_builder":"","_et_pb_old_content":"","_et_gb_content_width":"","exclude_from_search":false,"footnotes":""},"class_list":["post-84086","page","type-page","status-publish","hentry"],"yoast_head":"<!-- This site is optimized with the Yoast SEO plugin v23.4 - https:\/\/yoast.com\/wordpress\/plugins\/seo\/ -->\n<title>Online service for La Primitiva-billetter | La Primitiva fra Norge<\/title>\n<meta name=\"description\" content=\"Finn ut hvordan du kan kj\u00f8pe billetter til Spanias La Primitiva-lotteri fra Norge.\" \/>\n<meta name=\"robots\" content=\"index, follow, max-snippet:-1, max-image-preview:large, max-video-preview:-1\" \/>\n<link rel=\"canonical\" href=\"https:\/\/onlinelotto365.com\/no\/kjope-billetter\/hvordan-kjope-la-primitiva-billetter-online\/\" \/>\n<meta property=\"og:locale\" content=\"nb_NO\" \/>\n<meta property=\"og:type\" content=\"article\" \/>\n<meta property=\"og:title\" content=\"Online service for La Primitiva-billetter | La Primitiva fra Norge\" \/>\n<meta property=\"og:description\" content=\"Finn ut hvordan du kan kj\u00f8pe billetter til Spanias La Primitiva-lotteri fra Norge.\" \/>\n<meta property=\"og:url\" content=\"https:\/\/onlinelotto365.com\/no\/kjope-billetter\/hvordan-kjope-la-primitiva-billetter-online\/\" \/>\n<meta property=\"og:site_name\" content=\"OnlineLotto365\" \/>\n<meta property=\"og:image\" content=\"https:\/\/redfoxlotto.com\/image?size=8&amp;lottery=la-primitiva\" \/>\n<meta name=\"twitter:card\" content=\"summary_large_image\" \/>\n<meta name=\"twitter:label1\" content=\"Ansl. lesetid\" \/>\n\t<meta name=\"twitter:data1\" content=\"3 minutter\" \/>\n<script type=\"application\/ld+json\" class=\"yoast-schema-graph\">{\"@context\":\"https:\/\/schema.org\",\"@graph\":[{\"@type\":\"WebPage\",\"@id\":\"https:\/\/onlinelotto365.com\/no\/kjope-billetter\/hvordan-kjope-la-primitiva-billetter-online\/\",\"url\":\"https:\/\/onlinelotto365.com\/no\/kjope-billetter\/hvordan-kjope-la-primitiva-billetter-online\/\",\"name\":\"Online service for La Primitiva-billetter | La Primitiva fra Norge\",\"isPartOf\":{\"@id\":\"https:\/\/onlinelotto365.com\/no\/#website\"},\"primaryImageOfPage\":{\"@id\":\"https:\/\/onlinelotto365.com\/no\/kjope-billetter\/hvordan-kjope-la-primitiva-billetter-online\/#primaryimage\"},\"image\":{\"@id\":\"https:\/\/onlinelotto365.com\/no\/kjope-billetter\/hvordan-kjope-la-primitiva-billetter-online\/#primaryimage\"},\"thumbnailUrl\":\"https:\/\/redfoxlotto.com\/image?size=8&amp;lottery=la-primitiva\",\"datePublished\":\"2023-09-25T08:58:31+00:00\",\"dateModified\":\"2023-09-25T08:58:31+00:00\",\"description\":\"Finn ut hvordan du kan kj\u00f8pe billetter til Spanias La Primitiva-lotteri fra Norge.\",\"breadcrumb\":{\"@id\":\"https:\/\/onlinelotto365.com\/no\/kjope-billetter\/hvordan-kjope-la-primitiva-billetter-online\/#breadcrumb\"},\"inLanguage\":\"nb-NO\",\"potentialAction\":[{\"@type\":\"ReadAction\",\"target\":[\"https:\/\/onlinelotto365.com\/no\/kjope-billetter\/hvordan-kjope-la-primitiva-billetter-online\/\"]}]},{\"@type\":\"ImageObject\",\"inLanguage\":\"nb-NO\",\"@id\":\"https:\/\/onlinelotto365.com\/no\/kjope-billetter\/hvordan-kjope-la-primitiva-billetter-online\/#primaryimage\",\"url\":\"https:\/\/redfoxlotto.com\/image?size=8&amp;lottery=la-primitiva\",\"contentUrl\":\"https:\/\/redfoxlotto.com\/image?size=8&amp;lottery=la-primitiva\"},{\"@type\":\"BreadcrumbList\",\"@id\":\"https:\/\/onlinelotto365.com\/no\/kjope-billetter\/hvordan-kjope-la-primitiva-billetter-online\/#breadcrumb\",\"itemListElement\":[{\"@type\":\"ListItem\",\"position\":1,\"name\":\"Home\",\"item\":\"https:\/\/onlinelotto365.com\/no\/\"},{\"@type\":\"ListItem\",\"position\":2,\"name\":\"Hvorfor det er mer fornuftig \u00e5 kj\u00f8pe lodd p\u00e5 nettet\",\"item\":\"https:\/\/onlinelotto365.com\/no\/kjope-billetter\/\"},{\"@type\":\"ListItem\",\"position\":3,\"name\":\"Hvordan kj\u00f8pe La Primitiva-billetter online\"}]},{\"@type\":\"WebSite\",\"@id\":\"https:\/\/onlinelotto365.com\/no\/#website\",\"url\":\"https:\/\/onlinelotto365.com\/no\/\",\"name\":\"OnlineLotto365\",\"description\":\"\",\"potentialAction\":[{\"@type\":\"SearchAction\",\"target\":{\"@type\":\"EntryPoint\",\"urlTemplate\":\"https:\/\/onlinelotto365.com\/no\/?s={search_term_string}\"},\"query-input\":{\"@type\":\"PropertyValueSpecification\",\"valueRequired\":true,\"valueName\":\"search_term_string\"}}],\"inLanguage\":\"nb-NO\"}]}<\/script>\n<!-- \/ Yoast SEO plugin. -->","yoast_head_json":{"title":"Online service for La Primitiva-billetter | La Primitiva fra Norge","description":"Finn ut hvordan du kan kj\u00f8pe billetter til Spanias La Primitiva-lotteri fra Norge.","robots":{"index":"index","follow":"follow","max-snippet":"max-snippet:-1","max-image-preview":"max-image-preview:large","max-video-preview":"max-video-preview:-1"},"canonical":"https:\/\/onlinelotto365.com\/no\/kjope-billetter\/hvordan-kjope-la-primitiva-billetter-online\/","og_locale":"nb_NO","og_type":"article","og_title":"Online service for La Primitiva-billetter | La Primitiva fra Norge","og_description":"Finn ut hvordan du kan kj\u00f8pe billetter til Spanias La Primitiva-lotteri fra Norge.","og_url":"https:\/\/onlinelotto365.com\/no\/kjope-billetter\/hvordan-kjope-la-primitiva-billetter-online\/","og_site_name":"OnlineLotto365","og_image":[{"url":"https:\/\/redfoxlotto.com\/image?size=8&amp;lottery=la-primitiva"}],"twitter_card":"summary_large_image","twitter_misc":{"Ansl. lesetid":"3 minutter"},"schema":{"@context":"https:\/\/schema.org","@graph":[{"@type":"WebPage","@id":"https:\/\/onlinelotto365.com\/no\/kjope-billetter\/hvordan-kjope-la-primitiva-billetter-online\/","url":"https:\/\/onlinelotto365.com\/no\/kjope-billetter\/hvordan-kjope-la-primitiva-billetter-online\/","name":"Online service for La Primitiva-billetter | La Primitiva fra Norge","isPartOf":{"@id":"https:\/\/onlinelotto365.com\/no\/#website"},"primaryImageOfPage":{"@id":"https:\/\/onlinelotto365.com\/no\/kjope-billetter\/hvordan-kjope-la-primitiva-billetter-online\/#primaryimage"},"image":{"@id":"https:\/\/onlinelotto365.com\/no\/kjope-billetter\/hvordan-kjope-la-primitiva-billetter-online\/#primaryimage"},"thumbnailUrl":"https:\/\/redfoxlotto.com\/image?size=8&amp;lottery=la-primitiva","datePublished":"2023-09-25T08:58:31+00:00","dateModified":"2023-09-25T08:58:31+00:00","description":"Finn ut hvordan du kan kj\u00f8pe billetter til Spanias La Primitiva-lotteri fra Norge.","breadcrumb":{"@id":"https:\/\/onlinelotto365.com\/no\/kjope-billetter\/hvordan-kjope-la-primitiva-billetter-online\/#breadcrumb"},"inLanguage":"nb-NO","potentialAction":[{"@type":"ReadAction","target":["https:\/\/onlinelotto365.com\/no\/kjope-billetter\/hvordan-kjope-la-primitiva-billetter-online\/"]}]},{"@type":"ImageObject","inLanguage":"nb-NO","@id":"https:\/\/onlinelotto365.com\/no\/kjope-billetter\/hvordan-kjope-la-primitiva-billetter-online\/#primaryimage","url":"https:\/\/redfoxlotto.com\/image?size=8&amp;lottery=la-primitiva","contentUrl":"https:\/\/redfoxlotto.com\/image?size=8&amp;lottery=la-primitiva"},{"@type":"BreadcrumbList","@id":"https:\/\/onlinelotto365.com\/no\/kjope-billetter\/hvordan-kjope-la-primitiva-billetter-online\/#breadcrumb","itemListElement":[{"@type":"ListItem","position":1,"name":"Home","item":"https:\/\/onlinelotto365.com\/no\/"},{"@type":"ListItem","position":2,"name":"Hvorfor det er mer fornuftig \u00e5 kj\u00f8pe lodd p\u00e5 nettet","item":"https:\/\/onlinelotto365.com\/no\/kjope-billetter\/"},{"@type":"ListItem","position":3,"name":"Hvordan kj\u00f8pe La Primitiva-billetter online"}]},{"@type":"WebSite","@id":"https:\/\/onlinelotto365.com\/no\/#website","url":"https:\/\/onlinelotto365.com\/no\/","name":"OnlineLotto365","description":"","potentialAction":[{"@type":"SearchAction","target":{"@type":"EntryPoint","urlTemplate":"https:\/\/onlinelotto365.com\/no\/?s={search_term_string}"},"query-input":{"@type":"PropertyValueSpecification","valueRequired":true,"valueName":"search_term_string"}}],"inLanguage":"nb-NO"}]}},"_links":{"self":[{"href":"https:\/\/onlinelotto365.com\/no\/wp-json\/wp\/v2\/pages\/84086","targetHints":{"allow":["GET"]}}],"collection":[{"href":"https:\/\/onlinelotto365.com\/no\/wp-json\/wp\/v2\/pages"}],"about":[{"href":"https:\/\/onlinelotto365.com\/no\/wp-json\/wp\/v2\/types\/page"}],"author":[{"embeddable":true,"href":"https:\/\/onlinelotto365.com\/no\/wp-json\/wp\/v2\/users\/1"}],"replies":[{"embeddable":true,"href":"https:\/\/onlinelotto365.com\/no\/wp-json\/wp\/v2\/comments?post=84086"}],"version-history":[{"count":0,"href":"https:\/\/onlinelotto365.com\/no\/wp-json\/wp\/v2\/pages\/84086\/revisions"}],"up":[{"embeddable":true,"href":"https:\/\/onlinelotto365.com\/no\/wp-json\/wp\/v2\/pages\/5668"}],"wp:attachment":[{"href":"https:\/\/onlinelotto365.com\/no\/wp-json\/wp\/v2\/media?parent=84086"}],"curies":[{"name":"wp","href":"https:\/\/api.w.org\/{rel}","templated":true}]}}