{"id":84095,"date":"2023-09-25T11:45:14","date_gmt":"2023-09-25T10:45:14","guid":{"rendered":"https:\/\/onlinelotto365.com\/kjope-billetter\/hvordan-kjope-bonoloto-billetter-online"},"modified":"2023-09-25T11:45:14","modified_gmt":"2023-09-25T10:45:14","slug":"hvordan-kjope-bonoloto-billetter-online","status":"publish","type":"page","link":"https:\/\/onlinelotto365.com\/no\/kjope-billetter\/hvordan-kjope-bonoloto-billetter-online\/","title":{"rendered":"Hvordan kj\u00f8pe BonoLoto-billetter online"},"content":{"rendered":"<p>Hvis du bor i Norge og vil vite hvordan du spiller BonoLoto p\u00e5 nettet og hvordan du f\u00e5r tak i billetter, er du p\u00e5 rett sted. Vi kan hjelpe deg med hele prosessen, og det kommer til \u00e5 bli mye enklere enn du kanskje tror. Alt du trenger \u00e5 gj\u00f8re er \u00e5 f\u00f8lge trinnene som vi har skissert nedenfor.<\/p>\n<ul>\n<li>G\u00e5 til siden for lottospillet du vil spille, som BonoLoto. Velg deretter ut alle billettene du vil ha, inkludert tallene du vil spille.<\/li>\n<p><img decoding=\"async\" class=\"aligncenter\" src=\"https:\/\/redfoxlotto.com\/image?size=8&amp;lottery=bonoloto\" alt=\"BonoLoto\" \/><\/p>\n<li>Legg til flere billetter til BonoLoto eller andre spill i bestillingen din til du er klar til \u00e5 betale.<\/li>\n<li>Velg knappen for \u00e5 betale n\u00e5<\/li>\n<li>Logg inn p\u00e5 kontoen din eller velg alternativet for \u00e5 opprette en helt ny konto og g\u00e5 gjennom registreringsprosessen.<\/li>\n<li>Hvis du oppretter en ny konto, m\u00e5 du g\u00e5 til e-posten din for \u00e5 f\u00e5 bekreftelseslenken som lar deg fullf\u00f8re prosessen.<\/li>\n<li>Hvis du ikke f\u00e5r lenken, m\u00e5 du sjekke s\u00f8ppelpostmappen din for \u00e5 se om den dukker opp der i stedet for i den vanlige innboksen din.<\/li>\n<li>G\u00e5 til kassen p\u00e5 nettstedet og start betalingsprosessen.<\/li>\n<li>Velg betalingsm\u00e5te og fullf\u00f8r kassen.<\/li>\n<\/ul>\n<h2>Slik betaler du for BonoLoto-billetten din p\u00e5 nettet<\/h2>\n<p>Du har mange forskjellige betalingsm\u00e5ter som du kan bruke til \u00e5 kj\u00f8pe BonoLoto-billetter og mer.<\/p>\n<p>F\u00e5 tak i billetter ved \u00e5 velge mellom disse to generelle alternativene for \u00e5 komme i gang:<\/p>\n<ul>\n<li>Foreta betalingen for bestillingen din direkte med et kredittkort eller en finanskonto<\/li>\n<li>Sett inn penger p\u00e5 spillerkontoen din p\u00e5 nettstedet v\u00e5rt og bruk spillerkontoen din til \u00e5 kj\u00f8pe billetter.<\/li>\n<\/ul>\n<p>Hvis du velger \u00e5 sette inn penger p\u00e5 spillerkontoen din, m\u00e5 du s\u00f8rge for at du setter inn mer penger enn du trenger for den aktuelle bestillingen for \u00e5 kunne behandle den.<\/p>\n<h2>Mer informasjon om BonoLoto<\/h2>\n<p><img loading=\"lazy\" decoding=\"async\" class=\"alignright wp-image-3675\" src=\"https:\/\/onlinelotto365.com\/wp-content\/uploads\/2020\/11\/online_lottery-117-300x217.jpg\" alt=\"kj\u00f8p bonoloto-billetter online\n\" width=\"195\" height=\"141\" srcset=\"https:\/\/onlinelotto365.com\/wp-content\/uploads\/2020\/11\/online_lottery-117-300x217.jpg 300w, https:\/\/onlinelotto365.com\/wp-content\/uploads\/2020\/11\/online_lottery-117.jpg 320w\" sizes=\"auto, (max-width: 195px) 100vw, 195px\" \/><\/p>\n<ul>\n<li>Land: Spania<\/li>\n<li>Hovednummer rekkevidde: 49<\/li>\n<li>Du velger: 6<\/li>\n<li>Trekningsdager, timer: daglig unntatt s\u00f8ndager, 21:30 CET, 21:30 CET<\/li>\n<li>Minimum jackpot: 400000<\/li>\n<li>Maksimal jackpot: ingen<\/li>\n<li>Sannsynlighet for \u00e5 vinne jackpotten: 1 i 13983816<\/li>\n<li>Sannsynlighet for gevinst p\u00e5 niv\u00e5 2: 1 av 2330636<\/li>\n<li>Sannsynlighet for \u00e5 vinne i et hvilket som helst niv\u00e5: 1 i 8,43<\/li>\n<li>Antall premieniv\u00e5er: 6<\/li>\n<\/ul>\n<h2>Fordeler med \u00e5 kj\u00f8pe BonoLoto-billetter online<\/h2>\n<ul>\n<li>Hold deg hjemme og likevel f\u00e5 billettene du \u00f8nsker fra Korea eller fra hvilket som helst land<\/li>\n<li>Velg fra et bredt utvalg av forskjellige lotterispill fra hele verden<\/li>\n<li>F\u00e5 bedre sjanser til \u00e5 vinne store premier ved \u00e5 velge de beste jackpottene<\/li>\n<li>Sett inn penger p\u00e5 kontoen din for \u00e5 betale for loddene dine.<\/li>\n<li>Ikke bekymre deg for \u00e5 miste en kupong igjen<\/li>\n<li>G\u00e5 aldri glipp av en gevinst med \u00f8yeblikkelige varsler<\/li>\n<li>Bruk den tilfeldige tallgeneratoren til \u00e5 velge tallene dine for deg<\/li>\n<\/ul>\n<h2>Er det lovlig \u00e5 kj\u00f8pe BonoLoto-billetter online?<\/h2>\n<p>Du kan f\u00f8le deg litt bekymret for \u00e5 spille denne typen spill hvis du ikke vet om lovligheten av online lotto i ditt hjemland. Men du kan absolutt stole p\u00e5 at tjenesten v\u00e5r hjelper deg. Vi s\u00f8rger for at alle regler i det landet lotto kommer fra blir fulgt.<\/p>\n<p>Hvis du vinner en premie, inkludert jackpoten, trenger du derfor ikke \u00e5 bekymre deg for om du kan gj\u00f8re krav p\u00e5 den. Du er garantert \u00e5 f\u00e5 premien du har tjent.<br \/>\nDen eneste regelen er at du m\u00e5 v\u00e6re minst 18 \u00e5r for \u00e5 kunne spille.<\/p>\n<h2>Hvordan f\u00e5r jeg betalt hvis jeg vinner BonoLoto online?<\/h2>\n<p>Betalinger er viktige, og du vil v\u00e6re sikker p\u00e5 at du f\u00e5r alle pengene du har krav p\u00e5. Det er ikke noe problem hos oss, for vi tar ikke provisjon p\u00e5 noen av gevinstene dine. Du f\u00e5r alle pengene direkte p\u00e5 kontoen din.<\/p>\n<p>Den eneste gangen vi tar gebyrer, er hvis du velger \u00e5 overf\u00f8re pengene til banken din. Hvis banken din tar et gebyr for denne overf\u00f8ringen, overf\u00f8rer vi dette gebyret til kontoen din.<br \/>\nN\u00e5r du har rett til utbetaling, vil imidlertid \u00e9n av to ting skje:<\/p>\n<ul>\n<li>Hvis du vinner mindre enn 2 500 euro, f\u00e5r du pengene p\u00e5 kontoen din praktisk talt umiddelbart, slik at du kan gj\u00f8re hva du vil med dem.<\/li>\n<li>Hvis du vinner mer enn 2 500 kr, vil bel\u00f8pet du vinner bli sendt til deg enten som en bankoverf\u00f8ring eller som en sjekk. Du kan velge hva du foretrekker n\u00e5r du fyller ut kravskjemaet som v\u00e5re ansatte sender deg. P\u00e5 den m\u00e5ten f\u00e5r du pengene dine i l\u00f8pet av bare noen f\u00e5 dager.<\/li>\n<\/ul>\n","protected":false},"excerpt":{"rendered":"<p>Hvis du bor i Norge og vil vite hvordan du spiller BonoLoto p\u00e5 nettet og hvordan du f\u00e5r tak i billetter, er du p\u00e5 rett sted. Vi kan hjelpe deg med hele prosessen, og det kommer til \u00e5 bli mye enklere enn du kanskje tror. Alt du trenger \u00e5 gj\u00f8re er \u00e5 f\u00f8lge trinnene som [&hellip;]<\/p>\n","protected":false},"author":1,"featured_media":0,"parent":5668,"menu_order":8,"comment_status":"closed","ping_status":"closed","template":"template-rightsidebar.php","meta":{"_et_pb_use_builder":"","_et_pb_old_content":"","_et_gb_content_width":"","exclude_from_search":false,"footnotes":""},"class_list":["post-84095","page","type-page","status-publish","hentry"],"yoast_head":"<!-- This site is optimized with the Yoast SEO plugin v23.4 - https:\/\/yoast.com\/wordpress\/plugins\/seo\/ -->\n<title>BonoLoto-billetter online | Hvordan kj\u00f8pe billetter fra Norge<\/title>\n<meta name=\"description\" content=\"Nettstedet v\u00e5rt lar deg kj\u00f8pe Bonoloto-billetter online og lovlig\" \/>\n<meta name=\"robots\" content=\"index, follow, max-snippet:-1, max-image-preview:large, max-video-preview:-1\" \/>\n<link rel=\"canonical\" href=\"https:\/\/onlinelotto365.com\/no\/kjope-billetter\/hvordan-kjope-bonoloto-billetter-online\/\" \/>\n<meta property=\"og:locale\" content=\"nb_NO\" \/>\n<meta property=\"og:type\" content=\"article\" \/>\n<meta property=\"og:title\" content=\"BonoLoto-billetter online | Hvordan kj\u00f8pe billetter fra Norge\" \/>\n<meta property=\"og:description\" content=\"Nettstedet v\u00e5rt lar deg kj\u00f8pe Bonoloto-billetter online og lovlig\" \/>\n<meta property=\"og:url\" content=\"https:\/\/onlinelotto365.com\/no\/kjope-billetter\/hvordan-kjope-bonoloto-billetter-online\/\" \/>\n<meta property=\"og:site_name\" content=\"OnlineLotto365\" \/>\n<meta property=\"og:image\" content=\"https:\/\/redfoxlotto.com\/image?size=8&amp;lottery=bonoloto\" \/>\n<meta name=\"twitter:card\" content=\"summary_large_image\" \/>\n<meta name=\"twitter:label1\" content=\"Ansl. lesetid\" \/>\n\t<meta name=\"twitter:data1\" content=\"4 minutter\" \/>\n<script type=\"application\/ld+json\" class=\"yoast-schema-graph\">{\"@context\":\"https:\/\/schema.org\",\"@graph\":[{\"@type\":\"WebPage\",\"@id\":\"https:\/\/onlinelotto365.com\/no\/kjope-billetter\/hvordan-kjope-bonoloto-billetter-online\/\",\"url\":\"https:\/\/onlinelotto365.com\/no\/kjope-billetter\/hvordan-kjope-bonoloto-billetter-online\/\",\"name\":\"BonoLoto-billetter online | Hvordan kj\u00f8pe billetter fra Norge\",\"isPartOf\":{\"@id\":\"https:\/\/onlinelotto365.com\/no\/#website\"},\"primaryImageOfPage\":{\"@id\":\"https:\/\/onlinelotto365.com\/no\/kjope-billetter\/hvordan-kjope-bonoloto-billetter-online\/#primaryimage\"},\"image\":{\"@id\":\"https:\/\/onlinelotto365.com\/no\/kjope-billetter\/hvordan-kjope-bonoloto-billetter-online\/#primaryimage\"},\"thumbnailUrl\":\"https:\/\/redfoxlotto.com\/image?size=8&amp;lottery=bonoloto\",\"datePublished\":\"2023-09-25T10:45:14+00:00\",\"dateModified\":\"2023-09-25T10:45:14+00:00\",\"description\":\"Nettstedet v\u00e5rt lar deg kj\u00f8pe Bonoloto-billetter online og lovlig\",\"breadcrumb\":{\"@id\":\"https:\/\/onlinelotto365.com\/no\/kjope-billetter\/hvordan-kjope-bonoloto-billetter-online\/#breadcrumb\"},\"inLanguage\":\"nb-NO\",\"potentialAction\":[{\"@type\":\"ReadAction\",\"target\":[\"https:\/\/onlinelotto365.com\/no\/kjope-billetter\/hvordan-kjope-bonoloto-billetter-online\/\"]}]},{\"@type\":\"ImageObject\",\"inLanguage\":\"nb-NO\",\"@id\":\"https:\/\/onlinelotto365.com\/no\/kjope-billetter\/hvordan-kjope-bonoloto-billetter-online\/#primaryimage\",\"url\":\"https:\/\/redfoxlotto.com\/image?size=8&amp;lottery=bonoloto\",\"contentUrl\":\"https:\/\/redfoxlotto.com\/image?size=8&amp;lottery=bonoloto\"},{\"@type\":\"BreadcrumbList\",\"@id\":\"https:\/\/onlinelotto365.com\/no\/kjope-billetter\/hvordan-kjope-bonoloto-billetter-online\/#breadcrumb\",\"itemListElement\":[{\"@type\":\"ListItem\",\"position\":1,\"name\":\"Home\",\"item\":\"https:\/\/onlinelotto365.com\/no\/\"},{\"@type\":\"ListItem\",\"position\":2,\"name\":\"Hvorfor det er mer fornuftig \u00e5 kj\u00f8pe lodd p\u00e5 nettet\",\"item\":\"https:\/\/onlinelotto365.com\/no\/kjope-billetter\/\"},{\"@type\":\"ListItem\",\"position\":3,\"name\":\"Hvordan kj\u00f8pe BonoLoto-billetter online\"}]},{\"@type\":\"WebSite\",\"@id\":\"https:\/\/onlinelotto365.com\/no\/#website\",\"url\":\"https:\/\/onlinelotto365.com\/no\/\",\"name\":\"OnlineLotto365\",\"description\":\"\",\"potentialAction\":[{\"@type\":\"SearchAction\",\"target\":{\"@type\":\"EntryPoint\",\"urlTemplate\":\"https:\/\/onlinelotto365.com\/no\/?s={search_term_string}\"},\"query-input\":{\"@type\":\"PropertyValueSpecification\",\"valueRequired\":true,\"valueName\":\"search_term_string\"}}],\"inLanguage\":\"nb-NO\"}]}<\/script>\n<!-- \/ Yoast SEO plugin. -->","yoast_head_json":{"title":"BonoLoto-billetter online | Hvordan kj\u00f8pe billetter fra Norge","description":"Nettstedet v\u00e5rt lar deg kj\u00f8pe Bonoloto-billetter online og lovlig","robots":{"index":"index","follow":"follow","max-snippet":"max-snippet:-1","max-image-preview":"max-image-preview:large","max-video-preview":"max-video-preview:-1"},"canonical":"https:\/\/onlinelotto365.com\/no\/kjope-billetter\/hvordan-kjope-bonoloto-billetter-online\/","og_locale":"nb_NO","og_type":"article","og_title":"BonoLoto-billetter online | Hvordan kj\u00f8pe billetter fra Norge","og_description":"Nettstedet v\u00e5rt lar deg kj\u00f8pe Bonoloto-billetter online og lovlig","og_url":"https:\/\/onlinelotto365.com\/no\/kjope-billetter\/hvordan-kjope-bonoloto-billetter-online\/","og_site_name":"OnlineLotto365","og_image":[{"url":"https:\/\/redfoxlotto.com\/image?size=8&amp;lottery=bonoloto"}],"twitter_card":"summary_large_image","twitter_misc":{"Ansl. lesetid":"4 minutter"},"schema":{"@context":"https:\/\/schema.org","@graph":[{"@type":"WebPage","@id":"https:\/\/onlinelotto365.com\/no\/kjope-billetter\/hvordan-kjope-bonoloto-billetter-online\/","url":"https:\/\/onlinelotto365.com\/no\/kjope-billetter\/hvordan-kjope-bonoloto-billetter-online\/","name":"BonoLoto-billetter online | Hvordan kj\u00f8pe billetter fra Norge","isPartOf":{"@id":"https:\/\/onlinelotto365.com\/no\/#website"},"primaryImageOfPage":{"@id":"https:\/\/onlinelotto365.com\/no\/kjope-billetter\/hvordan-kjope-bonoloto-billetter-online\/#primaryimage"},"image":{"@id":"https:\/\/onlinelotto365.com\/no\/kjope-billetter\/hvordan-kjope-bonoloto-billetter-online\/#primaryimage"},"thumbnailUrl":"https:\/\/redfoxlotto.com\/image?size=8&amp;lottery=bonoloto","datePublished":"2023-09-25T10:45:14+00:00","dateModified":"2023-09-25T10:45:14+00:00","description":"Nettstedet v\u00e5rt lar deg kj\u00f8pe Bonoloto-billetter online og lovlig","breadcrumb":{"@id":"https:\/\/onlinelotto365.com\/no\/kjope-billetter\/hvordan-kjope-bonoloto-billetter-online\/#breadcrumb"},"inLanguage":"nb-NO","potentialAction":[{"@type":"ReadAction","target":["https:\/\/onlinelotto365.com\/no\/kjope-billetter\/hvordan-kjope-bonoloto-billetter-online\/"]}]},{"@type":"ImageObject","inLanguage":"nb-NO","@id":"https:\/\/onlinelotto365.com\/no\/kjope-billetter\/hvordan-kjope-bonoloto-billetter-online\/#primaryimage","url":"https:\/\/redfoxlotto.com\/image?size=8&amp;lottery=bonoloto","contentUrl":"https:\/\/redfoxlotto.com\/image?size=8&amp;lottery=bonoloto"},{"@type":"BreadcrumbList","@id":"https:\/\/onlinelotto365.com\/no\/kjope-billetter\/hvordan-kjope-bonoloto-billetter-online\/#breadcrumb","itemListElement":[{"@type":"ListItem","position":1,"name":"Home","item":"https:\/\/onlinelotto365.com\/no\/"},{"@type":"ListItem","position":2,"name":"Hvorfor det er mer fornuftig \u00e5 kj\u00f8pe lodd p\u00e5 nettet","item":"https:\/\/onlinelotto365.com\/no\/kjope-billetter\/"},{"@type":"ListItem","position":3,"name":"Hvordan kj\u00f8pe BonoLoto-billetter online"}]},{"@type":"WebSite","@id":"https:\/\/onlinelotto365.com\/no\/#website","url":"https:\/\/onlinelotto365.com\/no\/","name":"OnlineLotto365","description":"","potentialAction":[{"@type":"SearchAction","target":{"@type":"EntryPoint","urlTemplate":"https:\/\/onlinelotto365.com\/no\/?s={search_term_string}"},"query-input":{"@type":"PropertyValueSpecification","valueRequired":true,"valueName":"search_term_string"}}],"inLanguage":"nb-NO"}]}},"_links":{"self":[{"href":"https:\/\/onlinelotto365.com\/no\/wp-json\/wp\/v2\/pages\/84095","targetHints":{"allow":["GET"]}}],"collection":[{"href":"https:\/\/onlinelotto365.com\/no\/wp-json\/wp\/v2\/pages"}],"about":[{"href":"https:\/\/onlinelotto365.com\/no\/wp-json\/wp\/v2\/types\/page"}],"author":[{"embeddable":true,"href":"https:\/\/onlinelotto365.com\/no\/wp-json\/wp\/v2\/users\/1"}],"replies":[{"embeddable":true,"href":"https:\/\/onlinelotto365.com\/no\/wp-json\/wp\/v2\/comments?post=84095"}],"version-history":[{"count":0,"href":"https:\/\/onlinelotto365.com\/no\/wp-json\/wp\/v2\/pages\/84095\/revisions"}],"up":[{"embeddable":true,"href":"https:\/\/onlinelotto365.com\/no\/wp-json\/wp\/v2\/pages\/5668"}],"wp:attachment":[{"href":"https:\/\/onlinelotto365.com\/no\/wp-json\/wp\/v2\/media?parent=84095"}],"curies":[{"name":"wp","href":"https:\/\/api.w.org\/{rel}","templated":true}]}}