{"id":84104,"date":"2023-09-25T13:23:40","date_gmt":"2023-09-25T12:23:40","guid":{"rendered":"https:\/\/onlinelotto365.com\/kjope-billetter\/hvordan-kjope-uk-lottery-billetter-online"},"modified":"2023-09-25T13:23:40","modified_gmt":"2023-09-25T12:23:40","slug":"hvordan-kjope-uk-lottery-billetter-online","status":"publish","type":"page","link":"https:\/\/onlinelotto365.com\/no\/kjope-billetter\/hvordan-kjope-uk-lottery-billetter-online\/","title":{"rendered":"Hvordan kj\u00f8pe UK Lottery-billetter online"},"content":{"rendered":"<p>Hvis du vil kj\u00f8pe lottobilletter til UK Lottery i Norge, trenger du ikke \u00e5 bekymre deg fordi vi har hele prosessen lagt ut for deg raskt og enkelt. Du trenger bare \u00e5 ta en titt p\u00e5 de enkle trinnene nedenfor, s\u00e5 er du klar p\u00e5 kort tid.<\/p>\n<ul>\n<li>G\u00e5 til riktig side for lotterispillet du vil spille, som UK Lottery.<\/li>\n<li>Og velg deretter tallene du vil ha for billetten din.<\/li>\n<li>Plukk ut eventuelle ekstra lodd du vil ha for dette eller andre lotterispill du skal spille.<\/li>\n<li>Velg alternativet for \u00e5 betale for billettene dine<\/li>\n<p><img decoding=\"async\" class=\"aligncenter\" src=\"https:\/\/redfoxlotto.com\/image?size=8&amp;lottery=lotto-uk\" alt=\"uk lottery\" \/><\/p>\n<li>G\u00e5 gjennom prosessen med \u00e5 registrere en konto hvis du er en ny bruker, eller logg inn p\u00e5 kontoen din hvis du allerede er en eksisterende bruker.<\/li>\n<li>Hvis du fortsatt trenger \u00e5 registrere deg, vil du f\u00e5 en bekreftelses-e-post i innboksen eller s\u00f8ppelpostmappen i l\u00f8pet av f\u00e5 minutter.<\/li>\n<li>Hvis du ikke har mottatt e-posten om noen minutter, kan du sjekke s\u00f8ppelpostmappen for \u00e5 finne ut om du har mottatt den.<\/li>\n<li>G\u00e5 tilbake til nettstedet og velg handlekurven for \u00e5 betale for billettene.<\/li>\n<li>Velg betalingsm\u00e5te og g\u00e5 gjennom betalingsinstruksjonene.<\/li>\n<\/ul>\n<h2>Slik betaler du for din UK Lottery-lodd p\u00e5 nettet<\/h2>\n<p><img loading=\"lazy\" decoding=\"async\" class=\"alignright size-medium wp-image-3655\" src=\"https:\/\/onlinelotto365.com\/wp-content\/uploads\/2020\/11\/online_lottery-59-300x182.jpg\" alt=\"spill britisk lotteri online\n\" width=\"300\" height=\"182\" srcset=\"https:\/\/onlinelotto365.com\/wp-content\/uploads\/2020\/11\/online_lottery-59-300x182.jpg 300w, https:\/\/onlinelotto365.com\/wp-content\/uploads\/2020\/11\/online_lottery-59.jpg 320w\" sizes=\"auto, (max-width: 300px) 100vw, 300px\" \/><br \/>\nVi tilbyr flere ulike, helt sikre betalingsm\u00e5ter for v\u00e5re kunder fra Norge og andre land. P\u00e5 den m\u00e5ten kan du velge den metoden som passer best for deg.<br \/>\nVelg mellom to forskjellige betalingsalternativer:<\/p>\n<ul>\n<li>Betal for hver bestilling ved hjelp av den foretrukne betalingsm\u00e5ten du velger<\/li>\n<li>Sett inn penger p\u00e5 kontoen din og bruk dem til \u00e5 kj\u00f8pe de billettene du \u00f8nsker.<\/li>\n<\/ul>\n<p>S\u00f8rg for at du setter inn mer enn det bel\u00f8pet du trenger for billettene dine hvis du velger \u00e5 sette inn penger direkte p\u00e5 kontoen din.<\/p>\n<h2>Mer informasjon om UK Lottery<\/h2>\n<ul>\n<li>Land: UK Lottery<\/li>\n<li>Hovedtallsrekkevidde: 59<\/li>\n<li>Du velger: 6<\/li>\n<li>Ekstra tall rekkevidde:<\/li>\n<li>Du velger:<\/li>\n<li>Trekningsdager, timer: onsdag, l\u00f8rdag, , 19:30 UTC, 19:30 CET<\/li>\n<li>Minimum jackpot: 2,5 millioner GBP<\/li>\n<li>Maksimal jackpot: 22 millioner GBP<\/li>\n<li>Sannsynlighet for \u00e5 vinne jackpotten: 1 i 45057474<\/li>\n<li>Sannsynlighet for gevinst p\u00e5 niv\u00e5 2: 1 i 7509579<\/li>\n<li>Sannsynlighet for \u00e5 vinne p\u00e5 et hvilket som helst niv\u00e5: 1 i 9,27<\/li>\n<li>Antall premieniv\u00e5er: 6<\/li>\n<\/ul>\n<h2>Fordeler med \u00e5 kj\u00f8pe britiske lodd p\u00e5 nettet<\/h2>\n<ul>\n<li>F\u00e5 billettene du vil ha uten \u00e5 forlate hjemmet<\/li>\n<li>Velg mellom et bredt utvalg av forskjellige lotterispill<\/li>\n<li>F\u00e5 de beste oddsene for en stor jackpot ved \u00e5 velge mellom forskjellige spill<\/li>\n<li>Sett inn penger direkte p\u00e5 betalingskontoen din for \u00e5 betale for loddene.<\/li>\n<li>Ikke bekymre deg for \u00e5 miste loddene dine igjen<\/li>\n<li>Varsler sendt direkte til deg n\u00e5r du vinner<\/li>\n<li>Enkle valgmuligheter hvis du ikke \u00f8nsker \u00e5 velge dine egne tall<\/li>\n<\/ul>\n<h2>Er det lovlig \u00e5 kj\u00f8pe UK Lottery-lodd p\u00e5 nettet?<\/h2>\n<p>Det er ingen bekymring for lovligheten av \u00e5 kj\u00f8pe UK Lottery-lodd online fra Norge eller p\u00e5 den mer tradisjonelle m\u00e5ten. Du kan v\u00e6re trygg p\u00e5 at uansett hva du kommer til \u00e5 f\u00e5 billettene dine, og du trenger ikke \u00e5 bekymre deg for \u00e5 f\u00e5 en jackpot.<\/p>\n<p>Vi tar oss av \u00e5 skaffe deg pengene uten at du trenger \u00e5 bekymre deg for om tjenesten er lovlig i henhold til bostedslandet ditt. Bare s\u00f8rg for at du er 18 \u00e5r eller eldre for \u00e5 kj\u00f8pe lodd hos oss.<\/p>\n<h2>Hvordan f\u00e5r jeg betalt hvis jeg vinner i UK Lottery online?<\/h2>\n<p>Vi vet at det \u00e5 f\u00e5 betalt er noe av det viktigste for deg, og derfor vil vi s\u00f8rge for at betalingsprosessen er s\u00e5 enkel som mulig. Vi tar heller ingen provisjon av gevinsten din, slik at du f\u00e5r hver eneste bit av det du har vunnet. Den eneste gangen vi tar gebyrer, er hvis du ber om en bankoverf\u00f8ring og banken belaster oss med et gebyr. Dette bel\u00f8pet kan bli overf\u00f8rt til deg.<br \/>\nEllers er det bare \u00e5 ta en titt p\u00e5 hva som skjer med betalingene dine her:<\/p>\n<ul>\n<li>Betalinger p\u00e5 mindre enn \u20ac2500 blir automatisk utbetalt til kontoen din. Du trenger ikke \u00e5 gj\u00f8re noe som helst<\/li>\n<li>Ved utbetalinger p\u00e5 over 2 500 euro m\u00e5 du sende inn et kravskjema til lotterikommisjonen. Dette vil bli sendt til deg av supportteamet v\u00e5rt og lar deg velge \u00e5 f\u00e5 pengene dine sendt med sjekk eller bankoverf\u00f8ring.<\/li>\n<\/ul>\n","protected":false},"excerpt":{"rendered":"<p>Hvis du vil kj\u00f8pe lottobilletter til UK Lottery i Norge, trenger du ikke \u00e5 bekymre deg fordi vi har hele prosessen lagt ut for deg raskt og enkelt. Du trenger bare \u00e5 ta en titt p\u00e5 de enkle trinnene nedenfor, s\u00e5 er du klar p\u00e5 kort tid. G\u00e5 til riktig side for lotterispillet du vil [&hellip;]<\/p>\n","protected":false},"author":1,"featured_media":0,"parent":5668,"menu_order":9,"comment_status":"closed","ping_status":"closed","template":"lotto-uk-info.php","meta":{"_et_pb_use_builder":"","_et_pb_old_content":"","_et_gb_content_width":"","exclude_from_search":false,"footnotes":""},"class_list":["post-84104","page","type-page","status-publish","hentry"],"yoast_head":"<!-- This site is optimized with the Yoast SEO plugin v23.4 - https:\/\/yoast.com\/wordpress\/plugins\/seo\/ -->\n<title>Kj\u00f8p billetter til UK Lottery online fra Norge| UK Lottery info, hvordan kj\u00f8pe billetter<\/title>\n<meta name=\"description\" content=\"Vi gj\u00f8r det mulig for lottospillere fra Norge \u00e5 kj\u00f8pe billetter til UK Lottery\" \/>\n<meta name=\"robots\" content=\"index, follow, max-snippet:-1, max-image-preview:large, max-video-preview:-1\" \/>\n<link rel=\"canonical\" href=\"https:\/\/onlinelotto365.com\/no\/kjope-billetter\/hvordan-kjope-uk-lottery-billetter-online\/\" \/>\n<meta property=\"og:locale\" content=\"nb_NO\" \/>\n<meta property=\"og:type\" content=\"article\" \/>\n<meta property=\"og:title\" content=\"Kj\u00f8p billetter til UK Lottery online fra Norge| UK Lottery info, hvordan kj\u00f8pe billetter\" \/>\n<meta property=\"og:description\" content=\"Vi gj\u00f8r det mulig for lottospillere fra Norge \u00e5 kj\u00f8pe billetter til UK Lottery\" \/>\n<meta property=\"og:url\" content=\"https:\/\/onlinelotto365.com\/no\/kjope-billetter\/hvordan-kjope-uk-lottery-billetter-online\/\" \/>\n<meta property=\"og:site_name\" content=\"OnlineLotto365\" \/>\n<meta property=\"og:image\" content=\"https:\/\/redfoxlotto.com\/image?size=8&amp;lottery=lotto-uk\" \/>\n<meta name=\"twitter:card\" content=\"summary_large_image\" \/>\n<meta name=\"twitter:label1\" content=\"Ansl. lesetid\" \/>\n\t<meta name=\"twitter:data1\" content=\"3 minutter\" \/>\n<script type=\"application\/ld+json\" class=\"yoast-schema-graph\">{\"@context\":\"https:\/\/schema.org\",\"@graph\":[{\"@type\":\"WebPage\",\"@id\":\"https:\/\/onlinelotto365.com\/no\/kjope-billetter\/hvordan-kjope-uk-lottery-billetter-online\/\",\"url\":\"https:\/\/onlinelotto365.com\/no\/kjope-billetter\/hvordan-kjope-uk-lottery-billetter-online\/\",\"name\":\"Kj\u00f8p billetter til UK Lottery online fra Norge| UK Lottery info, hvordan kj\u00f8pe billetter\",\"isPartOf\":{\"@id\":\"https:\/\/onlinelotto365.com\/no\/#website\"},\"primaryImageOfPage\":{\"@id\":\"https:\/\/onlinelotto365.com\/no\/kjope-billetter\/hvordan-kjope-uk-lottery-billetter-online\/#primaryimage\"},\"image\":{\"@id\":\"https:\/\/onlinelotto365.com\/no\/kjope-billetter\/hvordan-kjope-uk-lottery-billetter-online\/#primaryimage\"},\"thumbnailUrl\":\"https:\/\/redfoxlotto.com\/image?size=8&amp;lottery=lotto-uk\",\"datePublished\":\"2023-09-25T12:23:40+00:00\",\"dateModified\":\"2023-09-25T12:23:40+00:00\",\"description\":\"Vi gj\u00f8r det mulig for lottospillere fra Norge \u00e5 kj\u00f8pe billetter til UK Lottery\",\"breadcrumb\":{\"@id\":\"https:\/\/onlinelotto365.com\/no\/kjope-billetter\/hvordan-kjope-uk-lottery-billetter-online\/#breadcrumb\"},\"inLanguage\":\"nb-NO\",\"potentialAction\":[{\"@type\":\"ReadAction\",\"target\":[\"https:\/\/onlinelotto365.com\/no\/kjope-billetter\/hvordan-kjope-uk-lottery-billetter-online\/\"]}]},{\"@type\":\"ImageObject\",\"inLanguage\":\"nb-NO\",\"@id\":\"https:\/\/onlinelotto365.com\/no\/kjope-billetter\/hvordan-kjope-uk-lottery-billetter-online\/#primaryimage\",\"url\":\"https:\/\/redfoxlotto.com\/image?size=8&amp;lottery=lotto-uk\",\"contentUrl\":\"https:\/\/redfoxlotto.com\/image?size=8&amp;lottery=lotto-uk\"},{\"@type\":\"BreadcrumbList\",\"@id\":\"https:\/\/onlinelotto365.com\/no\/kjope-billetter\/hvordan-kjope-uk-lottery-billetter-online\/#breadcrumb\",\"itemListElement\":[{\"@type\":\"ListItem\",\"position\":1,\"name\":\"Home\",\"item\":\"https:\/\/onlinelotto365.com\/no\/\"},{\"@type\":\"ListItem\",\"position\":2,\"name\":\"Hvorfor det er mer fornuftig \u00e5 kj\u00f8pe lodd p\u00e5 nettet\",\"item\":\"https:\/\/onlinelotto365.com\/no\/kjope-billetter\/\"},{\"@type\":\"ListItem\",\"position\":3,\"name\":\"Hvordan kj\u00f8pe UK Lottery-billetter online\"}]},{\"@type\":\"WebSite\",\"@id\":\"https:\/\/onlinelotto365.com\/no\/#website\",\"url\":\"https:\/\/onlinelotto365.com\/no\/\",\"name\":\"OnlineLotto365\",\"description\":\"\",\"potentialAction\":[{\"@type\":\"SearchAction\",\"target\":{\"@type\":\"EntryPoint\",\"urlTemplate\":\"https:\/\/onlinelotto365.com\/no\/?s={search_term_string}\"},\"query-input\":{\"@type\":\"PropertyValueSpecification\",\"valueRequired\":true,\"valueName\":\"search_term_string\"}}],\"inLanguage\":\"nb-NO\"}]}<\/script>\n<!-- \/ Yoast SEO plugin. -->","yoast_head_json":{"title":"Kj\u00f8p billetter til UK Lottery online fra Norge| UK Lottery info, hvordan kj\u00f8pe billetter","description":"Vi gj\u00f8r det mulig for lottospillere fra Norge \u00e5 kj\u00f8pe billetter til UK Lottery","robots":{"index":"index","follow":"follow","max-snippet":"max-snippet:-1","max-image-preview":"max-image-preview:large","max-video-preview":"max-video-preview:-1"},"canonical":"https:\/\/onlinelotto365.com\/no\/kjope-billetter\/hvordan-kjope-uk-lottery-billetter-online\/","og_locale":"nb_NO","og_type":"article","og_title":"Kj\u00f8p billetter til UK Lottery online fra Norge| UK Lottery info, hvordan kj\u00f8pe billetter","og_description":"Vi gj\u00f8r det mulig for lottospillere fra Norge \u00e5 kj\u00f8pe billetter til UK Lottery","og_url":"https:\/\/onlinelotto365.com\/no\/kjope-billetter\/hvordan-kjope-uk-lottery-billetter-online\/","og_site_name":"OnlineLotto365","og_image":[{"url":"https:\/\/redfoxlotto.com\/image?size=8&amp;lottery=lotto-uk"}],"twitter_card":"summary_large_image","twitter_misc":{"Ansl. lesetid":"3 minutter"},"schema":{"@context":"https:\/\/schema.org","@graph":[{"@type":"WebPage","@id":"https:\/\/onlinelotto365.com\/no\/kjope-billetter\/hvordan-kjope-uk-lottery-billetter-online\/","url":"https:\/\/onlinelotto365.com\/no\/kjope-billetter\/hvordan-kjope-uk-lottery-billetter-online\/","name":"Kj\u00f8p billetter til UK Lottery online fra Norge| UK Lottery info, hvordan kj\u00f8pe billetter","isPartOf":{"@id":"https:\/\/onlinelotto365.com\/no\/#website"},"primaryImageOfPage":{"@id":"https:\/\/onlinelotto365.com\/no\/kjope-billetter\/hvordan-kjope-uk-lottery-billetter-online\/#primaryimage"},"image":{"@id":"https:\/\/onlinelotto365.com\/no\/kjope-billetter\/hvordan-kjope-uk-lottery-billetter-online\/#primaryimage"},"thumbnailUrl":"https:\/\/redfoxlotto.com\/image?size=8&amp;lottery=lotto-uk","datePublished":"2023-09-25T12:23:40+00:00","dateModified":"2023-09-25T12:23:40+00:00","description":"Vi gj\u00f8r det mulig for lottospillere fra Norge \u00e5 kj\u00f8pe billetter til UK Lottery","breadcrumb":{"@id":"https:\/\/onlinelotto365.com\/no\/kjope-billetter\/hvordan-kjope-uk-lottery-billetter-online\/#breadcrumb"},"inLanguage":"nb-NO","potentialAction":[{"@type":"ReadAction","target":["https:\/\/onlinelotto365.com\/no\/kjope-billetter\/hvordan-kjope-uk-lottery-billetter-online\/"]}]},{"@type":"ImageObject","inLanguage":"nb-NO","@id":"https:\/\/onlinelotto365.com\/no\/kjope-billetter\/hvordan-kjope-uk-lottery-billetter-online\/#primaryimage","url":"https:\/\/redfoxlotto.com\/image?size=8&amp;lottery=lotto-uk","contentUrl":"https:\/\/redfoxlotto.com\/image?size=8&amp;lottery=lotto-uk"},{"@type":"BreadcrumbList","@id":"https:\/\/onlinelotto365.com\/no\/kjope-billetter\/hvordan-kjope-uk-lottery-billetter-online\/#breadcrumb","itemListElement":[{"@type":"ListItem","position":1,"name":"Home","item":"https:\/\/onlinelotto365.com\/no\/"},{"@type":"ListItem","position":2,"name":"Hvorfor det er mer fornuftig \u00e5 kj\u00f8pe lodd p\u00e5 nettet","item":"https:\/\/onlinelotto365.com\/no\/kjope-billetter\/"},{"@type":"ListItem","position":3,"name":"Hvordan kj\u00f8pe UK Lottery-billetter online"}]},{"@type":"WebSite","@id":"https:\/\/onlinelotto365.com\/no\/#website","url":"https:\/\/onlinelotto365.com\/no\/","name":"OnlineLotto365","description":"","potentialAction":[{"@type":"SearchAction","target":{"@type":"EntryPoint","urlTemplate":"https:\/\/onlinelotto365.com\/no\/?s={search_term_string}"},"query-input":{"@type":"PropertyValueSpecification","valueRequired":true,"valueName":"search_term_string"}}],"inLanguage":"nb-NO"}]}},"_links":{"self":[{"href":"https:\/\/onlinelotto365.com\/no\/wp-json\/wp\/v2\/pages\/84104","targetHints":{"allow":["GET"]}}],"collection":[{"href":"https:\/\/onlinelotto365.com\/no\/wp-json\/wp\/v2\/pages"}],"about":[{"href":"https:\/\/onlinelotto365.com\/no\/wp-json\/wp\/v2\/types\/page"}],"author":[{"embeddable":true,"href":"https:\/\/onlinelotto365.com\/no\/wp-json\/wp\/v2\/users\/1"}],"replies":[{"embeddable":true,"href":"https:\/\/onlinelotto365.com\/no\/wp-json\/wp\/v2\/comments?post=84104"}],"version-history":[{"count":0,"href":"https:\/\/onlinelotto365.com\/no\/wp-json\/wp\/v2\/pages\/84104\/revisions"}],"up":[{"embeddable":true,"href":"https:\/\/onlinelotto365.com\/no\/wp-json\/wp\/v2\/pages\/5668"}],"wp:attachment":[{"href":"https:\/\/onlinelotto365.com\/no\/wp-json\/wp\/v2\/media?parent=84104"}],"curies":[{"name":"wp","href":"https:\/\/api.w.org\/{rel}","templated":true}]}}