{"id":84113,"date":"2023-09-25T14:45:20","date_gmt":"2023-09-25T13:45:20","guid":{"rendered":"https:\/\/onlinelotto365.com\/kjope-billetter\/hvordan-kjope-set-for-life-billetter-online"},"modified":"2023-09-25T14:45:20","modified_gmt":"2023-09-25T13:45:20","slug":"hvordan-kjope-set-for-life-billetter-online","status":"publish","type":"page","link":"https:\/\/onlinelotto365.com\/no\/kjope-billetter\/hvordan-kjope-set-for-life-billetter-online\/","title":{"rendered":"Hvordan kj\u00f8pe Set for life-billetter online"},"content":{"rendered":"<p>Hvis du vil kj\u00f8pe Set for Life-billetter n\u00e5, m\u00e5 du vite hvordan du gj\u00f8r det. Hvis du bor i Storbritannia, er det enkelt for deg, og du vet sannsynligvis allerede hvordan du f\u00e5r billetter. Men hva med lottospillere fra andre land, for eksempel fra Norge? Vel, det er en veldig enkel prosess, og vi kan f\u00e5 deg i gang p\u00e5 kort tid. Du m\u00e5 bare f\u00f8lge trinnene vi har lagt ut nedenfor. Derfra kan du f\u00e5 billettene du \u00f8nsker til neste trekning.<\/p>\n<ul>\n<li>G\u00e5 til siden for Set for Life-lotteriet og velg antall billetter du vil ha, og velg tallene du vil ha for hver av disse billettene<\/li>\n<p><img decoding=\"async\" class=\"aligncenter\" src=\"https:\/\/redfoxlotto.com\/image?size=8&amp;lottery=set-for-life-uk\" alt=\"&quot;Set\" \/><\/p>\n<li>Plukk ut flere billetter til Set for Life eller andre lottospill for \u00e5 fylle handlekurven din<\/li>\n<li>Velg alternativet for \u00e5 betale n\u00e5<\/li>\n<li>F\u00f8lg instruksjonene for \u00e5 logge inn p\u00e5 kontoen din eller g\u00e5 gjennom prosessen med \u00e5 opprette en ny konto<\/li>\n<li>Fullf\u00f8r bekreftelsesprosessen ved \u00e5 g\u00e5 inn p\u00e5 kontoen din og klikke p\u00e5 lenken i e-posten.<\/li>\n<li>Sjekk s\u00f8ppelpostmappen hvis e-posten ikke dukker opp i innboksen din for \u00e5 forsikre deg om at du har mottatt den.<\/li>\n<li>N\u00e5r du har bekreftet kontoen din, g\u00e5r du inn i handlekurven p\u00e5 nettstedet.<\/li>\n<li>Velg \u00f8nsket betalingsm\u00e5te og g\u00e5 gjennom betalingsprosessen.<\/li>\n<li>Slik betaler du Set for life-billetten din p\u00e5 nettet<\/li>\n<\/ul>\n<p>N\u00e5r du skal betale for billettene dine, vil du oppdage at det ikke bare er enkelt, men ogs\u00e5 helt sikkert og gir deg mange valgmuligheter.<\/p>\n<h2>Du kan velge \u00e5 betale for billettene dine ved \u00e5:<\/h2>\n<ul>\n<li>Kj\u00f8pe direkte med den betalingsm\u00e5ten du har valgt<br \/>\nSette inn penger p\u00e5 kontoen din og bruke dem til \u00e5 foreta et kj\u00f8p<\/li>\n<li>S\u00f8rg for at hvis du velger \u00e5 sette inn penger p\u00e5 kontoen din, setter du ogs\u00e5 inn litt ekstra slik at betalingsvalget ditt g\u00e5r gjennom.<\/li>\n<\/ul>\n<h2>Mer informasjon om Set for life<\/h2>\n<ul>\n<li>Land: STORBRITANNIA<\/li>\n<li>Hovednummeromr\u00e5de: 45<\/li>\n<li>Du velger: 5<\/li>\n<li>Ekstra tall rekkevidde: 10<\/li>\n<li>Du velger: 1<\/li>\n<li>Trekningsdager, timer: Mandag, torsdag, 20:00 GMT, 21:00 CET<\/li>\n<li>Minimum jackpot:<\/li>\n<li>Maksimal jackpot:<\/li>\n<li>Sannsynlighet for \u00e5 vinne jackpotten: 1 i 15339390<\/li>\n<li>Sannsynlighet for en tier 2-gevinst: 1 i 1704377<\/li>\n<li>Sannsynlighet for \u00e5 vinne i et hvilket som helst niv\u00e5: 1 i 12,4<\/li>\n<li>Antall premieniv\u00e5er: 8<\/li>\n<\/ul>\n<h2>Fordeler med \u00e5 kj\u00f8pe Set for life-billetter online<\/h2>\n<ul>\n<li>Du trenger aldri \u00e5 forlate hjemmet ditt for \u00e5 kj\u00f8pe billetter<\/li>\n<li>Du er ikke begrenset til \u00e5 spille lotterier fra Norge<\/li>\n<li>Velg mellom en rekke forskjellige lotterier fra hele verden<\/li>\n<li>Velg spill med de h\u00f8yeste jackpottene for \u00e5 \u00f8ke sjansene dine<\/li>\n<li>Bruk saldoen p\u00e5 kontoen din til \u00e5 kj\u00f8pe de loddene du vil ha<\/li>\n<li>Hold oversikt over loddene dine til enhver tid<\/li>\n<li>F\u00e5 et varsel hvis loddet ditt er en vinner<\/li>\n<li>Ikke bekymre deg for \u00e5 velge billettalternativer med raske valg<\/li>\n<\/ul>\n<h2>Er det lovlig \u00e5 kj\u00f8pe Set for life-billetter p\u00e5 nettet?<\/h2>\n<p>Du trenger ikke \u00e5 bekymre deg for lovligheten av \u00e5 kj\u00f8pe billetter p\u00e5 nettet eller p\u00e5 den tradisjonelle m\u00e5ten. Du kan lene deg tilbake og slappe av og stole p\u00e5 at vi kommer til \u00e5 ta oss av \u00e5 f\u00f8lge alle forskriftene fra landet som disse spillene kommer fra. Alt du trenger \u00e5 gj\u00f8re er \u00e5 kj\u00f8pe en kupong, og vi garanterer at hvis du har rett til en premie, inkludert jackpotten, kommer du til \u00e5 f\u00e5 den.<br \/>\nDu m\u00e5 v\u00e6re minst 18 \u00e5r for \u00e5 kunne bruke nettstedet v\u00e5rt.<\/p>\n<h2>Hvordan f\u00e5r jeg betalt hvis jeg vinner Set for life p\u00e5 nettet?<\/h2>\n<p>Du \u00f8nsker \u00e5 f\u00e5 utbetalt hvert eneste \u00f8re du har krav p\u00e5 n\u00e5r du vinner noe, og det er akkurat det vi gj\u00f8r. Vi s\u00f8rger for at du alltid f\u00e5r alle pengene uten provisjon eller gebyrer som belastes gevinsten din.<br \/>\nDen eneste gangen du m\u00e5 betale noe, er hvis du bestemmer deg for en bankoverf\u00f8ring. Hvis banken belaster oss med gebyrer, noe som kan skje ved internasjonale overf\u00f8ringer, belaster vi kontoen din for gebyret. Dette er den eneste grunnen til at vi trekker noe fra gevinsten din.<br \/>\nOg hvis du vinner, f\u00e5r du pengene dine p\u00e5 \u00e9n av bare ett par m\u00e5ter:<\/p>\n<ul>\n<li>Bel\u00f8p under 2 500 kr er enkelt fordi kundest\u00f8tteteamet v\u00e5rt setter pengene direkte inn p\u00e5 kontoen din for deg.<\/li>\n<li>Bel\u00f8p p\u00e5 over 2 500 euro er fortsatt enkelt for deg, fordi kundest\u00f8tteteamet v\u00e5rt hjelper deg gjennom prosessen. Vi sender deg kravskjemaet slik at du kan fylle det ut og gi oss beskjed om du vil ha pengene overf\u00f8rt til banken din eller sendt som sjekk.<\/li>\n<\/ul>\n","protected":false},"excerpt":{"rendered":"<p>Hvis du vil kj\u00f8pe Set for Life-billetter n\u00e5, m\u00e5 du vite hvordan du gj\u00f8r det. Hvis du bor i Storbritannia, er det enkelt for deg, og du vet sannsynligvis allerede hvordan du f\u00e5r billetter. Men hva med lottospillere fra andre land, for eksempel fra Norge? Vel, det er en veldig enkel prosess, og vi kan [&hellip;]<\/p>\n","protected":false},"author":1,"featured_media":0,"parent":5668,"menu_order":10,"comment_status":"closed","ping_status":"closed","template":"set-for-life-info.php","meta":{"_et_pb_use_builder":"","_et_pb_old_content":"","_et_gb_content_width":"","exclude_from_search":false,"footnotes":""},"class_list":["post-84113","page","type-page","status-publish","hentry"],"yoast_head":"<!-- This site is optimized with the Yoast SEO plugin v23.4 - https:\/\/yoast.com\/wordpress\/plugins\/seo\/ -->\n<title>Kj\u00f8p billetter til Set for life online fra Norge| Info om Set for life-lotteriet, hvordan kj\u00f8pe billetter<\/title>\n<meta name=\"description\" content=\"Set for Life-lotteriet kan vinnes fra Norge - kj\u00f8p billetter online her\" \/>\n<meta name=\"robots\" content=\"index, follow, max-snippet:-1, max-image-preview:large, max-video-preview:-1\" \/>\n<link rel=\"canonical\" href=\"https:\/\/onlinelotto365.com\/no\/kjope-billetter\/hvordan-kjope-set-for-life-billetter-online\/\" \/>\n<meta property=\"og:locale\" content=\"nb_NO\" \/>\n<meta property=\"og:type\" content=\"article\" \/>\n<meta property=\"og:title\" content=\"Kj\u00f8p billetter til Set for life online fra Norge| Info om Set for life-lotteriet, hvordan kj\u00f8pe billetter\" \/>\n<meta property=\"og:description\" content=\"Set for Life-lotteriet kan vinnes fra Norge - kj\u00f8p billetter online her\" \/>\n<meta property=\"og:url\" content=\"https:\/\/onlinelotto365.com\/no\/kjope-billetter\/hvordan-kjope-set-for-life-billetter-online\/\" \/>\n<meta property=\"og:site_name\" content=\"OnlineLotto365\" \/>\n<meta property=\"og:image\" content=\"https:\/\/redfoxlotto.com\/image?size=8&amp;lottery=set-for-life-uk\" \/>\n<meta name=\"twitter:card\" content=\"summary_large_image\" \/>\n<meta name=\"twitter:label1\" content=\"Ansl. lesetid\" \/>\n\t<meta name=\"twitter:data1\" content=\"4 minutter\" \/>\n<script type=\"application\/ld+json\" class=\"yoast-schema-graph\">{\"@context\":\"https:\/\/schema.org\",\"@graph\":[{\"@type\":\"WebPage\",\"@id\":\"https:\/\/onlinelotto365.com\/no\/kjope-billetter\/hvordan-kjope-set-for-life-billetter-online\/\",\"url\":\"https:\/\/onlinelotto365.com\/no\/kjope-billetter\/hvordan-kjope-set-for-life-billetter-online\/\",\"name\":\"Kj\u00f8p billetter til Set for life online fra Norge| Info om Set for life-lotteriet, hvordan kj\u00f8pe billetter\",\"isPartOf\":{\"@id\":\"https:\/\/onlinelotto365.com\/no\/#website\"},\"primaryImageOfPage\":{\"@id\":\"https:\/\/onlinelotto365.com\/no\/kjope-billetter\/hvordan-kjope-set-for-life-billetter-online\/#primaryimage\"},\"image\":{\"@id\":\"https:\/\/onlinelotto365.com\/no\/kjope-billetter\/hvordan-kjope-set-for-life-billetter-online\/#primaryimage\"},\"thumbnailUrl\":\"https:\/\/redfoxlotto.com\/image?size=8&amp;lottery=set-for-life-uk\",\"datePublished\":\"2023-09-25T13:45:20+00:00\",\"dateModified\":\"2023-09-25T13:45:20+00:00\",\"description\":\"Set for Life-lotteriet kan vinnes fra Norge - kj\u00f8p billetter online her\",\"breadcrumb\":{\"@id\":\"https:\/\/onlinelotto365.com\/no\/kjope-billetter\/hvordan-kjope-set-for-life-billetter-online\/#breadcrumb\"},\"inLanguage\":\"nb-NO\",\"potentialAction\":[{\"@type\":\"ReadAction\",\"target\":[\"https:\/\/onlinelotto365.com\/no\/kjope-billetter\/hvordan-kjope-set-for-life-billetter-online\/\"]}]},{\"@type\":\"ImageObject\",\"inLanguage\":\"nb-NO\",\"@id\":\"https:\/\/onlinelotto365.com\/no\/kjope-billetter\/hvordan-kjope-set-for-life-billetter-online\/#primaryimage\",\"url\":\"https:\/\/redfoxlotto.com\/image?size=8&amp;lottery=set-for-life-uk\",\"contentUrl\":\"https:\/\/redfoxlotto.com\/image?size=8&amp;lottery=set-for-life-uk\"},{\"@type\":\"BreadcrumbList\",\"@id\":\"https:\/\/onlinelotto365.com\/no\/kjope-billetter\/hvordan-kjope-set-for-life-billetter-online\/#breadcrumb\",\"itemListElement\":[{\"@type\":\"ListItem\",\"position\":1,\"name\":\"Home\",\"item\":\"https:\/\/onlinelotto365.com\/no\/\"},{\"@type\":\"ListItem\",\"position\":2,\"name\":\"Hvorfor det er mer fornuftig \u00e5 kj\u00f8pe lodd p\u00e5 nettet\",\"item\":\"https:\/\/onlinelotto365.com\/no\/kjope-billetter\/\"},{\"@type\":\"ListItem\",\"position\":3,\"name\":\"Hvordan kj\u00f8pe Set for life-billetter online\"}]},{\"@type\":\"WebSite\",\"@id\":\"https:\/\/onlinelotto365.com\/no\/#website\",\"url\":\"https:\/\/onlinelotto365.com\/no\/\",\"name\":\"OnlineLotto365\",\"description\":\"\",\"potentialAction\":[{\"@type\":\"SearchAction\",\"target\":{\"@type\":\"EntryPoint\",\"urlTemplate\":\"https:\/\/onlinelotto365.com\/no\/?s={search_term_string}\"},\"query-input\":{\"@type\":\"PropertyValueSpecification\",\"valueRequired\":true,\"valueName\":\"search_term_string\"}}],\"inLanguage\":\"nb-NO\"}]}<\/script>\n<!-- \/ Yoast SEO plugin. -->","yoast_head_json":{"title":"Kj\u00f8p billetter til Set for life online fra Norge| Info om Set for life-lotteriet, hvordan kj\u00f8pe billetter","description":"Set for Life-lotteriet kan vinnes fra Norge - kj\u00f8p billetter online her","robots":{"index":"index","follow":"follow","max-snippet":"max-snippet:-1","max-image-preview":"max-image-preview:large","max-video-preview":"max-video-preview:-1"},"canonical":"https:\/\/onlinelotto365.com\/no\/kjope-billetter\/hvordan-kjope-set-for-life-billetter-online\/","og_locale":"nb_NO","og_type":"article","og_title":"Kj\u00f8p billetter til Set for life online fra Norge| Info om Set for life-lotteriet, hvordan kj\u00f8pe billetter","og_description":"Set for Life-lotteriet kan vinnes fra Norge - kj\u00f8p billetter online her","og_url":"https:\/\/onlinelotto365.com\/no\/kjope-billetter\/hvordan-kjope-set-for-life-billetter-online\/","og_site_name":"OnlineLotto365","og_image":[{"url":"https:\/\/redfoxlotto.com\/image?size=8&amp;lottery=set-for-life-uk"}],"twitter_card":"summary_large_image","twitter_misc":{"Ansl. lesetid":"4 minutter"},"schema":{"@context":"https:\/\/schema.org","@graph":[{"@type":"WebPage","@id":"https:\/\/onlinelotto365.com\/no\/kjope-billetter\/hvordan-kjope-set-for-life-billetter-online\/","url":"https:\/\/onlinelotto365.com\/no\/kjope-billetter\/hvordan-kjope-set-for-life-billetter-online\/","name":"Kj\u00f8p billetter til Set for life online fra Norge| Info om Set for life-lotteriet, hvordan kj\u00f8pe billetter","isPartOf":{"@id":"https:\/\/onlinelotto365.com\/no\/#website"},"primaryImageOfPage":{"@id":"https:\/\/onlinelotto365.com\/no\/kjope-billetter\/hvordan-kjope-set-for-life-billetter-online\/#primaryimage"},"image":{"@id":"https:\/\/onlinelotto365.com\/no\/kjope-billetter\/hvordan-kjope-set-for-life-billetter-online\/#primaryimage"},"thumbnailUrl":"https:\/\/redfoxlotto.com\/image?size=8&amp;lottery=set-for-life-uk","datePublished":"2023-09-25T13:45:20+00:00","dateModified":"2023-09-25T13:45:20+00:00","description":"Set for Life-lotteriet kan vinnes fra Norge - kj\u00f8p billetter online her","breadcrumb":{"@id":"https:\/\/onlinelotto365.com\/no\/kjope-billetter\/hvordan-kjope-set-for-life-billetter-online\/#breadcrumb"},"inLanguage":"nb-NO","potentialAction":[{"@type":"ReadAction","target":["https:\/\/onlinelotto365.com\/no\/kjope-billetter\/hvordan-kjope-set-for-life-billetter-online\/"]}]},{"@type":"ImageObject","inLanguage":"nb-NO","@id":"https:\/\/onlinelotto365.com\/no\/kjope-billetter\/hvordan-kjope-set-for-life-billetter-online\/#primaryimage","url":"https:\/\/redfoxlotto.com\/image?size=8&amp;lottery=set-for-life-uk","contentUrl":"https:\/\/redfoxlotto.com\/image?size=8&amp;lottery=set-for-life-uk"},{"@type":"BreadcrumbList","@id":"https:\/\/onlinelotto365.com\/no\/kjope-billetter\/hvordan-kjope-set-for-life-billetter-online\/#breadcrumb","itemListElement":[{"@type":"ListItem","position":1,"name":"Home","item":"https:\/\/onlinelotto365.com\/no\/"},{"@type":"ListItem","position":2,"name":"Hvorfor det er mer fornuftig \u00e5 kj\u00f8pe lodd p\u00e5 nettet","item":"https:\/\/onlinelotto365.com\/no\/kjope-billetter\/"},{"@type":"ListItem","position":3,"name":"Hvordan kj\u00f8pe Set for life-billetter online"}]},{"@type":"WebSite","@id":"https:\/\/onlinelotto365.com\/no\/#website","url":"https:\/\/onlinelotto365.com\/no\/","name":"OnlineLotto365","description":"","potentialAction":[{"@type":"SearchAction","target":{"@type":"EntryPoint","urlTemplate":"https:\/\/onlinelotto365.com\/no\/?s={search_term_string}"},"query-input":{"@type":"PropertyValueSpecification","valueRequired":true,"valueName":"search_term_string"}}],"inLanguage":"nb-NO"}]}},"_links":{"self":[{"href":"https:\/\/onlinelotto365.com\/no\/wp-json\/wp\/v2\/pages\/84113","targetHints":{"allow":["GET"]}}],"collection":[{"href":"https:\/\/onlinelotto365.com\/no\/wp-json\/wp\/v2\/pages"}],"about":[{"href":"https:\/\/onlinelotto365.com\/no\/wp-json\/wp\/v2\/types\/page"}],"author":[{"embeddable":true,"href":"https:\/\/onlinelotto365.com\/no\/wp-json\/wp\/v2\/users\/1"}],"replies":[{"embeddable":true,"href":"https:\/\/onlinelotto365.com\/no\/wp-json\/wp\/v2\/comments?post=84113"}],"version-history":[{"count":0,"href":"https:\/\/onlinelotto365.com\/no\/wp-json\/wp\/v2\/pages\/84113\/revisions"}],"up":[{"embeddable":true,"href":"https:\/\/onlinelotto365.com\/no\/wp-json\/wp\/v2\/pages\/5668"}],"wp:attachment":[{"href":"https:\/\/onlinelotto365.com\/no\/wp-json\/wp\/v2\/media?parent=84113"}],"curies":[{"name":"wp","href":"https:\/\/api.w.org\/{rel}","templated":true}]}}