{"id":84114,"date":"2023-09-25T14:56:17","date_gmt":"2023-09-25T13:56:17","guid":{"rendered":"https:\/\/onlinelotto365.com\/kjope-billetter\/hvordan-kjope-billetter-online-til-den-tyske-lotto"},"modified":"2023-09-25T14:56:17","modified_gmt":"2023-09-25T13:56:17","slug":"hvordan-kjope-billetter-online-til-den-tyske-lotto","status":"publish","type":"page","link":"https:\/\/onlinelotto365.com\/no\/kjope-billetter\/hvordan-kjope-billetter-online-til-den-tyske-lotto\/","title":{"rendered":"Hvordan kj\u00f8pe billetter online til den tyske lotto"},"content":{"rendered":"<p>Er du ikke helt sikker p\u00e5 hvordan du kj\u00f8per tyske Lotto-billetter online? Da har du kommet til rett sted, for vi skal lede deg gjennom den superenkle prosessen fra \u00e5 \u00f8nske deg loddene mens du er i Norge, til \u00e5 vente p\u00e5 trekningen for \u00e5 se om du har vunnet noe stort.<\/p>\n<ul>\n<li>G\u00e5 til nettsiden for lottospillet du vil spille, og velg antall lodd du vil ha og tallene du vil spille.<\/li>\n<li>Kj\u00f8p s\u00e5 mange lodd du vil til dette spillet og alle andre.<\/li>\n<li>Klikk p\u00e5 knappen for \u00e5 betale n\u00e5<\/li>\n<li>Logg inn p\u00e5 din n\u00e5v\u00e6rende konto for \u00e5 gjennomf\u00f8re betalingen, eller opprett en ny konto og fullf\u00f8r registreringsprosessen.<\/li>\n<li>De som m\u00e5 opprette en konto, m\u00e5 ogs\u00e5 bekrefte den fra e-postkontoen sin.<\/li>\n<p><img decoding=\"async\" class=\"aligncenter\" src=\"https:\/\/redfoxlotto.com\/image?size=8&amp;lottery=lotto-6aus49\" alt=\"German Lotto 6aus49\" \/><\/p>\n<li>Sjekk innboksen og s\u00f8ppelpostmappen for \u00e5 se om e-posten er sendt dit, og klikk p\u00e5 lenken.<\/li>\n<li>N\u00e5r du har bekreftet kontoen din, g\u00e5r du til handlekurven for \u00e5 kj\u00f8pe varene dine.<\/li>\n<li>G\u00e5 gjennom betalingsprosessen i henhold til instruksjonene som er gitt<\/li>\n<li>Hvordan betale for din tyske Lotto-billett online<\/li>\n<li>Du kan velge mellom flere forskjellige helt sikre betalingsalternativer n\u00e5r det er p\u00e5 tide \u00e5 betale for billettene dine.<\/li>\n<li>Hvert av disse alternativene faller inn i en av to forskjellige kategorier:<\/li>\n<li>Betal for billettene dine ved \u00e5 sende inn en betalingsm\u00e5te p\u00e5 kj\u00f8pstidspunktet.<\/li>\n<li>Betal for billettene dine ved \u00e5 legge til penger p\u00e5 spillerkontoen din og bruke dem til \u00e5 gjennomf\u00f8re kj\u00f8pet.<\/li>\n<\/ul>\n<p>Forsikre deg om at hvis du legger til penger p\u00e5 kontoen din, m\u00e5 du legge til nok til \u00e5 dekke mer enn kostnaden for den aktuelle transaksjonen, slik at den blir godkjent.<\/p>\n<h2>Mer informasjon om German Lotto<\/h2>\n<p><img loading=\"lazy\" decoding=\"async\" class=\"alignright wp-image-3633\" src=\"https:\/\/onlinelotto365.com\/wp-content\/uploads\/2020\/11\/online_lottery-41-300x102.jpg\" alt=\"tysk lotto p\u00e5 nett i Norge\" width=\"376\" height=\"128\" srcset=\"https:\/\/onlinelotto365.com\/wp-content\/uploads\/2020\/11\/online_lottery-41-300x102.jpg 300w, https:\/\/onlinelotto365.com\/wp-content\/uploads\/2020\/11\/online_lottery-41.jpg 593w\" sizes=\"auto, (max-width: 376px) 100vw, 376px\" \/><\/p>\n<ul>\n<li>Land: Tyskland tysk lotto online uk<\/li>\n<li>Hovednumre rekkevidde: 49<\/li>\n<li>Du velger: 6<\/li>\n<li>Ekstra nummer blir automatisk valgt for deg<\/li>\n<li>Trekningsdager, timer: L\u00f8rdag, 20:25 CET, 20:25 CET<\/li>\n<li>Minimum jackpot: \u20ac 1 million<\/li>\n<li>Maksimal jackpot: etter 12 trekninger<\/li>\n<li>Sannsynlighet for \u00e5 vinne jackpotten: 1 i 125854344<\/li>\n<li>Sannsynligheten for \u00e5 vinne p\u00e5 niv\u00e5 2: 1 i 13983816<\/li>\n<li>Sannsynlighet for \u00e5 vinne i et hvilket som helst niv\u00e5: 1 i 31<\/li>\n<li>Antall premieniv\u00e5er: 9<\/li>\n<\/ul>\n<h2>Advantages of buying German Lotto tickets online<\/h2>\n<ul>\n<li>Du kan kj\u00f8pe lodd hjemme fra din egen stue<\/li>\n<li>F\u00e5 alle typer lotterispill du \u00f8nsker<\/li>\n<li>F\u00e5 bedre sjanser til de beste jackpottene ved \u00e5 velge spillene dine riktig<\/li>\n<li>F\u00e5 enkle betalingsalternativer ved \u00e5 sette inn penger direkte p\u00e5 spillerkontoen din n\u00e5r du skal kj\u00f8pe lodd<\/li>\n<li>Enkel lagring av alle lottokupongene dine<\/li>\n<li>F\u00e5 et \u00f8yeblikkelig varsel om gevinster<\/li>\n<li>F\u00e5 enkle valgalternativer, slik at du ikke trenger \u00e5 velge tall<\/li>\n<\/ul>\n<h2>Er det lovlig \u00e5 kj\u00f8pe tyske lottobilletter p\u00e5 nettet?<\/h2>\n<p>Hvis du har v\u00e6rt bekymret for \u00e5 kj\u00f8pe lodd p\u00e5 nettet fordi du er i Norge og ikke kjenner reglene, trenger du ikke \u00e5 bekymre deg. Vi kan hjelpe deg med \u00e5 ta bort noen av bekymringene fordi vi s\u00f8rger for at alle reglene f\u00f8lges for landet som lotteriet kommer fra.<br \/>\nDette hjelper deg med \u00e5 f\u00f8le deg tryggere, og det s\u00f8rger for at pengene du vinner garantert g\u00e5r direkte til deg.<br \/>\nDen eneste regelen er at du m\u00e5 v\u00e6re 18 \u00e5r eller eldre for \u00e5 kunne spille.<\/p>\n<h2>Hvordan f\u00e5r jeg betalt hvis jeg vinner i Lotto p\u00e5 nettet?<\/h2>\n<p>N\u00e5r det gjelder \u00e5 f\u00e5 gevinsten din, vet vi allerede at du ikke vil ofre noe. Du \u00f8nsker \u00e5 f\u00e5 alle pengene du har krav p\u00e5, og det kan vi hjelpe deg med. Vi kan faktisk hjelpe deg i gang med en gang, for vi tar ikke provisjon av gevinsten din.<\/p>\n<p>Vi tar heller ingen gebyrer. Med mindre du velger \u00e5 overf\u00f8re pengene dine til banken din, tar vi ikke noe gebyr for noe vi gj\u00f8r. Hvis du velger bankoverf\u00f8ring, tar vi et gebyr fordi banken din tar et gebyr.<\/p>\n<h2>Hva skjer n\u00e5r du vinner?<\/h2>\n<ul>\n<li>Hvis du vinner mindre enn 2 500 euro, trenger du ikke \u00e5 gj\u00f8re noe som helst. Vi ordner alt ved \u00e5 sette pengene inn p\u00e5 kontoen din.<\/li>\n<li>Hvis du vinner mer enn 2 500 kr, f\u00e5r du et kravskjema fra kundest\u00f8tte-teamet v\u00e5rt. I skjemaet kan du velge om du vil ha pengene utbetalt med sjekk eller bankoverf\u00f8ring. Deretter kan du bare lene deg tilbake og vente p\u00e5 at pengene kommer til deg i l\u00f8pet av noen dager.<\/li>\n<\/ul>\n","protected":false},"excerpt":{"rendered":"<p>Er du ikke helt sikker p\u00e5 hvordan du kj\u00f8per tyske Lotto-billetter online? Da har du kommet til rett sted, for vi skal lede deg gjennom den superenkle prosessen fra \u00e5 \u00f8nske deg loddene mens du er i Norge, til \u00e5 vente p\u00e5 trekningen for \u00e5 se om du har vunnet noe stort. G\u00e5 til nettsiden [&hellip;]<\/p>\n","protected":false},"author":1,"featured_media":0,"parent":5668,"menu_order":11,"comment_status":"closed","ping_status":"closed","template":"lotto-german-info.php","meta":{"_et_pb_use_builder":"","_et_pb_old_content":"","_et_gb_content_width":"","exclude_from_search":false,"footnotes":""},"class_list":["post-84114","page","type-page","status-publish","hentry"],"yoast_head":"<!-- This site is optimized with the Yoast SEO plugin v23.4 - https:\/\/yoast.com\/wordpress\/plugins\/seo\/ -->\n<title>N\u00e5 kan du kj\u00f8pe tyske lottobilletter online fra Norge<\/title>\n<meta name=\"description\" content=\"Hvis du bor i Norge, kan du fortsatt kj\u00f8pe tyske lottobilletter p\u00e5 nettet.\" \/>\n<meta name=\"robots\" content=\"index, follow, max-snippet:-1, max-image-preview:large, max-video-preview:-1\" \/>\n<link rel=\"canonical\" href=\"https:\/\/onlinelotto365.com\/no\/kjope-billetter\/hvordan-kjope-billetter-online-til-den-tyske-lotto\/\" \/>\n<meta property=\"og:locale\" content=\"nb_NO\" \/>\n<meta property=\"og:type\" content=\"article\" \/>\n<meta property=\"og:title\" content=\"N\u00e5 kan du kj\u00f8pe tyske lottobilletter online fra Norge\" \/>\n<meta property=\"og:description\" content=\"Hvis du bor i Norge, kan du fortsatt kj\u00f8pe tyske lottobilletter p\u00e5 nettet.\" \/>\n<meta property=\"og:url\" content=\"https:\/\/onlinelotto365.com\/no\/kjope-billetter\/hvordan-kjope-billetter-online-til-den-tyske-lotto\/\" \/>\n<meta property=\"og:site_name\" content=\"OnlineLotto365\" \/>\n<meta property=\"og:image\" content=\"https:\/\/redfoxlotto.com\/image?size=8&amp;lottery=lotto-6aus49\" \/>\n<meta name=\"twitter:card\" content=\"summary_large_image\" \/>\n<meta name=\"twitter:label1\" content=\"Ansl. lesetid\" \/>\n\t<meta name=\"twitter:data1\" content=\"3 minutter\" \/>\n<script type=\"application\/ld+json\" class=\"yoast-schema-graph\">{\"@context\":\"https:\/\/schema.org\",\"@graph\":[{\"@type\":\"WebPage\",\"@id\":\"https:\/\/onlinelotto365.com\/no\/kjope-billetter\/hvordan-kjope-billetter-online-til-den-tyske-lotto\/\",\"url\":\"https:\/\/onlinelotto365.com\/no\/kjope-billetter\/hvordan-kjope-billetter-online-til-den-tyske-lotto\/\",\"name\":\"N\u00e5 kan du kj\u00f8pe tyske lottobilletter online fra Norge\",\"isPartOf\":{\"@id\":\"https:\/\/onlinelotto365.com\/no\/#website\"},\"primaryImageOfPage\":{\"@id\":\"https:\/\/onlinelotto365.com\/no\/kjope-billetter\/hvordan-kjope-billetter-online-til-den-tyske-lotto\/#primaryimage\"},\"image\":{\"@id\":\"https:\/\/onlinelotto365.com\/no\/kjope-billetter\/hvordan-kjope-billetter-online-til-den-tyske-lotto\/#primaryimage\"},\"thumbnailUrl\":\"https:\/\/redfoxlotto.com\/image?size=8&amp;lottery=lotto-6aus49\",\"datePublished\":\"2023-09-25T13:56:17+00:00\",\"dateModified\":\"2023-09-25T13:56:17+00:00\",\"description\":\"Hvis du bor i Norge, kan du fortsatt kj\u00f8pe tyske lottobilletter p\u00e5 nettet.\",\"breadcrumb\":{\"@id\":\"https:\/\/onlinelotto365.com\/no\/kjope-billetter\/hvordan-kjope-billetter-online-til-den-tyske-lotto\/#breadcrumb\"},\"inLanguage\":\"nb-NO\",\"potentialAction\":[{\"@type\":\"ReadAction\",\"target\":[\"https:\/\/onlinelotto365.com\/no\/kjope-billetter\/hvordan-kjope-billetter-online-til-den-tyske-lotto\/\"]}]},{\"@type\":\"ImageObject\",\"inLanguage\":\"nb-NO\",\"@id\":\"https:\/\/onlinelotto365.com\/no\/kjope-billetter\/hvordan-kjope-billetter-online-til-den-tyske-lotto\/#primaryimage\",\"url\":\"https:\/\/redfoxlotto.com\/image?size=8&amp;lottery=lotto-6aus49\",\"contentUrl\":\"https:\/\/redfoxlotto.com\/image?size=8&amp;lottery=lotto-6aus49\"},{\"@type\":\"BreadcrumbList\",\"@id\":\"https:\/\/onlinelotto365.com\/no\/kjope-billetter\/hvordan-kjope-billetter-online-til-den-tyske-lotto\/#breadcrumb\",\"itemListElement\":[{\"@type\":\"ListItem\",\"position\":1,\"name\":\"Home\",\"item\":\"https:\/\/onlinelotto365.com\/no\/\"},{\"@type\":\"ListItem\",\"position\":2,\"name\":\"Hvorfor det er mer fornuftig \u00e5 kj\u00f8pe lodd p\u00e5 nettet\",\"item\":\"https:\/\/onlinelotto365.com\/no\/kjope-billetter\/\"},{\"@type\":\"ListItem\",\"position\":3,\"name\":\"Hvordan kj\u00f8pe billetter online til den tyske lotto\"}]},{\"@type\":\"WebSite\",\"@id\":\"https:\/\/onlinelotto365.com\/no\/#website\",\"url\":\"https:\/\/onlinelotto365.com\/no\/\",\"name\":\"OnlineLotto365\",\"description\":\"\",\"potentialAction\":[{\"@type\":\"SearchAction\",\"target\":{\"@type\":\"EntryPoint\",\"urlTemplate\":\"https:\/\/onlinelotto365.com\/no\/?s={search_term_string}\"},\"query-input\":{\"@type\":\"PropertyValueSpecification\",\"valueRequired\":true,\"valueName\":\"search_term_string\"}}],\"inLanguage\":\"nb-NO\"}]}<\/script>\n<!-- \/ Yoast SEO plugin. -->","yoast_head_json":{"title":"N\u00e5 kan du kj\u00f8pe tyske lottobilletter online fra Norge","description":"Hvis du bor i Norge, kan du fortsatt kj\u00f8pe tyske lottobilletter p\u00e5 nettet.","robots":{"index":"index","follow":"follow","max-snippet":"max-snippet:-1","max-image-preview":"max-image-preview:large","max-video-preview":"max-video-preview:-1"},"canonical":"https:\/\/onlinelotto365.com\/no\/kjope-billetter\/hvordan-kjope-billetter-online-til-den-tyske-lotto\/","og_locale":"nb_NO","og_type":"article","og_title":"N\u00e5 kan du kj\u00f8pe tyske lottobilletter online fra Norge","og_description":"Hvis du bor i Norge, kan du fortsatt kj\u00f8pe tyske lottobilletter p\u00e5 nettet.","og_url":"https:\/\/onlinelotto365.com\/no\/kjope-billetter\/hvordan-kjope-billetter-online-til-den-tyske-lotto\/","og_site_name":"OnlineLotto365","og_image":[{"url":"https:\/\/redfoxlotto.com\/image?size=8&amp;lottery=lotto-6aus49"}],"twitter_card":"summary_large_image","twitter_misc":{"Ansl. lesetid":"3 minutter"},"schema":{"@context":"https:\/\/schema.org","@graph":[{"@type":"WebPage","@id":"https:\/\/onlinelotto365.com\/no\/kjope-billetter\/hvordan-kjope-billetter-online-til-den-tyske-lotto\/","url":"https:\/\/onlinelotto365.com\/no\/kjope-billetter\/hvordan-kjope-billetter-online-til-den-tyske-lotto\/","name":"N\u00e5 kan du kj\u00f8pe tyske lottobilletter online fra Norge","isPartOf":{"@id":"https:\/\/onlinelotto365.com\/no\/#website"},"primaryImageOfPage":{"@id":"https:\/\/onlinelotto365.com\/no\/kjope-billetter\/hvordan-kjope-billetter-online-til-den-tyske-lotto\/#primaryimage"},"image":{"@id":"https:\/\/onlinelotto365.com\/no\/kjope-billetter\/hvordan-kjope-billetter-online-til-den-tyske-lotto\/#primaryimage"},"thumbnailUrl":"https:\/\/redfoxlotto.com\/image?size=8&amp;lottery=lotto-6aus49","datePublished":"2023-09-25T13:56:17+00:00","dateModified":"2023-09-25T13:56:17+00:00","description":"Hvis du bor i Norge, kan du fortsatt kj\u00f8pe tyske lottobilletter p\u00e5 nettet.","breadcrumb":{"@id":"https:\/\/onlinelotto365.com\/no\/kjope-billetter\/hvordan-kjope-billetter-online-til-den-tyske-lotto\/#breadcrumb"},"inLanguage":"nb-NO","potentialAction":[{"@type":"ReadAction","target":["https:\/\/onlinelotto365.com\/no\/kjope-billetter\/hvordan-kjope-billetter-online-til-den-tyske-lotto\/"]}]},{"@type":"ImageObject","inLanguage":"nb-NO","@id":"https:\/\/onlinelotto365.com\/no\/kjope-billetter\/hvordan-kjope-billetter-online-til-den-tyske-lotto\/#primaryimage","url":"https:\/\/redfoxlotto.com\/image?size=8&amp;lottery=lotto-6aus49","contentUrl":"https:\/\/redfoxlotto.com\/image?size=8&amp;lottery=lotto-6aus49"},{"@type":"BreadcrumbList","@id":"https:\/\/onlinelotto365.com\/no\/kjope-billetter\/hvordan-kjope-billetter-online-til-den-tyske-lotto\/#breadcrumb","itemListElement":[{"@type":"ListItem","position":1,"name":"Home","item":"https:\/\/onlinelotto365.com\/no\/"},{"@type":"ListItem","position":2,"name":"Hvorfor det er mer fornuftig \u00e5 kj\u00f8pe lodd p\u00e5 nettet","item":"https:\/\/onlinelotto365.com\/no\/kjope-billetter\/"},{"@type":"ListItem","position":3,"name":"Hvordan kj\u00f8pe billetter online til den tyske lotto"}]},{"@type":"WebSite","@id":"https:\/\/onlinelotto365.com\/no\/#website","url":"https:\/\/onlinelotto365.com\/no\/","name":"OnlineLotto365","description":"","potentialAction":[{"@type":"SearchAction","target":{"@type":"EntryPoint","urlTemplate":"https:\/\/onlinelotto365.com\/no\/?s={search_term_string}"},"query-input":{"@type":"PropertyValueSpecification","valueRequired":true,"valueName":"search_term_string"}}],"inLanguage":"nb-NO"}]}},"_links":{"self":[{"href":"https:\/\/onlinelotto365.com\/no\/wp-json\/wp\/v2\/pages\/84114","targetHints":{"allow":["GET"]}}],"collection":[{"href":"https:\/\/onlinelotto365.com\/no\/wp-json\/wp\/v2\/pages"}],"about":[{"href":"https:\/\/onlinelotto365.com\/no\/wp-json\/wp\/v2\/types\/page"}],"author":[{"embeddable":true,"href":"https:\/\/onlinelotto365.com\/no\/wp-json\/wp\/v2\/users\/1"}],"replies":[{"embeddable":true,"href":"https:\/\/onlinelotto365.com\/no\/wp-json\/wp\/v2\/comments?post=84114"}],"version-history":[{"count":0,"href":"https:\/\/onlinelotto365.com\/no\/wp-json\/wp\/v2\/pages\/84114\/revisions"}],"up":[{"embeddable":true,"href":"https:\/\/onlinelotto365.com\/no\/wp-json\/wp\/v2\/pages\/5668"}],"wp:attachment":[{"href":"https:\/\/onlinelotto365.com\/no\/wp-json\/wp\/v2\/media?parent=84114"}],"curies":[{"name":"wp","href":"https:\/\/api.w.org\/{rel}","templated":true}]}}