{"id":84131,"date":"2023-09-25T20:32:02","date_gmt":"2023-09-25T19:32:02","guid":{"rendered":"https:\/\/onlinelotto365.com\/kjope-billetter\/hvordan-kjope-mega-sena-brazil-billetter-pa-nettet"},"modified":"2023-09-25T20:32:02","modified_gmt":"2023-09-25T19:32:02","slug":"hvordan-kjope-mega-sena-brazil-billetter-pa-nettet","status":"publish","type":"page","link":"https:\/\/onlinelotto365.com\/no\/kjope-billetter\/hvordan-kjope-mega-sena-brazil-billetter-pa-nettet\/","title":{"rendered":"Hvordan kj\u00f8pe Mega-Sena Brazil-billetter p\u00e5 nettet"},"content":{"rendered":"<p>Vil du vite hvordan du kan f\u00e5 tak i billettene du trenger til Mega-Sena, selv om du bor i Norge eller et annet land utenfor Brasil? Vel, da vil du \u00f8nske \u00e5 lese litt videre fordi vi kan hjelpe deg med hele prosessen og s\u00f8rge for at du er p\u00e5 god vei til \u00e5 f\u00e5 billettene du vil ha til alle spillene du vil spille.<\/p>\n<ul>\n<li>Alt du trenger \u00e5 gj\u00f8re for \u00e5 komme i gang er \u00e5 velge spillet du vil spille og velge ut billettnumrene du vil ha for det spillet.<\/li>\n<li>Legg til s\u00e5 mange lodd du vil for dette spillet eller et hvilket som helst annet spill du vil spille.<\/li>\n<li><img decoding=\"async\" class=\"aligncenter\" src=\"https:\/\/redfoxlotto.com\/image?size=8&amp;lottery=mega-sena\" alt=\"mega-sena\" \/><br \/>\nKlikk p\u00e5 knappen for \u00e5 starte betalingsprosessen.<\/li>\n<li>Logg inn p\u00e5 din n\u00e5v\u00e6rende konto eller opprett en ny konto for \u00e5 kj\u00f8pe billetter.<\/li>\n<li>Hvis du m\u00e5 opprette en ny konto, m\u00e5 du g\u00e5 gjennom registreringsprosessen. Bekreftelseslenken din vil bli sendt til e-posten din.<\/li>\n<li>Hvis e-posten ikke dukker opp i innboksen din, b\u00f8r du sjekke s\u00f8ppelpostmappen for \u00e5 forsikre deg om at den er mottatt.<\/li>\n<\/ul>\n<h2>N\u00e5r du har bekreftet kontoen din, g\u00e5r du til handlekurven p\u00e5 nettstedet.<\/h2>\n<p><img loading=\"lazy\" decoding=\"async\" class=\"alignright wp-image-3660\" src=\"https:\/\/onlinelotto365.com\/wp-content\/uploads\/2020\/11\/online_lottery-133-300x212.jpg\" alt=\"mega-sena online Norge\" width=\"177\" height=\"125\" srcset=\"https:\/\/onlinelotto365.com\/wp-content\/uploads\/2020\/11\/online_lottery-133-300x212.jpg 300w, https:\/\/onlinelotto365.com\/wp-content\/uploads\/2020\/11\/online_lottery-133.jpg 320w\" sizes=\"auto, (max-width: 177px) 100vw, 177px\" \/><\/p>\n<ul>\n<li>F\u00f8lg instruksjonene for \u00e5 betale for billettene med den betalingsm\u00e5ten du har valgt.<\/li>\n<li>Slik betaler du for Mega-Sena-billettene dine p\u00e5 nettet<\/li>\n<\/ul>\n<p>Det er viktig for deg \u00e5 betale for billettene dine p\u00e5 en sikker m\u00e5te, og vi gj\u00f8r det s\u00e5 enkelt som mulig ved \u00e5 gi deg mange forskjellige direkte betalingsalternativer samt et sekund\u00e6rt alternativ for \u00e5 kj\u00f8pe billetter. Du trenger bare \u00e5 starte med en av de to alternativene nedenfor.<\/p>\n<h2>Betal direkte med din favorittbetalingsmetode<\/h2>\n<ul>\n<li>Sett inn penger p\u00e5 spillerkontoen din slik at du kan kj\u00f8pe billetter direkte fra kontoen.<\/li>\n<li>S\u00f8rg for \u00e5 sette inn litt ekstra penger p\u00e5 spillerkontoen din hvis du velger denne metoden. P\u00e5 den m\u00e5ten vil saldoen p\u00e5 kontoen din kunne betale for kj\u00f8pet.<\/li>\n<li>Mer informasjon om Mega-Sena<\/li>\n<li>Land: Brasil<\/li>\n<li>Hovednummeromr\u00e5de: 60<\/li>\n<li>Du velger: 6<\/li>\n<li>Trekningsdager, timer: Onsdag, l\u00f8rdag, 20:00 GMT -3, 24:00 CET<\/li>\n<li>Minimum jackpot: R$ 2 millioner<\/li>\n<li>Maksimal jackpot: ingen<\/li>\n<li>Sannsynlighet for \u00e5 vinne jackpotten: 1 i 50063860<\/li>\n<li>Sannsynligheten for \u00e5 vinne p\u00e5 niv\u00e5 2: 1 i 15451809<\/li>\n<li>Sannsynlighet for \u00e5 vinne i et hvilket som helst niv\u00e5: 1 i 2297,56<\/li>\n<li>Antall premieniv\u00e5er: 3<\/li>\n<\/ul>\n<h2>Fordeler med \u00e5 kj\u00f8pe Mega-Sena-billetter online<\/h2>\n<ul>\n<li>\nIngen reising n\u00f8dvendig &#8211; bare kj\u00f8p lodd hjemmefra<\/li>\n<li>\nVelg og vrak mellom ulike lotterispill<\/li>\n<li>\nF\u00e5 de beste oddsene for \u00e5 vinne spill med h\u00f8ye jackpotter<\/li>\n<li>\nSett inn penger direkte p\u00e5 kontoen din som du kan bruke til kj\u00f8p av lodd<\/li>\n<li>\nHold enkelt oversikt over loddene dine<\/li>\n<li>\nMotta varsler n\u00e5r du vinner p\u00e5 loddene dine<\/li>\n<li>\nBruk hurtigvalg-alternativet for \u00e5 f\u00e5 lodd uten \u00e5 velge nummer<\/li>\n<\/ul>\n<h2>Er det lovlig \u00e5 kj\u00f8pe Mega-Sena-lodd p\u00e5 nettet?<\/h2>\n<p>Mange bekymrer seg for om de kan kj\u00f8pe Mega Sena-lodd p\u00e5 nettet fordi de bor i Norge. Eller kanskje de bor i et annet land, men ikke i Brasil. Vi hjelper deg med \u00e5 ta vare p\u00e5 noen av bekymringene ved \u00e5 s\u00f8rge for at alt vi gj\u00f8r er basert p\u00e5 regler fra landet som driver lotteriet. Dette gj\u00f8r det enklere for deg \u00e5 kj\u00f8pe loddene dine og f\u00f8le deg komfortabel med prosessen. I tillegg er du garantert \u00e5 f\u00e5 alle pengene du vinner, inkludert jackpotten.<\/p>\n<h2>Hvordan f\u00e5r jeg betalt hvis jeg vinner Mega-Sena p\u00e5 nettet?<\/h2>\n<p>N\u00e5r det gjelder utbetaling til vinnere, gj\u00f8r vi det p\u00e5 den beste m\u00e5ten, ved \u00e5 gi deg hver eneste krone. Du trenger ikke \u00e5 betale oss noen provisjon for bel\u00f8pet du vinner, enten det er en liten premie eller en jackpot. Du trenger heller ikke \u00e5 betale oss noen gebyrer med mindre du velger bankoverf\u00f8ring.<br \/>\nMed alle andre betalingsm\u00e5ter f\u00e5r du alle pengene du har vunnet. Ved bankoverf\u00f8ringer f\u00e5r vi noen ganger gebyrer fra banken, og disse gebyrene trekkes fra gevinsten din under overf\u00f8ringsprosessen.N\u00e5r du vinner, b\u00f8r du imidlertid kjenne til prosessen som skjer for \u00e5 skaffe deg pengene:<\/p>\n<ul>\n<li>Alle som vinner mindre enn 2 500 euro, f\u00e5r pengene satt direkte inn p\u00e5 kontoen sin uten \u00e5 m\u00e5tte gj\u00f8re noe som helst.<\/li>\n<li>\nAlle som vinner over 2 500 kr, vil imidlertid bli bedt om \u00e5 fylle ut et kravskjema av kundest\u00f8tteteamet v\u00e5rt. Dette gir deg mulighet til \u00e5 f\u00e5 pengene dine p\u00e5 \u00e9n av to m\u00e5ter. Du kan enten velge \u00e5 f\u00e5 en sjekk p\u00e5 hele bel\u00f8pet eller \u00e5 f\u00e5 en bankoverf\u00f8ring.<br \/>\nUansett f\u00e5r du pengene dine overf\u00f8rt til et hvilket som helst land, inkludert Norge, i l\u00f8pet av noen f\u00e5 dager.<\/li>\n<\/ul>\n","protected":false},"excerpt":{"rendered":"<p>Vil du vite hvordan du kan f\u00e5 tak i billettene du trenger til Mega-Sena, selv om du bor i Norge eller et annet land utenfor Brasil? Vel, da vil du \u00f8nske \u00e5 lese litt videre fordi vi kan hjelpe deg med hele prosessen og s\u00f8rge for at du er p\u00e5 god vei til \u00e5 f\u00e5 [&hellip;]<\/p>\n","protected":false},"author":1,"featured_media":0,"parent":5668,"menu_order":12,"comment_status":"closed","ping_status":"closed","template":"megasena-info.php","meta":{"_et_pb_use_builder":"","_et_pb_old_content":"","_et_gb_content_width":"","exclude_from_search":false,"footnotes":""},"class_list":["post-84131","page","type-page","status-publish","hentry"],"yoast_head":"<!-- This site is optimized with the Yoast SEO plugin v23.4 - https:\/\/yoast.com\/wordpress\/plugins\/seo\/ -->\n<title>Kj\u00f8p billetter til Mega-Sena online fra Norge| Om Mega-Sena og hvordan du f\u00e5r billetter<\/title>\n<meta name=\"description\" content=\"Dette er et flott lotteri fra Brasil - og du kan n\u00e5 kj\u00f8pe billetter online\" \/>\n<meta name=\"robots\" content=\"index, follow, max-snippet:-1, max-image-preview:large, max-video-preview:-1\" \/>\n<link rel=\"canonical\" href=\"https:\/\/onlinelotto365.com\/no\/kjope-billetter\/hvordan-kjope-mega-sena-brazil-billetter-pa-nettet\/\" \/>\n<meta property=\"og:locale\" content=\"nb_NO\" \/>\n<meta property=\"og:type\" content=\"article\" \/>\n<meta property=\"og:title\" content=\"Kj\u00f8p billetter til Mega-Sena online fra Norge| Om Mega-Sena og hvordan du f\u00e5r billetter\" \/>\n<meta property=\"og:description\" content=\"Dette er et flott lotteri fra Brasil - og du kan n\u00e5 kj\u00f8pe billetter online\" \/>\n<meta property=\"og:url\" content=\"https:\/\/onlinelotto365.com\/no\/kjope-billetter\/hvordan-kjope-mega-sena-brazil-billetter-pa-nettet\/\" \/>\n<meta property=\"og:site_name\" content=\"OnlineLotto365\" \/>\n<meta property=\"og:image\" content=\"https:\/\/redfoxlotto.com\/image?size=8&amp;lottery=mega-sena\" \/>\n<meta name=\"twitter:card\" content=\"summary_large_image\" \/>\n<meta name=\"twitter:label1\" content=\"Ansl. lesetid\" \/>\n\t<meta name=\"twitter:data1\" content=\"4 minutter\" \/>\n<script type=\"application\/ld+json\" class=\"yoast-schema-graph\">{\"@context\":\"https:\/\/schema.org\",\"@graph\":[{\"@type\":\"WebPage\",\"@id\":\"https:\/\/onlinelotto365.com\/no\/kjope-billetter\/hvordan-kjope-mega-sena-brazil-billetter-pa-nettet\/\",\"url\":\"https:\/\/onlinelotto365.com\/no\/kjope-billetter\/hvordan-kjope-mega-sena-brazil-billetter-pa-nettet\/\",\"name\":\"Kj\u00f8p billetter til Mega-Sena online fra Norge| Om Mega-Sena og hvordan du f\u00e5r billetter\",\"isPartOf\":{\"@id\":\"https:\/\/onlinelotto365.com\/no\/#website\"},\"primaryImageOfPage\":{\"@id\":\"https:\/\/onlinelotto365.com\/no\/kjope-billetter\/hvordan-kjope-mega-sena-brazil-billetter-pa-nettet\/#primaryimage\"},\"image\":{\"@id\":\"https:\/\/onlinelotto365.com\/no\/kjope-billetter\/hvordan-kjope-mega-sena-brazil-billetter-pa-nettet\/#primaryimage\"},\"thumbnailUrl\":\"https:\/\/redfoxlotto.com\/image?size=8&amp;lottery=mega-sena\",\"datePublished\":\"2023-09-25T19:32:02+00:00\",\"dateModified\":\"2023-09-25T19:32:02+00:00\",\"description\":\"Dette er et flott lotteri fra Brasil - og du kan n\u00e5 kj\u00f8pe billetter online\",\"breadcrumb\":{\"@id\":\"https:\/\/onlinelotto365.com\/no\/kjope-billetter\/hvordan-kjope-mega-sena-brazil-billetter-pa-nettet\/#breadcrumb\"},\"inLanguage\":\"nb-NO\",\"potentialAction\":[{\"@type\":\"ReadAction\",\"target\":[\"https:\/\/onlinelotto365.com\/no\/kjope-billetter\/hvordan-kjope-mega-sena-brazil-billetter-pa-nettet\/\"]}]},{\"@type\":\"ImageObject\",\"inLanguage\":\"nb-NO\",\"@id\":\"https:\/\/onlinelotto365.com\/no\/kjope-billetter\/hvordan-kjope-mega-sena-brazil-billetter-pa-nettet\/#primaryimage\",\"url\":\"https:\/\/redfoxlotto.com\/image?size=8&amp;lottery=mega-sena\",\"contentUrl\":\"https:\/\/redfoxlotto.com\/image?size=8&amp;lottery=mega-sena\"},{\"@type\":\"BreadcrumbList\",\"@id\":\"https:\/\/onlinelotto365.com\/no\/kjope-billetter\/hvordan-kjope-mega-sena-brazil-billetter-pa-nettet\/#breadcrumb\",\"itemListElement\":[{\"@type\":\"ListItem\",\"position\":1,\"name\":\"Home\",\"item\":\"https:\/\/onlinelotto365.com\/no\/\"},{\"@type\":\"ListItem\",\"position\":2,\"name\":\"Hvorfor det er mer fornuftig \u00e5 kj\u00f8pe lodd p\u00e5 nettet\",\"item\":\"https:\/\/onlinelotto365.com\/no\/kjope-billetter\/\"},{\"@type\":\"ListItem\",\"position\":3,\"name\":\"Hvordan kj\u00f8pe Mega-Sena Brazil-billetter p\u00e5 nettet\"}]},{\"@type\":\"WebSite\",\"@id\":\"https:\/\/onlinelotto365.com\/no\/#website\",\"url\":\"https:\/\/onlinelotto365.com\/no\/\",\"name\":\"OnlineLotto365\",\"description\":\"\",\"potentialAction\":[{\"@type\":\"SearchAction\",\"target\":{\"@type\":\"EntryPoint\",\"urlTemplate\":\"https:\/\/onlinelotto365.com\/no\/?s={search_term_string}\"},\"query-input\":{\"@type\":\"PropertyValueSpecification\",\"valueRequired\":true,\"valueName\":\"search_term_string\"}}],\"inLanguage\":\"nb-NO\"}]}<\/script>\n<!-- \/ Yoast SEO plugin. -->","yoast_head_json":{"title":"Kj\u00f8p billetter til Mega-Sena online fra Norge| Om Mega-Sena og hvordan du f\u00e5r billetter","description":"Dette er et flott lotteri fra Brasil - og du kan n\u00e5 kj\u00f8pe billetter online","robots":{"index":"index","follow":"follow","max-snippet":"max-snippet:-1","max-image-preview":"max-image-preview:large","max-video-preview":"max-video-preview:-1"},"canonical":"https:\/\/onlinelotto365.com\/no\/kjope-billetter\/hvordan-kjope-mega-sena-brazil-billetter-pa-nettet\/","og_locale":"nb_NO","og_type":"article","og_title":"Kj\u00f8p billetter til Mega-Sena online fra Norge| Om Mega-Sena og hvordan du f\u00e5r billetter","og_description":"Dette er et flott lotteri fra Brasil - og du kan n\u00e5 kj\u00f8pe billetter online","og_url":"https:\/\/onlinelotto365.com\/no\/kjope-billetter\/hvordan-kjope-mega-sena-brazil-billetter-pa-nettet\/","og_site_name":"OnlineLotto365","og_image":[{"url":"https:\/\/redfoxlotto.com\/image?size=8&amp;lottery=mega-sena"}],"twitter_card":"summary_large_image","twitter_misc":{"Ansl. lesetid":"4 minutter"},"schema":{"@context":"https:\/\/schema.org","@graph":[{"@type":"WebPage","@id":"https:\/\/onlinelotto365.com\/no\/kjope-billetter\/hvordan-kjope-mega-sena-brazil-billetter-pa-nettet\/","url":"https:\/\/onlinelotto365.com\/no\/kjope-billetter\/hvordan-kjope-mega-sena-brazil-billetter-pa-nettet\/","name":"Kj\u00f8p billetter til Mega-Sena online fra Norge| Om Mega-Sena og hvordan du f\u00e5r billetter","isPartOf":{"@id":"https:\/\/onlinelotto365.com\/no\/#website"},"primaryImageOfPage":{"@id":"https:\/\/onlinelotto365.com\/no\/kjope-billetter\/hvordan-kjope-mega-sena-brazil-billetter-pa-nettet\/#primaryimage"},"image":{"@id":"https:\/\/onlinelotto365.com\/no\/kjope-billetter\/hvordan-kjope-mega-sena-brazil-billetter-pa-nettet\/#primaryimage"},"thumbnailUrl":"https:\/\/redfoxlotto.com\/image?size=8&amp;lottery=mega-sena","datePublished":"2023-09-25T19:32:02+00:00","dateModified":"2023-09-25T19:32:02+00:00","description":"Dette er et flott lotteri fra Brasil - og du kan n\u00e5 kj\u00f8pe billetter online","breadcrumb":{"@id":"https:\/\/onlinelotto365.com\/no\/kjope-billetter\/hvordan-kjope-mega-sena-brazil-billetter-pa-nettet\/#breadcrumb"},"inLanguage":"nb-NO","potentialAction":[{"@type":"ReadAction","target":["https:\/\/onlinelotto365.com\/no\/kjope-billetter\/hvordan-kjope-mega-sena-brazil-billetter-pa-nettet\/"]}]},{"@type":"ImageObject","inLanguage":"nb-NO","@id":"https:\/\/onlinelotto365.com\/no\/kjope-billetter\/hvordan-kjope-mega-sena-brazil-billetter-pa-nettet\/#primaryimage","url":"https:\/\/redfoxlotto.com\/image?size=8&amp;lottery=mega-sena","contentUrl":"https:\/\/redfoxlotto.com\/image?size=8&amp;lottery=mega-sena"},{"@type":"BreadcrumbList","@id":"https:\/\/onlinelotto365.com\/no\/kjope-billetter\/hvordan-kjope-mega-sena-brazil-billetter-pa-nettet\/#breadcrumb","itemListElement":[{"@type":"ListItem","position":1,"name":"Home","item":"https:\/\/onlinelotto365.com\/no\/"},{"@type":"ListItem","position":2,"name":"Hvorfor det er mer fornuftig \u00e5 kj\u00f8pe lodd p\u00e5 nettet","item":"https:\/\/onlinelotto365.com\/no\/kjope-billetter\/"},{"@type":"ListItem","position":3,"name":"Hvordan kj\u00f8pe Mega-Sena Brazil-billetter p\u00e5 nettet"}]},{"@type":"WebSite","@id":"https:\/\/onlinelotto365.com\/no\/#website","url":"https:\/\/onlinelotto365.com\/no\/","name":"OnlineLotto365","description":"","potentialAction":[{"@type":"SearchAction","target":{"@type":"EntryPoint","urlTemplate":"https:\/\/onlinelotto365.com\/no\/?s={search_term_string}"},"query-input":{"@type":"PropertyValueSpecification","valueRequired":true,"valueName":"search_term_string"}}],"inLanguage":"nb-NO"}]}},"_links":{"self":[{"href":"https:\/\/onlinelotto365.com\/no\/wp-json\/wp\/v2\/pages\/84131","targetHints":{"allow":["GET"]}}],"collection":[{"href":"https:\/\/onlinelotto365.com\/no\/wp-json\/wp\/v2\/pages"}],"about":[{"href":"https:\/\/onlinelotto365.com\/no\/wp-json\/wp\/v2\/types\/page"}],"author":[{"embeddable":true,"href":"https:\/\/onlinelotto365.com\/no\/wp-json\/wp\/v2\/users\/1"}],"replies":[{"embeddable":true,"href":"https:\/\/onlinelotto365.com\/no\/wp-json\/wp\/v2\/comments?post=84131"}],"version-history":[{"count":0,"href":"https:\/\/onlinelotto365.com\/no\/wp-json\/wp\/v2\/pages\/84131\/revisions"}],"up":[{"embeddable":true,"href":"https:\/\/onlinelotto365.com\/no\/wp-json\/wp\/v2\/pages\/5668"}],"wp:attachment":[{"href":"https:\/\/onlinelotto365.com\/no\/wp-json\/wp\/v2\/media?parent=84131"}],"curies":[{"name":"wp","href":"https:\/\/api.w.org\/{rel}","templated":true}]}}