{"id":84140,"date":"2023-09-26T09:04:34","date_gmt":"2023-09-26T08:04:34","guid":{"rendered":"https:\/\/onlinelotto365.com\/kjope-billetter\/hvordan-kjope-powerball-australia-billetter-online"},"modified":"2023-09-26T09:04:34","modified_gmt":"2023-09-26T08:04:34","slug":"hvordan-kjope-powerball-australia-billetter-online","status":"publish","type":"page","link":"https:\/\/onlinelotto365.com\/no\/kjope-billetter\/hvordan-kjope-powerball-australia-billetter-online\/","title":{"rendered":"Hvordan kj\u00f8pe Powerball Australia-billetter online"},"content":{"rendered":"<p>Vil du vite hvordan du kan kj\u00f8pe Powerball Australia-lodd p\u00e5 nettet? Vel, vi har delt det opp i noen f\u00e5 enkle trinn for v\u00e5re kunder fra Norge og andre land, slik at du kan komme i gang med prosessen med en gang. Og du kan gj\u00f8re det mye raskere og enklere enn du kanskje tror.<\/p>\n<ul>\n<li>G\u00e5 til Powerball Australia-siden og velg ut billettene du vil ha og tallene for disse billettene, eller la datamaskinen velge for deg.<\/li>\n<li>Legg til s\u00e5 mange billetter og spill i bestillingen din som du vil f\u00f8r du er ferdig.<\/li>\n<li>Klikk p\u00e5 knappen for \u00e5 betale n\u00e5<\/li>\n<li>Opprett en konto p\u00e5 nettstedet v\u00e5rt, eller logg inn p\u00e5 din n\u00e5v\u00e6rende konto hvis du allerede har en.<\/li>\n<li>Hvis du m\u00e5 opprette en konto, m\u00e5 du registrere den med e-postadressen din.<\/li>\n<p><img decoding=\"async\" class=\"aligncenter\" src=\"https:\/\/redfoxlotto.com\/image?size=8&amp;lottery=powerball-au\" alt=\"Powerball Australia\" \/><\/p>\n<li>Sjekk s\u00f8ppelpostmappen og den vanlige innboksen din for bekreftelses-e-posten.<\/li>\n<li>G\u00e5 til handlekurven for \u00e5 fullf\u00f8re kj\u00f8pet<\/li>\n<li>Velg betalingsm\u00e5ten du vil bruke og g\u00e5 gjennom betalingsprosessen<\/li>\n<\/ul>\n<h2>Slik betaler du for Powerball Australia-billetten din online<\/h2>\n<p><img loading=\"lazy\" decoding=\"async\" class=\"alignright wp-image-3631\" src=\"https:\/\/onlinelotto365.com\/wp-content\/uploads\/2020\/11\/online_lottery-40-300x200.jpg\" alt=\"powerball australia online\" width=\"252\" height=\"168\" srcset=\"https:\/\/onlinelotto365.com\/wp-content\/uploads\/2020\/11\/online_lottery-40-300x200.jpg 300w, https:\/\/onlinelotto365.com\/wp-content\/uploads\/2020\/11\/online_lottery-40.jpg 424w\" sizes=\"auto, (max-width: 252px) 100vw, 252px\" \/><br \/>\nDu kan velge mellom en rekke forskjellige betalingsalternativer som alle er like sikre som du forventer n\u00e5r du kj\u00f8per noe p\u00e5 nettet fra Norge.<\/p>\n<p>Kj\u00f8p billettene dine ved \u00e5:<\/p>\n<ul>\n<li>Betale for bestillingen direkte med ditt foretrukne betalingsalternativ<\/li>\n<li>Sette inn penger p\u00e5 spillerkontoen din og bruke dem til \u00e5 kj\u00f8pe billetter.<\/li>\n<\/ul>\n<p>Husk at du m\u00e5 sette inn mer enn nok penger p\u00e5 spillerkontoen din til \u00e5 kj\u00f8pe billettene du \u00f8nsker hvis du velger det alternativet.<\/p>\n<h2>Mer informasjon om Powerball Australia<\/h2>\n<ul>\n<li>Land: Australia<\/li>\n<li>Hovedtallsrekkevidde: 35<\/li>\n<li>Du velger: 7<\/li>\n<li>Ekstra tall rekkevidde: 20<\/li>\n<li>Du velger: 1<\/li>\n<li>Trekningsdager, timer: Torsdag, 21:30 GMT+11, 10:30 CET<\/li>\n<li>Minimum jackpot: AU$ 3 millioner<\/li>\n<li>Maksimal jackpot: AU$ 150 millioner<\/li>\n<li>Sannsynlighet for \u00e5 vinne jackpotten: 1 i 134490400<\/li>\n<li>Sannsynlighet for en tier 2 gevinst: 1 i 7078443<\/li>\n<li>Sannsynlighet for \u00e5 vinne i et hvilket som helst niv\u00e5: 1 i 24,87<\/li>\n<li>Antall premieniv\u00e5er: 7<\/li>\n<\/ul>\n<h2>Fordeler med \u00e5 kj\u00f8pe Powerball Australia-billetter online<\/h2>\n<ul>\n<li>F\u00e5 billettene du vil ha uten \u00e5 m\u00e5tte forlate hjemmet ditt<\/li>\n<li>Kj\u00f8p billetter til mange forskjellige typer lotterier<\/li>\n<li>F\u00e5 en bedre sjanse til \u00e5 vinne en stor jackpot ved \u00e5 velge de beste alternativene<\/li>\n<li>Sett inn penger p\u00e5 kontoen din og bruk dem til \u00e5 kj\u00f8pe lodd med<\/li>\n<li>Ikke bekymre deg for \u00e5 miste loddene dine<\/li>\n<li>Varsler hvis loddet ditt er en vinner<\/li>\n<li>Velg tilfeldige billetter med tallgeneratoren<\/li>\n<\/ul>\n<h2>Er det lovlig \u00e5 kj\u00f8pe Powerball Australia-lodd p\u00e5 nett i Norge?<\/h2>\n<p>Det er ingen grunn til \u00e5 bekymre deg for \u00e5 kj\u00f8pe billetter p\u00e5 nettet eller p\u00e5 tradisjonell m\u00e5te n\u00e5r det gjelder regelverket fra hjemlandet ditt. Vi s\u00f8rger for \u00e5 f\u00f8lge reglene i landet der lotteriet finner sted, slik at du kan f\u00e5 gevinsten din. Selv om du vinner jackpotten, har du ingen problemer med \u00e5 f\u00e5 pengene.<br \/>\nAlle som bruker tjenesten v\u00e5r m\u00e5 v\u00e6re minst 18 \u00e5r gamle.<\/p>\n<h2>Hvordan f\u00e5r jeg betalt hvis jeg vinner Powerball Australia online?<\/h2>\n<p>Vi vet at du \u00f8nsker \u00e5 f\u00e5 utbetalt gevinsten din s\u00e5 raskt som mulig, og du \u00f8nsker definitivt ikke \u00e5 betale noen andre penger av gevinsten. Derfor tar vi aldri provisjon av gevinsten din. Hvis du vinner, f\u00e5r du pengene. Den eneste gangen vi tar et gebyr, er hvis du velger \u00e5 f\u00e5 pengene overf\u00f8rt via bankoverf\u00f8ring til banken din, som vil belaste oss med et gebyr som videref\u00f8res til deg.<br \/>\nHvis du vinner penger, m\u00e5 du bare huske p\u00e5 dette:<\/p>\n<ul>\n<li>Bel\u00f8p under 2 500 kr utbetales automatisk til spillerkontoen din uten at du trenger \u00e5 gj\u00f8re noe som helst.<\/li>\n<li>Bel\u00f8p over 2 500 kr utbetales i sjekk eller via bankoverf\u00f8ring og krever at du fyller ut et skjema som du f\u00e5r tilsendt av kundest\u00f8tte. P\u00e5 den m\u00e5ten kan du f\u00e5 pengene klarert gjennom lotterikommisjonen.<\/li>\n<\/ul>\n","protected":false},"excerpt":{"rendered":"<p>Vil du vite hvordan du kan kj\u00f8pe Powerball Australia-lodd p\u00e5 nettet? Vel, vi har delt det opp i noen f\u00e5 enkle trinn for v\u00e5re kunder fra Norge og andre land, slik at du kan komme i gang med prosessen med en gang. Og du kan gj\u00f8re det mye raskere og enklere enn du kanskje tror. [&hellip;]<\/p>\n","protected":false},"author":1,"featured_media":0,"parent":5668,"menu_order":13,"comment_status":"closed","ping_status":"closed","template":"powerball-au-info.php","meta":{"_et_pb_use_builder":"","_et_pb_old_content":"","_et_gb_content_width":"","exclude_from_search":false,"footnotes":""},"class_list":["post-84140","page","type-page","status-publish","hentry"],"yoast_head":"<!-- This site is optimized with the Yoast SEO plugin v23.4 - https:\/\/yoast.com\/wordpress\/plugins\/seo\/ -->\n<title>Kj\u00f8p billetter til Powerball Australia fra Norge via online tjeneste<\/title>\n<meta name=\"description\" content=\"Kj\u00f8p billetter til Powerball Australia fra Norge via online tjeneste\" \/>\n<meta name=\"robots\" content=\"index, follow, max-snippet:-1, max-image-preview:large, max-video-preview:-1\" \/>\n<link rel=\"canonical\" href=\"https:\/\/onlinelotto365.com\/no\/kjope-billetter\/hvordan-kjope-powerball-australia-billetter-online\/\" \/>\n<meta property=\"og:locale\" content=\"nb_NO\" \/>\n<meta property=\"og:type\" content=\"article\" \/>\n<meta property=\"og:title\" content=\"Kj\u00f8p billetter til Powerball Australia fra Norge via online tjeneste\" \/>\n<meta property=\"og:description\" content=\"Kj\u00f8p billetter til Powerball Australia fra Norge via online tjeneste\" \/>\n<meta property=\"og:url\" content=\"https:\/\/onlinelotto365.com\/no\/kjope-billetter\/hvordan-kjope-powerball-australia-billetter-online\/\" \/>\n<meta property=\"og:site_name\" content=\"OnlineLotto365\" \/>\n<meta property=\"og:image\" content=\"https:\/\/redfoxlotto.com\/image?size=8&amp;lottery=powerball-au\" \/>\n<meta name=\"twitter:card\" content=\"summary_large_image\" \/>\n<meta name=\"twitter:label1\" content=\"Ansl. lesetid\" \/>\n\t<meta name=\"twitter:data1\" content=\"3 minutter\" \/>\n<script type=\"application\/ld+json\" class=\"yoast-schema-graph\">{\"@context\":\"https:\/\/schema.org\",\"@graph\":[{\"@type\":\"WebPage\",\"@id\":\"https:\/\/onlinelotto365.com\/no\/kjope-billetter\/hvordan-kjope-powerball-australia-billetter-online\/\",\"url\":\"https:\/\/onlinelotto365.com\/no\/kjope-billetter\/hvordan-kjope-powerball-australia-billetter-online\/\",\"name\":\"Kj\u00f8p billetter til Powerball Australia fra Norge via online tjeneste\",\"isPartOf\":{\"@id\":\"https:\/\/onlinelotto365.com\/no\/#website\"},\"primaryImageOfPage\":{\"@id\":\"https:\/\/onlinelotto365.com\/no\/kjope-billetter\/hvordan-kjope-powerball-australia-billetter-online\/#primaryimage\"},\"image\":{\"@id\":\"https:\/\/onlinelotto365.com\/no\/kjope-billetter\/hvordan-kjope-powerball-australia-billetter-online\/#primaryimage\"},\"thumbnailUrl\":\"https:\/\/redfoxlotto.com\/image?size=8&amp;lottery=powerball-au\",\"datePublished\":\"2023-09-26T08:04:34+00:00\",\"dateModified\":\"2023-09-26T08:04:34+00:00\",\"description\":\"Kj\u00f8p billetter til Powerball Australia fra Norge via online tjeneste\",\"breadcrumb\":{\"@id\":\"https:\/\/onlinelotto365.com\/no\/kjope-billetter\/hvordan-kjope-powerball-australia-billetter-online\/#breadcrumb\"},\"inLanguage\":\"nb-NO\",\"potentialAction\":[{\"@type\":\"ReadAction\",\"target\":[\"https:\/\/onlinelotto365.com\/no\/kjope-billetter\/hvordan-kjope-powerball-australia-billetter-online\/\"]}]},{\"@type\":\"ImageObject\",\"inLanguage\":\"nb-NO\",\"@id\":\"https:\/\/onlinelotto365.com\/no\/kjope-billetter\/hvordan-kjope-powerball-australia-billetter-online\/#primaryimage\",\"url\":\"https:\/\/redfoxlotto.com\/image?size=8&amp;lottery=powerball-au\",\"contentUrl\":\"https:\/\/redfoxlotto.com\/image?size=8&amp;lottery=powerball-au\"},{\"@type\":\"BreadcrumbList\",\"@id\":\"https:\/\/onlinelotto365.com\/no\/kjope-billetter\/hvordan-kjope-powerball-australia-billetter-online\/#breadcrumb\",\"itemListElement\":[{\"@type\":\"ListItem\",\"position\":1,\"name\":\"Home\",\"item\":\"https:\/\/onlinelotto365.com\/no\/\"},{\"@type\":\"ListItem\",\"position\":2,\"name\":\"Hvorfor det er mer fornuftig \u00e5 kj\u00f8pe lodd p\u00e5 nettet\",\"item\":\"https:\/\/onlinelotto365.com\/no\/kjope-billetter\/\"},{\"@type\":\"ListItem\",\"position\":3,\"name\":\"Hvordan kj\u00f8pe Powerball Australia-billetter online\"}]},{\"@type\":\"WebSite\",\"@id\":\"https:\/\/onlinelotto365.com\/no\/#website\",\"url\":\"https:\/\/onlinelotto365.com\/no\/\",\"name\":\"OnlineLotto365\",\"description\":\"\",\"potentialAction\":[{\"@type\":\"SearchAction\",\"target\":{\"@type\":\"EntryPoint\",\"urlTemplate\":\"https:\/\/onlinelotto365.com\/no\/?s={search_term_string}\"},\"query-input\":{\"@type\":\"PropertyValueSpecification\",\"valueRequired\":true,\"valueName\":\"search_term_string\"}}],\"inLanguage\":\"nb-NO\"}]}<\/script>\n<!-- \/ Yoast SEO plugin. -->","yoast_head_json":{"title":"Kj\u00f8p billetter til Powerball Australia fra Norge via online tjeneste","description":"Kj\u00f8p billetter til Powerball Australia fra Norge via online tjeneste","robots":{"index":"index","follow":"follow","max-snippet":"max-snippet:-1","max-image-preview":"max-image-preview:large","max-video-preview":"max-video-preview:-1"},"canonical":"https:\/\/onlinelotto365.com\/no\/kjope-billetter\/hvordan-kjope-powerball-australia-billetter-online\/","og_locale":"nb_NO","og_type":"article","og_title":"Kj\u00f8p billetter til Powerball Australia fra Norge via online tjeneste","og_description":"Kj\u00f8p billetter til Powerball Australia fra Norge via online tjeneste","og_url":"https:\/\/onlinelotto365.com\/no\/kjope-billetter\/hvordan-kjope-powerball-australia-billetter-online\/","og_site_name":"OnlineLotto365","og_image":[{"url":"https:\/\/redfoxlotto.com\/image?size=8&amp;lottery=powerball-au"}],"twitter_card":"summary_large_image","twitter_misc":{"Ansl. lesetid":"3 minutter"},"schema":{"@context":"https:\/\/schema.org","@graph":[{"@type":"WebPage","@id":"https:\/\/onlinelotto365.com\/no\/kjope-billetter\/hvordan-kjope-powerball-australia-billetter-online\/","url":"https:\/\/onlinelotto365.com\/no\/kjope-billetter\/hvordan-kjope-powerball-australia-billetter-online\/","name":"Kj\u00f8p billetter til Powerball Australia fra Norge via online tjeneste","isPartOf":{"@id":"https:\/\/onlinelotto365.com\/no\/#website"},"primaryImageOfPage":{"@id":"https:\/\/onlinelotto365.com\/no\/kjope-billetter\/hvordan-kjope-powerball-australia-billetter-online\/#primaryimage"},"image":{"@id":"https:\/\/onlinelotto365.com\/no\/kjope-billetter\/hvordan-kjope-powerball-australia-billetter-online\/#primaryimage"},"thumbnailUrl":"https:\/\/redfoxlotto.com\/image?size=8&amp;lottery=powerball-au","datePublished":"2023-09-26T08:04:34+00:00","dateModified":"2023-09-26T08:04:34+00:00","description":"Kj\u00f8p billetter til Powerball Australia fra Norge via online tjeneste","breadcrumb":{"@id":"https:\/\/onlinelotto365.com\/no\/kjope-billetter\/hvordan-kjope-powerball-australia-billetter-online\/#breadcrumb"},"inLanguage":"nb-NO","potentialAction":[{"@type":"ReadAction","target":["https:\/\/onlinelotto365.com\/no\/kjope-billetter\/hvordan-kjope-powerball-australia-billetter-online\/"]}]},{"@type":"ImageObject","inLanguage":"nb-NO","@id":"https:\/\/onlinelotto365.com\/no\/kjope-billetter\/hvordan-kjope-powerball-australia-billetter-online\/#primaryimage","url":"https:\/\/redfoxlotto.com\/image?size=8&amp;lottery=powerball-au","contentUrl":"https:\/\/redfoxlotto.com\/image?size=8&amp;lottery=powerball-au"},{"@type":"BreadcrumbList","@id":"https:\/\/onlinelotto365.com\/no\/kjope-billetter\/hvordan-kjope-powerball-australia-billetter-online\/#breadcrumb","itemListElement":[{"@type":"ListItem","position":1,"name":"Home","item":"https:\/\/onlinelotto365.com\/no\/"},{"@type":"ListItem","position":2,"name":"Hvorfor det er mer fornuftig \u00e5 kj\u00f8pe lodd p\u00e5 nettet","item":"https:\/\/onlinelotto365.com\/no\/kjope-billetter\/"},{"@type":"ListItem","position":3,"name":"Hvordan kj\u00f8pe Powerball Australia-billetter online"}]},{"@type":"WebSite","@id":"https:\/\/onlinelotto365.com\/no\/#website","url":"https:\/\/onlinelotto365.com\/no\/","name":"OnlineLotto365","description":"","potentialAction":[{"@type":"SearchAction","target":{"@type":"EntryPoint","urlTemplate":"https:\/\/onlinelotto365.com\/no\/?s={search_term_string}"},"query-input":{"@type":"PropertyValueSpecification","valueRequired":true,"valueName":"search_term_string"}}],"inLanguage":"nb-NO"}]}},"_links":{"self":[{"href":"https:\/\/onlinelotto365.com\/no\/wp-json\/wp\/v2\/pages\/84140","targetHints":{"allow":["GET"]}}],"collection":[{"href":"https:\/\/onlinelotto365.com\/no\/wp-json\/wp\/v2\/pages"}],"about":[{"href":"https:\/\/onlinelotto365.com\/no\/wp-json\/wp\/v2\/types\/page"}],"author":[{"embeddable":true,"href":"https:\/\/onlinelotto365.com\/no\/wp-json\/wp\/v2\/users\/1"}],"replies":[{"embeddable":true,"href":"https:\/\/onlinelotto365.com\/no\/wp-json\/wp\/v2\/comments?post=84140"}],"version-history":[{"count":0,"href":"https:\/\/onlinelotto365.com\/no\/wp-json\/wp\/v2\/pages\/84140\/revisions"}],"up":[{"embeddable":true,"href":"https:\/\/onlinelotto365.com\/no\/wp-json\/wp\/v2\/pages\/5668"}],"wp:attachment":[{"href":"https:\/\/onlinelotto365.com\/no\/wp-json\/wp\/v2\/media?parent=84140"}],"curies":[{"name":"wp","href":"https:\/\/api.w.org\/{rel}","templated":true}]}}