{"id":84141,"date":"2023-09-26T09:15:07","date_gmt":"2023-09-26T08:15:07","guid":{"rendered":"https:\/\/onlinelotto365.com\/kjope-billetter\/hvordan-kjope-oz-lotto-billetter-online"},"modified":"2023-09-26T09:15:07","modified_gmt":"2023-09-26T08:15:07","slug":"hvordan-kjope-oz-lotto-billetter-online","status":"publish","type":"page","link":"https:\/\/onlinelotto365.com\/no\/kjope-billetter\/hvordan-kjope-oz-lotto-billetter-online\/","title":{"rendered":"Hvordan kj\u00f8pe Oz Lotto-billetter online"},"content":{"rendered":"<p>Du har flaks fordi vi har g\u00e5tt gjennom prosessen med akkurat hva du trenger \u00e5 gj\u00f8re for \u00e5 f\u00e5 Oz Lotto-billettene dine her, og fra Norge ogs\u00e5. Du kan enkelt kj\u00f8pe online hvis du bare f\u00f8lger disse enkle trinnene som vi har lagt ut for deg.<\/p>\n<ul>\n<li>G\u00e5 til siden for lotteriet du vil spille og velg ut tallene du vil ha. Eller la datamaskinen velge ut noen tall for deg.<\/li>\n<li>Legg til lodd for enda flere lotterier og for dette spillet ogs\u00e5.<\/li>\n<p><img decoding=\"async\" class=\"aligncenter\" src=\"https:\/\/redfoxlotto.com\/image?size=8&amp;lottery=oz-lotto\" alt=\"Oz Lotto\" \/><\/p>\n<li>Betal med en gang for loddene dine<\/li>\n<li>Registrer en helt ny konto eller logg inn p\u00e5 din n\u00e5v\u00e6rende konto for \u00e5 g\u00e5 gjennom betalingsprosessen.<\/li>\n<li>For kontoer som m\u00e5 registreres, s\u00f8rg for at du sjekker e-posten din for bekreftelseskoblingen for \u00e5 komme i gang.<\/li>\n<li>Se i s\u00f8ppelpostmappen hvis du ikke mottok e-posten i den vanlige innboksen din, og klikk p\u00e5 lenken for \u00e5 bekrefte.<\/li>\n<li>G\u00e5 til handlekurven for \u00e5 kj\u00f8pe billetter<\/li>\n<li>G\u00e5 gjennom betalingsprosessen for \u00e5 f\u00e5 billettene dine<\/li>\n<\/ul>\n<h2>Hvordan betale for Oz Lotto-billetten din online<\/h2>\n<p><img loading=\"lazy\" decoding=\"async\" class=\"alignright wp-image-3659\" src=\"https:\/\/onlinelotto365.com\/wp-content\/uploads\/2020\/11\/online_lottery-4-300x300.jpg\" alt=\"Oz lotto fra Norge\" width=\"246\" height=\"246\" srcset=\"https:\/\/onlinelotto365.com\/wp-content\/uploads\/2020\/11\/online_lottery-4-300x300.jpg 300w, https:\/\/onlinelotto365.com\/wp-content\/uploads\/2020\/11\/online_lottery-4-100x100.jpg 100w, https:\/\/onlinelotto365.com\/wp-content\/uploads\/2020\/11\/online_lottery-4-150x150.jpg 150w, https:\/\/onlinelotto365.com\/wp-content\/uploads\/2020\/11\/online_lottery-4.jpg 320w\" sizes=\"auto, (max-width: 246px) 100vw, 246px\" \/><br \/>\nDu kan velge mellom flere forskjellige helt sikre alternativer n\u00e5r det gjelder \u00e5 betale for Oz Lotto-billettene dine.<br \/>\nHver av disse passer inn i to forskjellige kategorier:<\/p>\n<ul>\n<li>Betal for bestillingen med hvilken som helst valgt betalingsm\u00e5te<\/li>\n<li>Sett inn penger p\u00e5 din n\u00e5v\u00e6rende spillerkonto og bruk disse pengene til \u00e5 foreta et kj\u00f8p<\/li>\n<\/ul>\n<p>S\u00f8rg for at du setter inn mer penger enn du trenger for \u00e5 foreta kj\u00f8pet hvis du skal bruke spillerkontoen din.<\/p>\n<h2>Mer informasjon om Oz Lotto<\/h2>\n<ul>\n<li>Land: Australia<\/li>\n<li>Hovedtallsrekkevidde: 45<\/li>\n<li>Du velger: 7<\/li>\n<li>Trekningsdager, timer: Tirsdag, 21:30 GMT+11, 10:30 CET<\/li>\n<li>Minimum jackpot: AU$ 2 millioner<\/li>\n<li>Maksimal jackpot: ingen<\/li>\n<li>Sannsynlighet for \u00e5 vinne jackpotten: 1 i 45379620<\/li>\n<li>Sannsynligheten for \u00e5 vinne p\u00e5 niv\u00e5 2: 1 i 3241401<\/li>\n<li>Sannsynlighet for \u00e5 vinne i et hvilket som helst niv\u00e5: 1 i 54,59<\/li>\n<li>Antall premieniv\u00e5er: 7<\/li>\n<\/ul>\n<h2>A dvantages of buying Oz Lotto tickets online<\/h2>\n<ul>\n<li>Du trenger ikke \u00e5 forlate hjemmet for \u00e5 velge ut loddene dine.<\/li>\n<li>Du kan velge mellom mange forskjellige alternativer<\/li>\n<li>Se p\u00e5 jackpotbel\u00f8pene for \u00e5 bestemme hvilket lotteri du vil kj\u00f8pe<\/li>\n<li>Sett inn penger direkte p\u00e5 spillerkontoen din og bruk dem til \u00e5 kj\u00f8pe loddene dine.<\/li>\n<li>Aldri bekymre deg for \u00e5 miste loddene dine<\/li>\n<li>F\u00e5 varsler hvis du vinner noe<\/li>\n<li>Bruk et hurtigvalgalternativ for \u00e5 f\u00e5 billetter uten \u00e5 velge dine egne tall<\/li>\n<\/ul>\n<h2>Er det lovlig \u00e5 kj\u00f8pe Oz Lotto-billetter online?<\/h2>\n<p>Du er kanskje usikker p\u00e5 om bostedslandet ditt tillater kj\u00f8p av lodd p\u00e5 nettet eller til og med p\u00e5 tradisjonell m\u00e5te. Vel, du trenger ikke \u00e5 bekymre deg, enten du er i Norge eller andre steder, fordi vi tar oss av ting n\u00e5r det gjelder regler for landet spillet spilles i. Du trenger ikke \u00e5 bekymre deg for om det er lovlig \u00e5 bruke tjenesten vi tilbyr, s\u00e5 lenge du er minst 18 \u00e5r gammel. Vi s\u00f8rger for at du f\u00e5r betalt uansett.<\/p>\n<h2>Hvordan f\u00e5r jeg betalt hvis jeg vinner i Oz Lotto p\u00e5 nettet?<\/h2>\n<p>Betalinger er en viktig del av prosessen n\u00e5r det gjelder lottospillingen din. Vi \u00f8nsker \u00e5 s\u00f8rge for at du f\u00e5r alle pengene dine, og derfor s\u00f8rger vi for at du ikke blir belastet en provisjon n\u00e5r du vinner noe.<\/p>\n<p>Du vil heller ikke bli belastet noen gebyrer med mindre du velger \u00e5 f\u00e5 pengene dine inn p\u00e5 kontoen din via bankoverf\u00f8ring. I s\u00e5 fall vil du muligens bli belastet et gebyr p\u00e5 det bel\u00f8pet banken tar for overf\u00f8ringen.<\/p>\n<h2>Ellers b\u00f8r du ha dette i bakhodet:<\/h2>\n<ul>\n<li>Hvis du vinner mindre enn 2 500 kr, settes pengene automatisk inn p\u00e5 kontoen din. Du trenger ikke \u00e5 bekymre deg for noe som helst.<\/li>\n<li>Hvis du vinner mer enn 2 500 kr, m\u00e5 pengene g\u00e5 gjennom de riktige kanalene. Det betyr at du vil f\u00e5 en e-post fra oss om \u00e5 fylle ut et kravskjema hos lotterikommisjonen. Deretter vil pengene bli overf\u00f8rt til bankkontoen din, eller de vil bli sendt med sjekk direkte til deg.<\/li>\n<\/ul>\n","protected":false},"excerpt":{"rendered":"<p>Du har flaks fordi vi har g\u00e5tt gjennom prosessen med akkurat hva du trenger \u00e5 gj\u00f8re for \u00e5 f\u00e5 Oz Lotto-billettene dine her, og fra Norge ogs\u00e5. Du kan enkelt kj\u00f8pe online hvis du bare f\u00f8lger disse enkle trinnene som vi har lagt ut for deg. G\u00e5 til siden for lotteriet du vil spille og [&hellip;]<\/p>\n","protected":false},"author":1,"featured_media":0,"parent":5668,"menu_order":14,"comment_status":"closed","ping_status":"closed","template":"template-rightsidebar.php","meta":{"_et_pb_use_builder":"","_et_pb_old_content":"","_et_gb_content_width":"","exclude_from_search":false,"footnotes":""},"class_list":["post-84141","page","type-page","status-publish","hentry"],"yoast_head":"<!-- This site is optimized with the Yoast SEO plugin v23.4 - https:\/\/yoast.com\/wordpress\/plugins\/seo\/ -->\n<title>F\u00e5 billetter til Oz Lotto online fra Norge<\/title>\n<meta name=\"description\" content=\"F\u00e5 billetter til det australske Oz Lotto fra Norge\" \/>\n<meta name=\"robots\" content=\"index, follow, max-snippet:-1, max-image-preview:large, max-video-preview:-1\" \/>\n<link rel=\"canonical\" href=\"https:\/\/onlinelotto365.com\/no\/kjope-billetter\/hvordan-kjope-oz-lotto-billetter-online\/\" \/>\n<meta property=\"og:locale\" content=\"nb_NO\" \/>\n<meta property=\"og:type\" content=\"article\" \/>\n<meta property=\"og:title\" content=\"F\u00e5 billetter til Oz Lotto online fra Norge\" \/>\n<meta property=\"og:description\" content=\"F\u00e5 billetter til det australske Oz Lotto fra Norge\" \/>\n<meta property=\"og:url\" content=\"https:\/\/onlinelotto365.com\/no\/kjope-billetter\/hvordan-kjope-oz-lotto-billetter-online\/\" \/>\n<meta property=\"og:site_name\" content=\"OnlineLotto365\" \/>\n<meta property=\"og:image\" content=\"https:\/\/redfoxlotto.com\/image?size=8&amp;lottery=oz-lotto\" \/>\n<meta name=\"twitter:card\" content=\"summary_large_image\" \/>\n<meta name=\"twitter:label1\" content=\"Ansl. lesetid\" \/>\n\t<meta name=\"twitter:data1\" content=\"3 minutter\" \/>\n<script type=\"application\/ld+json\" class=\"yoast-schema-graph\">{\"@context\":\"https:\/\/schema.org\",\"@graph\":[{\"@type\":\"WebPage\",\"@id\":\"https:\/\/onlinelotto365.com\/no\/kjope-billetter\/hvordan-kjope-oz-lotto-billetter-online\/\",\"url\":\"https:\/\/onlinelotto365.com\/no\/kjope-billetter\/hvordan-kjope-oz-lotto-billetter-online\/\",\"name\":\"F\u00e5 billetter til Oz Lotto online fra Norge\",\"isPartOf\":{\"@id\":\"https:\/\/onlinelotto365.com\/no\/#website\"},\"primaryImageOfPage\":{\"@id\":\"https:\/\/onlinelotto365.com\/no\/kjope-billetter\/hvordan-kjope-oz-lotto-billetter-online\/#primaryimage\"},\"image\":{\"@id\":\"https:\/\/onlinelotto365.com\/no\/kjope-billetter\/hvordan-kjope-oz-lotto-billetter-online\/#primaryimage\"},\"thumbnailUrl\":\"https:\/\/redfoxlotto.com\/image?size=8&amp;lottery=oz-lotto\",\"datePublished\":\"2023-09-26T08:15:07+00:00\",\"dateModified\":\"2023-09-26T08:15:07+00:00\",\"description\":\"F\u00e5 billetter til det australske Oz Lotto fra Norge\",\"breadcrumb\":{\"@id\":\"https:\/\/onlinelotto365.com\/no\/kjope-billetter\/hvordan-kjope-oz-lotto-billetter-online\/#breadcrumb\"},\"inLanguage\":\"nb-NO\",\"potentialAction\":[{\"@type\":\"ReadAction\",\"target\":[\"https:\/\/onlinelotto365.com\/no\/kjope-billetter\/hvordan-kjope-oz-lotto-billetter-online\/\"]}]},{\"@type\":\"ImageObject\",\"inLanguage\":\"nb-NO\",\"@id\":\"https:\/\/onlinelotto365.com\/no\/kjope-billetter\/hvordan-kjope-oz-lotto-billetter-online\/#primaryimage\",\"url\":\"https:\/\/redfoxlotto.com\/image?size=8&amp;lottery=oz-lotto\",\"contentUrl\":\"https:\/\/redfoxlotto.com\/image?size=8&amp;lottery=oz-lotto\"},{\"@type\":\"BreadcrumbList\",\"@id\":\"https:\/\/onlinelotto365.com\/no\/kjope-billetter\/hvordan-kjope-oz-lotto-billetter-online\/#breadcrumb\",\"itemListElement\":[{\"@type\":\"ListItem\",\"position\":1,\"name\":\"Home\",\"item\":\"https:\/\/onlinelotto365.com\/no\/\"},{\"@type\":\"ListItem\",\"position\":2,\"name\":\"Hvorfor det er mer fornuftig \u00e5 kj\u00f8pe lodd p\u00e5 nettet\",\"item\":\"https:\/\/onlinelotto365.com\/no\/kjope-billetter\/\"},{\"@type\":\"ListItem\",\"position\":3,\"name\":\"Hvordan kj\u00f8pe Oz Lotto-billetter online\"}]},{\"@type\":\"WebSite\",\"@id\":\"https:\/\/onlinelotto365.com\/no\/#website\",\"url\":\"https:\/\/onlinelotto365.com\/no\/\",\"name\":\"OnlineLotto365\",\"description\":\"\",\"potentialAction\":[{\"@type\":\"SearchAction\",\"target\":{\"@type\":\"EntryPoint\",\"urlTemplate\":\"https:\/\/onlinelotto365.com\/no\/?s={search_term_string}\"},\"query-input\":{\"@type\":\"PropertyValueSpecification\",\"valueRequired\":true,\"valueName\":\"search_term_string\"}}],\"inLanguage\":\"nb-NO\"}]}<\/script>\n<!-- \/ Yoast SEO plugin. -->","yoast_head_json":{"title":"F\u00e5 billetter til Oz Lotto online fra Norge","description":"F\u00e5 billetter til det australske Oz Lotto fra Norge","robots":{"index":"index","follow":"follow","max-snippet":"max-snippet:-1","max-image-preview":"max-image-preview:large","max-video-preview":"max-video-preview:-1"},"canonical":"https:\/\/onlinelotto365.com\/no\/kjope-billetter\/hvordan-kjope-oz-lotto-billetter-online\/","og_locale":"nb_NO","og_type":"article","og_title":"F\u00e5 billetter til Oz Lotto online fra Norge","og_description":"F\u00e5 billetter til det australske Oz Lotto fra Norge","og_url":"https:\/\/onlinelotto365.com\/no\/kjope-billetter\/hvordan-kjope-oz-lotto-billetter-online\/","og_site_name":"OnlineLotto365","og_image":[{"url":"https:\/\/redfoxlotto.com\/image?size=8&amp;lottery=oz-lotto"}],"twitter_card":"summary_large_image","twitter_misc":{"Ansl. lesetid":"3 minutter"},"schema":{"@context":"https:\/\/schema.org","@graph":[{"@type":"WebPage","@id":"https:\/\/onlinelotto365.com\/no\/kjope-billetter\/hvordan-kjope-oz-lotto-billetter-online\/","url":"https:\/\/onlinelotto365.com\/no\/kjope-billetter\/hvordan-kjope-oz-lotto-billetter-online\/","name":"F\u00e5 billetter til Oz Lotto online fra Norge","isPartOf":{"@id":"https:\/\/onlinelotto365.com\/no\/#website"},"primaryImageOfPage":{"@id":"https:\/\/onlinelotto365.com\/no\/kjope-billetter\/hvordan-kjope-oz-lotto-billetter-online\/#primaryimage"},"image":{"@id":"https:\/\/onlinelotto365.com\/no\/kjope-billetter\/hvordan-kjope-oz-lotto-billetter-online\/#primaryimage"},"thumbnailUrl":"https:\/\/redfoxlotto.com\/image?size=8&amp;lottery=oz-lotto","datePublished":"2023-09-26T08:15:07+00:00","dateModified":"2023-09-26T08:15:07+00:00","description":"F\u00e5 billetter til det australske Oz Lotto fra Norge","breadcrumb":{"@id":"https:\/\/onlinelotto365.com\/no\/kjope-billetter\/hvordan-kjope-oz-lotto-billetter-online\/#breadcrumb"},"inLanguage":"nb-NO","potentialAction":[{"@type":"ReadAction","target":["https:\/\/onlinelotto365.com\/no\/kjope-billetter\/hvordan-kjope-oz-lotto-billetter-online\/"]}]},{"@type":"ImageObject","inLanguage":"nb-NO","@id":"https:\/\/onlinelotto365.com\/no\/kjope-billetter\/hvordan-kjope-oz-lotto-billetter-online\/#primaryimage","url":"https:\/\/redfoxlotto.com\/image?size=8&amp;lottery=oz-lotto","contentUrl":"https:\/\/redfoxlotto.com\/image?size=8&amp;lottery=oz-lotto"},{"@type":"BreadcrumbList","@id":"https:\/\/onlinelotto365.com\/no\/kjope-billetter\/hvordan-kjope-oz-lotto-billetter-online\/#breadcrumb","itemListElement":[{"@type":"ListItem","position":1,"name":"Home","item":"https:\/\/onlinelotto365.com\/no\/"},{"@type":"ListItem","position":2,"name":"Hvorfor det er mer fornuftig \u00e5 kj\u00f8pe lodd p\u00e5 nettet","item":"https:\/\/onlinelotto365.com\/no\/kjope-billetter\/"},{"@type":"ListItem","position":3,"name":"Hvordan kj\u00f8pe Oz Lotto-billetter online"}]},{"@type":"WebSite","@id":"https:\/\/onlinelotto365.com\/no\/#website","url":"https:\/\/onlinelotto365.com\/no\/","name":"OnlineLotto365","description":"","potentialAction":[{"@type":"SearchAction","target":{"@type":"EntryPoint","urlTemplate":"https:\/\/onlinelotto365.com\/no\/?s={search_term_string}"},"query-input":{"@type":"PropertyValueSpecification","valueRequired":true,"valueName":"search_term_string"}}],"inLanguage":"nb-NO"}]}},"_links":{"self":[{"href":"https:\/\/onlinelotto365.com\/no\/wp-json\/wp\/v2\/pages\/84141","targetHints":{"allow":["GET"]}}],"collection":[{"href":"https:\/\/onlinelotto365.com\/no\/wp-json\/wp\/v2\/pages"}],"about":[{"href":"https:\/\/onlinelotto365.com\/no\/wp-json\/wp\/v2\/types\/page"}],"author":[{"embeddable":true,"href":"https:\/\/onlinelotto365.com\/no\/wp-json\/wp\/v2\/users\/1"}],"replies":[{"embeddable":true,"href":"https:\/\/onlinelotto365.com\/no\/wp-json\/wp\/v2\/comments?post=84141"}],"version-history":[{"count":0,"href":"https:\/\/onlinelotto365.com\/no\/wp-json\/wp\/v2\/pages\/84141\/revisions"}],"up":[{"embeddable":true,"href":"https:\/\/onlinelotto365.com\/no\/wp-json\/wp\/v2\/pages\/5668"}],"wp:attachment":[{"href":"https:\/\/onlinelotto365.com\/no\/wp-json\/wp\/v2\/media?parent=84141"}],"curies":[{"name":"wp","href":"https:\/\/api.w.org\/{rel}","templated":true}]}}