{"id":84160,"date":"2023-09-27T12:41:35","date_gmt":"2023-09-27T11:41:35","guid":{"rendered":"https:\/\/onlinelotto365.com\/kjope-billetter\/hvordan-kjope-saturday-lotto-australia-billetter-online"},"modified":"2023-09-27T12:41:35","modified_gmt":"2023-09-27T11:41:35","slug":"hvordan-kjope-saturday-lotto-australia-billetter-online","status":"publish","type":"page","link":"https:\/\/onlinelotto365.com\/no\/kjope-billetter\/hvordan-kjope-saturday-lotto-australia-billetter-online\/","title":{"rendered":"Hvordan kj\u00f8pe Saturday Lotto Australia-billetter online"},"content":{"rendered":"<p>Hvis du ikke var helt sikker p\u00e5 hvordan du kj\u00f8per Saturday Lotto Australia-billetter online, vil du sjekke ut denne trinnvise guiden som er designet for \u00e5 hjelpe deg med \u00e5 komme dit raskt. Du trenger ikke \u00e5 bekymre deg for noe fordi vi hjelper deg videre.<\/p>\n<ul>\n<li>G\u00e5 til siden for Saturday Lotto Australia og velg ut tallene du vil spille p\u00e5 hver av billettene dine<\/li>\n<li>Legg til flere billetter til samme spill eller til forskjellige spill<\/li>\n<li>G\u00e5 til alternativet betal n\u00e5<\/li>\n<li>Logg inn p\u00e5 din n\u00e5v\u00e6rende konto eller velg alternativet for \u00e5 registrere deg for en ny konto og f\u00f8lg instruksjonene.<\/li>\n<p><img decoding=\"async\" class=\"aligncenter\" src=\"https:\/\/redfoxlotto.com\/image?size=8&amp;lottery=saturday-lotto-au\" alt=\"Saturday Lotto Australia\" \/><\/p>\n<li>N\u00e5r du oppretter en ny konto, m\u00e5 du sjekke innboksen din for \u00e5 se om du har f\u00e5tt en e-post med en bekreftelseskobling.<\/li>\n<li>Sjekk s\u00f8ppelpostmappen hvis du ikke ser e-postbekreftelsen, og klikk p\u00e5 lenken.<\/li>\n<li>G\u00e5 til handlekurven<\/li>\n<li>Velg betalingsalternativet du \u00f8nsker \u00e5 bruke, og g\u00e5 gjennom betalingsprosessen.<\/li>\n<\/ul>\n<h2>Hvordan betale for din Saturday Lotto Australia-billett online<\/h2>\n<p>Du kan bruke ett av mange forskjellige sikre betalingsalternativer n\u00e5r du er klar til \u00e5 kj\u00f8pe dine neste lodd hos oss fra Norge.<br \/>\nVelg mellom disse alternativene:<\/p>\n<p>Betal for bestillingen direkte via din foretrukne betalingsm\u00e5te.<br \/>\nSett inn penger p\u00e5 kontoen din og bruk dem til \u00e5 kj\u00f8pe lodd.<br \/>\nS\u00f8rg for \u00e5 legge til mer enn nok penger til kj\u00f8pet hvis du bestemmer deg for \u00e5 sette inn penger p\u00e5 kontoen din.<\/p>\n<h2>Mer info om Saturday Lotto Australia<\/h2>\n<ul>\n<li>Land: Australia<\/li>\n<li>Hovedtallsrekkevidde: 45<\/li>\n<li>Du velger: 6<\/li>\n<li>Trekningsdager, timer: L\u00f8rdag, 21:30 GMT+11, 10:30 CET<\/li>\n<li>Minimum jackpot: AU$ 5 millioner<\/li>\n<li>Maksimal jackpot: AU$ 150 millioner<\/li>\n<li>Sannsynlighet for \u00e5 vinne jackpotten: 1 i 8145060<\/li>\n<li>Sannsynlighet for et niv\u00e5 2 vinne: 1 i 678755<\/li>\n<li>Sannsynlighet for \u00e5 vinne i et hvilket som helst niv\u00e5: 1 i 85,44<\/li>\n<li>Antall premieniv\u00e5er: 6<\/li>\n<\/ul>\n<h2>Fordeler med \u00e5 kj\u00f8pe Saturday Lotto Australia-billetter online<\/h2>\n<ul><img loading=\"lazy\" decoding=\"async\" class=\"alignright wp-image-3694\" src=\"https:\/\/onlinelotto365.com\/wp-content\/uploads\/2020\/11\/online_lottery-11-300x300.jpeg\" alt=\"buy tickets saturday lotto online\" width=\"187\" height=\"187\" srcset=\"https:\/\/onlinelotto365.com\/wp-content\/uploads\/2020\/11\/online_lottery-11-300x300.jpeg 300w, https:\/\/onlinelotto365.com\/wp-content\/uploads\/2020\/11\/online_lottery-11-100x100.jpeg 100w, https:\/\/onlinelotto365.com\/wp-content\/uploads\/2020\/11\/online_lottery-11-150x150.jpeg 150w, https:\/\/onlinelotto365.com\/wp-content\/uploads\/2020\/11\/online_lottery-11.jpeg 480w\" sizes=\"auto, (max-width: 187px) 100vw, 187px\" \/><\/p>\n<li>F\u00e5 billettene du vil ha og trenger aldri \u00e5 g\u00e5 ut av d\u00f8ren lotto online<\/li>\n<li>Velg mellom mange forskjellige lotterispill<\/li>\n<li>F\u00e5 en bedre vinnersjanse ved \u00e5 g\u00e5 for de st\u00f8rste jackpottene<\/li>\n<li>Sett inn penger p\u00e5 en konto og betal deretter for loddene dine<\/li>\n<li>Hold enkelt oversikt over loddene dine<\/li>\n<li>F\u00e5 gevinstvarsler hver gang du vinner<\/li>\n<li>Bruk et hurtigvalg for \u00e5 f\u00e5 billetter uten \u00e5 velge tall<\/li>\n<\/ul>\n<h2>Er det lovlig \u00e5 kj\u00f8pe Saturday Lotto Australia-billetter online?<\/h2>\n<p>Du er kanskje nerv\u00f8s for om det er lovlig \u00e5 kj\u00f8pe lodd p\u00e5 denne m\u00e5ten mens du er bosatt i Norge, om dette faktisk er lovlig i ditt hjemland. Vel, du trenger ikke \u00e5 bekymre deg fordi vi s\u00f8rger for at alt er lovlig i henhold til landet billettene er kj\u00f8pt fra, inkludert landet som lotteriet er basert i. Du trenger ikke \u00e5 bekymre deg for noe annet enn \u00e5 s\u00f8rge for at du er lovlig gammel nok til \u00e5 kj\u00f8pe billettene. Du m\u00e5 v\u00e6re 18 \u00e5r for \u00e5 kunne bruke nettstedet v\u00e5rt.<\/p>\n<h2>Hvordan f\u00e5r jeg betalt hvis jeg vinner Saturday Lotto Australia online?<\/h2>\n<p>Vi vet at du ikke vil at noen skal ta en andel av gevinsten din, og det er derfor vi s\u00f8rger for at vi ikke gj\u00f8r det. Du betaler aldri provisjon til oss n\u00e5r du vinner i favorittlotterispillene dine. Og du trenger heller ikke \u00e5 bekymre deg for \u00e5 betale oss en provisjon p\u00e5 gevinsten.<\/p>\n<p>Den eneste gangen du betaler et gebyr, er hvis du velger \u00e5 sette inn lottogevinsten din via bankoverf\u00f8ring, for eksempel til en bank i Norge. Disse bankoverf\u00f8ringene kan noen ganger koste oss gebyrer, ettersom bankene tar betalt for internasjonale overf\u00f8ringer. Dette gebyret kan bli overf\u00f8rt til deg og trukket fra gevinsten du har vunnet.<br \/>\nN\u00e5r det gjelder utbetaling, er det bare \u00e5 huske:<\/p>\n<ul>\n<li>Betalinger p\u00e5 under 2 500 \u20ac settes inn p\u00e5 kontoen din. Du trenger ikke \u00e5 gj\u00f8re noe, for vi gj\u00f8r alt for deg.<\/li>\n<li>Betalinger over \u20ac2500 utbetales via bankoverf\u00f8ring eller sjekk. Du blir kontaktet av kundest\u00f8tteteamet v\u00e5rt for \u00e5 fylle ut et skjema som forteller oss hvordan vi skal f\u00e5 pengene til deg. Deretter trenger du bare \u00e5 vente noen dager p\u00e5 at de skal v\u00e6re der.<\/li>\n<\/ul>\n","protected":false},"excerpt":{"rendered":"<p>Hvis du ikke var helt sikker p\u00e5 hvordan du kj\u00f8per Saturday Lotto Australia-billetter online, vil du sjekke ut denne trinnvise guiden som er designet for \u00e5 hjelpe deg med \u00e5 komme dit raskt. Du trenger ikke \u00e5 bekymre deg for noe fordi vi hjelper deg videre. G\u00e5 til siden for Saturday Lotto Australia og velg [&hellip;]<\/p>\n","protected":false},"author":1,"featured_media":0,"parent":5668,"menu_order":15,"comment_status":"closed","ping_status":"closed","template":"saturday-lotto-info.php","meta":{"_et_pb_use_builder":"","_et_pb_old_content":"","_et_gb_content_width":"","exclude_from_search":false,"footnotes":""},"class_list":["post-84160","page","type-page","status-publish","hentry"],"yoast_head":"<!-- This site is optimized with the Yoast SEO plugin v23.4 - https:\/\/yoast.com\/wordpress\/plugins\/seo\/ -->\n<title>Slik f\u00e5r du billetter til Saturday Lotto Australia hvis du er bosatt i Norge<\/title>\n<meta name=\"description\" content=\"Innbyggere i Norge kan n\u00e5 kj\u00f8pe billetter til l\u00f8rdagslotto Australia\" \/>\n<meta name=\"robots\" content=\"index, follow, max-snippet:-1, max-image-preview:large, max-video-preview:-1\" \/>\n<link rel=\"canonical\" href=\"https:\/\/onlinelotto365.com\/no\/kjope-billetter\/hvordan-kjope-saturday-lotto-australia-billetter-online\/\" \/>\n<meta property=\"og:locale\" content=\"nb_NO\" \/>\n<meta property=\"og:type\" content=\"article\" \/>\n<meta property=\"og:title\" content=\"Slik f\u00e5r du billetter til Saturday Lotto Australia hvis du er bosatt i Norge\" \/>\n<meta property=\"og:description\" content=\"Innbyggere i Norge kan n\u00e5 kj\u00f8pe billetter til l\u00f8rdagslotto Australia\" \/>\n<meta property=\"og:url\" content=\"https:\/\/onlinelotto365.com\/no\/kjope-billetter\/hvordan-kjope-saturday-lotto-australia-billetter-online\/\" \/>\n<meta property=\"og:site_name\" content=\"OnlineLotto365\" \/>\n<meta property=\"og:image\" content=\"https:\/\/redfoxlotto.com\/image?size=8&amp;lottery=saturday-lotto-au\" \/>\n<meta name=\"twitter:card\" content=\"summary_large_image\" \/>\n<meta name=\"twitter:label1\" content=\"Ansl. lesetid\" \/>\n\t<meta name=\"twitter:data1\" content=\"3 minutter\" \/>\n<script type=\"application\/ld+json\" class=\"yoast-schema-graph\">{\"@context\":\"https:\/\/schema.org\",\"@graph\":[{\"@type\":\"WebPage\",\"@id\":\"https:\/\/onlinelotto365.com\/no\/kjope-billetter\/hvordan-kjope-saturday-lotto-australia-billetter-online\/\",\"url\":\"https:\/\/onlinelotto365.com\/no\/kjope-billetter\/hvordan-kjope-saturday-lotto-australia-billetter-online\/\",\"name\":\"Slik f\u00e5r du billetter til Saturday Lotto Australia hvis du er bosatt i Norge\",\"isPartOf\":{\"@id\":\"https:\/\/onlinelotto365.com\/no\/#website\"},\"primaryImageOfPage\":{\"@id\":\"https:\/\/onlinelotto365.com\/no\/kjope-billetter\/hvordan-kjope-saturday-lotto-australia-billetter-online\/#primaryimage\"},\"image\":{\"@id\":\"https:\/\/onlinelotto365.com\/no\/kjope-billetter\/hvordan-kjope-saturday-lotto-australia-billetter-online\/#primaryimage\"},\"thumbnailUrl\":\"https:\/\/redfoxlotto.com\/image?size=8&amp;lottery=saturday-lotto-au\",\"datePublished\":\"2023-09-27T11:41:35+00:00\",\"dateModified\":\"2023-09-27T11:41:35+00:00\",\"description\":\"Innbyggere i Norge kan n\u00e5 kj\u00f8pe billetter til l\u00f8rdagslotto Australia\",\"breadcrumb\":{\"@id\":\"https:\/\/onlinelotto365.com\/no\/kjope-billetter\/hvordan-kjope-saturday-lotto-australia-billetter-online\/#breadcrumb\"},\"inLanguage\":\"nb-NO\",\"potentialAction\":[{\"@type\":\"ReadAction\",\"target\":[\"https:\/\/onlinelotto365.com\/no\/kjope-billetter\/hvordan-kjope-saturday-lotto-australia-billetter-online\/\"]}]},{\"@type\":\"ImageObject\",\"inLanguage\":\"nb-NO\",\"@id\":\"https:\/\/onlinelotto365.com\/no\/kjope-billetter\/hvordan-kjope-saturday-lotto-australia-billetter-online\/#primaryimage\",\"url\":\"https:\/\/redfoxlotto.com\/image?size=8&amp;lottery=saturday-lotto-au\",\"contentUrl\":\"https:\/\/redfoxlotto.com\/image?size=8&amp;lottery=saturday-lotto-au\"},{\"@type\":\"BreadcrumbList\",\"@id\":\"https:\/\/onlinelotto365.com\/no\/kjope-billetter\/hvordan-kjope-saturday-lotto-australia-billetter-online\/#breadcrumb\",\"itemListElement\":[{\"@type\":\"ListItem\",\"position\":1,\"name\":\"Home\",\"item\":\"https:\/\/onlinelotto365.com\/no\/\"},{\"@type\":\"ListItem\",\"position\":2,\"name\":\"Hvorfor det er mer fornuftig \u00e5 kj\u00f8pe lodd p\u00e5 nettet\",\"item\":\"https:\/\/onlinelotto365.com\/no\/kjope-billetter\/\"},{\"@type\":\"ListItem\",\"position\":3,\"name\":\"Hvordan kj\u00f8pe Saturday Lotto Australia-billetter online\"}]},{\"@type\":\"WebSite\",\"@id\":\"https:\/\/onlinelotto365.com\/no\/#website\",\"url\":\"https:\/\/onlinelotto365.com\/no\/\",\"name\":\"OnlineLotto365\",\"description\":\"\",\"potentialAction\":[{\"@type\":\"SearchAction\",\"target\":{\"@type\":\"EntryPoint\",\"urlTemplate\":\"https:\/\/onlinelotto365.com\/no\/?s={search_term_string}\"},\"query-input\":{\"@type\":\"PropertyValueSpecification\",\"valueRequired\":true,\"valueName\":\"search_term_string\"}}],\"inLanguage\":\"nb-NO\"}]}<\/script>\n<!-- \/ Yoast SEO plugin. -->","yoast_head_json":{"title":"Slik f\u00e5r du billetter til Saturday Lotto Australia hvis du er bosatt i Norge","description":"Innbyggere i Norge kan n\u00e5 kj\u00f8pe billetter til l\u00f8rdagslotto Australia","robots":{"index":"index","follow":"follow","max-snippet":"max-snippet:-1","max-image-preview":"max-image-preview:large","max-video-preview":"max-video-preview:-1"},"canonical":"https:\/\/onlinelotto365.com\/no\/kjope-billetter\/hvordan-kjope-saturday-lotto-australia-billetter-online\/","og_locale":"nb_NO","og_type":"article","og_title":"Slik f\u00e5r du billetter til Saturday Lotto Australia hvis du er bosatt i Norge","og_description":"Innbyggere i Norge kan n\u00e5 kj\u00f8pe billetter til l\u00f8rdagslotto Australia","og_url":"https:\/\/onlinelotto365.com\/no\/kjope-billetter\/hvordan-kjope-saturday-lotto-australia-billetter-online\/","og_site_name":"OnlineLotto365","og_image":[{"url":"https:\/\/redfoxlotto.com\/image?size=8&amp;lottery=saturday-lotto-au"}],"twitter_card":"summary_large_image","twitter_misc":{"Ansl. lesetid":"3 minutter"},"schema":{"@context":"https:\/\/schema.org","@graph":[{"@type":"WebPage","@id":"https:\/\/onlinelotto365.com\/no\/kjope-billetter\/hvordan-kjope-saturday-lotto-australia-billetter-online\/","url":"https:\/\/onlinelotto365.com\/no\/kjope-billetter\/hvordan-kjope-saturday-lotto-australia-billetter-online\/","name":"Slik f\u00e5r du billetter til Saturday Lotto Australia hvis du er bosatt i Norge","isPartOf":{"@id":"https:\/\/onlinelotto365.com\/no\/#website"},"primaryImageOfPage":{"@id":"https:\/\/onlinelotto365.com\/no\/kjope-billetter\/hvordan-kjope-saturday-lotto-australia-billetter-online\/#primaryimage"},"image":{"@id":"https:\/\/onlinelotto365.com\/no\/kjope-billetter\/hvordan-kjope-saturday-lotto-australia-billetter-online\/#primaryimage"},"thumbnailUrl":"https:\/\/redfoxlotto.com\/image?size=8&amp;lottery=saturday-lotto-au","datePublished":"2023-09-27T11:41:35+00:00","dateModified":"2023-09-27T11:41:35+00:00","description":"Innbyggere i Norge kan n\u00e5 kj\u00f8pe billetter til l\u00f8rdagslotto Australia","breadcrumb":{"@id":"https:\/\/onlinelotto365.com\/no\/kjope-billetter\/hvordan-kjope-saturday-lotto-australia-billetter-online\/#breadcrumb"},"inLanguage":"nb-NO","potentialAction":[{"@type":"ReadAction","target":["https:\/\/onlinelotto365.com\/no\/kjope-billetter\/hvordan-kjope-saturday-lotto-australia-billetter-online\/"]}]},{"@type":"ImageObject","inLanguage":"nb-NO","@id":"https:\/\/onlinelotto365.com\/no\/kjope-billetter\/hvordan-kjope-saturday-lotto-australia-billetter-online\/#primaryimage","url":"https:\/\/redfoxlotto.com\/image?size=8&amp;lottery=saturday-lotto-au","contentUrl":"https:\/\/redfoxlotto.com\/image?size=8&amp;lottery=saturday-lotto-au"},{"@type":"BreadcrumbList","@id":"https:\/\/onlinelotto365.com\/no\/kjope-billetter\/hvordan-kjope-saturday-lotto-australia-billetter-online\/#breadcrumb","itemListElement":[{"@type":"ListItem","position":1,"name":"Home","item":"https:\/\/onlinelotto365.com\/no\/"},{"@type":"ListItem","position":2,"name":"Hvorfor det er mer fornuftig \u00e5 kj\u00f8pe lodd p\u00e5 nettet","item":"https:\/\/onlinelotto365.com\/no\/kjope-billetter\/"},{"@type":"ListItem","position":3,"name":"Hvordan kj\u00f8pe Saturday Lotto Australia-billetter online"}]},{"@type":"WebSite","@id":"https:\/\/onlinelotto365.com\/no\/#website","url":"https:\/\/onlinelotto365.com\/no\/","name":"OnlineLotto365","description":"","potentialAction":[{"@type":"SearchAction","target":{"@type":"EntryPoint","urlTemplate":"https:\/\/onlinelotto365.com\/no\/?s={search_term_string}"},"query-input":{"@type":"PropertyValueSpecification","valueRequired":true,"valueName":"search_term_string"}}],"inLanguage":"nb-NO"}]}},"_links":{"self":[{"href":"https:\/\/onlinelotto365.com\/no\/wp-json\/wp\/v2\/pages\/84160","targetHints":{"allow":["GET"]}}],"collection":[{"href":"https:\/\/onlinelotto365.com\/no\/wp-json\/wp\/v2\/pages"}],"about":[{"href":"https:\/\/onlinelotto365.com\/no\/wp-json\/wp\/v2\/types\/page"}],"author":[{"embeddable":true,"href":"https:\/\/onlinelotto365.com\/no\/wp-json\/wp\/v2\/users\/1"}],"replies":[{"embeddable":true,"href":"https:\/\/onlinelotto365.com\/no\/wp-json\/wp\/v2\/comments?post=84160"}],"version-history":[{"count":0,"href":"https:\/\/onlinelotto365.com\/no\/wp-json\/wp\/v2\/pages\/84160\/revisions"}],"up":[{"embeddable":true,"href":"https:\/\/onlinelotto365.com\/no\/wp-json\/wp\/v2\/pages\/5668"}],"wp:attachment":[{"href":"https:\/\/onlinelotto365.com\/no\/wp-json\/wp\/v2\/media?parent=84160"}],"curies":[{"name":"wp","href":"https:\/\/api.w.org\/{rel}","templated":true}]}}