{"id":84164,"date":"2023-09-27T14:33:04","date_gmt":"2023-09-27T13:33:04","guid":{"rendered":"https:\/\/onlinelotto365.com\/kjope-billetter\/hvordan-kjope-man-ons-lotto-australia-billetter-online"},"modified":"2023-09-27T14:33:04","modified_gmt":"2023-09-27T13:33:04","slug":"hvordan-kjope-man-ons-lotto-australia-billetter-online","status":"publish","type":"page","link":"https:\/\/onlinelotto365.com\/no\/kjope-billetter\/hvordan-kjope-man-ons-lotto-australia-billetter-online\/","title":{"rendered":"Hvordan kj\u00f8pe man &#038; Ons Lotto Australia-billetter online"},"content":{"rendered":"<p>Vi har skrevet ut de forskjellige trinnene du m\u00e5 f\u00f8lge hvis du \u00f8nsker \u00e5 kj\u00f8pe Mon &amp; Wed Lotto Australia-billetter fra nettstedet v\u00e5rt. Det er enkelt og enkelt, og n\u00e5r du g\u00e5r gjennom disse trinnene, vil du oppdage at du har billettene dine klare til \u00e5 g\u00e5 raskt.<\/p>\n<ul>\n<li>G\u00e5 til siden for lotteriet du vil spille og velg tallene du skal spille p\u00e5 hver billett<\/li>\n<li>Legg til s\u00e5 mange lodd for dette eller et annet spill som du vil for \u00e5 opprette bestillingen din.<br \/>\nVelg alternativet for \u00e5 betale n\u00e5<\/li>\n<li>Logg inn p\u00e5 din n\u00e5v\u00e6rende konto eller g\u00e5 gjennom prosessen med \u00e5 opprette en ny konto og registrere den.<\/li>\n<li>G\u00e5 til e-posten din for \u00e5 f\u00e5 bekreftelseskoblingen for \u00e5 registrere kontoen din og foreta et kj\u00f8p.<\/li>\n<li>Sjekk s\u00f8ppelpostmappen din for \u00e5 se om e-posten har blitt sendt dit ved en feiltakelse hvis du ikke ser den i innboksen.<\/li>\n<li>G\u00e5 gjennom betalingsprosessen i handlekurven.<\/li>\n<li>Velg betalingsm\u00e5ten du vil bruke, og f\u00f8lg instruksjonene for \u00e5 gjennomf\u00f8re betalingen.<\/li>\n<\/ul>\n<p><img decoding=\"async\" class=\"aligncenter\" src=\"https:\/\/redfoxlotto.com\/image?size=8&amp;lottery=monday-wednesday-lotto-au\" alt=\"Mon &amp; Wed Lotto Australia\" \/><\/p>\n<p>Hvordan betale for Mon &amp; Wed Lotto Australia-billetten din online<br \/>\nN\u00e5r det gjelder betaling, har du flere forskjellige helt sikre alternativer. Alt du trenger \u00e5 gj\u00f8re er \u00e5 ta en titt her og se hva noen av disse alternativene kommer til \u00e5 v\u00e6re.<\/p>\n<ul>\n<li>F\u00e5 billettene dine ved \u00e5 velge ett av to alternativer:<\/li>\n<li>Betal direkte med en betalingsm\u00e5te etter eget valg<\/li>\n<\/ul>\n<p>Sett inn penger p\u00e5 en spillerkonto og bruk den kontoen til \u00e5 kj\u00f8pe billetter.<br \/>\nIkke gj\u00f8r den feilen at du setter inn for lite penger p\u00e5 kontoen din for \u00e5 betale for billettene. Du trenger litt mer enn bel\u00f8pet i handlekurven.<\/p>\n<h2>Mer info om Mon &amp; Wed Lotto Australia<\/h2>\n<ul>\n<li>Land: Australia<\/li>\n<li>Hovedtall rekkevidde: 45<\/li>\n<li>Du velger: 6<\/li>\n<li>Trekningsdager, timer: Mandag, onsdag, 21:30 GMT+11, 10:30 CET<\/li>\n<li>Minimum jackpot: AU$ 2,5 millioner<\/li>\n<li>Maksimal jackpot: fast jackpot<\/li>\n<li>Sannsynlighet for \u00e5 vinne jackpotten: 1 i 8145060<\/li>\n<li>Sannsynlighet for gevinst p\u00e5 niv\u00e5 2: 1 i 678755<\/li>\n<li>Sannsynlighet for \u00e5 vinne i et hvilket som helst niv\u00e5: 1 i 85,44<\/li>\n<li>Antall premieniv\u00e5er: 6<\/li>\n<\/ul>\n<h2>Fordeler med \u00e5 kj\u00f8pe Mon &amp; Wed Lotto Australia-billetter online<\/h2>\n<ul>\n<li>F\u00e5 lottobilletter hjemmefra, uten \u00e5 m\u00e5tte bekymre deg for \u00e5 g\u00e5 ut<\/li>\n<li>Velg mellom alle favorittkupongene dine og flere til<\/li>\n<li>F\u00e5 bedre odds ved \u00e5 velge spill med de h\u00f8yeste jackpotbel\u00f8pene<\/li>\n<li>Bruk saldoen p\u00e5 kontoen din til \u00e5 kj\u00f8pe lodd ved \u00e5 sette inn penger<\/li>\n<li>Hold oversikt over billettene dine via en online-konto<\/li>\n<li>F\u00e5 varsler n\u00e5r du har en vinnerkupong<\/li>\n<li>Bruk tilfeldig tallgenerator til \u00e5 velge ut lodd for deg<\/li>\n<\/ul>\n<h2>Er det lovlig \u00e5 kj\u00f8pe Mon &amp; Wed Lotto Australia-billetter online?mon wed lotto australia online<\/h2>\n<p>Mange bekymrer seg for at det er ulovlig \u00e5 kj\u00f8pe lodd p\u00e5 nettet, eller at det kan v\u00e6re ulovlig \u00e5 kj\u00f8pe lodd p\u00e5 tradisjonell m\u00e5te i hjemlandet. Vel, vi s\u00f8rger for at alle regler f\u00f8lges for landet som selve lotteriet kommer fra. Vi s\u00f8rger ogs\u00e5 for at du f\u00e5r lottogevinsten din. Enten du vinner en liten eller stor gevinst, hjelper vi deg med \u00e5 f\u00e5 det du \u00f8nsker og har krav p\u00e5.<br \/>\nAlle brukere av nettstedet v\u00e5rt m\u00e5 v\u00e6re minst 18 \u00e5r gamle.<\/p>\n<p>Hvordan f\u00e5r jeg betalt hvis jeg vinner Mon &amp; Wed Lotto Australia online?<\/p>\n<p>\u00c5 utbetale gevinster til kundene v\u00e5re er den viktigste delen av prosessen, og vi gj\u00f8r det ved \u00e5 s\u00f8rge for at det ikke er noen provisjon. Du trenger ikke \u00e5 bekymre deg for at vi tar noe av gevinsten din med mindre du velger \u00e5 foreta en bankoverf\u00f8ring.<br \/>\nDenne betalingsm\u00e5ten, spesielt n\u00e5r den gj\u00f8res som en internasjonal transaksjon, kan koste oss n\u00e5r banken tar gebyrer. Hvis det skjer, kan kostnaden bli overf\u00f8rt til deg og trukket fra gevinsten din.<\/p>\n<h2>Det er to forskjellige m\u00e5ter \u00e5 foreta betalinger p\u00e5.<\/h2>\n<ul><img loading=\"lazy\" decoding=\"async\" class=\"alignright wp-image-3685\" src=\"https:\/\/onlinelotto365.com\/wp-content\/uploads\/2020\/11\/online_lottery-4-300x192.jpeg\" alt=\"mon wed lotto australia online\" width=\"255\" height=\"163\" srcset=\"https:\/\/onlinelotto365.com\/wp-content\/uploads\/2020\/11\/online_lottery-4-300x192.jpeg 300w, https:\/\/onlinelotto365.com\/wp-content\/uploads\/2020\/11\/online_lottery-4-600x383.jpeg 600w, https:\/\/onlinelotto365.com\/wp-content\/uploads\/2020\/11\/online_lottery-4.jpeg 751w\" sizes=\"auto, (max-width: 255px) 100vw, 255px\" \/><\/p>\n<li>Utbetalinger p\u00e5 under 2 500 euro skjer uten at du trenger \u00e5 gj\u00f8re noe. Teamet v\u00e5rt s\u00f8rger for at pengene settes direkte inn p\u00e5 kontoen din.<\/li>\n<li>Gevinstbel\u00f8p p\u00e5 mer enn 2 500 kr behandles p\u00e5 en annen m\u00e5te. Disse bel\u00f8pene m\u00e5 behandles av lotterikommisjonen, og det betyr at vi m\u00e5 fylle ut et kravskjema. Vi sender skjemaet til deg, og alt du trenger \u00e5 gj\u00f8re er \u00e5 fylle det ut og gi oss beskjed om du vil ha pengene dine via bankoverf\u00f8ring eller sjekk.<\/li>\n<\/ul>\n","protected":false},"excerpt":{"rendered":"<p>Vi har skrevet ut de forskjellige trinnene du m\u00e5 f\u00f8lge hvis du \u00f8nsker \u00e5 kj\u00f8pe Mon &amp; Wed Lotto Australia-billetter fra nettstedet v\u00e5rt. Det er enkelt og enkelt, og n\u00e5r du g\u00e5r gjennom disse trinnene, vil du oppdage at du har billettene dine klare til \u00e5 g\u00e5 raskt. G\u00e5 til siden for lotteriet du vil [&hellip;]<\/p>\n","protected":false},"author":1,"featured_media":0,"parent":5668,"menu_order":16,"comment_status":"closed","ping_status":"closed","template":"template-rightsidebar.php","meta":{"_et_pb_use_builder":"","_et_pb_old_content":"","_et_gb_content_width":"","exclude_from_search":false,"footnotes":""},"class_list":["post-84164","page","type-page","status-publish","hentry"],"yoast_head":"<!-- This site is optimized with the Yoast SEO plugin v23.4 - https:\/\/yoast.com\/wordpress\/plugins\/seo\/ -->\n<title>Online billettkj\u00f8p for man &amp; ons Lotto Australia<\/title>\n<meta name=\"description\" content=\"Uansett hvor du bor, og uansett hva du leter etter, kan du f\u00e5 Mon &amp; Wed Lotto Australia-billetter her!\" \/>\n<meta name=\"robots\" content=\"index, follow, max-snippet:-1, max-image-preview:large, max-video-preview:-1\" \/>\n<link rel=\"canonical\" href=\"https:\/\/onlinelotto365.com\/no\/kjope-billetter\/hvordan-kjope-man-ons-lotto-australia-billetter-online\/\" \/>\n<meta property=\"og:locale\" content=\"nb_NO\" \/>\n<meta property=\"og:type\" content=\"article\" \/>\n<meta property=\"og:title\" content=\"Online billettkj\u00f8p for man &amp; ons Lotto Australia\" \/>\n<meta property=\"og:description\" content=\"Uansett hvor du bor, og uansett hva du leter etter, kan du f\u00e5 Mon &amp; Wed Lotto Australia-billetter her!\" \/>\n<meta property=\"og:url\" content=\"https:\/\/onlinelotto365.com\/no\/kjope-billetter\/hvordan-kjope-man-ons-lotto-australia-billetter-online\/\" \/>\n<meta property=\"og:site_name\" content=\"OnlineLotto365\" \/>\n<meta property=\"og:image\" content=\"https:\/\/redfoxlotto.com\/image?size=8&amp;lottery=monday-wednesday-lotto-au\" \/>\n<meta name=\"twitter:card\" content=\"summary_large_image\" \/>\n<meta name=\"twitter:label1\" content=\"Ansl. lesetid\" \/>\n\t<meta name=\"twitter:data1\" content=\"3 minutter\" \/>\n<script type=\"application\/ld+json\" class=\"yoast-schema-graph\">{\"@context\":\"https:\/\/schema.org\",\"@graph\":[{\"@type\":\"WebPage\",\"@id\":\"https:\/\/onlinelotto365.com\/no\/kjope-billetter\/hvordan-kjope-man-ons-lotto-australia-billetter-online\/\",\"url\":\"https:\/\/onlinelotto365.com\/no\/kjope-billetter\/hvordan-kjope-man-ons-lotto-australia-billetter-online\/\",\"name\":\"Online billettkj\u00f8p for man & ons Lotto Australia\",\"isPartOf\":{\"@id\":\"https:\/\/onlinelotto365.com\/no\/#website\"},\"primaryImageOfPage\":{\"@id\":\"https:\/\/onlinelotto365.com\/no\/kjope-billetter\/hvordan-kjope-man-ons-lotto-australia-billetter-online\/#primaryimage\"},\"image\":{\"@id\":\"https:\/\/onlinelotto365.com\/no\/kjope-billetter\/hvordan-kjope-man-ons-lotto-australia-billetter-online\/#primaryimage\"},\"thumbnailUrl\":\"https:\/\/redfoxlotto.com\/image?size=8&amp;lottery=monday-wednesday-lotto-au\",\"datePublished\":\"2023-09-27T13:33:04+00:00\",\"dateModified\":\"2023-09-27T13:33:04+00:00\",\"description\":\"Uansett hvor du bor, og uansett hva du leter etter, kan du f\u00e5 Mon & Wed Lotto Australia-billetter her!\",\"breadcrumb\":{\"@id\":\"https:\/\/onlinelotto365.com\/no\/kjope-billetter\/hvordan-kjope-man-ons-lotto-australia-billetter-online\/#breadcrumb\"},\"inLanguage\":\"nb-NO\",\"potentialAction\":[{\"@type\":\"ReadAction\",\"target\":[\"https:\/\/onlinelotto365.com\/no\/kjope-billetter\/hvordan-kjope-man-ons-lotto-australia-billetter-online\/\"]}]},{\"@type\":\"ImageObject\",\"inLanguage\":\"nb-NO\",\"@id\":\"https:\/\/onlinelotto365.com\/no\/kjope-billetter\/hvordan-kjope-man-ons-lotto-australia-billetter-online\/#primaryimage\",\"url\":\"https:\/\/redfoxlotto.com\/image?size=8&amp;lottery=monday-wednesday-lotto-au\",\"contentUrl\":\"https:\/\/redfoxlotto.com\/image?size=8&amp;lottery=monday-wednesday-lotto-au\"},{\"@type\":\"BreadcrumbList\",\"@id\":\"https:\/\/onlinelotto365.com\/no\/kjope-billetter\/hvordan-kjope-man-ons-lotto-australia-billetter-online\/#breadcrumb\",\"itemListElement\":[{\"@type\":\"ListItem\",\"position\":1,\"name\":\"Home\",\"item\":\"https:\/\/onlinelotto365.com\/no\/\"},{\"@type\":\"ListItem\",\"position\":2,\"name\":\"Hvorfor det er mer fornuftig \u00e5 kj\u00f8pe lodd p\u00e5 nettet\",\"item\":\"https:\/\/onlinelotto365.com\/no\/kjope-billetter\/\"},{\"@type\":\"ListItem\",\"position\":3,\"name\":\"Hvordan kj\u00f8pe man &#038; Ons Lotto Australia-billetter online\"}]},{\"@type\":\"WebSite\",\"@id\":\"https:\/\/onlinelotto365.com\/no\/#website\",\"url\":\"https:\/\/onlinelotto365.com\/no\/\",\"name\":\"OnlineLotto365\",\"description\":\"\",\"potentialAction\":[{\"@type\":\"SearchAction\",\"target\":{\"@type\":\"EntryPoint\",\"urlTemplate\":\"https:\/\/onlinelotto365.com\/no\/?s={search_term_string}\"},\"query-input\":{\"@type\":\"PropertyValueSpecification\",\"valueRequired\":true,\"valueName\":\"search_term_string\"}}],\"inLanguage\":\"nb-NO\"}]}<\/script>\n<!-- \/ Yoast SEO plugin. -->","yoast_head_json":{"title":"Online billettkj\u00f8p for man & ons Lotto Australia","description":"Uansett hvor du bor, og uansett hva du leter etter, kan du f\u00e5 Mon & Wed Lotto Australia-billetter her!","robots":{"index":"index","follow":"follow","max-snippet":"max-snippet:-1","max-image-preview":"max-image-preview:large","max-video-preview":"max-video-preview:-1"},"canonical":"https:\/\/onlinelotto365.com\/no\/kjope-billetter\/hvordan-kjope-man-ons-lotto-australia-billetter-online\/","og_locale":"nb_NO","og_type":"article","og_title":"Online billettkj\u00f8p for man & ons Lotto Australia","og_description":"Uansett hvor du bor, og uansett hva du leter etter, kan du f\u00e5 Mon & Wed Lotto Australia-billetter her!","og_url":"https:\/\/onlinelotto365.com\/no\/kjope-billetter\/hvordan-kjope-man-ons-lotto-australia-billetter-online\/","og_site_name":"OnlineLotto365","og_image":[{"url":"https:\/\/redfoxlotto.com\/image?size=8&amp;lottery=monday-wednesday-lotto-au"}],"twitter_card":"summary_large_image","twitter_misc":{"Ansl. lesetid":"3 minutter"},"schema":{"@context":"https:\/\/schema.org","@graph":[{"@type":"WebPage","@id":"https:\/\/onlinelotto365.com\/no\/kjope-billetter\/hvordan-kjope-man-ons-lotto-australia-billetter-online\/","url":"https:\/\/onlinelotto365.com\/no\/kjope-billetter\/hvordan-kjope-man-ons-lotto-australia-billetter-online\/","name":"Online billettkj\u00f8p for man & ons Lotto Australia","isPartOf":{"@id":"https:\/\/onlinelotto365.com\/no\/#website"},"primaryImageOfPage":{"@id":"https:\/\/onlinelotto365.com\/no\/kjope-billetter\/hvordan-kjope-man-ons-lotto-australia-billetter-online\/#primaryimage"},"image":{"@id":"https:\/\/onlinelotto365.com\/no\/kjope-billetter\/hvordan-kjope-man-ons-lotto-australia-billetter-online\/#primaryimage"},"thumbnailUrl":"https:\/\/redfoxlotto.com\/image?size=8&amp;lottery=monday-wednesday-lotto-au","datePublished":"2023-09-27T13:33:04+00:00","dateModified":"2023-09-27T13:33:04+00:00","description":"Uansett hvor du bor, og uansett hva du leter etter, kan du f\u00e5 Mon & Wed Lotto Australia-billetter her!","breadcrumb":{"@id":"https:\/\/onlinelotto365.com\/no\/kjope-billetter\/hvordan-kjope-man-ons-lotto-australia-billetter-online\/#breadcrumb"},"inLanguage":"nb-NO","potentialAction":[{"@type":"ReadAction","target":["https:\/\/onlinelotto365.com\/no\/kjope-billetter\/hvordan-kjope-man-ons-lotto-australia-billetter-online\/"]}]},{"@type":"ImageObject","inLanguage":"nb-NO","@id":"https:\/\/onlinelotto365.com\/no\/kjope-billetter\/hvordan-kjope-man-ons-lotto-australia-billetter-online\/#primaryimage","url":"https:\/\/redfoxlotto.com\/image?size=8&amp;lottery=monday-wednesday-lotto-au","contentUrl":"https:\/\/redfoxlotto.com\/image?size=8&amp;lottery=monday-wednesday-lotto-au"},{"@type":"BreadcrumbList","@id":"https:\/\/onlinelotto365.com\/no\/kjope-billetter\/hvordan-kjope-man-ons-lotto-australia-billetter-online\/#breadcrumb","itemListElement":[{"@type":"ListItem","position":1,"name":"Home","item":"https:\/\/onlinelotto365.com\/no\/"},{"@type":"ListItem","position":2,"name":"Hvorfor det er mer fornuftig \u00e5 kj\u00f8pe lodd p\u00e5 nettet","item":"https:\/\/onlinelotto365.com\/no\/kjope-billetter\/"},{"@type":"ListItem","position":3,"name":"Hvordan kj\u00f8pe man &#038; Ons Lotto Australia-billetter online"}]},{"@type":"WebSite","@id":"https:\/\/onlinelotto365.com\/no\/#website","url":"https:\/\/onlinelotto365.com\/no\/","name":"OnlineLotto365","description":"","potentialAction":[{"@type":"SearchAction","target":{"@type":"EntryPoint","urlTemplate":"https:\/\/onlinelotto365.com\/no\/?s={search_term_string}"},"query-input":{"@type":"PropertyValueSpecification","valueRequired":true,"valueName":"search_term_string"}}],"inLanguage":"nb-NO"}]}},"_links":{"self":[{"href":"https:\/\/onlinelotto365.com\/no\/wp-json\/wp\/v2\/pages\/84164","targetHints":{"allow":["GET"]}}],"collection":[{"href":"https:\/\/onlinelotto365.com\/no\/wp-json\/wp\/v2\/pages"}],"about":[{"href":"https:\/\/onlinelotto365.com\/no\/wp-json\/wp\/v2\/types\/page"}],"author":[{"embeddable":true,"href":"https:\/\/onlinelotto365.com\/no\/wp-json\/wp\/v2\/users\/1"}],"replies":[{"embeddable":true,"href":"https:\/\/onlinelotto365.com\/no\/wp-json\/wp\/v2\/comments?post=84164"}],"version-history":[{"count":0,"href":"https:\/\/onlinelotto365.com\/no\/wp-json\/wp\/v2\/pages\/84164\/revisions"}],"up":[{"embeddable":true,"href":"https:\/\/onlinelotto365.com\/no\/wp-json\/wp\/v2\/pages\/5668"}],"wp:attachment":[{"href":"https:\/\/onlinelotto365.com\/no\/wp-json\/wp\/v2\/media?parent=84164"}],"curies":[{"name":"wp","href":"https:\/\/api.w.org\/{rel}","templated":true}]}}