{"id":84179,"date":"2023-09-27T17:53:31","date_gmt":"2023-09-27T16:53:31","guid":{"rendered":"https:\/\/onlinelotto365.com\/vinnende-lotteritall\/resultater-fra-powerball-trekningen"},"modified":"2023-09-27T18:05:55","modified_gmt":"2023-09-27T17:05:55","slug":"resultater-fra-powerball-trekningen","status":"publish","type":"page","link":"https:\/\/onlinelotto365.com\/no\/vinnende-lotteritall\/resultater-fra-powerball-trekningen\/","title":{"rendered":"Resultater fra Powerball-trekningen"},"content":{"rendered":"<h2>Sjekk Powerball-vinnertallene her<\/h2>\n<p><img decoding=\"async\" class=\"aligncenter\" src=\"https:\/\/redfoxlotto.com\/image?size=8&amp;lottery=powerball\" alt=\"Powerball\" \/><br \/>\nDet er enkelt \u00e5 finne vinnertallene i Powerball hvis du bor i USA. Spesielt ved anledninger der jackpotten er veldig h\u00f8y, blir resultatene kringkastet i nyhetene og publisert i alle aviser.<\/p>\n<p>Men hva om du ikke bor i USA, hvordan f\u00e5r du tak i Powerball-vinnertallene? Hvordan finner du resultatene og ser hvor mye du har vunnet?<\/p>\n<h2>Slik finner du ut om din online-lodd har vunnet<\/h2>\n<p>Vel, hvis du har kj\u00f8pt en online-lodd, er det faktisk ganske enkelt. G\u00e5 tilbake til nettstedet v\u00e5rt, logg inn med brukernavn og passord, og g\u00e5 deretter til seksjonen der billetten din er lagret digitalt. Tallene du spilte vil bli uthevet i en annen farge hvis de samsvarer med de trekkede tallene p\u00e5 trekningsdagen du kj\u00f8pte billetten din for.<\/p>\n<p>Du kan selvf\u00f8lgelig ogs\u00e5 \u00e5pne resultatoversiktssiden v\u00e5r og sammenligne trekningsresultatene med kupongen din p\u00e5 den m\u00e5ten. Noen av v\u00e5re kunder liker \u00e5 skrive ut online-loddene sine og deretter markere vinnertallene p\u00e5 utskriften for \u00e5 se om de har vunnet.<\/p>\n<h2>Powerball-resultatarkivlotteriresultater<\/h2>\n<p><img loading=\"lazy\" decoding=\"async\" class=\"size-full wp-image-50704 alignright\" src=\"https:\/\/onlinelotto365.com\/wp-content\/uploads\/2021\/01\/online_lottery-136.jpg\" alt=\"lottery results\" width=\"297\" height=\"101\" \/><br \/>\nP\u00e5 v\u00e5r side med oversikt over lotteriresultater kan du ogs\u00e5 se vinnertallene fra de siste ukene. Dette kan hjelpe deg med strategien din n\u00e5r du skal velge lykketall. Du kan f.eks. pr\u00f8ve \u00e5 finne tall som for lengst har g\u00e5tt ut p\u00e5 dato, og deretter lage en lottokupong med bare disse tallene.<\/p>\n<p>Eller du kan velge Powerball-vinnertall ved \u00e5 finne ut hvilke tall som har dukket opp oftere enn andre tall. Mange spillere bruker en blanding av disse to metodene for \u00e5 velge sine personlige lottotall.<\/p>\n<p>Hvis du ikke klarer \u00e5 bestemme deg for hvilke tall du skal velge til en vinnerkupong, kan du bruke denne metoden: Sjekk tidligere vinnertall i et annet lotteri med en tallrekke som ligner p\u00e5 det lotteriet du planlegger \u00e5 spille. Finn en vinnerkombinasjon som du liker i de tidligere resultatene, og bruk deretter de eldre vinnertallene til \u00e5 spille en ny Powerball-lodd.<\/p>\n<h2>Kupongen min har vunnet, hva skjer n\u00e5?<\/h2>\n<p>Vel, gratulerer, bra for deg! Vi er selvf\u00f8lgelig alltid glade hvis en av kundene v\u00e5re har en kupong med en Powerball-gevinst p\u00e5. Uansett om det er en mindre eller st\u00f8rre gevinst, tar vi oss av utbetalingen for deg, helt gratis selvf\u00f8lgelig!<\/p>\n<p>Gevinst p\u00e5 \u20ac2500 eller mindre &#8211; gevinstbel\u00f8pet krediteres saldoen din p\u00e5 nettstedet v\u00e5rt. Du kan ta det ut derfra, eller bruke saldoen til \u00e5 kj\u00f8pe flere lodd.<\/p>\n<p>Gevinster p\u00e5 mer enn 2 500 kr &#8211; v\u00e5rt kundest\u00f8tteteam hjelper deg med \u00e5 f\u00e5 pengene utbetalt. Etter at du har sendt inn litt informasjon om identiteten din og din foretrukne betalingsm\u00e5te (bankoverf\u00f8ring eller sjekk), vil du motta betaling direkte p\u00e5 den m\u00e5ten du har valgt.<\/p>\n","protected":false},"excerpt":{"rendered":"<p>Sjekk Powerball-vinnertallene her Det er enkelt \u00e5 finne vinnertallene i Powerball hvis du bor i USA. Spesielt ved anledninger der jackpotten er veldig h\u00f8y, blir resultatene kringkastet i nyhetene og publisert i alle aviser. Men hva om du ikke bor i USA, hvordan f\u00e5r du tak i Powerball-vinnertallene? Hvordan finner du resultatene og ser hvor [&hellip;]<\/p>\n","protected":false},"author":1,"featured_media":0,"parent":5856,"menu_order":1,"comment_status":"closed","ping_status":"closed","template":"powerball-usa-info.php","meta":{"_et_pb_use_builder":"","_et_pb_old_content":"","_et_gb_content_width":"","exclude_from_search":false,"footnotes":""},"class_list":["post-84179","page","type-page","status-publish","hentry"],"yoast_head":"<!-- This site is optimized with the Yoast SEO plugin v23.4 - https:\/\/yoast.com\/wordpress\/plugins\/seo\/ -->\n<title>Powerball vinnertall | Sjekk resultater og gevinster for Powerball USA<\/title>\n<meta name=\"description\" content=\"Vil du se om Powerball-loddet ditt er en vinner? Sjekk vinnertallene p\u00e5 nettsiden v\u00e5r!\" \/>\n<meta name=\"robots\" content=\"index, follow, max-snippet:-1, max-image-preview:large, max-video-preview:-1\" \/>\n<link rel=\"canonical\" href=\"https:\/\/onlinelotto365.com\/no\/vinnende-lotteritall\/resultater-fra-powerball-trekningen\/\" \/>\n<meta property=\"og:locale\" content=\"nb_NO\" \/>\n<meta property=\"og:type\" content=\"article\" \/>\n<meta property=\"og:title\" content=\"Powerball vinnertall | Sjekk resultater og gevinster for Powerball USA\" \/>\n<meta property=\"og:description\" content=\"Vil du se om Powerball-loddet ditt er en vinner? Sjekk vinnertallene p\u00e5 nettsiden v\u00e5r!\" \/>\n<meta property=\"og:url\" content=\"https:\/\/onlinelotto365.com\/no\/vinnende-lotteritall\/resultater-fra-powerball-trekningen\/\" \/>\n<meta property=\"og:site_name\" content=\"OnlineLotto365\" \/>\n<meta property=\"article:modified_time\" content=\"2023-09-27T17:05:55+00:00\" \/>\n<meta property=\"og:image\" content=\"https:\/\/redfoxlotto.com\/image?size=8&amp;lottery=powerball\" \/>\n<meta name=\"twitter:card\" content=\"summary_large_image\" \/>\n<meta name=\"twitter:label1\" content=\"Ansl. lesetid\" \/>\n\t<meta name=\"twitter:data1\" content=\"2 minutter\" \/>\n<script type=\"application\/ld+json\" class=\"yoast-schema-graph\">{\"@context\":\"https:\/\/schema.org\",\"@graph\":[{\"@type\":\"WebPage\",\"@id\":\"https:\/\/onlinelotto365.com\/no\/vinnende-lotteritall\/resultater-fra-powerball-trekningen\/\",\"url\":\"https:\/\/onlinelotto365.com\/no\/vinnende-lotteritall\/resultater-fra-powerball-trekningen\/\",\"name\":\"Powerball vinnertall | Sjekk resultater og gevinster for Powerball USA\",\"isPartOf\":{\"@id\":\"https:\/\/onlinelotto365.com\/no\/#website\"},\"primaryImageOfPage\":{\"@id\":\"https:\/\/onlinelotto365.com\/no\/vinnende-lotteritall\/resultater-fra-powerball-trekningen\/#primaryimage\"},\"image\":{\"@id\":\"https:\/\/onlinelotto365.com\/no\/vinnende-lotteritall\/resultater-fra-powerball-trekningen\/#primaryimage\"},\"thumbnailUrl\":\"https:\/\/redfoxlotto.com\/image?size=8&amp;lottery=powerball\",\"datePublished\":\"2023-09-27T16:53:31+00:00\",\"dateModified\":\"2023-09-27T17:05:55+00:00\",\"description\":\"Vil du se om Powerball-loddet ditt er en vinner? Sjekk vinnertallene p\u00e5 nettsiden v\u00e5r!\",\"breadcrumb\":{\"@id\":\"https:\/\/onlinelotto365.com\/no\/vinnende-lotteritall\/resultater-fra-powerball-trekningen\/#breadcrumb\"},\"inLanguage\":\"nb-NO\",\"potentialAction\":[{\"@type\":\"ReadAction\",\"target\":[\"https:\/\/onlinelotto365.com\/no\/vinnende-lotteritall\/resultater-fra-powerball-trekningen\/\"]}]},{\"@type\":\"ImageObject\",\"inLanguage\":\"nb-NO\",\"@id\":\"https:\/\/onlinelotto365.com\/no\/vinnende-lotteritall\/resultater-fra-powerball-trekningen\/#primaryimage\",\"url\":\"https:\/\/redfoxlotto.com\/image?size=8&amp;lottery=powerball\",\"contentUrl\":\"https:\/\/redfoxlotto.com\/image?size=8&amp;lottery=powerball\"},{\"@type\":\"BreadcrumbList\",\"@id\":\"https:\/\/onlinelotto365.com\/no\/vinnende-lotteritall\/resultater-fra-powerball-trekningen\/#breadcrumb\",\"itemListElement\":[{\"@type\":\"ListItem\",\"position\":1,\"name\":\"Home\",\"item\":\"https:\/\/onlinelotto365.com\/no\/\"},{\"@type\":\"ListItem\",\"position\":2,\"name\":\"Leter du etter internasjonale lotto resultater?\",\"item\":\"https:\/\/onlinelotto365.com\/no\/vinnende-lotteritall\/\"},{\"@type\":\"ListItem\",\"position\":3,\"name\":\"Resultater fra Powerball-trekningen\"}]},{\"@type\":\"WebSite\",\"@id\":\"https:\/\/onlinelotto365.com\/no\/#website\",\"url\":\"https:\/\/onlinelotto365.com\/no\/\",\"name\":\"OnlineLotto365\",\"description\":\"\",\"potentialAction\":[{\"@type\":\"SearchAction\",\"target\":{\"@type\":\"EntryPoint\",\"urlTemplate\":\"https:\/\/onlinelotto365.com\/no\/?s={search_term_string}\"},\"query-input\":{\"@type\":\"PropertyValueSpecification\",\"valueRequired\":true,\"valueName\":\"search_term_string\"}}],\"inLanguage\":\"nb-NO\"}]}<\/script>\n<!-- \/ Yoast SEO plugin. -->","yoast_head_json":{"title":"Powerball vinnertall | Sjekk resultater og gevinster for Powerball USA","description":"Vil du se om Powerball-loddet ditt er en vinner? Sjekk vinnertallene p\u00e5 nettsiden v\u00e5r!","robots":{"index":"index","follow":"follow","max-snippet":"max-snippet:-1","max-image-preview":"max-image-preview:large","max-video-preview":"max-video-preview:-1"},"canonical":"https:\/\/onlinelotto365.com\/no\/vinnende-lotteritall\/resultater-fra-powerball-trekningen\/","og_locale":"nb_NO","og_type":"article","og_title":"Powerball vinnertall | Sjekk resultater og gevinster for Powerball USA","og_description":"Vil du se om Powerball-loddet ditt er en vinner? Sjekk vinnertallene p\u00e5 nettsiden v\u00e5r!","og_url":"https:\/\/onlinelotto365.com\/no\/vinnende-lotteritall\/resultater-fra-powerball-trekningen\/","og_site_name":"OnlineLotto365","article_modified_time":"2023-09-27T17:05:55+00:00","og_image":[{"url":"https:\/\/redfoxlotto.com\/image?size=8&amp;lottery=powerball"}],"twitter_card":"summary_large_image","twitter_misc":{"Ansl. lesetid":"2 minutter"},"schema":{"@context":"https:\/\/schema.org","@graph":[{"@type":"WebPage","@id":"https:\/\/onlinelotto365.com\/no\/vinnende-lotteritall\/resultater-fra-powerball-trekningen\/","url":"https:\/\/onlinelotto365.com\/no\/vinnende-lotteritall\/resultater-fra-powerball-trekningen\/","name":"Powerball vinnertall | Sjekk resultater og gevinster for Powerball USA","isPartOf":{"@id":"https:\/\/onlinelotto365.com\/no\/#website"},"primaryImageOfPage":{"@id":"https:\/\/onlinelotto365.com\/no\/vinnende-lotteritall\/resultater-fra-powerball-trekningen\/#primaryimage"},"image":{"@id":"https:\/\/onlinelotto365.com\/no\/vinnende-lotteritall\/resultater-fra-powerball-trekningen\/#primaryimage"},"thumbnailUrl":"https:\/\/redfoxlotto.com\/image?size=8&amp;lottery=powerball","datePublished":"2023-09-27T16:53:31+00:00","dateModified":"2023-09-27T17:05:55+00:00","description":"Vil du se om Powerball-loddet ditt er en vinner? Sjekk vinnertallene p\u00e5 nettsiden v\u00e5r!","breadcrumb":{"@id":"https:\/\/onlinelotto365.com\/no\/vinnende-lotteritall\/resultater-fra-powerball-trekningen\/#breadcrumb"},"inLanguage":"nb-NO","potentialAction":[{"@type":"ReadAction","target":["https:\/\/onlinelotto365.com\/no\/vinnende-lotteritall\/resultater-fra-powerball-trekningen\/"]}]},{"@type":"ImageObject","inLanguage":"nb-NO","@id":"https:\/\/onlinelotto365.com\/no\/vinnende-lotteritall\/resultater-fra-powerball-trekningen\/#primaryimage","url":"https:\/\/redfoxlotto.com\/image?size=8&amp;lottery=powerball","contentUrl":"https:\/\/redfoxlotto.com\/image?size=8&amp;lottery=powerball"},{"@type":"BreadcrumbList","@id":"https:\/\/onlinelotto365.com\/no\/vinnende-lotteritall\/resultater-fra-powerball-trekningen\/#breadcrumb","itemListElement":[{"@type":"ListItem","position":1,"name":"Home","item":"https:\/\/onlinelotto365.com\/no\/"},{"@type":"ListItem","position":2,"name":"Leter du etter internasjonale lotto resultater?","item":"https:\/\/onlinelotto365.com\/no\/vinnende-lotteritall\/"},{"@type":"ListItem","position":3,"name":"Resultater fra Powerball-trekningen"}]},{"@type":"WebSite","@id":"https:\/\/onlinelotto365.com\/no\/#website","url":"https:\/\/onlinelotto365.com\/no\/","name":"OnlineLotto365","description":"","potentialAction":[{"@type":"SearchAction","target":{"@type":"EntryPoint","urlTemplate":"https:\/\/onlinelotto365.com\/no\/?s={search_term_string}"},"query-input":{"@type":"PropertyValueSpecification","valueRequired":true,"valueName":"search_term_string"}}],"inLanguage":"nb-NO"}]}},"_links":{"self":[{"href":"https:\/\/onlinelotto365.com\/no\/wp-json\/wp\/v2\/pages\/84179","targetHints":{"allow":["GET"]}}],"collection":[{"href":"https:\/\/onlinelotto365.com\/no\/wp-json\/wp\/v2\/pages"}],"about":[{"href":"https:\/\/onlinelotto365.com\/no\/wp-json\/wp\/v2\/types\/page"}],"author":[{"embeddable":true,"href":"https:\/\/onlinelotto365.com\/no\/wp-json\/wp\/v2\/users\/1"}],"replies":[{"embeddable":true,"href":"https:\/\/onlinelotto365.com\/no\/wp-json\/wp\/v2\/comments?post=84179"}],"version-history":[{"count":0,"href":"https:\/\/onlinelotto365.com\/no\/wp-json\/wp\/v2\/pages\/84179\/revisions"}],"up":[{"embeddable":true,"href":"https:\/\/onlinelotto365.com\/no\/wp-json\/wp\/v2\/pages\/5856"}],"wp:attachment":[{"href":"https:\/\/onlinelotto365.com\/no\/wp-json\/wp\/v2\/media?parent=84179"}],"curies":[{"name":"wp","href":"https:\/\/api.w.org\/{rel}","templated":true}]}}