{"id":84189,"date":"2023-09-27T20:05:51","date_gmt":"2023-09-27T19:05:51","guid":{"rendered":"https:\/\/onlinelotto365.com\/vinnende-lotteritall\/sjekk-mega-millions-vinnertall-her"},"modified":"2023-09-27T20:05:51","modified_gmt":"2023-09-27T19:05:51","slug":"sjekk-mega-millions-vinnertall-her","status":"publish","type":"page","link":"https:\/\/onlinelotto365.com\/no\/vinnende-lotteritall\/sjekk-mega-millions-vinnertall-her\/","title":{"rendered":"Sjekk Mega Millions vinnertall her"},"content":{"rendered":"<p>Med alle de internasjonale lotteriene du kan spille p\u00e5 nettstedet v\u00e5rt, kan det v\u00e6re vanskelig \u00e5 f\u00e5 tak i vinnertallene og resultatene. Du vil sannsynligvis ikke kunne finne vinnertallene for Mega Millions i avisen din. Du kan se etter en tilgjengelig tv-kanal som tar med trekningsresultatene i nyhetssendingene sine, men det krever litt research.<\/p>\n<p>Et alternativ kan v\u00e6re \u00e5 sjekke om den offisielle Mega Millions-lotterisiden sender en direktesending av trekningsprosedyren. Det er selvf\u00f8lgelig veldig spennende \u00e5 se tallene bli trukket live. Det er ogs\u00e5 den raskeste m\u00e5ten \u00e5 finne ut om tallene dine har vunnet. Men de fleste lotterier tilbyr ikke direktesending av trekningen i sanntid.<\/p>\n<p>Hvis trekningen allerede har funnet sted n\u00e5r du \u00f8nsker \u00e5 sjekke vinnertallene, kan du g\u00e5 til Youtube og s\u00f8ke etter en video som viser den siste Mega Millions-trekningen.<\/p>\n<p>Men en veldig praktisk metode for \u00e5 verifisere vinnertallene, samt resultatene og premiene til Mega Millions er v\u00e5r egen lotteriresultatside. P\u00e5 \u00e9n side kan du finne vinnertallene for alle lotteriene vi tilbyr.<\/p>\n<h2>Hvordan finne ut om din online billett har vunnet mega millioner vinnertall<\/h2>\n<p><img decoding=\"async\" class=\"aligncenter\" src=\"https:\/\/redfoxlotto.com\/image?size=8&amp;lottery=mega-millions\" alt=\"Mega Millions\" \/><br \/>\nOg det blir enda bedre! Hvis du har kj\u00f8pt en Mega Millions-lodd p\u00e5 nettstedet v\u00e5rt, kan du ta en titt p\u00e5 kontoen din (du m\u00e5 selvf\u00f8lgelig logge inn f\u00f8rst) og seksjonen der loddene dine er lagret. For hvert lotteri du har spilt, vises vinnertallene rett ved siden av tallene du valgte. Alle tallene fra kupongen din som samsvarer med trekningsresultatene vil ogs\u00e5 v\u00e6re fargemerket. N\u00e5r du vet hvor mange tall du har valgt riktig, kan du sjekke hvor mye du har vunnet. Husk ogs\u00e5 at alle gevinster p\u00e5 mindre enn \u20ac2500 vil bli kreditert spillerkontoen din s\u00e5 snart lotteriet har bekreftet de offisielle resultatene.<\/p>\n<h2>Mega Millions resultatarkiv<\/h2>\n<p>Sidene p\u00e5 nettstedet v\u00e5rt som viser de siste Mega Millions-resultatene gir deg ogs\u00e5 muligheten til \u00e5 sjekke tidligere trekningsresultater. Dette er noe mange spillere bruker for \u00e5 sjekke hvilke tall som har blitt trukket i det siste, eller hvilke tall som ikke har blitt trukket tidligere. Det er en sv\u00e6rt popul\u00e6r lottostrategi \u00e5 bruke denne informasjonen n\u00e5r du velger tall til din neste kupong.<\/p>\n<h2>Kupongen min har vunnet, hva skjer videre?<\/h2>\n<p>Som vi allerede har nevnt, vil premier p\u00e5 mindre enn 2 500 euro bli kreditert direkte til kundekontoen din p\u00e5 nettstedet v\u00e5rt. Derfra kan du ta ut hele gevinsten eller deler av den, s\u00e5 lenge du har en saldo p\u00e5 minst 100 kr. Du kan ogs\u00e5 bruke en del av bel\u00f8pet til \u00e5 kj\u00f8pe nye billetter. Hvis du bestemmer deg for \u00e5 ta ut penger til kredittkortet eller bankkontoen din, m\u00e5 du gi oss noen identifikasjonsdokumenter. Dette er et krav fra betalingsbehandlerne v\u00e5re p\u00e5 grunn av lovene mot hvitvasking av penger. Du kan heller ikke bruke en uttaksmetode som ikke tidligere har blitt brukt til et kj\u00f8p eller et innskudd.<\/p>\n","protected":false},"excerpt":{"rendered":"<p>Med alle de internasjonale lotteriene du kan spille p\u00e5 nettstedet v\u00e5rt, kan det v\u00e6re vanskelig \u00e5 f\u00e5 tak i vinnertallene og resultatene. Du vil sannsynligvis ikke kunne finne vinnertallene for Mega Millions i avisen din. Du kan se etter en tilgjengelig tv-kanal som tar med trekningsresultatene i nyhetssendingene sine, men det krever litt research. Et [&hellip;]<\/p>\n","protected":false},"author":1,"featured_media":0,"parent":5856,"menu_order":2,"comment_status":"closed","ping_status":"closed","template":"megamillion-results.php","meta":{"_et_pb_use_builder":"","_et_pb_old_content":"","_et_gb_content_width":"","exclude_from_search":false,"footnotes":""},"class_list":["post-84189","page","type-page","status-publish","hentry"],"yoast_head":"<!-- This site is optimized with the Yoast SEO plugin v23.4 - https:\/\/yoast.com\/wordpress\/plugins\/seo\/ -->\n<title>Vinnertall Mega Millions | Siste trekningsresultater og premier for Mega Millions<\/title>\n<meta name=\"description\" content=\"Vinnertall Mega Millions | Siste trekningsresultater og premier for Mega Millions\" \/>\n<meta name=\"robots\" content=\"index, follow, max-snippet:-1, max-image-preview:large, max-video-preview:-1\" \/>\n<link rel=\"canonical\" href=\"https:\/\/onlinelotto365.com\/no\/vinnende-lotteritall\/sjekk-mega-millions-vinnertall-her\/\" \/>\n<meta property=\"og:locale\" content=\"nb_NO\" \/>\n<meta property=\"og:type\" content=\"article\" \/>\n<meta property=\"og:title\" content=\"Vinnertall Mega Millions | Siste trekningsresultater og premier for Mega Millions\" \/>\n<meta property=\"og:description\" content=\"Vinnertall Mega Millions | Siste trekningsresultater og premier for Mega Millions\" \/>\n<meta property=\"og:url\" content=\"https:\/\/onlinelotto365.com\/no\/vinnende-lotteritall\/sjekk-mega-millions-vinnertall-her\/\" \/>\n<meta property=\"og:site_name\" content=\"OnlineLotto365\" \/>\n<meta property=\"og:image\" content=\"https:\/\/redfoxlotto.com\/image?size=8&amp;lottery=mega-millions\" \/>\n<meta name=\"twitter:card\" content=\"summary_large_image\" \/>\n<meta name=\"twitter:label1\" content=\"Ansl. lesetid\" \/>\n\t<meta name=\"twitter:data1\" content=\"2 minutter\" \/>\n<script type=\"application\/ld+json\" class=\"yoast-schema-graph\">{\"@context\":\"https:\/\/schema.org\",\"@graph\":[{\"@type\":\"WebPage\",\"@id\":\"https:\/\/onlinelotto365.com\/no\/vinnende-lotteritall\/sjekk-mega-millions-vinnertall-her\/\",\"url\":\"https:\/\/onlinelotto365.com\/no\/vinnende-lotteritall\/sjekk-mega-millions-vinnertall-her\/\",\"name\":\"Vinnertall Mega Millions | Siste trekningsresultater og premier for Mega Millions\",\"isPartOf\":{\"@id\":\"https:\/\/onlinelotto365.com\/no\/#website\"},\"primaryImageOfPage\":{\"@id\":\"https:\/\/onlinelotto365.com\/no\/vinnende-lotteritall\/sjekk-mega-millions-vinnertall-her\/#primaryimage\"},\"image\":{\"@id\":\"https:\/\/onlinelotto365.com\/no\/vinnende-lotteritall\/sjekk-mega-millions-vinnertall-her\/#primaryimage\"},\"thumbnailUrl\":\"https:\/\/redfoxlotto.com\/image?size=8&amp;lottery=mega-millions\",\"datePublished\":\"2023-09-27T19:05:51+00:00\",\"dateModified\":\"2023-09-27T19:05:51+00:00\",\"description\":\"Vinnertall Mega Millions | Siste trekningsresultater og premier for Mega Millions\",\"breadcrumb\":{\"@id\":\"https:\/\/onlinelotto365.com\/no\/vinnende-lotteritall\/sjekk-mega-millions-vinnertall-her\/#breadcrumb\"},\"inLanguage\":\"nb-NO\",\"potentialAction\":[{\"@type\":\"ReadAction\",\"target\":[\"https:\/\/onlinelotto365.com\/no\/vinnende-lotteritall\/sjekk-mega-millions-vinnertall-her\/\"]}]},{\"@type\":\"ImageObject\",\"inLanguage\":\"nb-NO\",\"@id\":\"https:\/\/onlinelotto365.com\/no\/vinnende-lotteritall\/sjekk-mega-millions-vinnertall-her\/#primaryimage\",\"url\":\"https:\/\/redfoxlotto.com\/image?size=8&amp;lottery=mega-millions\",\"contentUrl\":\"https:\/\/redfoxlotto.com\/image?size=8&amp;lottery=mega-millions\"},{\"@type\":\"BreadcrumbList\",\"@id\":\"https:\/\/onlinelotto365.com\/no\/vinnende-lotteritall\/sjekk-mega-millions-vinnertall-her\/#breadcrumb\",\"itemListElement\":[{\"@type\":\"ListItem\",\"position\":1,\"name\":\"Home\",\"item\":\"https:\/\/onlinelotto365.com\/no\/\"},{\"@type\":\"ListItem\",\"position\":2,\"name\":\"Leter du etter internasjonale lotto resultater?\",\"item\":\"https:\/\/onlinelotto365.com\/no\/vinnende-lotteritall\/\"},{\"@type\":\"ListItem\",\"position\":3,\"name\":\"Sjekk Mega Millions vinnertall her\"}]},{\"@type\":\"WebSite\",\"@id\":\"https:\/\/onlinelotto365.com\/no\/#website\",\"url\":\"https:\/\/onlinelotto365.com\/no\/\",\"name\":\"OnlineLotto365\",\"description\":\"\",\"potentialAction\":[{\"@type\":\"SearchAction\",\"target\":{\"@type\":\"EntryPoint\",\"urlTemplate\":\"https:\/\/onlinelotto365.com\/no\/?s={search_term_string}\"},\"query-input\":{\"@type\":\"PropertyValueSpecification\",\"valueRequired\":true,\"valueName\":\"search_term_string\"}}],\"inLanguage\":\"nb-NO\"}]}<\/script>\n<!-- \/ Yoast SEO plugin. -->","yoast_head_json":{"title":"Vinnertall Mega Millions | Siste trekningsresultater og premier for Mega Millions","description":"Vinnertall Mega Millions | Siste trekningsresultater og premier for Mega Millions","robots":{"index":"index","follow":"follow","max-snippet":"max-snippet:-1","max-image-preview":"max-image-preview:large","max-video-preview":"max-video-preview:-1"},"canonical":"https:\/\/onlinelotto365.com\/no\/vinnende-lotteritall\/sjekk-mega-millions-vinnertall-her\/","og_locale":"nb_NO","og_type":"article","og_title":"Vinnertall Mega Millions | Siste trekningsresultater og premier for Mega Millions","og_description":"Vinnertall Mega Millions | Siste trekningsresultater og premier for Mega Millions","og_url":"https:\/\/onlinelotto365.com\/no\/vinnende-lotteritall\/sjekk-mega-millions-vinnertall-her\/","og_site_name":"OnlineLotto365","og_image":[{"url":"https:\/\/redfoxlotto.com\/image?size=8&amp;lottery=mega-millions"}],"twitter_card":"summary_large_image","twitter_misc":{"Ansl. lesetid":"2 minutter"},"schema":{"@context":"https:\/\/schema.org","@graph":[{"@type":"WebPage","@id":"https:\/\/onlinelotto365.com\/no\/vinnende-lotteritall\/sjekk-mega-millions-vinnertall-her\/","url":"https:\/\/onlinelotto365.com\/no\/vinnende-lotteritall\/sjekk-mega-millions-vinnertall-her\/","name":"Vinnertall Mega Millions | Siste trekningsresultater og premier for Mega Millions","isPartOf":{"@id":"https:\/\/onlinelotto365.com\/no\/#website"},"primaryImageOfPage":{"@id":"https:\/\/onlinelotto365.com\/no\/vinnende-lotteritall\/sjekk-mega-millions-vinnertall-her\/#primaryimage"},"image":{"@id":"https:\/\/onlinelotto365.com\/no\/vinnende-lotteritall\/sjekk-mega-millions-vinnertall-her\/#primaryimage"},"thumbnailUrl":"https:\/\/redfoxlotto.com\/image?size=8&amp;lottery=mega-millions","datePublished":"2023-09-27T19:05:51+00:00","dateModified":"2023-09-27T19:05:51+00:00","description":"Vinnertall Mega Millions | Siste trekningsresultater og premier for Mega Millions","breadcrumb":{"@id":"https:\/\/onlinelotto365.com\/no\/vinnende-lotteritall\/sjekk-mega-millions-vinnertall-her\/#breadcrumb"},"inLanguage":"nb-NO","potentialAction":[{"@type":"ReadAction","target":["https:\/\/onlinelotto365.com\/no\/vinnende-lotteritall\/sjekk-mega-millions-vinnertall-her\/"]}]},{"@type":"ImageObject","inLanguage":"nb-NO","@id":"https:\/\/onlinelotto365.com\/no\/vinnende-lotteritall\/sjekk-mega-millions-vinnertall-her\/#primaryimage","url":"https:\/\/redfoxlotto.com\/image?size=8&amp;lottery=mega-millions","contentUrl":"https:\/\/redfoxlotto.com\/image?size=8&amp;lottery=mega-millions"},{"@type":"BreadcrumbList","@id":"https:\/\/onlinelotto365.com\/no\/vinnende-lotteritall\/sjekk-mega-millions-vinnertall-her\/#breadcrumb","itemListElement":[{"@type":"ListItem","position":1,"name":"Home","item":"https:\/\/onlinelotto365.com\/no\/"},{"@type":"ListItem","position":2,"name":"Leter du etter internasjonale lotto resultater?","item":"https:\/\/onlinelotto365.com\/no\/vinnende-lotteritall\/"},{"@type":"ListItem","position":3,"name":"Sjekk Mega Millions vinnertall her"}]},{"@type":"WebSite","@id":"https:\/\/onlinelotto365.com\/no\/#website","url":"https:\/\/onlinelotto365.com\/no\/","name":"OnlineLotto365","description":"","potentialAction":[{"@type":"SearchAction","target":{"@type":"EntryPoint","urlTemplate":"https:\/\/onlinelotto365.com\/no\/?s={search_term_string}"},"query-input":{"@type":"PropertyValueSpecification","valueRequired":true,"valueName":"search_term_string"}}],"inLanguage":"nb-NO"}]}},"_links":{"self":[{"href":"https:\/\/onlinelotto365.com\/no\/wp-json\/wp\/v2\/pages\/84189","targetHints":{"allow":["GET"]}}],"collection":[{"href":"https:\/\/onlinelotto365.com\/no\/wp-json\/wp\/v2\/pages"}],"about":[{"href":"https:\/\/onlinelotto365.com\/no\/wp-json\/wp\/v2\/types\/page"}],"author":[{"embeddable":true,"href":"https:\/\/onlinelotto365.com\/no\/wp-json\/wp\/v2\/users\/1"}],"replies":[{"embeddable":true,"href":"https:\/\/onlinelotto365.com\/no\/wp-json\/wp\/v2\/comments?post=84189"}],"version-history":[{"count":0,"href":"https:\/\/onlinelotto365.com\/no\/wp-json\/wp\/v2\/pages\/84189\/revisions"}],"up":[{"embeddable":true,"href":"https:\/\/onlinelotto365.com\/no\/wp-json\/wp\/v2\/pages\/5856"}],"wp:attachment":[{"href":"https:\/\/onlinelotto365.com\/no\/wp-json\/wp\/v2\/media?parent=84189"}],"curies":[{"name":"wp","href":"https:\/\/api.w.org\/{rel}","templated":true}]}}