{"id":84198,"date":"2023-09-27T21:49:30","date_gmt":"2023-09-27T20:49:30","guid":{"rendered":"https:\/\/onlinelotto365.com\/vinnende-lotteritall\/se-vinnertallene-i-euromillions"},"modified":"2023-09-27T21:49:30","modified_gmt":"2023-09-27T20:49:30","slug":"se-vinnertallene-i-euromillions","status":"publish","type":"page","link":"https:\/\/onlinelotto365.com\/no\/vinnende-lotteritall\/se-vinnertallene-i-euromillions\/","title":{"rendered":"Se vinnertallene i Euromillions"},"content":{"rendered":"<p>Vi vet at det er mange internasjonale lotterispill tilgjengelig p\u00e5 nettstedet v\u00e5rt, og det kan v\u00e6re litt forvirrende for deg. Men det trenger ikke \u00e5 v\u00e6re s\u00e5 forvirrende som du tror. Og det trenger heller ikke v\u00e6re s\u00e5 vanskelig for deg \u00e5 finne vinnertallene for det spillet du \u00f8nsker. Men kanskje du har tenkt p\u00e5 \u00e5 sjekke andre steder. Avisen og TV-en er et par alternativer, men med mindre du er lokal, kan det v\u00e6re vanskelig \u00e5 finne resultatene p\u00e5 noen av disse stedene.<\/p>\n<p>Du kan ogs\u00e5 velge \u00e5 g\u00e5 til den offisielle nettsiden til EuroMillions-lotteriet. Dette er et av de beste stedene \u00e5 f\u00e5 tak i resultatene fordi de er tilgjengelige fakta, og du kan til og med se en direktesending av trekningen. Det kan v\u00e6re morsomt og spennende \u00e5 se trekningen live, spesielt hvis det er du som vinner og du f\u00e5r se tallene dine komme opp. Men det kan ta lang tid, og det er ikke alle lotterispill som faktisk streames.<\/p>\n<p>N\u00e5r lotteriet er trukket, er et annet alternativ \u00e5 sjekke ut YouTube for \u00e5 se om du kan f\u00e5 en video av trekningen eller noen andre som avsl\u00f8rer tallene i etterkant.<\/p>\n<p>Den beste m\u00e5ten \u00e5 f\u00e5 tak i vinnertallene p\u00e5 er imidlertid \u00e5 g\u00e5 inn p\u00e5 nettsiden v\u00e5r og sjekke resultatene. Alt er tilgjengelig p\u00e5 v\u00e5r side med lotteriresultater, som viser deg vinnertallene for alle lottospill du kan kj\u00f8pe p\u00e5 nettstedet v\u00e5rt.<\/p>\n<h2>Hvordan finne ut om din online-lodd har vunnet vinnertall i Euromillions<\/h2>\n<p><img decoding=\"async\" class=\"aligncenter\" src=\"https:\/\/redfoxlotto.com\/image?size=8&amp;lottery=euromillions\" alt=\"euromillions\" \/><br \/>\nDet som er enda bedre er at hvis du faktisk har kj\u00f8pt en kupong til dette spillet, trenger du ikke engang \u00e5 bekymre deg for \u00e5 g\u00e5 til resultatsiden. Du kan bare g\u00e5 direkte til kontoen din og siden med billettene dine.<\/p>\n<p>Derfra kan du se vinnertallene og tallene dine sammenlignet. Og vi markerer tallene som matcher, slik at du ikke g\u00e5r glipp av dem. I tillegg s\u00f8rger vi for at du f\u00e5r gevinsten fra tallene dine hvis du har mindre enn 2 500 euro. Hvis det er over, trenger du bare \u00e5 fylle ut et skjema, s\u00e5 hjelper vi deg med \u00e5 f\u00e5 alt ordnet.<\/p>\n<h2>EuroMillions-resultatarkiv<\/h2>\n<p><img loading=\"lazy\" decoding=\"async\" class=\"alignright wp-image-3645\" src=\"https:\/\/onlinelotto365.com\/wp-content\/uploads\/2020\/11\/online_lottery-129-300x300.jpg\" alt=\"Euromillions winning numbers\" width=\"210\" height=\"210\" srcset=\"https:\/\/onlinelotto365.com\/wp-content\/uploads\/2020\/11\/online_lottery-129-300x300.jpg 300w, https:\/\/onlinelotto365.com\/wp-content\/uploads\/2020\/11\/online_lottery-129-100x100.jpg 100w, https:\/\/onlinelotto365.com\/wp-content\/uploads\/2020\/11\/online_lottery-129-150x150.jpg 150w, https:\/\/onlinelotto365.com\/wp-content\/uploads\/2020\/11\/online_lottery-129.jpg 320w\" sizes=\"auto, (max-width: 210px) 100vw, 210px\" \/><br \/>\nVi har flere omr\u00e5der der du kan se de siste vinnertallene for EuroMillions og resultatene fra andre spill, men vi har ogs\u00e5 muligheter for \u00e5 sjekke ut gamle vinnertall. Hvis du vil v\u00e6re sikker p\u00e5 at du velger de riktige tallene for nettspillet, kan det \u00e5 se p\u00e5 de eldre spillene v\u00e6re en god m\u00e5te \u00e5 gj\u00f8re det valget p\u00e5.<\/p>\n<h2>Kupongen min har vunnet, hva skjer videre?<\/h2>\n<p>Vi har allerede nevnt at alle premier du vinner som er mindre enn \u20ac2500 vil bli satt inn p\u00e5 kontoen din av kundeserviceteamet v\u00e5rt. N\u00e5r pengene er p\u00e5 kontoen din, kan du ta dem ut, bruke dem eller gj\u00f8re hva du vil. Dette gj\u00f8r det enkelt for deg \u00e5 fortsette \u00e5 spille eller bruke pengene dine til hva du vil.<\/p>\n<p>Ikke bare det, men du kan ogs\u00e5 ta ut pengene fra en hvilken som helst konto du allerede har brukt til \u00e5 kj\u00f8pe eller sette inn ekstra penger p\u00e5 kontoen din. Det inkluderer bankkontoer, kredittkort og mer.<\/p>\n","protected":false},"excerpt":{"rendered":"<p>Vi vet at det er mange internasjonale lotterispill tilgjengelig p\u00e5 nettstedet v\u00e5rt, og det kan v\u00e6re litt forvirrende for deg. Men det trenger ikke \u00e5 v\u00e6re s\u00e5 forvirrende som du tror. Og det trenger heller ikke v\u00e6re s\u00e5 vanskelig for deg \u00e5 finne vinnertallene for det spillet du \u00f8nsker. Men kanskje du har tenkt p\u00e5 [&hellip;]<\/p>\n","protected":false},"author":1,"featured_media":0,"parent":5856,"menu_order":3,"comment_status":"closed","ping_status":"closed","template":"euromillions-results.php","meta":{"_et_pb_use_builder":"","_et_pb_old_content":"","_et_gb_content_width":"","exclude_from_search":false,"footnotes":""},"class_list":["post-84198","page","type-page","status-publish","hentry"],"yoast_head":"<!-- This site is optimized with the Yoast SEO plugin v23.4 - https:\/\/yoast.com\/wordpress\/plugins\/seo\/ -->\n<title>Vinnende tall Euromillions | Se de siste premiene og resultatene for Euromillions<\/title>\n<meta name=\"description\" content=\"Sammenlign Euromillions-loddet ditt med vinnertallene - se alle lotteriresultatene her\" \/>\n<meta name=\"robots\" content=\"index, follow, max-snippet:-1, max-image-preview:large, max-video-preview:-1\" \/>\n<link rel=\"canonical\" href=\"https:\/\/onlinelotto365.com\/no\/vinnende-lotteritall\/se-vinnertallene-i-euromillions\/\" \/>\n<meta property=\"og:locale\" content=\"nb_NO\" \/>\n<meta property=\"og:type\" content=\"article\" \/>\n<meta property=\"og:title\" content=\"Vinnende tall Euromillions | Se de siste premiene og resultatene for Euromillions\" \/>\n<meta property=\"og:description\" content=\"Sammenlign Euromillions-loddet ditt med vinnertallene - se alle lotteriresultatene her\" \/>\n<meta property=\"og:url\" content=\"https:\/\/onlinelotto365.com\/no\/vinnende-lotteritall\/se-vinnertallene-i-euromillions\/\" \/>\n<meta property=\"og:site_name\" content=\"OnlineLotto365\" \/>\n<meta property=\"og:image\" content=\"https:\/\/redfoxlotto.com\/image?size=8&amp;lottery=euromillions\" \/>\n<meta name=\"twitter:card\" content=\"summary_large_image\" \/>\n<meta name=\"twitter:label1\" content=\"Ansl. lesetid\" \/>\n\t<meta name=\"twitter:data1\" content=\"3 minutter\" \/>\n<script type=\"application\/ld+json\" class=\"yoast-schema-graph\">{\"@context\":\"https:\/\/schema.org\",\"@graph\":[{\"@type\":\"WebPage\",\"@id\":\"https:\/\/onlinelotto365.com\/no\/vinnende-lotteritall\/se-vinnertallene-i-euromillions\/\",\"url\":\"https:\/\/onlinelotto365.com\/no\/vinnende-lotteritall\/se-vinnertallene-i-euromillions\/\",\"name\":\"Vinnende tall Euromillions | Se de siste premiene og resultatene for Euromillions\",\"isPartOf\":{\"@id\":\"https:\/\/onlinelotto365.com\/no\/#website\"},\"primaryImageOfPage\":{\"@id\":\"https:\/\/onlinelotto365.com\/no\/vinnende-lotteritall\/se-vinnertallene-i-euromillions\/#primaryimage\"},\"image\":{\"@id\":\"https:\/\/onlinelotto365.com\/no\/vinnende-lotteritall\/se-vinnertallene-i-euromillions\/#primaryimage\"},\"thumbnailUrl\":\"https:\/\/redfoxlotto.com\/image?size=8&amp;lottery=euromillions\",\"datePublished\":\"2023-09-27T20:49:30+00:00\",\"dateModified\":\"2023-09-27T20:49:30+00:00\",\"description\":\"Sammenlign Euromillions-loddet ditt med vinnertallene - se alle lotteriresultatene her\",\"breadcrumb\":{\"@id\":\"https:\/\/onlinelotto365.com\/no\/vinnende-lotteritall\/se-vinnertallene-i-euromillions\/#breadcrumb\"},\"inLanguage\":\"nb-NO\",\"potentialAction\":[{\"@type\":\"ReadAction\",\"target\":[\"https:\/\/onlinelotto365.com\/no\/vinnende-lotteritall\/se-vinnertallene-i-euromillions\/\"]}]},{\"@type\":\"ImageObject\",\"inLanguage\":\"nb-NO\",\"@id\":\"https:\/\/onlinelotto365.com\/no\/vinnende-lotteritall\/se-vinnertallene-i-euromillions\/#primaryimage\",\"url\":\"https:\/\/redfoxlotto.com\/image?size=8&amp;lottery=euromillions\",\"contentUrl\":\"https:\/\/redfoxlotto.com\/image?size=8&amp;lottery=euromillions\"},{\"@type\":\"BreadcrumbList\",\"@id\":\"https:\/\/onlinelotto365.com\/no\/vinnende-lotteritall\/se-vinnertallene-i-euromillions\/#breadcrumb\",\"itemListElement\":[{\"@type\":\"ListItem\",\"position\":1,\"name\":\"Home\",\"item\":\"https:\/\/onlinelotto365.com\/no\/\"},{\"@type\":\"ListItem\",\"position\":2,\"name\":\"Leter du etter internasjonale lotto resultater?\",\"item\":\"https:\/\/onlinelotto365.com\/no\/vinnende-lotteritall\/\"},{\"@type\":\"ListItem\",\"position\":3,\"name\":\"Se vinnertallene i Euromillions\"}]},{\"@type\":\"WebSite\",\"@id\":\"https:\/\/onlinelotto365.com\/no\/#website\",\"url\":\"https:\/\/onlinelotto365.com\/no\/\",\"name\":\"OnlineLotto365\",\"description\":\"\",\"potentialAction\":[{\"@type\":\"SearchAction\",\"target\":{\"@type\":\"EntryPoint\",\"urlTemplate\":\"https:\/\/onlinelotto365.com\/no\/?s={search_term_string}\"},\"query-input\":{\"@type\":\"PropertyValueSpecification\",\"valueRequired\":true,\"valueName\":\"search_term_string\"}}],\"inLanguage\":\"nb-NO\"}]}<\/script>\n<!-- \/ Yoast SEO plugin. -->","yoast_head_json":{"title":"Vinnende tall Euromillions | Se de siste premiene og resultatene for Euromillions","description":"Sammenlign Euromillions-loddet ditt med vinnertallene - se alle lotteriresultatene her","robots":{"index":"index","follow":"follow","max-snippet":"max-snippet:-1","max-image-preview":"max-image-preview:large","max-video-preview":"max-video-preview:-1"},"canonical":"https:\/\/onlinelotto365.com\/no\/vinnende-lotteritall\/se-vinnertallene-i-euromillions\/","og_locale":"nb_NO","og_type":"article","og_title":"Vinnende tall Euromillions | Se de siste premiene og resultatene for Euromillions","og_description":"Sammenlign Euromillions-loddet ditt med vinnertallene - se alle lotteriresultatene her","og_url":"https:\/\/onlinelotto365.com\/no\/vinnende-lotteritall\/se-vinnertallene-i-euromillions\/","og_site_name":"OnlineLotto365","og_image":[{"url":"https:\/\/redfoxlotto.com\/image?size=8&amp;lottery=euromillions"}],"twitter_card":"summary_large_image","twitter_misc":{"Ansl. lesetid":"3 minutter"},"schema":{"@context":"https:\/\/schema.org","@graph":[{"@type":"WebPage","@id":"https:\/\/onlinelotto365.com\/no\/vinnende-lotteritall\/se-vinnertallene-i-euromillions\/","url":"https:\/\/onlinelotto365.com\/no\/vinnende-lotteritall\/se-vinnertallene-i-euromillions\/","name":"Vinnende tall Euromillions | Se de siste premiene og resultatene for Euromillions","isPartOf":{"@id":"https:\/\/onlinelotto365.com\/no\/#website"},"primaryImageOfPage":{"@id":"https:\/\/onlinelotto365.com\/no\/vinnende-lotteritall\/se-vinnertallene-i-euromillions\/#primaryimage"},"image":{"@id":"https:\/\/onlinelotto365.com\/no\/vinnende-lotteritall\/se-vinnertallene-i-euromillions\/#primaryimage"},"thumbnailUrl":"https:\/\/redfoxlotto.com\/image?size=8&amp;lottery=euromillions","datePublished":"2023-09-27T20:49:30+00:00","dateModified":"2023-09-27T20:49:30+00:00","description":"Sammenlign Euromillions-loddet ditt med vinnertallene - se alle lotteriresultatene her","breadcrumb":{"@id":"https:\/\/onlinelotto365.com\/no\/vinnende-lotteritall\/se-vinnertallene-i-euromillions\/#breadcrumb"},"inLanguage":"nb-NO","potentialAction":[{"@type":"ReadAction","target":["https:\/\/onlinelotto365.com\/no\/vinnende-lotteritall\/se-vinnertallene-i-euromillions\/"]}]},{"@type":"ImageObject","inLanguage":"nb-NO","@id":"https:\/\/onlinelotto365.com\/no\/vinnende-lotteritall\/se-vinnertallene-i-euromillions\/#primaryimage","url":"https:\/\/redfoxlotto.com\/image?size=8&amp;lottery=euromillions","contentUrl":"https:\/\/redfoxlotto.com\/image?size=8&amp;lottery=euromillions"},{"@type":"BreadcrumbList","@id":"https:\/\/onlinelotto365.com\/no\/vinnende-lotteritall\/se-vinnertallene-i-euromillions\/#breadcrumb","itemListElement":[{"@type":"ListItem","position":1,"name":"Home","item":"https:\/\/onlinelotto365.com\/no\/"},{"@type":"ListItem","position":2,"name":"Leter du etter internasjonale lotto resultater?","item":"https:\/\/onlinelotto365.com\/no\/vinnende-lotteritall\/"},{"@type":"ListItem","position":3,"name":"Se vinnertallene i Euromillions"}]},{"@type":"WebSite","@id":"https:\/\/onlinelotto365.com\/no\/#website","url":"https:\/\/onlinelotto365.com\/no\/","name":"OnlineLotto365","description":"","potentialAction":[{"@type":"SearchAction","target":{"@type":"EntryPoint","urlTemplate":"https:\/\/onlinelotto365.com\/no\/?s={search_term_string}"},"query-input":{"@type":"PropertyValueSpecification","valueRequired":true,"valueName":"search_term_string"}}],"inLanguage":"nb-NO"}]}},"_links":{"self":[{"href":"https:\/\/onlinelotto365.com\/no\/wp-json\/wp\/v2\/pages\/84198","targetHints":{"allow":["GET"]}}],"collection":[{"href":"https:\/\/onlinelotto365.com\/no\/wp-json\/wp\/v2\/pages"}],"about":[{"href":"https:\/\/onlinelotto365.com\/no\/wp-json\/wp\/v2\/types\/page"}],"author":[{"embeddable":true,"href":"https:\/\/onlinelotto365.com\/no\/wp-json\/wp\/v2\/users\/1"}],"replies":[{"embeddable":true,"href":"https:\/\/onlinelotto365.com\/no\/wp-json\/wp\/v2\/comments?post=84198"}],"version-history":[{"count":0,"href":"https:\/\/onlinelotto365.com\/no\/wp-json\/wp\/v2\/pages\/84198\/revisions"}],"up":[{"embeddable":true,"href":"https:\/\/onlinelotto365.com\/no\/wp-json\/wp\/v2\/pages\/5856"}],"wp:attachment":[{"href":"https:\/\/onlinelotto365.com\/no\/wp-json\/wp\/v2\/media?parent=84198"}],"curies":[{"name":"wp","href":"https:\/\/api.w.org\/{rel}","templated":true}]}}