{"id":84224,"date":"2023-09-28T08:35:56","date_gmt":"2023-09-28T07:35:56","guid":{"rendered":"https:\/\/onlinelotto365.com\/vinnende-lotteritall\/sjekk-vinnertallene-i-eurojackpot-her"},"modified":"2023-09-28T08:35:56","modified_gmt":"2023-09-28T07:35:56","slug":"sjekk-vinnertallene-i-eurojackpot-her","status":"publish","type":"page","link":"https:\/\/onlinelotto365.com\/no\/vinnende-lotteritall\/sjekk-vinnertallene-i-eurojackpot-her\/","title":{"rendered":"Sjekk vinnertallene i Eurojackpot her"},"content":{"rendered":"<p>Det er mange forskjellige internasjonale lotterier tilgjengelig p\u00e5 nettstedet v\u00e5rt, noe som betyr at det kan v\u00e6re vanskelig for noen \u00e5 finne tallene og resultatene. Og n\u00e5r det gjelder \u00e5 finne tallene andre steder, kan det v\u00e6re enda verre. Du finner sannsynligvis ikke Eurojackpot-resultatene i lokalavisen din, og det kan ogs\u00e5 v\u00e6re vanskelig \u00e5 finne dem p\u00e5 TV. Spesielt siden de ofte ikke sendes direkte.<\/p>\n<p>Du kan ogs\u00e5 sjekke Eurojackpot-lotteriets nettside, som gir deg tilgang til en direktesending av resultatene og trekningen. Dette kan v\u00e6re veldig g\u00f8y og gir deg raskere svar p\u00e5 om du har vunnet. Men dette er ikke alltid mulig, og du m\u00e5 ha riktig timing.<\/p>\n<p>Hvis du leter etter tallene etter trekningen, kan du alltid sjekke p\u00e5 YouTube for \u00e5 se om trekningen er tilgjengelig eller om noen har en video med vinnertallene.<\/p>\n<p>Den enkleste m\u00e5ten \u00e5 finne vinnertallene p\u00e5, og til og med for \u00e5 se alle premier og resultater, er \u00e5 bes\u00f8ke nettstedet v\u00e5rt p\u00e5 lotteriresultatsiden v\u00e5r. Der finner du alle vinnertallene fra Eurojackpot og alle de andre spillene vi tilbyr.<\/p>\n<h2>Slik vet du om du har vunnet<\/h2>\n<p><img decoding=\"async\" class=\"aligncenter\" src=\"https:\/\/redfoxlotto.com\/image?size=8&amp;lottery=eurojackpot\" alt=\"eurojackpot\" \/><br \/>\nHar du kj\u00f8pt en kupong til Eurojackpot? I s\u00e5 fall trenger du ikke engang \u00e5 g\u00e5 til resultatsiden. Bare g\u00e5 til kontoen din, s\u00e5 ser du vinnertallene rett ved siden av kupongen din. Du kan til og med se hvilke tall som var riktige og hvilke som ikke var det, og hvor mye du vant. Hvis du har vunnet mindre enn \u20ac2 500, vil pengene bli satt inn p\u00e5 kontoen din umiddelbart, s\u00e5 snart lotteritallene er bekreftet.<\/p>\n<p>Nettstedet v\u00e5rt viser deg resultatene fra den siste Eurojackpot, men gir deg ogs\u00e5 mange muligheter til \u00e5 sjekke eldre trekninger. S\u00e5 du kan sjekke eldre lodd, eller hvis du leter etter de beste tallene du kan pr\u00f8ve neste gang du kj\u00f8per et lodd. Dette er faktisk en av de mest popul\u00e6re lotteristrategiene som folk bruker.<\/p>\n<h2>Kupongen min vant, hva skjer videre?<\/h2>\n<p><img loading=\"lazy\" decoding=\"async\" class=\"alignright wp-image-25127\" src=\"https:\/\/onlinelotto365.com\/wp-content\/uploads\/2021\/01\/lottery_balls1-300x160-1.jpg\" alt=\"Eurojackpot winning numbers\" width=\"265\" height=\"142\" \/><br \/>\nVi har allerede snakket om premier under 2500 euro. Disse premiene blir umiddelbart satt inn p\u00e5 kontoen din, og du kan deretter velge \u00e5 kj\u00f8pe flere lodd eller ta ut hele eller deler av pengene. Alt du trenger \u00e5 gj\u00f8re er \u00e5 s\u00f8rge for at du har minst 100 kr p\u00e5 kontoen din for \u00e5 kunne ta ut dem p\u00e5 den metoden du \u00f8nsker.<\/p>\n<p>Du kan velge \u00e5 ta ut pengene til bankkonto eller kredittkort, og vi gj\u00f8r det enkelt for deg ogs\u00e5. Vi vil at du skal kunne f\u00e5 pengene dine, men vi m\u00e5 ta noen skritt for \u00e5 f\u00e5 pengene inn p\u00e5 kontoen din. Pengeoverf\u00f8ringer p\u00e5 nettet er tross alt underlagt strenge regler.<\/p>\n","protected":false},"excerpt":{"rendered":"<p>Det er mange forskjellige internasjonale lotterier tilgjengelig p\u00e5 nettstedet v\u00e5rt, noe som betyr at det kan v\u00e6re vanskelig for noen \u00e5 finne tallene og resultatene. Og n\u00e5r det gjelder \u00e5 finne tallene andre steder, kan det v\u00e6re enda verre. Du finner sannsynligvis ikke Eurojackpot-resultatene i lokalavisen din, og det kan ogs\u00e5 v\u00e6re vanskelig \u00e5 finne [&hellip;]<\/p>\n","protected":false},"author":1,"featured_media":0,"parent":5856,"menu_order":4,"comment_status":"closed","ping_status":"closed","template":"eurojackpot-results.php","meta":{"_et_pb_use_builder":"","_et_pb_old_content":"","_et_gb_content_width":"","exclude_from_search":false,"footnotes":""},"class_list":["post-84224","page","type-page","status-publish","hentry"],"yoast_head":"<!-- This site is optimized with the Yoast SEO plugin v23.4 - https:\/\/yoast.com\/wordpress\/plugins\/seo\/ -->\n<title>Vinnertall Eurojackpot | Sjekk trekningsresultater og gevinster for Eurojackpot her<\/title>\n<meta name=\"description\" content=\"Vi publiserer Eurojackpot-resultater og vinnertall, pluss et arkiv for tidligere trekninger.\" \/>\n<meta name=\"robots\" content=\"index, follow, max-snippet:-1, max-image-preview:large, max-video-preview:-1\" \/>\n<link rel=\"canonical\" href=\"https:\/\/onlinelotto365.com\/no\/vinnende-lotteritall\/sjekk-vinnertallene-i-eurojackpot-her\/\" \/>\n<meta property=\"og:locale\" content=\"nb_NO\" \/>\n<meta property=\"og:type\" content=\"article\" \/>\n<meta property=\"og:title\" content=\"Vinnertall Eurojackpot | Sjekk trekningsresultater og gevinster for Eurojackpot her\" \/>\n<meta property=\"og:description\" content=\"Vi publiserer Eurojackpot-resultater og vinnertall, pluss et arkiv for tidligere trekninger.\" \/>\n<meta property=\"og:url\" content=\"https:\/\/onlinelotto365.com\/no\/vinnende-lotteritall\/sjekk-vinnertallene-i-eurojackpot-her\/\" \/>\n<meta property=\"og:site_name\" content=\"OnlineLotto365\" \/>\n<meta property=\"og:image\" content=\"https:\/\/redfoxlotto.com\/image?size=8&amp;lottery=eurojackpot\" \/>\n<meta name=\"twitter:card\" content=\"summary_large_image\" \/>\n<meta name=\"twitter:label1\" content=\"Ansl. lesetid\" \/>\n\t<meta name=\"twitter:data1\" content=\"2 minutter\" \/>\n<script type=\"application\/ld+json\" class=\"yoast-schema-graph\">{\"@context\":\"https:\/\/schema.org\",\"@graph\":[{\"@type\":\"WebPage\",\"@id\":\"https:\/\/onlinelotto365.com\/no\/vinnende-lotteritall\/sjekk-vinnertallene-i-eurojackpot-her\/\",\"url\":\"https:\/\/onlinelotto365.com\/no\/vinnende-lotteritall\/sjekk-vinnertallene-i-eurojackpot-her\/\",\"name\":\"Vinnertall Eurojackpot | Sjekk trekningsresultater og gevinster for Eurojackpot her\",\"isPartOf\":{\"@id\":\"https:\/\/onlinelotto365.com\/no\/#website\"},\"primaryImageOfPage\":{\"@id\":\"https:\/\/onlinelotto365.com\/no\/vinnende-lotteritall\/sjekk-vinnertallene-i-eurojackpot-her\/#primaryimage\"},\"image\":{\"@id\":\"https:\/\/onlinelotto365.com\/no\/vinnende-lotteritall\/sjekk-vinnertallene-i-eurojackpot-her\/#primaryimage\"},\"thumbnailUrl\":\"https:\/\/redfoxlotto.com\/image?size=8&amp;lottery=eurojackpot\",\"datePublished\":\"2023-09-28T07:35:56+00:00\",\"dateModified\":\"2023-09-28T07:35:56+00:00\",\"description\":\"Vi publiserer Eurojackpot-resultater og vinnertall, pluss et arkiv for tidligere trekninger.\",\"breadcrumb\":{\"@id\":\"https:\/\/onlinelotto365.com\/no\/vinnende-lotteritall\/sjekk-vinnertallene-i-eurojackpot-her\/#breadcrumb\"},\"inLanguage\":\"nb-NO\",\"potentialAction\":[{\"@type\":\"ReadAction\",\"target\":[\"https:\/\/onlinelotto365.com\/no\/vinnende-lotteritall\/sjekk-vinnertallene-i-eurojackpot-her\/\"]}]},{\"@type\":\"ImageObject\",\"inLanguage\":\"nb-NO\",\"@id\":\"https:\/\/onlinelotto365.com\/no\/vinnende-lotteritall\/sjekk-vinnertallene-i-eurojackpot-her\/#primaryimage\",\"url\":\"https:\/\/redfoxlotto.com\/image?size=8&amp;lottery=eurojackpot\",\"contentUrl\":\"https:\/\/redfoxlotto.com\/image?size=8&amp;lottery=eurojackpot\"},{\"@type\":\"BreadcrumbList\",\"@id\":\"https:\/\/onlinelotto365.com\/no\/vinnende-lotteritall\/sjekk-vinnertallene-i-eurojackpot-her\/#breadcrumb\",\"itemListElement\":[{\"@type\":\"ListItem\",\"position\":1,\"name\":\"Home\",\"item\":\"https:\/\/onlinelotto365.com\/no\/\"},{\"@type\":\"ListItem\",\"position\":2,\"name\":\"Leter du etter internasjonale lotto resultater?\",\"item\":\"https:\/\/onlinelotto365.com\/no\/vinnende-lotteritall\/\"},{\"@type\":\"ListItem\",\"position\":3,\"name\":\"Sjekk vinnertallene i Eurojackpot her\"}]},{\"@type\":\"WebSite\",\"@id\":\"https:\/\/onlinelotto365.com\/no\/#website\",\"url\":\"https:\/\/onlinelotto365.com\/no\/\",\"name\":\"OnlineLotto365\",\"description\":\"\",\"potentialAction\":[{\"@type\":\"SearchAction\",\"target\":{\"@type\":\"EntryPoint\",\"urlTemplate\":\"https:\/\/onlinelotto365.com\/no\/?s={search_term_string}\"},\"query-input\":{\"@type\":\"PropertyValueSpecification\",\"valueRequired\":true,\"valueName\":\"search_term_string\"}}],\"inLanguage\":\"nb-NO\"}]}<\/script>\n<!-- \/ Yoast SEO plugin. -->","yoast_head_json":{"title":"Vinnertall Eurojackpot | Sjekk trekningsresultater og gevinster for Eurojackpot her","description":"Vi publiserer Eurojackpot-resultater og vinnertall, pluss et arkiv for tidligere trekninger.","robots":{"index":"index","follow":"follow","max-snippet":"max-snippet:-1","max-image-preview":"max-image-preview:large","max-video-preview":"max-video-preview:-1"},"canonical":"https:\/\/onlinelotto365.com\/no\/vinnende-lotteritall\/sjekk-vinnertallene-i-eurojackpot-her\/","og_locale":"nb_NO","og_type":"article","og_title":"Vinnertall Eurojackpot | Sjekk trekningsresultater og gevinster for Eurojackpot her","og_description":"Vi publiserer Eurojackpot-resultater og vinnertall, pluss et arkiv for tidligere trekninger.","og_url":"https:\/\/onlinelotto365.com\/no\/vinnende-lotteritall\/sjekk-vinnertallene-i-eurojackpot-her\/","og_site_name":"OnlineLotto365","og_image":[{"url":"https:\/\/redfoxlotto.com\/image?size=8&amp;lottery=eurojackpot"}],"twitter_card":"summary_large_image","twitter_misc":{"Ansl. lesetid":"2 minutter"},"schema":{"@context":"https:\/\/schema.org","@graph":[{"@type":"WebPage","@id":"https:\/\/onlinelotto365.com\/no\/vinnende-lotteritall\/sjekk-vinnertallene-i-eurojackpot-her\/","url":"https:\/\/onlinelotto365.com\/no\/vinnende-lotteritall\/sjekk-vinnertallene-i-eurojackpot-her\/","name":"Vinnertall Eurojackpot | Sjekk trekningsresultater og gevinster for Eurojackpot her","isPartOf":{"@id":"https:\/\/onlinelotto365.com\/no\/#website"},"primaryImageOfPage":{"@id":"https:\/\/onlinelotto365.com\/no\/vinnende-lotteritall\/sjekk-vinnertallene-i-eurojackpot-her\/#primaryimage"},"image":{"@id":"https:\/\/onlinelotto365.com\/no\/vinnende-lotteritall\/sjekk-vinnertallene-i-eurojackpot-her\/#primaryimage"},"thumbnailUrl":"https:\/\/redfoxlotto.com\/image?size=8&amp;lottery=eurojackpot","datePublished":"2023-09-28T07:35:56+00:00","dateModified":"2023-09-28T07:35:56+00:00","description":"Vi publiserer Eurojackpot-resultater og vinnertall, pluss et arkiv for tidligere trekninger.","breadcrumb":{"@id":"https:\/\/onlinelotto365.com\/no\/vinnende-lotteritall\/sjekk-vinnertallene-i-eurojackpot-her\/#breadcrumb"},"inLanguage":"nb-NO","potentialAction":[{"@type":"ReadAction","target":["https:\/\/onlinelotto365.com\/no\/vinnende-lotteritall\/sjekk-vinnertallene-i-eurojackpot-her\/"]}]},{"@type":"ImageObject","inLanguage":"nb-NO","@id":"https:\/\/onlinelotto365.com\/no\/vinnende-lotteritall\/sjekk-vinnertallene-i-eurojackpot-her\/#primaryimage","url":"https:\/\/redfoxlotto.com\/image?size=8&amp;lottery=eurojackpot","contentUrl":"https:\/\/redfoxlotto.com\/image?size=8&amp;lottery=eurojackpot"},{"@type":"BreadcrumbList","@id":"https:\/\/onlinelotto365.com\/no\/vinnende-lotteritall\/sjekk-vinnertallene-i-eurojackpot-her\/#breadcrumb","itemListElement":[{"@type":"ListItem","position":1,"name":"Home","item":"https:\/\/onlinelotto365.com\/no\/"},{"@type":"ListItem","position":2,"name":"Leter du etter internasjonale lotto resultater?","item":"https:\/\/onlinelotto365.com\/no\/vinnende-lotteritall\/"},{"@type":"ListItem","position":3,"name":"Sjekk vinnertallene i Eurojackpot her"}]},{"@type":"WebSite","@id":"https:\/\/onlinelotto365.com\/no\/#website","url":"https:\/\/onlinelotto365.com\/no\/","name":"OnlineLotto365","description":"","potentialAction":[{"@type":"SearchAction","target":{"@type":"EntryPoint","urlTemplate":"https:\/\/onlinelotto365.com\/no\/?s={search_term_string}"},"query-input":{"@type":"PropertyValueSpecification","valueRequired":true,"valueName":"search_term_string"}}],"inLanguage":"nb-NO"}]}},"_links":{"self":[{"href":"https:\/\/onlinelotto365.com\/no\/wp-json\/wp\/v2\/pages\/84224","targetHints":{"allow":["GET"]}}],"collection":[{"href":"https:\/\/onlinelotto365.com\/no\/wp-json\/wp\/v2\/pages"}],"about":[{"href":"https:\/\/onlinelotto365.com\/no\/wp-json\/wp\/v2\/types\/page"}],"author":[{"embeddable":true,"href":"https:\/\/onlinelotto365.com\/no\/wp-json\/wp\/v2\/users\/1"}],"replies":[{"embeddable":true,"href":"https:\/\/onlinelotto365.com\/no\/wp-json\/wp\/v2\/comments?post=84224"}],"version-history":[{"count":0,"href":"https:\/\/onlinelotto365.com\/no\/wp-json\/wp\/v2\/pages\/84224\/revisions"}],"up":[{"embeddable":true,"href":"https:\/\/onlinelotto365.com\/no\/wp-json\/wp\/v2\/pages\/5856"}],"wp:attachment":[{"href":"https:\/\/onlinelotto365.com\/no\/wp-json\/wp\/v2\/media?parent=84224"}],"curies":[{"name":"wp","href":"https:\/\/api.w.org\/{rel}","templated":true}]}}