{"id":84242,"date":"2023-09-28T09:43:17","date_gmt":"2023-09-28T08:43:17","guid":{"rendered":"https:\/\/onlinelotto365.com\/vinnende-lotteritall\/sjekk-superenalotto-vinnertallene-her"},"modified":"2023-09-28T09:43:17","modified_gmt":"2023-09-28T08:43:17","slug":"sjekk-superenalotto-vinnertallene-her","status":"publish","type":"page","link":"https:\/\/onlinelotto365.com\/no\/vinnende-lotteritall\/sjekk-superenalotto-vinnertallene-her\/","title":{"rendered":"Sjekk Superenalotto-vinnertallene her"},"content":{"rendered":"<p>Vi tilbyr mange forskjellige internasjonale lottospill p\u00e5 nettstedet v\u00e5rt, men vi vil s\u00f8rge for at det ikke er noe problem \u00e5 finne resultatene. Du kan jo sjekke resultatene p\u00e5 TV, hvis du er heldig nok til \u00e5 finne trekningsresultatene p\u00e5 nyhetene. Eller du kan finne dem i avisen hvis du bor i et omr\u00e5de der spillene er lokale. Men det kan ogs\u00e5 v\u00e6re vanskelig.<\/p>\n<p>Du kan ogs\u00e5 ta en titt p\u00e5 Superenalottos nettside for \u00e5 finne en direktesending av trekningsprosessen hvis det tilbys. Dette kan v\u00e6re morsomt for spill som tilbyr det, og kan gi deg et spennende \u00f8yeblikk med \u00e5 se om tallene dine er de som har vunnet, men ikke alle lotterispill tilbyr faktisk dette alternativet.<\/p>\n<p>Etter trekningen kan du noen ganger finne vinnertall og trekningene i Superenalotto p\u00e5 YouTube hvis du vet hvordan du skal gj\u00f8re research og hvor du skal lete. Men det kan ta tid.<br \/>\n<img decoding=\"async\" class=\"aligncenter\" src=\"https:\/\/redfoxlotto.com\/image?size=8&amp;lottery=superenalotto\" alt=\"superenalotto\" \/><br \/>\nDen beste m\u00e5ten \u00e5 gj\u00f8re det p\u00e5 er ganske enkelt \u00e5 g\u00e5 til v\u00e5r side med lotteriresultater og se alle tallene for hvert av de forskjellige lottospillene. Det inkluderer Superenalotto og mye mer.<\/p>\n<h2>Slik finner du ut om online-loddet ditt har vunnet<\/h2>\n<p>For de som kj\u00f8pte en billett til Superenalotto med nettstedet v\u00e5rt, kan du enkelt sjekke ut kontoen din for \u00e5 finne ut vinnertallene. Det kommer til \u00e5 bli mye enklere enn du kanskje tror, og det som er bedre er at du ikke engang trenger \u00e5 sammenligne tallene.<\/p>\n<p>Vi tar oss av den delen for deg. Faktisk viser vi deg hvilke tall du har som matcher vinnertallene ved \u00e5 markere dem. Deretter setter vi pengene du vinner opp til 2 500 euro direkte inn p\u00e5 kontoen din. Du trenger ikke \u00e5 bekymre deg for \u00e5 gj\u00f8re krav p\u00e5 dem eller bekrefte noe som helst. Vi gj\u00f8r alt slik at du kan glede deg over gevinsten.<img loading=\"lazy\" decoding=\"async\" class=\"alignright size-full wp-image-3634\" src=\"https:\/\/onlinelotto365.com\/wp-content\/uploads\/2020\/11\/online_lottery-136.jpg\" alt=\"superenalotto winning numbers\" width=\"297\" height=\"101\" \/><\/p>\n<h2>Superenalotto resultatarkiv<\/h2>\n<p>Enhver side p\u00e5 nettstedet v\u00e5rt som viser vinnertallene for Superenalotto vil ogs\u00e5 vise deg hvordan du kan g\u00e5 tilbake til tidligere resultater for \u00e5 sjekke tidligere trekninger. Dette kan hjelpe deg med \u00e5 velge de riktige tallene du vil spille n\u00e5r det er tid for neste trekning. Det er en av de mest popul\u00e6re m\u00e5tene \u00e5 velge tall p\u00e5.<\/p>\n<h2>Kupongen min har vunnet, hva skjer videre?<\/h2>\n<p>Enhver premie som er mindre enn \u20ac2500 vil umiddelbart bli satt inn p\u00e5 spillerkontoen din. P\u00e5 den m\u00e5ten kan du ta den ut (alle bel\u00f8p over 100 kr) eller bruke den til \u00e5 kj\u00f8pe flere lodd. Bare husk at du kan ta ut penger til et kreditt- eller debetkort eller til en bankkonto. Uansett hvilken konto du \u00f8nsker \u00e5 ta ut pengene med, m\u00e5 du allerede ha brukt den til \u00e5 sette inn penger p\u00e5. Det er slik vi beskytter deg, og det er ogs\u00e5 slik vi overholder regelverket for blant annet hvitvasking av penger<\/p>\n","protected":false},"excerpt":{"rendered":"<p>Vi tilbyr mange forskjellige internasjonale lottospill p\u00e5 nettstedet v\u00e5rt, men vi vil s\u00f8rge for at det ikke er noe problem \u00e5 finne resultatene. Du kan jo sjekke resultatene p\u00e5 TV, hvis du er heldig nok til \u00e5 finne trekningsresultatene p\u00e5 nyhetene. Eller du kan finne dem i avisen hvis du bor i et omr\u00e5de der [&hellip;]<\/p>\n","protected":false},"author":1,"featured_media":0,"parent":5856,"menu_order":5,"comment_status":"closed","ping_status":"closed","template":"superenalotto-results.php","meta":{"_et_pb_use_builder":"","_et_pb_old_content":"","_et_gb_content_width":"","exclude_from_search":false,"footnotes":""},"class_list":["post-84242","page","type-page","status-publish","hentry"],"yoast_head":"<!-- This site is optimized with the Yoast SEO plugin v23.4 - https:\/\/yoast.com\/wordpress\/plugins\/seo\/ -->\n<title>Siste vinnertall for Superenalotto<\/title>\n<meta name=\"description\" content=\"Vil du vite vinnertallene for Superenalotto? Finn resultatene og mer her!\" \/>\n<meta name=\"robots\" content=\"index, follow, max-snippet:-1, max-image-preview:large, max-video-preview:-1\" \/>\n<link rel=\"canonical\" href=\"https:\/\/onlinelotto365.com\/no\/vinnende-lotteritall\/sjekk-superenalotto-vinnertallene-her\/\" \/>\n<meta property=\"og:locale\" content=\"nb_NO\" \/>\n<meta property=\"og:type\" content=\"article\" \/>\n<meta property=\"og:title\" content=\"Siste vinnertall for Superenalotto\" \/>\n<meta property=\"og:description\" content=\"Vil du vite vinnertallene for Superenalotto? Finn resultatene og mer her!\" \/>\n<meta property=\"og:url\" content=\"https:\/\/onlinelotto365.com\/no\/vinnende-lotteritall\/sjekk-superenalotto-vinnertallene-her\/\" \/>\n<meta property=\"og:site_name\" content=\"OnlineLotto365\" \/>\n<meta property=\"og:image\" content=\"https:\/\/redfoxlotto.com\/image?size=8&amp;lottery=superenalotto\" \/>\n<meta name=\"twitter:card\" content=\"summary_large_image\" \/>\n<meta name=\"twitter:label1\" content=\"Ansl. lesetid\" \/>\n\t<meta name=\"twitter:data1\" content=\"2 minutter\" \/>\n<script type=\"application\/ld+json\" class=\"yoast-schema-graph\">{\"@context\":\"https:\/\/schema.org\",\"@graph\":[{\"@type\":\"WebPage\",\"@id\":\"https:\/\/onlinelotto365.com\/no\/vinnende-lotteritall\/sjekk-superenalotto-vinnertallene-her\/\",\"url\":\"https:\/\/onlinelotto365.com\/no\/vinnende-lotteritall\/sjekk-superenalotto-vinnertallene-her\/\",\"name\":\"Siste vinnertall for Superenalotto\",\"isPartOf\":{\"@id\":\"https:\/\/onlinelotto365.com\/no\/#website\"},\"primaryImageOfPage\":{\"@id\":\"https:\/\/onlinelotto365.com\/no\/vinnende-lotteritall\/sjekk-superenalotto-vinnertallene-her\/#primaryimage\"},\"image\":{\"@id\":\"https:\/\/onlinelotto365.com\/no\/vinnende-lotteritall\/sjekk-superenalotto-vinnertallene-her\/#primaryimage\"},\"thumbnailUrl\":\"https:\/\/redfoxlotto.com\/image?size=8&amp;lottery=superenalotto\",\"datePublished\":\"2023-09-28T08:43:17+00:00\",\"dateModified\":\"2023-09-28T08:43:17+00:00\",\"description\":\"Vil du vite vinnertallene for Superenalotto? Finn resultatene og mer her!\",\"breadcrumb\":{\"@id\":\"https:\/\/onlinelotto365.com\/no\/vinnende-lotteritall\/sjekk-superenalotto-vinnertallene-her\/#breadcrumb\"},\"inLanguage\":\"nb-NO\",\"potentialAction\":[{\"@type\":\"ReadAction\",\"target\":[\"https:\/\/onlinelotto365.com\/no\/vinnende-lotteritall\/sjekk-superenalotto-vinnertallene-her\/\"]}]},{\"@type\":\"ImageObject\",\"inLanguage\":\"nb-NO\",\"@id\":\"https:\/\/onlinelotto365.com\/no\/vinnende-lotteritall\/sjekk-superenalotto-vinnertallene-her\/#primaryimage\",\"url\":\"https:\/\/redfoxlotto.com\/image?size=8&amp;lottery=superenalotto\",\"contentUrl\":\"https:\/\/redfoxlotto.com\/image?size=8&amp;lottery=superenalotto\"},{\"@type\":\"BreadcrumbList\",\"@id\":\"https:\/\/onlinelotto365.com\/no\/vinnende-lotteritall\/sjekk-superenalotto-vinnertallene-her\/#breadcrumb\",\"itemListElement\":[{\"@type\":\"ListItem\",\"position\":1,\"name\":\"Home\",\"item\":\"https:\/\/onlinelotto365.com\/no\/\"},{\"@type\":\"ListItem\",\"position\":2,\"name\":\"Leter du etter internasjonale lotto resultater?\",\"item\":\"https:\/\/onlinelotto365.com\/no\/vinnende-lotteritall\/\"},{\"@type\":\"ListItem\",\"position\":3,\"name\":\"Sjekk Superenalotto-vinnertallene her\"}]},{\"@type\":\"WebSite\",\"@id\":\"https:\/\/onlinelotto365.com\/no\/#website\",\"url\":\"https:\/\/onlinelotto365.com\/no\/\",\"name\":\"OnlineLotto365\",\"description\":\"\",\"potentialAction\":[{\"@type\":\"SearchAction\",\"target\":{\"@type\":\"EntryPoint\",\"urlTemplate\":\"https:\/\/onlinelotto365.com\/no\/?s={search_term_string}\"},\"query-input\":{\"@type\":\"PropertyValueSpecification\",\"valueRequired\":true,\"valueName\":\"search_term_string\"}}],\"inLanguage\":\"nb-NO\"}]}<\/script>\n<!-- \/ Yoast SEO plugin. -->","yoast_head_json":{"title":"Siste vinnertall for Superenalotto","description":"Vil du vite vinnertallene for Superenalotto? Finn resultatene og mer her!","robots":{"index":"index","follow":"follow","max-snippet":"max-snippet:-1","max-image-preview":"max-image-preview:large","max-video-preview":"max-video-preview:-1"},"canonical":"https:\/\/onlinelotto365.com\/no\/vinnende-lotteritall\/sjekk-superenalotto-vinnertallene-her\/","og_locale":"nb_NO","og_type":"article","og_title":"Siste vinnertall for Superenalotto","og_description":"Vil du vite vinnertallene for Superenalotto? Finn resultatene og mer her!","og_url":"https:\/\/onlinelotto365.com\/no\/vinnende-lotteritall\/sjekk-superenalotto-vinnertallene-her\/","og_site_name":"OnlineLotto365","og_image":[{"url":"https:\/\/redfoxlotto.com\/image?size=8&amp;lottery=superenalotto"}],"twitter_card":"summary_large_image","twitter_misc":{"Ansl. lesetid":"2 minutter"},"schema":{"@context":"https:\/\/schema.org","@graph":[{"@type":"WebPage","@id":"https:\/\/onlinelotto365.com\/no\/vinnende-lotteritall\/sjekk-superenalotto-vinnertallene-her\/","url":"https:\/\/onlinelotto365.com\/no\/vinnende-lotteritall\/sjekk-superenalotto-vinnertallene-her\/","name":"Siste vinnertall for Superenalotto","isPartOf":{"@id":"https:\/\/onlinelotto365.com\/no\/#website"},"primaryImageOfPage":{"@id":"https:\/\/onlinelotto365.com\/no\/vinnende-lotteritall\/sjekk-superenalotto-vinnertallene-her\/#primaryimage"},"image":{"@id":"https:\/\/onlinelotto365.com\/no\/vinnende-lotteritall\/sjekk-superenalotto-vinnertallene-her\/#primaryimage"},"thumbnailUrl":"https:\/\/redfoxlotto.com\/image?size=8&amp;lottery=superenalotto","datePublished":"2023-09-28T08:43:17+00:00","dateModified":"2023-09-28T08:43:17+00:00","description":"Vil du vite vinnertallene for Superenalotto? Finn resultatene og mer her!","breadcrumb":{"@id":"https:\/\/onlinelotto365.com\/no\/vinnende-lotteritall\/sjekk-superenalotto-vinnertallene-her\/#breadcrumb"},"inLanguage":"nb-NO","potentialAction":[{"@type":"ReadAction","target":["https:\/\/onlinelotto365.com\/no\/vinnende-lotteritall\/sjekk-superenalotto-vinnertallene-her\/"]}]},{"@type":"ImageObject","inLanguage":"nb-NO","@id":"https:\/\/onlinelotto365.com\/no\/vinnende-lotteritall\/sjekk-superenalotto-vinnertallene-her\/#primaryimage","url":"https:\/\/redfoxlotto.com\/image?size=8&amp;lottery=superenalotto","contentUrl":"https:\/\/redfoxlotto.com\/image?size=8&amp;lottery=superenalotto"},{"@type":"BreadcrumbList","@id":"https:\/\/onlinelotto365.com\/no\/vinnende-lotteritall\/sjekk-superenalotto-vinnertallene-her\/#breadcrumb","itemListElement":[{"@type":"ListItem","position":1,"name":"Home","item":"https:\/\/onlinelotto365.com\/no\/"},{"@type":"ListItem","position":2,"name":"Leter du etter internasjonale lotto resultater?","item":"https:\/\/onlinelotto365.com\/no\/vinnende-lotteritall\/"},{"@type":"ListItem","position":3,"name":"Sjekk Superenalotto-vinnertallene her"}]},{"@type":"WebSite","@id":"https:\/\/onlinelotto365.com\/no\/#website","url":"https:\/\/onlinelotto365.com\/no\/","name":"OnlineLotto365","description":"","potentialAction":[{"@type":"SearchAction","target":{"@type":"EntryPoint","urlTemplate":"https:\/\/onlinelotto365.com\/no\/?s={search_term_string}"},"query-input":{"@type":"PropertyValueSpecification","valueRequired":true,"valueName":"search_term_string"}}],"inLanguage":"nb-NO"}]}},"_links":{"self":[{"href":"https:\/\/onlinelotto365.com\/no\/wp-json\/wp\/v2\/pages\/84242","targetHints":{"allow":["GET"]}}],"collection":[{"href":"https:\/\/onlinelotto365.com\/no\/wp-json\/wp\/v2\/pages"}],"about":[{"href":"https:\/\/onlinelotto365.com\/no\/wp-json\/wp\/v2\/types\/page"}],"author":[{"embeddable":true,"href":"https:\/\/onlinelotto365.com\/no\/wp-json\/wp\/v2\/users\/1"}],"replies":[{"embeddable":true,"href":"https:\/\/onlinelotto365.com\/no\/wp-json\/wp\/v2\/comments?post=84242"}],"version-history":[{"count":0,"href":"https:\/\/onlinelotto365.com\/no\/wp-json\/wp\/v2\/pages\/84242\/revisions"}],"up":[{"embeddable":true,"href":"https:\/\/onlinelotto365.com\/no\/wp-json\/wp\/v2\/pages\/5856"}],"wp:attachment":[{"href":"https:\/\/onlinelotto365.com\/no\/wp-json\/wp\/v2\/media?parent=84242"}],"curies":[{"name":"wp","href":"https:\/\/api.w.org\/{rel}","templated":true}]}}