{"id":84251,"date":"2023-09-28T11:09:33","date_gmt":"2023-09-28T10:09:33","guid":{"rendered":"https:\/\/onlinelotto365.com\/vinnende-lotteritall\/sjekk-el-gordo-resultater-og-gevinster-her"},"modified":"2023-09-28T11:09:33","modified_gmt":"2023-09-28T10:09:33","slug":"sjekk-el-gordo-resultater-og-gevinster-her","status":"publish","type":"page","link":"https:\/\/onlinelotto365.com\/no\/vinnende-lotteritall\/sjekk-el-gordo-resultater-og-gevinster-her\/","title":{"rendered":"Sjekk El Gordo-resultater og gevinster her"},"content":{"rendered":"<p>Vi vet at vi tilbyr en hel rekke forskjellige internasjonale lotterier, og det kan bli litt forvirrende \u00e5 pr\u00f8ve \u00e5 finne vinnertallene. Mange ser i avisen for \u00e5 finne vinnertallene for favorittspillene sine, men med mindre du bor i omr\u00e5det kan det v\u00e6re vanskelig \u00e5 finne tallene for El Gordo. Det samme gjelder for \u00e5 pr\u00f8ve \u00e5 se tegningen eller se vinnertallene p\u00e5 TV.<\/p>\n<p>Et annet alternativ er \u00e5 se p\u00e5 det offisielle nettstedet for El Gordo og se om de tilbyr en live stream av tegningsprosessen. For de spillene som gj\u00f8r det, kan dette v\u00e6re en morsom og interessant mulighet for alle.<\/p>\n<p>Men det er mange spill som faktisk ikke tilbyr dette. I stedet m\u00e5 du vente til tegningen er over og alt er rapportert for \u00e5 se resultatene.<br \/>\nTil slutt, hvis tegningen allerede er over, kan du kanskje g\u00e5 til YouTube og finne El Gordo-trekningen der. Men dette er et annet omr\u00e5de der du kanskje ikke lykkes. Det er ikke sikkert at det er noe tilgjengelig for tegningen din.<br \/>\n<img decoding=\"async\" class=\"aligncenter\" src=\"https:\/\/redfoxlotto.com\/image?size=8&amp;lottery=el-gordo-primitiva\" alt=\"el gordo\" \/><br \/>\nEn av de beste og enkleste m\u00e5tene \u00e5 finne vinnertallene p\u00e5, men, er med nettstedet v\u00e5rt. Sjekk vinnertallene og resultatsidene v\u00e5re for \u00e5 finne resultatene for El Gordo og alle andre lotterispill som vi har tilgjengelig.<\/p>\n<h2>Slik finner du ut om online-loddet ditt har vunnet<\/h2>\n<p>Det beste er at du ikke engang trenger \u00e5 g\u00e5 til resultatsiden for lotteriet. Du kan g\u00e5 direkte til kontoen din hvis du har kj\u00f8pt lodd. Derfra kan du ikke bare se vinnertallene, men ogs\u00e5 hvordan tallene dine stemmer overens. Du kan se tallene sammenlignet, og deretter kan du se hvilke som stemmer overens og hvor mye du faktisk har vunnet. Hvis du har vunnet mindre enn 2 500 kr, trenger du ikke engang \u00e5 gj\u00f8re noe, for gevinsten g\u00e5r rett inn p\u00e5 kontoen din.<\/p>\n<h2>El Gordo resultatarkiv<\/h2>\n<p><img loading=\"lazy\" decoding=\"async\" class=\"alignright wp-image-3573\" src=\"https:\/\/onlinelotto365.com\/wp-content\/uploads\/2020\/11\/online_lottery-96-300x212.jpg\" alt=\"El Gordo results\" width=\"166\" height=\"117\" srcset=\"https:\/\/onlinelotto365.com\/wp-content\/uploads\/2020\/11\/online_lottery-96-300x212.jpg 300w, https:\/\/onlinelotto365.com\/wp-content\/uploads\/2020\/11\/online_lottery-96.jpg 320w\" sizes=\"auto, (max-width: 166px) 100vw, 166px\" \/><br \/>\nHvis du vil sl\u00e5 opp gamle tall og se hva de var, kan du enkelt gj\u00f8re dette ogs\u00e5. Faktisk vil enhver side p\u00e5 nettstedet v\u00e5rt der du kan se de siste El Gordo-resultatene ogs\u00e5 la deg sjekke noen av de eldre tallene ogs\u00e5. Dette gj\u00f8r det lettere for deg \u00e5 finne ut hvilke tall du vil spille neste gang.<\/p>\n<h2>Billetten min har vunnet, hva skjer videre?<\/h2>\n<p>Hvis du vinner, er det enkelt \u00e5 f\u00e5 pengene dine fordi vi setter dem direkte inn p\u00e5 kontoen din s\u00e5 snart resultatene er bekreftet. Hvis gevinsten er under 2 500 euro, f\u00e5r du pengene like raskt. Hvis det er over 10 000 euro, kan du ta ut pengene til kontoen din.<\/p>\n<p>Eller du kan la pengene st\u00e5 p\u00e5 spillerkontoen din og bruke dem til \u00e5 kj\u00f8pe enda flere billetter til flere spill. Bare husk at uttak av pengene dine vil kreve en del dokumentasjon for \u00e5 overholde f\u00f8derale regler. Du m\u00e5 ogs\u00e5 bruke en metode som du allerede har brukt til et innskudd.<\/p>\n","protected":false},"excerpt":{"rendered":"<p>Vi vet at vi tilbyr en hel rekke forskjellige internasjonale lotterier, og det kan bli litt forvirrende \u00e5 pr\u00f8ve \u00e5 finne vinnertallene. Mange ser i avisen for \u00e5 finne vinnertallene for favorittspillene sine, men med mindre du bor i omr\u00e5det kan det v\u00e6re vanskelig \u00e5 finne tallene for El Gordo. Det samme gjelder for \u00e5 [&hellip;]<\/p>\n","protected":false},"author":1,"featured_media":0,"parent":5856,"menu_order":6,"comment_status":"closed","ping_status":"closed","template":"el-gordo-results.php","meta":{"_et_pb_use_builder":"","_et_pb_old_content":"","_et_gb_content_width":"","exclude_from_search":false,"footnotes":""},"class_list":["post-84251","page","type-page","status-publish","hentry"],"yoast_head":"<!-- This site is optimized with the Yoast SEO plugin v23.4 - https:\/\/yoast.com\/wordpress\/plugins\/seo\/ -->\n<title>El Gordo vinnertall | El Gordo trekningsresultater og premier<\/title>\n<meta name=\"description\" content=\"Vinnende tall, resultater, premier for El Gordo og mange andre lotterier, alltid oppdatert p\u00e5 nettstedet v\u00e5rt\" \/>\n<meta name=\"robots\" content=\"index, follow, max-snippet:-1, max-image-preview:large, max-video-preview:-1\" \/>\n<link rel=\"canonical\" href=\"https:\/\/onlinelotto365.com\/no\/vinnende-lotteritall\/sjekk-el-gordo-resultater-og-gevinster-her\/\" \/>\n<meta property=\"og:locale\" content=\"nb_NO\" \/>\n<meta property=\"og:type\" content=\"article\" \/>\n<meta property=\"og:title\" content=\"El Gordo vinnertall | El Gordo trekningsresultater og premier\" \/>\n<meta property=\"og:description\" content=\"Vinnende tall, resultater, premier for El Gordo og mange andre lotterier, alltid oppdatert p\u00e5 nettstedet v\u00e5rt\" \/>\n<meta property=\"og:url\" content=\"https:\/\/onlinelotto365.com\/no\/vinnende-lotteritall\/sjekk-el-gordo-resultater-og-gevinster-her\/\" \/>\n<meta property=\"og:site_name\" content=\"OnlineLotto365\" \/>\n<meta property=\"og:image\" content=\"https:\/\/redfoxlotto.com\/image?size=8&amp;lottery=el-gordo-primitiva\" \/>\n<meta name=\"twitter:card\" content=\"summary_large_image\" \/>\n<meta name=\"twitter:label1\" content=\"Ansl. lesetid\" \/>\n\t<meta name=\"twitter:data1\" content=\"2 minutter\" \/>\n<script type=\"application\/ld+json\" class=\"yoast-schema-graph\">{\"@context\":\"https:\/\/schema.org\",\"@graph\":[{\"@type\":\"WebPage\",\"@id\":\"https:\/\/onlinelotto365.com\/no\/vinnende-lotteritall\/sjekk-el-gordo-resultater-og-gevinster-her\/\",\"url\":\"https:\/\/onlinelotto365.com\/no\/vinnende-lotteritall\/sjekk-el-gordo-resultater-og-gevinster-her\/\",\"name\":\"El Gordo vinnertall | El Gordo trekningsresultater og premier\",\"isPartOf\":{\"@id\":\"https:\/\/onlinelotto365.com\/no\/#website\"},\"primaryImageOfPage\":{\"@id\":\"https:\/\/onlinelotto365.com\/no\/vinnende-lotteritall\/sjekk-el-gordo-resultater-og-gevinster-her\/#primaryimage\"},\"image\":{\"@id\":\"https:\/\/onlinelotto365.com\/no\/vinnende-lotteritall\/sjekk-el-gordo-resultater-og-gevinster-her\/#primaryimage\"},\"thumbnailUrl\":\"https:\/\/redfoxlotto.com\/image?size=8&amp;lottery=el-gordo-primitiva\",\"datePublished\":\"2023-09-28T10:09:33+00:00\",\"dateModified\":\"2023-09-28T10:09:33+00:00\",\"description\":\"Vinnende tall, resultater, premier for El Gordo og mange andre lotterier, alltid oppdatert p\u00e5 nettstedet v\u00e5rt\",\"breadcrumb\":{\"@id\":\"https:\/\/onlinelotto365.com\/no\/vinnende-lotteritall\/sjekk-el-gordo-resultater-og-gevinster-her\/#breadcrumb\"},\"inLanguage\":\"nb-NO\",\"potentialAction\":[{\"@type\":\"ReadAction\",\"target\":[\"https:\/\/onlinelotto365.com\/no\/vinnende-lotteritall\/sjekk-el-gordo-resultater-og-gevinster-her\/\"]}]},{\"@type\":\"ImageObject\",\"inLanguage\":\"nb-NO\",\"@id\":\"https:\/\/onlinelotto365.com\/no\/vinnende-lotteritall\/sjekk-el-gordo-resultater-og-gevinster-her\/#primaryimage\",\"url\":\"https:\/\/redfoxlotto.com\/image?size=8&amp;lottery=el-gordo-primitiva\",\"contentUrl\":\"https:\/\/redfoxlotto.com\/image?size=8&amp;lottery=el-gordo-primitiva\"},{\"@type\":\"BreadcrumbList\",\"@id\":\"https:\/\/onlinelotto365.com\/no\/vinnende-lotteritall\/sjekk-el-gordo-resultater-og-gevinster-her\/#breadcrumb\",\"itemListElement\":[{\"@type\":\"ListItem\",\"position\":1,\"name\":\"Home\",\"item\":\"https:\/\/onlinelotto365.com\/no\/\"},{\"@type\":\"ListItem\",\"position\":2,\"name\":\"Leter du etter internasjonale lotto resultater?\",\"item\":\"https:\/\/onlinelotto365.com\/no\/vinnende-lotteritall\/\"},{\"@type\":\"ListItem\",\"position\":3,\"name\":\"Sjekk El Gordo-resultater og gevinster her\"}]},{\"@type\":\"WebSite\",\"@id\":\"https:\/\/onlinelotto365.com\/no\/#website\",\"url\":\"https:\/\/onlinelotto365.com\/no\/\",\"name\":\"OnlineLotto365\",\"description\":\"\",\"potentialAction\":[{\"@type\":\"SearchAction\",\"target\":{\"@type\":\"EntryPoint\",\"urlTemplate\":\"https:\/\/onlinelotto365.com\/no\/?s={search_term_string}\"},\"query-input\":{\"@type\":\"PropertyValueSpecification\",\"valueRequired\":true,\"valueName\":\"search_term_string\"}}],\"inLanguage\":\"nb-NO\"}]}<\/script>\n<!-- \/ Yoast SEO plugin. -->","yoast_head_json":{"title":"El Gordo vinnertall | El Gordo trekningsresultater og premier","description":"Vinnende tall, resultater, premier for El Gordo og mange andre lotterier, alltid oppdatert p\u00e5 nettstedet v\u00e5rt","robots":{"index":"index","follow":"follow","max-snippet":"max-snippet:-1","max-image-preview":"max-image-preview:large","max-video-preview":"max-video-preview:-1"},"canonical":"https:\/\/onlinelotto365.com\/no\/vinnende-lotteritall\/sjekk-el-gordo-resultater-og-gevinster-her\/","og_locale":"nb_NO","og_type":"article","og_title":"El Gordo vinnertall | El Gordo trekningsresultater og premier","og_description":"Vinnende tall, resultater, premier for El Gordo og mange andre lotterier, alltid oppdatert p\u00e5 nettstedet v\u00e5rt","og_url":"https:\/\/onlinelotto365.com\/no\/vinnende-lotteritall\/sjekk-el-gordo-resultater-og-gevinster-her\/","og_site_name":"OnlineLotto365","og_image":[{"url":"https:\/\/redfoxlotto.com\/image?size=8&amp;lottery=el-gordo-primitiva"}],"twitter_card":"summary_large_image","twitter_misc":{"Ansl. lesetid":"2 minutter"},"schema":{"@context":"https:\/\/schema.org","@graph":[{"@type":"WebPage","@id":"https:\/\/onlinelotto365.com\/no\/vinnende-lotteritall\/sjekk-el-gordo-resultater-og-gevinster-her\/","url":"https:\/\/onlinelotto365.com\/no\/vinnende-lotteritall\/sjekk-el-gordo-resultater-og-gevinster-her\/","name":"El Gordo vinnertall | El Gordo trekningsresultater og premier","isPartOf":{"@id":"https:\/\/onlinelotto365.com\/no\/#website"},"primaryImageOfPage":{"@id":"https:\/\/onlinelotto365.com\/no\/vinnende-lotteritall\/sjekk-el-gordo-resultater-og-gevinster-her\/#primaryimage"},"image":{"@id":"https:\/\/onlinelotto365.com\/no\/vinnende-lotteritall\/sjekk-el-gordo-resultater-og-gevinster-her\/#primaryimage"},"thumbnailUrl":"https:\/\/redfoxlotto.com\/image?size=8&amp;lottery=el-gordo-primitiva","datePublished":"2023-09-28T10:09:33+00:00","dateModified":"2023-09-28T10:09:33+00:00","description":"Vinnende tall, resultater, premier for El Gordo og mange andre lotterier, alltid oppdatert p\u00e5 nettstedet v\u00e5rt","breadcrumb":{"@id":"https:\/\/onlinelotto365.com\/no\/vinnende-lotteritall\/sjekk-el-gordo-resultater-og-gevinster-her\/#breadcrumb"},"inLanguage":"nb-NO","potentialAction":[{"@type":"ReadAction","target":["https:\/\/onlinelotto365.com\/no\/vinnende-lotteritall\/sjekk-el-gordo-resultater-og-gevinster-her\/"]}]},{"@type":"ImageObject","inLanguage":"nb-NO","@id":"https:\/\/onlinelotto365.com\/no\/vinnende-lotteritall\/sjekk-el-gordo-resultater-og-gevinster-her\/#primaryimage","url":"https:\/\/redfoxlotto.com\/image?size=8&amp;lottery=el-gordo-primitiva","contentUrl":"https:\/\/redfoxlotto.com\/image?size=8&amp;lottery=el-gordo-primitiva"},{"@type":"BreadcrumbList","@id":"https:\/\/onlinelotto365.com\/no\/vinnende-lotteritall\/sjekk-el-gordo-resultater-og-gevinster-her\/#breadcrumb","itemListElement":[{"@type":"ListItem","position":1,"name":"Home","item":"https:\/\/onlinelotto365.com\/no\/"},{"@type":"ListItem","position":2,"name":"Leter du etter internasjonale lotto resultater?","item":"https:\/\/onlinelotto365.com\/no\/vinnende-lotteritall\/"},{"@type":"ListItem","position":3,"name":"Sjekk El Gordo-resultater og gevinster her"}]},{"@type":"WebSite","@id":"https:\/\/onlinelotto365.com\/no\/#website","url":"https:\/\/onlinelotto365.com\/no\/","name":"OnlineLotto365","description":"","potentialAction":[{"@type":"SearchAction","target":{"@type":"EntryPoint","urlTemplate":"https:\/\/onlinelotto365.com\/no\/?s={search_term_string}"},"query-input":{"@type":"PropertyValueSpecification","valueRequired":true,"valueName":"search_term_string"}}],"inLanguage":"nb-NO"}]}},"_links":{"self":[{"href":"https:\/\/onlinelotto365.com\/no\/wp-json\/wp\/v2\/pages\/84251","targetHints":{"allow":["GET"]}}],"collection":[{"href":"https:\/\/onlinelotto365.com\/no\/wp-json\/wp\/v2\/pages"}],"about":[{"href":"https:\/\/onlinelotto365.com\/no\/wp-json\/wp\/v2\/types\/page"}],"author":[{"embeddable":true,"href":"https:\/\/onlinelotto365.com\/no\/wp-json\/wp\/v2\/users\/1"}],"replies":[{"embeddable":true,"href":"https:\/\/onlinelotto365.com\/no\/wp-json\/wp\/v2\/comments?post=84251"}],"version-history":[{"count":0,"href":"https:\/\/onlinelotto365.com\/no\/wp-json\/wp\/v2\/pages\/84251\/revisions"}],"up":[{"embeddable":true,"href":"https:\/\/onlinelotto365.com\/no\/wp-json\/wp\/v2\/pages\/5856"}],"wp:attachment":[{"href":"https:\/\/onlinelotto365.com\/no\/wp-json\/wp\/v2\/media?parent=84251"}],"curies":[{"name":"wp","href":"https:\/\/api.w.org\/{rel}","templated":true}]}}