{"id":84252,"date":"2023-09-28T11:16:01","date_gmt":"2023-09-28T10:16:01","guid":{"rendered":"https:\/\/onlinelotto365.com\/vinnende-lotteritall\/la-primitiva-trekningsresultater"},"modified":"2023-09-28T11:16:01","modified_gmt":"2023-09-28T10:16:01","slug":"la-primitiva-trekningsresultater","status":"publish","type":"page","link":"https:\/\/onlinelotto365.com\/no\/vinnende-lotteritall\/la-primitiva-trekningsresultater\/","title":{"rendered":"La Primitiva trekningsresultater"},"content":{"rendered":"<p>Vi tilbyr mange forskjellige internasjonale lotterispill, og vi vet at du \u00f8nsker \u00e5 finne vinnertallene raskt. Derfor velger noen \u00e5 lete etter tallene i avisen. Men det kan v\u00e6re vanskelig \u00e5 finne vinnertallene for La Primitiva i avisen. Det samme kan det \u00e5 finne disse tallene p\u00e5 TV, siden du m\u00e5 gj\u00f8re unders\u00f8kelser for \u00e5 finne riktig kanal.<\/p>\n<p>Et annet alternativ er at du kan g\u00e5 til nettstedet for La Primitiva og se om de viser live-trekningen for spillet deres. Hvis de gj\u00f8r det, kan det v\u00e6re spennende \u00e5 se p\u00e5. Hvis de ikke gj\u00f8r det, noe mange lotterispill ikke gj\u00f8r, m\u00e5 du vente litt til.<\/p>\n<p>Etter trekningen kan du noen ganger finne den siste La Primitiva-trekningen p\u00e5 YouTube. Men du m\u00e5 vente en stund etter tegningen for \u00e5 gj\u00f8re dette.<br \/>\n<img decoding=\"async\" class=\"aligncenter\" src=\"https:\/\/redfoxlotto.com\/image?size=8&amp;lottery=la-primitiva\" alt=\" la primitiva\" \/><br \/>\nDen mest praktiske metoden for \u00e5 f\u00e5 tallene, men, er \u00e5 sjekke ut nettstedet v\u00e5rt. Vi tilbyr vinnertallene og resultatene og til og med premiebel\u00f8pene for La Primitiva rett p\u00e5 nettstedet v\u00e5rt, og vi inkluderer ogs\u00e5 andre lotterier vi tilbyr.<\/p>\n<h2>Hvordan finne ut om din online billett har vunnet<\/h2>\n<p><img loading=\"lazy\" decoding=\"async\" class=\"alignright wp-image-3572\" src=\"https:\/\/onlinelotto365.com\/wp-content\/uploads\/2020\/11\/online_lottery-25-300x212.jpg\" alt=\"winning numbers for La Primitiva\" width=\"232\" height=\"165\" srcset=\"https:\/\/onlinelotto365.com\/wp-content\/uploads\/2020\/11\/online_lottery-25-300x212.jpg 300w, https:\/\/onlinelotto365.com\/wp-content\/uploads\/2020\/11\/online_lottery-25.jpg 320w\" sizes=\"auto, (max-width: 232px) 100vw, 232px\" \/><br \/>\nHvis du har kj\u00f8pt billetter til La Primitiva, trenger du ikke engang \u00e5 g\u00e5 til resultatsiden. Du kan g\u00e5 rett inn p\u00e5 kontoen din og se p\u00e5 billettene dine. Rett p\u00e5 den samme skjermen ser du vinnertallene for hvert spill du spilte. Og du vil se uthevede tall for alle som matcher mellom kupongen din og vinnertallene.<\/p>\n<p>Hvis du har riktig tall, er du en vinner, og du kan se n\u00f8yaktig hvor mye du har vunnet. Du vil ogs\u00e5 se at gevinsten (for alle bel\u00f8p under \u20ac2500) allerede er tilgjengelig p\u00e5 kontoen din s\u00e5 snart resultatene er bekreftet.<\/p>\n<h2>La Primitiva resultatarkiv<\/h2>\n<p>Vi vet at det kan v\u00e6re viktig \u00e5 sjekke ut eldre lodd og eldre tall for de som \u00f8nsker \u00e5 plukke ut tallene sine til neste trekning. S\u00e5, vi s\u00f8rger for at enhver side som har de siste La Primitiva-resultatene ogs\u00e5 har tilgang til eldre tall. Du kan sjekke dem ut n\u00e5r som helst, uansett grunn.<\/p>\n<h2>Billetten min har vunnet, hva skjer videre?<\/h2>\n<p>Hvis kupongen din er en vinner, trenger du bare \u00e5 lene deg tilbake og slappe av, for vi tar oss av alt for deg. Vi krediterer alle bel\u00f8p under 2 500 euro direkte p\u00e5 kontoen din, slik at du ikke trenger \u00e5 gj\u00f8re krav p\u00e5 dem eller g\u00e5 gjennom noen ekstra trinn. S\u00e5 lenge du har minst \u20ac10 p\u00e5 kontoen din, kan du ta ut pengene til bankkontoen eller kredittkortet ditt.<\/p>\n<p>Du m\u00e5 bare s\u00f8rge for at du har brukt kortet eller kontoen hos oss tidligere. Du m\u00e5 ogs\u00e5 fylle ut noen dokumenter for \u00e5 sikre at vi overholder regelverket som betalingsbehandleren v\u00e5r har. Disse dokumentene beskytter oss, men de beskytter ogs\u00e5 deg ved \u00e5 sikre at du er den eneste som kan ta ut pengene dine fra kontoen.<\/p>\n","protected":false},"excerpt":{"rendered":"<p>Vi tilbyr mange forskjellige internasjonale lotterispill, og vi vet at du \u00f8nsker \u00e5 finne vinnertallene raskt. Derfor velger noen \u00e5 lete etter tallene i avisen. Men det kan v\u00e6re vanskelig \u00e5 finne vinnertallene for La Primitiva i avisen. Det samme kan det \u00e5 finne disse tallene p\u00e5 TV, siden du m\u00e5 gj\u00f8re unders\u00f8kelser for \u00e5 [&hellip;]<\/p>\n","protected":false},"author":1,"featured_media":0,"parent":5856,"menu_order":7,"comment_status":"closed","ping_status":"closed","template":"la-primitiva-results.php","meta":{"_et_pb_use_builder":"","_et_pb_old_content":"","_et_gb_content_width":"","exclude_from_search":false,"footnotes":""},"class_list":["post-84252","page","type-page","status-publish","hentry"],"yoast_head":"<!-- This site is optimized with the Yoast SEO plugin v23.4 - https:\/\/yoast.com\/wordpress\/plugins\/seo\/ -->\n<title>Siste trekningsresultater, vinnertall for La Primitiva<\/title>\n<meta name=\"description\" content=\"F\u00e5 de siste vinnertallene til Spanias La Primitiva, samt andre resultater\" \/>\n<meta name=\"robots\" content=\"index, follow, max-snippet:-1, max-image-preview:large, max-video-preview:-1\" \/>\n<link rel=\"canonical\" href=\"https:\/\/onlinelotto365.com\/no\/vinnende-lotteritall\/la-primitiva-trekningsresultater\/\" \/>\n<meta property=\"og:locale\" content=\"nb_NO\" \/>\n<meta property=\"og:type\" content=\"article\" \/>\n<meta property=\"og:title\" content=\"Siste trekningsresultater, vinnertall for La Primitiva\" \/>\n<meta property=\"og:description\" content=\"F\u00e5 de siste vinnertallene til Spanias La Primitiva, samt andre resultater\" \/>\n<meta property=\"og:url\" content=\"https:\/\/onlinelotto365.com\/no\/vinnende-lotteritall\/la-primitiva-trekningsresultater\/\" \/>\n<meta property=\"og:site_name\" content=\"OnlineLotto365\" \/>\n<meta property=\"og:image\" content=\"https:\/\/redfoxlotto.com\/image?size=8&amp;lottery=la-primitiva\" \/>\n<meta name=\"twitter:card\" content=\"summary_large_image\" \/>\n<meta name=\"twitter:label1\" content=\"Ansl. lesetid\" \/>\n\t<meta name=\"twitter:data1\" content=\"2 minutter\" \/>\n<script type=\"application\/ld+json\" class=\"yoast-schema-graph\">{\"@context\":\"https:\/\/schema.org\",\"@graph\":[{\"@type\":\"WebPage\",\"@id\":\"https:\/\/onlinelotto365.com\/no\/vinnende-lotteritall\/la-primitiva-trekningsresultater\/\",\"url\":\"https:\/\/onlinelotto365.com\/no\/vinnende-lotteritall\/la-primitiva-trekningsresultater\/\",\"name\":\"Siste trekningsresultater, vinnertall for La Primitiva\",\"isPartOf\":{\"@id\":\"https:\/\/onlinelotto365.com\/no\/#website\"},\"primaryImageOfPage\":{\"@id\":\"https:\/\/onlinelotto365.com\/no\/vinnende-lotteritall\/la-primitiva-trekningsresultater\/#primaryimage\"},\"image\":{\"@id\":\"https:\/\/onlinelotto365.com\/no\/vinnende-lotteritall\/la-primitiva-trekningsresultater\/#primaryimage\"},\"thumbnailUrl\":\"https:\/\/redfoxlotto.com\/image?size=8&amp;lottery=la-primitiva\",\"datePublished\":\"2023-09-28T10:16:01+00:00\",\"dateModified\":\"2023-09-28T10:16:01+00:00\",\"description\":\"F\u00e5 de siste vinnertallene til Spanias La Primitiva, samt andre resultater\",\"breadcrumb\":{\"@id\":\"https:\/\/onlinelotto365.com\/no\/vinnende-lotteritall\/la-primitiva-trekningsresultater\/#breadcrumb\"},\"inLanguage\":\"nb-NO\",\"potentialAction\":[{\"@type\":\"ReadAction\",\"target\":[\"https:\/\/onlinelotto365.com\/no\/vinnende-lotteritall\/la-primitiva-trekningsresultater\/\"]}]},{\"@type\":\"ImageObject\",\"inLanguage\":\"nb-NO\",\"@id\":\"https:\/\/onlinelotto365.com\/no\/vinnende-lotteritall\/la-primitiva-trekningsresultater\/#primaryimage\",\"url\":\"https:\/\/redfoxlotto.com\/image?size=8&amp;lottery=la-primitiva\",\"contentUrl\":\"https:\/\/redfoxlotto.com\/image?size=8&amp;lottery=la-primitiva\"},{\"@type\":\"BreadcrumbList\",\"@id\":\"https:\/\/onlinelotto365.com\/no\/vinnende-lotteritall\/la-primitiva-trekningsresultater\/#breadcrumb\",\"itemListElement\":[{\"@type\":\"ListItem\",\"position\":1,\"name\":\"Home\",\"item\":\"https:\/\/onlinelotto365.com\/no\/\"},{\"@type\":\"ListItem\",\"position\":2,\"name\":\"Leter du etter internasjonale lotto resultater?\",\"item\":\"https:\/\/onlinelotto365.com\/no\/vinnende-lotteritall\/\"},{\"@type\":\"ListItem\",\"position\":3,\"name\":\"La Primitiva trekningsresultater\"}]},{\"@type\":\"WebSite\",\"@id\":\"https:\/\/onlinelotto365.com\/no\/#website\",\"url\":\"https:\/\/onlinelotto365.com\/no\/\",\"name\":\"OnlineLotto365\",\"description\":\"\",\"potentialAction\":[{\"@type\":\"SearchAction\",\"target\":{\"@type\":\"EntryPoint\",\"urlTemplate\":\"https:\/\/onlinelotto365.com\/no\/?s={search_term_string}\"},\"query-input\":{\"@type\":\"PropertyValueSpecification\",\"valueRequired\":true,\"valueName\":\"search_term_string\"}}],\"inLanguage\":\"nb-NO\"}]}<\/script>\n<!-- \/ Yoast SEO plugin. -->","yoast_head_json":{"title":"Siste trekningsresultater, vinnertall for La Primitiva","description":"F\u00e5 de siste vinnertallene til Spanias La Primitiva, samt andre resultater","robots":{"index":"index","follow":"follow","max-snippet":"max-snippet:-1","max-image-preview":"max-image-preview:large","max-video-preview":"max-video-preview:-1"},"canonical":"https:\/\/onlinelotto365.com\/no\/vinnende-lotteritall\/la-primitiva-trekningsresultater\/","og_locale":"nb_NO","og_type":"article","og_title":"Siste trekningsresultater, vinnertall for La Primitiva","og_description":"F\u00e5 de siste vinnertallene til Spanias La Primitiva, samt andre resultater","og_url":"https:\/\/onlinelotto365.com\/no\/vinnende-lotteritall\/la-primitiva-trekningsresultater\/","og_site_name":"OnlineLotto365","og_image":[{"url":"https:\/\/redfoxlotto.com\/image?size=8&amp;lottery=la-primitiva"}],"twitter_card":"summary_large_image","twitter_misc":{"Ansl. lesetid":"2 minutter"},"schema":{"@context":"https:\/\/schema.org","@graph":[{"@type":"WebPage","@id":"https:\/\/onlinelotto365.com\/no\/vinnende-lotteritall\/la-primitiva-trekningsresultater\/","url":"https:\/\/onlinelotto365.com\/no\/vinnende-lotteritall\/la-primitiva-trekningsresultater\/","name":"Siste trekningsresultater, vinnertall for La Primitiva","isPartOf":{"@id":"https:\/\/onlinelotto365.com\/no\/#website"},"primaryImageOfPage":{"@id":"https:\/\/onlinelotto365.com\/no\/vinnende-lotteritall\/la-primitiva-trekningsresultater\/#primaryimage"},"image":{"@id":"https:\/\/onlinelotto365.com\/no\/vinnende-lotteritall\/la-primitiva-trekningsresultater\/#primaryimage"},"thumbnailUrl":"https:\/\/redfoxlotto.com\/image?size=8&amp;lottery=la-primitiva","datePublished":"2023-09-28T10:16:01+00:00","dateModified":"2023-09-28T10:16:01+00:00","description":"F\u00e5 de siste vinnertallene til Spanias La Primitiva, samt andre resultater","breadcrumb":{"@id":"https:\/\/onlinelotto365.com\/no\/vinnende-lotteritall\/la-primitiva-trekningsresultater\/#breadcrumb"},"inLanguage":"nb-NO","potentialAction":[{"@type":"ReadAction","target":["https:\/\/onlinelotto365.com\/no\/vinnende-lotteritall\/la-primitiva-trekningsresultater\/"]}]},{"@type":"ImageObject","inLanguage":"nb-NO","@id":"https:\/\/onlinelotto365.com\/no\/vinnende-lotteritall\/la-primitiva-trekningsresultater\/#primaryimage","url":"https:\/\/redfoxlotto.com\/image?size=8&amp;lottery=la-primitiva","contentUrl":"https:\/\/redfoxlotto.com\/image?size=8&amp;lottery=la-primitiva"},{"@type":"BreadcrumbList","@id":"https:\/\/onlinelotto365.com\/no\/vinnende-lotteritall\/la-primitiva-trekningsresultater\/#breadcrumb","itemListElement":[{"@type":"ListItem","position":1,"name":"Home","item":"https:\/\/onlinelotto365.com\/no\/"},{"@type":"ListItem","position":2,"name":"Leter du etter internasjonale lotto resultater?","item":"https:\/\/onlinelotto365.com\/no\/vinnende-lotteritall\/"},{"@type":"ListItem","position":3,"name":"La Primitiva trekningsresultater"}]},{"@type":"WebSite","@id":"https:\/\/onlinelotto365.com\/no\/#website","url":"https:\/\/onlinelotto365.com\/no\/","name":"OnlineLotto365","description":"","potentialAction":[{"@type":"SearchAction","target":{"@type":"EntryPoint","urlTemplate":"https:\/\/onlinelotto365.com\/no\/?s={search_term_string}"},"query-input":{"@type":"PropertyValueSpecification","valueRequired":true,"valueName":"search_term_string"}}],"inLanguage":"nb-NO"}]}},"_links":{"self":[{"href":"https:\/\/onlinelotto365.com\/no\/wp-json\/wp\/v2\/pages\/84252","targetHints":{"allow":["GET"]}}],"collection":[{"href":"https:\/\/onlinelotto365.com\/no\/wp-json\/wp\/v2\/pages"}],"about":[{"href":"https:\/\/onlinelotto365.com\/no\/wp-json\/wp\/v2\/types\/page"}],"author":[{"embeddable":true,"href":"https:\/\/onlinelotto365.com\/no\/wp-json\/wp\/v2\/users\/1"}],"replies":[{"embeddable":true,"href":"https:\/\/onlinelotto365.com\/no\/wp-json\/wp\/v2\/comments?post=84252"}],"version-history":[{"count":0,"href":"https:\/\/onlinelotto365.com\/no\/wp-json\/wp\/v2\/pages\/84252\/revisions"}],"up":[{"embeddable":true,"href":"https:\/\/onlinelotto365.com\/no\/wp-json\/wp\/v2\/pages\/5856"}],"wp:attachment":[{"href":"https:\/\/onlinelotto365.com\/no\/wp-json\/wp\/v2\/media?parent=84252"}],"curies":[{"name":"wp","href":"https:\/\/api.w.org\/{rel}","templated":true}]}}