{"id":84255,"date":"2023-09-28T11:51:54","date_gmt":"2023-09-28T10:51:54","guid":{"rendered":"https:\/\/onlinelotto365.com\/vinnende-lotteritall\/spanske-bonoloto-resultater"},"modified":"2023-09-28T11:51:54","modified_gmt":"2023-09-28T10:51:54","slug":"spanske-bonoloto-resultater","status":"publish","type":"page","link":"https:\/\/onlinelotto365.com\/no\/vinnende-lotteritall\/spanske-bonoloto-resultater\/","title":{"rendered":"Spanske Bonoloto-resultater"},"content":{"rendered":"<p>Internasjonale lotterispill kan v\u00e6re veldig g\u00f8y, men du m\u00e5 vite hvordan du sjekker vinnertallene. En m\u00e5te \u00e5 se p\u00e5 de vinnende BonoLoto-tallene er \u00e5 g\u00e5 til avisen. Men bare lokalaviser kommer vanligvis til \u00e5 ha resultatene du leter etter.<\/p>\n<p>Et annet alternativ er \u00e5 se p\u00e5 tv-stasjoner, men det er ikke sikkert du finner informasjonen du leter etter der heller. Det gjelder \u00e5 bo i det rette omr\u00e5det og vite n\u00e5r du skal se etter tallene.<\/p>\n<p>Deretter, du kan se p\u00e5 det offisielle nettstedet for BonoLoto for \u00e5 se om de tilbyr en live tegning online. For spill som gj\u00f8r det, kan det v\u00e6re spennende for alle fordi du kan bli fanget i \u00f8yeblikket av \u00e5 se p\u00e5 tallene som kommer opp umiddelbart. Men husk at ikke alle lotterispill faktisk tilbyr dette alternativet.<br \/>\n<img decoding=\"async\" class=\"aligncenter\" src=\"https:\/\/redfoxlotto.com\/image?size=8&amp;lottery=bonoloto\" alt=\"BonoLoto\" \/><br \/>\nTil slutt kan du ta en titt p\u00e5 YouTube for \u00e5 se om noen har lagt ut en livevideo av trekningen eller om de har spilt inn vinnertallene p\u00e5 noen annen m\u00e5te for \u00e5 dele BonoLoto-trekningen.<\/p>\n<p>Den mest praktiske m\u00e5ten du kan f\u00e5 vinnertallene p\u00e5, men, er definitivt ved \u00e5 sjekke ut nettstedet v\u00e5rt. Vi vil gi deg alle vinnertallene for BonoLoto s\u00e5 vel som alle andre spill som vi har tilgjengelig p\u00e5 nettstedet v\u00e5rt, slik at du kan holde oversikt p\u00e5 ett sted.<\/p>\n<h2>Slik finner du ut om nettbilletten din har vunnet<\/h2>\n<p>For de som allerede har kj\u00f8pt en billett til BonoLoto, du kan g\u00e5 rett inn p\u00e5 kontoen din. Logg inn og g\u00e5 til siden med billettene dine. N\u00e5r du er der, vil du kunne se resultatene for alle spillene du har kj\u00f8pt billetter til. Det vil gj\u00f8re det mye enklere for deg \u00e5 se hvilke tall du har som har matchet og hvilke som ikke gjorde det. Du vil ogs\u00e5 kunne f\u00e5 pengene dine med en gang hvis du har vunnet mindre enn \u20ac 2500. Det er fordi disse bel\u00f8pene blir satt inn direkte p\u00e5 kontoen din uten at du trenger \u00e5 gj\u00f8re noe som helst.<\/p>\n<h2>BonoLoto resultatarkiv<\/h2>\n<p><img loading=\"lazy\" decoding=\"async\" class=\"alignright wp-image-3651\" src=\"https:\/\/onlinelotto365.com\/wp-content\/uploads\/2020\/11\/online_lottery-79-300x292.jpg\" alt=\"bonoloto winning numbers\" width=\"148\" height=\"145\" srcset=\"https:\/\/onlinelotto365.com\/wp-content\/uploads\/2020\/11\/online_lottery-79-300x292.jpg 300w, https:\/\/onlinelotto365.com\/wp-content\/uploads\/2020\/11\/online_lottery-79.jpg 320w\" sizes=\"auto, (max-width: 148px) 100vw, 148px\" \/> Hvis du leter etter gamle tall for BonoLoto, trenger du ikke lete lenge. Vi har nemlig ordnet alt for deg. Vi har til og med lagt alle de gamle tallene p\u00e5 samme sted som de nyeste tallene, slik at du ikke trenger \u00e5 bekymre deg for \u00e5 pr\u00f8ve \u00e5 spore dem opp. Det er fordi vi vet hvor viktig det er for deg \u00e5 kunne finne disse tallene n\u00e5r du trenger dem.<\/p>\n<h2>Kupongen min har vunnet, hva skjer videre?<\/h2>\n<p>Vi har allerede snakket om at hvis du vinner noen av de sm\u00e5 premiene i et lottospill, trenger du ikke \u00e5 bekymre deg for \u00e5 f\u00e5 pengene dine. Det er fordi vi s\u00f8rger for \u00e5 sette dem direkte inn p\u00e5 kontoen din for deg. Alle bel\u00f8p under 2 500 kr blir automatisk satt inn p\u00e5 kontoen din, slik at de er klare n\u00e5r du vil ha dem.<\/p>\n<p>Det kommer definitivt til \u00e5 v\u00e6re praktisk for deg, og det kommer til \u00e5 hjelpe deg med \u00e5 komme i gang med \u00e5 bruke pengene. Det er fordi du kan bruke dem til \u00e5 kj\u00f8pe flere billetter n\u00e5r du vil. Hvis det er over 100 kr, kan du til og med ta ut pengene til en hvilken som helst konto du har brukt p\u00e5 nettstedet v\u00e5rt f\u00f8r.<\/p>\n","protected":false},"excerpt":{"rendered":"<p>Internasjonale lotterispill kan v\u00e6re veldig g\u00f8y, men du m\u00e5 vite hvordan du sjekker vinnertallene. En m\u00e5te \u00e5 se p\u00e5 de vinnende BonoLoto-tallene er \u00e5 g\u00e5 til avisen. Men bare lokalaviser kommer vanligvis til \u00e5 ha resultatene du leter etter. Et annet alternativ er \u00e5 se p\u00e5 tv-stasjoner, men det er ikke sikkert du finner informasjonen [&hellip;]<\/p>\n","protected":false},"author":1,"featured_media":0,"parent":5856,"menu_order":8,"comment_status":"closed","ping_status":"closed","template":"template-rightsidebar.php","meta":{"_et_pb_use_builder":"","_et_pb_old_content":"","_et_gb_content_width":"","exclude_from_search":false,"footnotes":""},"class_list":["post-84255","page","type-page","status-publish","hentry"],"yoast_head":"<!-- This site is optimized with the Yoast SEO plugin v23.4 - https:\/\/yoast.com\/wordpress\/plugins\/seo\/ -->\n<title>Resultater og premier for spanske BonoLoto<\/title>\n<meta name=\"description\" content=\"Se her for \u00e5 finne ut om Bonoloto-loddene dine har vunnet\" \/>\n<meta name=\"robots\" content=\"index, follow, max-snippet:-1, max-image-preview:large, max-video-preview:-1\" \/>\n<link rel=\"canonical\" href=\"https:\/\/onlinelotto365.com\/no\/vinnende-lotteritall\/spanske-bonoloto-resultater\/\" \/>\n<meta property=\"og:locale\" content=\"nb_NO\" \/>\n<meta property=\"og:type\" content=\"article\" \/>\n<meta property=\"og:title\" content=\"Resultater og premier for spanske BonoLoto\" \/>\n<meta property=\"og:description\" content=\"Se her for \u00e5 finne ut om Bonoloto-loddene dine har vunnet\" \/>\n<meta property=\"og:url\" content=\"https:\/\/onlinelotto365.com\/no\/vinnende-lotteritall\/spanske-bonoloto-resultater\/\" \/>\n<meta property=\"og:site_name\" content=\"OnlineLotto365\" \/>\n<meta property=\"og:image\" content=\"https:\/\/redfoxlotto.com\/image?size=8&amp;lottery=bonoloto\" \/>\n<meta name=\"twitter:card\" content=\"summary_large_image\" \/>\n<meta name=\"twitter:label1\" content=\"Ansl. lesetid\" \/>\n\t<meta name=\"twitter:data1\" content=\"3 minutter\" \/>\n<script type=\"application\/ld+json\" class=\"yoast-schema-graph\">{\"@context\":\"https:\/\/schema.org\",\"@graph\":[{\"@type\":\"WebPage\",\"@id\":\"https:\/\/onlinelotto365.com\/no\/vinnende-lotteritall\/spanske-bonoloto-resultater\/\",\"url\":\"https:\/\/onlinelotto365.com\/no\/vinnende-lotteritall\/spanske-bonoloto-resultater\/\",\"name\":\"Resultater og premier for spanske BonoLoto\",\"isPartOf\":{\"@id\":\"https:\/\/onlinelotto365.com\/no\/#website\"},\"primaryImageOfPage\":{\"@id\":\"https:\/\/onlinelotto365.com\/no\/vinnende-lotteritall\/spanske-bonoloto-resultater\/#primaryimage\"},\"image\":{\"@id\":\"https:\/\/onlinelotto365.com\/no\/vinnende-lotteritall\/spanske-bonoloto-resultater\/#primaryimage\"},\"thumbnailUrl\":\"https:\/\/redfoxlotto.com\/image?size=8&amp;lottery=bonoloto\",\"datePublished\":\"2023-09-28T10:51:54+00:00\",\"dateModified\":\"2023-09-28T10:51:54+00:00\",\"description\":\"Se her for \u00e5 finne ut om Bonoloto-loddene dine har vunnet\",\"breadcrumb\":{\"@id\":\"https:\/\/onlinelotto365.com\/no\/vinnende-lotteritall\/spanske-bonoloto-resultater\/#breadcrumb\"},\"inLanguage\":\"nb-NO\",\"potentialAction\":[{\"@type\":\"ReadAction\",\"target\":[\"https:\/\/onlinelotto365.com\/no\/vinnende-lotteritall\/spanske-bonoloto-resultater\/\"]}]},{\"@type\":\"ImageObject\",\"inLanguage\":\"nb-NO\",\"@id\":\"https:\/\/onlinelotto365.com\/no\/vinnende-lotteritall\/spanske-bonoloto-resultater\/#primaryimage\",\"url\":\"https:\/\/redfoxlotto.com\/image?size=8&amp;lottery=bonoloto\",\"contentUrl\":\"https:\/\/redfoxlotto.com\/image?size=8&amp;lottery=bonoloto\"},{\"@type\":\"BreadcrumbList\",\"@id\":\"https:\/\/onlinelotto365.com\/no\/vinnende-lotteritall\/spanske-bonoloto-resultater\/#breadcrumb\",\"itemListElement\":[{\"@type\":\"ListItem\",\"position\":1,\"name\":\"Home\",\"item\":\"https:\/\/onlinelotto365.com\/no\/\"},{\"@type\":\"ListItem\",\"position\":2,\"name\":\"Leter du etter internasjonale lotto resultater?\",\"item\":\"https:\/\/onlinelotto365.com\/no\/vinnende-lotteritall\/\"},{\"@type\":\"ListItem\",\"position\":3,\"name\":\"Spanske Bonoloto-resultater\"}]},{\"@type\":\"WebSite\",\"@id\":\"https:\/\/onlinelotto365.com\/no\/#website\",\"url\":\"https:\/\/onlinelotto365.com\/no\/\",\"name\":\"OnlineLotto365\",\"description\":\"\",\"potentialAction\":[{\"@type\":\"SearchAction\",\"target\":{\"@type\":\"EntryPoint\",\"urlTemplate\":\"https:\/\/onlinelotto365.com\/no\/?s={search_term_string}\"},\"query-input\":{\"@type\":\"PropertyValueSpecification\",\"valueRequired\":true,\"valueName\":\"search_term_string\"}}],\"inLanguage\":\"nb-NO\"}]}<\/script>\n<!-- \/ Yoast SEO plugin. -->","yoast_head_json":{"title":"Resultater og premier for spanske BonoLoto","description":"Se her for \u00e5 finne ut om Bonoloto-loddene dine har vunnet","robots":{"index":"index","follow":"follow","max-snippet":"max-snippet:-1","max-image-preview":"max-image-preview:large","max-video-preview":"max-video-preview:-1"},"canonical":"https:\/\/onlinelotto365.com\/no\/vinnende-lotteritall\/spanske-bonoloto-resultater\/","og_locale":"nb_NO","og_type":"article","og_title":"Resultater og premier for spanske BonoLoto","og_description":"Se her for \u00e5 finne ut om Bonoloto-loddene dine har vunnet","og_url":"https:\/\/onlinelotto365.com\/no\/vinnende-lotteritall\/spanske-bonoloto-resultater\/","og_site_name":"OnlineLotto365","og_image":[{"url":"https:\/\/redfoxlotto.com\/image?size=8&amp;lottery=bonoloto"}],"twitter_card":"summary_large_image","twitter_misc":{"Ansl. lesetid":"3 minutter"},"schema":{"@context":"https:\/\/schema.org","@graph":[{"@type":"WebPage","@id":"https:\/\/onlinelotto365.com\/no\/vinnende-lotteritall\/spanske-bonoloto-resultater\/","url":"https:\/\/onlinelotto365.com\/no\/vinnende-lotteritall\/spanske-bonoloto-resultater\/","name":"Resultater og premier for spanske BonoLoto","isPartOf":{"@id":"https:\/\/onlinelotto365.com\/no\/#website"},"primaryImageOfPage":{"@id":"https:\/\/onlinelotto365.com\/no\/vinnende-lotteritall\/spanske-bonoloto-resultater\/#primaryimage"},"image":{"@id":"https:\/\/onlinelotto365.com\/no\/vinnende-lotteritall\/spanske-bonoloto-resultater\/#primaryimage"},"thumbnailUrl":"https:\/\/redfoxlotto.com\/image?size=8&amp;lottery=bonoloto","datePublished":"2023-09-28T10:51:54+00:00","dateModified":"2023-09-28T10:51:54+00:00","description":"Se her for \u00e5 finne ut om Bonoloto-loddene dine har vunnet","breadcrumb":{"@id":"https:\/\/onlinelotto365.com\/no\/vinnende-lotteritall\/spanske-bonoloto-resultater\/#breadcrumb"},"inLanguage":"nb-NO","potentialAction":[{"@type":"ReadAction","target":["https:\/\/onlinelotto365.com\/no\/vinnende-lotteritall\/spanske-bonoloto-resultater\/"]}]},{"@type":"ImageObject","inLanguage":"nb-NO","@id":"https:\/\/onlinelotto365.com\/no\/vinnende-lotteritall\/spanske-bonoloto-resultater\/#primaryimage","url":"https:\/\/redfoxlotto.com\/image?size=8&amp;lottery=bonoloto","contentUrl":"https:\/\/redfoxlotto.com\/image?size=8&amp;lottery=bonoloto"},{"@type":"BreadcrumbList","@id":"https:\/\/onlinelotto365.com\/no\/vinnende-lotteritall\/spanske-bonoloto-resultater\/#breadcrumb","itemListElement":[{"@type":"ListItem","position":1,"name":"Home","item":"https:\/\/onlinelotto365.com\/no\/"},{"@type":"ListItem","position":2,"name":"Leter du etter internasjonale lotto resultater?","item":"https:\/\/onlinelotto365.com\/no\/vinnende-lotteritall\/"},{"@type":"ListItem","position":3,"name":"Spanske Bonoloto-resultater"}]},{"@type":"WebSite","@id":"https:\/\/onlinelotto365.com\/no\/#website","url":"https:\/\/onlinelotto365.com\/no\/","name":"OnlineLotto365","description":"","potentialAction":[{"@type":"SearchAction","target":{"@type":"EntryPoint","urlTemplate":"https:\/\/onlinelotto365.com\/no\/?s={search_term_string}"},"query-input":{"@type":"PropertyValueSpecification","valueRequired":true,"valueName":"search_term_string"}}],"inLanguage":"nb-NO"}]}},"_links":{"self":[{"href":"https:\/\/onlinelotto365.com\/no\/wp-json\/wp\/v2\/pages\/84255","targetHints":{"allow":["GET"]}}],"collection":[{"href":"https:\/\/onlinelotto365.com\/no\/wp-json\/wp\/v2\/pages"}],"about":[{"href":"https:\/\/onlinelotto365.com\/no\/wp-json\/wp\/v2\/types\/page"}],"author":[{"embeddable":true,"href":"https:\/\/onlinelotto365.com\/no\/wp-json\/wp\/v2\/users\/1"}],"replies":[{"embeddable":true,"href":"https:\/\/onlinelotto365.com\/no\/wp-json\/wp\/v2\/comments?post=84255"}],"version-history":[{"count":0,"href":"https:\/\/onlinelotto365.com\/no\/wp-json\/wp\/v2\/pages\/84255\/revisions"}],"up":[{"embeddable":true,"href":"https:\/\/onlinelotto365.com\/no\/wp-json\/wp\/v2\/pages\/5856"}],"wp:attachment":[{"href":"https:\/\/onlinelotto365.com\/no\/wp-json\/wp\/v2\/media?parent=84255"}],"curies":[{"name":"wp","href":"https:\/\/api.w.org\/{rel}","templated":true}]}}