{"id":84256,"date":"2023-09-28T12:12:21","date_gmt":"2023-09-28T11:12:21","guid":{"rendered":"https:\/\/onlinelotto365.com\/vinnende-lotteritall\/resultater-av-trekningen-av-set-for-life"},"modified":"2023-09-28T12:12:21","modified_gmt":"2023-09-28T11:12:21","slug":"resultater-av-trekningen-av-set-for-life","status":"publish","type":"page","link":"https:\/\/onlinelotto365.com\/no\/vinnende-lotteritall\/resultater-av-trekningen-av-set-for-life\/","title":{"rendered":"Resultater av trekningen av Set for life"},"content":{"rendered":"<p>Internasjonale lotterispill kan v\u00e6re veldig morsomme, men de krever litt innsats for \u00e5 finne vinnertallene. Tallene for Set for Life er kanskje ikke tilgjengelige i lokalavisen din. Det er fordi du kanskje ikke befinner deg i riktig omr\u00e5de.<\/p>\n<p>Det samme gjelder for \u00e5 se resultatene p\u00e5 TV. Hvis du ikke er i riktig omr\u00e5de, m\u00e5 du lete lenge for \u00e5 finne en kanal som viser resultatene.<br \/>\nDu kan ogs\u00e5 se p\u00e5 det offisielle Set for Life-nettstedet for \u00e5 se om de har en direktesending for vinnertallene. Hvis de har det, kan det v\u00e6re lurt \u00e5 sjekke det ut fordi det \u00e5 se trekningen live er et av de mest spennende alternativene. P\u00e5 den annen side tilbyr ikke alle lotterispill dette alternativet, og det er ikke sikkert du finner det.<br \/>\n<img decoding=\"async\" class=\"aligncenter\" src=\"https:\/\/redfoxlotto.com\/image?size=8&amp;lottery=set-for-life-uk\" alt=\"set for life\" \/><br \/>\nEt annet sted \u00e5 lete er p\u00e5 YouTube. Noen ganger kan du finne trekningsvideoer der etter at trekningen har funnet sted, og du kan kanskje finne vinnertallene.<\/p>\n<p>Den mest praktiske m\u00e5ten \u00e5 finne vinnertallene for Set for Life er \u00e5 g\u00e5 til nettstedet v\u00e5rt. Vi har alle vinnertallene tilgjengelig for alle spillene vi har tilgjengelig. S\u00e5 du kan finne Set for Life og mye mer.<\/p>\n<h2>Slik finner du ut om online-loddet ditt har vunnet<\/h2>\n<p>Det blir enda bedre hvis du allerede har kj\u00f8pt billetter til Set for Life hos oss. Vi gj\u00f8r det nemlig enda enklere \u00e5 sjekke billettene du allerede har. Du kan sjekke siden der alle billettene dine er lagret, og du finner ikke bare billettnummeret ditt, men ogs\u00e5 nummeret p\u00e5 vinnerkupongen. Vi s\u00f8rger til og med for \u00e5 fortelle deg hvilke tall som stemmer overens ved \u00e5 fargekode dem. P\u00e5 den m\u00e5ten slipper du \u00e5 se p\u00e5 alternativene selv. Hvis gevinstbel\u00f8pet er mindre enn 2 500 euro, trenger du ikke \u00e5 bekymre deg, for vi setter pengene inn p\u00e5 kontoen din med en gang.<\/p>\n<h2>Sett for livet resultatarkiv<\/h2>\n<p>For de som \u00f8nsker \u00e5 ta en titt p\u00e5 de gamle tallene for Set for Life, kan du enkelt gj\u00f8re det. Vi har arkivtallene tilgjengelig overalt hvor de nyeste resultatene er. P\u00e5 den m\u00e5ten kan du se hvilke tall som trekkes mest og hvilke som kan v\u00e6re aktuelle for en ny trekning.<\/p>\n<h2>Billetten min har vunnet, hva skjer videre?<\/h2>\n<p><img loading=\"lazy\" decoding=\"async\" class=\"alignright wp-image-3543\" src=\"https:\/\/onlinelotto365.com\/wp-content\/uploads\/2020\/11\/online_lottery-3-300x300.jpg\" alt=\"set for life winning numbers\" width=\"187\" height=\"187\" srcset=\"https:\/\/onlinelotto365.com\/wp-content\/uploads\/2020\/11\/online_lottery-3-300x300.jpg 300w, https:\/\/onlinelotto365.com\/wp-content\/uploads\/2020\/11\/online_lottery-3-100x100.jpg 100w, https:\/\/onlinelotto365.com\/wp-content\/uploads\/2020\/11\/online_lottery-3-150x150.jpg 150w, https:\/\/onlinelotto365.com\/wp-content\/uploads\/2020\/11\/online_lottery-3.jpg 320w\" sizes=\"auto, (max-width: 187px) 100vw, 187px\" \/><br \/>\nHvis du vinner p\u00e5 lottokupongen din hos Set for Life, er det bare \u00e5 vente og se hva som skjer. Det er fordi vi tar oss av det meste for deg. Du kan vente p\u00e5 et hvilket som helst bel\u00f8p som er mindre enn \u20ac2500 fordi vi umiddelbart setter det inn p\u00e5 kontoen din s\u00e5 snart vinnertallene er bekreftet.<\/p>\n<p>Hvis du har minst 100 kr p\u00e5 kontoen din, har du muligheten til \u00e5 ta ut pengene til bankkontoen din. Du m\u00e5 bare s\u00f8rge for at du bruker en konto som du allerede har brukt i systemet v\u00e5rt tidligere. Og du m\u00e5 bekrefte identiteten og informasjonen din for betalingsbehandleren v\u00e5r. Dette er en enkel prosess som kan gj\u00f8res med bare noen f\u00e5 skjemaer, og f\u00f8r du vet ordet av det er pengene dine tilgjengelige.<\/p>\n","protected":false},"excerpt":{"rendered":"<p>Internasjonale lotterispill kan v\u00e6re veldig morsomme, men de krever litt innsats for \u00e5 finne vinnertallene. Tallene for Set for Life er kanskje ikke tilgjengelige i lokalavisen din. Det er fordi du kanskje ikke befinner deg i riktig omr\u00e5de. Det samme gjelder for \u00e5 se resultatene p\u00e5 TV. Hvis du ikke er i riktig omr\u00e5de, m\u00e5 [&hellip;]<\/p>\n","protected":false},"author":1,"featured_media":0,"parent":5856,"menu_order":10,"comment_status":"closed","ping_status":"closed","template":"set-for-life-results.php","meta":{"_et_pb_use_builder":"","_et_pb_old_content":"","_et_gb_content_width":"","exclude_from_search":false,"footnotes":""},"class_list":["post-84256","page","type-page","status-publish","hentry"],"yoast_head":"<!-- This site is optimized with the Yoast SEO plugin v23.4 - https:\/\/yoast.com\/wordpress\/plugins\/seo\/ -->\n<title>Siste vinnertall og utbetalinger for Set for life<\/title>\n<meta name=\"description\" content=\"Har du spilt Set for life-lotteriet? Vi har de siste og tidligere vinnertallene\" \/>\n<meta name=\"robots\" content=\"index, follow, max-snippet:-1, max-image-preview:large, max-video-preview:-1\" \/>\n<link rel=\"canonical\" href=\"https:\/\/onlinelotto365.com\/no\/vinnende-lotteritall\/resultater-av-trekningen-av-set-for-life\/\" \/>\n<meta property=\"og:locale\" content=\"nb_NO\" \/>\n<meta property=\"og:type\" content=\"article\" \/>\n<meta property=\"og:title\" content=\"Siste vinnertall og utbetalinger for Set for life\" \/>\n<meta property=\"og:description\" content=\"Har du spilt Set for life-lotteriet? Vi har de siste og tidligere vinnertallene\" \/>\n<meta property=\"og:url\" content=\"https:\/\/onlinelotto365.com\/no\/vinnende-lotteritall\/resultater-av-trekningen-av-set-for-life\/\" \/>\n<meta property=\"og:site_name\" content=\"OnlineLotto365\" \/>\n<meta property=\"og:image\" content=\"https:\/\/redfoxlotto.com\/image?size=8&amp;lottery=set-for-life-uk\" \/>\n<meta name=\"twitter:card\" content=\"summary_large_image\" \/>\n<meta name=\"twitter:label1\" content=\"Ansl. lesetid\" \/>\n\t<meta name=\"twitter:data1\" content=\"3 minutter\" \/>\n<script type=\"application\/ld+json\" class=\"yoast-schema-graph\">{\"@context\":\"https:\/\/schema.org\",\"@graph\":[{\"@type\":\"WebPage\",\"@id\":\"https:\/\/onlinelotto365.com\/no\/vinnende-lotteritall\/resultater-av-trekningen-av-set-for-life\/\",\"url\":\"https:\/\/onlinelotto365.com\/no\/vinnende-lotteritall\/resultater-av-trekningen-av-set-for-life\/\",\"name\":\"Siste vinnertall og utbetalinger for Set for life\",\"isPartOf\":{\"@id\":\"https:\/\/onlinelotto365.com\/no\/#website\"},\"primaryImageOfPage\":{\"@id\":\"https:\/\/onlinelotto365.com\/no\/vinnende-lotteritall\/resultater-av-trekningen-av-set-for-life\/#primaryimage\"},\"image\":{\"@id\":\"https:\/\/onlinelotto365.com\/no\/vinnende-lotteritall\/resultater-av-trekningen-av-set-for-life\/#primaryimage\"},\"thumbnailUrl\":\"https:\/\/redfoxlotto.com\/image?size=8&amp;lottery=set-for-life-uk\",\"datePublished\":\"2023-09-28T11:12:21+00:00\",\"dateModified\":\"2023-09-28T11:12:21+00:00\",\"description\":\"Har du spilt Set for life-lotteriet? Vi har de siste og tidligere vinnertallene\",\"breadcrumb\":{\"@id\":\"https:\/\/onlinelotto365.com\/no\/vinnende-lotteritall\/resultater-av-trekningen-av-set-for-life\/#breadcrumb\"},\"inLanguage\":\"nb-NO\",\"potentialAction\":[{\"@type\":\"ReadAction\",\"target\":[\"https:\/\/onlinelotto365.com\/no\/vinnende-lotteritall\/resultater-av-trekningen-av-set-for-life\/\"]}]},{\"@type\":\"ImageObject\",\"inLanguage\":\"nb-NO\",\"@id\":\"https:\/\/onlinelotto365.com\/no\/vinnende-lotteritall\/resultater-av-trekningen-av-set-for-life\/#primaryimage\",\"url\":\"https:\/\/redfoxlotto.com\/image?size=8&amp;lottery=set-for-life-uk\",\"contentUrl\":\"https:\/\/redfoxlotto.com\/image?size=8&amp;lottery=set-for-life-uk\"},{\"@type\":\"BreadcrumbList\",\"@id\":\"https:\/\/onlinelotto365.com\/no\/vinnende-lotteritall\/resultater-av-trekningen-av-set-for-life\/#breadcrumb\",\"itemListElement\":[{\"@type\":\"ListItem\",\"position\":1,\"name\":\"Home\",\"item\":\"https:\/\/onlinelotto365.com\/no\/\"},{\"@type\":\"ListItem\",\"position\":2,\"name\":\"Leter du etter internasjonale lotto resultater?\",\"item\":\"https:\/\/onlinelotto365.com\/no\/vinnende-lotteritall\/\"},{\"@type\":\"ListItem\",\"position\":3,\"name\":\"Resultater av trekningen av Set for life\"}]},{\"@type\":\"WebSite\",\"@id\":\"https:\/\/onlinelotto365.com\/no\/#website\",\"url\":\"https:\/\/onlinelotto365.com\/no\/\",\"name\":\"OnlineLotto365\",\"description\":\"\",\"potentialAction\":[{\"@type\":\"SearchAction\",\"target\":{\"@type\":\"EntryPoint\",\"urlTemplate\":\"https:\/\/onlinelotto365.com\/no\/?s={search_term_string}\"},\"query-input\":{\"@type\":\"PropertyValueSpecification\",\"valueRequired\":true,\"valueName\":\"search_term_string\"}}],\"inLanguage\":\"nb-NO\"}]}<\/script>\n<!-- \/ Yoast SEO plugin. -->","yoast_head_json":{"title":"Siste vinnertall og utbetalinger for Set for life","description":"Har du spilt Set for life-lotteriet? Vi har de siste og tidligere vinnertallene","robots":{"index":"index","follow":"follow","max-snippet":"max-snippet:-1","max-image-preview":"max-image-preview:large","max-video-preview":"max-video-preview:-1"},"canonical":"https:\/\/onlinelotto365.com\/no\/vinnende-lotteritall\/resultater-av-trekningen-av-set-for-life\/","og_locale":"nb_NO","og_type":"article","og_title":"Siste vinnertall og utbetalinger for Set for life","og_description":"Har du spilt Set for life-lotteriet? Vi har de siste og tidligere vinnertallene","og_url":"https:\/\/onlinelotto365.com\/no\/vinnende-lotteritall\/resultater-av-trekningen-av-set-for-life\/","og_site_name":"OnlineLotto365","og_image":[{"url":"https:\/\/redfoxlotto.com\/image?size=8&amp;lottery=set-for-life-uk"}],"twitter_card":"summary_large_image","twitter_misc":{"Ansl. lesetid":"3 minutter"},"schema":{"@context":"https:\/\/schema.org","@graph":[{"@type":"WebPage","@id":"https:\/\/onlinelotto365.com\/no\/vinnende-lotteritall\/resultater-av-trekningen-av-set-for-life\/","url":"https:\/\/onlinelotto365.com\/no\/vinnende-lotteritall\/resultater-av-trekningen-av-set-for-life\/","name":"Siste vinnertall og utbetalinger for Set for life","isPartOf":{"@id":"https:\/\/onlinelotto365.com\/no\/#website"},"primaryImageOfPage":{"@id":"https:\/\/onlinelotto365.com\/no\/vinnende-lotteritall\/resultater-av-trekningen-av-set-for-life\/#primaryimage"},"image":{"@id":"https:\/\/onlinelotto365.com\/no\/vinnende-lotteritall\/resultater-av-trekningen-av-set-for-life\/#primaryimage"},"thumbnailUrl":"https:\/\/redfoxlotto.com\/image?size=8&amp;lottery=set-for-life-uk","datePublished":"2023-09-28T11:12:21+00:00","dateModified":"2023-09-28T11:12:21+00:00","description":"Har du spilt Set for life-lotteriet? Vi har de siste og tidligere vinnertallene","breadcrumb":{"@id":"https:\/\/onlinelotto365.com\/no\/vinnende-lotteritall\/resultater-av-trekningen-av-set-for-life\/#breadcrumb"},"inLanguage":"nb-NO","potentialAction":[{"@type":"ReadAction","target":["https:\/\/onlinelotto365.com\/no\/vinnende-lotteritall\/resultater-av-trekningen-av-set-for-life\/"]}]},{"@type":"ImageObject","inLanguage":"nb-NO","@id":"https:\/\/onlinelotto365.com\/no\/vinnende-lotteritall\/resultater-av-trekningen-av-set-for-life\/#primaryimage","url":"https:\/\/redfoxlotto.com\/image?size=8&amp;lottery=set-for-life-uk","contentUrl":"https:\/\/redfoxlotto.com\/image?size=8&amp;lottery=set-for-life-uk"},{"@type":"BreadcrumbList","@id":"https:\/\/onlinelotto365.com\/no\/vinnende-lotteritall\/resultater-av-trekningen-av-set-for-life\/#breadcrumb","itemListElement":[{"@type":"ListItem","position":1,"name":"Home","item":"https:\/\/onlinelotto365.com\/no\/"},{"@type":"ListItem","position":2,"name":"Leter du etter internasjonale lotto resultater?","item":"https:\/\/onlinelotto365.com\/no\/vinnende-lotteritall\/"},{"@type":"ListItem","position":3,"name":"Resultater av trekningen av Set for life"}]},{"@type":"WebSite","@id":"https:\/\/onlinelotto365.com\/no\/#website","url":"https:\/\/onlinelotto365.com\/no\/","name":"OnlineLotto365","description":"","potentialAction":[{"@type":"SearchAction","target":{"@type":"EntryPoint","urlTemplate":"https:\/\/onlinelotto365.com\/no\/?s={search_term_string}"},"query-input":{"@type":"PropertyValueSpecification","valueRequired":true,"valueName":"search_term_string"}}],"inLanguage":"nb-NO"}]}},"_links":{"self":[{"href":"https:\/\/onlinelotto365.com\/no\/wp-json\/wp\/v2\/pages\/84256","targetHints":{"allow":["GET"]}}],"collection":[{"href":"https:\/\/onlinelotto365.com\/no\/wp-json\/wp\/v2\/pages"}],"about":[{"href":"https:\/\/onlinelotto365.com\/no\/wp-json\/wp\/v2\/types\/page"}],"author":[{"embeddable":true,"href":"https:\/\/onlinelotto365.com\/no\/wp-json\/wp\/v2\/users\/1"}],"replies":[{"embeddable":true,"href":"https:\/\/onlinelotto365.com\/no\/wp-json\/wp\/v2\/comments?post=84256"}],"version-history":[{"count":0,"href":"https:\/\/onlinelotto365.com\/no\/wp-json\/wp\/v2\/pages\/84256\/revisions"}],"up":[{"embeddable":true,"href":"https:\/\/onlinelotto365.com\/no\/wp-json\/wp\/v2\/pages\/5856"}],"wp:attachment":[{"href":"https:\/\/onlinelotto365.com\/no\/wp-json\/wp\/v2\/media?parent=84256"}],"curies":[{"name":"wp","href":"https:\/\/api.w.org\/{rel}","templated":true}]}}