{"id":84270,"date":"2023-09-28T12:46:18","date_gmt":"2023-09-28T11:46:18","guid":{"rendered":"https:\/\/onlinelotto365.com\/vinnende-lotteritall\/alle-man-ons-lotto-australia-resultater"},"modified":"2023-09-28T12:46:18","modified_gmt":"2023-09-28T11:46:18","slug":"alle-man-ons-lotto-australia-resultater","status":"publish","type":"page","link":"https:\/\/onlinelotto365.com\/no\/vinnende-lotteritall\/alle-man-ons-lotto-australia-resultater\/","title":{"rendered":"Alle man &#038; ons Lotto Australia-resultater"},"content":{"rendered":"<p>Det er mange forskjellige internasjonale spill der ute som du kan spille n\u00e5r det gjelder lotteri. Og du vil v\u00e6re i stand til \u00e5 f\u00e5 resultatene for dem s\u00e5 raskt du kan. En m\u00e5te \u00e5 gj\u00f8re det p\u00e5 er \u00e5 se etter en avis som tilbyr vinnertall for Lotto Australia mandag og onsdag. Men de kan v\u00e6re vanskelige \u00e5 finne. Et annet alternativ er TV, men disse kanalene kan ogs\u00e5 v\u00e6re vanskelige. S\u00e5 hva med hvis du ikke vil gj\u00f8re mye research?<\/p>\n<p>Sjekk ut nettstedet Mon &amp; Wed Lotto Australia for \u00e5 se om de tilbyr live-tegninger. Live-tegninger for alle spill kan v\u00e6re veldig morsomme fordi de gir deg mye \u00f8yeblikkelig spenning mens du ser p\u00e5. Men ikke alle spill tilbyr denne typen tegninger. Du m\u00e5 s\u00f8rge for at Mon &amp; Wed Lotto er en av dem som har det tilgjengelig.<br \/>\n<img decoding=\"async\" class=\"aligncenter\" src=\"https:\/\/redfoxlotto.com\/image?size=8&amp;lottery=monday-wednesday-lotto-au\" alt=\"Mon &amp; Wed Lotto Australia\" \/><br \/>\nDeretter kan du velge \u00e5 sjekke ut YouTube for \u00e5 se om resultatene finnes der. Du kan bli overrasket over hvordan noen mennesker legger ut resultatene for tegninger eller til og med livevideoer av tegningene for omtrent hvilket som helst spill.<\/p>\n<p>Det aller enkleste alternativet for deg vil imidlertid v\u00e6re \u00e5 se p\u00e5 nettstedet v\u00e5rt. Vi tilbyr alle vinnertallene og premiebel\u00f8pene for hvert spill du kan kj\u00f8pe p\u00e5 nettstedet v\u00e5rt. Det gj\u00f8r det mye enklere for deg \u00e5 f\u00e5 resultater p\u00e5 ett sted og s\u00e5 raskt du vil.<\/p>\n<h2>Slik finner du ut om nettkupongen din har vunnet<\/h2>\n<p>Den enda bedre nyheten er at hvis du har kj\u00f8pt en billett til Mon &amp; Wed Lotto Australia hos oss, kan du g\u00e5 direkte til spillerkontoen din for \u00e5 f\u00e5 resultatene. Du finner billettene du har kj\u00f8pt der, samt vinnertallene for alle spillene du valgte \u00e5 spille.<\/p>\n<p>Du vil kunne se hvilke tall du valgte som samsvarer med tallene som ble trukket, og eventuelle penger du har vunnet som er mindre enn \u20ac 2500 vil automatisk bli lagt til kontoen din. Hva kan v\u00e6re enklere enn det?<\/p>\n<h2>Man &amp; Ons Lotto Australia resultatarkiv<\/h2>\n<p><img loading=\"lazy\" decoding=\"async\" class=\"alignright wp-image-3542\" src=\"https:\/\/onlinelotto365.com\/wp-content\/uploads\/2020\/11\/online_lottery-154-300x200.jpg\" alt=\"Mon &amp; Wed Lotto winning numbers\" width=\"197\" height=\"131\" srcset=\"https:\/\/onlinelotto365.com\/wp-content\/uploads\/2020\/11\/online_lottery-154-300x200.jpg 300w, https:\/\/onlinelotto365.com\/wp-content\/uploads\/2020\/11\/online_lottery-154.jpg 320w\" sizes=\"auto, (max-width: 197px) 100vw, 197px\" \/><br \/>\nEnhver side p\u00e5 nettstedet v\u00e5rt som viser de siste resultatene fra Lotto Australia vil ogs\u00e5 vise deg eldre tall som du kanskje vil sjekke ut. Disse kan hjelpe deg n\u00e5r det gjelder \u00e5 velge ut tallene du vil spille neste gang du kj\u00f8per en billett.<\/p>\n<h2>Billetten min har vunnet, hva skjer videre?<\/h2>\n<p>Hvis du har vunnet p\u00e5 kupongen din, m\u00e5 du bare se p\u00e5 hvor mye du har krav p\u00e5. Hvis det er mindre enn 2 500 euro, s\u00f8rger vi for \u00e5 f\u00e5 det bekreftet og inn p\u00e5 kontoen din s\u00e5 snart som mulig. Hvis du har minst 100 kr p\u00e5 kontoen din, kan du ta ut bel\u00f8pet til en hvilken som helst betalingsm\u00e5te du tidligere har brukt med kontoen din. Du trenger bare \u00e5 ta vare p\u00e5 noen f\u00e5 dokumenter som gj\u00f8r at betalingsbehandleren v\u00e5r vet hvem du er og at du har rett til pengene. Hvis du har mindre enn 100 kr eller velger \u00e5 la pengene st\u00e5 p\u00e5 kontoen din, kan du bruke dem til \u00e5 kj\u00f8pe flere billetter.<\/p>\n","protected":false},"excerpt":{"rendered":"<p>Det er mange forskjellige internasjonale spill der ute som du kan spille n\u00e5r det gjelder lotteri. Og du vil v\u00e6re i stand til \u00e5 f\u00e5 resultatene for dem s\u00e5 raskt du kan. En m\u00e5te \u00e5 gj\u00f8re det p\u00e5 er \u00e5 se etter en avis som tilbyr vinnertall for Lotto Australia mandag og onsdag. Men de [&hellip;]<\/p>\n","protected":false},"author":1,"featured_media":0,"parent":5856,"menu_order":16,"comment_status":"closed","ping_status":"closed","template":"template-rightsidebar.php","meta":{"_et_pb_use_builder":"","_et_pb_old_content":"","_et_gb_content_width":"","exclude_from_search":false,"footnotes":""},"class_list":["post-84270","page","type-page","status-publish","hentry"],"yoast_head":"<!-- This site is optimized with the Yoast SEO plugin v23.4 - https:\/\/yoast.com\/wordpress\/plugins\/seo\/ -->\n<title>Man &amp; Ons Lotto Australia vinnertall<\/title>\n<meta name=\"description\" content=\"V\u00e5r side gir deg de siste vinnertallene og bel\u00f8pene for Man &amp; Ons lotto\" \/>\n<meta name=\"robots\" content=\"index, follow, max-snippet:-1, max-image-preview:large, max-video-preview:-1\" \/>\n<link rel=\"canonical\" href=\"https:\/\/onlinelotto365.com\/no\/vinnende-lotteritall\/alle-man-ons-lotto-australia-resultater\/\" \/>\n<meta property=\"og:locale\" content=\"nb_NO\" \/>\n<meta property=\"og:type\" content=\"article\" \/>\n<meta property=\"og:title\" content=\"Man &amp; Ons Lotto Australia vinnertall\" \/>\n<meta property=\"og:description\" content=\"V\u00e5r side gir deg de siste vinnertallene og bel\u00f8pene for Man &amp; Ons lotto\" \/>\n<meta property=\"og:url\" content=\"https:\/\/onlinelotto365.com\/no\/vinnende-lotteritall\/alle-man-ons-lotto-australia-resultater\/\" \/>\n<meta property=\"og:site_name\" content=\"OnlineLotto365\" \/>\n<meta property=\"og:image\" content=\"https:\/\/redfoxlotto.com\/image?size=8&amp;lottery=monday-wednesday-lotto-au\" \/>\n<meta name=\"twitter:card\" content=\"summary_large_image\" \/>\n<meta name=\"twitter:label1\" content=\"Ansl. lesetid\" \/>\n\t<meta name=\"twitter:data1\" content=\"3 minutter\" \/>\n<script type=\"application\/ld+json\" class=\"yoast-schema-graph\">{\"@context\":\"https:\/\/schema.org\",\"@graph\":[{\"@type\":\"WebPage\",\"@id\":\"https:\/\/onlinelotto365.com\/no\/vinnende-lotteritall\/alle-man-ons-lotto-australia-resultater\/\",\"url\":\"https:\/\/onlinelotto365.com\/no\/vinnende-lotteritall\/alle-man-ons-lotto-australia-resultater\/\",\"name\":\"Man & Ons Lotto Australia vinnertall\",\"isPartOf\":{\"@id\":\"https:\/\/onlinelotto365.com\/no\/#website\"},\"primaryImageOfPage\":{\"@id\":\"https:\/\/onlinelotto365.com\/no\/vinnende-lotteritall\/alle-man-ons-lotto-australia-resultater\/#primaryimage\"},\"image\":{\"@id\":\"https:\/\/onlinelotto365.com\/no\/vinnende-lotteritall\/alle-man-ons-lotto-australia-resultater\/#primaryimage\"},\"thumbnailUrl\":\"https:\/\/redfoxlotto.com\/image?size=8&amp;lottery=monday-wednesday-lotto-au\",\"datePublished\":\"2023-09-28T11:46:18+00:00\",\"dateModified\":\"2023-09-28T11:46:18+00:00\",\"description\":\"V\u00e5r side gir deg de siste vinnertallene og bel\u00f8pene for Man & Ons lotto\",\"breadcrumb\":{\"@id\":\"https:\/\/onlinelotto365.com\/no\/vinnende-lotteritall\/alle-man-ons-lotto-australia-resultater\/#breadcrumb\"},\"inLanguage\":\"nb-NO\",\"potentialAction\":[{\"@type\":\"ReadAction\",\"target\":[\"https:\/\/onlinelotto365.com\/no\/vinnende-lotteritall\/alle-man-ons-lotto-australia-resultater\/\"]}]},{\"@type\":\"ImageObject\",\"inLanguage\":\"nb-NO\",\"@id\":\"https:\/\/onlinelotto365.com\/no\/vinnende-lotteritall\/alle-man-ons-lotto-australia-resultater\/#primaryimage\",\"url\":\"https:\/\/redfoxlotto.com\/image?size=8&amp;lottery=monday-wednesday-lotto-au\",\"contentUrl\":\"https:\/\/redfoxlotto.com\/image?size=8&amp;lottery=monday-wednesday-lotto-au\"},{\"@type\":\"BreadcrumbList\",\"@id\":\"https:\/\/onlinelotto365.com\/no\/vinnende-lotteritall\/alle-man-ons-lotto-australia-resultater\/#breadcrumb\",\"itemListElement\":[{\"@type\":\"ListItem\",\"position\":1,\"name\":\"Home\",\"item\":\"https:\/\/onlinelotto365.com\/no\/\"},{\"@type\":\"ListItem\",\"position\":2,\"name\":\"Leter du etter internasjonale lotto resultater?\",\"item\":\"https:\/\/onlinelotto365.com\/no\/vinnende-lotteritall\/\"},{\"@type\":\"ListItem\",\"position\":3,\"name\":\"Alle man &#038; ons Lotto Australia-resultater\"}]},{\"@type\":\"WebSite\",\"@id\":\"https:\/\/onlinelotto365.com\/no\/#website\",\"url\":\"https:\/\/onlinelotto365.com\/no\/\",\"name\":\"OnlineLotto365\",\"description\":\"\",\"potentialAction\":[{\"@type\":\"SearchAction\",\"target\":{\"@type\":\"EntryPoint\",\"urlTemplate\":\"https:\/\/onlinelotto365.com\/no\/?s={search_term_string}\"},\"query-input\":{\"@type\":\"PropertyValueSpecification\",\"valueRequired\":true,\"valueName\":\"search_term_string\"}}],\"inLanguage\":\"nb-NO\"}]}<\/script>\n<!-- \/ Yoast SEO plugin. -->","yoast_head_json":{"title":"Man & Ons Lotto Australia vinnertall","description":"V\u00e5r side gir deg de siste vinnertallene og bel\u00f8pene for Man & Ons lotto","robots":{"index":"index","follow":"follow","max-snippet":"max-snippet:-1","max-image-preview":"max-image-preview:large","max-video-preview":"max-video-preview:-1"},"canonical":"https:\/\/onlinelotto365.com\/no\/vinnende-lotteritall\/alle-man-ons-lotto-australia-resultater\/","og_locale":"nb_NO","og_type":"article","og_title":"Man & Ons Lotto Australia vinnertall","og_description":"V\u00e5r side gir deg de siste vinnertallene og bel\u00f8pene for Man & Ons lotto","og_url":"https:\/\/onlinelotto365.com\/no\/vinnende-lotteritall\/alle-man-ons-lotto-australia-resultater\/","og_site_name":"OnlineLotto365","og_image":[{"url":"https:\/\/redfoxlotto.com\/image?size=8&amp;lottery=monday-wednesday-lotto-au"}],"twitter_card":"summary_large_image","twitter_misc":{"Ansl. lesetid":"3 minutter"},"schema":{"@context":"https:\/\/schema.org","@graph":[{"@type":"WebPage","@id":"https:\/\/onlinelotto365.com\/no\/vinnende-lotteritall\/alle-man-ons-lotto-australia-resultater\/","url":"https:\/\/onlinelotto365.com\/no\/vinnende-lotteritall\/alle-man-ons-lotto-australia-resultater\/","name":"Man & Ons Lotto Australia vinnertall","isPartOf":{"@id":"https:\/\/onlinelotto365.com\/no\/#website"},"primaryImageOfPage":{"@id":"https:\/\/onlinelotto365.com\/no\/vinnende-lotteritall\/alle-man-ons-lotto-australia-resultater\/#primaryimage"},"image":{"@id":"https:\/\/onlinelotto365.com\/no\/vinnende-lotteritall\/alle-man-ons-lotto-australia-resultater\/#primaryimage"},"thumbnailUrl":"https:\/\/redfoxlotto.com\/image?size=8&amp;lottery=monday-wednesday-lotto-au","datePublished":"2023-09-28T11:46:18+00:00","dateModified":"2023-09-28T11:46:18+00:00","description":"V\u00e5r side gir deg de siste vinnertallene og bel\u00f8pene for Man & Ons lotto","breadcrumb":{"@id":"https:\/\/onlinelotto365.com\/no\/vinnende-lotteritall\/alle-man-ons-lotto-australia-resultater\/#breadcrumb"},"inLanguage":"nb-NO","potentialAction":[{"@type":"ReadAction","target":["https:\/\/onlinelotto365.com\/no\/vinnende-lotteritall\/alle-man-ons-lotto-australia-resultater\/"]}]},{"@type":"ImageObject","inLanguage":"nb-NO","@id":"https:\/\/onlinelotto365.com\/no\/vinnende-lotteritall\/alle-man-ons-lotto-australia-resultater\/#primaryimage","url":"https:\/\/redfoxlotto.com\/image?size=8&amp;lottery=monday-wednesday-lotto-au","contentUrl":"https:\/\/redfoxlotto.com\/image?size=8&amp;lottery=monday-wednesday-lotto-au"},{"@type":"BreadcrumbList","@id":"https:\/\/onlinelotto365.com\/no\/vinnende-lotteritall\/alle-man-ons-lotto-australia-resultater\/#breadcrumb","itemListElement":[{"@type":"ListItem","position":1,"name":"Home","item":"https:\/\/onlinelotto365.com\/no\/"},{"@type":"ListItem","position":2,"name":"Leter du etter internasjonale lotto resultater?","item":"https:\/\/onlinelotto365.com\/no\/vinnende-lotteritall\/"},{"@type":"ListItem","position":3,"name":"Alle man &#038; ons Lotto Australia-resultater"}]},{"@type":"WebSite","@id":"https:\/\/onlinelotto365.com\/no\/#website","url":"https:\/\/onlinelotto365.com\/no\/","name":"OnlineLotto365","description":"","potentialAction":[{"@type":"SearchAction","target":{"@type":"EntryPoint","urlTemplate":"https:\/\/onlinelotto365.com\/no\/?s={search_term_string}"},"query-input":{"@type":"PropertyValueSpecification","valueRequired":true,"valueName":"search_term_string"}}],"inLanguage":"nb-NO"}]}},"_links":{"self":[{"href":"https:\/\/onlinelotto365.com\/no\/wp-json\/wp\/v2\/pages\/84270","targetHints":{"allow":["GET"]}}],"collection":[{"href":"https:\/\/onlinelotto365.com\/no\/wp-json\/wp\/v2\/pages"}],"about":[{"href":"https:\/\/onlinelotto365.com\/no\/wp-json\/wp\/v2\/types\/page"}],"author":[{"embeddable":true,"href":"https:\/\/onlinelotto365.com\/no\/wp-json\/wp\/v2\/users\/1"}],"replies":[{"embeddable":true,"href":"https:\/\/onlinelotto365.com\/no\/wp-json\/wp\/v2\/comments?post=84270"}],"version-history":[{"count":0,"href":"https:\/\/onlinelotto365.com\/no\/wp-json\/wp\/v2\/pages\/84270\/revisions"}],"up":[{"embeddable":true,"href":"https:\/\/onlinelotto365.com\/no\/wp-json\/wp\/v2\/pages\/5856"}],"wp:attachment":[{"href":"https:\/\/onlinelotto365.com\/no\/wp-json\/wp\/v2\/media?parent=84270"}],"curies":[{"name":"wp","href":"https:\/\/api.w.org\/{rel}","templated":true}]}}