{"id":84279,"date":"2023-09-28T20:53:14","date_gmt":"2023-09-28T19:53:14","guid":{"rendered":"https:\/\/onlinelotto365.com\/vinnende-lotteritall\/sjekk-vinnertall-og-belop-for-saturday-lotto-australia"},"modified":"2023-09-28T20:53:14","modified_gmt":"2023-09-28T19:53:14","slug":"sjekk-vinnertall-og-belop-for-saturday-lotto-australia","status":"publish","type":"page","link":"https:\/\/onlinelotto365.com\/no\/vinnende-lotteritall\/sjekk-vinnertall-og-belop-for-saturday-lotto-australia\/","title":{"rendered":"Sjekk vinnertall og bel\u00f8p for Saturday Lotto Australia"},"content":{"rendered":"<p>Det er mange forskjellige internasjonale spill tilgjengelig p\u00e5 nettstedet v\u00e5rt, og vi vet at du vil kunne f\u00e5 vinnertallene s\u00e5 raskt som mulig. Avisen er generelt ikke et bra sted \u00e5 finne vinnertall for Saturday Lotto Australia. Det er heller ikke veldig bra \u00e5 se p\u00e5 TV-kanaler og h\u00e5pe \u00e5 finne den rette for dette spillet. S\u00e5 hvor skal du g\u00e5 for \u00e5 f\u00e5 resultatene dine?<\/p>\n<p>Lotteriets nettside er ett sted \u00e5 lete. Noen lotterispill tilbyr direktesendinger av tegningene sine, men Saturday Lotto Australia er kanskje ikke en av dem. Du m\u00e5 sjekke nettstedet for \u00e5 v\u00e6re sikker, og s\u00e5 m\u00e5 du s\u00f8rge for at du ser p\u00e5 til rett tid hvis de tilbyr trekningen live.<br \/>\nTil slutt, hvis tegningen allerede er fullf\u00f8rt, kan du kanskje gj\u00f8re et s\u00f8k p\u00e5 YouTube for \u00e5 finne resultatene som noen allerede har lagt ut. De kan ha en video av live-tegningen \u00e5 sette gjennom.<br \/>\n<img decoding=\"async\" class=\"aligncenter\" src=\"https:\/\/redfoxlotto.com\/image?size=8&amp;lottery=saturday-lotto-au\" alt=\"Saturday Lotto Australia\" \/><br \/>\nDen enkleste m\u00e5ten for deg \u00e5 f\u00e5 resultatene du leter etter, er imidlertid \u00e5 g\u00e5 rett tilbake til nettstedet v\u00e5rt. Det er der du finner alle tallene for Saturday Lotto Australia, s\u00e5 vel som alle andre spill du vil spille. Tallene er tilgjengelige p\u00e5 v\u00e5r lotteriresultatside og er enkle \u00e5 finne.<\/p>\n<h2>Hvordan finne ut om din online billett har vunnet<\/h2>\n<p>Alle som allerede har kj\u00f8pt billetter til Saturday Lotto Australia p\u00e5 nettstedet v\u00e5rt, vil f\u00e5 det enda enklere fordi du bare kan g\u00e5 inn p\u00e5 kontoen din. Logg inn og sjekk ut siden der billettene dine er lagret. Du finner ikke bare billettnumrene dine, men ogs\u00e5 vinnertallene for alle spillene du har spilt.<\/p>\n<p>Derfra kan du se etter treff, som vi markerer for deg i forskjellige farger. P\u00e5 den m\u00e5ten kan du se hvor mye du har vunnet, og du kan se hvor pengene st\u00e5r p\u00e5 kontoen din. Hvis det er mindre enn \u20ac2500, har vi allerede satt dem inn p\u00e5 kontoen din, slik at du ikke trenger \u00e5 gj\u00f8re noe.<\/p>\n<h2>L\u00f8rdags Lotto Australias resultatarkiv<\/h2>\n<p><img loading=\"lazy\" decoding=\"async\" class=\"alignright wp-image-3649\" src=\"https:\/\/onlinelotto365.com\/wp-content\/uploads\/2020\/11\/online_lottery-90-300x225.jpg\" alt=\"winning numbers saturday lotto australia\" width=\"207\" height=\"155\" srcset=\"https:\/\/onlinelotto365.com\/wp-content\/uploads\/2020\/11\/online_lottery-90-300x225.jpg 300w, https:\/\/onlinelotto365.com\/wp-content\/uploads\/2020\/11\/online_lottery-90.jpg 320w\" sizes=\"auto, (max-width: 207px) 100vw, 207px\" \/><br \/>\nFor de som \u00f8nsker \u00e5 sl\u00e5 opp eldre tall for Saturday Lotto Australia, trenger du ikke \u00e5 bekymre deg for noe. Vi s\u00f8rger for at arkivene er enkle \u00e5 finne ved \u00e5 legge dem til en hvilken som helst side der vi viser de n\u00e5v\u00e6rende lotto-resultatene. P\u00e5 den m\u00e5ten kan du sjekke alle tall du \u00f8nsker, selv fra lenge siden.<\/p>\n<h2>Kupongen min har vunnet, hva skjer videre?<\/h2>\n<p>Vi har allerede snakket om gevinstene du kan f\u00e5 fra loddene dine. Hvis gevinsten er mindre enn 2 500 kr, trenger du ikke \u00e5 gj\u00f8re noe for \u00e5 kreve dem. Vi setter pengene inn p\u00e5 spillerkontoen din med en gang. Hvis gevinsten er st\u00f8rre enn 2 500 kr, hjelper vi deg gjennom prosessen med \u00e5 gj\u00f8re krav p\u00e5 dem.<\/p>\n<p>Husk ogs\u00e5 at du kan ta ut alle pengene p\u00e5 kontoen din s\u00e5 lenge det st\u00e5r minst 100 kr p\u00e5 den. Alt du trenger \u00e5 gj\u00f8re er \u00e5 velge en betalingsm\u00e5te som du har brukt p\u00e5 kontoen din tidligere, og fylle ut noen f\u00e5 bekreftelsesskjemaer for betalingsbehandleren v\u00e5r.<\/p>\n","protected":false},"excerpt":{"rendered":"<p>Det er mange forskjellige internasjonale spill tilgjengelig p\u00e5 nettstedet v\u00e5rt, og vi vet at du vil kunne f\u00e5 vinnertallene s\u00e5 raskt som mulig. Avisen er generelt ikke et bra sted \u00e5 finne vinnertall for Saturday Lotto Australia. Det er heller ikke veldig bra \u00e5 se p\u00e5 TV-kanaler og h\u00e5pe \u00e5 finne den rette for dette [&hellip;]<\/p>\n","protected":false},"author":1,"featured_media":0,"parent":5856,"menu_order":15,"comment_status":"closed","ping_status":"closed","template":"saturday-lotto-results.php","meta":{"_et_pb_use_builder":"","_et_pb_old_content":"","_et_gb_content_width":"","exclude_from_search":false,"footnotes":""},"class_list":["post-84279","page","type-page","status-publish","hentry"],"yoast_head":"<!-- This site is optimized with the Yoast SEO plugin v23.4 - https:\/\/yoast.com\/wordpress\/plugins\/seo\/ -->\n<title>Sjekk vinnertall og bel\u00f8p for Saturday Lotto Australia<\/title>\n<meta name=\"description\" content=\"Trekningsresultater, vinnertall L\u00f8rdagslotto Australia, pluss resultatarkiv\" \/>\n<meta name=\"robots\" content=\"index, follow, max-snippet:-1, max-image-preview:large, max-video-preview:-1\" \/>\n<link rel=\"canonical\" href=\"https:\/\/onlinelotto365.com\/no\/vinnende-lotteritall\/sjekk-vinnertall-og-belop-for-saturday-lotto-australia\/\" \/>\n<meta property=\"og:locale\" content=\"nb_NO\" \/>\n<meta property=\"og:type\" content=\"article\" \/>\n<meta property=\"og:title\" content=\"Sjekk vinnertall og bel\u00f8p for Saturday Lotto Australia\" \/>\n<meta property=\"og:description\" content=\"Trekningsresultater, vinnertall L\u00f8rdagslotto Australia, pluss resultatarkiv\" \/>\n<meta property=\"og:url\" content=\"https:\/\/onlinelotto365.com\/no\/vinnende-lotteritall\/sjekk-vinnertall-og-belop-for-saturday-lotto-australia\/\" \/>\n<meta property=\"og:site_name\" content=\"OnlineLotto365\" \/>\n<meta property=\"og:image\" content=\"https:\/\/redfoxlotto.com\/image?size=8&amp;lottery=saturday-lotto-au\" \/>\n<meta name=\"twitter:card\" content=\"summary_large_image\" \/>\n<meta name=\"twitter:label1\" content=\"Ansl. lesetid\" \/>\n\t<meta name=\"twitter:data1\" content=\"3 minutter\" \/>\n<script type=\"application\/ld+json\" class=\"yoast-schema-graph\">{\"@context\":\"https:\/\/schema.org\",\"@graph\":[{\"@type\":\"WebPage\",\"@id\":\"https:\/\/onlinelotto365.com\/no\/vinnende-lotteritall\/sjekk-vinnertall-og-belop-for-saturday-lotto-australia\/\",\"url\":\"https:\/\/onlinelotto365.com\/no\/vinnende-lotteritall\/sjekk-vinnertall-og-belop-for-saturday-lotto-australia\/\",\"name\":\"Sjekk vinnertall og bel\u00f8p for Saturday Lotto Australia\",\"isPartOf\":{\"@id\":\"https:\/\/onlinelotto365.com\/no\/#website\"},\"primaryImageOfPage\":{\"@id\":\"https:\/\/onlinelotto365.com\/no\/vinnende-lotteritall\/sjekk-vinnertall-og-belop-for-saturday-lotto-australia\/#primaryimage\"},\"image\":{\"@id\":\"https:\/\/onlinelotto365.com\/no\/vinnende-lotteritall\/sjekk-vinnertall-og-belop-for-saturday-lotto-australia\/#primaryimage\"},\"thumbnailUrl\":\"https:\/\/redfoxlotto.com\/image?size=8&amp;lottery=saturday-lotto-au\",\"datePublished\":\"2023-09-28T19:53:14+00:00\",\"dateModified\":\"2023-09-28T19:53:14+00:00\",\"description\":\"Trekningsresultater, vinnertall L\u00f8rdagslotto Australia, pluss resultatarkiv\",\"breadcrumb\":{\"@id\":\"https:\/\/onlinelotto365.com\/no\/vinnende-lotteritall\/sjekk-vinnertall-og-belop-for-saturday-lotto-australia\/#breadcrumb\"},\"inLanguage\":\"nb-NO\",\"potentialAction\":[{\"@type\":\"ReadAction\",\"target\":[\"https:\/\/onlinelotto365.com\/no\/vinnende-lotteritall\/sjekk-vinnertall-og-belop-for-saturday-lotto-australia\/\"]}]},{\"@type\":\"ImageObject\",\"inLanguage\":\"nb-NO\",\"@id\":\"https:\/\/onlinelotto365.com\/no\/vinnende-lotteritall\/sjekk-vinnertall-og-belop-for-saturday-lotto-australia\/#primaryimage\",\"url\":\"https:\/\/redfoxlotto.com\/image?size=8&amp;lottery=saturday-lotto-au\",\"contentUrl\":\"https:\/\/redfoxlotto.com\/image?size=8&amp;lottery=saturday-lotto-au\"},{\"@type\":\"BreadcrumbList\",\"@id\":\"https:\/\/onlinelotto365.com\/no\/vinnende-lotteritall\/sjekk-vinnertall-og-belop-for-saturday-lotto-australia\/#breadcrumb\",\"itemListElement\":[{\"@type\":\"ListItem\",\"position\":1,\"name\":\"Home\",\"item\":\"https:\/\/onlinelotto365.com\/no\/\"},{\"@type\":\"ListItem\",\"position\":2,\"name\":\"Leter du etter internasjonale lotto resultater?\",\"item\":\"https:\/\/onlinelotto365.com\/no\/vinnende-lotteritall\/\"},{\"@type\":\"ListItem\",\"position\":3,\"name\":\"Sjekk vinnertall og bel\u00f8p for Saturday Lotto Australia\"}]},{\"@type\":\"WebSite\",\"@id\":\"https:\/\/onlinelotto365.com\/no\/#website\",\"url\":\"https:\/\/onlinelotto365.com\/no\/\",\"name\":\"OnlineLotto365\",\"description\":\"\",\"potentialAction\":[{\"@type\":\"SearchAction\",\"target\":{\"@type\":\"EntryPoint\",\"urlTemplate\":\"https:\/\/onlinelotto365.com\/no\/?s={search_term_string}\"},\"query-input\":{\"@type\":\"PropertyValueSpecification\",\"valueRequired\":true,\"valueName\":\"search_term_string\"}}],\"inLanguage\":\"nb-NO\"}]}<\/script>\n<!-- \/ Yoast SEO plugin. -->","yoast_head_json":{"title":"Sjekk vinnertall og bel\u00f8p for Saturday Lotto Australia","description":"Trekningsresultater, vinnertall L\u00f8rdagslotto Australia, pluss resultatarkiv","robots":{"index":"index","follow":"follow","max-snippet":"max-snippet:-1","max-image-preview":"max-image-preview:large","max-video-preview":"max-video-preview:-1"},"canonical":"https:\/\/onlinelotto365.com\/no\/vinnende-lotteritall\/sjekk-vinnertall-og-belop-for-saturday-lotto-australia\/","og_locale":"nb_NO","og_type":"article","og_title":"Sjekk vinnertall og bel\u00f8p for Saturday Lotto Australia","og_description":"Trekningsresultater, vinnertall L\u00f8rdagslotto Australia, pluss resultatarkiv","og_url":"https:\/\/onlinelotto365.com\/no\/vinnende-lotteritall\/sjekk-vinnertall-og-belop-for-saturday-lotto-australia\/","og_site_name":"OnlineLotto365","og_image":[{"url":"https:\/\/redfoxlotto.com\/image?size=8&amp;lottery=saturday-lotto-au"}],"twitter_card":"summary_large_image","twitter_misc":{"Ansl. lesetid":"3 minutter"},"schema":{"@context":"https:\/\/schema.org","@graph":[{"@type":"WebPage","@id":"https:\/\/onlinelotto365.com\/no\/vinnende-lotteritall\/sjekk-vinnertall-og-belop-for-saturday-lotto-australia\/","url":"https:\/\/onlinelotto365.com\/no\/vinnende-lotteritall\/sjekk-vinnertall-og-belop-for-saturday-lotto-australia\/","name":"Sjekk vinnertall og bel\u00f8p for Saturday Lotto Australia","isPartOf":{"@id":"https:\/\/onlinelotto365.com\/no\/#website"},"primaryImageOfPage":{"@id":"https:\/\/onlinelotto365.com\/no\/vinnende-lotteritall\/sjekk-vinnertall-og-belop-for-saturday-lotto-australia\/#primaryimage"},"image":{"@id":"https:\/\/onlinelotto365.com\/no\/vinnende-lotteritall\/sjekk-vinnertall-og-belop-for-saturday-lotto-australia\/#primaryimage"},"thumbnailUrl":"https:\/\/redfoxlotto.com\/image?size=8&amp;lottery=saturday-lotto-au","datePublished":"2023-09-28T19:53:14+00:00","dateModified":"2023-09-28T19:53:14+00:00","description":"Trekningsresultater, vinnertall L\u00f8rdagslotto Australia, pluss resultatarkiv","breadcrumb":{"@id":"https:\/\/onlinelotto365.com\/no\/vinnende-lotteritall\/sjekk-vinnertall-og-belop-for-saturday-lotto-australia\/#breadcrumb"},"inLanguage":"nb-NO","potentialAction":[{"@type":"ReadAction","target":["https:\/\/onlinelotto365.com\/no\/vinnende-lotteritall\/sjekk-vinnertall-og-belop-for-saturday-lotto-australia\/"]}]},{"@type":"ImageObject","inLanguage":"nb-NO","@id":"https:\/\/onlinelotto365.com\/no\/vinnende-lotteritall\/sjekk-vinnertall-og-belop-for-saturday-lotto-australia\/#primaryimage","url":"https:\/\/redfoxlotto.com\/image?size=8&amp;lottery=saturday-lotto-au","contentUrl":"https:\/\/redfoxlotto.com\/image?size=8&amp;lottery=saturday-lotto-au"},{"@type":"BreadcrumbList","@id":"https:\/\/onlinelotto365.com\/no\/vinnende-lotteritall\/sjekk-vinnertall-og-belop-for-saturday-lotto-australia\/#breadcrumb","itemListElement":[{"@type":"ListItem","position":1,"name":"Home","item":"https:\/\/onlinelotto365.com\/no\/"},{"@type":"ListItem","position":2,"name":"Leter du etter internasjonale lotto resultater?","item":"https:\/\/onlinelotto365.com\/no\/vinnende-lotteritall\/"},{"@type":"ListItem","position":3,"name":"Sjekk vinnertall og bel\u00f8p for Saturday Lotto Australia"}]},{"@type":"WebSite","@id":"https:\/\/onlinelotto365.com\/no\/#website","url":"https:\/\/onlinelotto365.com\/no\/","name":"OnlineLotto365","description":"","potentialAction":[{"@type":"SearchAction","target":{"@type":"EntryPoint","urlTemplate":"https:\/\/onlinelotto365.com\/no\/?s={search_term_string}"},"query-input":{"@type":"PropertyValueSpecification","valueRequired":true,"valueName":"search_term_string"}}],"inLanguage":"nb-NO"}]}},"_links":{"self":[{"href":"https:\/\/onlinelotto365.com\/no\/wp-json\/wp\/v2\/pages\/84279","targetHints":{"allow":["GET"]}}],"collection":[{"href":"https:\/\/onlinelotto365.com\/no\/wp-json\/wp\/v2\/pages"}],"about":[{"href":"https:\/\/onlinelotto365.com\/no\/wp-json\/wp\/v2\/types\/page"}],"author":[{"embeddable":true,"href":"https:\/\/onlinelotto365.com\/no\/wp-json\/wp\/v2\/users\/1"}],"replies":[{"embeddable":true,"href":"https:\/\/onlinelotto365.com\/no\/wp-json\/wp\/v2\/comments?post=84279"}],"version-history":[{"count":0,"href":"https:\/\/onlinelotto365.com\/no\/wp-json\/wp\/v2\/pages\/84279\/revisions"}],"up":[{"embeddable":true,"href":"https:\/\/onlinelotto365.com\/no\/wp-json\/wp\/v2\/pages\/5856"}],"wp:attachment":[{"href":"https:\/\/onlinelotto365.com\/no\/wp-json\/wp\/v2\/media?parent=84279"}],"curies":[{"name":"wp","href":"https:\/\/api.w.org\/{rel}","templated":true}]}}