{"id":84281,"date":"2023-09-28T21:03:47","date_gmt":"2023-09-28T20:03:47","guid":{"rendered":"https:\/\/onlinelotto365.com\/vinnende-lotteritall\/vinnertall-fra-oz-lotto"},"modified":"2023-09-28T21:03:47","modified_gmt":"2023-09-28T20:03:47","slug":"vinnertall-fra-oz-lotto","status":"publish","type":"page","link":"https:\/\/onlinelotto365.com\/no\/vinnende-lotteritall\/vinnertall-fra-oz-lotto\/","title":{"rendered":"Vinnertall fra Oz Lotto"},"content":{"rendered":"<p>Det er mange internasjonale lotterialternativer tilgjengelig p\u00e5 nettstedet v\u00e5rt, og n\u00e5r du spiller disse spillene, vil du s\u00f8rge for at du kan sjekke vinnertallene. En m\u00e5te er via en avis, men det kan v\u00e6re vanskelig \u00e5 finne Oz Lotto-resultater i avisen. Et annet alternativ er p\u00e5 TV, men \u00e5 finne riktig kanal for \u00e5 se tegningen eller se resultatene kan ogs\u00e5 v\u00e6re en vanskelig situasjon for de fleste.<\/p>\n<p>Deretter kan du sjekke det offisielle nettstedet for Oz Lotto og se om du kan f\u00e5 resultatene der. Noen spill lar deg se tegningen live p\u00e5 nettstedet deres. Men husk at dette ikke er mulig med alle lottospill, og du kan oppleve at du ikke har denne muligheten.<\/p>\n<p>Etter at trekningen har funnet sted, kan du noen ganger s\u00f8ke p\u00e5 YouTube etter resultatene fra den siste Oz Lotto-trekningen. Disse er heller ikke alltid tilgjengelige, men noen ganger vil noen legge ut en video av live-tegningen eller tallene.<br \/>\n<img decoding=\"async\" class=\"aligncenter\" src=\"https:\/\/redfoxlotto.com\/image?size=8&amp;lottery=oz-lotto\" alt=\"Oz Lotto\" \/><br \/>\nDet beste du kan gj\u00f8re, imidlertid, hvis du vil f\u00e5 de siste vinnertallene, er \u00e5 sjekke ut nettstedet v\u00e5rt og v\u00e5r lotto-resultatside. Det er der vi legger ut resultatene for hvert lottospill du kan kj\u00f8pe p\u00e5 nettstedet v\u00e5rt, slik at du vet hvor du skal lete.<\/p>\n<h2>Slik finner du ut om din online-lodd har vunnet<\/h2>\n<p>For de som har kj\u00f8pt lodd til noen av spillene vi tilbyr, kan du logge inn p\u00e5 kontoen din og g\u00e5 til siden der loddene dine er lagret. Denne siden vil gi deg all informasjonen du trenger. Du vil kunne se lottokupongene dine samt vinnertallene.<br \/>\nHvis du er heldig nok til \u00e5 matche noen tall, vil du ogs\u00e5 se tallene som matcher uthevet p\u00e5 skjermen. Du kan ogs\u00e5 sjekke antall riktige tall og hvilken premie du har vunnet. Hvis det er mindre enn \u20ac2500, kan du se p\u00e5 kontoen din og finne den direkte p\u00e5 spillerkontoen din s\u00e5 snart resultatene er bekreftet.<\/p>\n<h2>Oz Lotto resultatarkiv<\/h2>\n<p>For de som \u00f8nsker \u00e5 se p\u00e5 eldre tall fra Oz Lotto eller andre lotterispill, kan du enkelt finne arkivene knyttet til en hvilken som helst side der de n\u00e5v\u00e6rende tallene vises. Dette gj\u00f8r det lettere for deg \u00e5 finne tallene du leter etter for \u00e5 hjelpe deg med fremtidige valg.<\/p>\n<h2>Kupongen min har vunnet, hva skjer videre?<\/h2>\n<p><img loading=\"lazy\" decoding=\"async\" class=\"alignright wp-image-3624\" src=\"https:\/\/onlinelotto365.com\/wp-content\/uploads\/2020\/11\/online_lottery-74-200x300.jpg\" alt=\"oz lotto winning numbers\" width=\"123\" height=\"185\" srcset=\"https:\/\/onlinelotto365.com\/wp-content\/uploads\/2020\/11\/online_lottery-74-200x300.jpg 200w, https:\/\/onlinelotto365.com\/wp-content\/uploads\/2020\/11\/online_lottery-74.jpg 320w\" sizes=\"auto, (max-width: 123px) 100vw, 123px\" \/><br \/>\nVi har allerede snakket om hvordan du kan f\u00e5 gevinsten din hvis kupongen din matcher vinnertallene, men la oss ogs\u00e5 se litt n\u00e6rmere p\u00e5 det. Hvis du har en kupong som er verdt mindre enn 2 500 kr, blir pengene automatisk satt inn p\u00e5 kontoen din s\u00e5 snart vinnertallene er bekreftet.<\/p>\n<p>Hvis du har minst 100 kr p\u00e5 kontoen din, kan du ta ut pengene ved hjelp av en hvilken som helst betalingsm\u00e5te du allerede har brukt p\u00e5 kontoen din. Du trenger bare \u00e5 fylle ut et par skjemaer for \u00e5 bekrefte identiteten din, s\u00e5 er pengene p\u00e5 kontoen din i l\u00f8pet av kort tid. Eller du kan la dem st\u00e5 der de er og bruke dem til \u00e5 kj\u00f8pe enda flere billetter senere.<\/p>\n","protected":false},"excerpt":{"rendered":"<p>Det er mange internasjonale lotterialternativer tilgjengelig p\u00e5 nettstedet v\u00e5rt, og n\u00e5r du spiller disse spillene, vil du s\u00f8rge for at du kan sjekke vinnertallene. En m\u00e5te er via en avis, men det kan v\u00e6re vanskelig \u00e5 finne Oz Lotto-resultater i avisen. Et annet alternativ er p\u00e5 TV, men \u00e5 finne riktig kanal for \u00e5 se [&hellip;]<\/p>\n","protected":false},"author":1,"featured_media":0,"parent":5856,"menu_order":14,"comment_status":"closed","ping_status":"closed","template":"template-rightsidebar.php","meta":{"_et_pb_use_builder":"","_et_pb_old_content":"","_et_gb_content_width":"","exclude_from_search":false,"footnotes":""},"class_list":["post-84281","page","type-page","status-publish","hentry"],"yoast_head":"<!-- This site is optimized with the Yoast SEO plugin v23.4 - https:\/\/yoast.com\/wordpress\/plugins\/seo\/ -->\n<title>Oz Lotto-trekningsresultater og premier<\/title>\n<meta name=\"description\" content=\"Leter du etter trekningsresultatene fra Oz Lotto? Her er vinnertallene\" \/>\n<meta name=\"robots\" content=\"index, follow, max-snippet:-1, max-image-preview:large, max-video-preview:-1\" \/>\n<link rel=\"canonical\" href=\"https:\/\/onlinelotto365.com\/no\/vinnende-lotteritall\/vinnertall-fra-oz-lotto\/\" \/>\n<meta property=\"og:locale\" content=\"nb_NO\" \/>\n<meta property=\"og:type\" content=\"article\" \/>\n<meta property=\"og:title\" content=\"Oz Lotto-trekningsresultater og premier\" \/>\n<meta property=\"og:description\" content=\"Leter du etter trekningsresultatene fra Oz Lotto? Her er vinnertallene\" \/>\n<meta property=\"og:url\" content=\"https:\/\/onlinelotto365.com\/no\/vinnende-lotteritall\/vinnertall-fra-oz-lotto\/\" \/>\n<meta property=\"og:site_name\" content=\"OnlineLotto365\" \/>\n<meta property=\"og:image\" content=\"https:\/\/redfoxlotto.com\/image?size=8&amp;lottery=oz-lotto\" \/>\n<meta name=\"twitter:card\" content=\"summary_large_image\" \/>\n<meta name=\"twitter:label1\" content=\"Ansl. lesetid\" \/>\n\t<meta name=\"twitter:data1\" content=\"3 minutter\" \/>\n<script type=\"application\/ld+json\" class=\"yoast-schema-graph\">{\"@context\":\"https:\/\/schema.org\",\"@graph\":[{\"@type\":\"WebPage\",\"@id\":\"https:\/\/onlinelotto365.com\/no\/vinnende-lotteritall\/vinnertall-fra-oz-lotto\/\",\"url\":\"https:\/\/onlinelotto365.com\/no\/vinnende-lotteritall\/vinnertall-fra-oz-lotto\/\",\"name\":\"Oz Lotto-trekningsresultater og premier\",\"isPartOf\":{\"@id\":\"https:\/\/onlinelotto365.com\/no\/#website\"},\"primaryImageOfPage\":{\"@id\":\"https:\/\/onlinelotto365.com\/no\/vinnende-lotteritall\/vinnertall-fra-oz-lotto\/#primaryimage\"},\"image\":{\"@id\":\"https:\/\/onlinelotto365.com\/no\/vinnende-lotteritall\/vinnertall-fra-oz-lotto\/#primaryimage\"},\"thumbnailUrl\":\"https:\/\/redfoxlotto.com\/image?size=8&amp;lottery=oz-lotto\",\"datePublished\":\"2023-09-28T20:03:47+00:00\",\"dateModified\":\"2023-09-28T20:03:47+00:00\",\"description\":\"Leter du etter trekningsresultatene fra Oz Lotto? Her er vinnertallene\",\"breadcrumb\":{\"@id\":\"https:\/\/onlinelotto365.com\/no\/vinnende-lotteritall\/vinnertall-fra-oz-lotto\/#breadcrumb\"},\"inLanguage\":\"nb-NO\",\"potentialAction\":[{\"@type\":\"ReadAction\",\"target\":[\"https:\/\/onlinelotto365.com\/no\/vinnende-lotteritall\/vinnertall-fra-oz-lotto\/\"]}]},{\"@type\":\"ImageObject\",\"inLanguage\":\"nb-NO\",\"@id\":\"https:\/\/onlinelotto365.com\/no\/vinnende-lotteritall\/vinnertall-fra-oz-lotto\/#primaryimage\",\"url\":\"https:\/\/redfoxlotto.com\/image?size=8&amp;lottery=oz-lotto\",\"contentUrl\":\"https:\/\/redfoxlotto.com\/image?size=8&amp;lottery=oz-lotto\"},{\"@type\":\"BreadcrumbList\",\"@id\":\"https:\/\/onlinelotto365.com\/no\/vinnende-lotteritall\/vinnertall-fra-oz-lotto\/#breadcrumb\",\"itemListElement\":[{\"@type\":\"ListItem\",\"position\":1,\"name\":\"Home\",\"item\":\"https:\/\/onlinelotto365.com\/no\/\"},{\"@type\":\"ListItem\",\"position\":2,\"name\":\"Leter du etter internasjonale lotto resultater?\",\"item\":\"https:\/\/onlinelotto365.com\/no\/vinnende-lotteritall\/\"},{\"@type\":\"ListItem\",\"position\":3,\"name\":\"Vinnertall fra Oz Lotto\"}]},{\"@type\":\"WebSite\",\"@id\":\"https:\/\/onlinelotto365.com\/no\/#website\",\"url\":\"https:\/\/onlinelotto365.com\/no\/\",\"name\":\"OnlineLotto365\",\"description\":\"\",\"potentialAction\":[{\"@type\":\"SearchAction\",\"target\":{\"@type\":\"EntryPoint\",\"urlTemplate\":\"https:\/\/onlinelotto365.com\/no\/?s={search_term_string}\"},\"query-input\":{\"@type\":\"PropertyValueSpecification\",\"valueRequired\":true,\"valueName\":\"search_term_string\"}}],\"inLanguage\":\"nb-NO\"}]}<\/script>\n<!-- \/ Yoast SEO plugin. -->","yoast_head_json":{"title":"Oz Lotto-trekningsresultater og premier","description":"Leter du etter trekningsresultatene fra Oz Lotto? Her er vinnertallene","robots":{"index":"index","follow":"follow","max-snippet":"max-snippet:-1","max-image-preview":"max-image-preview:large","max-video-preview":"max-video-preview:-1"},"canonical":"https:\/\/onlinelotto365.com\/no\/vinnende-lotteritall\/vinnertall-fra-oz-lotto\/","og_locale":"nb_NO","og_type":"article","og_title":"Oz Lotto-trekningsresultater og premier","og_description":"Leter du etter trekningsresultatene fra Oz Lotto? Her er vinnertallene","og_url":"https:\/\/onlinelotto365.com\/no\/vinnende-lotteritall\/vinnertall-fra-oz-lotto\/","og_site_name":"OnlineLotto365","og_image":[{"url":"https:\/\/redfoxlotto.com\/image?size=8&amp;lottery=oz-lotto"}],"twitter_card":"summary_large_image","twitter_misc":{"Ansl. lesetid":"3 minutter"},"schema":{"@context":"https:\/\/schema.org","@graph":[{"@type":"WebPage","@id":"https:\/\/onlinelotto365.com\/no\/vinnende-lotteritall\/vinnertall-fra-oz-lotto\/","url":"https:\/\/onlinelotto365.com\/no\/vinnende-lotteritall\/vinnertall-fra-oz-lotto\/","name":"Oz Lotto-trekningsresultater og premier","isPartOf":{"@id":"https:\/\/onlinelotto365.com\/no\/#website"},"primaryImageOfPage":{"@id":"https:\/\/onlinelotto365.com\/no\/vinnende-lotteritall\/vinnertall-fra-oz-lotto\/#primaryimage"},"image":{"@id":"https:\/\/onlinelotto365.com\/no\/vinnende-lotteritall\/vinnertall-fra-oz-lotto\/#primaryimage"},"thumbnailUrl":"https:\/\/redfoxlotto.com\/image?size=8&amp;lottery=oz-lotto","datePublished":"2023-09-28T20:03:47+00:00","dateModified":"2023-09-28T20:03:47+00:00","description":"Leter du etter trekningsresultatene fra Oz Lotto? Her er vinnertallene","breadcrumb":{"@id":"https:\/\/onlinelotto365.com\/no\/vinnende-lotteritall\/vinnertall-fra-oz-lotto\/#breadcrumb"},"inLanguage":"nb-NO","potentialAction":[{"@type":"ReadAction","target":["https:\/\/onlinelotto365.com\/no\/vinnende-lotteritall\/vinnertall-fra-oz-lotto\/"]}]},{"@type":"ImageObject","inLanguage":"nb-NO","@id":"https:\/\/onlinelotto365.com\/no\/vinnende-lotteritall\/vinnertall-fra-oz-lotto\/#primaryimage","url":"https:\/\/redfoxlotto.com\/image?size=8&amp;lottery=oz-lotto","contentUrl":"https:\/\/redfoxlotto.com\/image?size=8&amp;lottery=oz-lotto"},{"@type":"BreadcrumbList","@id":"https:\/\/onlinelotto365.com\/no\/vinnende-lotteritall\/vinnertall-fra-oz-lotto\/#breadcrumb","itemListElement":[{"@type":"ListItem","position":1,"name":"Home","item":"https:\/\/onlinelotto365.com\/no\/"},{"@type":"ListItem","position":2,"name":"Leter du etter internasjonale lotto resultater?","item":"https:\/\/onlinelotto365.com\/no\/vinnende-lotteritall\/"},{"@type":"ListItem","position":3,"name":"Vinnertall fra Oz Lotto"}]},{"@type":"WebSite","@id":"https:\/\/onlinelotto365.com\/no\/#website","url":"https:\/\/onlinelotto365.com\/no\/","name":"OnlineLotto365","description":"","potentialAction":[{"@type":"SearchAction","target":{"@type":"EntryPoint","urlTemplate":"https:\/\/onlinelotto365.com\/no\/?s={search_term_string}"},"query-input":{"@type":"PropertyValueSpecification","valueRequired":true,"valueName":"search_term_string"}}],"inLanguage":"nb-NO"}]}},"_links":{"self":[{"href":"https:\/\/onlinelotto365.com\/no\/wp-json\/wp\/v2\/pages\/84281","targetHints":{"allow":["GET"]}}],"collection":[{"href":"https:\/\/onlinelotto365.com\/no\/wp-json\/wp\/v2\/pages"}],"about":[{"href":"https:\/\/onlinelotto365.com\/no\/wp-json\/wp\/v2\/types\/page"}],"author":[{"embeddable":true,"href":"https:\/\/onlinelotto365.com\/no\/wp-json\/wp\/v2\/users\/1"}],"replies":[{"embeddable":true,"href":"https:\/\/onlinelotto365.com\/no\/wp-json\/wp\/v2\/comments?post=84281"}],"version-history":[{"count":0,"href":"https:\/\/onlinelotto365.com\/no\/wp-json\/wp\/v2\/pages\/84281\/revisions"}],"up":[{"embeddable":true,"href":"https:\/\/onlinelotto365.com\/no\/wp-json\/wp\/v2\/pages\/5856"}],"wp:attachment":[{"href":"https:\/\/onlinelotto365.com\/no\/wp-json\/wp\/v2\/media?parent=84281"}],"curies":[{"name":"wp","href":"https:\/\/api.w.org\/{rel}","templated":true}]}}