{"id":84282,"date":"2023-09-28T21:47:25","date_gmt":"2023-09-28T20:47:25","guid":{"rendered":"https:\/\/onlinelotto365.com\/vinnende-lotteritall\/powerball-australia-siste-og-tidligere-vinnertall-resultater"},"modified":"2023-09-28T21:47:25","modified_gmt":"2023-09-28T20:47:25","slug":"powerball-australia-siste-og-tidligere-vinnertall-resultater","status":"publish","type":"page","link":"https:\/\/onlinelotto365.com\/no\/vinnende-lotteritall\/powerball-australia-siste-og-tidligere-vinnertall-resultater\/","title":{"rendered":"Powerball Australia &#8211; siste og tidligere vinnertall, resultater"},"content":{"rendered":"<p>Med internasjonale lotterier kan du pr\u00f8ve \u00e5 sjekke resultatene i avisen, men det er lite sannsynlig at du finner vinnertallene for Powerball Australia i din lokale avis. Det er ikke sikkert du finner det p\u00e5 noen av de lokale TV-kanalene dine heller. Hvis du gj\u00f8r det, vil det ta litt tid og krefter \u00e5 finne riktig kanal.<\/p>\n<p>Et annet alternativ er \u00e5 sjekke nettstedet til Powerball Australia for \u00e5 se om de tilbyr live-trekning. Hvis de gj\u00f8r det, kan du kanskje f\u00f8lge med og f\u00e5 full glede av \u00e5 se tallene dine bli trukket live. Men det er ikke alle spill som tilbyr dette, og da kan det hende du g\u00e5r glipp av hele opplevelsen.<br \/>\nDu kan ogs\u00e5 se p\u00e5 YouTube for \u00e5 se om det finnes et opptak av live-trekningen av Powerball Australia. Dette kan v\u00e6re en god m\u00e5te \u00e5 finne resultatene p\u00e5 etter at trekningen er gjennomf\u00f8rt.<br \/>\n<img decoding=\"async\" class=\"aligncenter\" src=\"https:\/\/redfoxlotto.com\/image?size=8&amp;lottery=powerball-au\" alt=\"Powerball Australia\" \/><br \/>\nDen beste m\u00e5ten du kan finne resultatene av Powerball Australia p\u00e5, er imidlertid \u00e5 sjekke ut nettstedet v\u00e5rt. Du vil kunne finne resultatene for dette og alle andre spill som vi har tilgjengelig, s\u00e5 du trenger ikke \u00e5 bekymre deg for \u00e5 g\u00e5 glipp av noe som helst.<\/p>\n<h2>Slik finner du ut om nettbilletten din har vunnet<\/h2>\n<p>Hva om du allerede har kj\u00f8pt dine egne billetter til Powerball Australia? Vel, da er det enda enklere for deg \u00e5 sjekke vinnertallene. I stedet for \u00e5 sjekke den vanlige resultatsiden for lotteriet, kan du sjekke billettsiden p\u00e5 kontoen din. Dette lar deg se vinnertallene sammenlignet med dine egne, noe som vil v\u00e6re enda bedre for dine behov.<\/p>\n<p>Du kan se etter eventuelle tall i kupongen din som er uthevet, noe som betyr at de samsvarer med vinnertallene. Deretter kan du se hvor mye du har vunnet. Og hvis det er mindre enn \u20ac2500, vil det bli kreditert kontoen din uten videre.<\/p>\n<h2>Powerball Australia resultatarkiv<\/h2>\n<p>P\u00e5 nettstedet v\u00e5rt, vi gj\u00f8r det enkelt for deg \u00e5 sjekke ikke bare de n\u00e5v\u00e6rende lotteritallene for Powerball Australia og mer, men ogs\u00e5 de gamle tallene. En av de mest popul\u00e6re m\u00e5tene folk velger tallene sine p\u00e5 er \u00e5 se p\u00e5 noen av de eldre tallene, s\u00e5 vi s\u00f8rger for at du kan finne disse tallene p\u00e5 alle sider der vi tilbyr de n\u00e5v\u00e6rende vinnertallene.<\/p>\n<h2>Kupongen min har vunnet, hva skjer videre?<\/h2>\n<p>Hvis kupongen din er en vinner, trenger du bare \u00e5 lene deg tilbake og la oss hjelpe deg med \u00e5 f\u00e5 pengene du har krav p\u00e5. Hvis du har vunnet mindre enn 2 500 euro, krediterer vi spillerkontoen din s\u00e5 snart resultatet er bekreftet. Deretter kan du ta ut pengene s\u00e5 lenge det st\u00e5r 100 kr p\u00e5 kontoen din.<\/p>\n","protected":false},"excerpt":{"rendered":"<p>Med internasjonale lotterier kan du pr\u00f8ve \u00e5 sjekke resultatene i avisen, men det er lite sannsynlig at du finner vinnertallene for Powerball Australia i din lokale avis. Det er ikke sikkert du finner det p\u00e5 noen av de lokale TV-kanalene dine heller. Hvis du gj\u00f8r det, vil det ta litt tid og krefter \u00e5 finne [&hellip;]<\/p>\n","protected":false},"author":1,"featured_media":0,"parent":5856,"menu_order":13,"comment_status":"closed","ping_status":"closed","template":"powerball-au-results.php","meta":{"_et_pb_use_builder":"","_et_pb_old_content":"","_et_gb_content_width":"","exclude_from_search":false,"footnotes":""},"class_list":["post-84282","page","type-page","status-publish","hentry"],"yoast_head":"<!-- This site is optimized with the Yoast SEO plugin v23.4 - https:\/\/yoast.com\/wordpress\/plugins\/seo\/ -->\n<title>Siste og tidligere trekningsresultater og vinnertall for Powerball Australia<\/title>\n<meta name=\"description\" content=\"Vi publiserer vinnertallene for Powerball Australia rett etter trekningen.\" \/>\n<meta name=\"robots\" content=\"index, follow, max-snippet:-1, max-image-preview:large, max-video-preview:-1\" \/>\n<link rel=\"canonical\" href=\"https:\/\/onlinelotto365.com\/no\/vinnende-lotteritall\/powerball-australia-siste-og-tidligere-vinnertall-resultater\/\" \/>\n<meta property=\"og:locale\" content=\"nb_NO\" \/>\n<meta property=\"og:type\" content=\"article\" \/>\n<meta property=\"og:title\" content=\"Siste og tidligere trekningsresultater og vinnertall for Powerball Australia\" \/>\n<meta property=\"og:description\" content=\"Vi publiserer vinnertallene for Powerball Australia rett etter trekningen.\" \/>\n<meta property=\"og:url\" content=\"https:\/\/onlinelotto365.com\/no\/vinnende-lotteritall\/powerball-australia-siste-og-tidligere-vinnertall-resultater\/\" \/>\n<meta property=\"og:site_name\" content=\"OnlineLotto365\" \/>\n<meta property=\"og:image\" content=\"https:\/\/redfoxlotto.com\/image?size=8&amp;lottery=powerball-au\" \/>\n<meta name=\"twitter:card\" content=\"summary_large_image\" \/>\n<meta name=\"twitter:label1\" content=\"Ansl. lesetid\" \/>\n\t<meta name=\"twitter:data1\" content=\"2 minutter\" \/>\n<script type=\"application\/ld+json\" class=\"yoast-schema-graph\">{\"@context\":\"https:\/\/schema.org\",\"@graph\":[{\"@type\":\"WebPage\",\"@id\":\"https:\/\/onlinelotto365.com\/no\/vinnende-lotteritall\/powerball-australia-siste-og-tidligere-vinnertall-resultater\/\",\"url\":\"https:\/\/onlinelotto365.com\/no\/vinnende-lotteritall\/powerball-australia-siste-og-tidligere-vinnertall-resultater\/\",\"name\":\"Siste og tidligere trekningsresultater og vinnertall for Powerball Australia\",\"isPartOf\":{\"@id\":\"https:\/\/onlinelotto365.com\/no\/#website\"},\"primaryImageOfPage\":{\"@id\":\"https:\/\/onlinelotto365.com\/no\/vinnende-lotteritall\/powerball-australia-siste-og-tidligere-vinnertall-resultater\/#primaryimage\"},\"image\":{\"@id\":\"https:\/\/onlinelotto365.com\/no\/vinnende-lotteritall\/powerball-australia-siste-og-tidligere-vinnertall-resultater\/#primaryimage\"},\"thumbnailUrl\":\"https:\/\/redfoxlotto.com\/image?size=8&amp;lottery=powerball-au\",\"datePublished\":\"2023-09-28T20:47:25+00:00\",\"dateModified\":\"2023-09-28T20:47:25+00:00\",\"description\":\"Vi publiserer vinnertallene for Powerball Australia rett etter trekningen.\",\"breadcrumb\":{\"@id\":\"https:\/\/onlinelotto365.com\/no\/vinnende-lotteritall\/powerball-australia-siste-og-tidligere-vinnertall-resultater\/#breadcrumb\"},\"inLanguage\":\"nb-NO\",\"potentialAction\":[{\"@type\":\"ReadAction\",\"target\":[\"https:\/\/onlinelotto365.com\/no\/vinnende-lotteritall\/powerball-australia-siste-og-tidligere-vinnertall-resultater\/\"]}]},{\"@type\":\"ImageObject\",\"inLanguage\":\"nb-NO\",\"@id\":\"https:\/\/onlinelotto365.com\/no\/vinnende-lotteritall\/powerball-australia-siste-og-tidligere-vinnertall-resultater\/#primaryimage\",\"url\":\"https:\/\/redfoxlotto.com\/image?size=8&amp;lottery=powerball-au\",\"contentUrl\":\"https:\/\/redfoxlotto.com\/image?size=8&amp;lottery=powerball-au\"},{\"@type\":\"BreadcrumbList\",\"@id\":\"https:\/\/onlinelotto365.com\/no\/vinnende-lotteritall\/powerball-australia-siste-og-tidligere-vinnertall-resultater\/#breadcrumb\",\"itemListElement\":[{\"@type\":\"ListItem\",\"position\":1,\"name\":\"Home\",\"item\":\"https:\/\/onlinelotto365.com\/no\/\"},{\"@type\":\"ListItem\",\"position\":2,\"name\":\"Leter du etter internasjonale lotto resultater?\",\"item\":\"https:\/\/onlinelotto365.com\/no\/vinnende-lotteritall\/\"},{\"@type\":\"ListItem\",\"position\":3,\"name\":\"Powerball Australia &#8211; siste og tidligere vinnertall, resultater\"}]},{\"@type\":\"WebSite\",\"@id\":\"https:\/\/onlinelotto365.com\/no\/#website\",\"url\":\"https:\/\/onlinelotto365.com\/no\/\",\"name\":\"OnlineLotto365\",\"description\":\"\",\"potentialAction\":[{\"@type\":\"SearchAction\",\"target\":{\"@type\":\"EntryPoint\",\"urlTemplate\":\"https:\/\/onlinelotto365.com\/no\/?s={search_term_string}\"},\"query-input\":{\"@type\":\"PropertyValueSpecification\",\"valueRequired\":true,\"valueName\":\"search_term_string\"}}],\"inLanguage\":\"nb-NO\"}]}<\/script>\n<!-- \/ Yoast SEO plugin. -->","yoast_head_json":{"title":"Siste og tidligere trekningsresultater og vinnertall for Powerball Australia","description":"Vi publiserer vinnertallene for Powerball Australia rett etter trekningen.","robots":{"index":"index","follow":"follow","max-snippet":"max-snippet:-1","max-image-preview":"max-image-preview:large","max-video-preview":"max-video-preview:-1"},"canonical":"https:\/\/onlinelotto365.com\/no\/vinnende-lotteritall\/powerball-australia-siste-og-tidligere-vinnertall-resultater\/","og_locale":"nb_NO","og_type":"article","og_title":"Siste og tidligere trekningsresultater og vinnertall for Powerball Australia","og_description":"Vi publiserer vinnertallene for Powerball Australia rett etter trekningen.","og_url":"https:\/\/onlinelotto365.com\/no\/vinnende-lotteritall\/powerball-australia-siste-og-tidligere-vinnertall-resultater\/","og_site_name":"OnlineLotto365","og_image":[{"url":"https:\/\/redfoxlotto.com\/image?size=8&amp;lottery=powerball-au"}],"twitter_card":"summary_large_image","twitter_misc":{"Ansl. lesetid":"2 minutter"},"schema":{"@context":"https:\/\/schema.org","@graph":[{"@type":"WebPage","@id":"https:\/\/onlinelotto365.com\/no\/vinnende-lotteritall\/powerball-australia-siste-og-tidligere-vinnertall-resultater\/","url":"https:\/\/onlinelotto365.com\/no\/vinnende-lotteritall\/powerball-australia-siste-og-tidligere-vinnertall-resultater\/","name":"Siste og tidligere trekningsresultater og vinnertall for Powerball Australia","isPartOf":{"@id":"https:\/\/onlinelotto365.com\/no\/#website"},"primaryImageOfPage":{"@id":"https:\/\/onlinelotto365.com\/no\/vinnende-lotteritall\/powerball-australia-siste-og-tidligere-vinnertall-resultater\/#primaryimage"},"image":{"@id":"https:\/\/onlinelotto365.com\/no\/vinnende-lotteritall\/powerball-australia-siste-og-tidligere-vinnertall-resultater\/#primaryimage"},"thumbnailUrl":"https:\/\/redfoxlotto.com\/image?size=8&amp;lottery=powerball-au","datePublished":"2023-09-28T20:47:25+00:00","dateModified":"2023-09-28T20:47:25+00:00","description":"Vi publiserer vinnertallene for Powerball Australia rett etter trekningen.","breadcrumb":{"@id":"https:\/\/onlinelotto365.com\/no\/vinnende-lotteritall\/powerball-australia-siste-og-tidligere-vinnertall-resultater\/#breadcrumb"},"inLanguage":"nb-NO","potentialAction":[{"@type":"ReadAction","target":["https:\/\/onlinelotto365.com\/no\/vinnende-lotteritall\/powerball-australia-siste-og-tidligere-vinnertall-resultater\/"]}]},{"@type":"ImageObject","inLanguage":"nb-NO","@id":"https:\/\/onlinelotto365.com\/no\/vinnende-lotteritall\/powerball-australia-siste-og-tidligere-vinnertall-resultater\/#primaryimage","url":"https:\/\/redfoxlotto.com\/image?size=8&amp;lottery=powerball-au","contentUrl":"https:\/\/redfoxlotto.com\/image?size=8&amp;lottery=powerball-au"},{"@type":"BreadcrumbList","@id":"https:\/\/onlinelotto365.com\/no\/vinnende-lotteritall\/powerball-australia-siste-og-tidligere-vinnertall-resultater\/#breadcrumb","itemListElement":[{"@type":"ListItem","position":1,"name":"Home","item":"https:\/\/onlinelotto365.com\/no\/"},{"@type":"ListItem","position":2,"name":"Leter du etter internasjonale lotto resultater?","item":"https:\/\/onlinelotto365.com\/no\/vinnende-lotteritall\/"},{"@type":"ListItem","position":3,"name":"Powerball Australia &#8211; siste og tidligere vinnertall, resultater"}]},{"@type":"WebSite","@id":"https:\/\/onlinelotto365.com\/no\/#website","url":"https:\/\/onlinelotto365.com\/no\/","name":"OnlineLotto365","description":"","potentialAction":[{"@type":"SearchAction","target":{"@type":"EntryPoint","urlTemplate":"https:\/\/onlinelotto365.com\/no\/?s={search_term_string}"},"query-input":{"@type":"PropertyValueSpecification","valueRequired":true,"valueName":"search_term_string"}}],"inLanguage":"nb-NO"}]}},"_links":{"self":[{"href":"https:\/\/onlinelotto365.com\/no\/wp-json\/wp\/v2\/pages\/84282","targetHints":{"allow":["GET"]}}],"collection":[{"href":"https:\/\/onlinelotto365.com\/no\/wp-json\/wp\/v2\/pages"}],"about":[{"href":"https:\/\/onlinelotto365.com\/no\/wp-json\/wp\/v2\/types\/page"}],"author":[{"embeddable":true,"href":"https:\/\/onlinelotto365.com\/no\/wp-json\/wp\/v2\/users\/1"}],"replies":[{"embeddable":true,"href":"https:\/\/onlinelotto365.com\/no\/wp-json\/wp\/v2\/comments?post=84282"}],"version-history":[{"count":0,"href":"https:\/\/onlinelotto365.com\/no\/wp-json\/wp\/v2\/pages\/84282\/revisions"}],"up":[{"embeddable":true,"href":"https:\/\/onlinelotto365.com\/no\/wp-json\/wp\/v2\/pages\/5856"}],"wp:attachment":[{"href":"https:\/\/onlinelotto365.com\/no\/wp-json\/wp\/v2\/media?parent=84282"}],"curies":[{"name":"wp","href":"https:\/\/api.w.org\/{rel}","templated":true}]}}