{"id":84284,"date":"2023-09-28T21:58:42","date_gmt":"2023-09-28T20:58:42","guid":{"rendered":"https:\/\/onlinelotto365.com\/vinnende-lotteritall\/mega-sena-fra-brasil-siste-vinnertall"},"modified":"2023-09-28T21:58:42","modified_gmt":"2023-09-28T20:58:42","slug":"mega-sena-fra-brasil-siste-vinnertall","status":"publish","type":"page","link":"https:\/\/onlinelotto365.com\/no\/vinnende-lotteritall\/mega-sena-fra-brasil-siste-vinnertall\/","title":{"rendered":"Mega-Sena fra Brasil &#8211; siste vinnertall"},"content":{"rendered":"<p>Det er mange forskjellige spill der ute, og du vil v\u00e6re sikker p\u00e5 at du er i stand til \u00e5 finne vinnertallene s\u00e5 snart som mulig. Vel, det er mulig p\u00e5 en rekke forskjellige m\u00e5ter, hvis du vet hvor du skal lete. Noen ganger er vinnertallene tilgjengelige i avisen hvis du bor i et omr\u00e5de der det er et lokalt spill. Dette kan bety at Mega-Sena-resultatene ikke er tilgjengelige i ditt omr\u00e5de. Noen omr\u00e5der viser ogs\u00e5 vinnertallene p\u00e5 TV, noe som bare vil skje hvis du bor i visse omr\u00e5der.<\/p>\n<p>Et annet alternativ er \u00e5 se p\u00e5 nettstedet for Mega-Sena-lotteriet for \u00e5 se om de har en direktesending n\u00e5r spillet trekkes. Ikke alle spill gj\u00f8r dette, men for de som gj\u00f8r det, kan det v\u00e6re en spennende opplevelse for alle som ser p\u00e5. Spesielt hvis du faktisk er en vinner og ser tallene dine bli trukket.<br \/>\n<img decoding=\"async\" class=\"aligncenter\" src=\"https:\/\/redfoxlotto.com\/image?size=8&amp;lottery=mega-sena\" alt=\"mega-sena\" \/><br \/>\nDu har ogs\u00e5 muligheten til \u00e5 g\u00e5 til YouTube. Noen ganger laster folk opp live-videoer av trekningen p\u00e5 nettet, og du kan kanskje se den siste Mega Sena-trekningen.<\/p>\n<p>Den enkleste m\u00e5ten for deg \u00e5 f\u00e5 vinnertallene p\u00e5, kommer imidlertid til \u00e5 sjekke ut nettstedet v\u00e5rt. Vi kan gi deg tilgang til alle vinnertallene for Mega Sena s\u00e5 vel som alle andre spill du \u00f8nsker at vi har tilgjengelig. Det gj\u00f8r det lettere for deg \u00e5 finne resultatene du \u00f8nsker.<\/p>\n<h2>Hvordan finne ut om din online billett har vunnet<\/h2>\n<p><img loading=\"lazy\" decoding=\"async\" class=\"alignright wp-image-3640\" src=\"https:\/\/onlinelotto365.com\/wp-content\/uploads\/2020\/11\/lottery_balls1-300x160.jpg\" alt=\"mega-sena results\" width=\"249\" height=\"133\" srcset=\"https:\/\/onlinelotto365.com\/wp-content\/uploads\/2020\/11\/lottery_balls1-300x160.jpg 300w, https:\/\/onlinelotto365.com\/wp-content\/uploads\/2020\/11\/lottery_balls1.jpg 472w\" sizes=\"auto, (max-width: 249px) 100vw, 249px\" \/><br \/>\nDet som er enda bedre er at du kan logge deg direkte inn p\u00e5 kontoen din og finne resultatene av alle spillene du har kj\u00f8pt lodd til. Du g\u00e5r bare til den delen av nettstedet som har billettene dine lagret, og du kan finne vinnertallene som gjelder for disse billettene.<\/p>\n<p>Du kan til og med se hvilke vinnertall som samsvarer med dine n\u00e5v\u00e6rende tall, slik at du kan se hvor mye du allerede har vunnet. Hvis det er mindre enn \u20ac2500, s\u00f8rger vi for \u00e5 f\u00e5 pengene direkte inn p\u00e5 kontoen din, slik at du kan begynne \u00e5 bruke dem eller ta dem ut til din egen konto. Alt du trenger \u00e5 gj\u00f8re er \u00e5 s\u00f8rge for at du tar ut pengene til en konto du allerede har brukt hos oss.<\/p>\n<h2>Mega-Sena resultatarkiv<\/h2>\n<p>For de som \u00f8nsker \u00e5 f\u00e5 tilgang til eldre tall for Mega-Sena, b\u00f8r du ta en n\u00e6rmere titt p\u00e5 nettsidene som allerede tilbyr de nyeste tallene. Du kan finne alle de gamle tallene der ogs\u00e5, slik at du ikke trenger \u00e5 bekymre deg for \u00e5 g\u00e5 glipp av noe av den beste informasjonen for \u00e5 velge ditt neste tallsett.<\/p>\n","protected":false},"excerpt":{"rendered":"<p>Det er mange forskjellige spill der ute, og du vil v\u00e6re sikker p\u00e5 at du er i stand til \u00e5 finne vinnertallene s\u00e5 snart som mulig. Vel, det er mulig p\u00e5 en rekke forskjellige m\u00e5ter, hvis du vet hvor du skal lete. Noen ganger er vinnertallene tilgjengelige i avisen hvis du bor i et omr\u00e5de [&hellip;]<\/p>\n","protected":false},"author":1,"featured_media":0,"parent":5856,"menu_order":12,"comment_status":"closed","ping_status":"closed","template":"megasena-results.php","meta":{"_et_pb_use_builder":"","_et_pb_old_content":"","_et_gb_content_width":"","exclude_from_search":false,"footnotes":""},"class_list":["post-84284","page","type-page","status-publish","hentry"],"yoast_head":"<!-- This site is optimized with the Yoast SEO plugin v23.4 - https:\/\/yoast.com\/wordpress\/plugins\/seo\/ -->\n<title>Siste trekningsresultater og premier for Mega-Sena<\/title>\n<meta name=\"description\" content=\"Resultater for Mega-Sena Brasil og mange andre verdensomspennende lotterier funnet her\" \/>\n<meta name=\"robots\" content=\"index, follow, max-snippet:-1, max-image-preview:large, max-video-preview:-1\" \/>\n<link rel=\"canonical\" href=\"https:\/\/onlinelotto365.com\/no\/vinnende-lotteritall\/mega-sena-fra-brasil-siste-vinnertall\/\" \/>\n<meta property=\"og:locale\" content=\"nb_NO\" \/>\n<meta property=\"og:type\" content=\"article\" \/>\n<meta property=\"og:title\" content=\"Siste trekningsresultater og premier for Mega-Sena\" \/>\n<meta property=\"og:description\" content=\"Resultater for Mega-Sena Brasil og mange andre verdensomspennende lotterier funnet her\" \/>\n<meta property=\"og:url\" content=\"https:\/\/onlinelotto365.com\/no\/vinnende-lotteritall\/mega-sena-fra-brasil-siste-vinnertall\/\" \/>\n<meta property=\"og:site_name\" content=\"OnlineLotto365\" \/>\n<meta property=\"og:image\" content=\"https:\/\/redfoxlotto.com\/image?size=8&amp;lottery=mega-sena\" \/>\n<meta name=\"twitter:card\" content=\"summary_large_image\" \/>\n<meta name=\"twitter:label1\" content=\"Ansl. lesetid\" \/>\n\t<meta name=\"twitter:data1\" content=\"2 minutter\" \/>\n<script type=\"application\/ld+json\" class=\"yoast-schema-graph\">{\"@context\":\"https:\/\/schema.org\",\"@graph\":[{\"@type\":\"WebPage\",\"@id\":\"https:\/\/onlinelotto365.com\/no\/vinnende-lotteritall\/mega-sena-fra-brasil-siste-vinnertall\/\",\"url\":\"https:\/\/onlinelotto365.com\/no\/vinnende-lotteritall\/mega-sena-fra-brasil-siste-vinnertall\/\",\"name\":\"Siste trekningsresultater og premier for Mega-Sena\",\"isPartOf\":{\"@id\":\"https:\/\/onlinelotto365.com\/no\/#website\"},\"primaryImageOfPage\":{\"@id\":\"https:\/\/onlinelotto365.com\/no\/vinnende-lotteritall\/mega-sena-fra-brasil-siste-vinnertall\/#primaryimage\"},\"image\":{\"@id\":\"https:\/\/onlinelotto365.com\/no\/vinnende-lotteritall\/mega-sena-fra-brasil-siste-vinnertall\/#primaryimage\"},\"thumbnailUrl\":\"https:\/\/redfoxlotto.com\/image?size=8&amp;lottery=mega-sena\",\"datePublished\":\"2023-09-28T20:58:42+00:00\",\"dateModified\":\"2023-09-28T20:58:42+00:00\",\"description\":\"Resultater for Mega-Sena Brasil og mange andre verdensomspennende lotterier funnet her\",\"breadcrumb\":{\"@id\":\"https:\/\/onlinelotto365.com\/no\/vinnende-lotteritall\/mega-sena-fra-brasil-siste-vinnertall\/#breadcrumb\"},\"inLanguage\":\"nb-NO\",\"potentialAction\":[{\"@type\":\"ReadAction\",\"target\":[\"https:\/\/onlinelotto365.com\/no\/vinnende-lotteritall\/mega-sena-fra-brasil-siste-vinnertall\/\"]}]},{\"@type\":\"ImageObject\",\"inLanguage\":\"nb-NO\",\"@id\":\"https:\/\/onlinelotto365.com\/no\/vinnende-lotteritall\/mega-sena-fra-brasil-siste-vinnertall\/#primaryimage\",\"url\":\"https:\/\/redfoxlotto.com\/image?size=8&amp;lottery=mega-sena\",\"contentUrl\":\"https:\/\/redfoxlotto.com\/image?size=8&amp;lottery=mega-sena\"},{\"@type\":\"BreadcrumbList\",\"@id\":\"https:\/\/onlinelotto365.com\/no\/vinnende-lotteritall\/mega-sena-fra-brasil-siste-vinnertall\/#breadcrumb\",\"itemListElement\":[{\"@type\":\"ListItem\",\"position\":1,\"name\":\"Home\",\"item\":\"https:\/\/onlinelotto365.com\/no\/\"},{\"@type\":\"ListItem\",\"position\":2,\"name\":\"Leter du etter internasjonale lotto resultater?\",\"item\":\"https:\/\/onlinelotto365.com\/no\/vinnende-lotteritall\/\"},{\"@type\":\"ListItem\",\"position\":3,\"name\":\"Mega-Sena fra Brasil &#8211; siste vinnertall\"}]},{\"@type\":\"WebSite\",\"@id\":\"https:\/\/onlinelotto365.com\/no\/#website\",\"url\":\"https:\/\/onlinelotto365.com\/no\/\",\"name\":\"OnlineLotto365\",\"description\":\"\",\"potentialAction\":[{\"@type\":\"SearchAction\",\"target\":{\"@type\":\"EntryPoint\",\"urlTemplate\":\"https:\/\/onlinelotto365.com\/no\/?s={search_term_string}\"},\"query-input\":{\"@type\":\"PropertyValueSpecification\",\"valueRequired\":true,\"valueName\":\"search_term_string\"}}],\"inLanguage\":\"nb-NO\"}]}<\/script>\n<!-- \/ Yoast SEO plugin. -->","yoast_head_json":{"title":"Siste trekningsresultater og premier for Mega-Sena","description":"Resultater for Mega-Sena Brasil og mange andre verdensomspennende lotterier funnet her","robots":{"index":"index","follow":"follow","max-snippet":"max-snippet:-1","max-image-preview":"max-image-preview:large","max-video-preview":"max-video-preview:-1"},"canonical":"https:\/\/onlinelotto365.com\/no\/vinnende-lotteritall\/mega-sena-fra-brasil-siste-vinnertall\/","og_locale":"nb_NO","og_type":"article","og_title":"Siste trekningsresultater og premier for Mega-Sena","og_description":"Resultater for Mega-Sena Brasil og mange andre verdensomspennende lotterier funnet her","og_url":"https:\/\/onlinelotto365.com\/no\/vinnende-lotteritall\/mega-sena-fra-brasil-siste-vinnertall\/","og_site_name":"OnlineLotto365","og_image":[{"url":"https:\/\/redfoxlotto.com\/image?size=8&amp;lottery=mega-sena"}],"twitter_card":"summary_large_image","twitter_misc":{"Ansl. lesetid":"2 minutter"},"schema":{"@context":"https:\/\/schema.org","@graph":[{"@type":"WebPage","@id":"https:\/\/onlinelotto365.com\/no\/vinnende-lotteritall\/mega-sena-fra-brasil-siste-vinnertall\/","url":"https:\/\/onlinelotto365.com\/no\/vinnende-lotteritall\/mega-sena-fra-brasil-siste-vinnertall\/","name":"Siste trekningsresultater og premier for Mega-Sena","isPartOf":{"@id":"https:\/\/onlinelotto365.com\/no\/#website"},"primaryImageOfPage":{"@id":"https:\/\/onlinelotto365.com\/no\/vinnende-lotteritall\/mega-sena-fra-brasil-siste-vinnertall\/#primaryimage"},"image":{"@id":"https:\/\/onlinelotto365.com\/no\/vinnende-lotteritall\/mega-sena-fra-brasil-siste-vinnertall\/#primaryimage"},"thumbnailUrl":"https:\/\/redfoxlotto.com\/image?size=8&amp;lottery=mega-sena","datePublished":"2023-09-28T20:58:42+00:00","dateModified":"2023-09-28T20:58:42+00:00","description":"Resultater for Mega-Sena Brasil og mange andre verdensomspennende lotterier funnet her","breadcrumb":{"@id":"https:\/\/onlinelotto365.com\/no\/vinnende-lotteritall\/mega-sena-fra-brasil-siste-vinnertall\/#breadcrumb"},"inLanguage":"nb-NO","potentialAction":[{"@type":"ReadAction","target":["https:\/\/onlinelotto365.com\/no\/vinnende-lotteritall\/mega-sena-fra-brasil-siste-vinnertall\/"]}]},{"@type":"ImageObject","inLanguage":"nb-NO","@id":"https:\/\/onlinelotto365.com\/no\/vinnende-lotteritall\/mega-sena-fra-brasil-siste-vinnertall\/#primaryimage","url":"https:\/\/redfoxlotto.com\/image?size=8&amp;lottery=mega-sena","contentUrl":"https:\/\/redfoxlotto.com\/image?size=8&amp;lottery=mega-sena"},{"@type":"BreadcrumbList","@id":"https:\/\/onlinelotto365.com\/no\/vinnende-lotteritall\/mega-sena-fra-brasil-siste-vinnertall\/#breadcrumb","itemListElement":[{"@type":"ListItem","position":1,"name":"Home","item":"https:\/\/onlinelotto365.com\/no\/"},{"@type":"ListItem","position":2,"name":"Leter du etter internasjonale lotto resultater?","item":"https:\/\/onlinelotto365.com\/no\/vinnende-lotteritall\/"},{"@type":"ListItem","position":3,"name":"Mega-Sena fra Brasil &#8211; siste vinnertall"}]},{"@type":"WebSite","@id":"https:\/\/onlinelotto365.com\/no\/#website","url":"https:\/\/onlinelotto365.com\/no\/","name":"OnlineLotto365","description":"","potentialAction":[{"@type":"SearchAction","target":{"@type":"EntryPoint","urlTemplate":"https:\/\/onlinelotto365.com\/no\/?s={search_term_string}"},"query-input":{"@type":"PropertyValueSpecification","valueRequired":true,"valueName":"search_term_string"}}],"inLanguage":"nb-NO"}]}},"_links":{"self":[{"href":"https:\/\/onlinelotto365.com\/no\/wp-json\/wp\/v2\/pages\/84284","targetHints":{"allow":["GET"]}}],"collection":[{"href":"https:\/\/onlinelotto365.com\/no\/wp-json\/wp\/v2\/pages"}],"about":[{"href":"https:\/\/onlinelotto365.com\/no\/wp-json\/wp\/v2\/types\/page"}],"author":[{"embeddable":true,"href":"https:\/\/onlinelotto365.com\/no\/wp-json\/wp\/v2\/users\/1"}],"replies":[{"embeddable":true,"href":"https:\/\/onlinelotto365.com\/no\/wp-json\/wp\/v2\/comments?post=84284"}],"version-history":[{"count":0,"href":"https:\/\/onlinelotto365.com\/no\/wp-json\/wp\/v2\/pages\/84284\/revisions"}],"up":[{"embeddable":true,"href":"https:\/\/onlinelotto365.com\/no\/wp-json\/wp\/v2\/pages\/5856"}],"wp:attachment":[{"href":"https:\/\/onlinelotto365.com\/no\/wp-json\/wp\/v2\/media?parent=84284"}],"curies":[{"name":"wp","href":"https:\/\/api.w.org\/{rel}","templated":true}]}}