{"id":84285,"date":"2023-09-28T22:05:09","date_gmt":"2023-09-28T21:05:09","guid":{"rendered":"https:\/\/onlinelotto365.com\/vinnende-lotteritall\/se-de-tyske-lotto-vinnertallene-her"},"modified":"2023-09-28T22:05:09","modified_gmt":"2023-09-28T21:05:09","slug":"se-de-tyske-lotto-vinnertallene-her","status":"publish","type":"page","link":"https:\/\/onlinelotto365.com\/no\/vinnende-lotteritall\/se-de-tyske-lotto-vinnertallene-her\/","title":{"rendered":"Se de tyske Lotto-vinnertallene her"},"content":{"rendered":"<p>Internasjonale lottospill kan v\u00e6re litt vanskeligere \u00e5 f\u00f8lge med p\u00e5 fordi du kanskje ikke bor i samme omr\u00e5de som der de trekkes. Du kan kanskje ikke sjekke tyske Lotto-resultater i lokalavisen din. Og det er ikke sikkert at du kan finne de tyske Lotto-vinnertallene p\u00e5 TV heller. Hvis du finner dem p\u00e5 et av stedene, m\u00e5 du gj\u00f8re en god del unders\u00f8kelser for \u00e5 komme dit.<\/p>\n<p>Du kan ogs\u00e5 tenke p\u00e5 \u00e5 g\u00e5 til nettstedet for den tyske Lotto. Noen ganger tilbyr disse offisielle nettstedene live-trekning, slik at du kan se resultatene etter hvert som de kommer inn. Det er imidlertid ikke alle spill som har denne muligheten, og det kan hende at du ikke har mulighet til \u00e5 finne resultatene dine selv p\u00e5 det offisielle nettstedet.<br \/>\n<img decoding=\"async\" class=\"aligncenter\" src=\"https:\/\/redfoxlotto.com\/image?size=8&amp;lottery=lotto-6aus49\" alt=\"German Lotto 6aus49\" \/><br \/>\nDu kan ogs\u00e5 ta en titt p\u00e5 YouTube for \u00e5 se om noen har lastet opp en video av livetrekningen eller til og med en video med resultatene en stund etter at trekningen har funnet sted.<\/p>\n<p>Den enkleste m\u00e5ten for deg \u00e5 f\u00e5 resultatene du leter etter, er imidlertid \u00e5 ta en titt p\u00e5 nettstedet v\u00e5rt. Vi hjelper deg med \u00e5 finne resultatene for den tyske lotto rett p\u00e5 resultatsiden v\u00e5r. Det er der vi deler vinnertallene for alle lottospillene du finner tilgjengelig p\u00e5 nettstedet v\u00e5rt.<\/p>\n<h2>Slik finner du ut om din online-lodd har vunnet<\/h2>\n<p>For de som kj\u00f8pte billetter fra oss til den tyske lotto, vil du oppdage at det er enda enklere \u00e5 f\u00e5 resultatene. Det er fordi alt du trenger \u00e5 gj\u00f8re er \u00e5 ta en titt p\u00e5 kontosiden din. N\u00e5r du er der, vil du kunne se billettene du har kj\u00f8pt til alle spillene vi har tilgjengelig. Deretter kan du ta en titt p\u00e5 vinnertallene p\u00e5 samme sted.<br \/>\nVi vil til og med utheve alle tallene du matchet for \u00e5 fortelle deg hva du har vunnet. Og hvis du vinner mindre enn \u20ac2500, s\u00f8rger vi for \u00e5 sette dem inn p\u00e5 kontoen din s\u00e5 snart tallene er offisielt bekreftet av spillet. S\u00e5 enkelt er det for deg.<\/p>\n<h2>Tysk Lotto-resultatarkiv<\/h2>\n<p><img loading=\"lazy\" decoding=\"async\" class=\"alignright size-medium wp-image-3593\" src=\"https:\/\/onlinelotto365.com\/wp-content\/uploads\/2020\/11\/online_lottery-39-300x150.jpg\" alt=\"german lotto winning numbers\" width=\"300\" height=\"150\" srcset=\"https:\/\/onlinelotto365.com\/wp-content\/uploads\/2020\/11\/online_lottery-39-300x150.jpg 300w, https:\/\/onlinelotto365.com\/wp-content\/uploads\/2020\/11\/online_lottery-39.jpg 490w\" sizes=\"auto, (max-width: 300px) 100vw, 300px\" \/><br \/>\nSidene p\u00e5 nettstedet v\u00e5rt som har de nyeste tallene for det tyske Lotto vil ogs\u00e5 vise deg alle de gamle tallene fra arkivet v\u00e5rt. Det er fordi vi vet at mange mennesker \u00f8nsker \u00e5 vite de eldre tallene for \u00e5 hjelpe dem med \u00e5 velge tallene de vil bruke til sine neste billetter. Vi legger dem ut p\u00e5 alle sider som viser de nye tallene.<\/p>\n<h2>Kupongen min har vunnet, hva skjer videre?<\/h2>\n<p>Hvis du har vunnet i Lotto og vinnerkupongen din er verdt mindre enn \u20ac2500, s\u00f8rger vi for \u00e5 sette pengene inn p\u00e5 kontoen din s\u00e5 snart alle vinnertallene er bekreftet. Det betyr at du ikke trenger \u00e5 gj\u00f8re noe. Hvis vinnerkupongen er verdt mer enn 2 500 euro, m\u00e5 du fylle ut et skjema, men vi hjelper deg likevel med prosessen. Hvis du har minst 100 kr p\u00e5 kontoen din, har du muligheten til \u00e5 ta ut pengene til en bank- eller kredittkortkonto som du allerede har brukt p\u00e5 nettstedet v\u00e5rt. Hvis du ikke har brukt kontoen din hos oss enn\u00e5, kan du ikke ta ut penger til den.<\/p>\n","protected":false},"excerpt":{"rendered":"<p>Internasjonale lottospill kan v\u00e6re litt vanskeligere \u00e5 f\u00f8lge med p\u00e5 fordi du kanskje ikke bor i samme omr\u00e5de som der de trekkes. Du kan kanskje ikke sjekke tyske Lotto-resultater i lokalavisen din. Og det er ikke sikkert at du kan finne de tyske Lotto-vinnertallene p\u00e5 TV heller. Hvis du finner dem p\u00e5 et av stedene, [&hellip;]<\/p>\n","protected":false},"author":1,"featured_media":0,"parent":5856,"menu_order":11,"comment_status":"closed","ping_status":"closed","template":"lotto-german-results.php","meta":{"_et_pb_use_builder":"","_et_pb_old_content":"","_et_gb_content_width":"","exclude_from_search":false,"footnotes":""},"class_list":["post-84285","page","type-page","status-publish","hentry"],"yoast_head":"<!-- This site is optimized with the Yoast SEO plugin v23.4 - https:\/\/yoast.com\/wordpress\/plugins\/seo\/ -->\n<title>Vinnende tall Tysk Lotto | Trekningsresultater og vinnende bel\u00f8p for den tyske Lotto<\/title>\n<meta name=\"description\" content=\"Hvis du vil finne vinnertallene for det tyske lotteriet 6aus49, se her!\" \/>\n<meta name=\"robots\" content=\"index, follow, max-snippet:-1, max-image-preview:large, max-video-preview:-1\" \/>\n<link rel=\"canonical\" href=\"https:\/\/onlinelotto365.com\/no\/vinnende-lotteritall\/se-de-tyske-lotto-vinnertallene-her\/\" \/>\n<meta property=\"og:locale\" content=\"nb_NO\" \/>\n<meta property=\"og:type\" content=\"article\" \/>\n<meta property=\"og:title\" content=\"Vinnende tall Tysk Lotto | Trekningsresultater og vinnende bel\u00f8p for den tyske Lotto\" \/>\n<meta property=\"og:description\" content=\"Hvis du vil finne vinnertallene for det tyske lotteriet 6aus49, se her!\" \/>\n<meta property=\"og:url\" content=\"https:\/\/onlinelotto365.com\/no\/vinnende-lotteritall\/se-de-tyske-lotto-vinnertallene-her\/\" \/>\n<meta property=\"og:site_name\" content=\"OnlineLotto365\" \/>\n<meta property=\"og:image\" content=\"https:\/\/redfoxlotto.com\/image?size=8&amp;lottery=lotto-6aus49\" \/>\n<meta name=\"twitter:card\" content=\"summary_large_image\" \/>\n<meta name=\"twitter:label1\" content=\"Ansl. lesetid\" \/>\n\t<meta name=\"twitter:data1\" content=\"3 minutter\" \/>\n<script type=\"application\/ld+json\" class=\"yoast-schema-graph\">{\"@context\":\"https:\/\/schema.org\",\"@graph\":[{\"@type\":\"WebPage\",\"@id\":\"https:\/\/onlinelotto365.com\/no\/vinnende-lotteritall\/se-de-tyske-lotto-vinnertallene-her\/\",\"url\":\"https:\/\/onlinelotto365.com\/no\/vinnende-lotteritall\/se-de-tyske-lotto-vinnertallene-her\/\",\"name\":\"Vinnende tall Tysk Lotto | Trekningsresultater og vinnende bel\u00f8p for den tyske Lotto\",\"isPartOf\":{\"@id\":\"https:\/\/onlinelotto365.com\/no\/#website\"},\"primaryImageOfPage\":{\"@id\":\"https:\/\/onlinelotto365.com\/no\/vinnende-lotteritall\/se-de-tyske-lotto-vinnertallene-her\/#primaryimage\"},\"image\":{\"@id\":\"https:\/\/onlinelotto365.com\/no\/vinnende-lotteritall\/se-de-tyske-lotto-vinnertallene-her\/#primaryimage\"},\"thumbnailUrl\":\"https:\/\/redfoxlotto.com\/image?size=8&amp;lottery=lotto-6aus49\",\"datePublished\":\"2023-09-28T21:05:09+00:00\",\"dateModified\":\"2023-09-28T21:05:09+00:00\",\"description\":\"Hvis du vil finne vinnertallene for det tyske lotteriet 6aus49, se her!\",\"breadcrumb\":{\"@id\":\"https:\/\/onlinelotto365.com\/no\/vinnende-lotteritall\/se-de-tyske-lotto-vinnertallene-her\/#breadcrumb\"},\"inLanguage\":\"nb-NO\",\"potentialAction\":[{\"@type\":\"ReadAction\",\"target\":[\"https:\/\/onlinelotto365.com\/no\/vinnende-lotteritall\/se-de-tyske-lotto-vinnertallene-her\/\"]}]},{\"@type\":\"ImageObject\",\"inLanguage\":\"nb-NO\",\"@id\":\"https:\/\/onlinelotto365.com\/no\/vinnende-lotteritall\/se-de-tyske-lotto-vinnertallene-her\/#primaryimage\",\"url\":\"https:\/\/redfoxlotto.com\/image?size=8&amp;lottery=lotto-6aus49\",\"contentUrl\":\"https:\/\/redfoxlotto.com\/image?size=8&amp;lottery=lotto-6aus49\"},{\"@type\":\"BreadcrumbList\",\"@id\":\"https:\/\/onlinelotto365.com\/no\/vinnende-lotteritall\/se-de-tyske-lotto-vinnertallene-her\/#breadcrumb\",\"itemListElement\":[{\"@type\":\"ListItem\",\"position\":1,\"name\":\"Home\",\"item\":\"https:\/\/onlinelotto365.com\/no\/\"},{\"@type\":\"ListItem\",\"position\":2,\"name\":\"Leter du etter internasjonale lotto resultater?\",\"item\":\"https:\/\/onlinelotto365.com\/no\/vinnende-lotteritall\/\"},{\"@type\":\"ListItem\",\"position\":3,\"name\":\"Se de tyske Lotto-vinnertallene her\"}]},{\"@type\":\"WebSite\",\"@id\":\"https:\/\/onlinelotto365.com\/no\/#website\",\"url\":\"https:\/\/onlinelotto365.com\/no\/\",\"name\":\"OnlineLotto365\",\"description\":\"\",\"potentialAction\":[{\"@type\":\"SearchAction\",\"target\":{\"@type\":\"EntryPoint\",\"urlTemplate\":\"https:\/\/onlinelotto365.com\/no\/?s={search_term_string}\"},\"query-input\":{\"@type\":\"PropertyValueSpecification\",\"valueRequired\":true,\"valueName\":\"search_term_string\"}}],\"inLanguage\":\"nb-NO\"}]}<\/script>\n<!-- \/ Yoast SEO plugin. -->","yoast_head_json":{"title":"Vinnende tall Tysk Lotto | Trekningsresultater og vinnende bel\u00f8p for den tyske Lotto","description":"Hvis du vil finne vinnertallene for det tyske lotteriet 6aus49, se her!","robots":{"index":"index","follow":"follow","max-snippet":"max-snippet:-1","max-image-preview":"max-image-preview:large","max-video-preview":"max-video-preview:-1"},"canonical":"https:\/\/onlinelotto365.com\/no\/vinnende-lotteritall\/se-de-tyske-lotto-vinnertallene-her\/","og_locale":"nb_NO","og_type":"article","og_title":"Vinnende tall Tysk Lotto | Trekningsresultater og vinnende bel\u00f8p for den tyske Lotto","og_description":"Hvis du vil finne vinnertallene for det tyske lotteriet 6aus49, se her!","og_url":"https:\/\/onlinelotto365.com\/no\/vinnende-lotteritall\/se-de-tyske-lotto-vinnertallene-her\/","og_site_name":"OnlineLotto365","og_image":[{"url":"https:\/\/redfoxlotto.com\/image?size=8&amp;lottery=lotto-6aus49"}],"twitter_card":"summary_large_image","twitter_misc":{"Ansl. lesetid":"3 minutter"},"schema":{"@context":"https:\/\/schema.org","@graph":[{"@type":"WebPage","@id":"https:\/\/onlinelotto365.com\/no\/vinnende-lotteritall\/se-de-tyske-lotto-vinnertallene-her\/","url":"https:\/\/onlinelotto365.com\/no\/vinnende-lotteritall\/se-de-tyske-lotto-vinnertallene-her\/","name":"Vinnende tall Tysk Lotto | Trekningsresultater og vinnende bel\u00f8p for den tyske Lotto","isPartOf":{"@id":"https:\/\/onlinelotto365.com\/no\/#website"},"primaryImageOfPage":{"@id":"https:\/\/onlinelotto365.com\/no\/vinnende-lotteritall\/se-de-tyske-lotto-vinnertallene-her\/#primaryimage"},"image":{"@id":"https:\/\/onlinelotto365.com\/no\/vinnende-lotteritall\/se-de-tyske-lotto-vinnertallene-her\/#primaryimage"},"thumbnailUrl":"https:\/\/redfoxlotto.com\/image?size=8&amp;lottery=lotto-6aus49","datePublished":"2023-09-28T21:05:09+00:00","dateModified":"2023-09-28T21:05:09+00:00","description":"Hvis du vil finne vinnertallene for det tyske lotteriet 6aus49, se her!","breadcrumb":{"@id":"https:\/\/onlinelotto365.com\/no\/vinnende-lotteritall\/se-de-tyske-lotto-vinnertallene-her\/#breadcrumb"},"inLanguage":"nb-NO","potentialAction":[{"@type":"ReadAction","target":["https:\/\/onlinelotto365.com\/no\/vinnende-lotteritall\/se-de-tyske-lotto-vinnertallene-her\/"]}]},{"@type":"ImageObject","inLanguage":"nb-NO","@id":"https:\/\/onlinelotto365.com\/no\/vinnende-lotteritall\/se-de-tyske-lotto-vinnertallene-her\/#primaryimage","url":"https:\/\/redfoxlotto.com\/image?size=8&amp;lottery=lotto-6aus49","contentUrl":"https:\/\/redfoxlotto.com\/image?size=8&amp;lottery=lotto-6aus49"},{"@type":"BreadcrumbList","@id":"https:\/\/onlinelotto365.com\/no\/vinnende-lotteritall\/se-de-tyske-lotto-vinnertallene-her\/#breadcrumb","itemListElement":[{"@type":"ListItem","position":1,"name":"Home","item":"https:\/\/onlinelotto365.com\/no\/"},{"@type":"ListItem","position":2,"name":"Leter du etter internasjonale lotto resultater?","item":"https:\/\/onlinelotto365.com\/no\/vinnende-lotteritall\/"},{"@type":"ListItem","position":3,"name":"Se de tyske Lotto-vinnertallene her"}]},{"@type":"WebSite","@id":"https:\/\/onlinelotto365.com\/no\/#website","url":"https:\/\/onlinelotto365.com\/no\/","name":"OnlineLotto365","description":"","potentialAction":[{"@type":"SearchAction","target":{"@type":"EntryPoint","urlTemplate":"https:\/\/onlinelotto365.com\/no\/?s={search_term_string}"},"query-input":{"@type":"PropertyValueSpecification","valueRequired":true,"valueName":"search_term_string"}}],"inLanguage":"nb-NO"}]}},"_links":{"self":[{"href":"https:\/\/onlinelotto365.com\/no\/wp-json\/wp\/v2\/pages\/84285","targetHints":{"allow":["GET"]}}],"collection":[{"href":"https:\/\/onlinelotto365.com\/no\/wp-json\/wp\/v2\/pages"}],"about":[{"href":"https:\/\/onlinelotto365.com\/no\/wp-json\/wp\/v2\/types\/page"}],"author":[{"embeddable":true,"href":"https:\/\/onlinelotto365.com\/no\/wp-json\/wp\/v2\/users\/1"}],"replies":[{"embeddable":true,"href":"https:\/\/onlinelotto365.com\/no\/wp-json\/wp\/v2\/comments?post=84285"}],"version-history":[{"count":0,"href":"https:\/\/onlinelotto365.com\/no\/wp-json\/wp\/v2\/pages\/84285\/revisions"}],"up":[{"embeddable":true,"href":"https:\/\/onlinelotto365.com\/no\/wp-json\/wp\/v2\/pages\/5856"}],"wp:attachment":[{"href":"https:\/\/onlinelotto365.com\/no\/wp-json\/wp\/v2\/media?parent=84285"}],"curies":[{"name":"wp","href":"https:\/\/api.w.org\/{rel}","templated":true}]}}