{"id":84340,"date":"2023-10-02T18:44:50","date_gmt":"2023-10-02T17:44:50","guid":{"rendered":"https:\/\/onlinelotto365.com\/vinnende-lotteritall\/resultater-fra-det-britiske-lotteriet"},"modified":"2023-10-02T18:44:50","modified_gmt":"2023-10-02T17:44:50","slug":"resultater-fra-det-britiske-lotteriet","status":"publish","type":"page","link":"https:\/\/onlinelotto365.com\/no\/vinnende-lotteritall\/resultater-fra-det-britiske-lotteriet\/","title":{"rendered":"Resultater fra det britiske lotteriet"},"content":{"rendered":"<p>Det finnes mange forskjellige internasjonale spill der ute, og vi tilbyr mange av dem. Det kan bety at det kan v\u00e6re vanskelig \u00e5 finne resultatene etter trekningen. Noen \u00f8nsker \u00e5 se i avisen, men det er ikke sikkert at lokalavisen din har resultatene fra UK Lottery. P\u00e5 den annen side kan det hende at TV-stasjoner heller ikke har disse resultatene, eller det kan ta tid \u00e5 finne riktig kanal som har det.<\/p>\n<p>Et annet alternativ er \u00e5 se p\u00e5 den offisielle nettsiden til UK Lottery, som kan ha en live stream av trekningsprosessen. Men det er ikke alle lotterispill som tilbyr denne typen direktesendinger, og selv n\u00e5r de gj\u00f8r det, m\u00e5 du v\u00e6re der til rett tid. S\u00e5, hvilken m\u00e5te kan du bruke for \u00e5 finne resultatene av UK Lottery?<img decoding=\"async\" class=\"aligncenter\" src=\"https:\/\/redfoxlotto.com\/image?size=8&amp;lottery=lotto-uk\" alt=\"britisk lotteri\" \/><br \/>\nEt annet alternativ er \u00e5 sjekke YouTube for den siste UK Lottery-trekningen hvis den allerede er over. Noen ganger vil folk laste opp opptaket eller legge ut vinnertallene p\u00e5 en eller annen m\u00e5te.<\/p>\n<p>Den enkleste metoden for deg \u00e5 f\u00e5 vinnertallene er imidlertid \u00e5 sjekke ut nettstedet v\u00e5rt. V\u00e5r side med lotteriresultater viser deg resultatene og premiene for UK Lottery samt alle andre lotterispill som vi har tilgjengelig.<\/p>\n<h2>Slik finner du ut om nettloddet ditt har vunnet<\/h2>\n<p><img loading=\"lazy\" decoding=\"async\" class=\"alignright wp-image-3550\" src=\"https:\/\/onlinelotto365.com\/wp-content\/uploads\/2020\/11\/online_lottery-108-300x232.jpg\" alt=\"britiske lotteriresultater\n\" width=\"146\" height=\"113\" srcset=\"https:\/\/onlinelotto365.com\/wp-content\/uploads\/2020\/11\/online_lottery-108-300x232.jpg 300w, https:\/\/onlinelotto365.com\/wp-content\/uploads\/2020\/11\/online_lottery-108.jpg 320w\" sizes=\"auto, (max-width: 146px) 100vw, 146px\" \/><br \/>\nDet som er enda bedre for deg, er at du kan sjekke kontosiden din hvis du allerede har kj\u00f8pt lodd. P\u00e5 kontosiden din viser vi deg vinnertallene for alle loddene du har, og sammenligner dem med ditt eget lodd. Vi markerer til og med de tallene som stemmer overens.<br \/>\nOg hvis du vinner mindre enn 2 500 euro, trenger du ikke \u00e5 gj\u00f8re noe, for pengene blir allerede satt direkte inn p\u00e5 spillerkontoen din s\u00e5 snart resultatene er bekreftet. Det gj\u00f8r det enklere for deg \u00e5 kj\u00f8pe flere lodd til neste trekning.<\/p>\n<h2>UK Lottery resultatarkiv<\/h2>\n<p>Hver av sidene p\u00e5 nettstedet v\u00e5rt som viser deg n\u00e5v\u00e6rende vinnertall, vil ogs\u00e5 vise deg de gamle UK Lottery-resultatene. Du vil kunne sjekke tidligere tegninger for gamle billetter eller for \u00e5 finne ut hvilke tall du vil spille neste gang. Tross alt er det mange som liker \u00e5 sjekke de gamle tallene for \u00e5 velge sine.<\/p>\n<h2>Kupongen min har vunnet, hva skjer videre?<\/h2>\n<p>Hvis du har en vinnerkupong og har rett til mindre enn 2 500 euro, trenger du ikke \u00e5 gj\u00f8re noe som helst. Vi tar oss av alt for deg og s\u00f8rger for at du f\u00e5r gevinsten direkte inn p\u00e5 kontoen din. Hvis du vil bruke pengene, kan du bruke dem til \u00e5 kj\u00f8pe enda flere billetter. Hvis ikke, kan du ta ut pengene s\u00e5 lenge du har minst 100 kr tilgjengelig. Pengene m\u00e5 tas ut med en betalingsmetode som allerede er brukt p\u00e5 nettstedet v\u00e5rt, og det kan hende du m\u00e5 bekrefte identiteten din for \u00e5 overholde f\u00f8derale regler.<\/p>\n","protected":false},"excerpt":{"rendered":"<p>Det finnes mange forskjellige internasjonale spill der ute, og vi tilbyr mange av dem. Det kan bety at det kan v\u00e6re vanskelig \u00e5 finne resultatene etter trekningen. Noen \u00f8nsker \u00e5 se i avisen, men det er ikke sikkert at lokalavisen din har resultatene fra UK Lottery. P\u00e5 den annen side kan det hende at TV-stasjoner [&hellip;]<\/p>\n","protected":false},"author":1,"featured_media":0,"parent":5856,"menu_order":9,"comment_status":"closed","ping_status":"closed","template":"lotto-uk-results.php","meta":{"_et_pb_use_builder":"","_et_pb_old_content":"","_et_gb_content_width":"","exclude_from_search":false,"footnotes":""},"class_list":["post-84340","page","type-page","status-publish","hentry"],"yoast_head":"<!-- This site is optimized with the Yoast SEO plugin v23.4 - https:\/\/yoast.com\/wordpress\/plugins\/seo\/ -->\n<title>Resultater, vinnertall for UK Lottery<\/title>\n<meta name=\"description\" content=\"Rett etter trekningen, se resultatene og tallene for det britiske lotteriet her\" \/>\n<meta name=\"robots\" content=\"index, follow, max-snippet:-1, max-image-preview:large, max-video-preview:-1\" \/>\n<link rel=\"canonical\" href=\"https:\/\/onlinelotto365.com\/no\/vinnende-lotteritall\/resultater-fra-det-britiske-lotteriet\/\" \/>\n<meta property=\"og:locale\" content=\"nb_NO\" \/>\n<meta property=\"og:type\" content=\"article\" \/>\n<meta property=\"og:title\" content=\"Resultater, vinnertall for UK Lottery\" \/>\n<meta property=\"og:description\" content=\"Rett etter trekningen, se resultatene og tallene for det britiske lotteriet her\" \/>\n<meta property=\"og:url\" content=\"https:\/\/onlinelotto365.com\/no\/vinnende-lotteritall\/resultater-fra-det-britiske-lotteriet\/\" \/>\n<meta property=\"og:site_name\" content=\"OnlineLotto365\" \/>\n<meta property=\"og:image\" content=\"https:\/\/redfoxlotto.com\/image?size=8&amp;lottery=lotto-uk\" \/>\n<meta name=\"twitter:card\" content=\"summary_large_image\" \/>\n<meta name=\"twitter:label1\" content=\"Ansl. lesetid\" \/>\n\t<meta name=\"twitter:data1\" content=\"2 minutter\" \/>\n<script type=\"application\/ld+json\" class=\"yoast-schema-graph\">{\"@context\":\"https:\/\/schema.org\",\"@graph\":[{\"@type\":\"WebPage\",\"@id\":\"https:\/\/onlinelotto365.com\/no\/vinnende-lotteritall\/resultater-fra-det-britiske-lotteriet\/\",\"url\":\"https:\/\/onlinelotto365.com\/no\/vinnende-lotteritall\/resultater-fra-det-britiske-lotteriet\/\",\"name\":\"Resultater, vinnertall for UK Lottery\",\"isPartOf\":{\"@id\":\"https:\/\/onlinelotto365.com\/no\/#website\"},\"primaryImageOfPage\":{\"@id\":\"https:\/\/onlinelotto365.com\/no\/vinnende-lotteritall\/resultater-fra-det-britiske-lotteriet\/#primaryimage\"},\"image\":{\"@id\":\"https:\/\/onlinelotto365.com\/no\/vinnende-lotteritall\/resultater-fra-det-britiske-lotteriet\/#primaryimage\"},\"thumbnailUrl\":\"https:\/\/redfoxlotto.com\/image?size=8&amp;lottery=lotto-uk\",\"datePublished\":\"2023-10-02T17:44:50+00:00\",\"dateModified\":\"2023-10-02T17:44:50+00:00\",\"description\":\"Rett etter trekningen, se resultatene og tallene for det britiske lotteriet her\",\"breadcrumb\":{\"@id\":\"https:\/\/onlinelotto365.com\/no\/vinnende-lotteritall\/resultater-fra-det-britiske-lotteriet\/#breadcrumb\"},\"inLanguage\":\"nb-NO\",\"potentialAction\":[{\"@type\":\"ReadAction\",\"target\":[\"https:\/\/onlinelotto365.com\/no\/vinnende-lotteritall\/resultater-fra-det-britiske-lotteriet\/\"]}]},{\"@type\":\"ImageObject\",\"inLanguage\":\"nb-NO\",\"@id\":\"https:\/\/onlinelotto365.com\/no\/vinnende-lotteritall\/resultater-fra-det-britiske-lotteriet\/#primaryimage\",\"url\":\"https:\/\/redfoxlotto.com\/image?size=8&amp;lottery=lotto-uk\",\"contentUrl\":\"https:\/\/redfoxlotto.com\/image?size=8&amp;lottery=lotto-uk\"},{\"@type\":\"BreadcrumbList\",\"@id\":\"https:\/\/onlinelotto365.com\/no\/vinnende-lotteritall\/resultater-fra-det-britiske-lotteriet\/#breadcrumb\",\"itemListElement\":[{\"@type\":\"ListItem\",\"position\":1,\"name\":\"Home\",\"item\":\"https:\/\/onlinelotto365.com\/no\/\"},{\"@type\":\"ListItem\",\"position\":2,\"name\":\"Leter du etter internasjonale lotto resultater?\",\"item\":\"https:\/\/onlinelotto365.com\/no\/vinnende-lotteritall\/\"},{\"@type\":\"ListItem\",\"position\":3,\"name\":\"Resultater fra det britiske lotteriet\"}]},{\"@type\":\"WebSite\",\"@id\":\"https:\/\/onlinelotto365.com\/no\/#website\",\"url\":\"https:\/\/onlinelotto365.com\/no\/\",\"name\":\"OnlineLotto365\",\"description\":\"\",\"potentialAction\":[{\"@type\":\"SearchAction\",\"target\":{\"@type\":\"EntryPoint\",\"urlTemplate\":\"https:\/\/onlinelotto365.com\/no\/?s={search_term_string}\"},\"query-input\":{\"@type\":\"PropertyValueSpecification\",\"valueRequired\":true,\"valueName\":\"search_term_string\"}}],\"inLanguage\":\"nb-NO\"}]}<\/script>\n<!-- \/ Yoast SEO plugin. -->","yoast_head_json":{"title":"Resultater, vinnertall for UK Lottery","description":"Rett etter trekningen, se resultatene og tallene for det britiske lotteriet her","robots":{"index":"index","follow":"follow","max-snippet":"max-snippet:-1","max-image-preview":"max-image-preview:large","max-video-preview":"max-video-preview:-1"},"canonical":"https:\/\/onlinelotto365.com\/no\/vinnende-lotteritall\/resultater-fra-det-britiske-lotteriet\/","og_locale":"nb_NO","og_type":"article","og_title":"Resultater, vinnertall for UK Lottery","og_description":"Rett etter trekningen, se resultatene og tallene for det britiske lotteriet her","og_url":"https:\/\/onlinelotto365.com\/no\/vinnende-lotteritall\/resultater-fra-det-britiske-lotteriet\/","og_site_name":"OnlineLotto365","og_image":[{"url":"https:\/\/redfoxlotto.com\/image?size=8&amp;lottery=lotto-uk"}],"twitter_card":"summary_large_image","twitter_misc":{"Ansl. lesetid":"2 minutter"},"schema":{"@context":"https:\/\/schema.org","@graph":[{"@type":"WebPage","@id":"https:\/\/onlinelotto365.com\/no\/vinnende-lotteritall\/resultater-fra-det-britiske-lotteriet\/","url":"https:\/\/onlinelotto365.com\/no\/vinnende-lotteritall\/resultater-fra-det-britiske-lotteriet\/","name":"Resultater, vinnertall for UK Lottery","isPartOf":{"@id":"https:\/\/onlinelotto365.com\/no\/#website"},"primaryImageOfPage":{"@id":"https:\/\/onlinelotto365.com\/no\/vinnende-lotteritall\/resultater-fra-det-britiske-lotteriet\/#primaryimage"},"image":{"@id":"https:\/\/onlinelotto365.com\/no\/vinnende-lotteritall\/resultater-fra-det-britiske-lotteriet\/#primaryimage"},"thumbnailUrl":"https:\/\/redfoxlotto.com\/image?size=8&amp;lottery=lotto-uk","datePublished":"2023-10-02T17:44:50+00:00","dateModified":"2023-10-02T17:44:50+00:00","description":"Rett etter trekningen, se resultatene og tallene for det britiske lotteriet her","breadcrumb":{"@id":"https:\/\/onlinelotto365.com\/no\/vinnende-lotteritall\/resultater-fra-det-britiske-lotteriet\/#breadcrumb"},"inLanguage":"nb-NO","potentialAction":[{"@type":"ReadAction","target":["https:\/\/onlinelotto365.com\/no\/vinnende-lotteritall\/resultater-fra-det-britiske-lotteriet\/"]}]},{"@type":"ImageObject","inLanguage":"nb-NO","@id":"https:\/\/onlinelotto365.com\/no\/vinnende-lotteritall\/resultater-fra-det-britiske-lotteriet\/#primaryimage","url":"https:\/\/redfoxlotto.com\/image?size=8&amp;lottery=lotto-uk","contentUrl":"https:\/\/redfoxlotto.com\/image?size=8&amp;lottery=lotto-uk"},{"@type":"BreadcrumbList","@id":"https:\/\/onlinelotto365.com\/no\/vinnende-lotteritall\/resultater-fra-det-britiske-lotteriet\/#breadcrumb","itemListElement":[{"@type":"ListItem","position":1,"name":"Home","item":"https:\/\/onlinelotto365.com\/no\/"},{"@type":"ListItem","position":2,"name":"Leter du etter internasjonale lotto resultater?","item":"https:\/\/onlinelotto365.com\/no\/vinnende-lotteritall\/"},{"@type":"ListItem","position":3,"name":"Resultater fra det britiske lotteriet"}]},{"@type":"WebSite","@id":"https:\/\/onlinelotto365.com\/no\/#website","url":"https:\/\/onlinelotto365.com\/no\/","name":"OnlineLotto365","description":"","potentialAction":[{"@type":"SearchAction","target":{"@type":"EntryPoint","urlTemplate":"https:\/\/onlinelotto365.com\/no\/?s={search_term_string}"},"query-input":{"@type":"PropertyValueSpecification","valueRequired":true,"valueName":"search_term_string"}}],"inLanguage":"nb-NO"}]}},"_links":{"self":[{"href":"https:\/\/onlinelotto365.com\/no\/wp-json\/wp\/v2\/pages\/84340","targetHints":{"allow":["GET"]}}],"collection":[{"href":"https:\/\/onlinelotto365.com\/no\/wp-json\/wp\/v2\/pages"}],"about":[{"href":"https:\/\/onlinelotto365.com\/no\/wp-json\/wp\/v2\/types\/page"}],"author":[{"embeddable":true,"href":"https:\/\/onlinelotto365.com\/no\/wp-json\/wp\/v2\/users\/1"}],"replies":[{"embeddable":true,"href":"https:\/\/onlinelotto365.com\/no\/wp-json\/wp\/v2\/comments?post=84340"}],"version-history":[{"count":0,"href":"https:\/\/onlinelotto365.com\/no\/wp-json\/wp\/v2\/pages\/84340\/revisions"}],"up":[{"embeddable":true,"href":"https:\/\/onlinelotto365.com\/no\/wp-json\/wp\/v2\/pages\/5856"}],"wp:attachment":[{"href":"https:\/\/onlinelotto365.com\/no\/wp-json\/wp\/v2\/media?parent=84340"}],"curies":[{"name":"wp","href":"https:\/\/api.w.org\/{rel}","templated":true}]}}