{"id":84447,"date":"2023-10-03T13:07:33","date_gmt":"2023-10-03T12:07:33","guid":{"rendered":"https:\/\/onlinelotto365.com\/ofte-stilte-sporsmal"},"modified":"2023-10-03T13:07:33","modified_gmt":"2023-10-03T12:07:33","slug":"ofte-stilte-sporsmal","status":"publish","type":"page","link":"https:\/\/onlinelotto365.com\/no\/ofte-stilte-sporsmal\/","title":{"rendered":"OFTE STILTE SP\u00d8RSM\u00c5L"},"content":{"rendered":"<h1>Vanlige sp\u00f8rsm\u00e5l om nettlotteriet<\/h1>\n<p>Her finner du svarene p\u00e5 de vanligste sp\u00f8rsm\u00e5lene om hvordan nettlotteritjenesten fungerer.<\/p>\n<p>Hvordan f\u00e5r jeg tak i loddene mine?<\/p>\n<p>En av v\u00e5re agenter p\u00e5 stedet kj\u00f8per loddet i ditt navn og p\u00e5 dine vegne. Deretter blir loddet skannet og lastet opp til kundekontoen din. Vi sender deg en e-post n\u00e5r du vinner, og tjenesten v\u00e5r inkluderer at du f\u00e5r gevinsten din (se nedenfor for mer informasjon). du vinner ogs\u00e5.<\/p>\n<p>Hva er fordelene med \u00e5 spille internasjonale lotterier p\u00e5 nettet gjennom oss?<\/p>\n<ul>\n<li>du kan velge mellom mange lotterier, og det er alltid en stor jackpot i vente<\/li>\n<li>du f\u00e5r en ekte kupong<\/li>\n<li>du kan spille uansett hvor du befinner deg<\/li>\n<li>du kan enkelt betale p\u00e5 nettet, vi har en rekke alternativer, inkludert kredittkort<\/li>\n<li>mindre gevinster p\u00e5 opptil 2 500 euro krediteres spillerkontoen din umiddelbart.<\/li>\n<li>for gevinster p\u00e5 mer enn 2 500 euro h\u00e5ndterer vi utbetalingen direkte fra lotteriet, helt gratis<\/li>\n<\/ul>\n<p>Hvem kan spille i lotteriene?<\/p>\n<p>Alle kan spille &#8211; men du m\u00e5 v\u00e6re eldre enn 18 \u00e5r for \u00e5 spille i lotteriet.<\/p>\n<p>Kan jeg spille p\u00e5 et lotteri fra et annet land?<\/p>\n<p>Ja, det kan du. Uansett hvilket land du bor i, kan du delta i alle lotterier som vises p\u00e5 nettsiden v\u00e5r.<\/p>\n<p>Kan jeg velge lottotallene mine selv?<\/p>\n<p>Ja, du kan velge tall manuelt, eller du kan bruke funksjonen &laquo;Hurtigvalg&raquo; og generere tilfeldige tall.<\/p>\n<p>Hvordan f\u00e5r jeg loddet mitt?<\/p>\n<p>Etter vellykket betaling f\u00e5r du en e-post med bekreftelse p\u00e5 kj\u00f8pet. Tallene du valgte vil v\u00e6re synlige p\u00e5 kontoen din. Det er klart at prosessen med \u00e5 kj\u00f8pe og skanne tar litt tid, men 2 eller 3 timer senere vil du kunne finne den skannede kupongen etter at du har logget inn p\u00e5 kontoen din.<\/p>\n<p>Hvordan kan jeg betale for lottokupongene mine?<\/p>\n<p>Vi har forskjellige betalingsalternativer for deg, inkludert betaling med kredittkort, \u00f8yeblikkelig bankoverf\u00f8ring, forskjellige kryptovalutaer og mer.<br \/>\nDu kan ogs\u00e5 sette inn penger p\u00e5 spillerkontoen din f\u00f8rst, og deretter bruke den nye saldoen til \u00e5 kj\u00f8pe lodd n\u00e5r som helst. \u00c5 ha en saldo gj\u00f8r betalingsprosessen mye raskere!<\/p>\n<p>Tar dere provisjon hvis jeg vinner?<\/p>\n<p>Nei, det gj\u00f8r vi ikke. Alle gevinstene dine blir utbetalt i sin helhet, uten gebyrer, bortsett fra bankoverf\u00f8ringsgebyrer i noen tilfeller.<\/p>\n<p>Hvordan finner jeg ut om jeg har vunnet?<\/p>\n<p>F\u00f8rst sender vi deg en e-post med informasjon om at du har vunnet. Du kan ogs\u00e5 alltid logge deg inn p\u00e5 kontoen din og sjekke statusen til loddene dine under &laquo;Mine lodd&raquo;. Oppdateringer med vinnertallene for alle lotterier finner du p\u00e5 nettsiden v\u00e5r.<\/p>\n<p>Hvordan f\u00e5r jeg betalt hvis jeg vinner?<\/p>\n<p>Hvis du vinner en premie p\u00e5 opptil 2 500 euro, blir den umiddelbart kreditert spillerkontoen din. For h\u00f8yere gevinster sender vi deg et kravskjema p\u00e5 e-post. Du m\u00e5 identifisere deg selv og oppgi noen grunnleggende opplysninger, for eksempel hvordan du \u00f8nsker \u00e5 f\u00e5 utbetalt gevinsten. Deretter sender vi kravet ditt til lotteriselskapet. Lotteriselskapet betaler deg deretter direkte.<br \/>\nHvis du foretrekker det, kan du ogs\u00e5 hente kupongen p\u00e5 et av agentkontorene v\u00e5re og levere den til lotteriselskapet personlig.<\/p>\n<p>Er tjenesten deres virkelig lovlig?<\/p>\n<p>Ja, absolutt. Det er som \u00e5 v\u00e6re p\u00e5 ferie i lotteriets land, og du kj\u00f8per en kupong selv. Hvis loddet vinner, har du samme krav p\u00e5 gevinsten som alle andre.<\/p>\n<p>Hvordan vet jeg at et lodd er kj\u00f8pt p\u00e5 mine vegne?<\/p>\n<p>N\u00e5r du har betalt for loddet ditt, vil du f\u00f8rst motta en betalingsbekreftelse. Litt senere vil du kunne se at loddet ditt er skannet i kundeomr\u00e5det p\u00e5 nettsiden v\u00e5r.<\/p>\n","protected":false},"excerpt":{"rendered":"<p>Vanlige sp\u00f8rsm\u00e5l om nettlotteriet Her finner du svarene p\u00e5 de vanligste sp\u00f8rsm\u00e5lene om hvordan nettlotteritjenesten fungerer. Hvordan f\u00e5r jeg tak i loddene mine? En av v\u00e5re agenter p\u00e5 stedet kj\u00f8per loddet i ditt navn og p\u00e5 dine vegne. Deretter blir loddet skannet og lastet opp til kundekontoen din. Vi sender deg en e-post n\u00e5r du [&hellip;]<\/p>\n","protected":false},"author":1,"featured_media":0,"parent":0,"menu_order":50,"comment_status":"closed","ping_status":"closed","template":"","meta":{"_et_pb_use_builder":"","_et_pb_old_content":"","_et_gb_content_width":"","exclude_from_search":false,"footnotes":""},"class_list":["post-84447","page","type-page","status-publish","hentry"],"yoast_head":"<!-- This site is optimized with the Yoast SEO plugin v23.4 - https:\/\/yoast.com\/wordpress\/plugins\/seo\/ -->\n<title>Svar p\u00e5 de vanligste sp\u00f8rsm\u00e5lene om v\u00e5r online lotteritjeneste<\/title>\n<meta name=\"description\" content=\"Vil du vite mer om hvordan v\u00e5r online loddformidlingstjeneste fungerer? Her finner du svar p\u00e5 de vanligste sp\u00f8rsm\u00e5lene\" \/>\n<meta name=\"robots\" content=\"index, follow, max-snippet:-1, max-image-preview:large, max-video-preview:-1\" \/>\n<link rel=\"canonical\" href=\"https:\/\/onlinelotto365.com\/no\/ofte-stilte-sporsmal\/\" \/>\n<meta property=\"og:locale\" content=\"nb_NO\" \/>\n<meta property=\"og:type\" content=\"article\" \/>\n<meta property=\"og:title\" content=\"Svar p\u00e5 de vanligste sp\u00f8rsm\u00e5lene om v\u00e5r online lotteritjeneste\" \/>\n<meta property=\"og:description\" content=\"Vil du vite mer om hvordan v\u00e5r online loddformidlingstjeneste fungerer? Her finner du svar p\u00e5 de vanligste sp\u00f8rsm\u00e5lene\" \/>\n<meta property=\"og:url\" content=\"https:\/\/onlinelotto365.com\/no\/ofte-stilte-sporsmal\/\" \/>\n<meta property=\"og:site_name\" content=\"OnlineLotto365\" \/>\n<meta name=\"twitter:card\" content=\"summary_large_image\" \/>\n<meta name=\"twitter:label1\" content=\"Ansl. lesetid\" \/>\n\t<meta name=\"twitter:data1\" content=\"3 minutter\" \/>\n<script type=\"application\/ld+json\" class=\"yoast-schema-graph\">{\"@context\":\"https:\/\/schema.org\",\"@graph\":[{\"@type\":\"WebPage\",\"@id\":\"https:\/\/onlinelotto365.com\/no\/ofte-stilte-sporsmal\/\",\"url\":\"https:\/\/onlinelotto365.com\/no\/ofte-stilte-sporsmal\/\",\"name\":\"Svar p\u00e5 de vanligste sp\u00f8rsm\u00e5lene om v\u00e5r online lotteritjeneste\",\"isPartOf\":{\"@id\":\"https:\/\/onlinelotto365.com\/no\/#website\"},\"datePublished\":\"2023-10-03T12:07:33+00:00\",\"dateModified\":\"2023-10-03T12:07:33+00:00\",\"description\":\"Vil du vite mer om hvordan v\u00e5r online loddformidlingstjeneste fungerer? Her finner du svar p\u00e5 de vanligste sp\u00f8rsm\u00e5lene\",\"breadcrumb\":{\"@id\":\"https:\/\/onlinelotto365.com\/no\/ofte-stilte-sporsmal\/#breadcrumb\"},\"inLanguage\":\"nb-NO\",\"potentialAction\":[{\"@type\":\"ReadAction\",\"target\":[\"https:\/\/onlinelotto365.com\/no\/ofte-stilte-sporsmal\/\"]}]},{\"@type\":\"BreadcrumbList\",\"@id\":\"https:\/\/onlinelotto365.com\/no\/ofte-stilte-sporsmal\/#breadcrumb\",\"itemListElement\":[{\"@type\":\"ListItem\",\"position\":1,\"name\":\"Home\",\"item\":\"https:\/\/onlinelotto365.com\/no\/\"},{\"@type\":\"ListItem\",\"position\":2,\"name\":\"OFTE STILTE SP\u00d8RSM\u00c5L\"}]},{\"@type\":\"WebSite\",\"@id\":\"https:\/\/onlinelotto365.com\/no\/#website\",\"url\":\"https:\/\/onlinelotto365.com\/no\/\",\"name\":\"OnlineLotto365\",\"description\":\"\",\"potentialAction\":[{\"@type\":\"SearchAction\",\"target\":{\"@type\":\"EntryPoint\",\"urlTemplate\":\"https:\/\/onlinelotto365.com\/no\/?s={search_term_string}\"},\"query-input\":{\"@type\":\"PropertyValueSpecification\",\"valueRequired\":true,\"valueName\":\"search_term_string\"}}],\"inLanguage\":\"nb-NO\"}]}<\/script>\n<!-- \/ Yoast SEO plugin. -->","yoast_head_json":{"title":"Svar p\u00e5 de vanligste sp\u00f8rsm\u00e5lene om v\u00e5r online lotteritjeneste","description":"Vil du vite mer om hvordan v\u00e5r online loddformidlingstjeneste fungerer? Her finner du svar p\u00e5 de vanligste sp\u00f8rsm\u00e5lene","robots":{"index":"index","follow":"follow","max-snippet":"max-snippet:-1","max-image-preview":"max-image-preview:large","max-video-preview":"max-video-preview:-1"},"canonical":"https:\/\/onlinelotto365.com\/no\/ofte-stilte-sporsmal\/","og_locale":"nb_NO","og_type":"article","og_title":"Svar p\u00e5 de vanligste sp\u00f8rsm\u00e5lene om v\u00e5r online lotteritjeneste","og_description":"Vil du vite mer om hvordan v\u00e5r online loddformidlingstjeneste fungerer? Her finner du svar p\u00e5 de vanligste sp\u00f8rsm\u00e5lene","og_url":"https:\/\/onlinelotto365.com\/no\/ofte-stilte-sporsmal\/","og_site_name":"OnlineLotto365","twitter_card":"summary_large_image","twitter_misc":{"Ansl. lesetid":"3 minutter"},"schema":{"@context":"https:\/\/schema.org","@graph":[{"@type":"WebPage","@id":"https:\/\/onlinelotto365.com\/no\/ofte-stilte-sporsmal\/","url":"https:\/\/onlinelotto365.com\/no\/ofte-stilte-sporsmal\/","name":"Svar p\u00e5 de vanligste sp\u00f8rsm\u00e5lene om v\u00e5r online lotteritjeneste","isPartOf":{"@id":"https:\/\/onlinelotto365.com\/no\/#website"},"datePublished":"2023-10-03T12:07:33+00:00","dateModified":"2023-10-03T12:07:33+00:00","description":"Vil du vite mer om hvordan v\u00e5r online loddformidlingstjeneste fungerer? Her finner du svar p\u00e5 de vanligste sp\u00f8rsm\u00e5lene","breadcrumb":{"@id":"https:\/\/onlinelotto365.com\/no\/ofte-stilte-sporsmal\/#breadcrumb"},"inLanguage":"nb-NO","potentialAction":[{"@type":"ReadAction","target":["https:\/\/onlinelotto365.com\/no\/ofte-stilte-sporsmal\/"]}]},{"@type":"BreadcrumbList","@id":"https:\/\/onlinelotto365.com\/no\/ofte-stilte-sporsmal\/#breadcrumb","itemListElement":[{"@type":"ListItem","position":1,"name":"Home","item":"https:\/\/onlinelotto365.com\/no\/"},{"@type":"ListItem","position":2,"name":"OFTE STILTE SP\u00d8RSM\u00c5L"}]},{"@type":"WebSite","@id":"https:\/\/onlinelotto365.com\/no\/#website","url":"https:\/\/onlinelotto365.com\/no\/","name":"OnlineLotto365","description":"","potentialAction":[{"@type":"SearchAction","target":{"@type":"EntryPoint","urlTemplate":"https:\/\/onlinelotto365.com\/no\/?s={search_term_string}"},"query-input":{"@type":"PropertyValueSpecification","valueRequired":true,"valueName":"search_term_string"}}],"inLanguage":"nb-NO"}]}},"_links":{"self":[{"href":"https:\/\/onlinelotto365.com\/no\/wp-json\/wp\/v2\/pages\/84447","targetHints":{"allow":["GET"]}}],"collection":[{"href":"https:\/\/onlinelotto365.com\/no\/wp-json\/wp\/v2\/pages"}],"about":[{"href":"https:\/\/onlinelotto365.com\/no\/wp-json\/wp\/v2\/types\/page"}],"author":[{"embeddable":true,"href":"https:\/\/onlinelotto365.com\/no\/wp-json\/wp\/v2\/users\/1"}],"replies":[{"embeddable":true,"href":"https:\/\/onlinelotto365.com\/no\/wp-json\/wp\/v2\/comments?post=84447"}],"version-history":[{"count":0,"href":"https:\/\/onlinelotto365.com\/no\/wp-json\/wp\/v2\/pages\/84447\/revisions"}],"wp:attachment":[{"href":"https:\/\/onlinelotto365.com\/no\/wp-json\/wp\/v2\/media?parent=84447"}],"curies":[{"name":"wp","href":"https:\/\/api.w.org\/{rel}","templated":true}]}}