{"id":12000,"date":"2020-12-21T11:22:31","date_gmt":"2020-12-21T10:22:31","guid":{"rendered":"http:\/\/onlinelotto365.net\/?page_id=12000"},"modified":"2022-11-08T10:16:31","modified_gmt":"2022-11-08T09:16:31","slug":"powerball","status":"publish","type":"page","link":"https:\/\/onlinelotto365.com\/pl\/zagraj\/powerball\/","title":{"rendered":"Jak mieszka\u0144cy Polski mog\u0105 gra\u0107 w Powerball online?"},"content":{"rendered":"<p>Gra w Powerball online jest w\u0142a\u015bciwie do\u015b\u0107 prosta, nawet je\u015bli jeste\u015b w Polsce. I jest to r\u00f3wnie\u017c ca\u0142kiem wygodne.<\/p>\n<p>Upewnij si\u0119, \u017ce wybra\u0142e\u015b w\u0142a\u015bciw\u0105 loteri\u0119, czyli Powerball. Nast\u0119pnie wybierz swoje liczby. Je\u015bli pr\u00f3bujesz wybra\u0107 zbyt wiele liczb lub nie wybra\u0142e\u015b wystarczaj\u0105co du\u017co, system podpowie Ci, aby\u015b wybra\u0142 mniej lub wi\u0119cej liczb.<\/p>\n<p>Istnieje r\u00f3wnie\u017c metoda, kt\u00f3r\u0105 wielu graczy lubi stosowa\u0107 &#8211; funkcja szybkiego wybierania. Wystarczy, \u017ce klikniesz przycisk szybkiego typowania, a strona wybierze dla Ciebie kilka losowych liczb. Mo\u017cesz nadal r\u0119cznie edytowa\u0107 te numery, je\u015bli nie lubisz ich. Mo\u017cesz te\u017c u\u017cy\u0107 kilku swoich ulubionych numer\u00f3w r\u0119cznie i pozwoli\u0107 generatorowi liczb losowych wybra\u0107 reszt\u0119 dla Ciebie.<\/p>\n<p>Gdy sko\u0144czysz wybiera\u0107 numery dla Powerball, mo\u017cesz wybra\u0107 inn\u0105 loteri\u0119, zagra\u0107 w wi\u0119cej los\u00f3w i doda\u0107 je do swojego zam\u00f3wienia. Gdy sko\u0144czysz, kliknij, aby sprawdzi\u0107 i bezpiecznie zap\u0142aci\u0107 za swoje bilety. W tym czasie, b\u0119dziesz musia\u0142 utworzy\u0107 konto u nas. Oczywi\u015bcie mo\u017cesz tak\u017ce najpierw utworzy\u0107 swoje konto, a nast\u0119pnie rozpocz\u0105\u0107 proces zamawiania los\u00f3w.<\/p>\n<p><a href=\"https:\/\/redfoxlotto.com\/play\/powerball\/?ref=a8564250a2&amp;medium=ol365\" target=\"_blank\" rel=\"noopener noreferrer\"><img loading=\"lazy\" decoding=\"async\" class=\"aligncenter\" src=\"https:\/\/redfoxlotto.com\/image?size=8&amp;lottery=powerball\" alt=\"powerball\" width=\"793\" height=\"98\" \/><\/a><\/p>\n<p>Po utworzeniu konta, Twoja rejestracja na naszej stronie musi zosta\u0107 zweryfikowana. Wy\u015blemy Ci e-mail weryfikacyjny z linkiem, kt\u00f3ry musisz klikn\u0105\u0107, aby zweryfikowa\u0107 sw\u00f3j adres e-mail. Prosz\u0119 pami\u0119ta\u0107 o sprawdzeniu folderu spam. Dobrze by\u0142oby oznaczy\u0107 nasz adres e-mail jako zaufanego nadawc\u0119. To gwarantuje, \u017ce wa\u017cne wiadomo\u015bci, takie jak powiadomienia o wygranych, rzeczywi\u015bcie do Ciebie dotr\u0105. Jest to jedna z zalet gry w Powerball online &#8211; nigdy nie przegapisz wygranej, poniewa\u017c zawsze zostaniesz o niej poinformowany przez nas.<\/p>\n<p>B\u0119dziemy si\u0119 Tob\u0105 opiekowa\u0107 na ka\u017cdym kroku, gdzie wszystko co musisz zrobi\u0107 to za\u0142o\u017cy\u0107 darmowe konto, dokona\u0107 wyboru, wybra\u0107 jedn\u0105 z wielu wygodnych opcji p\u0142atno\u015bci, a my zajmiemy si\u0119 ca\u0142\u0105 reszt\u0105.<br \/>\nTo naprawd\u0119 wprowadzi\u0142o gr\u0119 na loterii w XXI wiek i jest to najwi\u0119ksza rzecz, kt\u00f3ra wydarzy\u0142a si\u0119 na loteriach od czasu, gdy bilety po raz pierwszy trafi\u0142y do sprzeda\u017cy. Je\u015bli nie korzystasz z tego serwisu, to naprawd\u0119 brakuje Ci wspania\u0142ej loteryjnej akcji, kt\u00f3ra czeka na Ciebie.<\/p>\n<h2>O Powerball<\/h2>\n<p><img loading=\"lazy\" decoding=\"async\" class=\"size-medium wp-image-1356 alignright\" src=\"https:\/\/onlinelotto365.com\/wp-content\/uploads\/2020\/11\/online_lottery-117-300x217.jpg\" alt=\"zagraj w powerball online\" width=\"300\" height=\"217\" \/><\/p>\n<ul>\n<li>Kraj: USA<\/li>\n<li>Zakres g\u0142\u00f3wnych liczb: 69<\/li>\n<li>Wybierasz: 5<\/li>\n<li>Zakres liczb dodatkowych: 26<\/li>\n<li>Ty wybierasz: 1<\/li>\n<li>Dni losowania, godziny: \u015aroda, sobota, 21:00 EST, +1 dzie\u0144 3:00 CET<\/li>\n<li>Minimalny jackpot: 40 milion\u00f3w dolar\u00f3w<\/li>\n<li>Maksymalny jackpot: brak<\/li>\n<li>Prawdopodobie\u0144stwo wygrania jackpota: 1 na 175,223,510<\/li>\n<li>Prawdopodobie\u0144stwo wygrania tier 2: 1 na 5,006,386<\/li>\n<li>Prawdopodobie\u0144stwo wygranej w dowolnym poziomie: 1 do 24,87<\/li>\n<li>Liczba poziom\u00f3w nagr\u00f3d: 9<\/li>\n<\/ul>\n<p>Powerball Lotto jest oferowany przez sprzedawc\u00f3w loterii w 41 r\u00f3\u017cnych stanach w Stanach Zjednoczonych. Z tak du\u017c\u0105 baz\u0105 ludno\u015bci do czerpania i bior\u0105c pod uwag\u0119 jak popularne s\u0105 loterie w USA, to nic dziwnego, \u017ce ta loteria jest tak du\u017ca, z tak ogromnymi nagrodami. Loteria ta jest tak du\u017ca, \u017ce drug\u0105 nagrod\u0105 jest milion dolar\u00f3w, a podczas ka\u017cdego losowania, kt\u00f3re odbywa si\u0119 dwa razy w tygodniu, wygrywa j\u0105 zazwyczaj kilka os\u00f3b. Jednak sama wygrana miliona dolar\u00f3w nie jest powodem, dla kt\u00f3rego wi\u0119kszo\u015b\u0107 ludzi w ni\u0105 gra, poniewa\u017c maj\u0105 oni marzenia, kt\u00f3re s\u0105 o wiele wi\u0119ksze ni\u017c to.<\/p>\n<h2>Najlepsze cechy Powerball<\/h2>\n<p>Bez wzgl\u0119du na to, jak wielkie s\u0105 Twoje marzenia, Powerball Lotto jest w stanie spe\u0142ni\u0107 je wszystkie, a nawet kilka. Z jackpotami regularnie w setkach milion\u00f3w dolar\u00f3w, jest to zdecydowanie to, co mo\u017cna nazwa\u0107 gigantyczn\u0105 sum\u0105 pieni\u0119dzy do wygrania.<\/p>\n<p>Powerball Lotto historycznie rozpocz\u0105\u0142 si\u0119 od 20 milion\u00f3w dolar\u00f3w i chocia\u017c jest to zdecydowanie bardzo \u0142adny kawa\u0142ek zmiany, ostatnio podnie\u015bli minimum do jeszcze bardziej ekscytuj\u0105cego 40 milion\u00f3w dolar\u00f3w. Wi\u0119c nawet przed rzeczy si\u0119 budowa\u0107 do niekt\u00f3rych szalonych numer\u00f3w, jak to cz\u0119sto bywa z tym mega-loterii, najni\u017cszy mo\u017cliwy jackpot jest ju\u017c rodzaj, \u017ce chcemy linii dla.<\/p>\n<p>Za ka\u017cdym razem, gdy nie ma zwyci\u0119zcy, jackpot ro\u015bnie, cz\u0119sto do stu milion\u00f3w, dwustu milion\u00f3w, a czasem nawet trzystu milion\u00f3w. My\u015bl\u0119, \u017ce wi\u0119kszo\u015b\u0107 z nas zgodzi\u0142aby si\u0119, \u017ce nawet minimum 40 milion\u00f3w dolar\u00f3w wystarczy\u0142oby, aby\u015bmy spe\u0142nili wszystkie nasze fantazje, ale je\u015bli chodzi o loterie, to im wi\u0119ksza, tym lepsza. Wi\u0119c je\u015bli jeste\u015b jak wi\u0119kszo\u015b\u0107 ludzi i kochasz wi\u0119ksze, to ta loteria jest zdecydowanie dla Ciebie.<\/p>\n<h2>Co jeszcze musisz wiedzie\u0107 o grze w Powerball online<\/h2>\n<p>Powerball oferuje zwyci\u0119zcom jackpota dwa sposoby na otrzymanie wygranej. Mo\u017cesz albo wzi\u0105\u0107 rycza\u0142tow\u0105 wyp\u0142at\u0119 teraz, albo mo\u017cesz p\u00f3j\u015b\u0107 po du\u017co wi\u0119cej pieni\u0119dzy otrzymuj\u0105c je w 30 rocznych ratach. Ka\u017cda rata jest stopniowana w celu dostosowania do inflacji, co oznacza, \u017ce Twoja ogromna p\u0142atno\u015b\u0107 w roku 1 b\u0119dzie nadal utrzymywa\u0107 swoj\u0105 warto\u015b\u0107 w nadchodz\u0105cych latach.<br \/>\n<img loading=\"lazy\" decoding=\"async\" class=\"size-medium wp-image-1521 alignright\" src=\"https:\/\/onlinelotto365.com\/wp-content\/uploads\/2020\/11\/online_lottery-133-300x212.jpg\" alt=\"powerball usa z Polski\" width=\"300\" height=\"212\" \/><\/p>\n<p>Je\u015bli wygrasz, b\u0119dziesz musia\u0142 zdecydowa\u0107, z kt\u00f3rym typem p\u0142atno\u015bci chcesz i\u015b\u0107, ale jedno jest pewne, b\u0119dzie to zdecydowanie najprzyjemniejsza decyzja, jak\u0105 kiedykolwiek podejmiesz w swoim \u017cyciu. Daj\u0105 Ci 60 dni na wyb\u00f3r, co da Ci mn\u00f3stwo czasu na uzyskanie najlepszej profesjonalnej porady, jak r\u00f3wnie\u017c na przemy\u015blenie i wymy\u015blenie, co zrobisz z tymi wszystkimi pieni\u0119dzmi.<\/p>\n<h2>Jak sprawdzi\u0107 wyniki Powerball<\/h2>\n<p>Istnieje wiele sposob\u00f3w, aby sprawdzi\u0107 zwyci\u0119skie numery i wyniki Powerball z Polski. Je\u015bli jednak gra\u0142e\u015b w Powerball online, najprostszym sposobem jest powr\u00f3t do miejsca, w kt\u00f3rym kupi\u0142e\u015b sw\u00f3j los. Na swoim koncie b\u0119dziesz m\u00f3g\u0142 por\u00f3wna\u0107 swoje liczby z liczbami z ostatniego losowania. Otrzymasz r\u00f3wnie\u017c wiadomo\u015b\u0107 e-mail, gdy jeden z Twoich kupon\u00f3w co\u015b wygra.<\/p>\n<h2>Gra\u0142e\u015b w Powerball online i wygra\u0142e\u015b &#8211; co dalej?<\/h2>\n<p>Nasza us\u0142uga obejmuje obs\u0142ug\u0119 wyp\u0142at za Ciebie. Nie musisz si\u0119 martwi\u0107 o otrzymanie wyp\u0142aty. Nie pobieramy te\u017c \u017cadnej prowizji od wygranej.<\/p>\n<p>Procedura zale\u017cy od tego, ile wygra\u0142e\u015b. Je\u015bli wygra\u0142e\u015b kwot\u0119 \u20ac2500 lub mniej, wtedy otrzymasz t\u0119 kwot\u0119 na swoje konto w naszym serwisie. Mo\u017cesz j\u0105 wyp\u0142aci\u0107 lub zostawi\u0107 na swoim koncie i wykorzysta\u0107 j\u0105 do gry w kolejne loterie online.<\/p>\n<p>Je\u015bli wygrasz wi\u0119ksz\u0105 kwot\u0119, wy\u015blemy do Ciebie formularz roszczenia. Musisz wtedy wype\u0142ni\u0107 kilka danych osobowych, w tym jak chcia\u0142by\u015b otrzyma\u0107 zap\u0142at\u0119. Istniej\u0105 dwie opcje: przelew bankowy lub czek. Przeka\u017cemy formularz roszczenia do komisji loterii, a oni zap\u0142ac\u0105 Ci zgodnie z Twoimi instrukcjami.<\/p>\n","protected":false},"excerpt":{"rendered":"<p>Gra w Powerball online jest w\u0142a\u015bciwie do\u015b\u0107 prosta, nawet je\u015bli jeste\u015b w Polsce. I jest to r\u00f3wnie\u017c ca\u0142kiem wygodne. Upewnij si\u0119, \u017ce wybra\u0142e\u015b w\u0142a\u015bciw\u0105 loteri\u0119, czyli Powerball. Nast\u0119pnie wybierz swoje liczby. Je\u015bli pr\u00f3bujesz wybra\u0107 zbyt wiele liczb lub nie wybra\u0142e\u015b wystarczaj\u0105co du\u017co, system podpowie Ci, aby\u015b wybra\u0142 mniej lub wi\u0119cej liczb. Istnieje r\u00f3wnie\u017c metoda, kt\u00f3r\u0105 [&hellip;]<\/p>\n","protected":false},"author":1,"featured_media":0,"parent":5030,"menu_order":1,"comment_status":"closed","ping_status":"closed","template":"powerball-usa.php","meta":{"_et_pb_use_builder":"","_et_pb_old_content":"","_et_gb_content_width":"","exclude_from_search":false,"footnotes":""},"class_list":["post-12000","page","type-page","status-publish","hentry"],"yoast_head":"<!-- This site is optimized with the Yoast SEO plugin v23.4 - https:\/\/yoast.com\/wordpress\/plugins\/seo\/ -->\n<title>Zagraj w Powerball online z Polski | Czy mog\u0119 wygra\u0107 w Powerball z Polski?<\/title>\n<meta name=\"description\" content=\"Zagraj tutaj w Powerball Lotto - najwi\u0119ksz\u0105 ameryka\u0144sk\u0105 loteri\u0119, dost\u0119pn\u0105 online z Polski i ka\u017cdego innego kraju\" \/>\n<meta name=\"robots\" content=\"index, follow, max-snippet:-1, max-image-preview:large, max-video-preview:-1\" \/>\n<link rel=\"canonical\" href=\"https:\/\/onlinelotto365.com\/pl\/zagraj\/powerball\/\" \/>\n<meta property=\"og:locale\" content=\"pl_PL\" \/>\n<meta property=\"og:type\" content=\"article\" \/>\n<meta property=\"og:title\" content=\"Zagraj w Powerball online z Polski | Czy mog\u0119 wygra\u0107 w Powerball z Polski?\" \/>\n<meta property=\"og:description\" content=\"Zagraj tutaj w Powerball Lotto - najwi\u0119ksz\u0105 ameryka\u0144sk\u0105 loteri\u0119, dost\u0119pn\u0105 online z Polski i ka\u017cdego innego kraju\" \/>\n<meta property=\"og:url\" content=\"https:\/\/onlinelotto365.com\/pl\/zagraj\/powerball\/\" \/>\n<meta property=\"og:site_name\" content=\"OnlineLotto365\" \/>\n<meta property=\"article:modified_time\" content=\"2022-11-08T09:16:31+00:00\" \/>\n<meta property=\"og:image\" content=\"https:\/\/redfoxlotto.com\/image?size=8&amp;lottery=powerball\" \/>\n<meta name=\"twitter:card\" content=\"summary_large_image\" \/>\n<meta name=\"twitter:label1\" content=\"Szacowany czas czytania\" \/>\n\t<meta name=\"twitter:data1\" content=\"5 minut\" \/>\n<script type=\"application\/ld+json\" class=\"yoast-schema-graph\">{\"@context\":\"https:\/\/schema.org\",\"@graph\":[{\"@type\":\"WebPage\",\"@id\":\"https:\/\/onlinelotto365.com\/pl\/zagraj\/powerball\/\",\"url\":\"https:\/\/onlinelotto365.com\/pl\/zagraj\/powerball\/\",\"name\":\"Zagraj w Powerball online z Polski | Czy mog\u0119 wygra\u0107 w Powerball z Polski?\",\"isPartOf\":{\"@id\":\"https:\/\/onlinelotto365.com\/pl\/#website\"},\"primaryImageOfPage\":{\"@id\":\"https:\/\/onlinelotto365.com\/pl\/zagraj\/powerball\/#primaryimage\"},\"image\":{\"@id\":\"https:\/\/onlinelotto365.com\/pl\/zagraj\/powerball\/#primaryimage\"},\"thumbnailUrl\":\"https:\/\/redfoxlotto.com\/image?size=8&amp;lottery=powerball\",\"datePublished\":\"2020-12-21T10:22:31+00:00\",\"dateModified\":\"2022-11-08T09:16:31+00:00\",\"description\":\"Zagraj tutaj w Powerball Lotto - najwi\u0119ksz\u0105 ameryka\u0144sk\u0105 loteri\u0119, dost\u0119pn\u0105 online z Polski i ka\u017cdego innego kraju\",\"breadcrumb\":{\"@id\":\"https:\/\/onlinelotto365.com\/pl\/zagraj\/powerball\/#breadcrumb\"},\"inLanguage\":\"pl-PL\",\"potentialAction\":[{\"@type\":\"ReadAction\",\"target\":[\"https:\/\/onlinelotto365.com\/pl\/zagraj\/powerball\/\"]}]},{\"@type\":\"ImageObject\",\"inLanguage\":\"pl-PL\",\"@id\":\"https:\/\/onlinelotto365.com\/pl\/zagraj\/powerball\/#primaryimage\",\"url\":\"https:\/\/redfoxlotto.com\/image?size=8&amp;lottery=powerball\",\"contentUrl\":\"https:\/\/redfoxlotto.com\/image?size=8&amp;lottery=powerball\"},{\"@type\":\"BreadcrumbList\",\"@id\":\"https:\/\/onlinelotto365.com\/pl\/zagraj\/powerball\/#breadcrumb\",\"itemListElement\":[{\"@type\":\"ListItem\",\"position\":1,\"name\":\"Home\",\"item\":\"https:\/\/onlinelotto365.com\/pl\/\"},{\"@type\":\"ListItem\",\"position\":2,\"name\":\"Wszystko, co musisz wiedzie\u0107 o swoich opcjach, aby gra\u0107 na najlepszych loteriach online\",\"item\":\"https:\/\/onlinelotto365.com\/pl\/zagraj\/\"},{\"@type\":\"ListItem\",\"position\":3,\"name\":\"Jak mieszka\u0144cy Polski mog\u0105 gra\u0107 w Powerball online?\"}]},{\"@type\":\"WebSite\",\"@id\":\"https:\/\/onlinelotto365.com\/pl\/#website\",\"url\":\"https:\/\/onlinelotto365.com\/pl\/\",\"name\":\"OnlineLotto365\",\"description\":\"\",\"potentialAction\":[{\"@type\":\"SearchAction\",\"target\":{\"@type\":\"EntryPoint\",\"urlTemplate\":\"https:\/\/onlinelotto365.com\/pl\/?s={search_term_string}\"},\"query-input\":{\"@type\":\"PropertyValueSpecification\",\"valueRequired\":true,\"valueName\":\"search_term_string\"}}],\"inLanguage\":\"pl-PL\"}]}<\/script>\n<!-- \/ Yoast SEO plugin. -->","yoast_head_json":{"title":"Zagraj w Powerball online z Polski | Czy mog\u0119 wygra\u0107 w Powerball z Polski?","description":"Zagraj tutaj w Powerball Lotto - najwi\u0119ksz\u0105 ameryka\u0144sk\u0105 loteri\u0119, dost\u0119pn\u0105 online z Polski i ka\u017cdego innego kraju","robots":{"index":"index","follow":"follow","max-snippet":"max-snippet:-1","max-image-preview":"max-image-preview:large","max-video-preview":"max-video-preview:-1"},"canonical":"https:\/\/onlinelotto365.com\/pl\/zagraj\/powerball\/","og_locale":"pl_PL","og_type":"article","og_title":"Zagraj w Powerball online z Polski | Czy mog\u0119 wygra\u0107 w Powerball z Polski?","og_description":"Zagraj tutaj w Powerball Lotto - najwi\u0119ksz\u0105 ameryka\u0144sk\u0105 loteri\u0119, dost\u0119pn\u0105 online z Polski i ka\u017cdego innego kraju","og_url":"https:\/\/onlinelotto365.com\/pl\/zagraj\/powerball\/","og_site_name":"OnlineLotto365","article_modified_time":"2022-11-08T09:16:31+00:00","og_image":[{"url":"https:\/\/redfoxlotto.com\/image?size=8&amp;lottery=powerball"}],"twitter_card":"summary_large_image","twitter_misc":{"Szacowany czas czytania":"5 minut"},"schema":{"@context":"https:\/\/schema.org","@graph":[{"@type":"WebPage","@id":"https:\/\/onlinelotto365.com\/pl\/zagraj\/powerball\/","url":"https:\/\/onlinelotto365.com\/pl\/zagraj\/powerball\/","name":"Zagraj w Powerball online z Polski | Czy mog\u0119 wygra\u0107 w Powerball z Polski?","isPartOf":{"@id":"https:\/\/onlinelotto365.com\/pl\/#website"},"primaryImageOfPage":{"@id":"https:\/\/onlinelotto365.com\/pl\/zagraj\/powerball\/#primaryimage"},"image":{"@id":"https:\/\/onlinelotto365.com\/pl\/zagraj\/powerball\/#primaryimage"},"thumbnailUrl":"https:\/\/redfoxlotto.com\/image?size=8&amp;lottery=powerball","datePublished":"2020-12-21T10:22:31+00:00","dateModified":"2022-11-08T09:16:31+00:00","description":"Zagraj tutaj w Powerball Lotto - najwi\u0119ksz\u0105 ameryka\u0144sk\u0105 loteri\u0119, dost\u0119pn\u0105 online z Polski i ka\u017cdego innego kraju","breadcrumb":{"@id":"https:\/\/onlinelotto365.com\/pl\/zagraj\/powerball\/#breadcrumb"},"inLanguage":"pl-PL","potentialAction":[{"@type":"ReadAction","target":["https:\/\/onlinelotto365.com\/pl\/zagraj\/powerball\/"]}]},{"@type":"ImageObject","inLanguage":"pl-PL","@id":"https:\/\/onlinelotto365.com\/pl\/zagraj\/powerball\/#primaryimage","url":"https:\/\/redfoxlotto.com\/image?size=8&amp;lottery=powerball","contentUrl":"https:\/\/redfoxlotto.com\/image?size=8&amp;lottery=powerball"},{"@type":"BreadcrumbList","@id":"https:\/\/onlinelotto365.com\/pl\/zagraj\/powerball\/#breadcrumb","itemListElement":[{"@type":"ListItem","position":1,"name":"Home","item":"https:\/\/onlinelotto365.com\/pl\/"},{"@type":"ListItem","position":2,"name":"Wszystko, co musisz wiedzie\u0107 o swoich opcjach, aby gra\u0107 na najlepszych loteriach online","item":"https:\/\/onlinelotto365.com\/pl\/zagraj\/"},{"@type":"ListItem","position":3,"name":"Jak mieszka\u0144cy Polski mog\u0105 gra\u0107 w Powerball online?"}]},{"@type":"WebSite","@id":"https:\/\/onlinelotto365.com\/pl\/#website","url":"https:\/\/onlinelotto365.com\/pl\/","name":"OnlineLotto365","description":"","potentialAction":[{"@type":"SearchAction","target":{"@type":"EntryPoint","urlTemplate":"https:\/\/onlinelotto365.com\/pl\/?s={search_term_string}"},"query-input":{"@type":"PropertyValueSpecification","valueRequired":true,"valueName":"search_term_string"}}],"inLanguage":"pl-PL"}]}},"_links":{"self":[{"href":"https:\/\/onlinelotto365.com\/pl\/wp-json\/wp\/v2\/pages\/12000","targetHints":{"allow":["GET"]}}],"collection":[{"href":"https:\/\/onlinelotto365.com\/pl\/wp-json\/wp\/v2\/pages"}],"about":[{"href":"https:\/\/onlinelotto365.com\/pl\/wp-json\/wp\/v2\/types\/page"}],"author":[{"embeddable":true,"href":"https:\/\/onlinelotto365.com\/pl\/wp-json\/wp\/v2\/users\/1"}],"replies":[{"embeddable":true,"href":"https:\/\/onlinelotto365.com\/pl\/wp-json\/wp\/v2\/comments?post=12000"}],"version-history":[{"count":0,"href":"https:\/\/onlinelotto365.com\/pl\/wp-json\/wp\/v2\/pages\/12000\/revisions"}],"up":[{"embeddable":true,"href":"https:\/\/onlinelotto365.com\/pl\/wp-json\/wp\/v2\/pages\/5030"}],"wp:attachment":[{"href":"https:\/\/onlinelotto365.com\/pl\/wp-json\/wp\/v2\/media?parent=12000"}],"curies":[{"name":"wp","href":"https:\/\/api.w.org\/{rel}","templated":true}]}}