{"id":12002,"date":"2020-12-21T11:24:06","date_gmt":"2020-12-21T10:24:06","guid":{"rendered":"http:\/\/onlinelotto365.net\/?page_id=12002"},"modified":"2021-01-07T08:04:48","modified_gmt":"2021-01-07T07:04:48","slug":"mega-millions","status":"publish","type":"page","link":"https:\/\/onlinelotto365.com\/pl\/zagraj\/mega-millions\/","title":{"rendered":"Mega Miliony online"},"content":{"rendered":"<h2>O Mega Millions<\/h2>\n<p>To prawdopodobnie najs\u0142ynniejsza loteria na \u015bwiecie. Zapewnienie entuzjastom lotto mo\u017cliwo\u015bci gry w Mega Millions online pomaga graczom spe\u0142ni\u0107 marzenie. Je\u015bli mieszkasz w Polsce, nadal mo\u017cesz gra\u0107 w Mega Millions z biletem online. Nasza us\u0142uga jest ca\u0142kowicie legalna i dajemy Ci szans\u0119 wzi\u0119cia udzia\u0142u w tej mega-loterii z USA.<\/p>\n<p><a href=\"https:\/\/redfoxlotto.com\/pl\/mega-millions\/?ref=a8564250a2&amp;medium=ol365\" target=\"_blank\" rel=\"noopener noreferrer\"> <img decoding=\"async\" class=\"aligncenter\" src=\" https:\/\/redfoxlotto.com\/image?size=8&amp;lottery=mega-millions \" alt=\" mega miliony \" \/> <\/a><\/p>\n<ul>\n<li>Kraj: USA<\/li>\n<li>G\u0142\u00f3wny zakres liczb: 70<\/li>\n<li>Musisz wybra\u0107: 5<\/li>\n<li>Zakres dodatkowych liczb: 25<\/li>\n<li>Musisz wybra\u0107: 1<\/li>\n<li>Dni, godziny losowa\u0144: wtorek, pi\u0105tek, 21:00 EST &#8211; +1 dzie\u0144 3:00 CET<\/li>\n<li>Jackpot zaczyna si\u0119 od: 40 milion\u00f3w dolar\u00f3w<\/li>\n<li>Jackpot jest ograniczony do: brak<\/li>\n<li>Szansa na wygranie g\u0142\u00f3wnej nagrody: 1 na 175711536<\/li>\n<li>Szansa na drug\u0105 nagrod\u0119: 1 na 3819816<\/li>\n<li>Szansa na wygranie dowolnej nagrody: 1 na 24,12<\/li>\n<li>Liczba kategorii nagr\u00f3d: 9<\/li>\n<\/ul>\n<h2>Najlepsze funkcje Mega Millions<\/h2>\n<p>G\u0142\u00f3wn\u0105 atrakcj\u0105 Mega Millions jest oczywi\u015bcie wielko\u015b\u0107 jackpot\u00f3w. Jackpot Mega Millions nigdy nie mo\u017ce by\u0107 ni\u017cszy ni\u017c 40 milion\u00f3w dolar\u00f3w. Za ka\u017cdym razem, gdy kto\u015b wygrywa jackpot, zaczyna si\u0119 od tej minimalnej kwoty 40 milion\u00f3w dolar\u00f3w. Przy dw\u00f3ch losowaniach w tygodniu jackpot Mega Millions ro\u015bnie do\u015b\u0107 szybko. W USA miliony ludzi graj\u0105 w Mega Millions tydzie\u0144 po tygodniu, a wiele os\u00f3b z innych kraj\u00f3w, takich jak Polska, r\u00f3wnie\u017c gra w Mega Millions online.<\/p>\n<p>Wi\u0119c to normalne, \u017ce jackpot Mega Millions ro\u015bnie o 10 milion\u00f3w $ po ka\u017cdym losowaniu (chyba \u017ce kto\u015b wygra jackpot). To daje oko\u0142o 20 milion\u00f3w dolar\u00f3w tygodniowo, poniewa\u017c s\u0105 dwa losowania tygodniowo.<\/p>\n<p>A kiedy jackpot przekroczy 100 milion\u00f3w dolar\u00f3w, jeszcze wi\u0119cej kupon\u00f3w jest sprzedawanych zar\u00f3wno w sklepach lotto, jak i graczom online. W wielu przypadkach jackpot si\u0119ga\u0142 400 milion\u00f3w dolar\u00f3w i wi\u0119cej. Od tego momentu cotygodniowy wzrost o 100 milion\u00f3w dolar\u00f3w jest normalny ze wzgl\u0119du na eksploduj\u0105c\u0105 sprzeda\u017c bilet\u00f3w. Obecny rekordowy jackpot wynosi 1500 milion\u00f3w dolar\u00f3w (tak, 1,5 miliarda dolar\u00f3w!).<\/p>\n<h2>Jak sprawdzi\u0107 wyniki Mega Millions<\/h2>\n<p>Je\u015bli mieszkasz w Polsce lub w jakimkolwiek innym kraju poza Stanami Zjednoczonymi, najprawdopodobniej nie b\u0119dziesz w stanie uzyska\u0107 <a href=\"https:\/\/onlinelotto365.com\/pl\/numery-wygranych\"> wygrywaj\u0105ce numery <\/a> z lokalnych kana\u0142\u00f3w radiowych lub telewizyjnych. Mo\u017cesz odwiedzi\u0107 oficjaln\u0105 stron\u0119 Mega Millions, ale jest dla Ciebie jedno znacznie \u0142atwiejsze rozwi\u0105zanie. Po prostu wr\u00f3\u0107 do naszej witryny i przejrzyj nasz\u0105 stron\u0119 wynik\u00f3w. Wyniki wszystkich loterii publikujemy tutaj. Zwyci\u0119skie liczby pojawi\u0105 si\u0119 kilka minut po zako\u0144czeniu losowania.<\/p>\n<p>Wy\u015blemy Ci r\u00f3wnie\u017c e-mail z powiadomieniem o wygranej &#8211; je\u015bli gra\u0142e\u015b online i masz na koncie bilet na Mega Millions.<\/p>\n<p>Mo\u017cesz r\u00f3wnie\u017c zweryfikowa\u0107 swoje osobiste wyniki loterii na swoim koncie gracza. Kiedy zagrasz w Mega Millions online na naszej stronie, kupony, kt\u00f3re zagra\u0142e\u015b, s\u0105 przechowywane na Twoim koncie. Po losowaniu mo\u017cesz tam wr\u00f3ci\u0107 i natychmiast <a href=\"https:\/\/onlinelotto365.com\/pl\/numery-wygranych\/mega-millions\"> por\u00f3wna\u0107 sw\u00f3j kupon Mega Millions z najnowszymi zwyci\u0119skimi liczbami <\/a>.<\/p>\n<h2>Gra\u0142e\u015b w Mega Millions online i wygra\u0142e\u015b &#8211; co b\u0119dzie dalej?<\/h2>\n<p>Je\u015bli wygra\u0142e\u015b wi\u0119ksz\u0105 nagrod\u0119, musisz wys\u0142a\u0107 wiadomo\u015b\u0107 do naszego zespo\u0142u pomocy technicznej &#8211; chocia\u017c prawdopodobnie wys\u0142ali ju\u017c Ci wiadomo\u015b\u0107 z instrukcjami, jak post\u0119powa\u0107. Nast\u0119pnie musisz wype\u0142ni\u0107 dostarczony przez nas formularz. Nasz zesp\u00f3\u0142 serwisowy prze\u015ble Tw\u00f3j formularz do komisji loterii. Formularz b\u0119dzie zawiera\u0142 r\u00f3wnie\u017c informacje o Twoim koncie bankowym lub adresie fizycznym w Polsce (lub miejscu zamieszkania), a Twoje \u017cyczenia co do sposobu p\u0142atno\u015bci s\u0105 r\u00f3wnie\u017c przez Ciebie okre\u015blone w tej formie. W ci\u0105gu kilku dni otrzymasz pieni\u0105dze w wybrany przez siebie spos\u00f3b.<\/p>\n<p>A je\u015bli wygrasz mniejsz\u0105 sum\u0119 pieni\u0119dzy (dok\u0142adnie do 2500 \u20ac), wyp\u0142ata nast\u0105pi jeszcze szybciej. Ten rodzaj wygranej zostanie od razu zdeponowany na Twoim koncie gracza &#8211; wystarczy sprawdzi\u0107 saldo gracza. Nast\u0119pnie mo\u017cesz zdecydowa\u0107, czy chcesz zostawi\u0107 tam \u015brodki i u\u017cy\u0107 ich do <a href=\"https:\/\/onlinelotto365.com\/pl\/zagraj\"> gry w wi\u0119cej loterii <\/a> (lub Mega Millions) online, czy te\u017c mo\u017cesz zainicjowa\u0107 wyp\u0142at\u0119. Do wyp\u0142aty mo\u017cesz u\u017cy\u0107 dowolnej metody, kt\u00f3ra by\u0142a wcze\u015bniej u\u017cywana do gry online. Ze wzgl\u0119du na przepisy dotycz\u0105ce prania pieni\u0119dzy b\u0119dziemy potrzebowa\u0107 dokumentu to\u017csamo\u015bci w celu weryfikacji danych osobowych. Nasze wsparcie wyja\u015bni, czego potrzebujemy do tego procesu weryfikacji. Raz mamyW przypadku tych dokument\u00f3w przetworzenie wyp\u0142aty i wys\u0142anie pieni\u0119dzy zajmie tylko dzie\u0144 lub dwa.<\/p>\n","protected":false},"excerpt":{"rendered":"<p>O Mega Millions To prawdopodobnie najs\u0142ynniejsza loteria na \u015bwiecie. Zapewnienie entuzjastom lotto mo\u017cliwo\u015bci gry w Mega Millions online pomaga graczom spe\u0142ni\u0107 marzenie. Je\u015bli mieszkasz w Polsce, nadal mo\u017cesz gra\u0107 w Mega Millions z biletem online. Nasza us\u0142uga jest ca\u0142kowicie legalna i dajemy Ci szans\u0119 wzi\u0119cia udzia\u0142u w tej mega-loterii z USA. Kraj: USA G\u0142\u00f3wny zakres [&hellip;]<\/p>\n","protected":false},"author":1,"featured_media":0,"parent":5030,"menu_order":2,"comment_status":"closed","ping_status":"closed","template":"megamillion.php","meta":{"_et_pb_use_builder":"","_et_pb_old_content":"","_et_gb_content_width":"","exclude_from_search":false,"footnotes":""},"class_list":["post-12002","page","type-page","status-publish","hentry"],"yoast_head":"<!-- This site is optimized with the Yoast SEO plugin v23.4 - https:\/\/yoast.com\/wordpress\/plugins\/seo\/ -->\n<title>Zagraj w Mega Millions USA online | Jak mieszka\u0144cy Polski mog\u0105 legalnie uczestniczy\u0107 w Mega Millions<\/title>\n<meta name=\"description\" content=\"Teraz mo\u017cesz te\u017c zagra\u0107 w Mega Miliony - nasz serwis internetowy pozwala na uzyskanie bilet\u00f3w na Mega Miliony z Polski.\" \/>\n<meta name=\"robots\" content=\"index, follow, max-snippet:-1, max-image-preview:large, max-video-preview:-1\" \/>\n<link rel=\"canonical\" href=\"https:\/\/onlinelotto365.com\/pl\/zagraj\/mega-millions\/\" \/>\n<meta property=\"og:locale\" content=\"pl_PL\" \/>\n<meta property=\"og:type\" content=\"article\" \/>\n<meta property=\"og:title\" content=\"Zagraj w Mega Millions USA online | Jak mieszka\u0144cy Polski mog\u0105 legalnie uczestniczy\u0107 w Mega Millions\" \/>\n<meta property=\"og:description\" content=\"Teraz mo\u017cesz te\u017c zagra\u0107 w Mega Miliony - nasz serwis internetowy pozwala na uzyskanie bilet\u00f3w na Mega Miliony z Polski.\" \/>\n<meta property=\"og:url\" content=\"https:\/\/onlinelotto365.com\/pl\/zagraj\/mega-millions\/\" \/>\n<meta property=\"og:site_name\" content=\"OnlineLotto365\" \/>\n<meta property=\"article:modified_time\" content=\"2021-01-07T07:04:48+00:00\" \/>\n<meta name=\"twitter:card\" content=\"summary_large_image\" \/>\n<meta name=\"twitter:label1\" content=\"Szacowany czas czytania\" \/>\n\t<meta name=\"twitter:data1\" content=\"4 minuty\" \/>\n<script type=\"application\/ld+json\" class=\"yoast-schema-graph\">{\"@context\":\"https:\/\/schema.org\",\"@graph\":[{\"@type\":\"WebPage\",\"@id\":\"https:\/\/onlinelotto365.com\/pl\/zagraj\/mega-millions\/\",\"url\":\"https:\/\/onlinelotto365.com\/pl\/zagraj\/mega-millions\/\",\"name\":\"Zagraj w Mega Millions USA online | Jak mieszka\u0144cy Polski mog\u0105 legalnie uczestniczy\u0107 w Mega Millions\",\"isPartOf\":{\"@id\":\"https:\/\/onlinelotto365.com\/pl\/#website\"},\"datePublished\":\"2020-12-21T10:24:06+00:00\",\"dateModified\":\"2021-01-07T07:04:48+00:00\",\"description\":\"Teraz mo\u017cesz te\u017c zagra\u0107 w Mega Miliony - nasz serwis internetowy pozwala na uzyskanie bilet\u00f3w na Mega Miliony z Polski.\",\"breadcrumb\":{\"@id\":\"https:\/\/onlinelotto365.com\/pl\/zagraj\/mega-millions\/#breadcrumb\"},\"inLanguage\":\"pl-PL\",\"potentialAction\":[{\"@type\":\"ReadAction\",\"target\":[\"https:\/\/onlinelotto365.com\/pl\/zagraj\/mega-millions\/\"]}]},{\"@type\":\"BreadcrumbList\",\"@id\":\"https:\/\/onlinelotto365.com\/pl\/zagraj\/mega-millions\/#breadcrumb\",\"itemListElement\":[{\"@type\":\"ListItem\",\"position\":1,\"name\":\"Home\",\"item\":\"https:\/\/onlinelotto365.com\/pl\/\"},{\"@type\":\"ListItem\",\"position\":2,\"name\":\"Wszystko, co musisz wiedzie\u0107 o swoich opcjach, aby gra\u0107 na najlepszych loteriach online\",\"item\":\"https:\/\/onlinelotto365.com\/pl\/zagraj\/\"},{\"@type\":\"ListItem\",\"position\":3,\"name\":\"Mega Miliony online\"}]},{\"@type\":\"WebSite\",\"@id\":\"https:\/\/onlinelotto365.com\/pl\/#website\",\"url\":\"https:\/\/onlinelotto365.com\/pl\/\",\"name\":\"OnlineLotto365\",\"description\":\"\",\"potentialAction\":[{\"@type\":\"SearchAction\",\"target\":{\"@type\":\"EntryPoint\",\"urlTemplate\":\"https:\/\/onlinelotto365.com\/pl\/?s={search_term_string}\"},\"query-input\":{\"@type\":\"PropertyValueSpecification\",\"valueRequired\":true,\"valueName\":\"search_term_string\"}}],\"inLanguage\":\"pl-PL\"}]}<\/script>\n<!-- \/ Yoast SEO plugin. -->","yoast_head_json":{"title":"Zagraj w Mega Millions USA online | Jak mieszka\u0144cy Polski mog\u0105 legalnie uczestniczy\u0107 w Mega Millions","description":"Teraz mo\u017cesz te\u017c zagra\u0107 w Mega Miliony - nasz serwis internetowy pozwala na uzyskanie bilet\u00f3w na Mega Miliony z Polski.","robots":{"index":"index","follow":"follow","max-snippet":"max-snippet:-1","max-image-preview":"max-image-preview:large","max-video-preview":"max-video-preview:-1"},"canonical":"https:\/\/onlinelotto365.com\/pl\/zagraj\/mega-millions\/","og_locale":"pl_PL","og_type":"article","og_title":"Zagraj w Mega Millions USA online | Jak mieszka\u0144cy Polski mog\u0105 legalnie uczestniczy\u0107 w Mega Millions","og_description":"Teraz mo\u017cesz te\u017c zagra\u0107 w Mega Miliony - nasz serwis internetowy pozwala na uzyskanie bilet\u00f3w na Mega Miliony z Polski.","og_url":"https:\/\/onlinelotto365.com\/pl\/zagraj\/mega-millions\/","og_site_name":"OnlineLotto365","article_modified_time":"2021-01-07T07:04:48+00:00","twitter_card":"summary_large_image","twitter_misc":{"Szacowany czas czytania":"4 minuty"},"schema":{"@context":"https:\/\/schema.org","@graph":[{"@type":"WebPage","@id":"https:\/\/onlinelotto365.com\/pl\/zagraj\/mega-millions\/","url":"https:\/\/onlinelotto365.com\/pl\/zagraj\/mega-millions\/","name":"Zagraj w Mega Millions USA online | Jak mieszka\u0144cy Polski mog\u0105 legalnie uczestniczy\u0107 w Mega Millions","isPartOf":{"@id":"https:\/\/onlinelotto365.com\/pl\/#website"},"datePublished":"2020-12-21T10:24:06+00:00","dateModified":"2021-01-07T07:04:48+00:00","description":"Teraz mo\u017cesz te\u017c zagra\u0107 w Mega Miliony - nasz serwis internetowy pozwala na uzyskanie bilet\u00f3w na Mega Miliony z Polski.","breadcrumb":{"@id":"https:\/\/onlinelotto365.com\/pl\/zagraj\/mega-millions\/#breadcrumb"},"inLanguage":"pl-PL","potentialAction":[{"@type":"ReadAction","target":["https:\/\/onlinelotto365.com\/pl\/zagraj\/mega-millions\/"]}]},{"@type":"BreadcrumbList","@id":"https:\/\/onlinelotto365.com\/pl\/zagraj\/mega-millions\/#breadcrumb","itemListElement":[{"@type":"ListItem","position":1,"name":"Home","item":"https:\/\/onlinelotto365.com\/pl\/"},{"@type":"ListItem","position":2,"name":"Wszystko, co musisz wiedzie\u0107 o swoich opcjach, aby gra\u0107 na najlepszych loteriach online","item":"https:\/\/onlinelotto365.com\/pl\/zagraj\/"},{"@type":"ListItem","position":3,"name":"Mega Miliony online"}]},{"@type":"WebSite","@id":"https:\/\/onlinelotto365.com\/pl\/#website","url":"https:\/\/onlinelotto365.com\/pl\/","name":"OnlineLotto365","description":"","potentialAction":[{"@type":"SearchAction","target":{"@type":"EntryPoint","urlTemplate":"https:\/\/onlinelotto365.com\/pl\/?s={search_term_string}"},"query-input":{"@type":"PropertyValueSpecification","valueRequired":true,"valueName":"search_term_string"}}],"inLanguage":"pl-PL"}]}},"_links":{"self":[{"href":"https:\/\/onlinelotto365.com\/pl\/wp-json\/wp\/v2\/pages\/12002","targetHints":{"allow":["GET"]}}],"collection":[{"href":"https:\/\/onlinelotto365.com\/pl\/wp-json\/wp\/v2\/pages"}],"about":[{"href":"https:\/\/onlinelotto365.com\/pl\/wp-json\/wp\/v2\/types\/page"}],"author":[{"embeddable":true,"href":"https:\/\/onlinelotto365.com\/pl\/wp-json\/wp\/v2\/users\/1"}],"replies":[{"embeddable":true,"href":"https:\/\/onlinelotto365.com\/pl\/wp-json\/wp\/v2\/comments?post=12002"}],"version-history":[{"count":0,"href":"https:\/\/onlinelotto365.com\/pl\/wp-json\/wp\/v2\/pages\/12002\/revisions"}],"up":[{"embeddable":true,"href":"https:\/\/onlinelotto365.com\/pl\/wp-json\/wp\/v2\/pages\/5030"}],"wp:attachment":[{"href":"https:\/\/onlinelotto365.com\/pl\/wp-json\/wp\/v2\/media?parent=12002"}],"curies":[{"name":"wp","href":"https:\/\/api.w.org\/{rel}","templated":true}]}}