{"id":12004,"date":"2020-12-21T11:25:25","date_gmt":"2020-12-21T10:25:25","guid":{"rendered":"http:\/\/onlinelotto365.net\/?page_id=12004"},"modified":"2021-01-07T08:05:06","modified_gmt":"2021-01-07T07:05:06","slug":"euromillions","status":"publish","type":"page","link":"https:\/\/onlinelotto365.com\/pl\/zagraj\/euromillions\/","title":{"rendered":"EuroMillions jest najwi\u0119ksz\u0105 loteri\u0105 w Europie"},"content":{"rendered":"<p>EuroMillions rozpocz\u0119\u0142o si\u0119 w 2004 r. Jako wsp\u00f3lny wysi\u0142ek mi\u0119dzy krajowymi operatorami loterii z Francji, Hiszpanii i Wielkiej Brytanii. Sformu\u0142owanie porozumienia mi\u0119dzy krajami zaj\u0119\u0142o ca\u0142e dziesi\u0119\u0107 lat, wi\u0119c gdy si\u0119 zacz\u0119\u0142o, by\u0142o zdecydowanie bardzo dobrze zorganizowane, poniewa\u017c pozostaje tak.<\/p>\n<p>Plan zak\u0142ada\u0142 zaoferowanie graczom loterii w tych trzech krajach <strong> mo\u017cliwo\u015bci gry o znacznie wi\u0119ksze jackpoty <\/strong> ni\u017c by\u0142y wcze\u015bniej dost\u0119pne. Poniewa\u017c ogromne jackpoty s\u0105 tym, co naprawd\u0119 nap\u0119dza tutaj emocje, oczekiwano, \u017ce to nowe lotto b\u0119dzie wielkim hitem i wygeneruje fantastyczne jackpoty tydzie\u0144 po tygodniu. Dok\u0142adnie tak si\u0119 sta\u0142o.<\/p>\n<p>Wraz ze wzrostem sukcesu loterii do partnerstwa do\u0142\u0105czy\u0142o wi\u0119cej kraj\u00f3w, a obecnie uczestniczy w nim \u0142\u0105cznie dziewi\u0119\u0107 r\u00f3\u017cnych kraj\u00f3w. Jackpoty s\u0105 zawsze jednymi z najwi\u0119kszych na \u015bwiecie, zaczynaj\u0105c od 17 milion\u00f3w euro i stamt\u0105d rosn\u0105.<\/p>\n<h2>Nie musisz ju\u017c mieszka\u0107 w \u017cadnym z tych kraj\u00f3w, aby gra\u0107 w t\u0119 loteri\u0119<\/h2>\n<p>Poniewa\u017c lotto EuroMillions by\u0142o w przesz\u0142o\u015bci oferowane tylko w dziewi\u0119ciu wybranych <a href=\"https:\/\/onlinelotto365.com\/pl\/news\/sprawdz-moj-bilet-na-loterie-euromillions\"> krajach europejskich <\/a>, wi\u0119kszo\u015b\u0107 z nas pozostawa\u0142a tutaj na lodzie je\u015bli chodzi o mo\u017cliwo\u015b\u0107 czerpania przyjemno\u015bci z grania. W rzeczywisto\u015bci gra w tej loterii nie by\u0142a nawet brana pod uwag\u0119 przez reszt\u0119 z nas, to znaczy do niedawna.<br \/>\n<a href=\"https:\/\/redfoxlotto.com\/pl\/euromillions\/?ref=a8564250a2&amp;medium=ol365\" target=\"_blank\" rel=\"noopener noreferrer\"> <img loading=\"lazy\" decoding=\"async\" class=\"aligncenter\" src=\"https:\/\/redfoxlotto.com\/image?size=8&amp;lottery=euromillions\" alt=\"Euromillions\" width=\"720\" height=\"90\" \/> <\/a><\/p>\n<p>Do\u015bwiadczeni gracze loterii z Polski i innych kraj\u00f3w, znaj\u0105cy si\u0119 na rzeczy, zdaj\u0105 sobie teraz spraw\u0119, \u017ce fizyczne bariery w \u015bwiecie loterii ju\u017c nie istniej\u0105. W pewnym sensie nadal tak jest, poniewa\u017c nadal musisz kupowa\u0107 kupony na loteri\u0119 EuroMillions i inne loterie z ca\u0142ego \u015bwiata. Oczywi\u015bcie nie zamierzasz tam je\u017adzi\u0107 z Polski dwa razy w tygodniu, \u017ceby kupi\u0107 bilety, bo zaj\u0119\u0142oby to absurdaln\u0105 ilo\u015b\u0107 czasu i pieni\u0119dzy. Mo\u017cesz zatrudni\u0107 kogo\u015b, kto mieszka w krajach, w kt\u00f3rych chcesz <a href=\"https:\/\/onlinelotto365.com\/pl\/kup-bilety\"> kupi\u0107 losy na loteri\u0119 <\/a>, ale wymaga\u0142oby to wi\u0119cej wiedzy i wysi\u0142ku ni\u017c wi\u0119kszo\u015b\u0107 ludzi kiedykolwiek pomy\u015bla\u0142by o pope\u0142nieniu.<\/p>\n<p>Odpowied\u017a brzmi: po prostu kup je online, prosto z domu, i spraw, aby ceniona i zaufana us\u0142uga zadba\u0142a o wszystkie Twoje potrzeby, w tym kupowanie bilet\u00f3w na Twoje nazwisko, przechowywanie bilet\u00f3w na przechowanie, sprawdzanie numer\u00f3w i powiadamianie je\u015bli wygrasz, i pomo\u017cemy Ci spieni\u0119\u017cy\u0107 wygrane.<\/p>\n<p>Ta nowa us\u0142uga spe\u0142nia marzenia ludzi &#8211; mo\u017cliwo\u015b\u0107 kupowania los\u00f3w na loteri\u0119 online i zadbania o wszystko, sta\u0142a si\u0119 rzeczywisto\u015bci\u0105. Nie tylko mo\u017cesz bardzo wygodnie kupi\u0107 wszystkie losy EuroMillions, jakie chcesz, ale oferujemy r\u00f3wnie\u017c zakup bilet\u00f3w online na wszystkie najwi\u0119ksze i najpopularniejsze losowania loterii na \u015bwiecie.<\/p>\n<h2>Jak zap\u0142aci\u0107 za bilet Euromillions online<\/h2>\n<p>Istnieje kilka opcji p\u0142atno\u015bci, w tym przelew bankowy, karta kredytowa i Bitcoin lub inne kryptowaluty. Nasze cyfrowe protoko\u0142y szyfrowania zapewniaj\u0105 bezpiecze\u0144stwo Twoich danych.<\/p>\n<p>Mo\u017cesz zap\u0142aci\u0107 bezpo\u015brednio za swoje zam\u00f3wienia lub wp\u0142aci\u0107 dowoln\u0105 kwot\u0119, a nast\u0119pnie wykorzysta\u0107 \u015brodki na koncie klienta, aby kupi\u0107 dowoln\u0105 liczb\u0119 bilet\u00f3w online.<\/p>\n<h2>Wi\u0119cej informacji o Euromillions<\/h2>\n<ul>\n<li>Loteria odbywa si\u0119 w nast\u0119puj\u0105cych krajach: r\u00f3\u017cne kraje europejskie<\/li>\n<li>Ile g\u0142\u00f3wnych liczb do wyboru: 50<\/li>\n<li>Musisz wybra\u0107: 5<\/li>\n<li>Ile dodatkowych numer\u00f3w do wyboru: 12<\/li>\n<li>Musisz wybra\u0107: 2<\/li>\n<li>Dni losowania, godziny: wtorek, pi\u0105tek 19:30 GMT &#8211; 20:30 CET<\/li>\n<li>Minimalny jackpot: 17 milion\u00f3w euro<\/li>\n<li>Maksymalna kwota jackpota: 190 milion\u00f3w euro<\/li>\n<li>Mo\u017cliwa kombinacja liczb zapewniaj\u0105ca wygran\u0105 g\u0142\u00f3wn\u0105: 1 do 186.450.880<\/li>\n<li>Mo\u017cliwa kombinacja liczb dla wygranej 2 poziomu: 1 do 2.118.760<\/li>\n<li>Prawdopodobie\u0144stwo wygranej na dowolnym poziomie: 1 do 12,98<\/li>\n<li>Ile poziom\u00f3w nagr\u00f3d: 13<\/li>\n<li>Specjalne losowania dla Euromillions: trzy razy w roku jackpot wynosi 140 milion\u00f3w euro<\/li>\n<\/ul>\n<p>Gdy jackpot osi\u0105gnie 190 milion\u00f3w euro, zostaje ograniczony, a dalsze podwy\u017cki s\u0105 dodawane do pozosta\u0142ych nagr\u00f3d. Organizatorzy loterii uwa\u017caj\u0105 ten jackpot za wystarczaj\u0105co du\u017cy, jak si\u0119 wydaje, i jest to zdecydowanie wi\u0119cej ni\u017c wystarczaj\u0105ca ilo\u015b\u0107 pieni\u0119dzy, aby zadowoli\u0107 ka\u017cdego z nas. My\u015bl\u0105 jednak, \u017ce w tym momencie zgromadzili wystarczaj\u0105co du\u017co emocji, by zdoby\u0107 g\u0142\u00f3wn\u0105 wygran\u0105, a teraz mog\u0105 zrobi\u0107 to samo z innymi nagrodami. Ale nagrody ni\u017cszego poziomu b\u0119d\u0105 znacznie wi\u0119ksze po osi\u0105gni\u0119ciu limitu jackpota. Oznacza to, \u017ce w tym momencie <a href=\"http:\/\/onlinelotto365.com\">loteria staje si\u0119 jeszcze bardziej atrakcyjna <\/a>. W ko\u0144cu szanse na wygranie nagrody drugiego poziomu s\u0105 du\u017co wi\u0119ksze w por\u00f3wnaniu z prawdopodobie\u0144stwem wygrania jackpota.<\/p>\n<p>Ponadto Euromillions oferuje tak zwane Super Losowanie trzy razy w roku. Oznacza to, \u017ce po prostu ustawili jackpot na 130 milion\u00f3w euro. A mo\u017ce nawet urosn\u0105\u0107, je\u015bli nikt go nie wygra.<\/p>\n<h2>Jak sprawdzi\u0107 wyniki Powerball<\/h2>\n<p>Mo\u017cesz ponownie odwiedzi\u0107 nasz\u0105 witryn\u0119 internetow\u0105, aby <a href=\"https:\/\/onlinelotto365.com\/pl\/news\/sprawdz-bilet-na-loterie-online\"> sprawdzi\u0107 swoje bilety <\/a> lub je\u015bli wolisz, mo\u017cesz po prostu poczeka\u0107 e-mail, kt\u00f3ry wy\u015blemy do Ciebie, gdy wygrasz. W zale\u017cno\u015bci od tego, ile wygrasz, doradzimy Ci i pomo\u017cemy w jej zebraniu.<\/p>\n<h2>Gra\u0142e\u015b w Euromillions online i wygra\u0142e\u015b &#8211; co b\u0119dzie dalej?<\/h2>\n<p>W tym wydarzeniu lotto dost\u0119pnych jest \u0142\u0105cznie 13 r\u00f3\u017cnych nagr\u00f3d, zaczynaj\u0105c od dopasowania tylko dw\u00f3ch liczb z 5 g\u0142\u00f3wnych, do dopasowania wszystkich 5 plus obie szcz\u0119\u015bliwe gwiazdki i wygrania kwoty jackpota. Poza ogromnymi kwotami jackpot\u00f3w, <strong> EuroMillions oferuje r\u00f3wnie\u017c swoim graczom wi\u0119ksz\u0105 szans\u0119 na wygran\u0105 <\/strong> jak\u0105\u015b form\u0119 wyp\u0142aty, ni\u017c zazwyczaj ma to miejsce w du\u017cych loteriach.<\/p>\n<p>Losowania odbywaj\u0105 si\u0119 dwa razy w tygodniu, we wtorki i pi\u0105tki o godzinie 21:00 czasu brytyjskiego. Gracze wybieraj\u0105 5 liczb od 1 do 50, a tak\u017ce 2 szcz\u0119\u015bliwe liczby od 1 do 11. Oferujemy graczom mo\u017cliwo\u015b\u0107 wybrania w\u0142asnych liczb lub pozostawienia ich komputerom losowym.<\/p>\n<h2>Teraz, gdy ju\u017c wiesz, masz moc<\/h2>\n<p>Ju\u017c nie jeste\u015bmy odci\u0119ci od wielkich loterii, takich jak EuroMillions, tylko w oparciu o to, gdzie mieszkamy. Teraz mo\u017cemy kupi\u0107 dowolne losy na loteri\u0119, nawet z Polski i nikt nas nie powstrzyma. Internet naprawd\u0119 otworzy\u0142 \u015bwiat, a teraz w ko\u0144cu rozszerzy\u0142 si\u0119 na loterie. Nasze oczekiwanie ju\u017c si\u0119 sko\u0144czy\u0142o.<\/p>\n<p>Tak wi\u0119c przy tak wielu emocjach zwi\u0105zanych z loteri\u0105, kt\u00f3re s\u0105 teraz tak \u0142atwo dost\u0119pne, nie ma \u017cadnego powodu, aby odmawia\u0107 sobie zabawy, kt\u00f3ra nas czeka.<\/p>\n","protected":false},"excerpt":{"rendered":"<p>EuroMillions rozpocz\u0119\u0142o si\u0119 w 2004 r. Jako wsp\u00f3lny wysi\u0142ek mi\u0119dzy krajowymi operatorami loterii z Francji, Hiszpanii i Wielkiej Brytanii. Sformu\u0142owanie porozumienia mi\u0119dzy krajami zaj\u0119\u0142o ca\u0142e dziesi\u0119\u0107 lat, wi\u0119c gdy si\u0119 zacz\u0119\u0142o, by\u0142o zdecydowanie bardzo dobrze zorganizowane, poniewa\u017c pozostaje tak. Plan zak\u0142ada\u0142 zaoferowanie graczom loterii w tych trzech krajach mo\u017cliwo\u015bci gry o znacznie wi\u0119ksze jackpoty ni\u017c [&hellip;]<\/p>\n","protected":false},"author":1,"featured_media":0,"parent":5030,"menu_order":3,"comment_status":"closed","ping_status":"closed","template":"euromillions.php","meta":{"_et_pb_use_builder":"","_et_pb_old_content":"","_et_gb_content_width":"","exclude_from_search":false,"footnotes":""},"class_list":["post-12004","page","type-page","status-publish","hentry"],"yoast_head":"<!-- This site is optimized with the Yoast SEO plugin v23.4 - https:\/\/yoast.com\/wordpress\/plugins\/seo\/ -->\n<title>Zagraj w Euromillions online z Polski | O Euromillions, jak zdoby\u0107 bilety online<\/title>\n<meta name=\"description\" content=\"Zagraj w EuroMillions Lotto, z biletem online, nawet z Polski.\" \/>\n<meta name=\"robots\" content=\"index, follow, max-snippet:-1, max-image-preview:large, max-video-preview:-1\" \/>\n<link rel=\"canonical\" href=\"https:\/\/onlinelotto365.com\/pl\/zagraj\/euromillions\/\" \/>\n<meta property=\"og:locale\" content=\"pl_PL\" \/>\n<meta property=\"og:type\" content=\"article\" \/>\n<meta property=\"og:title\" content=\"Zagraj w Euromillions online z Polski | O Euromillions, jak zdoby\u0107 bilety online\" \/>\n<meta property=\"og:description\" content=\"Zagraj w EuroMillions Lotto, z biletem online, nawet z Polski.\" \/>\n<meta property=\"og:url\" content=\"https:\/\/onlinelotto365.com\/pl\/zagraj\/euromillions\/\" \/>\n<meta property=\"og:site_name\" content=\"OnlineLotto365\" \/>\n<meta property=\"article:modified_time\" content=\"2021-01-07T07:05:06+00:00\" \/>\n<meta property=\"og:image\" content=\"https:\/\/redfoxlotto.com\/image?size=8&amp;lottery=euromillions\" \/>\n<meta name=\"twitter:card\" content=\"summary_large_image\" \/>\n<meta name=\"twitter:label1\" content=\"Szacowany czas czytania\" \/>\n\t<meta name=\"twitter:data1\" content=\"5 minut\" \/>\n<script type=\"application\/ld+json\" class=\"yoast-schema-graph\">{\"@context\":\"https:\/\/schema.org\",\"@graph\":[{\"@type\":\"WebPage\",\"@id\":\"https:\/\/onlinelotto365.com\/pl\/zagraj\/euromillions\/\",\"url\":\"https:\/\/onlinelotto365.com\/pl\/zagraj\/euromillions\/\",\"name\":\"Zagraj w Euromillions online z Polski | O Euromillions, jak zdoby\u0107 bilety online\",\"isPartOf\":{\"@id\":\"https:\/\/onlinelotto365.com\/pl\/#website\"},\"primaryImageOfPage\":{\"@id\":\"https:\/\/onlinelotto365.com\/pl\/zagraj\/euromillions\/#primaryimage\"},\"image\":{\"@id\":\"https:\/\/onlinelotto365.com\/pl\/zagraj\/euromillions\/#primaryimage\"},\"thumbnailUrl\":\"https:\/\/redfoxlotto.com\/image?size=8&amp;lottery=euromillions\",\"datePublished\":\"2020-12-21T10:25:25+00:00\",\"dateModified\":\"2021-01-07T07:05:06+00:00\",\"description\":\"Zagraj w EuroMillions Lotto, z biletem online, nawet z Polski.\",\"breadcrumb\":{\"@id\":\"https:\/\/onlinelotto365.com\/pl\/zagraj\/euromillions\/#breadcrumb\"},\"inLanguage\":\"pl-PL\",\"potentialAction\":[{\"@type\":\"ReadAction\",\"target\":[\"https:\/\/onlinelotto365.com\/pl\/zagraj\/euromillions\/\"]}]},{\"@type\":\"ImageObject\",\"inLanguage\":\"pl-PL\",\"@id\":\"https:\/\/onlinelotto365.com\/pl\/zagraj\/euromillions\/#primaryimage\",\"url\":\"https:\/\/redfoxlotto.com\/image?size=8&amp;lottery=euromillions\",\"contentUrl\":\"https:\/\/redfoxlotto.com\/image?size=8&amp;lottery=euromillions\"},{\"@type\":\"BreadcrumbList\",\"@id\":\"https:\/\/onlinelotto365.com\/pl\/zagraj\/euromillions\/#breadcrumb\",\"itemListElement\":[{\"@type\":\"ListItem\",\"position\":1,\"name\":\"Home\",\"item\":\"https:\/\/onlinelotto365.com\/pl\/\"},{\"@type\":\"ListItem\",\"position\":2,\"name\":\"Wszystko, co musisz wiedzie\u0107 o swoich opcjach, aby gra\u0107 na najlepszych loteriach online\",\"item\":\"https:\/\/onlinelotto365.com\/pl\/zagraj\/\"},{\"@type\":\"ListItem\",\"position\":3,\"name\":\"EuroMillions jest najwi\u0119ksz\u0105 loteri\u0105 w Europie\"}]},{\"@type\":\"WebSite\",\"@id\":\"https:\/\/onlinelotto365.com\/pl\/#website\",\"url\":\"https:\/\/onlinelotto365.com\/pl\/\",\"name\":\"OnlineLotto365\",\"description\":\"\",\"potentialAction\":[{\"@type\":\"SearchAction\",\"target\":{\"@type\":\"EntryPoint\",\"urlTemplate\":\"https:\/\/onlinelotto365.com\/pl\/?s={search_term_string}\"},\"query-input\":{\"@type\":\"PropertyValueSpecification\",\"valueRequired\":true,\"valueName\":\"search_term_string\"}}],\"inLanguage\":\"pl-PL\"}]}<\/script>\n<!-- \/ Yoast SEO plugin. -->","yoast_head_json":{"title":"Zagraj w Euromillions online z Polski | O Euromillions, jak zdoby\u0107 bilety online","description":"Zagraj w EuroMillions Lotto, z biletem online, nawet z Polski.","robots":{"index":"index","follow":"follow","max-snippet":"max-snippet:-1","max-image-preview":"max-image-preview:large","max-video-preview":"max-video-preview:-1"},"canonical":"https:\/\/onlinelotto365.com\/pl\/zagraj\/euromillions\/","og_locale":"pl_PL","og_type":"article","og_title":"Zagraj w Euromillions online z Polski | O Euromillions, jak zdoby\u0107 bilety online","og_description":"Zagraj w EuroMillions Lotto, z biletem online, nawet z Polski.","og_url":"https:\/\/onlinelotto365.com\/pl\/zagraj\/euromillions\/","og_site_name":"OnlineLotto365","article_modified_time":"2021-01-07T07:05:06+00:00","og_image":[{"url":"https:\/\/redfoxlotto.com\/image?size=8&amp;lottery=euromillions"}],"twitter_card":"summary_large_image","twitter_misc":{"Szacowany czas czytania":"5 minut"},"schema":{"@context":"https:\/\/schema.org","@graph":[{"@type":"WebPage","@id":"https:\/\/onlinelotto365.com\/pl\/zagraj\/euromillions\/","url":"https:\/\/onlinelotto365.com\/pl\/zagraj\/euromillions\/","name":"Zagraj w Euromillions online z Polski | O Euromillions, jak zdoby\u0107 bilety online","isPartOf":{"@id":"https:\/\/onlinelotto365.com\/pl\/#website"},"primaryImageOfPage":{"@id":"https:\/\/onlinelotto365.com\/pl\/zagraj\/euromillions\/#primaryimage"},"image":{"@id":"https:\/\/onlinelotto365.com\/pl\/zagraj\/euromillions\/#primaryimage"},"thumbnailUrl":"https:\/\/redfoxlotto.com\/image?size=8&amp;lottery=euromillions","datePublished":"2020-12-21T10:25:25+00:00","dateModified":"2021-01-07T07:05:06+00:00","description":"Zagraj w EuroMillions Lotto, z biletem online, nawet z Polski.","breadcrumb":{"@id":"https:\/\/onlinelotto365.com\/pl\/zagraj\/euromillions\/#breadcrumb"},"inLanguage":"pl-PL","potentialAction":[{"@type":"ReadAction","target":["https:\/\/onlinelotto365.com\/pl\/zagraj\/euromillions\/"]}]},{"@type":"ImageObject","inLanguage":"pl-PL","@id":"https:\/\/onlinelotto365.com\/pl\/zagraj\/euromillions\/#primaryimage","url":"https:\/\/redfoxlotto.com\/image?size=8&amp;lottery=euromillions","contentUrl":"https:\/\/redfoxlotto.com\/image?size=8&amp;lottery=euromillions"},{"@type":"BreadcrumbList","@id":"https:\/\/onlinelotto365.com\/pl\/zagraj\/euromillions\/#breadcrumb","itemListElement":[{"@type":"ListItem","position":1,"name":"Home","item":"https:\/\/onlinelotto365.com\/pl\/"},{"@type":"ListItem","position":2,"name":"Wszystko, co musisz wiedzie\u0107 o swoich opcjach, aby gra\u0107 na najlepszych loteriach online","item":"https:\/\/onlinelotto365.com\/pl\/zagraj\/"},{"@type":"ListItem","position":3,"name":"EuroMillions jest najwi\u0119ksz\u0105 loteri\u0105 w Europie"}]},{"@type":"WebSite","@id":"https:\/\/onlinelotto365.com\/pl\/#website","url":"https:\/\/onlinelotto365.com\/pl\/","name":"OnlineLotto365","description":"","potentialAction":[{"@type":"SearchAction","target":{"@type":"EntryPoint","urlTemplate":"https:\/\/onlinelotto365.com\/pl\/?s={search_term_string}"},"query-input":{"@type":"PropertyValueSpecification","valueRequired":true,"valueName":"search_term_string"}}],"inLanguage":"pl-PL"}]}},"_links":{"self":[{"href":"https:\/\/onlinelotto365.com\/pl\/wp-json\/wp\/v2\/pages\/12004","targetHints":{"allow":["GET"]}}],"collection":[{"href":"https:\/\/onlinelotto365.com\/pl\/wp-json\/wp\/v2\/pages"}],"about":[{"href":"https:\/\/onlinelotto365.com\/pl\/wp-json\/wp\/v2\/types\/page"}],"author":[{"embeddable":true,"href":"https:\/\/onlinelotto365.com\/pl\/wp-json\/wp\/v2\/users\/1"}],"replies":[{"embeddable":true,"href":"https:\/\/onlinelotto365.com\/pl\/wp-json\/wp\/v2\/comments?post=12004"}],"version-history":[{"count":0,"href":"https:\/\/onlinelotto365.com\/pl\/wp-json\/wp\/v2\/pages\/12004\/revisions"}],"up":[{"embeddable":true,"href":"https:\/\/onlinelotto365.com\/pl\/wp-json\/wp\/v2\/pages\/5030"}],"wp:attachment":[{"href":"https:\/\/onlinelotto365.com\/pl\/wp-json\/wp\/v2\/media?parent=12004"}],"curies":[{"name":"wp","href":"https:\/\/api.w.org\/{rel}","templated":true}]}}