{"id":12006,"date":"2020-12-21T11:26:17","date_gmt":"2020-12-21T10:26:17","guid":{"rendered":"http:\/\/onlinelotto365.net\/?page_id=12006"},"modified":"2021-01-07T08:05:19","modified_gmt":"2021-01-07T07:05:19","slug":"eurojackpot","status":"publish","type":"page","link":"https:\/\/onlinelotto365.com\/pl\/zagraj\/eurojackpot\/","title":{"rendered":"Zagraj w Eurojackpota z biletem online"},"content":{"rendered":"<h2>O Eurojackpot<\/h2>\n<p>Ta europejska loteria powsta\u0142a dzi\u0119ki wsp\u00f3\u0142pracy wielu europejskich organ\u00f3w ds. Loterii. Obecnie mo\u017cesz gra\u0107 w Eurojackpot z losami dost\u0119pnymi w lokalnym sklepie lotto, je\u015bli mieszkasz w jednym z uczestnicz\u0105cych kraj\u00f3w. Kraje te to Chorwacja, Czechy, Dania, Estonia, Finlandia, Niemcy, W\u0119gry, Islandia, W\u0142ochy, \u0141otwa, Litwa, Norwegia, Polska, S\u0142owacja, S\u0142owenia, Hiszpania, Szwecja i Holandia.<br \/>\n<a href=\"https:\/\/redfoxlotto.com\/pl\/eurojackpot\/?ref=a8564250a2&amp;medium=ol365\" target=\"_blank\" rel=\"noopener noreferrer\"> <img decoding=\"async\" class=\"aligncenter\" src=\"https:\/\/redfoxlotto.com\/image?size=8&amp;lottery=eurojackpot\" alt=\"Eurojackpot\" \/> <\/a><\/p>\n<p>Je\u015bli mieszkasz w kraju, kt\u00f3rego nie ma na li\u015bcie, jedyn\u0105 opcj\u0105 jest gra w Eurojackpot online. Gdy odkryjesz t\u0119 opcj\u0119, zobaczysz, \u017ce istnieje o wiele wi\u0119cej opcji. Nasza strona internetowa nie tylko u\u0142atwia gr\u0119 w Eurojackpot. Dajemy Ci r\u00f3wnie\u017c dost\u0119p do innych <a href=\"http:\/\/onlinelotto365.com\/pl\"> loterii \u015bwiatowej klasy z ogromnymi jackpotami <\/a>.<\/p>\n<ul>\n<li>Kraj: r\u00f3\u017cne. Kraje europejskie, patrz wy\u017cej<\/li>\n<li>G\u0142\u00f3wny zakres liczb: 50<\/li>\n<li>Musisz wybra\u0107: 5<\/li>\n<li>Zakres dodatkowych liczb: 10<\/li>\n<li>Musisz wybra\u0107: 2<\/li>\n<li>Dni, godziny losowa\u0144: pi\u0105tek,,, 21:00 CET &#8211; 21:00 CET<\/li>\n<li>Jackpot zaczyna si\u0119 od: 10 milion\u00f3w euro<\/li>\n<li>Jackpot jest ograniczony do: 90 milion\u00f3w euro<\/li>\n<li>Szansa na wygranie g\u0142\u00f3wnej nagrody: 1 na 135600640<\/li>\n<li>Szansa na drug\u0105 nagrod\u0119: 1 na 2118760<\/li>\n<li>Szansa na wygranie dowolnej nagrody: 1 na 26,39<\/li>\n<li>Liczba kategorii nagr\u00f3d: 12<\/li>\n<\/ul>\n<h2>Najlepsze funkcje Eurojackpot<\/h2>\n<p>Na pocz\u0105tku zauwa\u017cysz, \u017ce jackpot zawsze zaczyna si\u0119 od kwoty co najmniej 10 milion\u00f3w euro. Ale nale\u017cy r\u00f3wnie\u017c zauwa\u017cy\u0107, \u017ce drugi poziom nagr\u00f3d jest r\u00f3wnie\u017c do\u015b\u0107 atrakcyjny i ma znacznie lepsze szanse. Aby wygra\u0107 drug\u0105 nagrod\u0119, musisz mie\u0107 poprawnie wszystkie 5 g\u0142\u00f3wnych liczb oraz jedn\u0105 z dw\u00f3ch dodatkowych liczb. Szanse na to wynosz\u0105 oko\u0142o 1 na 2 miliony, a wygranie tej nagrody zwykle zapewnia wyp\u0142at\u0119 mi\u0119dzy 100 000 a 500 000 EUR. To z pewno\u015bci\u0105 wystarczaj\u0105cy pow\u00f3d, aby gra\u0107 w Eurojackpot.<\/p>\n<p>Ale g\u0142\u00f3wnym powodem, dla kt\u00f3rego zawsze powiniene\u015b mie\u0107 oko na Eurojackpot, jest to, co si\u0119 stanie, je\u015bli jackpot osi\u0105gnie 90 milion\u00f3w euro, co zwykle ma miejsce kilka razy w roku. Jak tylko jackpot przekroczy pr\u00f3g 40 milion\u00f3w euro, zwykle ro\u015bnie do\u015b\u0107 szybko, poniewa\u017c wi\u0119cej os\u00f3b gra w Eurojackpot i sprzedaje si\u0119 wi\u0119cej bilet\u00f3w. A wi\u0119c co si\u0119 stanie, gdy osi\u0105gnie sw\u00f3j limit 90 milion\u00f3w euro?<\/p>\n<p>W tym momencie wszystkie dodatkowe pieni\u0105dze wydane przez graczy nie zwi\u0119ksz\u0105 jackpota. Zamiast tego fundusze te przejd\u0105 do drugiej kategorii nagr\u00f3d. Tak wi\u0119c przy nast\u0119pnym losowaniu mo\u017cesz nie tylko zagra\u0107 w Eurojackpot online o jackpot o warto\u015bci 90 milion\u00f3w euro, ale mo\u017cesz r\u00f3wnie\u017c spodziewa\u0107 si\u0119 znacznie wi\u0119kszej wyp\u0142aty, je\u015bli wygrasz na drugim poziomie. Dop\u00f3ki jackpot o warto\u015bci 90 milion\u00f3w euro nie zostanie z\u0142amany, mo\u017ce zosta\u0107 wygrana nagroda drugiego stopnia, ale przy ka\u017cdym losowaniu b\u0119d\u0105 dodawane nowe pieni\u0105dze.<\/p>\n<h2>Jak sprawdzi\u0107 wyniki Eurojackpot<\/h2>\n<p><a href=\"https:\/\/onlinelotto365.com\/pl\/numery-wygranych\/euromillions\"> Sprawd\u017a wyniki <\/a> na jednej z oficjalnych witryn loterii w kraju uczestnicz\u0105cym lub, wygodniej, odwied\u017a nasz\u0105 witryn\u0119 internetow\u0105, gdzie mo\u017cesz znajd\u017a najnowsze wyniki najbardziej spektakularnych loterii na \u015bwiecie. Oczywi\u015bcie opr\u00f3cz mo\u017cliwo\u015bci grania w Eurojackpot, masz r\u00f3wnie\u017c mo\u017cliwo\u015b\u0107 wybrania loterii, kt\u00f3ra ma obecnie najwy\u017cszy jackpot i zagrania w t\u0119 loteri\u0119 online.<\/p>\n<h2>Gra\u0142e\u015b w Eurojackpot online i wygra\u0142e\u015b &#8211; co b\u0119dzie dalej?<\/h2>\n<p>Gdy dowiesz si\u0119, \u017ce co\u015b wygra\u0142e\u015b w Eurojackpot, otrzymasz od nas r\u00f3wnie\u017c powiadomienie e-mail. Zawsze powiadomimy naszych zwyci\u0119zc\u00f3w, wi\u0119c nie ma szans, \u017ce przegapisz wygran\u0105. A przy wszystkich mniejszych wygranych (mniejszych lub r\u00f3wnych 2500 \u20ac), pieni\u0105dze, kt\u00f3re wygra\u0142e\u015b, znajdziesz ju\u017c na swoim koncie gracza. \u015arodki b\u0119d\u0105 do Twojej dyspozycji do wyp\u0142aty wkr\u00f3tce po losowaniu. Oczywi\u015bcie mo\u017cesz r\u00f3wnie\u017c zrezygnowa\u0107 z wyp\u0142aty lub za\u017c\u0105da\u0107 wyp\u0142aty cz\u0119\u015bci salda. Niezale\u017cnie od tego, jakie b\u0119dzie Twoje saldo, mo\u017cesz u\u017cy\u0107 tego do gry w lotto online i <a href=\"https:\/\/onlinelotto365.com\/pl\/kup-bilety\"> kupi\u0107 nowe kupony <\/a>.<\/p>\n","protected":false},"excerpt":{"rendered":"<p>O Eurojackpot Ta europejska loteria powsta\u0142a dzi\u0119ki wsp\u00f3\u0142pracy wielu europejskich organ\u00f3w ds. Loterii. Obecnie mo\u017cesz gra\u0107 w Eurojackpot z losami dost\u0119pnymi w lokalnym sklepie lotto, je\u015bli mieszkasz w jednym z uczestnicz\u0105cych kraj\u00f3w. Kraje te to Chorwacja, Czechy, Dania, Estonia, Finlandia, Niemcy, W\u0119gry, Islandia, W\u0142ochy, \u0141otwa, Litwa, Norwegia, Polska, S\u0142owacja, S\u0142owenia, Hiszpania, Szwecja i Holandia. Je\u015bli [&hellip;]<\/p>\n","protected":false},"author":1,"featured_media":0,"parent":5030,"menu_order":4,"comment_status":"closed","ping_status":"closed","template":"eurojackpot.php","meta":{"_et_pb_use_builder":"","_et_pb_old_content":"","_et_gb_content_width":"","exclude_from_search":false,"footnotes":""},"class_list":["post-12006","page","type-page","status-publish","hentry"],"yoast_head":"<!-- This site is optimized with the Yoast SEO plugin v23.4 - https:\/\/yoast.com\/wordpress\/plugins\/seo\/ -->\n<title>Zagraj w Eurojackpota online tutaj<\/title>\n<meta name=\"description\" content=\"Legalny i \u0142atwy spos\u00f3b na gr\u0119 w Eurojackpota online i z Polski\" \/>\n<meta name=\"robots\" content=\"index, follow, max-snippet:-1, max-image-preview:large, max-video-preview:-1\" \/>\n<link rel=\"canonical\" href=\"https:\/\/onlinelotto365.com\/pl\/zagraj\/eurojackpot\/\" \/>\n<meta property=\"og:locale\" content=\"pl_PL\" \/>\n<meta property=\"og:type\" content=\"article\" \/>\n<meta property=\"og:title\" content=\"Zagraj w Eurojackpota online tutaj\" \/>\n<meta property=\"og:description\" content=\"Legalny i \u0142atwy spos\u00f3b na gr\u0119 w Eurojackpota online i z Polski\" \/>\n<meta property=\"og:url\" content=\"https:\/\/onlinelotto365.com\/pl\/zagraj\/eurojackpot\/\" \/>\n<meta property=\"og:site_name\" content=\"OnlineLotto365\" \/>\n<meta property=\"article:modified_time\" content=\"2021-01-07T07:05:19+00:00\" \/>\n<meta property=\"og:image\" content=\"https:\/\/redfoxlotto.com\/image?size=8&amp;lottery=eurojackpot\" \/>\n<meta name=\"twitter:card\" content=\"summary_large_image\" \/>\n<meta name=\"twitter:label1\" content=\"Szacowany czas czytania\" \/>\n\t<meta name=\"twitter:data1\" content=\"3 minuty\" \/>\n<script type=\"application\/ld+json\" class=\"yoast-schema-graph\">{\"@context\":\"https:\/\/schema.org\",\"@graph\":[{\"@type\":\"WebPage\",\"@id\":\"https:\/\/onlinelotto365.com\/pl\/zagraj\/eurojackpot\/\",\"url\":\"https:\/\/onlinelotto365.com\/pl\/zagraj\/eurojackpot\/\",\"name\":\"Zagraj w Eurojackpota online tutaj\",\"isPartOf\":{\"@id\":\"https:\/\/onlinelotto365.com\/pl\/#website\"},\"primaryImageOfPage\":{\"@id\":\"https:\/\/onlinelotto365.com\/pl\/zagraj\/eurojackpot\/#primaryimage\"},\"image\":{\"@id\":\"https:\/\/onlinelotto365.com\/pl\/zagraj\/eurojackpot\/#primaryimage\"},\"thumbnailUrl\":\"https:\/\/redfoxlotto.com\/image?size=8&amp;lottery=eurojackpot\",\"datePublished\":\"2020-12-21T10:26:17+00:00\",\"dateModified\":\"2021-01-07T07:05:19+00:00\",\"description\":\"Legalny i \u0142atwy spos\u00f3b na gr\u0119 w Eurojackpota online i z Polski\",\"breadcrumb\":{\"@id\":\"https:\/\/onlinelotto365.com\/pl\/zagraj\/eurojackpot\/#breadcrumb\"},\"inLanguage\":\"pl-PL\",\"potentialAction\":[{\"@type\":\"ReadAction\",\"target\":[\"https:\/\/onlinelotto365.com\/pl\/zagraj\/eurojackpot\/\"]}]},{\"@type\":\"ImageObject\",\"inLanguage\":\"pl-PL\",\"@id\":\"https:\/\/onlinelotto365.com\/pl\/zagraj\/eurojackpot\/#primaryimage\",\"url\":\"https:\/\/redfoxlotto.com\/image?size=8&amp;lottery=eurojackpot\",\"contentUrl\":\"https:\/\/redfoxlotto.com\/image?size=8&amp;lottery=eurojackpot\"},{\"@type\":\"BreadcrumbList\",\"@id\":\"https:\/\/onlinelotto365.com\/pl\/zagraj\/eurojackpot\/#breadcrumb\",\"itemListElement\":[{\"@type\":\"ListItem\",\"position\":1,\"name\":\"Home\",\"item\":\"https:\/\/onlinelotto365.com\/pl\/\"},{\"@type\":\"ListItem\",\"position\":2,\"name\":\"Wszystko, co musisz wiedzie\u0107 o swoich opcjach, aby gra\u0107 na najlepszych loteriach online\",\"item\":\"https:\/\/onlinelotto365.com\/pl\/zagraj\/\"},{\"@type\":\"ListItem\",\"position\":3,\"name\":\"Zagraj w Eurojackpota z biletem online\"}]},{\"@type\":\"WebSite\",\"@id\":\"https:\/\/onlinelotto365.com\/pl\/#website\",\"url\":\"https:\/\/onlinelotto365.com\/pl\/\",\"name\":\"OnlineLotto365\",\"description\":\"\",\"potentialAction\":[{\"@type\":\"SearchAction\",\"target\":{\"@type\":\"EntryPoint\",\"urlTemplate\":\"https:\/\/onlinelotto365.com\/pl\/?s={search_term_string}\"},\"query-input\":{\"@type\":\"PropertyValueSpecification\",\"valueRequired\":true,\"valueName\":\"search_term_string\"}}],\"inLanguage\":\"pl-PL\"}]}<\/script>\n<!-- \/ Yoast SEO plugin. -->","yoast_head_json":{"title":"Zagraj w Eurojackpota online tutaj","description":"Legalny i \u0142atwy spos\u00f3b na gr\u0119 w Eurojackpota online i z Polski","robots":{"index":"index","follow":"follow","max-snippet":"max-snippet:-1","max-image-preview":"max-image-preview:large","max-video-preview":"max-video-preview:-1"},"canonical":"https:\/\/onlinelotto365.com\/pl\/zagraj\/eurojackpot\/","og_locale":"pl_PL","og_type":"article","og_title":"Zagraj w Eurojackpota online tutaj","og_description":"Legalny i \u0142atwy spos\u00f3b na gr\u0119 w Eurojackpota online i z Polski","og_url":"https:\/\/onlinelotto365.com\/pl\/zagraj\/eurojackpot\/","og_site_name":"OnlineLotto365","article_modified_time":"2021-01-07T07:05:19+00:00","og_image":[{"url":"https:\/\/redfoxlotto.com\/image?size=8&amp;lottery=eurojackpot"}],"twitter_card":"summary_large_image","twitter_misc":{"Szacowany czas czytania":"3 minuty"},"schema":{"@context":"https:\/\/schema.org","@graph":[{"@type":"WebPage","@id":"https:\/\/onlinelotto365.com\/pl\/zagraj\/eurojackpot\/","url":"https:\/\/onlinelotto365.com\/pl\/zagraj\/eurojackpot\/","name":"Zagraj w Eurojackpota online tutaj","isPartOf":{"@id":"https:\/\/onlinelotto365.com\/pl\/#website"},"primaryImageOfPage":{"@id":"https:\/\/onlinelotto365.com\/pl\/zagraj\/eurojackpot\/#primaryimage"},"image":{"@id":"https:\/\/onlinelotto365.com\/pl\/zagraj\/eurojackpot\/#primaryimage"},"thumbnailUrl":"https:\/\/redfoxlotto.com\/image?size=8&amp;lottery=eurojackpot","datePublished":"2020-12-21T10:26:17+00:00","dateModified":"2021-01-07T07:05:19+00:00","description":"Legalny i \u0142atwy spos\u00f3b na gr\u0119 w Eurojackpota online i z Polski","breadcrumb":{"@id":"https:\/\/onlinelotto365.com\/pl\/zagraj\/eurojackpot\/#breadcrumb"},"inLanguage":"pl-PL","potentialAction":[{"@type":"ReadAction","target":["https:\/\/onlinelotto365.com\/pl\/zagraj\/eurojackpot\/"]}]},{"@type":"ImageObject","inLanguage":"pl-PL","@id":"https:\/\/onlinelotto365.com\/pl\/zagraj\/eurojackpot\/#primaryimage","url":"https:\/\/redfoxlotto.com\/image?size=8&amp;lottery=eurojackpot","contentUrl":"https:\/\/redfoxlotto.com\/image?size=8&amp;lottery=eurojackpot"},{"@type":"BreadcrumbList","@id":"https:\/\/onlinelotto365.com\/pl\/zagraj\/eurojackpot\/#breadcrumb","itemListElement":[{"@type":"ListItem","position":1,"name":"Home","item":"https:\/\/onlinelotto365.com\/pl\/"},{"@type":"ListItem","position":2,"name":"Wszystko, co musisz wiedzie\u0107 o swoich opcjach, aby gra\u0107 na najlepszych loteriach online","item":"https:\/\/onlinelotto365.com\/pl\/zagraj\/"},{"@type":"ListItem","position":3,"name":"Zagraj w Eurojackpota z biletem online"}]},{"@type":"WebSite","@id":"https:\/\/onlinelotto365.com\/pl\/#website","url":"https:\/\/onlinelotto365.com\/pl\/","name":"OnlineLotto365","description":"","potentialAction":[{"@type":"SearchAction","target":{"@type":"EntryPoint","urlTemplate":"https:\/\/onlinelotto365.com\/pl\/?s={search_term_string}"},"query-input":{"@type":"PropertyValueSpecification","valueRequired":true,"valueName":"search_term_string"}}],"inLanguage":"pl-PL"}]}},"_links":{"self":[{"href":"https:\/\/onlinelotto365.com\/pl\/wp-json\/wp\/v2\/pages\/12006","targetHints":{"allow":["GET"]}}],"collection":[{"href":"https:\/\/onlinelotto365.com\/pl\/wp-json\/wp\/v2\/pages"}],"about":[{"href":"https:\/\/onlinelotto365.com\/pl\/wp-json\/wp\/v2\/types\/page"}],"author":[{"embeddable":true,"href":"https:\/\/onlinelotto365.com\/pl\/wp-json\/wp\/v2\/users\/1"}],"replies":[{"embeddable":true,"href":"https:\/\/onlinelotto365.com\/pl\/wp-json\/wp\/v2\/comments?post=12006"}],"version-history":[{"count":0,"href":"https:\/\/onlinelotto365.com\/pl\/wp-json\/wp\/v2\/pages\/12006\/revisions"}],"up":[{"embeddable":true,"href":"https:\/\/onlinelotto365.com\/pl\/wp-json\/wp\/v2\/pages\/5030"}],"wp:attachment":[{"href":"https:\/\/onlinelotto365.com\/pl\/wp-json\/wp\/v2\/media?parent=12006"}],"curies":[{"name":"wp","href":"https:\/\/api.w.org\/{rel}","templated":true}]}}