{"id":12008,"date":"2020-12-21T11:27:41","date_gmt":"2020-12-21T10:27:41","guid":{"rendered":"http:\/\/onlinelotto365.net\/?page_id=12008"},"modified":"2021-01-07T08:05:40","modified_gmt":"2021-01-07T07:05:40","slug":"superenalotto","status":"publish","type":"page","link":"https:\/\/onlinelotto365.com\/pl\/zagraj\/superenalotto\/","title":{"rendered":"Zdob\u0105d\u017a bilety na Superenalotto z dowolnego miejsca."},"content":{"rendered":"<p>Od lat ludzie pragn\u0105 gra\u0107 w loterie w innych cz\u0119\u015bciach \u015bwiata. Wyzwaniem nie by\u0142a jednak niech\u0119\u0107 r\u00f3\u017cnych <a href=\"https:\/\/onlinelotto365.com\/pl\/news\/jak-grac-w-miedzynarodowe-lotto\"> loterii do przyjmowania mi\u0119dzynarodowych graczy lotto <\/a>. Chodzi o to, \u017ce musisz fizycznie znajdowa\u0107 si\u0119 w kraju lub regionie, w kt\u00f3rym odbywa si\u0119 loteria, aby m\u00f3c prawid\u0142owo gra\u0107.<\/p>\n<p>Na pocz\u0105tek musisz <strong> odwiedzi\u0107 sprzedawc\u0119 lotto sprzedaj\u0105cego lotto, do kt\u00f3rego chcesz kupi\u0107 losy. <\/strong> Oznacza to, \u017ce jeste\u015b w kraju nie tylko raz, ale za ka\u017cdym razem, gdy chcesz kupi\u0107 losy. Oznacza to wi\u0119c podr\u00f3\u017c z Polski do W\u0142och, aby kupi\u0107 losy lotto na trzy losowania, kt\u00f3re Superenalotto organizuje co tydzie\u0144.<\/p>\n<p>Musisz wi\u0119c albo si\u0119 tam przeprowadzi\u0107, albo zatrudni\u0107 kogo\u015b we W\u0142oszech, aby zrobi\u0142 to za Ciebie. Po prostu nie jeste\u015bmy w stanie tego zrobi\u0107. Skoro ju\u017c to robisz, musia\u0142by\u015b zatrudnia\u0107 ludzi we wszystkich innych krajach, w kt\u00f3rych odbywaj\u0105 si\u0119 du\u017ce loterie, do licytowania za Ciebie. To kosztowa\u0142oby fortun\u0119.<\/p>\n<p>Ale teraz jest \u015bwietna alternatywa &#8211; <strong> po prostu graj online na naszej stronie! <\/strong><\/p>\n<p><a href=\"https:\/\/redfoxlotto.com\/pl\/superenalotto\/?ref=a8564250a2&amp;medium=ol365\" target=\"_blank\" rel=\"noopener noreferrer\"> <img decoding=\"async\" class=\"aligncenter\" src=\"https:\/\/redfoxlotto.com\/image?size=8&amp;lottery=superenalotto\" alt=\"superenalotto\" \/> <\/a><\/p>\n<h2>Mamy wszystkie Twoje potrzeby zwi\u0105zane z lotto<\/h2>\n<p>Mamy to wszystko zaplanowane, je\u015bli chodzi o to, jak wprowadzi\u0107 Ci\u0119 do gry z SuperEnaLotto, opr\u00f3cz wszystkich <a href=\"https:\/\/onlinelotto365.com\/pl\/zagraj\"> innych g\u0142\u00f3wnych loterii <\/a> w \u015bwiat. Po prostu kupujesz od nas wszystkie losy na loteri\u0119 w Internecie oraz w Polsce, a my zajmiemy si\u0119 reszt\u0105 za Ciebie.<\/p>\n<p>Kupujemy losy w Twoim imieniu i, w przeciwie\u0144stwie do zwyk\u0142ych los\u00f3w loterii, kt\u00f3re mog\u0105 by\u0107 zrealizowane przez tego, kto je posiada, przechowujemy je dla Ciebie. Nast\u0119pnie monitorujemy losowanie dla Ciebie, aby\u015b nie musia\u0142 tego robi\u0107, je\u015bli nie chcesz, i powiadamiamy Ci\u0119 za ka\u017cdym razem, gdy wygrasz.<\/p>\n<h2>Wi\u0119cej informacji o Superenalotto<\/h2>\n<ul>\n<li>Loteria odbywa si\u0119 w nast\u0119puj\u0105cych krajach: W\u0142ochy<\/li>\n<li>Ile g\u0142\u00f3wnych liczb do wyboru: 90<\/li>\n<li>Musisz wybra\u0107: 6<\/li>\n<li>Ile dodatkowych numer\u00f3w do wyboru: brak<\/li>\n<li>Musisz wybra\u0107: brak<\/li>\n<li>Dni losowania i godziny: wtorek, czwartek, sobota, 19:00 GMT, 21:00 CET<\/li>\n<li>Minimalny jackpot: 2 miliony euro<\/li>\n<li>Maksymalna kwota jackpota: brak<\/li>\n<li>Mo\u017cliwa kombinacja liczb zapewniaj\u0105ca wygran\u0105 g\u0142\u00f3wn\u0105: 1 do 622.614.630<\/li>\n<li>Mo\u017cliwa kombinacja liczb dla wygranej 2 poziomu: 1 do 103.769.105<\/li>\n<li>Prawdopodobie\u0144stwo wygranej na dowolnym poziomie: 1 do 20,58<\/li>\n<li>Ile poziom\u00f3w nagr\u00f3d: v<\/li>\n<\/ul>\n<p>Aby zagra\u0107 w Superenalotto, wybierasz 6 liczb z \u0142\u0105cznej liczby 90 mo\u017cliwych liczb. Musisz tak\u017ce wybra\u0107 to, co nazywaj\u0105 numerem Jolly, r\u00f3wnie\u017c spo\u015br\u00f3d 90.<\/p>\n<p><strong> Aby wygra\u0107 g\u0142\u00f3wn\u0105 wygran\u0105, <\/strong> musisz dopasowa\u0107 wszystkie 6 swoich zwyk\u0142ych liczb. Je\u015bli trafisz 5 plus numer Jolly, zdob\u0119dziesz drug\u0105 nagrod\u0119. 5 liczb bez numeru Jolly daje ci wyp\u0142at\u0119 za trzecie miejsce, 4 prawid\u0142owe numery daj\u0105 ci czwarte miejsce, a tylko 3 numery r\u00f3wnie\u017c daj\u0105 ci wyp\u0142at\u0119.<\/p>\n<p>Losowania odbywaj\u0105 si\u0119 3 razy w tygodniu, we wtorki, czwartki i soboty o godzinie 20:00 czasu w\u0142oskiego. Zapewniamy bie\u017c\u0105ce odliczanie do nast\u0119pnego losowania SuperEnaLotto, opr\u00f3cz wszystkich innych du\u017cych loterii, kt\u00f3re oferuj\u0105 bilety online, dzi\u0119ki czemu zawsze wiesz, ile czasu Ci zosta\u0142o.<\/p>\n<h2>Zalety gry w Superenalotto online<\/h2>\n<p>Wielu globalnych graczy <strong> loterii lubi wybiera\u0107 kilka loterii <\/strong>, zw\u0142aszcza \u017ce ka\u017cda z nich regularnie oferuje du\u017ce jackpoty. W rzeczywisto\u015bci, im wi\u0119cej rysunk\u00f3w jeste\u015b zaanga\u017cowany, tym lepiej.<\/p>\n<p>Wi\u0119c chocia\u017c jackpoty z SuperEnaLotto mog\u0105 nie r\u00f3wna\u0107 si\u0119 z niekt\u00f3rymi z wi\u0119kszych loterii, na przyk\u0142ad <a href=\"https:\/\/onlinelotto365.com\/pl\/kup-bilety\/euromillions\"> EuroMillions <\/a>, <a href=\"https:\/\/onlinelotto365.com\/pl\/kup-bilety\/powerball\"> Powerball <\/a> lub <a href=\"https:\/\/onlinelotto365.com\/pl\/kup-bilety\/mega-millions\"> Mega Miliony <\/a>, i tak b\u0119dziesz chcia\u0142 w nie zagra\u0107. Superenalotto to jednak niema\u0142y ziemniak, z typowymi jackpotami cz\u0119sto w dziesi\u0105tkach milion\u00f3w euro. Tak wi\u0119c z dodatkowymi 3 rysunkami tygodniowo, kt\u00f3re oferuje Superenalotto, to 3 wi\u0119cej rysunk\u00f3w tygodniowo wartych zabawy, ni\u017c b\u0119dziesz mie\u0107, je\u015bli nie grasz.<\/p>\n<p>Tak wi\u0119c, maj\u0105c 3 dodatkowe szanse na wygranie ogromnej nagrody, nietrudno zrozumie\u0107, dlaczego tak wielu ludzi w Polsce lubi t\u0119 loteri\u0119. Bior\u0105c pod uwag\u0119, \u017ce teraz mo\u017cesz wygodnie kupi\u0107 bilety online, nie ma powodu, aby nie gra\u0107. Tym, o co chodzi, jest rozdysponowanie pieni\u0119dzy na wi\u0119cej loterii, co znacznie zwi\u0119ksza ilo\u015b\u0107 emocji, kt\u00f3r\u0105 teraz odczuwasz graj\u0105c w loterie.<\/p>\n<p>Wi\u0119c je\u015bli masz ochot\u0119 na <strong> wi\u0119ksz\u0105 frajd\u0119 z gry na loterii <\/strong> i wiem, \u017ce takmo\u017cesz zacz\u0105\u0107 ju\u017c teraz.<\/p>\n<h2>Jak otrzymam zap\u0142at\u0119, je\u015bli wygram Superenalotto online?<\/h2>\n<p>Zapewniamy wszelk\u0105 pomoc potrzebn\u0105 do spieni\u0119\u017cenia bilet\u00f3w, od odebrania mniejszych nagr\u00f3d i natychmiastowego umieszczenia ich na koncie u nas, po odebranie i wys\u0142anie wszelkich formularzy potrzebnych do uzyskania wi\u0119kszych nagr\u00f3d lub nawet jackpot\u00f3w. Nie ma wi\u0119c powod\u00f3w do zmartwie\u0144, poniewa\u017c jest to <strong> pe\u0142na oferta obejmuj\u0105ca obs\u0142ug\u0119 na najwy\u017cszym poziomie <\/strong> i traktowanie naszych klient\u00f3w z Polski i innych kraj\u00f3w.<\/p>\n","protected":false},"excerpt":{"rendered":"<p>Od lat ludzie pragn\u0105 gra\u0107 w loterie w innych cz\u0119\u015bciach \u015bwiata. Wyzwaniem nie by\u0142a jednak niech\u0119\u0107 r\u00f3\u017cnych loterii do przyjmowania mi\u0119dzynarodowych graczy lotto . Chodzi o to, \u017ce musisz fizycznie znajdowa\u0107 si\u0119 w kraju lub regionie, w kt\u00f3rym odbywa si\u0119 loteria, aby m\u00f3c prawid\u0142owo gra\u0107. Na pocz\u0105tek musisz odwiedzi\u0107 sprzedawc\u0119 lotto sprzedaj\u0105cego lotto, do kt\u00f3rego [&hellip;]<\/p>\n","protected":false},"author":1,"featured_media":0,"parent":5030,"menu_order":5,"comment_status":"closed","ping_status":"closed","template":"superenalotto.php","meta":{"_et_pb_use_builder":"","_et_pb_old_content":"","_et_gb_content_width":"","exclude_from_search":false,"footnotes":""},"class_list":["post-12008","page","type-page","status-publish","hentry"],"yoast_head":"<!-- This site is optimized with the Yoast SEO plugin v23.4 - https:\/\/yoast.com\/wordpress\/plugins\/seo\/ -->\n<title>Zagraj w Superenalotto W\u0142ochy online z Polski | Jak kupi\u0107 bilety na Superen\u0119 online?<\/title>\n<meta name=\"description\" content=\"Ten w\u0142oski lotto jackpot mo\u017ce by\u0107 teraz wygrany przez ka\u017cdego, z ka\u017cdego miejsca - zagraj w Superenalotto bilet online teraz\" \/>\n<meta name=\"robots\" content=\"index, follow, max-snippet:-1, max-image-preview:large, max-video-preview:-1\" \/>\n<link rel=\"canonical\" href=\"https:\/\/onlinelotto365.com\/pl\/zagraj\/superenalotto\/\" \/>\n<meta property=\"og:locale\" content=\"pl_PL\" \/>\n<meta property=\"og:type\" content=\"article\" \/>\n<meta property=\"og:title\" content=\"Zagraj w Superenalotto W\u0142ochy online z Polski | Jak kupi\u0107 bilety na Superen\u0119 online?\" \/>\n<meta property=\"og:description\" content=\"Ten w\u0142oski lotto jackpot mo\u017ce by\u0107 teraz wygrany przez ka\u017cdego, z ka\u017cdego miejsca - zagraj w Superenalotto bilet online teraz\" \/>\n<meta property=\"og:url\" content=\"https:\/\/onlinelotto365.com\/pl\/zagraj\/superenalotto\/\" \/>\n<meta property=\"og:site_name\" content=\"OnlineLotto365\" \/>\n<meta property=\"article:modified_time\" content=\"2021-01-07T07:05:40+00:00\" \/>\n<meta property=\"og:image\" content=\"https:\/\/redfoxlotto.com\/image?size=8&amp;lottery=superenalotto\" \/>\n<meta name=\"twitter:card\" content=\"summary_large_image\" \/>\n<meta name=\"twitter:label1\" content=\"Szacowany czas czytania\" \/>\n\t<meta name=\"twitter:data1\" content=\"4 minuty\" \/>\n<script type=\"application\/ld+json\" class=\"yoast-schema-graph\">{\"@context\":\"https:\/\/schema.org\",\"@graph\":[{\"@type\":\"WebPage\",\"@id\":\"https:\/\/onlinelotto365.com\/pl\/zagraj\/superenalotto\/\",\"url\":\"https:\/\/onlinelotto365.com\/pl\/zagraj\/superenalotto\/\",\"name\":\"Zagraj w Superenalotto W\u0142ochy online z Polski | Jak kupi\u0107 bilety na Superen\u0119 online?\",\"isPartOf\":{\"@id\":\"https:\/\/onlinelotto365.com\/pl\/#website\"},\"primaryImageOfPage\":{\"@id\":\"https:\/\/onlinelotto365.com\/pl\/zagraj\/superenalotto\/#primaryimage\"},\"image\":{\"@id\":\"https:\/\/onlinelotto365.com\/pl\/zagraj\/superenalotto\/#primaryimage\"},\"thumbnailUrl\":\"https:\/\/redfoxlotto.com\/image?size=8&amp;lottery=superenalotto\",\"datePublished\":\"2020-12-21T10:27:41+00:00\",\"dateModified\":\"2021-01-07T07:05:40+00:00\",\"description\":\"Ten w\u0142oski lotto jackpot mo\u017ce by\u0107 teraz wygrany przez ka\u017cdego, z ka\u017cdego miejsca - zagraj w Superenalotto bilet online teraz\",\"breadcrumb\":{\"@id\":\"https:\/\/onlinelotto365.com\/pl\/zagraj\/superenalotto\/#breadcrumb\"},\"inLanguage\":\"pl-PL\",\"potentialAction\":[{\"@type\":\"ReadAction\",\"target\":[\"https:\/\/onlinelotto365.com\/pl\/zagraj\/superenalotto\/\"]}]},{\"@type\":\"ImageObject\",\"inLanguage\":\"pl-PL\",\"@id\":\"https:\/\/onlinelotto365.com\/pl\/zagraj\/superenalotto\/#primaryimage\",\"url\":\"https:\/\/redfoxlotto.com\/image?size=8&amp;lottery=superenalotto\",\"contentUrl\":\"https:\/\/redfoxlotto.com\/image?size=8&amp;lottery=superenalotto\"},{\"@type\":\"BreadcrumbList\",\"@id\":\"https:\/\/onlinelotto365.com\/pl\/zagraj\/superenalotto\/#breadcrumb\",\"itemListElement\":[{\"@type\":\"ListItem\",\"position\":1,\"name\":\"Home\",\"item\":\"https:\/\/onlinelotto365.com\/pl\/\"},{\"@type\":\"ListItem\",\"position\":2,\"name\":\"Wszystko, co musisz wiedzie\u0107 o swoich opcjach, aby gra\u0107 na najlepszych loteriach online\",\"item\":\"https:\/\/onlinelotto365.com\/pl\/zagraj\/\"},{\"@type\":\"ListItem\",\"position\":3,\"name\":\"Zdob\u0105d\u017a bilety na Superenalotto z dowolnego miejsca.\"}]},{\"@type\":\"WebSite\",\"@id\":\"https:\/\/onlinelotto365.com\/pl\/#website\",\"url\":\"https:\/\/onlinelotto365.com\/pl\/\",\"name\":\"OnlineLotto365\",\"description\":\"\",\"potentialAction\":[{\"@type\":\"SearchAction\",\"target\":{\"@type\":\"EntryPoint\",\"urlTemplate\":\"https:\/\/onlinelotto365.com\/pl\/?s={search_term_string}\"},\"query-input\":{\"@type\":\"PropertyValueSpecification\",\"valueRequired\":true,\"valueName\":\"search_term_string\"}}],\"inLanguage\":\"pl-PL\"}]}<\/script>\n<!-- \/ Yoast SEO plugin. -->","yoast_head_json":{"title":"Zagraj w Superenalotto W\u0142ochy online z Polski | Jak kupi\u0107 bilety na Superen\u0119 online?","description":"Ten w\u0142oski lotto jackpot mo\u017ce by\u0107 teraz wygrany przez ka\u017cdego, z ka\u017cdego miejsca - zagraj w Superenalotto bilet online teraz","robots":{"index":"index","follow":"follow","max-snippet":"max-snippet:-1","max-image-preview":"max-image-preview:large","max-video-preview":"max-video-preview:-1"},"canonical":"https:\/\/onlinelotto365.com\/pl\/zagraj\/superenalotto\/","og_locale":"pl_PL","og_type":"article","og_title":"Zagraj w Superenalotto W\u0142ochy online z Polski | Jak kupi\u0107 bilety na Superen\u0119 online?","og_description":"Ten w\u0142oski lotto jackpot mo\u017ce by\u0107 teraz wygrany przez ka\u017cdego, z ka\u017cdego miejsca - zagraj w Superenalotto bilet online teraz","og_url":"https:\/\/onlinelotto365.com\/pl\/zagraj\/superenalotto\/","og_site_name":"OnlineLotto365","article_modified_time":"2021-01-07T07:05:40+00:00","og_image":[{"url":"https:\/\/redfoxlotto.com\/image?size=8&amp;lottery=superenalotto"}],"twitter_card":"summary_large_image","twitter_misc":{"Szacowany czas czytania":"4 minuty"},"schema":{"@context":"https:\/\/schema.org","@graph":[{"@type":"WebPage","@id":"https:\/\/onlinelotto365.com\/pl\/zagraj\/superenalotto\/","url":"https:\/\/onlinelotto365.com\/pl\/zagraj\/superenalotto\/","name":"Zagraj w Superenalotto W\u0142ochy online z Polski | Jak kupi\u0107 bilety na Superen\u0119 online?","isPartOf":{"@id":"https:\/\/onlinelotto365.com\/pl\/#website"},"primaryImageOfPage":{"@id":"https:\/\/onlinelotto365.com\/pl\/zagraj\/superenalotto\/#primaryimage"},"image":{"@id":"https:\/\/onlinelotto365.com\/pl\/zagraj\/superenalotto\/#primaryimage"},"thumbnailUrl":"https:\/\/redfoxlotto.com\/image?size=8&amp;lottery=superenalotto","datePublished":"2020-12-21T10:27:41+00:00","dateModified":"2021-01-07T07:05:40+00:00","description":"Ten w\u0142oski lotto jackpot mo\u017ce by\u0107 teraz wygrany przez ka\u017cdego, z ka\u017cdego miejsca - zagraj w Superenalotto bilet online teraz","breadcrumb":{"@id":"https:\/\/onlinelotto365.com\/pl\/zagraj\/superenalotto\/#breadcrumb"},"inLanguage":"pl-PL","potentialAction":[{"@type":"ReadAction","target":["https:\/\/onlinelotto365.com\/pl\/zagraj\/superenalotto\/"]}]},{"@type":"ImageObject","inLanguage":"pl-PL","@id":"https:\/\/onlinelotto365.com\/pl\/zagraj\/superenalotto\/#primaryimage","url":"https:\/\/redfoxlotto.com\/image?size=8&amp;lottery=superenalotto","contentUrl":"https:\/\/redfoxlotto.com\/image?size=8&amp;lottery=superenalotto"},{"@type":"BreadcrumbList","@id":"https:\/\/onlinelotto365.com\/pl\/zagraj\/superenalotto\/#breadcrumb","itemListElement":[{"@type":"ListItem","position":1,"name":"Home","item":"https:\/\/onlinelotto365.com\/pl\/"},{"@type":"ListItem","position":2,"name":"Wszystko, co musisz wiedzie\u0107 o swoich opcjach, aby gra\u0107 na najlepszych loteriach online","item":"https:\/\/onlinelotto365.com\/pl\/zagraj\/"},{"@type":"ListItem","position":3,"name":"Zdob\u0105d\u017a bilety na Superenalotto z dowolnego miejsca."}]},{"@type":"WebSite","@id":"https:\/\/onlinelotto365.com\/pl\/#website","url":"https:\/\/onlinelotto365.com\/pl\/","name":"OnlineLotto365","description":"","potentialAction":[{"@type":"SearchAction","target":{"@type":"EntryPoint","urlTemplate":"https:\/\/onlinelotto365.com\/pl\/?s={search_term_string}"},"query-input":{"@type":"PropertyValueSpecification","valueRequired":true,"valueName":"search_term_string"}}],"inLanguage":"pl-PL"}]}},"_links":{"self":[{"href":"https:\/\/onlinelotto365.com\/pl\/wp-json\/wp\/v2\/pages\/12008","targetHints":{"allow":["GET"]}}],"collection":[{"href":"https:\/\/onlinelotto365.com\/pl\/wp-json\/wp\/v2\/pages"}],"about":[{"href":"https:\/\/onlinelotto365.com\/pl\/wp-json\/wp\/v2\/types\/page"}],"author":[{"embeddable":true,"href":"https:\/\/onlinelotto365.com\/pl\/wp-json\/wp\/v2\/users\/1"}],"replies":[{"embeddable":true,"href":"https:\/\/onlinelotto365.com\/pl\/wp-json\/wp\/v2\/comments?post=12008"}],"version-history":[{"count":0,"href":"https:\/\/onlinelotto365.com\/pl\/wp-json\/wp\/v2\/pages\/12008\/revisions"}],"up":[{"embeddable":true,"href":"https:\/\/onlinelotto365.com\/pl\/wp-json\/wp\/v2\/pages\/5030"}],"wp:attachment":[{"href":"https:\/\/onlinelotto365.com\/pl\/wp-json\/wp\/v2\/media?parent=12008"}],"curies":[{"name":"wp","href":"https:\/\/api.w.org\/{rel}","templated":true}]}}