{"id":12010,"date":"2020-12-21T11:28:39","date_gmt":"2020-12-21T10:28:39","guid":{"rendered":"http:\/\/onlinelotto365.net\/?page_id=12010"},"modified":"2021-01-07T08:05:56","modified_gmt":"2021-01-07T07:05:56","slug":"el-gordo","status":"publish","type":"page","link":"https:\/\/onlinelotto365.com\/pl\/zagraj\/el-gordo\/","title":{"rendered":"Jak mieszka\u0144cy Polski mog\u0105 uczestniczy\u0107 w El Gordo?"},"content":{"rendered":"<p>Je\u015bli mieszkasz w Hiszpanii, nie musz\u0119 Ci m\u00f3wi\u0107, jak ekscytuj\u0105ce jest El Gordo Lotto. Jednak wi\u0119kszo\u015b\u0107 graczy lotto tam nie mieszka, a wi\u0119kszo\u015b\u0107 nigdy nie s\u0142ysza\u0142a o <strong> najwi\u0119kszej loterii w Hiszpanii <\/strong>. Do niedawna nie mia\u0142o to \u017cadnego znaczenia, bo i tak nie mo\u017cna by\u0142o w ni\u0105 zagra\u0107, poniewa\u017c Hiszpania by\u0142a jedynym miejscem, w kt\u00f3rym mo\u017cna by\u0142o kupi\u0107 bilety.<\/p>\n<p>Dzi\u0119ki magii internetu ponad 150 000 graczy z ponad 140 kraj\u00f3w, w tym z Polski, mo\u017ce si\u0119 cieszy\u0107 <strong> gr\u0105 online w El Gordo <\/strong>. Aby kupi\u0107 bilety teraz, wystarczy wiedzie\u0107, gdzie mo\u017cna je kupi\u0107 online. Tutaj jeste\u015bmy tutaj, aby Ci pom\u00f3c.<\/p>\n<p>Nasza wspania\u0142a nowa us\u0142uga nie tylko umo\u017cliwia kupowanie los\u00f3w do El Gordo Lotto online, ale tak\u017ce umo\u017cliwia kupowanie los\u00f3w online do wszystkich innych najwi\u0119kszych loterii na \u015bwiecie. U\u0142atwiamy Ci to niezwykle \u0142atwo iw ci\u0105gu kilku kr\u00f3tkich minut mo\u017cesz odebra\u0107 dowoln\u0105 liczb\u0119 los\u00f3w na nast\u0119pne losowanie, opr\u00f3cz ka\u017cdego innego du\u017cego losu na loteri\u0119, kt\u00f3ry chcesz.<\/p>\n<p>Dzi\u0119ki naszej us\u0142udze online <strong> emocje zwi\u0105zane z gr\u0105 w loteri\u0119 <\/strong> wzros\u0142y do \u200b\u200bepickich rozmiar\u00f3w. We\u017a pod uwag\u0119, jak bardzo cieszysz si\u0119 teraz loteri\u0105, pomn\u00f3\u017c to dziesi\u0119\u0107 lub dwadzie\u015bcia razy i wyobra\u017a sobie, jak by to by\u0142o. Nast\u0119pnie po prostu zarejestruj konto tutaj i przygotuj si\u0119, aby to wszystko si\u0119 wydarzy\u0142o.<\/p>\n<p><a href=\"https:\/\/redfoxlotto.com\/pl\/graj\/el-gordo-primitiva\/?ref=a8564250a2&amp;medium=ol365\" target=\"_blank\" rel=\"noopener noreferrer\"> <img decoding=\"async\" class=\"aligncenter\" src=\"https:\/\/redfoxlotto.com\/image?size=8&amp;lottery=el-gordo-primitiva\" alt=\"el gordo la primitiva\" \/> <\/a><\/p>\n<h2>El Gordo oznacza wielkiego<\/h2>\n<p>Wszystkie jackpoty El Gordo s\u0105 ogromne, co jest czym\u015b, co wszyscy gracze lotto absolutnie kochaj\u0105. Dawno min\u0119\u0142y czasy, kiedy trzeba by\u0142o czeka\u0107 do\u015b\u0107 d\u0142ugo, maj\u0105c nadziej\u0119, \u017ce jackpot Twojej ulubionej loterii b\u0119dzie r\u00f3s\u0142 i r\u00f3s\u0142, a\u017c w ko\u0144cu stanie si\u0119 na tyle ogromny, \u017ce ludzie wpadn\u0105 w siebie na <a href=\"https:\/\/onlinelotto365.com\/pl\/kup-bilety\"> kup bilety <\/a>. Obecnie na ca\u0142ym \u015bwiecie jest wiele loterii, kt\u00f3re rozpoczynaj\u0105 si\u0119 od ogromnych jackpot\u00f3w, a staj\u0105 si\u0119 coraz wi\u0119ksze. Ta loteria jest zdecydowanie jedn\u0105 z tych. Na przyk\u0142ad, w chwili pisania tego tekstu, obecny jackpot wynosi 23 miliony euro.<\/p>\n<p>Poza tym, je\u015bli kochasz takie du\u017ce jackpoty, a jestem pewien, \u017ce wszyscy to lubimy, jest dla Ciebie o wiele wi\u0119cej, sk\u0105d si\u0119 wzi\u0119\u0142y, a niekt\u00f3re nawet <a href=\"https:\/\/onlinelotto365.com\/pl\/news\/najlepsze-loterie-na-swiecie\"> znacznie wi\u0119ksze wygrane <\/a>. Jednak nie chodzi tylko o granie w jedn\u0105, b\u0119dziesz chcia\u0142 <strong> zagra\u0107 przynajmniej w kilka z tych loterii <\/strong>, a El Gordo jest z pewno\u015bci\u0105 tak\u0105, w kt\u00f3r\u0105 warto zagra\u0107.<\/p>\n<h2>O El Gordo<\/h2>\n<ul>\n<li>Kraj: Hiszpania<\/li>\n<li><span style=\"font-size: 16px;\"> G\u0142\u00f3wny zakres liczbowy: 54 <\/span><\/li>\n<li>Wybierasz: 5<\/li>\n<li>Zakres dodatkowych liczb: brak<\/li>\n<li>Wybierasz: brak<\/li>\n<li>Dni losowania i godziny: niedziela, 21:30 CET, 21:30 CET<\/li>\n<li>Minimalny jackpot: 4 miliony euro<\/li>\n<li>Limit jackpota na maksimum: brak maksimum<\/li>\n<li>Prawdopodobie\u0144stwo wygrania g\u0142\u00f3wnej nagrody: 1 do 31.625.100<\/li>\n<li>Prawdopodobie\u0144stwo wygranej 2 poziomu: 1 do 3.513.900<\/li>\n<li>Prawdopodobie\u0144stwo wygranej na dowolnym poziomie: 1 do 6,16<\/li>\n<li>Specjalne wydarzenia dla El Gordo: \u015awi\u0105teczna oferta specjalna<\/li>\n<\/ul>\n<p>Podobnie jak wiele du\u017cych loterii, losowanie sk\u0142ada si\u0119 z dw\u00f3ch cz\u0119\u015bci. Pierwsza polega na wytypowaniu 5 liczb spo\u015br\u00f3d 54 liczb. Je\u015bli to zrobisz, czeka na Ciebie bardzo du\u017ca nagroda. Nast\u0119pnie, je\u015bli oboje dopasujesz swoje 5 liczb i dopasujesz sw\u00f3j kluczowy numer od 1 do 9, zrobi\u0142e\u015b to i trafi\u0142e\u015b du\u017cy jackpot.<\/p>\n<p>W El Gordo jest \u0142\u0105cznie 9 r\u00f3\u017cnych kategorii nagr\u00f3d, zaczynaj\u0105c od dopasowania krytycznej liczby od 1 do 9, a\u017c do du\u017cej. Wi\u0119c chocia\u017c wszyscy naprawd\u0119 chcemy wygra\u0107 jackpoty, z pewno\u015bci\u0105 fajnie jest wygra\u0107 dowoln\u0105 kwot\u0119, a najpopularniejsza hiszpa\u0144ska loteria daje Ci jeszcze wi\u0119ksz\u0105 szans\u0119 na osi\u0105gni\u0119cie tego celu ni\u017c inne loterie.<\/p>\n<p>Ponadto, w przeciwie\u0144stwie do niekt\u00f3rych kraj\u00f3w, <a href=\"https:\/\/onlinelotto365.com\/pl\/news\/ktore-loterie-i-kraje-pobieraja-podatki-od-wygranych\"> <strong> wygrane na loterii w Hiszpanii s\u0105 bezp\u0142atnie <\/strong> <\/a>. Mo\u017cesz lub nie musisz zadeklarowa\u0107 swoje wygrane rz\u0105dowi, w zale\u017cno\u015bci od miejsca zamieszkania, ale niekt\u00f3re miejsca pobieraj\u0105 podatek u \u017ar\u00f3d\u0142a od wygranych na loterii, nawet je\u015bli wygrane na loterii mog\u0105 by\u0107 wolne od podatku w Twoim kraju. Chocia\u017c mo\u017cesz odzyska\u0107 te pieni\u0105dze, jest to niedogodno\u015b\u0107, o kt\u00f3r\u0105 nie musisz si\u0119 martwi\u0107 w El Gordo.<\/p>\n<p>Jednak nawet w krajach, kt\u00f3re to robi\u0105, za ka\u017cdym razem, gdy trafisz jackpot, pieni\u0105dze, kt\u00f3re otrzymasz z g\u00f3ry, z potr\u0105ceniem podatku lub bez niego, z pewno\u015bci\u0105 i tak wystarcz\u0105 Ci na d\u0142ugi czas, wi\u0119c nie powinno to ci\u0119 tak naprawd\u0119 martwi\u0107. Nie powiniene\u015b te\u017c podr\u00f3\u017cowa\u0107 do Hiszpanii, aby odebra\u0107 miliony. Prawdopodobnie b\u0119dziesz podr\u00f3\u017cowa\u0107 znacznie wi\u0119cej ni\u017c to i r\u00f3wnie dobrze mo\u017cesz rozpocz\u0105\u0107 karier\u0119 jako dowcipny my\u015bliwiec odrzutowyh tej podr\u00f3\u017cy.<\/p>\n<h2>Dlaczego przegapi\u0107 El Gordo, skoro nie musisz teraz?<\/h2>\n<p>Od lat mia\u0142e\u015b dobr\u0105 wym\u00f3wk\u0119, \u017ceby nie gra\u0107 w El Gordo Lotto, poniewa\u017c mieszkasz w Polsce, a nie w Hiszpanii. Na szcz\u0119\u015bcie tak si\u0119 ju\u017c nie dzieje. Kto wie, ile pieni\u0119dzy m\u00f3g\u0142by\u015b wygra\u0107, gdyby\u015b gra\u0142 w t\u0119 i wszystkie inne najwi\u0119ksze loterie na \u015bwiecie przez ca\u0142y czas?<\/p>\n<p>C\u00f3\u017c, nie musisz si\u0119 ju\u017c nad tym zastanawia\u0107, poniewa\u017c teraz przenosimy El Gordo bezpo\u015brednio do twojego domu, dok\u0142adnie tam, gdzie teraz siedzisz. Wiem, \u017ce <strong> uwielbiasz gra\u0107 na loterii <\/strong> albo nie czyta\u0142by\u015b tego. Dlaczego nie zafundowa\u0107 sobie losu na loteri\u0119 El Gordo ju\u017c teraz? Skoro ju\u017c to robisz, dlaczego nie sprawdzisz wszystkiego, co mamy Ci do zaoferowania?<\/p>\n<h2>Jak sprawdzi\u0107 wyniki El Gordo<\/h2>\n<p>Mo\u017cesz tu wr\u00f3ci\u0107, aby <a href=\"https:\/\/onlinelotto365.com\/pl\/numery-wygranych\/el-gordo\"> sprawdzi\u0107 zwyci\u0119skie liczby <\/a> i por\u00f3wna\u0107 je ze swoimi kuponami El Gordo. Poka\u017cemy Ci najnowsze zwyci\u0119skie liczby obok numer\u00f3w Twojego w\u0142asnego kuponu. Oczywi\u015bcie mo\u017cesz r\u00f3wnie\u017c sprawdzi\u0107, ile wygra\u0142e\u015b, je\u015bli to zrobi\u0142e\u015b.<\/p>\n<p>Przesy\u0142anie wygranych na konto jest r\u00f3wnie\u017c cz\u0119\u015bci\u0105 naszej us\u0142ugi. Spos\u00f3b zap\u0142aty zale\u017cy od tego, ile wygra\u0142e\u015b. Nie pobieramy \u017cadnych pieni\u0119dzy z Twoich wygranych za t\u0119 us\u0142ug\u0119.<\/p>\n","protected":false},"excerpt":{"rendered":"<p>Je\u015bli mieszkasz w Hiszpanii, nie musz\u0119 Ci m\u00f3wi\u0107, jak ekscytuj\u0105ce jest El Gordo Lotto. Jednak wi\u0119kszo\u015b\u0107 graczy lotto tam nie mieszka, a wi\u0119kszo\u015b\u0107 nigdy nie s\u0142ysza\u0142a o najwi\u0119kszej loterii w Hiszpanii . Do niedawna nie mia\u0142o to \u017cadnego znaczenia, bo i tak nie mo\u017cna by\u0142o w ni\u0105 zagra\u0107, poniewa\u017c Hiszpania by\u0142a jedynym miejscem, w kt\u00f3rym [&hellip;]<\/p>\n","protected":false},"author":1,"featured_media":0,"parent":5030,"menu_order":6,"comment_status":"closed","ping_status":"closed","template":"el-gordo.php","meta":{"_et_pb_use_builder":"","_et_pb_old_content":"","_et_gb_content_width":"","exclude_from_search":false,"footnotes":""},"class_list":["post-12010","page","type-page","status-publish","hentry"],"yoast_head":"<!-- This site is optimized with the Yoast SEO plugin v23.4 - https:\/\/yoast.com\/wordpress\/plugins\/seo\/ -->\n<title>Zagraj w El Gordo online z Polski | Czy mog\u0119 uczestniczy\u0107 w El Gordo je\u015bli mieszkam w Polsce<\/title>\n<meta name=\"description\" content=\"Zagraj w El Gordo Lotto tutaj - najwi\u0119ksz\u0105 hiszpa\u0144sk\u0105 loteri\u0119, dost\u0119pn\u0105 online z Polski\" \/>\n<meta name=\"robots\" content=\"index, follow, max-snippet:-1, max-image-preview:large, max-video-preview:-1\" \/>\n<link rel=\"canonical\" href=\"https:\/\/onlinelotto365.com\/pl\/zagraj\/el-gordo\/\" \/>\n<meta property=\"og:locale\" content=\"pl_PL\" \/>\n<meta property=\"og:type\" content=\"article\" \/>\n<meta property=\"og:title\" content=\"Zagraj w El Gordo online z Polski | Czy mog\u0119 uczestniczy\u0107 w El Gordo je\u015bli mieszkam w Polsce\" \/>\n<meta property=\"og:description\" content=\"Zagraj w El Gordo Lotto tutaj - najwi\u0119ksz\u0105 hiszpa\u0144sk\u0105 loteri\u0119, dost\u0119pn\u0105 online z Polski\" \/>\n<meta property=\"og:url\" content=\"https:\/\/onlinelotto365.com\/pl\/zagraj\/el-gordo\/\" \/>\n<meta property=\"og:site_name\" content=\"OnlineLotto365\" \/>\n<meta property=\"article:modified_time\" content=\"2021-01-07T07:05:56+00:00\" \/>\n<meta property=\"og:image\" content=\"https:\/\/redfoxlotto.com\/image?size=8&amp;lottery=el-gordo-primitiva\" \/>\n<meta name=\"twitter:card\" content=\"summary_large_image\" \/>\n<meta name=\"twitter:label1\" content=\"Szacowany czas czytania\" \/>\n\t<meta name=\"twitter:data1\" content=\"5 minut\" \/>\n<script type=\"application\/ld+json\" class=\"yoast-schema-graph\">{\"@context\":\"https:\/\/schema.org\",\"@graph\":[{\"@type\":\"WebPage\",\"@id\":\"https:\/\/onlinelotto365.com\/pl\/zagraj\/el-gordo\/\",\"url\":\"https:\/\/onlinelotto365.com\/pl\/zagraj\/el-gordo\/\",\"name\":\"Zagraj w El Gordo online z Polski | Czy mog\u0119 uczestniczy\u0107 w El Gordo je\u015bli mieszkam w Polsce\",\"isPartOf\":{\"@id\":\"https:\/\/onlinelotto365.com\/pl\/#website\"},\"primaryImageOfPage\":{\"@id\":\"https:\/\/onlinelotto365.com\/pl\/zagraj\/el-gordo\/#primaryimage\"},\"image\":{\"@id\":\"https:\/\/onlinelotto365.com\/pl\/zagraj\/el-gordo\/#primaryimage\"},\"thumbnailUrl\":\"https:\/\/redfoxlotto.com\/image?size=8&amp;lottery=el-gordo-primitiva\",\"datePublished\":\"2020-12-21T10:28:39+00:00\",\"dateModified\":\"2021-01-07T07:05:56+00:00\",\"description\":\"Zagraj w El Gordo Lotto tutaj - najwi\u0119ksz\u0105 hiszpa\u0144sk\u0105 loteri\u0119, dost\u0119pn\u0105 online z Polski\",\"breadcrumb\":{\"@id\":\"https:\/\/onlinelotto365.com\/pl\/zagraj\/el-gordo\/#breadcrumb\"},\"inLanguage\":\"pl-PL\",\"potentialAction\":[{\"@type\":\"ReadAction\",\"target\":[\"https:\/\/onlinelotto365.com\/pl\/zagraj\/el-gordo\/\"]}]},{\"@type\":\"ImageObject\",\"inLanguage\":\"pl-PL\",\"@id\":\"https:\/\/onlinelotto365.com\/pl\/zagraj\/el-gordo\/#primaryimage\",\"url\":\"https:\/\/redfoxlotto.com\/image?size=8&amp;lottery=el-gordo-primitiva\",\"contentUrl\":\"https:\/\/redfoxlotto.com\/image?size=8&amp;lottery=el-gordo-primitiva\"},{\"@type\":\"BreadcrumbList\",\"@id\":\"https:\/\/onlinelotto365.com\/pl\/zagraj\/el-gordo\/#breadcrumb\",\"itemListElement\":[{\"@type\":\"ListItem\",\"position\":1,\"name\":\"Home\",\"item\":\"https:\/\/onlinelotto365.com\/pl\/\"},{\"@type\":\"ListItem\",\"position\":2,\"name\":\"Wszystko, co musisz wiedzie\u0107 o swoich opcjach, aby gra\u0107 na najlepszych loteriach online\",\"item\":\"https:\/\/onlinelotto365.com\/pl\/zagraj\/\"},{\"@type\":\"ListItem\",\"position\":3,\"name\":\"Jak mieszka\u0144cy Polski mog\u0105 uczestniczy\u0107 w El Gordo?\"}]},{\"@type\":\"WebSite\",\"@id\":\"https:\/\/onlinelotto365.com\/pl\/#website\",\"url\":\"https:\/\/onlinelotto365.com\/pl\/\",\"name\":\"OnlineLotto365\",\"description\":\"\",\"potentialAction\":[{\"@type\":\"SearchAction\",\"target\":{\"@type\":\"EntryPoint\",\"urlTemplate\":\"https:\/\/onlinelotto365.com\/pl\/?s={search_term_string}\"},\"query-input\":{\"@type\":\"PropertyValueSpecification\",\"valueRequired\":true,\"valueName\":\"search_term_string\"}}],\"inLanguage\":\"pl-PL\"}]}<\/script>\n<!-- \/ Yoast SEO plugin. -->","yoast_head_json":{"title":"Zagraj w El Gordo online z Polski | Czy mog\u0119 uczestniczy\u0107 w El Gordo je\u015bli mieszkam w Polsce","description":"Zagraj w El Gordo Lotto tutaj - najwi\u0119ksz\u0105 hiszpa\u0144sk\u0105 loteri\u0119, dost\u0119pn\u0105 online z Polski","robots":{"index":"index","follow":"follow","max-snippet":"max-snippet:-1","max-image-preview":"max-image-preview:large","max-video-preview":"max-video-preview:-1"},"canonical":"https:\/\/onlinelotto365.com\/pl\/zagraj\/el-gordo\/","og_locale":"pl_PL","og_type":"article","og_title":"Zagraj w El Gordo online z Polski | Czy mog\u0119 uczestniczy\u0107 w El Gordo je\u015bli mieszkam w Polsce","og_description":"Zagraj w El Gordo Lotto tutaj - najwi\u0119ksz\u0105 hiszpa\u0144sk\u0105 loteri\u0119, dost\u0119pn\u0105 online z Polski","og_url":"https:\/\/onlinelotto365.com\/pl\/zagraj\/el-gordo\/","og_site_name":"OnlineLotto365","article_modified_time":"2021-01-07T07:05:56+00:00","og_image":[{"url":"https:\/\/redfoxlotto.com\/image?size=8&amp;lottery=el-gordo-primitiva"}],"twitter_card":"summary_large_image","twitter_misc":{"Szacowany czas czytania":"5 minut"},"schema":{"@context":"https:\/\/schema.org","@graph":[{"@type":"WebPage","@id":"https:\/\/onlinelotto365.com\/pl\/zagraj\/el-gordo\/","url":"https:\/\/onlinelotto365.com\/pl\/zagraj\/el-gordo\/","name":"Zagraj w El Gordo online z Polski | Czy mog\u0119 uczestniczy\u0107 w El Gordo je\u015bli mieszkam w Polsce","isPartOf":{"@id":"https:\/\/onlinelotto365.com\/pl\/#website"},"primaryImageOfPage":{"@id":"https:\/\/onlinelotto365.com\/pl\/zagraj\/el-gordo\/#primaryimage"},"image":{"@id":"https:\/\/onlinelotto365.com\/pl\/zagraj\/el-gordo\/#primaryimage"},"thumbnailUrl":"https:\/\/redfoxlotto.com\/image?size=8&amp;lottery=el-gordo-primitiva","datePublished":"2020-12-21T10:28:39+00:00","dateModified":"2021-01-07T07:05:56+00:00","description":"Zagraj w El Gordo Lotto tutaj - najwi\u0119ksz\u0105 hiszpa\u0144sk\u0105 loteri\u0119, dost\u0119pn\u0105 online z Polski","breadcrumb":{"@id":"https:\/\/onlinelotto365.com\/pl\/zagraj\/el-gordo\/#breadcrumb"},"inLanguage":"pl-PL","potentialAction":[{"@type":"ReadAction","target":["https:\/\/onlinelotto365.com\/pl\/zagraj\/el-gordo\/"]}]},{"@type":"ImageObject","inLanguage":"pl-PL","@id":"https:\/\/onlinelotto365.com\/pl\/zagraj\/el-gordo\/#primaryimage","url":"https:\/\/redfoxlotto.com\/image?size=8&amp;lottery=el-gordo-primitiva","contentUrl":"https:\/\/redfoxlotto.com\/image?size=8&amp;lottery=el-gordo-primitiva"},{"@type":"BreadcrumbList","@id":"https:\/\/onlinelotto365.com\/pl\/zagraj\/el-gordo\/#breadcrumb","itemListElement":[{"@type":"ListItem","position":1,"name":"Home","item":"https:\/\/onlinelotto365.com\/pl\/"},{"@type":"ListItem","position":2,"name":"Wszystko, co musisz wiedzie\u0107 o swoich opcjach, aby gra\u0107 na najlepszych loteriach online","item":"https:\/\/onlinelotto365.com\/pl\/zagraj\/"},{"@type":"ListItem","position":3,"name":"Jak mieszka\u0144cy Polski mog\u0105 uczestniczy\u0107 w El Gordo?"}]},{"@type":"WebSite","@id":"https:\/\/onlinelotto365.com\/pl\/#website","url":"https:\/\/onlinelotto365.com\/pl\/","name":"OnlineLotto365","description":"","potentialAction":[{"@type":"SearchAction","target":{"@type":"EntryPoint","urlTemplate":"https:\/\/onlinelotto365.com\/pl\/?s={search_term_string}"},"query-input":{"@type":"PropertyValueSpecification","valueRequired":true,"valueName":"search_term_string"}}],"inLanguage":"pl-PL"}]}},"_links":{"self":[{"href":"https:\/\/onlinelotto365.com\/pl\/wp-json\/wp\/v2\/pages\/12010","targetHints":{"allow":["GET"]}}],"collection":[{"href":"https:\/\/onlinelotto365.com\/pl\/wp-json\/wp\/v2\/pages"}],"about":[{"href":"https:\/\/onlinelotto365.com\/pl\/wp-json\/wp\/v2\/types\/page"}],"author":[{"embeddable":true,"href":"https:\/\/onlinelotto365.com\/pl\/wp-json\/wp\/v2\/users\/1"}],"replies":[{"embeddable":true,"href":"https:\/\/onlinelotto365.com\/pl\/wp-json\/wp\/v2\/comments?post=12010"}],"version-history":[{"count":0,"href":"https:\/\/onlinelotto365.com\/pl\/wp-json\/wp\/v2\/pages\/12010\/revisions"}],"up":[{"embeddable":true,"href":"https:\/\/onlinelotto365.com\/pl\/wp-json\/wp\/v2\/pages\/5030"}],"wp:attachment":[{"href":"https:\/\/onlinelotto365.com\/pl\/wp-json\/wp\/v2\/media?parent=12010"}],"curies":[{"name":"wp","href":"https:\/\/api.w.org\/{rel}","templated":true}]}}