{"id":12012,"date":"2020-12-21T11:29:34","date_gmt":"2020-12-21T10:29:34","guid":{"rendered":"http:\/\/onlinelotto365.net\/?page_id=12012"},"modified":"2020-12-31T07:18:31","modified_gmt":"2020-12-31T06:18:31","slug":"la-primitiva","status":"publish","type":"page","link":"https:\/\/onlinelotto365.com\/pl\/zagraj\/la-primitiva\/","title":{"rendered":"Jak gra\u0107 w hiszpa\u0144sk\u0105 Loteri\u0119 La Primitiva"},"content":{"rendered":"<p>O La Primitiva<\/p>\n<p>Ta loteria z Hiszpanii znana jest r\u00f3wnie\u017c jako El Gordo, chocia\u017c jest to myl\u0105ce. W\u0142a\u015bciwie El Gordo to pseudonim \u015bwi\u0105tecznej edycji loterii La Primitiva. Chocia\u017c mo\u017cesz gra\u0107 w La Primitiva przez ca\u0142y rok, El Gordo jest oferowany tylko na Bo\u017ce Narodzenie. W La Primitiva mog\u0105 gra\u0107 online mieszka\u0144cy Wielkiej Brytanii za po\u015brednictwem naszej strony internetowej.<\/p>\n<p>La Primitiva odbywa si\u0119 dwa losowania w tygodniu. Szanse na wygranie jackpota s\u0105 stosunkowo wysokie, poniewa\u017c nie ma dodatkowych numer\u00f3w.<\/p>\n<p>Kraj: Hiszpania<br \/>\nZakres liczb g\u0142\u00f3wnych: 49<br \/>\nMusisz wybra\u0107: 6<br \/>\nZakres dodatkowych numer\u00f3w:<br \/>\nMusisz wybra\u0107: 1<br \/>\nDni, godziny losowa\u0144: czwartek, sobota, 21:30 &#8211; 21:30 CET<br \/>\nJackpot zaczyna si\u0119 od: 2 mln \u20ac<br \/>\nJackpot jest ograniczony do: brak<br \/>\nSzanse na wygran\u0105: 1 do 15537573<br \/>\nSzanse na zdobycie drugiej nagrody: 1 na 542008<br \/>\nSzanse na wygranie dowolnej nagrody: 1 na 8,43<br \/>\nLiczba kategorii nagr\u00f3d: 9<br \/>\nNajlepsze cechy La Primitiva<\/p>\n<p>Jak ju\u017c wspomniano, fakt, \u017ce musisz zagra\u0107 tylko 6 liczb z 49, bez dodatkowych liczb, oznacza, \u017ce \u200b\u200bTwoje szanse na wygranie jackpota s\u0105 w rzeczywisto\u015bci ca\u0142kiem dobre.<\/p>\n<p>Jak sprawdzi\u0107 wyniki La Primitiva<\/p>\n<p>Je\u015bli kupi\u0142e\u015b bilet online w Polsce lub innym kraju poza Hiszpani\u0105, znalezienie zwyci\u0119skich liczb i kwot nagr\u00f3d mo\u017ce by\u0107 trudne. Ale tutaj, na naszej stronie, publikujemy wyniki zaraz po wylosowaniu numer\u00f3w loterii La Primitiva. Mo\u017cesz nawet spojrze\u0107 na sw\u00f3j kupon na swoim koncie gracza, gdzie od razu zobaczysz, kt\u00f3re liczby z Twojego kuponu odpowiadaj\u0105 wynikom losowania.<\/p>\n<p>Gra\u0142e\u015b w La Primitiva online i wygra\u0142e\u015b &#8211; co dalej?<\/p>\n<p>Je\u015bli Tw\u00f3j bilet wygra\u0142 nagrod\u0119 poni\u017cej 2500 \u20ac, kwota nagrody b\u0119dzie na Twoim koncie gracza zaraz po losowaniu. Je\u015bli wygrasz wy\u017csz\u0105 nagrod\u0119, skontaktuj si\u0119 z naszym zespo\u0142em serwisowym. Pomog\u0105 Ci w skonfigurowaniu p\u0142atno\u015bci, bezpo\u015brednio na konto bankowe lub czekiem.<\/p>\n","protected":false},"excerpt":{"rendered":"<p>O La Primitiva Ta loteria z Hiszpanii znana jest r\u00f3wnie\u017c jako El Gordo, chocia\u017c jest to myl\u0105ce. W\u0142a\u015bciwie El Gordo to pseudonim \u015bwi\u0105tecznej edycji loterii La Primitiva. Chocia\u017c mo\u017cesz gra\u0107 w La Primitiva przez ca\u0142y rok, El Gordo jest oferowany tylko na Bo\u017ce Narodzenie. W La Primitiva mog\u0105 gra\u0107 online mieszka\u0144cy Wielkiej Brytanii za po\u015brednictwem [&hellip;]<\/p>\n","protected":false},"author":1,"featured_media":0,"parent":5030,"menu_order":7,"comment_status":"closed","ping_status":"closed","template":"la-primitiva.php","meta":{"_et_pb_use_builder":"","_et_pb_old_content":"","_et_gb_content_width":"","exclude_from_search":false,"footnotes":""},"class_list":["post-12012","page","type-page","status-publish","hentry"],"yoast_head":"<!-- This site is optimized with the Yoast SEO plugin v23.4 - https:\/\/yoast.com\/wordpress\/plugins\/seo\/ -->\n<title>Zagraj w La Primitiva Hiszpania online | La Primitiva z Polski<\/title>\n<meta name=\"description\" content=\"Hiszpa\u0144ska loteria La Primitiva mo\u017ce by\u0107 teraz rozgrywana online z Polski\" \/>\n<meta name=\"robots\" content=\"index, follow, max-snippet:-1, max-image-preview:large, max-video-preview:-1\" \/>\n<link rel=\"canonical\" href=\"https:\/\/onlinelotto365.com\/pl\/zagraj\/la-primitiva\/\" \/>\n<meta property=\"og:locale\" content=\"pl_PL\" \/>\n<meta property=\"og:type\" content=\"article\" \/>\n<meta property=\"og:title\" content=\"Zagraj w La Primitiva Hiszpania online | La Primitiva z Polski\" \/>\n<meta property=\"og:description\" content=\"Hiszpa\u0144ska loteria La Primitiva mo\u017ce by\u0107 teraz rozgrywana online z Polski\" \/>\n<meta property=\"og:url\" content=\"https:\/\/onlinelotto365.com\/pl\/zagraj\/la-primitiva\/\" \/>\n<meta property=\"og:site_name\" content=\"OnlineLotto365\" \/>\n<meta property=\"article:modified_time\" content=\"2020-12-31T06:18:31+00:00\" \/>\n<meta name=\"twitter:card\" content=\"summary_large_image\" \/>\n<meta name=\"twitter:label1\" content=\"Szacowany czas czytania\" \/>\n\t<meta name=\"twitter:data1\" content=\"2 minuty\" \/>\n<script type=\"application\/ld+json\" class=\"yoast-schema-graph\">{\"@context\":\"https:\/\/schema.org\",\"@graph\":[{\"@type\":\"WebPage\",\"@id\":\"https:\/\/onlinelotto365.com\/pl\/zagraj\/la-primitiva\/\",\"url\":\"https:\/\/onlinelotto365.com\/pl\/zagraj\/la-primitiva\/\",\"name\":\"Zagraj w La Primitiva Hiszpania online | La Primitiva z Polski\",\"isPartOf\":{\"@id\":\"https:\/\/onlinelotto365.com\/pl\/#website\"},\"datePublished\":\"2020-12-21T10:29:34+00:00\",\"dateModified\":\"2020-12-31T06:18:31+00:00\",\"description\":\"Hiszpa\u0144ska loteria La Primitiva mo\u017ce by\u0107 teraz rozgrywana online z Polski\",\"breadcrumb\":{\"@id\":\"https:\/\/onlinelotto365.com\/pl\/zagraj\/la-primitiva\/#breadcrumb\"},\"inLanguage\":\"pl-PL\",\"potentialAction\":[{\"@type\":\"ReadAction\",\"target\":[\"https:\/\/onlinelotto365.com\/pl\/zagraj\/la-primitiva\/\"]}]},{\"@type\":\"BreadcrumbList\",\"@id\":\"https:\/\/onlinelotto365.com\/pl\/zagraj\/la-primitiva\/#breadcrumb\",\"itemListElement\":[{\"@type\":\"ListItem\",\"position\":1,\"name\":\"Home\",\"item\":\"https:\/\/onlinelotto365.com\/pl\/\"},{\"@type\":\"ListItem\",\"position\":2,\"name\":\"Wszystko, co musisz wiedzie\u0107 o swoich opcjach, aby gra\u0107 na najlepszych loteriach online\",\"item\":\"https:\/\/onlinelotto365.com\/pl\/zagraj\/\"},{\"@type\":\"ListItem\",\"position\":3,\"name\":\"Jak gra\u0107 w hiszpa\u0144sk\u0105 Loteri\u0119 La Primitiva\"}]},{\"@type\":\"WebSite\",\"@id\":\"https:\/\/onlinelotto365.com\/pl\/#website\",\"url\":\"https:\/\/onlinelotto365.com\/pl\/\",\"name\":\"OnlineLotto365\",\"description\":\"\",\"potentialAction\":[{\"@type\":\"SearchAction\",\"target\":{\"@type\":\"EntryPoint\",\"urlTemplate\":\"https:\/\/onlinelotto365.com\/pl\/?s={search_term_string}\"},\"query-input\":{\"@type\":\"PropertyValueSpecification\",\"valueRequired\":true,\"valueName\":\"search_term_string\"}}],\"inLanguage\":\"pl-PL\"}]}<\/script>\n<!-- \/ Yoast SEO plugin. -->","yoast_head_json":{"title":"Zagraj w La Primitiva Hiszpania online | La Primitiva z Polski","description":"Hiszpa\u0144ska loteria La Primitiva mo\u017ce by\u0107 teraz rozgrywana online z Polski","robots":{"index":"index","follow":"follow","max-snippet":"max-snippet:-1","max-image-preview":"max-image-preview:large","max-video-preview":"max-video-preview:-1"},"canonical":"https:\/\/onlinelotto365.com\/pl\/zagraj\/la-primitiva\/","og_locale":"pl_PL","og_type":"article","og_title":"Zagraj w La Primitiva Hiszpania online | La Primitiva z Polski","og_description":"Hiszpa\u0144ska loteria La Primitiva mo\u017ce by\u0107 teraz rozgrywana online z Polski","og_url":"https:\/\/onlinelotto365.com\/pl\/zagraj\/la-primitiva\/","og_site_name":"OnlineLotto365","article_modified_time":"2020-12-31T06:18:31+00:00","twitter_card":"summary_large_image","twitter_misc":{"Szacowany czas czytania":"2 minuty"},"schema":{"@context":"https:\/\/schema.org","@graph":[{"@type":"WebPage","@id":"https:\/\/onlinelotto365.com\/pl\/zagraj\/la-primitiva\/","url":"https:\/\/onlinelotto365.com\/pl\/zagraj\/la-primitiva\/","name":"Zagraj w La Primitiva Hiszpania online | La Primitiva z Polski","isPartOf":{"@id":"https:\/\/onlinelotto365.com\/pl\/#website"},"datePublished":"2020-12-21T10:29:34+00:00","dateModified":"2020-12-31T06:18:31+00:00","description":"Hiszpa\u0144ska loteria La Primitiva mo\u017ce by\u0107 teraz rozgrywana online z Polski","breadcrumb":{"@id":"https:\/\/onlinelotto365.com\/pl\/zagraj\/la-primitiva\/#breadcrumb"},"inLanguage":"pl-PL","potentialAction":[{"@type":"ReadAction","target":["https:\/\/onlinelotto365.com\/pl\/zagraj\/la-primitiva\/"]}]},{"@type":"BreadcrumbList","@id":"https:\/\/onlinelotto365.com\/pl\/zagraj\/la-primitiva\/#breadcrumb","itemListElement":[{"@type":"ListItem","position":1,"name":"Home","item":"https:\/\/onlinelotto365.com\/pl\/"},{"@type":"ListItem","position":2,"name":"Wszystko, co musisz wiedzie\u0107 o swoich opcjach, aby gra\u0107 na najlepszych loteriach online","item":"https:\/\/onlinelotto365.com\/pl\/zagraj\/"},{"@type":"ListItem","position":3,"name":"Jak gra\u0107 w hiszpa\u0144sk\u0105 Loteri\u0119 La Primitiva"}]},{"@type":"WebSite","@id":"https:\/\/onlinelotto365.com\/pl\/#website","url":"https:\/\/onlinelotto365.com\/pl\/","name":"OnlineLotto365","description":"","potentialAction":[{"@type":"SearchAction","target":{"@type":"EntryPoint","urlTemplate":"https:\/\/onlinelotto365.com\/pl\/?s={search_term_string}"},"query-input":{"@type":"PropertyValueSpecification","valueRequired":true,"valueName":"search_term_string"}}],"inLanguage":"pl-PL"}]}},"_links":{"self":[{"href":"https:\/\/onlinelotto365.com\/pl\/wp-json\/wp\/v2\/pages\/12012","targetHints":{"allow":["GET"]}}],"collection":[{"href":"https:\/\/onlinelotto365.com\/pl\/wp-json\/wp\/v2\/pages"}],"about":[{"href":"https:\/\/onlinelotto365.com\/pl\/wp-json\/wp\/v2\/types\/page"}],"author":[{"embeddable":true,"href":"https:\/\/onlinelotto365.com\/pl\/wp-json\/wp\/v2\/users\/1"}],"replies":[{"embeddable":true,"href":"https:\/\/onlinelotto365.com\/pl\/wp-json\/wp\/v2\/comments?post=12012"}],"version-history":[{"count":0,"href":"https:\/\/onlinelotto365.com\/pl\/wp-json\/wp\/v2\/pages\/12012\/revisions"}],"up":[{"embeddable":true,"href":"https:\/\/onlinelotto365.com\/pl\/wp-json\/wp\/v2\/pages\/5030"}],"wp:attachment":[{"href":"https:\/\/onlinelotto365.com\/pl\/wp-json\/wp\/v2\/media?parent=12012"}],"curies":[{"name":"wp","href":"https:\/\/api.w.org\/{rel}","templated":true}]}}