{"id":12014,"date":"2020-12-21T11:30:37","date_gmt":"2020-12-21T10:30:37","guid":{"rendered":"http:\/\/onlinelotto365.net\/?page_id=12014"},"modified":"2021-01-07T08:18:32","modified_gmt":"2021-01-07T07:18:32","slug":"bonoloto","status":"publish","type":"page","link":"https:\/\/onlinelotto365.com\/pl\/zagraj\/bonoloto\/","title":{"rendered":"Bonoloto jest teraz dost\u0119pne z ka\u017cdego miejsca"},"content":{"rendered":"<h2>Jak gra\u0107 w BonoLoto online<\/h2>\n<p>Gra w BonoLoto jest \u0142atwiejsza ni\u017c my\u015blisz. Wszystko, co musisz zrobi\u0107, to wiedzie\u0107, od czego zacz\u0105\u0107 i <strong> gdzie kupi\u0107 bilety <\/strong>. A najlepsze miejsce, w kt\u00f3rym mo\u017cesz dok\u0142adnie to zrobi\u0107, to u nas i kilka prostych krok\u00f3w.<\/p>\n<p>Nasz system zapewnia, \u017ce \u200b\u200bjeste\u015b pod opiek\u0105 od pocz\u0105tku do ko\u0144ca. Wszystko, co musisz zrobi\u0107, to <strong> za\u0142o\u017cy\u0107 ca\u0142kowicie darmowe konto <\/strong> i jeste\u015b na dobrej drodze. B\u0119dziesz m\u00f3g\u0142 wybiera\u0107 spo\u015br\u00f3d wszystkich dost\u0119pnych gier lotto i wybiera\u0107 kupony oraz konkretne liczby, kt\u00f3re chcesz. Nast\u0119pnie mo\u017cesz zap\u0142aci\u0107 za pomoc\u0105 preferowanej metody p\u0142atno\u015bci i gotowe.<\/p>\n<p>Wszystko, co musisz zrobi\u0107, to <a href=\"https:\/\/onlinelotto365.com\/pl\/kup-bilety\"> spojrze\u0107 na r\u00f3\u017cne gry lotto, kt\u00f3re mamy dost\u0119pne <\/a> i wybra\u0107 t\u0119 w\u0142a\u015bciw\u0105 (BonoLoto). Stamt\u0105d wybierasz liczby, w kt\u00f3re chcesz gra\u0107. Je\u015bli wybierzesz za du\u017co lub za ma\u0142o, nie ma to znaczenia, nasz system poinformuje Ci\u0119, co musisz zrobi\u0107, aby\u015b m\u00f3g\u0142 poprawi\u0107 sw\u00f3j bilet. Mo\u017cesz te\u017c pozwoli\u0107 komputerowi na losowe przypisywanie numer\u00f3w.<\/p>\n<p>Gdy ju\u017c zdob\u0119dziesz bilety, kt\u00f3re chcesz kupi\u0107 w BonoLoto, mo\u017cesz doda\u0107 bilety z innych gier. To b\u0119dzie bardzo proste i zajmie tylko kilka minut. Czekasz na przes\u0142anie e-maila weryfikacyjnego w podanym przez Ciebie e-mailu i klikasz \u0142\u0105cze. To wszystko, czego potrzebujesz, a Twoje konto zostanie skonfigurowane. W ten spos\u00f3b mo\u017cesz nadal kupowa\u0107 bilety.<\/p>\n<p>Upewnij si\u0119, \u017ce dla pewno\u015bci znajdujesz link weryfikacyjny w swojej zwyk\u0142ej skrzynce odbiorczej, a tak\u017ce w folderze ze spamem. Je\u015bli nie ma nas w Twojej ksi\u0105\u017cce adresowej, mo\u017cesz nie widzie\u0107 e-maila w folderze swojego zwyk\u0142ego konta.<br \/>\n<a href=\"https:\/\/redfoxlotto.com\/pl\/bonoloto\/?ref=a8564250a2&amp;medium=ol365\" target=\"_blank\" rel=\"noopener noreferrer\"> <img decoding=\"async\" class=\"aligncenter\" src=\"https:\/\/redfoxlotto.com\/image?size=8&amp;lottery=bonoloto\" alt=\"Bono Lotto\" \/> <\/a><\/p>\n<h2>O BonoLoto<\/h2>\n<ul>\n<li style=\"list-style-type: none;\">\n<ul>\n<li>Kraj: Hiszpania<\/li>\n<li>G\u0142\u00f3wny zakres liczb: 49<\/li>\n<li>Musisz wybra\u0107: 6<\/li>\n<li>Dni, godziny losowa\u0144: codziennie opr\u00f3cz niedziel, 21:30 &#8211; 21:30 CET<\/li>\n<li>Jackpot zaczyna si\u0119 od: 400 000 \u20ac<\/li>\n<li>Jackpot jest ograniczony do: brak<\/li>\n<li>Szansa na wygranie g\u0142\u00f3wnej nagrody: 1 na 13983816<\/li>\n<li>Szansa na drug\u0105 nagrod\u0119: 1 na 2330636<\/li>\n<li>Szansa na wygranie dowolnej nagrody: 1 na 8,43<\/li>\n<li>Liczba kategorii nagr\u00f3d: 6<\/li>\n<\/ul>\n<\/li>\n<\/ul>\n<h2>Najlepsze funkcje BonoLoto<\/h2>\n<p>BonoLoto istnieje ju\u017c od d\u0142u\u017cszego czasu i przez ten czas rozdano wiele nagr\u00f3d. Co wi\u0119cej, ma cztery r\u00f3\u017cne rysunki co tydzie\u0144 i pierwotnie zosta\u0142 stworzony jako niedroga opcja. Nadal jest i mo\u017cesz wygra\u0107 udzia\u0142 w wysoko\u015bci 55% dochodu w ca\u0142o\u015bci nagr\u00f3d.<\/p>\n<h2>Jak sprawdzi\u0107 wyniki BonoLoto <img loading=\"lazy\" decoding=\"async\" class=\"alignright wp-image-3656\" src=\"https:\/\/onlinelotto365.com\/wp-content\/uploads\/2020\/11\/online_lottery-16-300x200.jpg\" alt=\"graj w bonoloto online\" width=\"215\" height=\"143\" srcset=\"https:\/\/onlinelotto365.com\/wp-content\/uploads\/2020\/11\/online_lottery-16-300x200.jpg 300w, https:\/\/onlinelotto365.com\/wp-content\/uploads\/2020\/11\/online_lottery-16.jpg 320w\" sizes=\"auto, (max-width: 215px) 100vw, 215px\" \/><\/h2>\n<p>Czy jeste\u015b gotowy, aby zobaczy\u0107, jakie <a href=\"https:\/\/onlinelotto365.com\/pl\/numery-wygranych\"> zwyci\u0119skie liczby <\/a> s\u0105 dost\u0119pne w BonoLoto? C\u00f3\u017c, jest to ca\u0142kiem proste, poniewa\u017c wszystko, co musisz zrobi\u0107, to wej\u015b\u0107 na oficjaln\u0105 stron\u0119 BonoLoto. Lub mo\u017cesz sprawdzi\u0107 lokalne gazety i stacje telewizyjne. Wszystkie te miejsca podaj\u0105 zwyci\u0119skie liczby.<br \/>\nAle najlepszym miejscem do odwiedzenia jest zdecydowanie miejsce, w kt\u00f3rym kupi\u0142e\u015b bilet, czyli w\u0142a\u015bnie tutaj. B\u0119dziesz m\u00f3g\u0142 zobaczy\u0107 zwyci\u0119skie liczby, a tak\u017ce w\u0142asne liczby i ich por\u00f3wnanie. W ten spos\u00f3b mo\u017cesz natychmiast zobaczy\u0107 swoje wygrane.<\/p>\n<h2>Gra\u0142e\u015b w BonoLoto online i wygra\u0142e\u015b &#8211; co b\u0119dzie dalej?<\/h2>\n<ul>\n<li>Je\u015bli wygrasz mniej ni\u017c 2500 EUR, nie musisz nic robi\u0107. Dzieje si\u0119 tak, poniewa\u017c odbieramy pieni\u0105dze za Ciebie i wp\u0142acamy je bezpo\u015brednio na Twoje konto. B\u0119dziesz m\u00f3g\u0142 z niego korzysta\u0107, kiedy tylko zechcesz. Mo\u017cesz te\u017c wyp\u0142aci\u0107 je na swoje zwyk\u0142e konto bankowe, je\u015bli masz co najmniej 10 euro.<\/li>\n<li>Je\u015bli wygra\u0142e\u015b ponad 2500 euro, b\u0119dziesz musia\u0142 poczeka\u0107 na wiadomo\u015b\u0107 od naszego zespo\u0142u wsparcia, poniewa\u017c wygrana jest troch\u0119 bardziej skomplikowana. Na szcz\u0119\u015bcie pomo\u017cemy Ci w tym procesie i od razu zaczniesz, aby\u015b m\u00f3g\u0142 wys\u0142a\u0107 pieni\u0105dze czekiem lub bezpo\u015brednio na swoje konto.<\/li>\n<\/ul>\n","protected":false},"excerpt":{"rendered":"<p>Jak gra\u0107 w BonoLoto online Gra w BonoLoto jest \u0142atwiejsza ni\u017c my\u015blisz. Wszystko, co musisz zrobi\u0107, to wiedzie\u0107, od czego zacz\u0105\u0107 i gdzie kupi\u0107 bilety . A najlepsze miejsce, w kt\u00f3rym mo\u017cesz dok\u0142adnie to zrobi\u0107, to u nas i kilka prostych krok\u00f3w. Nasz system zapewnia, \u017ce \u200b\u200bjeste\u015b pod opiek\u0105 od pocz\u0105tku do ko\u0144ca. Wszystko, co [&hellip;]<\/p>\n","protected":false},"author":1,"featured_media":0,"parent":5030,"menu_order":8,"comment_status":"closed","ping_status":"closed","template":"","meta":{"_et_pb_use_builder":"","_et_pb_old_content":"","_et_gb_content_width":"","exclude_from_search":false,"footnotes":""},"class_list":["post-12014","page","type-page","status-publish","hentry"],"yoast_head":"<!-- This site is optimized with the Yoast SEO plugin v23.4 - https:\/\/yoast.com\/wordpress\/plugins\/seo\/ -->\n<title>Jak gra\u0107 w BonoLoto, je\u015bli mieszkasz w Polsce<\/title>\n<meta name=\"description\" content=\"Legalnie zam\u00f3wi\u0107 bilety na gr\u0119 Bonoloto tutaj na naszej stronie internetowej\" \/>\n<meta name=\"robots\" content=\"index, follow, max-snippet:-1, max-image-preview:large, max-video-preview:-1\" \/>\n<link rel=\"canonical\" href=\"https:\/\/onlinelotto365.com\/pl\/zagraj\/bonoloto\/\" \/>\n<meta property=\"og:locale\" content=\"pl_PL\" \/>\n<meta property=\"og:type\" content=\"article\" \/>\n<meta property=\"og:title\" content=\"Jak gra\u0107 w BonoLoto, je\u015bli mieszkasz w Polsce\" \/>\n<meta property=\"og:description\" content=\"Legalnie zam\u00f3wi\u0107 bilety na gr\u0119 Bonoloto tutaj na naszej stronie internetowej\" \/>\n<meta property=\"og:url\" content=\"https:\/\/onlinelotto365.com\/pl\/zagraj\/bonoloto\/\" \/>\n<meta property=\"og:site_name\" content=\"OnlineLotto365\" \/>\n<meta property=\"article:modified_time\" content=\"2021-01-07T07:18:32+00:00\" \/>\n<meta property=\"og:image\" content=\"https:\/\/redfoxlotto.com\/image?size=8&amp;lottery=bonoloto\" \/>\n<meta name=\"twitter:card\" content=\"summary_large_image\" \/>\n<meta name=\"twitter:label1\" content=\"Szacowany czas czytania\" \/>\n\t<meta name=\"twitter:data1\" content=\"3 minuty\" \/>\n<script type=\"application\/ld+json\" class=\"yoast-schema-graph\">{\"@context\":\"https:\/\/schema.org\",\"@graph\":[{\"@type\":\"WebPage\",\"@id\":\"https:\/\/onlinelotto365.com\/pl\/zagraj\/bonoloto\/\",\"url\":\"https:\/\/onlinelotto365.com\/pl\/zagraj\/bonoloto\/\",\"name\":\"Jak gra\u0107 w BonoLoto, je\u015bli mieszkasz w Polsce\",\"isPartOf\":{\"@id\":\"https:\/\/onlinelotto365.com\/pl\/#website\"},\"primaryImageOfPage\":{\"@id\":\"https:\/\/onlinelotto365.com\/pl\/zagraj\/bonoloto\/#primaryimage\"},\"image\":{\"@id\":\"https:\/\/onlinelotto365.com\/pl\/zagraj\/bonoloto\/#primaryimage\"},\"thumbnailUrl\":\"https:\/\/redfoxlotto.com\/image?size=8&amp;lottery=bonoloto\",\"datePublished\":\"2020-12-21T10:30:37+00:00\",\"dateModified\":\"2021-01-07T07:18:32+00:00\",\"description\":\"Legalnie zam\u00f3wi\u0107 bilety na gr\u0119 Bonoloto tutaj na naszej stronie internetowej\",\"breadcrumb\":{\"@id\":\"https:\/\/onlinelotto365.com\/pl\/zagraj\/bonoloto\/#breadcrumb\"},\"inLanguage\":\"pl-PL\",\"potentialAction\":[{\"@type\":\"ReadAction\",\"target\":[\"https:\/\/onlinelotto365.com\/pl\/zagraj\/bonoloto\/\"]}]},{\"@type\":\"ImageObject\",\"inLanguage\":\"pl-PL\",\"@id\":\"https:\/\/onlinelotto365.com\/pl\/zagraj\/bonoloto\/#primaryimage\",\"url\":\"https:\/\/redfoxlotto.com\/image?size=8&amp;lottery=bonoloto\",\"contentUrl\":\"https:\/\/redfoxlotto.com\/image?size=8&amp;lottery=bonoloto\"},{\"@type\":\"BreadcrumbList\",\"@id\":\"https:\/\/onlinelotto365.com\/pl\/zagraj\/bonoloto\/#breadcrumb\",\"itemListElement\":[{\"@type\":\"ListItem\",\"position\":1,\"name\":\"Home\",\"item\":\"https:\/\/onlinelotto365.com\/pl\/\"},{\"@type\":\"ListItem\",\"position\":2,\"name\":\"Wszystko, co musisz wiedzie\u0107 o swoich opcjach, aby gra\u0107 na najlepszych loteriach online\",\"item\":\"https:\/\/onlinelotto365.com\/pl\/zagraj\/\"},{\"@type\":\"ListItem\",\"position\":3,\"name\":\"Bonoloto jest teraz dost\u0119pne z ka\u017cdego miejsca\"}]},{\"@type\":\"WebSite\",\"@id\":\"https:\/\/onlinelotto365.com\/pl\/#website\",\"url\":\"https:\/\/onlinelotto365.com\/pl\/\",\"name\":\"OnlineLotto365\",\"description\":\"\",\"potentialAction\":[{\"@type\":\"SearchAction\",\"target\":{\"@type\":\"EntryPoint\",\"urlTemplate\":\"https:\/\/onlinelotto365.com\/pl\/?s={search_term_string}\"},\"query-input\":{\"@type\":\"PropertyValueSpecification\",\"valueRequired\":true,\"valueName\":\"search_term_string\"}}],\"inLanguage\":\"pl-PL\"}]}<\/script>\n<!-- \/ Yoast SEO plugin. -->","yoast_head_json":{"title":"Jak gra\u0107 w BonoLoto, je\u015bli mieszkasz w Polsce","description":"Legalnie zam\u00f3wi\u0107 bilety na gr\u0119 Bonoloto tutaj na naszej stronie internetowej","robots":{"index":"index","follow":"follow","max-snippet":"max-snippet:-1","max-image-preview":"max-image-preview:large","max-video-preview":"max-video-preview:-1"},"canonical":"https:\/\/onlinelotto365.com\/pl\/zagraj\/bonoloto\/","og_locale":"pl_PL","og_type":"article","og_title":"Jak gra\u0107 w BonoLoto, je\u015bli mieszkasz w Polsce","og_description":"Legalnie zam\u00f3wi\u0107 bilety na gr\u0119 Bonoloto tutaj na naszej stronie internetowej","og_url":"https:\/\/onlinelotto365.com\/pl\/zagraj\/bonoloto\/","og_site_name":"OnlineLotto365","article_modified_time":"2021-01-07T07:18:32+00:00","og_image":[{"url":"https:\/\/redfoxlotto.com\/image?size=8&amp;lottery=bonoloto"}],"twitter_card":"summary_large_image","twitter_misc":{"Szacowany czas czytania":"3 minuty"},"schema":{"@context":"https:\/\/schema.org","@graph":[{"@type":"WebPage","@id":"https:\/\/onlinelotto365.com\/pl\/zagraj\/bonoloto\/","url":"https:\/\/onlinelotto365.com\/pl\/zagraj\/bonoloto\/","name":"Jak gra\u0107 w BonoLoto, je\u015bli mieszkasz w Polsce","isPartOf":{"@id":"https:\/\/onlinelotto365.com\/pl\/#website"},"primaryImageOfPage":{"@id":"https:\/\/onlinelotto365.com\/pl\/zagraj\/bonoloto\/#primaryimage"},"image":{"@id":"https:\/\/onlinelotto365.com\/pl\/zagraj\/bonoloto\/#primaryimage"},"thumbnailUrl":"https:\/\/redfoxlotto.com\/image?size=8&amp;lottery=bonoloto","datePublished":"2020-12-21T10:30:37+00:00","dateModified":"2021-01-07T07:18:32+00:00","description":"Legalnie zam\u00f3wi\u0107 bilety na gr\u0119 Bonoloto tutaj na naszej stronie internetowej","breadcrumb":{"@id":"https:\/\/onlinelotto365.com\/pl\/zagraj\/bonoloto\/#breadcrumb"},"inLanguage":"pl-PL","potentialAction":[{"@type":"ReadAction","target":["https:\/\/onlinelotto365.com\/pl\/zagraj\/bonoloto\/"]}]},{"@type":"ImageObject","inLanguage":"pl-PL","@id":"https:\/\/onlinelotto365.com\/pl\/zagraj\/bonoloto\/#primaryimage","url":"https:\/\/redfoxlotto.com\/image?size=8&amp;lottery=bonoloto","contentUrl":"https:\/\/redfoxlotto.com\/image?size=8&amp;lottery=bonoloto"},{"@type":"BreadcrumbList","@id":"https:\/\/onlinelotto365.com\/pl\/zagraj\/bonoloto\/#breadcrumb","itemListElement":[{"@type":"ListItem","position":1,"name":"Home","item":"https:\/\/onlinelotto365.com\/pl\/"},{"@type":"ListItem","position":2,"name":"Wszystko, co musisz wiedzie\u0107 o swoich opcjach, aby gra\u0107 na najlepszych loteriach online","item":"https:\/\/onlinelotto365.com\/pl\/zagraj\/"},{"@type":"ListItem","position":3,"name":"Bonoloto jest teraz dost\u0119pne z ka\u017cdego miejsca"}]},{"@type":"WebSite","@id":"https:\/\/onlinelotto365.com\/pl\/#website","url":"https:\/\/onlinelotto365.com\/pl\/","name":"OnlineLotto365","description":"","potentialAction":[{"@type":"SearchAction","target":{"@type":"EntryPoint","urlTemplate":"https:\/\/onlinelotto365.com\/pl\/?s={search_term_string}"},"query-input":{"@type":"PropertyValueSpecification","valueRequired":true,"valueName":"search_term_string"}}],"inLanguage":"pl-PL"}]}},"_links":{"self":[{"href":"https:\/\/onlinelotto365.com\/pl\/wp-json\/wp\/v2\/pages\/12014","targetHints":{"allow":["GET"]}}],"collection":[{"href":"https:\/\/onlinelotto365.com\/pl\/wp-json\/wp\/v2\/pages"}],"about":[{"href":"https:\/\/onlinelotto365.com\/pl\/wp-json\/wp\/v2\/types\/page"}],"author":[{"embeddable":true,"href":"https:\/\/onlinelotto365.com\/pl\/wp-json\/wp\/v2\/users\/1"}],"replies":[{"embeddable":true,"href":"https:\/\/onlinelotto365.com\/pl\/wp-json\/wp\/v2\/comments?post=12014"}],"version-history":[{"count":0,"href":"https:\/\/onlinelotto365.com\/pl\/wp-json\/wp\/v2\/pages\/12014\/revisions"}],"up":[{"embeddable":true,"href":"https:\/\/onlinelotto365.com\/pl\/wp-json\/wp\/v2\/pages\/5030"}],"wp:attachment":[{"href":"https:\/\/onlinelotto365.com\/pl\/wp-json\/wp\/v2\/media?parent=12014"}],"curies":[{"name":"wp","href":"https:\/\/api.w.org\/{rel}","templated":true}]}}