{"id":12016,"date":"2020-12-21T11:31:22","date_gmt":"2020-12-21T10:31:22","guid":{"rendered":"http:\/\/onlinelotto365.net\/?page_id=12016"},"modified":"2021-01-07T08:18:38","modified_gmt":"2021-01-07T07:18:38","slug":"uk-lottery","status":"publish","type":"page","link":"https:\/\/onlinelotto365.com\/pl\/zagraj\/uk-lottery\/","title":{"rendered":"Jak mieszka\u0144cy Polski mog\u0105 gra\u0107 w UK Lottery online?"},"content":{"rendered":"<h2>O brytyjskiej loterii<\/h2>\n<p>Przy sze\u015bciu liczbach do wybrania z 59 i bez dodatkowych liczb, szanse na wygran\u0105 s\u0105 w porz\u0105dku w por\u00f3wnaniu z takimi jak <a href=\"https:\/\/onlinelotto365.com\/pl\/zagraj\/powerball\"> Powerball <\/a> czy <a href=\"https:\/\/onlinelotto365.com\/pl\/zagraj\/mega-millions\"> Mega Millions <\/a>. Je\u015bli poprawnie masz 5 z 6 liczb, masz gwarantowane 2,5 miliona funt\u00f3w brytyjskich, a przy wszystkich sze\u015bciu jeste\u015b zwyci\u0119zc\u0105 jackpota. <strong> O ile nie mieszkasz w Wielkiej Brytanii, jedyn\u0105 opcj\u0105 uczestnictwa jest gra online za po\u015brednictwem naszego serwisu. <\/strong><\/p>\n<ul>\n<li>Kraj: Wielka Brytania<\/li>\n<li>G\u0142\u00f3wny zakres liczb: 59<\/li>\n<li>Wybierasz: 6<\/li>\n<li>Zakres dodatkowych liczb: brak<\/li>\n<li>Wybierasz: brak<\/li>\n<li>Dni losowania, godziny: \u015broda, sobota 19:30 UTC, 19:30 czasu \u015brodkowoeuropejskiego<\/li>\n<li>Minimalny jackpot: 2,5 miliona GBP<\/li>\n<li>Maksymalny jackpot: 22 miliony GBP<\/li>\n<li>Prawdopodobie\u0144stwo wygrania g\u0142\u00f3wnej nagrody: 1 do 45 057 474<\/li>\n<li>Prawdopodobie\u0144stwo wygranej 2 poziomu: 1 do 7.509.579<\/li>\n<li>Prawdopodobie\u0144stwo wygranej na dowolnym poziomie: 1 do 9,27<\/li>\n<li>Liczba poziom\u00f3w nagr\u00f3d: 6<\/li>\n<\/ul>\n<p><a href=\"https:\/\/redfoxlotto.com\/pl\/lotto-uk\/?ref=a8564250a2&amp;medium=ol365\" target=\"_blank\" rel=\"noopener noreferrer\"> <img decoding=\"async\" class=\"aligncenter\" src=\" https:\/\/redfoxlotto.com\/image?size=8&amp;lottery=lotto-uk \" alt=\" loteria brytyjska \" width=\" 720 \" height=\" 90 \" \/> <\/a><\/p>\n<h2>Dlaczego kumulacje w brytyjskich loteriach s\u0105 zazwyczaj raczej niskie?<\/h2>\n<p>C\u00f3\u017c, ze wzgl\u0119du na prosty fakt, \u017ce jackpot w loterii w Polsce mo\u017cna obr\u00f3ci\u0107 tylko 5 razy. Nast\u0119pnie jackpot mo\u017cna wygra\u0107, maj\u0105c tylko 5 z sze\u015b\u0107 liczb na Twoim kuponie lotto. Bior\u0105c pod uwag\u0119 t\u0119 zasad\u0119, warto by\u0142oby gra\u0107 w t\u0119 loteri\u0119 za ka\u017cdym razem, gdy jackpot nie zosta\u0142 wygrany pi\u0119\u0107 razy z rz\u0119du. W tym momencie masz znacznie wi\u0119ksze szanse na wygranie g\u0142\u00f3wnej nagrody. Ta g\u0142\u00f3wna nagroda powinna by\u0107 na tyle du\u017ca, aby\u015b znalaz\u0142 si\u0119 w sytuacji, w kt\u00f3rej nie musisz martwi\u0107 si\u0119 o pieni\u0105dze do ko\u0144ca \u017cycia.<\/p>\n<p>Istnieje jednak du\u017ca szansa, \u017ce \u200b\u200bpo pi\u0119ciu kumulacjach <a href=\"https:\/\/onlinelotto365.com\/pl\/news\/najwieksze-kumulacje-loterii-w-historii\"> jackpot <\/a> b\u0119dzie musia\u0142 zosta\u0107 podzielony na wiele zwyci\u0119zcy. Przy ni\u017cszych kursach i wi\u0119kszej liczbie os\u00f3b graj\u0105cych mo\u017ce by\u0107 wi\u0119cej ni\u017c jeden zwyci\u0119zca drugiego stopnia nagr\u00f3d.<\/p>\n<h2>Nie chcesz podzieli\u0107 jackpota?<\/h2>\n<p>Jest jedna strategia loterii, kt\u00f3ra pozwala unikn\u0105\u0107 podzia\u0142u g\u0142\u00f3wnej nagrody: wybierz <strong> kombinacj\u0119 liczb, kt\u00f3ra wydaje si\u0119 by\u0107 mniej prawdopodobna r\u00f3wnie\u017c dla innych graczy <\/strong>. Na przyk\u0142ad u\u017cyj mniejszej liczby liczb od 1 do 31 (zbyt wielu graczy u\u017cywa dat urodzenia jako swoich szcz\u0119\u015bliwych liczb) lub u\u017cyj 3 liczb od 30 do 40 i trzech liczb od 50 do 56. U\u017cyj wyobra\u017ani, aby wymy\u015bli\u0107 wi\u0119cej \u201enieparzystych\u201d &#8221; liczby.<\/p>\n","protected":false},"excerpt":{"rendered":"<p>O brytyjskiej loterii Przy sze\u015bciu liczbach do wybrania z 59 i bez dodatkowych liczb, szanse na wygran\u0105 s\u0105 w porz\u0105dku w por\u00f3wnaniu z takimi jak Powerball czy Mega Millions . Je\u015bli poprawnie masz 5 z 6 liczb, masz gwarantowane 2,5 miliona funt\u00f3w brytyjskich, a przy wszystkich sze\u015bciu jeste\u015b zwyci\u0119zc\u0105 jackpota. O ile nie mieszkasz w [&hellip;]<\/p>\n","protected":false},"author":1,"featured_media":0,"parent":5030,"menu_order":9,"comment_status":"closed","ping_status":"closed","template":"lotto-uk.php","meta":{"_et_pb_use_builder":"","_et_pb_old_content":"","_et_gb_content_width":"","exclude_from_search":false,"footnotes":""},"class_list":["post-12016","page","type-page","status-publish","hentry"],"yoast_head":"<!-- This site is optimized with the Yoast SEO plugin v23.4 - https:\/\/yoast.com\/wordpress\/plugins\/seo\/ -->\n<title>Zagraj w UK Lotto online z Polski | Czy mog\u0119 wzi\u0105\u0107 udzia\u0142 w UK Lotto je\u015bli mieszkam w Polsce?<\/title>\n<meta name=\"description\" content=\"Uczestnictwo w UK Lottery z innych kraj\u00f3w, takich jak Polska, jest teraz \u0142atwe dzi\u0119ki naszemu serwisowi online.\" \/>\n<meta name=\"robots\" content=\"index, follow, max-snippet:-1, max-image-preview:large, max-video-preview:-1\" \/>\n<link rel=\"canonical\" href=\"https:\/\/onlinelotto365.com\/pl\/zagraj\/uk-lottery\/\" \/>\n<meta property=\"og:locale\" content=\"pl_PL\" \/>\n<meta property=\"og:type\" content=\"article\" \/>\n<meta property=\"og:title\" content=\"Zagraj w UK Lotto online z Polski | Czy mog\u0119 wzi\u0105\u0107 udzia\u0142 w UK Lotto je\u015bli mieszkam w Polsce?\" \/>\n<meta property=\"og:description\" content=\"Uczestnictwo w UK Lottery z innych kraj\u00f3w, takich jak Polska, jest teraz \u0142atwe dzi\u0119ki naszemu serwisowi online.\" \/>\n<meta property=\"og:url\" content=\"https:\/\/onlinelotto365.com\/pl\/zagraj\/uk-lottery\/\" \/>\n<meta property=\"og:site_name\" content=\"OnlineLotto365\" \/>\n<meta property=\"article:modified_time\" content=\"2021-01-07T07:18:38+00:00\" \/>\n<meta name=\"twitter:card\" content=\"summary_large_image\" \/>\n<meta name=\"twitter:label1\" content=\"Szacowany czas czytania\" \/>\n\t<meta name=\"twitter:data1\" content=\"2 minuty\" \/>\n<script type=\"application\/ld+json\" class=\"yoast-schema-graph\">{\"@context\":\"https:\/\/schema.org\",\"@graph\":[{\"@type\":\"WebPage\",\"@id\":\"https:\/\/onlinelotto365.com\/pl\/zagraj\/uk-lottery\/\",\"url\":\"https:\/\/onlinelotto365.com\/pl\/zagraj\/uk-lottery\/\",\"name\":\"Zagraj w UK Lotto online z Polski | Czy mog\u0119 wzi\u0105\u0107 udzia\u0142 w UK Lotto je\u015bli mieszkam w Polsce?\",\"isPartOf\":{\"@id\":\"https:\/\/onlinelotto365.com\/pl\/#website\"},\"datePublished\":\"2020-12-21T10:31:22+00:00\",\"dateModified\":\"2021-01-07T07:18:38+00:00\",\"description\":\"Uczestnictwo w UK Lottery z innych kraj\u00f3w, takich jak Polska, jest teraz \u0142atwe dzi\u0119ki naszemu serwisowi online.\",\"breadcrumb\":{\"@id\":\"https:\/\/onlinelotto365.com\/pl\/zagraj\/uk-lottery\/#breadcrumb\"},\"inLanguage\":\"pl-PL\",\"potentialAction\":[{\"@type\":\"ReadAction\",\"target\":[\"https:\/\/onlinelotto365.com\/pl\/zagraj\/uk-lottery\/\"]}]},{\"@type\":\"BreadcrumbList\",\"@id\":\"https:\/\/onlinelotto365.com\/pl\/zagraj\/uk-lottery\/#breadcrumb\",\"itemListElement\":[{\"@type\":\"ListItem\",\"position\":1,\"name\":\"Home\",\"item\":\"https:\/\/onlinelotto365.com\/pl\/\"},{\"@type\":\"ListItem\",\"position\":2,\"name\":\"Wszystko, co musisz wiedzie\u0107 o swoich opcjach, aby gra\u0107 na najlepszych loteriach online\",\"item\":\"https:\/\/onlinelotto365.com\/pl\/zagraj\/\"},{\"@type\":\"ListItem\",\"position\":3,\"name\":\"Jak mieszka\u0144cy Polski mog\u0105 gra\u0107 w UK Lottery online?\"}]},{\"@type\":\"WebSite\",\"@id\":\"https:\/\/onlinelotto365.com\/pl\/#website\",\"url\":\"https:\/\/onlinelotto365.com\/pl\/\",\"name\":\"OnlineLotto365\",\"description\":\"\",\"potentialAction\":[{\"@type\":\"SearchAction\",\"target\":{\"@type\":\"EntryPoint\",\"urlTemplate\":\"https:\/\/onlinelotto365.com\/pl\/?s={search_term_string}\"},\"query-input\":{\"@type\":\"PropertyValueSpecification\",\"valueRequired\":true,\"valueName\":\"search_term_string\"}}],\"inLanguage\":\"pl-PL\"}]}<\/script>\n<!-- \/ Yoast SEO plugin. -->","yoast_head_json":{"title":"Zagraj w UK Lotto online z Polski | Czy mog\u0119 wzi\u0105\u0107 udzia\u0142 w UK Lotto je\u015bli mieszkam w Polsce?","description":"Uczestnictwo w UK Lottery z innych kraj\u00f3w, takich jak Polska, jest teraz \u0142atwe dzi\u0119ki naszemu serwisowi online.","robots":{"index":"index","follow":"follow","max-snippet":"max-snippet:-1","max-image-preview":"max-image-preview:large","max-video-preview":"max-video-preview:-1"},"canonical":"https:\/\/onlinelotto365.com\/pl\/zagraj\/uk-lottery\/","og_locale":"pl_PL","og_type":"article","og_title":"Zagraj w UK Lotto online z Polski | Czy mog\u0119 wzi\u0105\u0107 udzia\u0142 w UK Lotto je\u015bli mieszkam w Polsce?","og_description":"Uczestnictwo w UK Lottery z innych kraj\u00f3w, takich jak Polska, jest teraz \u0142atwe dzi\u0119ki naszemu serwisowi online.","og_url":"https:\/\/onlinelotto365.com\/pl\/zagraj\/uk-lottery\/","og_site_name":"OnlineLotto365","article_modified_time":"2021-01-07T07:18:38+00:00","twitter_card":"summary_large_image","twitter_misc":{"Szacowany czas czytania":"2 minuty"},"schema":{"@context":"https:\/\/schema.org","@graph":[{"@type":"WebPage","@id":"https:\/\/onlinelotto365.com\/pl\/zagraj\/uk-lottery\/","url":"https:\/\/onlinelotto365.com\/pl\/zagraj\/uk-lottery\/","name":"Zagraj w UK Lotto online z Polski | Czy mog\u0119 wzi\u0105\u0107 udzia\u0142 w UK Lotto je\u015bli mieszkam w Polsce?","isPartOf":{"@id":"https:\/\/onlinelotto365.com\/pl\/#website"},"datePublished":"2020-12-21T10:31:22+00:00","dateModified":"2021-01-07T07:18:38+00:00","description":"Uczestnictwo w UK Lottery z innych kraj\u00f3w, takich jak Polska, jest teraz \u0142atwe dzi\u0119ki naszemu serwisowi online.","breadcrumb":{"@id":"https:\/\/onlinelotto365.com\/pl\/zagraj\/uk-lottery\/#breadcrumb"},"inLanguage":"pl-PL","potentialAction":[{"@type":"ReadAction","target":["https:\/\/onlinelotto365.com\/pl\/zagraj\/uk-lottery\/"]}]},{"@type":"BreadcrumbList","@id":"https:\/\/onlinelotto365.com\/pl\/zagraj\/uk-lottery\/#breadcrumb","itemListElement":[{"@type":"ListItem","position":1,"name":"Home","item":"https:\/\/onlinelotto365.com\/pl\/"},{"@type":"ListItem","position":2,"name":"Wszystko, co musisz wiedzie\u0107 o swoich opcjach, aby gra\u0107 na najlepszych loteriach online","item":"https:\/\/onlinelotto365.com\/pl\/zagraj\/"},{"@type":"ListItem","position":3,"name":"Jak mieszka\u0144cy Polski mog\u0105 gra\u0107 w UK Lottery online?"}]},{"@type":"WebSite","@id":"https:\/\/onlinelotto365.com\/pl\/#website","url":"https:\/\/onlinelotto365.com\/pl\/","name":"OnlineLotto365","description":"","potentialAction":[{"@type":"SearchAction","target":{"@type":"EntryPoint","urlTemplate":"https:\/\/onlinelotto365.com\/pl\/?s={search_term_string}"},"query-input":{"@type":"PropertyValueSpecification","valueRequired":true,"valueName":"search_term_string"}}],"inLanguage":"pl-PL"}]}},"_links":{"self":[{"href":"https:\/\/onlinelotto365.com\/pl\/wp-json\/wp\/v2\/pages\/12016","targetHints":{"allow":["GET"]}}],"collection":[{"href":"https:\/\/onlinelotto365.com\/pl\/wp-json\/wp\/v2\/pages"}],"about":[{"href":"https:\/\/onlinelotto365.com\/pl\/wp-json\/wp\/v2\/types\/page"}],"author":[{"embeddable":true,"href":"https:\/\/onlinelotto365.com\/pl\/wp-json\/wp\/v2\/users\/1"}],"replies":[{"embeddable":true,"href":"https:\/\/onlinelotto365.com\/pl\/wp-json\/wp\/v2\/comments?post=12016"}],"version-history":[{"count":0,"href":"https:\/\/onlinelotto365.com\/pl\/wp-json\/wp\/v2\/pages\/12016\/revisions"}],"up":[{"embeddable":true,"href":"https:\/\/onlinelotto365.com\/pl\/wp-json\/wp\/v2\/pages\/5030"}],"wp:attachment":[{"href":"https:\/\/onlinelotto365.com\/pl\/wp-json\/wp\/v2\/media?parent=12016"}],"curies":[{"name":"wp","href":"https:\/\/api.w.org\/{rel}","templated":true}]}}