{"id":12018,"date":"2020-12-21T11:32:03","date_gmt":"2020-12-21T10:32:03","guid":{"rendered":"http:\/\/onlinelotto365.net\/?page_id=12018"},"modified":"2021-01-07T08:19:14","modified_gmt":"2021-01-07T07:19:14","slug":"set-for-life","status":"publish","type":"page","link":"https:\/\/onlinelotto365.com\/pl\/zagraj\/set-for-life\/","title":{"rendered":"Czy mo\u017cna gra\u0107 w Set for life lotto online?"},"content":{"rendered":"<p>Czy wiesz, \u017ce loteria Set for Life mo\u017ce da\u0107 Ci szans\u0119 <strong> wygrania 10 000 funt\u00f3w ka\u017cdego miesi\u0105ca? <\/strong> Je\u015bli chcesz spr\u00f3bowa\u0107 szcz\u0119\u015bcia w loterii, Set for Life to fantastyczny spos\u00f3b na rozpocz\u0119cie . Loteria Set for Life jest najbardziej znana jako jedyna gra, w kt\u00f3rej mo\u017cesz gra\u0107 w numery w siedmiu kolejnych codziennych losowaniach. Oznacza to po prostu, \u017ce masz wiele szans na wygranie jackpota ka\u017cdego dnia tygodnia.<\/p>\n<p>Tutaj sprawimy, \u017ce dowiesz si\u0119 wi\u0119cej o Set for Life i zrozumiesz, dlaczego wiele os\u00f3b nadal gra w t\u0119 loteri\u0119.<\/p>\n<p>Set for Life zosta\u0142a zorganizowana przez National Lottery i zyska\u0142a miano pierwszej w Polsce loterii do\u017cywotniej. Loteria daje graczom szans\u0119 na wygranie miesi\u0119cznej wyp\u0142aty w wysoko\u015bci 10 000 funt\u00f3w przez 30 lat.<\/p>\n<p>I chocia\u017c jest to loteria brytyjska, mo\u017cesz <strong> zagra\u0107 w Set for life online z Polski. <\/strong> Nasz <a href=\"https:\/\/onlinelotto365.com\/pl\/news\/sprzedaz-biletow-na-miedzynarodowe-loterie\"> us\u0142uga sprzeda\u017cy bilet\u00f3w online do globalnych loterii <\/a> umo\u017cliwia graczom z ca\u0142ego \u015bwiata udzia\u0142 w najlepszych loteriach z najwi\u0119kszymi wygranymi.<\/p>\n<p><a href=\"https:\/\/redfoxlotto.com\/pl\/set-for-life-uk\/?ref=a8564250a2&amp;medium=ol365\" target=\"_blank\" rel=\"noopener noreferrer\"> <img decoding=\"async\" class=\"aligncenter \" src=\" https:\/\/redfoxlotto.com\/image?size=8&amp;lottery=set-for-life-uk \" alt=\" &amp; quot; Ustaw \" \/> <\/a><\/p>\n<h2>O loterii Set for life<\/h2>\n<ul>\n<li>Kraj: Wielka Brytania<\/li>\n<li>G\u0142\u00f3wny zakres liczb: 45<\/li>\n<li>Wybierasz: 5<\/li>\n<li>Zakres dodatkowych liczb: 10<\/li>\n<li>Wybierasz: 1<\/li>\n<li>Dni losowania i godziny: poniedzia\u0142ek, czwartek, 20:00 GMT, 21:00 CET<\/li>\n<li>Minimalny jackpot: brak<\/li>\n<li>Maksymalny jackpot: brak<\/li>\n<li>Prawdopodobie\u0144stwo wygrania g\u0142\u00f3wnej nagrody: 1 do 15.339.390<\/li>\n<li>Prawdopodobie\u0144stwo wygranej 2 poziomu: 1 do 1.704.377<\/li>\n<li>Prawdopodobie\u0144stwo wygranej na dowolnym poziomie: 1 na 12,4<\/li>\n<li>Liczba poziom\u00f3w nagr\u00f3d: 8<\/li>\n<\/ul>\n<p>Podobnie jak inne loterie w Wielkiej Brytanii, Set for Life to gra losowa. Je\u015bli grasz w loteri\u0119, musisz wybra\u0107 <strong> pi\u0119\u0107 liczb z zakresu zgadywania od 1 do 47, w tym liczb\u0119 \u201ekuli \u017cycia\u201d od 1 do 10 <\/strong>. Po wybraniu pi\u0119ciu liczb i liczby kulek do\u017cywotnich b\u0119dziesz mie\u0107 szans\u0119 na wygranie \u0142\u0105cznej puli 10 000 GBP ka\u017cdego miesi\u0105ca.<\/p>\n<h2>Set for Life Draw<\/h2>\n<p>Loteria Set for Life odbywa si\u0119 w ka\u017cdy poniedzia\u0142ek i czwartek, a w Wielkiej Brytanii gracze mog\u0105 <a href=\"https:\/\/onlinelotto365.com\/pl\/kup-bilety\"> kupowa\u0107 lotto kupony <\/a> w lokalnym sklepie lotto. Losowanie ko\u0144czy si\u0119 o godzinie 21:00 WSCHODU ka\u017cdej nocy. Najnowsze wyniki Set for Life s\u0105 zazwyczaj dost\u0119pne w dniu losowania, czyli o 21:45 czasu GMT. Nale\u017cy pami\u0119ta\u0107, \u017ce dywidendy z ka\u017cdej gry s\u0105 aktualizowane wkr\u00f3tce po losowaniu. Ponadto aktualizacje dotycz\u0105ce dywidend s\u0105 zwykle dost\u0119pne publicznie rano po losowaniu lotto.<\/p>\n<h2>Jak wygra\u0107 w loterii Set for Life<\/h2>\n<p>Pierwsza nagroda loterii Set for Life oferuje miesi\u0119czn\u0105 wyp\u0142at\u0119 w wysoko\u015bci 10 000 GBP, a czterech graczy ma szans\u0119 wygra\u0107 nagrod\u0119 w ka\u017cdym losowaniu. Aby\u015b m\u00f3g\u0142 wygra\u0107 nagrod\u0119 g\u0142\u00f3wn\u0105, Twoje liczby musz\u0105 pasowa\u0107 do o\u015bmiu zwyci\u0119skich liczb w jednym zestawie. Oznacza to, \u017ce w loterii Set for Life jest \u0142\u0105cznie osiem kategorii nagr\u00f3d. Masz szans\u0119 wygra\u0107 nagrod\u0119 z czterema wygrywaj\u0105cymi liczbami, w tym jedn\u0105 liczb\u0105 bonusow\u0105 w ka\u017cdym zestawie.<\/p>\n<p><strong> Set for Life oferuje korzystne szanse na wygranie jackpota <\/strong>. Na przyk\u0142ad inne nagrody, kt\u00f3re wymagaj\u0105 dopasowania jednej lub wi\u0119cej liczb, daj\u0105 1 do 12 szans na wygran\u0105, nawet je\u015bli by\u0142aby to tylko 5 GBP.<\/p>\n<p>Je\u015bli wi\u0119c czujesz, \u017ce masz szcz\u0119\u015bcie, warto wybra\u0107 si\u0119 na bilet Set for Life! Dajemy Ci <a href=\"https:\/\/onlinelotto365.com\/pl\/zagraj\"> szerok\u0105 gam\u0119 mi\u0119dzynarodowych loterii, w kt\u00f3re mo\u017cesz gra\u0107 <\/a> z Polski, z jackpotami z setkami milion\u00f3w wygranych.<\/p>\n","protected":false},"excerpt":{"rendered":"<p>Czy wiesz, \u017ce loteria Set for Life mo\u017ce da\u0107 Ci szans\u0119 wygrania 10 000 funt\u00f3w ka\u017cdego miesi\u0105ca? Je\u015bli chcesz spr\u00f3bowa\u0107 szcz\u0119\u015bcia w loterii, Set for Life to fantastyczny spos\u00f3b na rozpocz\u0119cie . Loteria Set for Life jest najbardziej znana jako jedyna gra, w kt\u00f3rej mo\u017cesz gra\u0107 w numery w siedmiu kolejnych codziennych losowaniach. Oznacza to [&hellip;]<\/p>\n","protected":false},"author":1,"featured_media":0,"parent":5030,"menu_order":10,"comment_status":"closed","ping_status":"closed","template":"set-for-life.php","meta":{"_et_pb_use_builder":"","_et_pb_old_content":"","_et_gb_content_width":"","exclude_from_search":false,"footnotes":""},"class_list":["post-12018","page","type-page","status-publish","hentry"],"yoast_head":"<!-- This site is optimized with the Yoast SEO plugin v23.4 - https:\/\/yoast.com\/wordpress\/plugins\/seo\/ -->\n<title>Jak gra\u0107 w lotto Set for life online z Polski<\/title>\n<meta name=\"description\" content=\"Kup bilety online na lotto Set for life, je\u015bli mieszkasz w Polsce\" \/>\n<meta name=\"robots\" content=\"index, follow, max-snippet:-1, max-image-preview:large, max-video-preview:-1\" \/>\n<link rel=\"canonical\" href=\"https:\/\/onlinelotto365.com\/pl\/zagraj\/set-for-life\/\" \/>\n<meta property=\"og:locale\" content=\"pl_PL\" \/>\n<meta property=\"og:type\" content=\"article\" \/>\n<meta property=\"og:title\" content=\"Jak gra\u0107 w lotto Set for life online z Polski\" \/>\n<meta property=\"og:description\" content=\"Kup bilety online na lotto Set for life, je\u015bli mieszkasz w Polsce\" \/>\n<meta property=\"og:url\" content=\"https:\/\/onlinelotto365.com\/pl\/zagraj\/set-for-life\/\" \/>\n<meta property=\"og:site_name\" content=\"OnlineLotto365\" \/>\n<meta property=\"article:modified_time\" content=\"2021-01-07T07:19:14+00:00\" \/>\n<meta name=\"twitter:card\" content=\"summary_large_image\" \/>\n<meta name=\"twitter:label1\" content=\"Szacowany czas czytania\" \/>\n\t<meta name=\"twitter:data1\" content=\"3 minuty\" \/>\n<script type=\"application\/ld+json\" class=\"yoast-schema-graph\">{\"@context\":\"https:\/\/schema.org\",\"@graph\":[{\"@type\":\"WebPage\",\"@id\":\"https:\/\/onlinelotto365.com\/pl\/zagraj\/set-for-life\/\",\"url\":\"https:\/\/onlinelotto365.com\/pl\/zagraj\/set-for-life\/\",\"name\":\"Jak gra\u0107 w lotto Set for life online z Polski\",\"isPartOf\":{\"@id\":\"https:\/\/onlinelotto365.com\/pl\/#website\"},\"datePublished\":\"2020-12-21T10:32:03+00:00\",\"dateModified\":\"2021-01-07T07:19:14+00:00\",\"description\":\"Kup bilety online na lotto Set for life, je\u015bli mieszkasz w Polsce\",\"breadcrumb\":{\"@id\":\"https:\/\/onlinelotto365.com\/pl\/zagraj\/set-for-life\/#breadcrumb\"},\"inLanguage\":\"pl-PL\",\"potentialAction\":[{\"@type\":\"ReadAction\",\"target\":[\"https:\/\/onlinelotto365.com\/pl\/zagraj\/set-for-life\/\"]}]},{\"@type\":\"BreadcrumbList\",\"@id\":\"https:\/\/onlinelotto365.com\/pl\/zagraj\/set-for-life\/#breadcrumb\",\"itemListElement\":[{\"@type\":\"ListItem\",\"position\":1,\"name\":\"Home\",\"item\":\"https:\/\/onlinelotto365.com\/pl\/\"},{\"@type\":\"ListItem\",\"position\":2,\"name\":\"Wszystko, co musisz wiedzie\u0107 o swoich opcjach, aby gra\u0107 na najlepszych loteriach online\",\"item\":\"https:\/\/onlinelotto365.com\/pl\/zagraj\/\"},{\"@type\":\"ListItem\",\"position\":3,\"name\":\"Czy mo\u017cna gra\u0107 w Set for life lotto online?\"}]},{\"@type\":\"WebSite\",\"@id\":\"https:\/\/onlinelotto365.com\/pl\/#website\",\"url\":\"https:\/\/onlinelotto365.com\/pl\/\",\"name\":\"OnlineLotto365\",\"description\":\"\",\"potentialAction\":[{\"@type\":\"SearchAction\",\"target\":{\"@type\":\"EntryPoint\",\"urlTemplate\":\"https:\/\/onlinelotto365.com\/pl\/?s={search_term_string}\"},\"query-input\":{\"@type\":\"PropertyValueSpecification\",\"valueRequired\":true,\"valueName\":\"search_term_string\"}}],\"inLanguage\":\"pl-PL\"}]}<\/script>\n<!-- \/ Yoast SEO plugin. -->","yoast_head_json":{"title":"Jak gra\u0107 w lotto Set for life online z Polski","description":"Kup bilety online na lotto Set for life, je\u015bli mieszkasz w Polsce","robots":{"index":"index","follow":"follow","max-snippet":"max-snippet:-1","max-image-preview":"max-image-preview:large","max-video-preview":"max-video-preview:-1"},"canonical":"https:\/\/onlinelotto365.com\/pl\/zagraj\/set-for-life\/","og_locale":"pl_PL","og_type":"article","og_title":"Jak gra\u0107 w lotto Set for life online z Polski","og_description":"Kup bilety online na lotto Set for life, je\u015bli mieszkasz w Polsce","og_url":"https:\/\/onlinelotto365.com\/pl\/zagraj\/set-for-life\/","og_site_name":"OnlineLotto365","article_modified_time":"2021-01-07T07:19:14+00:00","twitter_card":"summary_large_image","twitter_misc":{"Szacowany czas czytania":"3 minuty"},"schema":{"@context":"https:\/\/schema.org","@graph":[{"@type":"WebPage","@id":"https:\/\/onlinelotto365.com\/pl\/zagraj\/set-for-life\/","url":"https:\/\/onlinelotto365.com\/pl\/zagraj\/set-for-life\/","name":"Jak gra\u0107 w lotto Set for life online z Polski","isPartOf":{"@id":"https:\/\/onlinelotto365.com\/pl\/#website"},"datePublished":"2020-12-21T10:32:03+00:00","dateModified":"2021-01-07T07:19:14+00:00","description":"Kup bilety online na lotto Set for life, je\u015bli mieszkasz w Polsce","breadcrumb":{"@id":"https:\/\/onlinelotto365.com\/pl\/zagraj\/set-for-life\/#breadcrumb"},"inLanguage":"pl-PL","potentialAction":[{"@type":"ReadAction","target":["https:\/\/onlinelotto365.com\/pl\/zagraj\/set-for-life\/"]}]},{"@type":"BreadcrumbList","@id":"https:\/\/onlinelotto365.com\/pl\/zagraj\/set-for-life\/#breadcrumb","itemListElement":[{"@type":"ListItem","position":1,"name":"Home","item":"https:\/\/onlinelotto365.com\/pl\/"},{"@type":"ListItem","position":2,"name":"Wszystko, co musisz wiedzie\u0107 o swoich opcjach, aby gra\u0107 na najlepszych loteriach online","item":"https:\/\/onlinelotto365.com\/pl\/zagraj\/"},{"@type":"ListItem","position":3,"name":"Czy mo\u017cna gra\u0107 w Set for life lotto online?"}]},{"@type":"WebSite","@id":"https:\/\/onlinelotto365.com\/pl\/#website","url":"https:\/\/onlinelotto365.com\/pl\/","name":"OnlineLotto365","description":"","potentialAction":[{"@type":"SearchAction","target":{"@type":"EntryPoint","urlTemplate":"https:\/\/onlinelotto365.com\/pl\/?s={search_term_string}"},"query-input":{"@type":"PropertyValueSpecification","valueRequired":true,"valueName":"search_term_string"}}],"inLanguage":"pl-PL"}]}},"_links":{"self":[{"href":"https:\/\/onlinelotto365.com\/pl\/wp-json\/wp\/v2\/pages\/12018","targetHints":{"allow":["GET"]}}],"collection":[{"href":"https:\/\/onlinelotto365.com\/pl\/wp-json\/wp\/v2\/pages"}],"about":[{"href":"https:\/\/onlinelotto365.com\/pl\/wp-json\/wp\/v2\/types\/page"}],"author":[{"embeddable":true,"href":"https:\/\/onlinelotto365.com\/pl\/wp-json\/wp\/v2\/users\/1"}],"replies":[{"embeddable":true,"href":"https:\/\/onlinelotto365.com\/pl\/wp-json\/wp\/v2\/comments?post=12018"}],"version-history":[{"count":0,"href":"https:\/\/onlinelotto365.com\/pl\/wp-json\/wp\/v2\/pages\/12018\/revisions"}],"up":[{"embeddable":true,"href":"https:\/\/onlinelotto365.com\/pl\/wp-json\/wp\/v2\/pages\/5030"}],"wp:attachment":[{"href":"https:\/\/onlinelotto365.com\/pl\/wp-json\/wp\/v2\/media?parent=12018"}],"curies":[{"name":"wp","href":"https:\/\/api.w.org\/{rel}","templated":true}]}}