{"id":12022,"date":"2020-12-21T11:33:11","date_gmt":"2020-12-21T10:33:11","guid":{"rendered":"http:\/\/onlinelotto365.net\/?page_id=12022"},"modified":"2021-01-07T08:19:33","modified_gmt":"2021-01-07T07:19:33","slug":"german-lotto","status":"publish","type":"page","link":"https:\/\/onlinelotto365.com\/pl\/zagraj\/german-lotto\/","title":{"rendered":"Uczestniczy\u0107 w niemieckiej loterii z innych kraj\u00f3w"},"content":{"rendered":"<p>Niemieckie Lotto to jedna z <strong> najd\u0142u\u017cej dzia\u0142aj\u0105cych loterii na \u015bwiecie <\/strong>, odbywaj\u0105ca si\u0119 od ponad <strong> 50 lat <\/strong>. Mo\u017cesz si\u0119 za\u0142o\u017cy\u0107, \u017ce ca\u0142e to do\u015bwiadczenie s\u0142u\u017cy im bardzo dobrze i s\u0105 jednym z wi\u0119kszych kraj\u00f3w europejskich, kt\u00f3re prowadz\u0105 w\u0142asn\u0105 loteri\u0119 narodow\u0105, \u0142\u0105cz\u0105c si\u0142y z loteri\u0105 EuroMillions. Wi\u0119c Niemcy s\u0105 dumni ze swojego Niemieckiego Lotto, tak jak powinni.<\/p>\n<p>Je\u015bli jednak mieszkasz w Polsce i mimo wszystko chcesz gra\u0107 w niemieckie Lotto lub w <strong> jak\u0105kolwiek inn\u0105 <a href=\"http:\/\/onlinelotto365.com\/pl\"> wielk\u0105 loteri\u0119 z ca\u0142ego \u015bwiata <\/a> <\/strong> je\u015bli o to chodzi, nic ju\u017c ci\u0119 przed tym nie powstrzyma. W dzisiejszych czasach wszystko, co musisz zrobi\u0107, to kupi\u0107 bilety online. Je\u015bli jeste\u015b z Polski, nadal mo\u017cesz nawet kupi\u0107 bilety do Niemieckiego Lotto przez Internet.<\/p>\n<p>Oczywi\u015bcie musisz wiedzie\u0107, <strong> gdzie w ten spos\u00f3b kupi\u0107 losy na loteri\u0119 <\/strong>, i w\u0142a\u015bnie tam wkraczamy. Prowadzili\u015bmy to <a href=\"https:\/\/onlinelotto365.com\/pl\/news\/sprzedaz-biletow-na-miedzynarodowe-loterie\"> serwis kupon\u00f3w loteryjnych online <\/a> ju\u017c od jakiego\u015b czasu. Jak mo\u017cna sobie wyobrazi\u0107, jest to najwi\u0119ksza rzecz, jaka kiedykolwiek przydarzy\u0142a si\u0119 grze loteryjnej od czasu wynalezienia loterii.<\/p>\n<p><a href=\"https:\/\/redfoxlotto.com\/pl\/lotto-6aus49\/?ref=a8564250a2&amp;medium=ol365\" target=\"_blank\" rel=\"noopener noreferrer\"> <img decoding=\"async\" class=\"aligncenter\" src=\" https:\/\/redfoxlotto.com\/image?size=8&amp;lottery=lotto-6aus49 \" alt=\" niemiecki 6aus49 \" \/> <\/a><\/p>\n<h2>Ju\u017c nie jeste\u015b ograniczony tylko do loterii w Twojej okolicy<\/h2>\n<p>Je\u015bli jeste\u015b jak wi\u0119kszo\u015b\u0107 graczy lotto, chcesz gra\u0107 w du\u017ce loterie, a maj\u0105c wyb\u00f3r, chcesz gra\u0107 w wi\u0119cej ni\u017c jedn\u0105. A\u017c do niedawna nie by\u0142o to mo\u017cliwe. Ludzie zastanawiali si\u0119 jednak, dlaczego tak nie jest, na przyk\u0142ad, dlaczego mo\u017cesz kupi\u0107 prawie wszystko online opr\u00f3cz los\u00f3w na loteri\u0119 ?<\/p>\n<p>Wymaga\u0142o to sieci ludzi, kt\u00f3rzy byliby przygotowani do licytacji dla naszych klient\u00f3w, obejmuj\u0105cych wyj\u015bcie i kupowanie bilet\u00f3w dla wszystkich w wielu r\u00f3\u017cnych krajach. Obejmowa\u0142 r\u00f3wnie\u017c zarz\u0105dzanie do\u015bwiadczeniami klient\u00f3w od momentu sprzeda\u017cy i zapewnianie wspania\u0142ej us\u0142ugi, jakiej ludzie oczekuj\u0105.<\/p>\n<h2>O niemieckim Lotto<\/h2>\n<ul>\n<li>Kraj: Niemcy<\/li>\n<li>G\u0142\u00f3wny zakres liczb: 49<\/li>\n<li>Wybierasz: 6<\/li>\n<li>Zakres dodatkowych liczb: brak<\/li>\n<li>Wybierasz: brak<\/li>\n<li>Dni losowania i godziny: sobota, 20:25 CET, 20:25 CET<\/li>\n<li>Minimalny jackpot: 1 milion euro<\/li>\n<li>Limit jackpota na maksimum: brak limitu<\/li>\n<li>Prawdopodobie\u0144stwo wygrania g\u0142\u00f3wnej nagrody: 1 do 125 854 344<\/li>\n<li>Prawdopodobie\u0144stwo wygranej 2 poziomu: 1 do 13.983.816<\/li>\n<li>Prawdopodobie\u0144stwo wygranej na dowolnym poziomie: 1 do 31<\/li>\n<li>Liczba poziom\u00f3w nagr\u00f3d: 9<\/li>\n<\/ul>\n<p>Wszystkie loterie, kt\u00f3re Ci udost\u0119pniamy, to g\u0142\u00f3wne loterie pierwszej klasy, w tym niemieckie Lotto. Aby zagra\u0107 w Niemieckie Lotto, wybierasz 6 liczb z 49 mo\u017cliwych, wraz z liczb\u0105 bonusow\u0105 od 1 do 9. Je\u015bli pomy\u015blnie trafisz wszystkie 6 liczb plus numer bonusowy, wkr\u00f3tce wybierasz si\u0119 do Niemiec, aby odbierz kilka milion\u00f3w euro lub wi\u0119cej.<\/p>\n<p>Bior\u0105c pod uwag\u0119 mniejsz\u0105 liczb\u0119 pi\u0142ek w b\u0119bnie w por\u00f3wnaniu z wieloma innymi du\u017cymi loteriami, <a href=\"https:\/\/onlinelotto365.com\/pl\/news\/oblicz-szanse-na-jakakolwiek-loterie\"> Twoje szanse na wygran\u0105 jackpot <\/a> w niemieckim Lotto jest zdecydowanie wy\u017cszy. Niemieckie Lotto oferuje oczywi\u015bcie inne nagrody opr\u00f3cz jackpota, tak jak wszystkie loterie, a opr\u00f3cz jackpota jest \u0142\u0105cznie 7 nagr\u00f3d dodatkowych. Je\u015bli uda Ci si\u0119 dopasowa\u0107 tylko 3 liczby, otrzymasz zap\u0142at\u0119.<\/p>\n<h2>Pozw\u00f3l nam by\u0107 Twoim przewodnikiem po niemieckim lotto i nie tylko<\/h2>\n<p>Bior\u0105c pod uwag\u0119 popularno\u015b\u0107 loterii na ca\u0142ym \u015bwiecie, dost\u0119p do wszystkich dobrych jest marzeniem gracza loterii. Po co gra\u0107 tylko jedn\u0105, skoro zamiast tego mo\u017cesz gra\u0107 tyle, ile chcesz? Po co zadowala\u0107 si\u0119 jednym lub dwoma losowaniami w tygodniu, skoro mo\u017cesz mie\u0107 dziesi\u0105tki, je\u015bli chcesz? Po co majstrowa\u0107 przy chodzeniu do sklepu, skoro mo\u017cesz kupi\u0107 wszystkie losy na loteri\u0119 online?<\/p>\n<h2>Gra\u0142e\u015b w German Lotto online i wygra\u0142e\u015b &#8211; co b\u0119dzie dalej?<\/h2>\n<p>Pomagamy Ci na ka\u017cdym etapie, od wys\u0142ania e-maila z potwierdzeniem zakupu, przez powiadomienie Ci\u0119 e-mailem o ka\u017cdej wygranej, <strong> po pomoc w spieni\u0119\u017ceniu wygranych pieni\u0119dzy <\/strong>. To wszystko jest niezwykle proste.<\/p>\n","protected":false},"excerpt":{"rendered":"<p>Niemieckie Lotto to jedna z najd\u0142u\u017cej dzia\u0142aj\u0105cych loterii na \u015bwiecie , odbywaj\u0105ca si\u0119 od ponad 50 lat . Mo\u017cesz si\u0119 za\u0142o\u017cy\u0107, \u017ce ca\u0142e to do\u015bwiadczenie s\u0142u\u017cy im bardzo dobrze i s\u0105 jednym z wi\u0119kszych kraj\u00f3w europejskich, kt\u00f3re prowadz\u0105 w\u0142asn\u0105 loteri\u0119 narodow\u0105, \u0142\u0105cz\u0105c si\u0142y z loteri\u0105 EuroMillions. Wi\u0119c Niemcy s\u0105 dumni ze swojego Niemieckiego Lotto, tak [&hellip;]<\/p>\n","protected":false},"author":1,"featured_media":0,"parent":5030,"menu_order":11,"comment_status":"closed","ping_status":"closed","template":"lotto-german.php","meta":{"_et_pb_use_builder":"","_et_pb_old_content":"","_et_gb_content_width":"","exclude_from_search":false,"footnotes":""},"class_list":["post-12022","page","type-page","status-publish","hentry"],"yoast_head":"<!-- This site is optimized with the Yoast SEO plugin v23.4 - https:\/\/yoast.com\/wordpress\/plugins\/seo\/ -->\n<title>Zagraj w German Lotto online z Polski | Czy mog\u0119 uczestniczy\u0107 w German Lotto je\u015bli mieszkam w Polsce?<\/title>\n<meta name=\"description\" content=\"Zagraj w Niemieckie Lotto Lotto tutaj - nasz internetowy serwis biletowy umo\u017cliwia z Polski\" \/>\n<meta name=\"robots\" content=\"index, follow, max-snippet:-1, max-image-preview:large, max-video-preview:-1\" \/>\n<link rel=\"canonical\" href=\"https:\/\/onlinelotto365.com\/pl\/zagraj\/german-lotto\/\" \/>\n<meta property=\"og:locale\" content=\"pl_PL\" \/>\n<meta property=\"og:type\" content=\"article\" \/>\n<meta property=\"og:title\" content=\"Zagraj w German Lotto online z Polski | Czy mog\u0119 uczestniczy\u0107 w German Lotto je\u015bli mieszkam w Polsce?\" \/>\n<meta property=\"og:description\" content=\"Zagraj w Niemieckie Lotto Lotto tutaj - nasz internetowy serwis biletowy umo\u017cliwia z Polski\" \/>\n<meta property=\"og:url\" content=\"https:\/\/onlinelotto365.com\/pl\/zagraj\/german-lotto\/\" \/>\n<meta property=\"og:site_name\" content=\"OnlineLotto365\" \/>\n<meta property=\"article:modified_time\" content=\"2021-01-07T07:19:33+00:00\" \/>\n<meta name=\"twitter:card\" content=\"summary_large_image\" \/>\n<meta name=\"twitter:label1\" content=\"Szacowany czas czytania\" \/>\n\t<meta name=\"twitter:data1\" content=\"3 minuty\" \/>\n<script type=\"application\/ld+json\" class=\"yoast-schema-graph\">{\"@context\":\"https:\/\/schema.org\",\"@graph\":[{\"@type\":\"WebPage\",\"@id\":\"https:\/\/onlinelotto365.com\/pl\/zagraj\/german-lotto\/\",\"url\":\"https:\/\/onlinelotto365.com\/pl\/zagraj\/german-lotto\/\",\"name\":\"Zagraj w German Lotto online z Polski | Czy mog\u0119 uczestniczy\u0107 w German Lotto je\u015bli mieszkam w Polsce?\",\"isPartOf\":{\"@id\":\"https:\/\/onlinelotto365.com\/pl\/#website\"},\"datePublished\":\"2020-12-21T10:33:11+00:00\",\"dateModified\":\"2021-01-07T07:19:33+00:00\",\"description\":\"Zagraj w Niemieckie Lotto Lotto tutaj - nasz internetowy serwis biletowy umo\u017cliwia z Polski\",\"breadcrumb\":{\"@id\":\"https:\/\/onlinelotto365.com\/pl\/zagraj\/german-lotto\/#breadcrumb\"},\"inLanguage\":\"pl-PL\",\"potentialAction\":[{\"@type\":\"ReadAction\",\"target\":[\"https:\/\/onlinelotto365.com\/pl\/zagraj\/german-lotto\/\"]}]},{\"@type\":\"BreadcrumbList\",\"@id\":\"https:\/\/onlinelotto365.com\/pl\/zagraj\/german-lotto\/#breadcrumb\",\"itemListElement\":[{\"@type\":\"ListItem\",\"position\":1,\"name\":\"Home\",\"item\":\"https:\/\/onlinelotto365.com\/pl\/\"},{\"@type\":\"ListItem\",\"position\":2,\"name\":\"Wszystko, co musisz wiedzie\u0107 o swoich opcjach, aby gra\u0107 na najlepszych loteriach online\",\"item\":\"https:\/\/onlinelotto365.com\/pl\/zagraj\/\"},{\"@type\":\"ListItem\",\"position\":3,\"name\":\"Uczestniczy\u0107 w niemieckiej loterii z innych kraj\u00f3w\"}]},{\"@type\":\"WebSite\",\"@id\":\"https:\/\/onlinelotto365.com\/pl\/#website\",\"url\":\"https:\/\/onlinelotto365.com\/pl\/\",\"name\":\"OnlineLotto365\",\"description\":\"\",\"potentialAction\":[{\"@type\":\"SearchAction\",\"target\":{\"@type\":\"EntryPoint\",\"urlTemplate\":\"https:\/\/onlinelotto365.com\/pl\/?s={search_term_string}\"},\"query-input\":{\"@type\":\"PropertyValueSpecification\",\"valueRequired\":true,\"valueName\":\"search_term_string\"}}],\"inLanguage\":\"pl-PL\"}]}<\/script>\n<!-- \/ Yoast SEO plugin. -->","yoast_head_json":{"title":"Zagraj w German Lotto online z Polski | Czy mog\u0119 uczestniczy\u0107 w German Lotto je\u015bli mieszkam w Polsce?","description":"Zagraj w Niemieckie Lotto Lotto tutaj - nasz internetowy serwis biletowy umo\u017cliwia z Polski","robots":{"index":"index","follow":"follow","max-snippet":"max-snippet:-1","max-image-preview":"max-image-preview:large","max-video-preview":"max-video-preview:-1"},"canonical":"https:\/\/onlinelotto365.com\/pl\/zagraj\/german-lotto\/","og_locale":"pl_PL","og_type":"article","og_title":"Zagraj w German Lotto online z Polski | Czy mog\u0119 uczestniczy\u0107 w German Lotto je\u015bli mieszkam w Polsce?","og_description":"Zagraj w Niemieckie Lotto Lotto tutaj - nasz internetowy serwis biletowy umo\u017cliwia z Polski","og_url":"https:\/\/onlinelotto365.com\/pl\/zagraj\/german-lotto\/","og_site_name":"OnlineLotto365","article_modified_time":"2021-01-07T07:19:33+00:00","twitter_card":"summary_large_image","twitter_misc":{"Szacowany czas czytania":"3 minuty"},"schema":{"@context":"https:\/\/schema.org","@graph":[{"@type":"WebPage","@id":"https:\/\/onlinelotto365.com\/pl\/zagraj\/german-lotto\/","url":"https:\/\/onlinelotto365.com\/pl\/zagraj\/german-lotto\/","name":"Zagraj w German Lotto online z Polski | Czy mog\u0119 uczestniczy\u0107 w German Lotto je\u015bli mieszkam w Polsce?","isPartOf":{"@id":"https:\/\/onlinelotto365.com\/pl\/#website"},"datePublished":"2020-12-21T10:33:11+00:00","dateModified":"2021-01-07T07:19:33+00:00","description":"Zagraj w Niemieckie Lotto Lotto tutaj - nasz internetowy serwis biletowy umo\u017cliwia z Polski","breadcrumb":{"@id":"https:\/\/onlinelotto365.com\/pl\/zagraj\/german-lotto\/#breadcrumb"},"inLanguage":"pl-PL","potentialAction":[{"@type":"ReadAction","target":["https:\/\/onlinelotto365.com\/pl\/zagraj\/german-lotto\/"]}]},{"@type":"BreadcrumbList","@id":"https:\/\/onlinelotto365.com\/pl\/zagraj\/german-lotto\/#breadcrumb","itemListElement":[{"@type":"ListItem","position":1,"name":"Home","item":"https:\/\/onlinelotto365.com\/pl\/"},{"@type":"ListItem","position":2,"name":"Wszystko, co musisz wiedzie\u0107 o swoich opcjach, aby gra\u0107 na najlepszych loteriach online","item":"https:\/\/onlinelotto365.com\/pl\/zagraj\/"},{"@type":"ListItem","position":3,"name":"Uczestniczy\u0107 w niemieckiej loterii z innych kraj\u00f3w"}]},{"@type":"WebSite","@id":"https:\/\/onlinelotto365.com\/pl\/#website","url":"https:\/\/onlinelotto365.com\/pl\/","name":"OnlineLotto365","description":"","potentialAction":[{"@type":"SearchAction","target":{"@type":"EntryPoint","urlTemplate":"https:\/\/onlinelotto365.com\/pl\/?s={search_term_string}"},"query-input":{"@type":"PropertyValueSpecification","valueRequired":true,"valueName":"search_term_string"}}],"inLanguage":"pl-PL"}]}},"_links":{"self":[{"href":"https:\/\/onlinelotto365.com\/pl\/wp-json\/wp\/v2\/pages\/12022","targetHints":{"allow":["GET"]}}],"collection":[{"href":"https:\/\/onlinelotto365.com\/pl\/wp-json\/wp\/v2\/pages"}],"about":[{"href":"https:\/\/onlinelotto365.com\/pl\/wp-json\/wp\/v2\/types\/page"}],"author":[{"embeddable":true,"href":"https:\/\/onlinelotto365.com\/pl\/wp-json\/wp\/v2\/users\/1"}],"replies":[{"embeddable":true,"href":"https:\/\/onlinelotto365.com\/pl\/wp-json\/wp\/v2\/comments?post=12022"}],"version-history":[{"count":0,"href":"https:\/\/onlinelotto365.com\/pl\/wp-json\/wp\/v2\/pages\/12022\/revisions"}],"up":[{"embeddable":true,"href":"https:\/\/onlinelotto365.com\/pl\/wp-json\/wp\/v2\/pages\/5030"}],"wp:attachment":[{"href":"https:\/\/onlinelotto365.com\/pl\/wp-json\/wp\/v2\/media?parent=12022"}],"curies":[{"name":"wp","href":"https:\/\/api.w.org\/{rel}","templated":true}]}}