{"id":12024,"date":"2020-12-21T11:34:05","date_gmt":"2020-12-21T10:34:05","guid":{"rendered":"http:\/\/onlinelotto365.net\/?page_id=12024"},"modified":"2021-01-07T08:19:47","modified_gmt":"2021-01-07T07:19:47","slug":"mega-sena","status":"publish","type":"page","link":"https:\/\/onlinelotto365.com\/pl\/zagraj\/mega-sena\/","title":{"rendered":"Jak mieszka\u0144cy Polski mog\u0105 gra\u0107 w Mega-Sen\u0119 online?"},"content":{"rendered":"<p>Nasz serwis pozwala obecnie na zakup los\u00f3w na 15 r\u00f3\u017cnych du\u017cych loterii z ca\u0142ego \u015bwiata. Z dum\u0105 oferujemy naszym graczom <strong> mo\u017cliwo\u015b\u0107 gry w brazylijskiej loterii Mega Sena online <\/strong>. Podobnie jak w przypadku wszystkich du\u017cych loterii, wcze\u015bniej musia\u0142e\u015b mieszka\u0107 w kraju lub obszarze, w kt\u00f3rym dana loteria by\u0142a uruchamiana, i podr\u00f3\u017cowa\u0107 do tamtejszego sprzedawcy lotto, aby <a href=\"https:\/\/onlinelotto365.com\/pl\/kup-bilety\"> kupi\u0107 swoje bilety <\/a>.<\/p>\n<p>Teraz ju\u017c tak nie jest, poniewa\u017c mo\u017cesz w nie gra\u0107 r\u00f3wnie\u017c z Polski i kupowa\u0107 dowolne losy na loteri\u0119 bezpo\u015brednio w Internecie i tyle, ile chcesz, i do tylu r\u00f3\u017cnych loterii, ile chcesz, bezpo\u015brednio z w\u0142asnego komputera.<\/p>\n<p>Tak wi\u0119c teraz, gdy ten nowy dzie\u0144 za\u015bwita\u0142 w \u015bwiecie gier loteryjnych, gracze przem\u00f3wili i to, o co prosili, to du\u017cy wyb\u00f3r r\u00f3\u017cnych loterii. Zapewniamy wi\u0119c to, co najlepsze w Twoim domu. W\u015br\u00f3d nich jest Mega-Sena Lotto, najwi\u0119ksza loteria w Brazylii.<\/p>\n<p><a href=\"https:\/\/redfoxlotto.com\/pl\/mega-sena\/?ref=a8564250a2&amp;medium=ol365\" target=\"_blank\" rel=\"noopener noreferrer\"> <img decoding=\"async\" class=\"aligncenter\" src=\" https:\/\/redfoxlotto.com\/image?size=8&amp;lottery=mega-sena \" alt=\" mega-sena \" \/> <\/a><\/p>\n<h2>O Mega-Sena<\/h2>\n<ul>\n<li>Kraj: Brazylia<\/li>\n<li>G\u0142\u00f3wny zakres liczb: 60<\/li>\n<li>Wybierasz: 6<\/li>\n<li>Zakres dodatkowych liczb: brak<\/li>\n<li>Wybierasz: brak<\/li>\n<li>Dni losowania i godziny: \u015broda, sobota, 20:00 GMT -3, 24:00 CET<\/li>\n<li>Minimalny jackpot: 2 miliony R $<\/li>\n<li>Limit jackpota na maksimum: brak limitu<\/li>\n<li>Prawdopodobie\u0144stwo wygrania g\u0142\u00f3wnej nagrody: 1 do 50.063.860<\/li>\n<li>Prawdopodobie\u0144stwo wygranej 2 poziomu: 1 do 15.451.809<\/li>\n<li>Prawdopodobie\u0144stwo wygranej na dowolnym poziomie: 1 na 2297,56<\/li>\n<li>Liczba poziom\u00f3w nagr\u00f3d: 3<\/li>\n<\/ul>\n<p>Losowania Mega-Sena odbywaj\u0105 si\u0119 w \u015brody i soboty, dodaj\u0105c dwie <a href=\"https:\/\/onlinelotto365.com\/pl\/news\/najlepsze-loterie-na-swiecie\"> wi\u0119cej szans na wygran\u0105 spo\u015br\u00f3d wszystkich inne loterie <\/a>, w kt\u00f3re grasz teraz. Dajemy Ci du\u017cy wyb\u00f3r do wyboru i wszystkie s\u0105 warte zachodu, w tym Mega Sena.<\/p>\n<p>Aby zagra\u0107 w Mega-Sena Lotto, gracze wybieraj\u0105 6 liczb od 1 do 60. Dopasowanie wszystkich 6 liczb zapewnia wygran\u0105, kt\u00f3ra zawsze wynosi co najmniej kilka milion\u00f3w dolar\u00f3w i cz\u0119sto jest znacznie wy\u017cszy.<br \/>\nJednak Mega-Sena jest <strong> wyj\u0105tkowa od wszystkich innych loterii na \u015bwiecie <\/strong>, poniewa\u017c nie ma po prostu 60 pi\u0142ek z r\u00f3\u017cnymi numerami. Istniej\u0105 dwa r\u00f3\u017cne b\u0119bny, jeden od 0 do 5, a drugi od 0 do 9. Nast\u0119pnie rysuj\u0105 cyfry pojedynczo.<\/p>\n<p>Na przyk\u0142ad, je\u015bli narysuj\u0105 2 z pierwszego b\u0119bna, a nast\u0119pnie narysuj\u0105 9 z drugiego, to wylosowana liczba to 29. Po wylosowaniu jednocyfrowej liczby nie jest ona ponownie umieszczana w b\u0119bnie. Wi\u0119c teraz wiemy, \u017ce b\u0119dzie dok\u0142adnie jedna liczba jednocyfrowa, chyba \u017ce zostanie narysowana liczba 00, kt\u00f3r\u0105 uwa\u017ca si\u0119 za 60, jedna zaczynaj\u0105ca si\u0119 od 1, jedna zaczynaj\u0105ca si\u0119 od dw\u00f3ch i tak dalej. Jest to wi\u0119c interesuj\u0105cy zwrot akcji, kt\u00f3ry w rzeczywisto\u015bci u\u0142atwia wygrywanie, pod warunkiem przestrzegania tej strategii.<\/p>\n<p>Dopasowanie wszystkich 6 liczb zapewni Ci jackpot, a dopasowanie 4 lub 5 liczb zapewni Ci dodatkow\u0105 nagrod\u0119. Jak to cz\u0119sto bywa w przypadku loterii krajowych, <strong> zyski generowane przez Mega-Sena Lotto id\u0105 na wsparcie program\u00f3w spo\u0142ecznych <\/strong>, a Brazylijczycy s\u0105 w du\u017cej mierze uzale\u017cnieni od tych darowizn. Wi\u0119c chocia\u017c mo\u017cemy nie pochodzi\u0107 z Brazylii, a zatem nie czerpa\u0107 z tego bezpo\u015brednich korzy\u015bci, wspaniale jest wiedzie\u0107, \u017ce zdecydowanie robimy co\u015b dobrego, graj\u0105c w Mega Sena opr\u00f3cz ca\u0142ej zabawy, jak\u0105 to robimy.<\/p>\n<h2>Loterie to ulubiona forma hazardu na \u015bwiecie<\/h2>\n<p>Nietrudno zrozumie\u0107, dlaczego loterie s\u0105 najpopularniejsz\u0105 form\u0105 hazardu na \u015bwiecie. Nie chodzi nawet o to, \u017ce jest tak \u0142atwo dost\u0119pny, chocia\u017c to z pewno\u015bci\u0105 pomaga. Prawdziwym powodem jest podekscytowanie, jakie daje mo\u017cliwo\u015b\u0107 wygrania ogromnych ilo\u015bci pieni\u0119dzy.<\/p>\n<p>Wygl\u0105da r\u00f3wnie\u017c na to, \u017ce nasz apetyt na te <strong> ogromne jackpoty <\/strong> jest rzeczywi\u015bcie do\u015b\u0107 du\u017cy. Je\u015bli kiedykolwiek by\u0142e\u015b \u015bwiadkiem szumu generowanego <a href=\"https:\/\/onlinelotto365.com\/pl\/news\/najwieksze-kumulacje-loterii-w-historii\">, kiedy jackpoty rosn\u0105 do ogromnych kwot <\/a>, i ile sprzedaje si\u0119 za nie wi\u0119cej bilet\u00f3w, przy znacznie d\u0142u\u017cszych sk\u0142adach, kt\u00f3re s\u0105 z nimi dostarczane, wi\u0119c wiesz, \u017ce to wszystko prawda.<\/p>\n<p>Dlaczego ludzie nie byliby podekscytowani mo\u017cliwo\u015bci\u0105 wygrania wystarczaj\u0105cej ilo\u015bci pieni\u0119dzy, aby zapewni\u0107 Ci \u017cycie w luksusie i bogactwie? Dla przyt\u0142aczaj\u0105cej wi\u0119kszo\u015bci z nas jest to jedyna szansa na taki styl \u017cycia. Zwykli ludzie, tacy jak my, wygrywaj\u0105 jednak te gigantyczne kwoty i nigdy nie wiadomo, czy i kiedy nadejdzie Twoja kolej.<\/p>\n<p><strong> Sama gra jednak dostarcza wiele przyjemno\u015bci <\/strong> ludziom, mimo \u017ce masz szanse na wygran\u0105je\u015bli w ten spos\u00f3b du\u017co pieni\u0119dzy jest bardzo ma\u0142e, szansa wci\u0105\u017c istnieje. Je\u015bli nie grasz, c\u00f3\u017c, nie mo\u017cesz \u015bni\u0107 i nie cieszysz si\u0119 my\u015blami, \u017ce to wszystko mo\u017ce ci si\u0119 przytrafi\u0107.<\/p>\n<p>Oczywi\u015bcie nie musisz wygrywa\u0107 jackpota, aby wygrywa\u0107 pieni\u0105dze na loteriach, a gracze ca\u0142y czas wygrywaj\u0105 mniejsze nagrody. Niekt\u00f3re z tych mniejszych nagr\u00f3d wcale nie s\u0105 takie ma\u0142e. Istnieje <strong> wiele r\u00f3\u017cnych sposob\u00f3w na wygrywanie pieni\u0119dzy w loteriach <\/strong> i za ka\u017cdym razem, gdy zarabiasz, jest to zawsze bardzo mi\u0142e.<\/p>\n","protected":false},"excerpt":{"rendered":"<p>Nasz serwis pozwala obecnie na zakup los\u00f3w na 15 r\u00f3\u017cnych du\u017cych loterii z ca\u0142ego \u015bwiata. Z dum\u0105 oferujemy naszym graczom mo\u017cliwo\u015b\u0107 gry w brazylijskiej loterii Mega Sena online . Podobnie jak w przypadku wszystkich du\u017cych loterii, wcze\u015bniej musia\u0142e\u015b mieszka\u0107 w kraju lub obszarze, w kt\u00f3rym dana loteria by\u0142a uruchamiana, i podr\u00f3\u017cowa\u0107 do tamtejszego sprzedawcy lotto, [&hellip;]<\/p>\n","protected":false},"author":1,"featured_media":0,"parent":5030,"menu_order":12,"comment_status":"closed","ping_status":"closed","template":"megasena.php","meta":{"_et_pb_use_builder":"","_et_pb_old_content":"","_et_gb_content_width":"","exclude_from_search":false,"footnotes":""},"class_list":["post-12024","page","type-page","status-publish","hentry"],"yoast_head":"<!-- This site is optimized with the Yoast SEO plugin v23.4 - https:\/\/yoast.com\/wordpress\/plugins\/seo\/ -->\n<title>Zagraj w Mega-Sen\u0119 online z Polski | Czy mog\u0119 uczestniczy\u0107 w Mega-Senie, je\u015bli mieszkam w Polsce?<\/title>\n<meta name=\"description\" content=\"Nasz serwis biletowy online u\u0142atwia kibicom lotto z Polski gr\u0119 w Mega-Sen\u0119 online.\" \/>\n<meta name=\"robots\" content=\"index, follow, max-snippet:-1, max-image-preview:large, max-video-preview:-1\" \/>\n<link rel=\"canonical\" href=\"https:\/\/onlinelotto365.com\/pl\/zagraj\/mega-sena\/\" \/>\n<meta property=\"og:locale\" content=\"pl_PL\" \/>\n<meta property=\"og:type\" content=\"article\" \/>\n<meta property=\"og:title\" content=\"Zagraj w Mega-Sen\u0119 online z Polski | Czy mog\u0119 uczestniczy\u0107 w Mega-Senie, je\u015bli mieszkam w Polsce?\" \/>\n<meta property=\"og:description\" content=\"Nasz serwis biletowy online u\u0142atwia kibicom lotto z Polski gr\u0119 w Mega-Sen\u0119 online.\" \/>\n<meta property=\"og:url\" content=\"https:\/\/onlinelotto365.com\/pl\/zagraj\/mega-sena\/\" \/>\n<meta property=\"og:site_name\" content=\"OnlineLotto365\" \/>\n<meta property=\"article:modified_time\" content=\"2021-01-07T07:19:47+00:00\" \/>\n<meta name=\"twitter:card\" content=\"summary_large_image\" \/>\n<meta name=\"twitter:label1\" content=\"Szacowany czas czytania\" \/>\n\t<meta name=\"twitter:data1\" content=\"4 minuty\" \/>\n<script type=\"application\/ld+json\" class=\"yoast-schema-graph\">{\"@context\":\"https:\/\/schema.org\",\"@graph\":[{\"@type\":\"WebPage\",\"@id\":\"https:\/\/onlinelotto365.com\/pl\/zagraj\/mega-sena\/\",\"url\":\"https:\/\/onlinelotto365.com\/pl\/zagraj\/mega-sena\/\",\"name\":\"Zagraj w Mega-Sen\u0119 online z Polski | Czy mog\u0119 uczestniczy\u0107 w Mega-Senie, je\u015bli mieszkam w Polsce?\",\"isPartOf\":{\"@id\":\"https:\/\/onlinelotto365.com\/pl\/#website\"},\"datePublished\":\"2020-12-21T10:34:05+00:00\",\"dateModified\":\"2021-01-07T07:19:47+00:00\",\"description\":\"Nasz serwis biletowy online u\u0142atwia kibicom lotto z Polski gr\u0119 w Mega-Sen\u0119 online.\",\"breadcrumb\":{\"@id\":\"https:\/\/onlinelotto365.com\/pl\/zagraj\/mega-sena\/#breadcrumb\"},\"inLanguage\":\"pl-PL\",\"potentialAction\":[{\"@type\":\"ReadAction\",\"target\":[\"https:\/\/onlinelotto365.com\/pl\/zagraj\/mega-sena\/\"]}]},{\"@type\":\"BreadcrumbList\",\"@id\":\"https:\/\/onlinelotto365.com\/pl\/zagraj\/mega-sena\/#breadcrumb\",\"itemListElement\":[{\"@type\":\"ListItem\",\"position\":1,\"name\":\"Home\",\"item\":\"https:\/\/onlinelotto365.com\/pl\/\"},{\"@type\":\"ListItem\",\"position\":2,\"name\":\"Wszystko, co musisz wiedzie\u0107 o swoich opcjach, aby gra\u0107 na najlepszych loteriach online\",\"item\":\"https:\/\/onlinelotto365.com\/pl\/zagraj\/\"},{\"@type\":\"ListItem\",\"position\":3,\"name\":\"Jak mieszka\u0144cy Polski mog\u0105 gra\u0107 w Mega-Sen\u0119 online?\"}]},{\"@type\":\"WebSite\",\"@id\":\"https:\/\/onlinelotto365.com\/pl\/#website\",\"url\":\"https:\/\/onlinelotto365.com\/pl\/\",\"name\":\"OnlineLotto365\",\"description\":\"\",\"potentialAction\":[{\"@type\":\"SearchAction\",\"target\":{\"@type\":\"EntryPoint\",\"urlTemplate\":\"https:\/\/onlinelotto365.com\/pl\/?s={search_term_string}\"},\"query-input\":{\"@type\":\"PropertyValueSpecification\",\"valueRequired\":true,\"valueName\":\"search_term_string\"}}],\"inLanguage\":\"pl-PL\"}]}<\/script>\n<!-- \/ Yoast SEO plugin. -->","yoast_head_json":{"title":"Zagraj w Mega-Sen\u0119 online z Polski | Czy mog\u0119 uczestniczy\u0107 w Mega-Senie, je\u015bli mieszkam w Polsce?","description":"Nasz serwis biletowy online u\u0142atwia kibicom lotto z Polski gr\u0119 w Mega-Sen\u0119 online.","robots":{"index":"index","follow":"follow","max-snippet":"max-snippet:-1","max-image-preview":"max-image-preview:large","max-video-preview":"max-video-preview:-1"},"canonical":"https:\/\/onlinelotto365.com\/pl\/zagraj\/mega-sena\/","og_locale":"pl_PL","og_type":"article","og_title":"Zagraj w Mega-Sen\u0119 online z Polski | Czy mog\u0119 uczestniczy\u0107 w Mega-Senie, je\u015bli mieszkam w Polsce?","og_description":"Nasz serwis biletowy online u\u0142atwia kibicom lotto z Polski gr\u0119 w Mega-Sen\u0119 online.","og_url":"https:\/\/onlinelotto365.com\/pl\/zagraj\/mega-sena\/","og_site_name":"OnlineLotto365","article_modified_time":"2021-01-07T07:19:47+00:00","twitter_card":"summary_large_image","twitter_misc":{"Szacowany czas czytania":"4 minuty"},"schema":{"@context":"https:\/\/schema.org","@graph":[{"@type":"WebPage","@id":"https:\/\/onlinelotto365.com\/pl\/zagraj\/mega-sena\/","url":"https:\/\/onlinelotto365.com\/pl\/zagraj\/mega-sena\/","name":"Zagraj w Mega-Sen\u0119 online z Polski | Czy mog\u0119 uczestniczy\u0107 w Mega-Senie, je\u015bli mieszkam w Polsce?","isPartOf":{"@id":"https:\/\/onlinelotto365.com\/pl\/#website"},"datePublished":"2020-12-21T10:34:05+00:00","dateModified":"2021-01-07T07:19:47+00:00","description":"Nasz serwis biletowy online u\u0142atwia kibicom lotto z Polski gr\u0119 w Mega-Sen\u0119 online.","breadcrumb":{"@id":"https:\/\/onlinelotto365.com\/pl\/zagraj\/mega-sena\/#breadcrumb"},"inLanguage":"pl-PL","potentialAction":[{"@type":"ReadAction","target":["https:\/\/onlinelotto365.com\/pl\/zagraj\/mega-sena\/"]}]},{"@type":"BreadcrumbList","@id":"https:\/\/onlinelotto365.com\/pl\/zagraj\/mega-sena\/#breadcrumb","itemListElement":[{"@type":"ListItem","position":1,"name":"Home","item":"https:\/\/onlinelotto365.com\/pl\/"},{"@type":"ListItem","position":2,"name":"Wszystko, co musisz wiedzie\u0107 o swoich opcjach, aby gra\u0107 na najlepszych loteriach online","item":"https:\/\/onlinelotto365.com\/pl\/zagraj\/"},{"@type":"ListItem","position":3,"name":"Jak mieszka\u0144cy Polski mog\u0105 gra\u0107 w Mega-Sen\u0119 online?"}]},{"@type":"WebSite","@id":"https:\/\/onlinelotto365.com\/pl\/#website","url":"https:\/\/onlinelotto365.com\/pl\/","name":"OnlineLotto365","description":"","potentialAction":[{"@type":"SearchAction","target":{"@type":"EntryPoint","urlTemplate":"https:\/\/onlinelotto365.com\/pl\/?s={search_term_string}"},"query-input":{"@type":"PropertyValueSpecification","valueRequired":true,"valueName":"search_term_string"}}],"inLanguage":"pl-PL"}]}},"_links":{"self":[{"href":"https:\/\/onlinelotto365.com\/pl\/wp-json\/wp\/v2\/pages\/12024","targetHints":{"allow":["GET"]}}],"collection":[{"href":"https:\/\/onlinelotto365.com\/pl\/wp-json\/wp\/v2\/pages"}],"about":[{"href":"https:\/\/onlinelotto365.com\/pl\/wp-json\/wp\/v2\/types\/page"}],"author":[{"embeddable":true,"href":"https:\/\/onlinelotto365.com\/pl\/wp-json\/wp\/v2\/users\/1"}],"replies":[{"embeddable":true,"href":"https:\/\/onlinelotto365.com\/pl\/wp-json\/wp\/v2\/comments?post=12024"}],"version-history":[{"count":0,"href":"https:\/\/onlinelotto365.com\/pl\/wp-json\/wp\/v2\/pages\/12024\/revisions"}],"up":[{"embeddable":true,"href":"https:\/\/onlinelotto365.com\/pl\/wp-json\/wp\/v2\/pages\/5030"}],"wp:attachment":[{"href":"https:\/\/onlinelotto365.com\/pl\/wp-json\/wp\/v2\/media?parent=12024"}],"curies":[{"name":"wp","href":"https:\/\/api.w.org\/{rel}","templated":true}]}}