{"id":12026,"date":"2020-12-21T11:35:14","date_gmt":"2020-12-21T10:35:14","guid":{"rendered":"http:\/\/onlinelotto365.net\/?page_id=12026"},"modified":"2021-01-07T08:19:58","modified_gmt":"2021-01-07T07:19:58","slug":"powerball-australia","status":"publish","type":"page","link":"https:\/\/onlinelotto365.com\/pl\/zagraj\/powerball-australia\/","title":{"rendered":"Powerball Australia &#8211; nie jeste\u015b ju\u017c ograniczony do Twoich brytyjskich loterii"},"content":{"rendered":"<h2>Jak gra\u0107 w Powerball Australia online<\/h2>\n<p>W rzeczywisto\u015bci <strong> ca\u0142kiem \u0142atwo jest gra\u0107 w Powerball Australia online <\/strong>, nawet je\u015bli jeste\u015b w Polsce. Jest to r\u00f3wnie\u017c wygodne, poniewa\u017c jeste\u015b ju\u017c tutaj, gdzie mo\u017cesz zdoby\u0107 bilety za pomoc\u0105 kilku klikni\u0119\u0107 myszk\u0105.<\/p>\n<p>Zadbamy o Ciebie na ka\u017cdym kroku, gdzie wszystko, co musisz zrobi\u0107, to <strong> za\u0142o\u017cy\u0107 darmowe konto <\/strong>, dokona\u0107 wyboru, wybra\u0107 jedn\u0105 z wielu wygodnych opcji p\u0142atno\u015bci, a my zrobimy wszystko reszta.<\/p>\n<p>Upewnij si\u0119, \u017ce klikn\u0105\u0142e\u015b w\u0142a\u015bciw\u0105 loteri\u0119, a mianowicie Powerball Australia. Nast\u0119pnie wybierasz swoje liczby. Je\u015bli spr\u00f3bujesz wybra\u0107 zbyt wiele liczb lub nie wybra\u0142e\u015b wystarczaj\u0105cej liczby liczb, system wy\u015bwietli monit o wybranie mniejszej lub wi\u0119kszej liczby liczb. Mo\u017cesz te\u017c klikn\u0105\u0107 przycisk szybkiego wyboru, a witryna <strong> losowo wybierze kilka liczb <\/strong>. Nadal mo\u017cesz r\u0119cznie edytowa\u0107 te numery, je\u015bli ich nie lubisz.<\/p>\n<p>Jest te\u017c metoda, z kt\u00f3rej lubi korzysta\u0107 wielu graczy &#8211; funkcja szybkiego wybierania. Lub mo\u017cesz r\u0119cznie u\u017cy\u0107 niekt\u00f3rych ze swoich ulubionych liczb i pozwoli\u0107 generatorowi liczb losowych wybra\u0107 reszt\u0119 za Ciebie.<\/p>\n<p>Nast\u0119pnie mo\u017cesz wybra\u0107 inn\u0105 loteri\u0119, zagra\u0107 wi\u0119cej kupon\u00f3w lotto i doda\u0107 je do swojego zam\u00f3wienia. Nast\u0119pnie kliknij, aby zap\u0142aci\u0107 i bezpiecznie zap\u0142aci\u0107 za bilety. W tym momencie b\u0119dziesz musia\u0142 za\u0142o\u017cy\u0107 u nas konto. Oczywi\u015bcie mo\u017cesz te\u017c najpierw za\u0142o\u017cy\u0107 konto, a dopiero potem rozpocz\u0105\u0107 proces zamawiania bilet\u00f3w.<\/p>\n<p>Po utworzeniu konta wy\u015blemy Ci e-mail weryfikacyjny z linkiem, kt\u00f3ry musisz klikn\u0105\u0107. Sprawd\u017a, czy w folderze spamu nie ma tego e-maila. Dobrze by\u0142oby oznaczy\u0107 nasz adres e-mail jako zaufanego nadawc\u0119. Gwarantuje to, \u017ce wa\u017cne wiadomo\u015bci, takie jak powiadomienia o wygranych, faktycznie dotr\u0105 do Ciebie.<\/p>\n<p><a href=\"https:\/\/redfoxlotto.com\/pl\/powerball-au\/?ref=a8564250a2&amp;medium=ol365\" target=\"_blank\" rel=\"noopener noreferrer\"> <img decoding=\"async\" class=\"aligncenter\" src=\" https:\/\/redfoxlotto.com\/image?size=8&amp;lottery=powerball-au \" alt=\" Powerball Polska \" \/> <\/a><\/p>\n<h2>O Powerball Australia<\/h2>\n<ul>\n<li>Kraj: Australia<\/li>\n<li>G\u0142\u00f3wny zakres liczb: 35<\/li>\n<li>Musisz wybra\u0107: 7<\/li>\n<li>Zakres dodatkowych liczb: 20<\/li>\n<li>Musisz wybra\u0107: 1<\/li>\n<li>Dni, godziny losowania: czwartek, 21:30 GMT + 11, 10:30 CET<\/li>\n<li>Jackpot zaczyna si\u0119 od: 3 miliony AU $<\/li>\n<li>Jackpot jest ograniczony do: 150 milion\u00f3w AU $<\/li>\n<li>Szansa na wygran\u0105 g\u0142\u00f3wn\u0105: 1 na 134.490.400<\/li>\n<li>Szansa na drug\u0105 nagrod\u0119: 1 na 7.078.443<\/li>\n<li>Szansa na wygranie dowolnej nagrody: 1 na 24,87<\/li>\n<li>Liczba kategorii nagr\u00f3d: 7<\/li>\n<\/ul>\n<h2>Jak sprawdzi\u0107 wyniki Powerball Australia<\/h2>\n<p>Mo\u017cesz skorzysta\u0107 z wielu <a href=\"https:\/\/onlinelotto365.com\/pl\/numery-wygranych\"> metod, aby sprawdzi\u0107 swoje wyniki. <\/a> Mo\u017cesz je znale\u017a\u0107 na oficjalnej stronie loterii. W przypadku niekt\u00f3rych loterii zwyci\u0119skie liczby mo\u017cna znale\u017a\u0107 w lokalnej gazecie lub na kanale telewizyjnym. Ale naj\u0142atwiej jest wr\u00f3ci\u0107 do naszej witryny i <a href=\"https:\/\/onlinelotto365.com\/pl\/news\/sprawdz-bilet-na-loterie-online\"> sprawdzi\u0107 najnowsze zwyci\u0119skie liczby <\/a> tutaj. Po zalogowaniu si\u0119 na swoje konto mo\u017cesz <strong> por\u00f3wna\u0107 liczby, kt\u00f3re obra\u0142e\u015b z liczbami z losowania <\/strong>. I od razu mo\u017cesz zobaczy\u0107, ile wygra\u0142e\u015b.<\/p>\n<h2>Gra\u0142e\u015b w Powerball Australia online i wygra\u0142e\u015b &#8211; co b\u0119dzie dalej?<\/h2>\n<p>Najpierw sprawd\u017a, ile wygra\u0142e\u015b. Je\u015bli wygrana jest mniejsza ni\u017c 2500 \u20ac, znajdziesz <strong> kwot\u0119 przelan\u0105 na Twoje konto gracza <\/strong>. Mo\u017cesz go u\u017cy\u0107 do zakupu dodatkowych bilet\u00f3w lub, je\u015bli wolisz, mo\u017cesz go wycofa\u0107. Pami\u0119taj, \u017ce opcja wyp\u0142aty jest widoczna tylko wtedy, gdy saldo Twojego konta wynosi co najmniej 10 \u20ac.<\/p>\n<p>W przypadku wygranych powy\u017cej 2500 \u20ac nasza obs\u0142uga klienta skontaktuje si\u0119 z Tob\u0105. B\u0119dziesz musia\u0142 wype\u0142ni\u0107 formularz reklamacyjny, kt\u00f3ry nast\u0119pnie prze\u015blemy do komisji loterii. Nast\u0119pnie, w zale\u017cno\u015bci od \u017cyczenia, <strong> otrzymasz wygrane przelewem bankowym lub czekiem <\/strong>.<\/p>\n","protected":false},"excerpt":{"rendered":"<p>Jak gra\u0107 w Powerball Australia online W rzeczywisto\u015bci ca\u0142kiem \u0142atwo jest gra\u0107 w Powerball Australia online , nawet je\u015bli jeste\u015b w Polsce. Jest to r\u00f3wnie\u017c wygodne, poniewa\u017c jeste\u015b ju\u017c tutaj, gdzie mo\u017cesz zdoby\u0107 bilety za pomoc\u0105 kilku klikni\u0119\u0107 myszk\u0105. Zadbamy o Ciebie na ka\u017cdym kroku, gdzie wszystko, co musisz zrobi\u0107, to za\u0142o\u017cy\u0107 darmowe konto , [&hellip;]<\/p>\n","protected":false},"author":1,"featured_media":0,"parent":5030,"menu_order":13,"comment_status":"closed","ping_status":"closed","template":"powerball-au.php","meta":{"_et_pb_use_builder":"","_et_pb_old_content":"","_et_gb_content_width":"","exclude_from_search":false,"footnotes":""},"class_list":["post-12026","page","type-page","status-publish","hentry"],"yoast_head":"<!-- This site is optimized with the Yoast SEO plugin v23.4 - https:\/\/yoast.com\/wordpress\/plugins\/seo\/ -->\n<title>Zagraj w Powerball Australia online z Polski<\/title>\n<meta name=\"description\" content=\"Zagraj w Powerball Australia w\u0142a\u015bnie tutaj - najwi\u0119ksze loterie na \u015bwiecie, dost\u0119pne online z Polski\" \/>\n<meta name=\"robots\" content=\"index, follow, max-snippet:-1, max-image-preview:large, max-video-preview:-1\" \/>\n<link rel=\"canonical\" href=\"https:\/\/onlinelotto365.com\/pl\/zagraj\/powerball-australia\/\" \/>\n<meta property=\"og:locale\" content=\"pl_PL\" \/>\n<meta property=\"og:type\" content=\"article\" \/>\n<meta property=\"og:title\" content=\"Zagraj w Powerball Australia online z Polski\" \/>\n<meta property=\"og:description\" content=\"Zagraj w Powerball Australia w\u0142a\u015bnie tutaj - najwi\u0119ksze loterie na \u015bwiecie, dost\u0119pne online z Polski\" \/>\n<meta property=\"og:url\" content=\"https:\/\/onlinelotto365.com\/pl\/zagraj\/powerball-australia\/\" \/>\n<meta property=\"og:site_name\" content=\"OnlineLotto365\" \/>\n<meta property=\"article:modified_time\" content=\"2021-01-07T07:19:58+00:00\" \/>\n<meta name=\"twitter:card\" content=\"summary_large_image\" \/>\n<meta name=\"twitter:label1\" content=\"Szacowany czas czytania\" \/>\n\t<meta name=\"twitter:data1\" content=\"3 minuty\" \/>\n<script type=\"application\/ld+json\" class=\"yoast-schema-graph\">{\"@context\":\"https:\/\/schema.org\",\"@graph\":[{\"@type\":\"WebPage\",\"@id\":\"https:\/\/onlinelotto365.com\/pl\/zagraj\/powerball-australia\/\",\"url\":\"https:\/\/onlinelotto365.com\/pl\/zagraj\/powerball-australia\/\",\"name\":\"Zagraj w Powerball Australia online z Polski\",\"isPartOf\":{\"@id\":\"https:\/\/onlinelotto365.com\/pl\/#website\"},\"datePublished\":\"2020-12-21T10:35:14+00:00\",\"dateModified\":\"2021-01-07T07:19:58+00:00\",\"description\":\"Zagraj w Powerball Australia w\u0142a\u015bnie tutaj - najwi\u0119ksze loterie na \u015bwiecie, dost\u0119pne online z Polski\",\"breadcrumb\":{\"@id\":\"https:\/\/onlinelotto365.com\/pl\/zagraj\/powerball-australia\/#breadcrumb\"},\"inLanguage\":\"pl-PL\",\"potentialAction\":[{\"@type\":\"ReadAction\",\"target\":[\"https:\/\/onlinelotto365.com\/pl\/zagraj\/powerball-australia\/\"]}]},{\"@type\":\"BreadcrumbList\",\"@id\":\"https:\/\/onlinelotto365.com\/pl\/zagraj\/powerball-australia\/#breadcrumb\",\"itemListElement\":[{\"@type\":\"ListItem\",\"position\":1,\"name\":\"Home\",\"item\":\"https:\/\/onlinelotto365.com\/pl\/\"},{\"@type\":\"ListItem\",\"position\":2,\"name\":\"Wszystko, co musisz wiedzie\u0107 o swoich opcjach, aby gra\u0107 na najlepszych loteriach online\",\"item\":\"https:\/\/onlinelotto365.com\/pl\/zagraj\/\"},{\"@type\":\"ListItem\",\"position\":3,\"name\":\"Powerball Australia &#8211; nie jeste\u015b ju\u017c ograniczony do Twoich brytyjskich loterii\"}]},{\"@type\":\"WebSite\",\"@id\":\"https:\/\/onlinelotto365.com\/pl\/#website\",\"url\":\"https:\/\/onlinelotto365.com\/pl\/\",\"name\":\"OnlineLotto365\",\"description\":\"\",\"potentialAction\":[{\"@type\":\"SearchAction\",\"target\":{\"@type\":\"EntryPoint\",\"urlTemplate\":\"https:\/\/onlinelotto365.com\/pl\/?s={search_term_string}\"},\"query-input\":{\"@type\":\"PropertyValueSpecification\",\"valueRequired\":true,\"valueName\":\"search_term_string\"}}],\"inLanguage\":\"pl-PL\"}]}<\/script>\n<!-- \/ Yoast SEO plugin. -->","yoast_head_json":{"title":"Zagraj w Powerball Australia online z Polski","description":"Zagraj w Powerball Australia w\u0142a\u015bnie tutaj - najwi\u0119ksze loterie na \u015bwiecie, dost\u0119pne online z Polski","robots":{"index":"index","follow":"follow","max-snippet":"max-snippet:-1","max-image-preview":"max-image-preview:large","max-video-preview":"max-video-preview:-1"},"canonical":"https:\/\/onlinelotto365.com\/pl\/zagraj\/powerball-australia\/","og_locale":"pl_PL","og_type":"article","og_title":"Zagraj w Powerball Australia online z Polski","og_description":"Zagraj w Powerball Australia w\u0142a\u015bnie tutaj - najwi\u0119ksze loterie na \u015bwiecie, dost\u0119pne online z Polski","og_url":"https:\/\/onlinelotto365.com\/pl\/zagraj\/powerball-australia\/","og_site_name":"OnlineLotto365","article_modified_time":"2021-01-07T07:19:58+00:00","twitter_card":"summary_large_image","twitter_misc":{"Szacowany czas czytania":"3 minuty"},"schema":{"@context":"https:\/\/schema.org","@graph":[{"@type":"WebPage","@id":"https:\/\/onlinelotto365.com\/pl\/zagraj\/powerball-australia\/","url":"https:\/\/onlinelotto365.com\/pl\/zagraj\/powerball-australia\/","name":"Zagraj w Powerball Australia online z Polski","isPartOf":{"@id":"https:\/\/onlinelotto365.com\/pl\/#website"},"datePublished":"2020-12-21T10:35:14+00:00","dateModified":"2021-01-07T07:19:58+00:00","description":"Zagraj w Powerball Australia w\u0142a\u015bnie tutaj - najwi\u0119ksze loterie na \u015bwiecie, dost\u0119pne online z Polski","breadcrumb":{"@id":"https:\/\/onlinelotto365.com\/pl\/zagraj\/powerball-australia\/#breadcrumb"},"inLanguage":"pl-PL","potentialAction":[{"@type":"ReadAction","target":["https:\/\/onlinelotto365.com\/pl\/zagraj\/powerball-australia\/"]}]},{"@type":"BreadcrumbList","@id":"https:\/\/onlinelotto365.com\/pl\/zagraj\/powerball-australia\/#breadcrumb","itemListElement":[{"@type":"ListItem","position":1,"name":"Home","item":"https:\/\/onlinelotto365.com\/pl\/"},{"@type":"ListItem","position":2,"name":"Wszystko, co musisz wiedzie\u0107 o swoich opcjach, aby gra\u0107 na najlepszych loteriach online","item":"https:\/\/onlinelotto365.com\/pl\/zagraj\/"},{"@type":"ListItem","position":3,"name":"Powerball Australia &#8211; nie jeste\u015b ju\u017c ograniczony do Twoich brytyjskich loterii"}]},{"@type":"WebSite","@id":"https:\/\/onlinelotto365.com\/pl\/#website","url":"https:\/\/onlinelotto365.com\/pl\/","name":"OnlineLotto365","description":"","potentialAction":[{"@type":"SearchAction","target":{"@type":"EntryPoint","urlTemplate":"https:\/\/onlinelotto365.com\/pl\/?s={search_term_string}"},"query-input":{"@type":"PropertyValueSpecification","valueRequired":true,"valueName":"search_term_string"}}],"inLanguage":"pl-PL"}]}},"_links":{"self":[{"href":"https:\/\/onlinelotto365.com\/pl\/wp-json\/wp\/v2\/pages\/12026","targetHints":{"allow":["GET"]}}],"collection":[{"href":"https:\/\/onlinelotto365.com\/pl\/wp-json\/wp\/v2\/pages"}],"about":[{"href":"https:\/\/onlinelotto365.com\/pl\/wp-json\/wp\/v2\/types\/page"}],"author":[{"embeddable":true,"href":"https:\/\/onlinelotto365.com\/pl\/wp-json\/wp\/v2\/users\/1"}],"replies":[{"embeddable":true,"href":"https:\/\/onlinelotto365.com\/pl\/wp-json\/wp\/v2\/comments?post=12026"}],"version-history":[{"count":0,"href":"https:\/\/onlinelotto365.com\/pl\/wp-json\/wp\/v2\/pages\/12026\/revisions"}],"up":[{"embeddable":true,"href":"https:\/\/onlinelotto365.com\/pl\/wp-json\/wp\/v2\/pages\/5030"}],"wp:attachment":[{"href":"https:\/\/onlinelotto365.com\/pl\/wp-json\/wp\/v2\/media?parent=12026"}],"curies":[{"name":"wp","href":"https:\/\/api.w.org\/{rel}","templated":true}]}}