{"id":12028,"date":"2020-12-21T11:36:00","date_gmt":"2020-12-21T10:36:00","guid":{"rendered":"http:\/\/onlinelotto365.net\/?page_id=12028"},"modified":"2021-01-07T08:20:30","modified_gmt":"2021-01-07T07:20:30","slug":"oz-lotto","status":"publish","type":"page","link":"https:\/\/onlinelotto365.com\/pl\/zagraj\/oz-lotto\/","title":{"rendered":"Gra w Oz Lotto jest tylko jedn\u0105 z opcji dla fan\u00f3w loterii z Polski"},"content":{"rendered":"<h2>Jak gra\u0107 w Oz Lotto online<\/h2>\n<p>Niezale\u017cnie od tego, czy mieszkasz w Australii, czy nie, mo\u017cesz z \u0142atwo\u015bci\u0105 <strong> gra\u0107 w Oz Lotto online <\/strong>. Dzieje si\u0119 tak, poniewa\u017c wszystko, co musisz zrobi\u0107, to znale\u017a\u0107 odpowiedni\u0105 stron\u0119 w naszej witrynie, klikn\u0105\u0107 kilka przycisk\u00f3w, a zanim si\u0119 zorientujesz, otrzymasz bilety, kt\u00f3re chcesz.<\/p>\n<p>Co wi\u0119cej, wystarczy za\u0142o\u017cy\u0107 ca\u0142kowicie darmowe konto, <a href=\"https:\/\/onlinelotto365.com\/pl\/zagraj\"> wybra\u0107 bilety <\/a> i numery, kt\u00f3re chcesz, wybra\u0107 opcj\u0119 p\u0142atno\u015bci, kt\u00f3ra najbardziej Ci odpowiada i jeste\u015b sko\u0144czony. To naprawd\u0119 takie proste.<\/p>\n<p>Je\u015bli jeste\u015b gotowy, aby zacz\u0105\u0107, pierwsz\u0105 rzecz\u0105, kt\u00f3r\u0105 musisz zrobi\u0107, to wybra\u0107 lotto, kt\u00f3re chcesz. W tym przypadku patrzysz na Oz Lotto. Gdy ju\u017c jeste\u015b w grze, po prostu wybierasz liczby, w kt\u00f3re chcesz zagra\u0107. Nie musisz si\u0119 nawet martwi\u0107 o nieprawid\u0142owy wyb\u00f3r numer\u00f3w, poniewa\u017c system poinformuje Ci\u0119, czego potrzebujesz.<\/p>\n<p>Oznacza to r\u00f3wnie\u017c ilo\u015b\u0107 liczb. Ponadto mo\u017cesz wybra\u0107 opcj\u0119 szybkiego wyboru, aby komputer losowo wybiera\u0142 Twoje liczby, a nast\u0119pnie r\u00f3wnie\u017c je edytowa\u0107.<br \/>\nGdy ju\u017c zdob\u0119dziesz kupony, kt\u00f3re chcesz kupi\u0107 w Oz Lotto, mo\u017cesz doda\u0107 jeszcze wi\u0119cej los\u00f3w, wybra\u0107 inn\u0105 gr\u0119 i doda\u0107 te kupony lub po prostu doda\u0107 swoje kupony do zam\u00f3wienia. Kasa i zap\u0142ata z Polski przy u\u017cyciu preferowanej metody p\u0142atno\u015bci i wszystko gotowe. Chocia\u017c, oczywi\u015bcie, musisz utworzy\u0107 konto, aby przej\u015b\u0107 przez ca\u0142y proces p\u0142atno\u015bci.<\/p>\n<p>Utworzenie konta jest \u0142atwe, a natychmiast otrzymamy e-mail weryfikacyjny i link. W ten spos\u00f3b mo\u017cesz od razu przej\u015b\u0107 do <a href=\"https:\/\/onlinelotto365.com\/pl\/kup-bilety\"> kupowania tych bilet\u00f3w <\/a> bez konieczno\u015bci czekania. Upewnij si\u0119 tylko, \u017ce sprawdzasz skrzynk\u0119 odbiorcz\u0105 i folder ze spamem, poniewa\u017c nie b\u0119dziesz w stanie odebra\u0107 bilet\u00f3w, dop\u00f3ki nie potwierdzisz. B\u0119dziesz gotowy do pracy w mgnieniu oka.<br \/>\n<a href=\"https:\/\/redfoxlotto.com\/pl\/oz-lotto\/?ref=a8564250a2&amp;medium=ol365\" target=\"_blank\" rel=\"noopener noreferrer\"> <img decoding=\"async\" class=\"aligncenter\" src=\" https:\/\/redfoxlotto.com\/image?size=8&amp;lottery=oz-lotto \" alt=\" Oz Lotto \" \/> <\/a><\/p>\n<h2>O Oz Lotto<\/h2>\n<ul>\n<li style=\"list-style-type: none;\">\n<ul>\n<li>Kraj: Australia<\/li>\n<li>G\u0142\u00f3wny zakres liczb: 45<\/li>\n<li>Musisz wybra\u0107: 7<\/li>\n<li>Dni, godziny losowania: wtorek, 21:30 GMT + 11 &#8211; 10:30 CET<\/li>\n<li>Jackpot zaczyna si\u0119 od: 2 miliony AU $<\/li>\n<li>Jackpot jest ograniczony do: brak<\/li>\n<li>Szansa na wygranie g\u0142\u00f3wnej nagrody: 1 na 45379620<\/li>\n<li>Szansa na drug\u0105 nagrod\u0119: 1 na 3241401<\/li>\n<li>Szansa na wygranie dowolnej nagrody: 1 na 54,59<\/li>\n<li>Liczba kategorii nagr\u00f3d: 7<\/li>\n<\/ul>\n<\/li>\n<\/ul>\n<h2>Najlepsze cechy Oz Lotto<\/h2>\n<p>Oz Lotto daje fanom lotto z Polski <strong> mo\u017cliwo\u015b\u0107 wygrania w siedmiu r\u00f3\u017cnych dywizjach <\/strong>, zwi\u0119kszaj\u0105c Twoje szanse na wygranie wspania\u0142ej nagrody. Nie tylko to, ale je\u015bli wygrasz w Dywizji 1, masz gwarancj\u0119 podzielenia nagrody w wysoko\u015bci 2 milion\u00f3w dolar\u00f3w, a cz\u0119sto znacznie wy\u017cszej. Oznacza to, \u017ce nie b\u0119dziesz mie\u0107 problemu z wygran\u0105 czego\u015b du\u017cego lub przynajmniej zdobyciem udzia\u0142u w jednej ze wspania\u0142ych opcji nagr\u00f3d.<\/p>\n<h2>Jak sprawdzi\u0107 wyniki Oz Lotto<\/h2>\n<p>Istnieje wiele sposob\u00f3w, aby <a href=\"https:\/\/onlinelotto365.com\/pl\/numery-wygranych\"> sprawdzi\u0107 zwyci\u0119skie numery <\/a> w Oz Lotto. Pierwszym jest przej\u015bcie na oficjaln\u0105 stron\u0119 internetow\u0105 lub sprawdzenie lokalnych loterii za po\u015brednictwem w\u0142asnej gazety lub ulubionego kana\u0142u informacyjnego. Ale to dzia\u0142a tylko wtedy, gdy gra jest lokalna. A najlepszym sposobem na zdobycie numer\u00f3w lotto jest powr\u00f3t na nasz\u0105 stron\u0119.<br \/>\nW ko\u0144cu kupi\u0142e\u015b tu bilety, wi\u0119c dlaczego nie? B\u0119dziesz m\u00f3g\u0142 zalogowa\u0107 si\u0119 bezpo\u015brednio na swoje konto i por\u00f3wna\u0107 swoje liczby z numerami wygrywaj\u0105cymi, aby zobaczy\u0107, ile wygra\u0142e\u015b.<\/p>\n<h2>Jeste\u015b zwyci\u0119zc\u0105 Oz Lotto! &#8211; Co teraz? <img decoding=\"async\" class=\"alignright wp-image-3635\" src=\"https:\/\/onlinelotto365.com\/wp-content\/uploads\/2020\/11\/online_lottery-123-300x300.jpg\" alt=\"play oz lotto online \" width=\" 228 \" height=\" 228 \" srcset=\"https:\/\/onlinelotto365.com\/wp-content\/uploads\/2020\/11\/online_lottery-123-300x300.jpg 300w, https:\/\/onlinelotto365.com\/wp-content\/uploads\/2020\/11\/online_lottery-123-100x100.jpg 100w, https:\/\/onlinelotto365.com\/wp-content\/uploads\/2020\/11\/online_lottery-123-150x150.jpg 150w, https:\/\/onlinelotto365.com\/wp-content\/uploads\/2020\/11\/online_lottery-123.jpg 320w\" sizes=\"(max-width: 300px) 100vw, 300px\" \/><\/h2>\n<p>Pierwsz\u0105 rzecz\u0105, kt\u00f3r\u0105 b\u0119dziesz chcia\u0142 wiedzie\u0107, jest to, ile otrzymasz. W ko\u0144cu ka\u017cdy chce wiedzie\u0107 o swoich wygranych, prawda? Je\u015bli wygra\u0142e\u015b mniej ni\u017c 2500 euro, nie b\u0119dziesz musia\u0142 nic robi\u0107. Dbamy o odebranie nagrody i umieszczamy j\u0105 bezpo\u015brednio na Twoim koncie online. Stamt\u0105d mo\u017cesz zdecydowa\u0107, czy chcesz go wyj\u0105\u0107, kupi\u0107 nowe bilety lub cokolwiek chcesz, o ile masz ponad 10 EUR.<\/p>\n<p>Teraz, je\u015bli wygra\u0142e\u015b ponad 2500 euro, proces jest troch\u0119 bardziej zaanga\u017cowany, ale nie martw si\u0119, poniewa\u017c pomo\u017cemy Ci przez to wszystko. Skontaktujemy si\u0119 z Tob\u0105 i przeka\u017cemy Ci kopi\u0119 formularza wniosku, kt\u00f3ry nale\u017cy przes\u0142a\u0107 do komisji loterii. Po wype\u0142nieniu go b\u0119dziesz m\u00f3g\u0142 otrzyma\u0107 wygran\u0105 zgodnie z tym, co przes\u0142a\u0142e\u015b na papierze. Mo\u017cesz otrzyma\u0107 czek lub przelew bankowy.<\/p>\n","protected":false},"excerpt":{"rendered":"<p>Jak gra\u0107 w Oz Lotto online Niezale\u017cnie od tego, czy mieszkasz w Australii, czy nie, mo\u017cesz z \u0142atwo\u015bci\u0105 gra\u0107 w Oz Lotto online . Dzieje si\u0119 tak, poniewa\u017c wszystko, co musisz zrobi\u0107, to znale\u017a\u0107 odpowiedni\u0105 stron\u0119 w naszej witrynie, klikn\u0105\u0107 kilka przycisk\u00f3w, a zanim si\u0119 zorientujesz, otrzymasz bilety, kt\u00f3re chcesz. Co wi\u0119cej, wystarczy za\u0142o\u017cy\u0107 ca\u0142kowicie [&hellip;]<\/p>\n","protected":false},"author":1,"featured_media":0,"parent":5030,"menu_order":14,"comment_status":"closed","ping_status":"closed","template":"template-rightsidebar.php","meta":{"_et_pb_use_builder":"","_et_pb_old_content":"","_et_gb_content_width":"","exclude_from_search":false,"footnotes":""},"class_list":["post-12028","page","type-page","status-publish","hentry"],"yoast_head":"<!-- This site is optimized with the Yoast SEO plugin v23.4 - https:\/\/yoast.com\/wordpress\/plugins\/seo\/ -->\n<title>Zagraj w Oz Lotto w\u0142a\u015bnie tutaj - najwi\u0119ksze loterie na \u015bwiecie, dost\u0119pne online z Polski<\/title>\n<meta name=\"description\" content=\"Graj w wiele mi\u0119dzynarodowych loterii online, w tym OzLotto\" \/>\n<meta name=\"robots\" content=\"index, follow, max-snippet:-1, max-image-preview:large, max-video-preview:-1\" \/>\n<link rel=\"canonical\" href=\"https:\/\/onlinelotto365.com\/pl\/zagraj\/oz-lotto\/\" \/>\n<meta property=\"og:locale\" content=\"pl_PL\" \/>\n<meta property=\"og:type\" content=\"article\" \/>\n<meta property=\"og:title\" content=\"Zagraj w Oz Lotto w\u0142a\u015bnie tutaj - najwi\u0119ksze loterie na \u015bwiecie, dost\u0119pne online z Polski\" \/>\n<meta property=\"og:description\" content=\"Graj w wiele mi\u0119dzynarodowych loterii online, w tym OzLotto\" \/>\n<meta property=\"og:url\" content=\"https:\/\/onlinelotto365.com\/pl\/zagraj\/oz-lotto\/\" \/>\n<meta property=\"og:site_name\" content=\"OnlineLotto365\" \/>\n<meta property=\"article:modified_time\" content=\"2021-01-07T07:20:30+00:00\" \/>\n<meta property=\"og:image\" content=\"https:\/\/onlinelotto365.com\/wp-content\/uploads\/2020\/11\/online_lottery-123-300x300.jpg\" \/>\n<meta name=\"twitter:card\" content=\"summary_large_image\" \/>\n<meta name=\"twitter:label1\" content=\"Szacowany czas czytania\" \/>\n\t<meta name=\"twitter:data1\" content=\"3 minuty\" \/>\n<script type=\"application\/ld+json\" class=\"yoast-schema-graph\">{\"@context\":\"https:\/\/schema.org\",\"@graph\":[{\"@type\":\"WebPage\",\"@id\":\"https:\/\/onlinelotto365.com\/pl\/zagraj\/oz-lotto\/\",\"url\":\"https:\/\/onlinelotto365.com\/pl\/zagraj\/oz-lotto\/\",\"name\":\"Zagraj w Oz Lotto w\u0142a\u015bnie tutaj - najwi\u0119ksze loterie na \u015bwiecie, dost\u0119pne online z Polski\",\"isPartOf\":{\"@id\":\"https:\/\/onlinelotto365.com\/pl\/#website\"},\"primaryImageOfPage\":{\"@id\":\"https:\/\/onlinelotto365.com\/pl\/zagraj\/oz-lotto\/#primaryimage\"},\"image\":{\"@id\":\"https:\/\/onlinelotto365.com\/pl\/zagraj\/oz-lotto\/#primaryimage\"},\"thumbnailUrl\":\"https:\/\/onlinelotto365.com\/wp-content\/uploads\/2020\/11\/online_lottery-123-300x300.jpg\",\"datePublished\":\"2020-12-21T10:36:00+00:00\",\"dateModified\":\"2021-01-07T07:20:30+00:00\",\"description\":\"Graj w wiele mi\u0119dzynarodowych loterii online, w tym OzLotto\",\"breadcrumb\":{\"@id\":\"https:\/\/onlinelotto365.com\/pl\/zagraj\/oz-lotto\/#breadcrumb\"},\"inLanguage\":\"pl-PL\",\"potentialAction\":[{\"@type\":\"ReadAction\",\"target\":[\"https:\/\/onlinelotto365.com\/pl\/zagraj\/oz-lotto\/\"]}]},{\"@type\":\"ImageObject\",\"inLanguage\":\"pl-PL\",\"@id\":\"https:\/\/onlinelotto365.com\/pl\/zagraj\/oz-lotto\/#primaryimage\",\"url\":\"https:\/\/onlinelotto365.com\/wp-content\/uploads\/2020\/11\/online_lottery-123-300x300.jpg\",\"contentUrl\":\"https:\/\/onlinelotto365.com\/wp-content\/uploads\/2020\/11\/online_lottery-123-300x300.jpg\"},{\"@type\":\"BreadcrumbList\",\"@id\":\"https:\/\/onlinelotto365.com\/pl\/zagraj\/oz-lotto\/#breadcrumb\",\"itemListElement\":[{\"@type\":\"ListItem\",\"position\":1,\"name\":\"Home\",\"item\":\"https:\/\/onlinelotto365.com\/pl\/\"},{\"@type\":\"ListItem\",\"position\":2,\"name\":\"Wszystko, co musisz wiedzie\u0107 o swoich opcjach, aby gra\u0107 na najlepszych loteriach online\",\"item\":\"https:\/\/onlinelotto365.com\/pl\/zagraj\/\"},{\"@type\":\"ListItem\",\"position\":3,\"name\":\"Gra w Oz Lotto jest tylko jedn\u0105 z opcji dla fan\u00f3w loterii z Polski\"}]},{\"@type\":\"WebSite\",\"@id\":\"https:\/\/onlinelotto365.com\/pl\/#website\",\"url\":\"https:\/\/onlinelotto365.com\/pl\/\",\"name\":\"OnlineLotto365\",\"description\":\"\",\"potentialAction\":[{\"@type\":\"SearchAction\",\"target\":{\"@type\":\"EntryPoint\",\"urlTemplate\":\"https:\/\/onlinelotto365.com\/pl\/?s={search_term_string}\"},\"query-input\":{\"@type\":\"PropertyValueSpecification\",\"valueRequired\":true,\"valueName\":\"search_term_string\"}}],\"inLanguage\":\"pl-PL\"}]}<\/script>\n<!-- \/ Yoast SEO plugin. -->","yoast_head_json":{"title":"Zagraj w Oz Lotto w\u0142a\u015bnie tutaj - najwi\u0119ksze loterie na \u015bwiecie, dost\u0119pne online z Polski","description":"Graj w wiele mi\u0119dzynarodowych loterii online, w tym OzLotto","robots":{"index":"index","follow":"follow","max-snippet":"max-snippet:-1","max-image-preview":"max-image-preview:large","max-video-preview":"max-video-preview:-1"},"canonical":"https:\/\/onlinelotto365.com\/pl\/zagraj\/oz-lotto\/","og_locale":"pl_PL","og_type":"article","og_title":"Zagraj w Oz Lotto w\u0142a\u015bnie tutaj - najwi\u0119ksze loterie na \u015bwiecie, dost\u0119pne online z Polski","og_description":"Graj w wiele mi\u0119dzynarodowych loterii online, w tym OzLotto","og_url":"https:\/\/onlinelotto365.com\/pl\/zagraj\/oz-lotto\/","og_site_name":"OnlineLotto365","article_modified_time":"2021-01-07T07:20:30+00:00","og_image":[{"url":"https:\/\/onlinelotto365.com\/wp-content\/uploads\/2020\/11\/online_lottery-123-300x300.jpg"}],"twitter_card":"summary_large_image","twitter_misc":{"Szacowany czas czytania":"3 minuty"},"schema":{"@context":"https:\/\/schema.org","@graph":[{"@type":"WebPage","@id":"https:\/\/onlinelotto365.com\/pl\/zagraj\/oz-lotto\/","url":"https:\/\/onlinelotto365.com\/pl\/zagraj\/oz-lotto\/","name":"Zagraj w Oz Lotto w\u0142a\u015bnie tutaj - najwi\u0119ksze loterie na \u015bwiecie, dost\u0119pne online z Polski","isPartOf":{"@id":"https:\/\/onlinelotto365.com\/pl\/#website"},"primaryImageOfPage":{"@id":"https:\/\/onlinelotto365.com\/pl\/zagraj\/oz-lotto\/#primaryimage"},"image":{"@id":"https:\/\/onlinelotto365.com\/pl\/zagraj\/oz-lotto\/#primaryimage"},"thumbnailUrl":"https:\/\/onlinelotto365.com\/wp-content\/uploads\/2020\/11\/online_lottery-123-300x300.jpg","datePublished":"2020-12-21T10:36:00+00:00","dateModified":"2021-01-07T07:20:30+00:00","description":"Graj w wiele mi\u0119dzynarodowych loterii online, w tym OzLotto","breadcrumb":{"@id":"https:\/\/onlinelotto365.com\/pl\/zagraj\/oz-lotto\/#breadcrumb"},"inLanguage":"pl-PL","potentialAction":[{"@type":"ReadAction","target":["https:\/\/onlinelotto365.com\/pl\/zagraj\/oz-lotto\/"]}]},{"@type":"ImageObject","inLanguage":"pl-PL","@id":"https:\/\/onlinelotto365.com\/pl\/zagraj\/oz-lotto\/#primaryimage","url":"https:\/\/onlinelotto365.com\/wp-content\/uploads\/2020\/11\/online_lottery-123-300x300.jpg","contentUrl":"https:\/\/onlinelotto365.com\/wp-content\/uploads\/2020\/11\/online_lottery-123-300x300.jpg"},{"@type":"BreadcrumbList","@id":"https:\/\/onlinelotto365.com\/pl\/zagraj\/oz-lotto\/#breadcrumb","itemListElement":[{"@type":"ListItem","position":1,"name":"Home","item":"https:\/\/onlinelotto365.com\/pl\/"},{"@type":"ListItem","position":2,"name":"Wszystko, co musisz wiedzie\u0107 o swoich opcjach, aby gra\u0107 na najlepszych loteriach online","item":"https:\/\/onlinelotto365.com\/pl\/zagraj\/"},{"@type":"ListItem","position":3,"name":"Gra w Oz Lotto jest tylko jedn\u0105 z opcji dla fan\u00f3w loterii z Polski"}]},{"@type":"WebSite","@id":"https:\/\/onlinelotto365.com\/pl\/#website","url":"https:\/\/onlinelotto365.com\/pl\/","name":"OnlineLotto365","description":"","potentialAction":[{"@type":"SearchAction","target":{"@type":"EntryPoint","urlTemplate":"https:\/\/onlinelotto365.com\/pl\/?s={search_term_string}"},"query-input":{"@type":"PropertyValueSpecification","valueRequired":true,"valueName":"search_term_string"}}],"inLanguage":"pl-PL"}]}},"_links":{"self":[{"href":"https:\/\/onlinelotto365.com\/pl\/wp-json\/wp\/v2\/pages\/12028","targetHints":{"allow":["GET"]}}],"collection":[{"href":"https:\/\/onlinelotto365.com\/pl\/wp-json\/wp\/v2\/pages"}],"about":[{"href":"https:\/\/onlinelotto365.com\/pl\/wp-json\/wp\/v2\/types\/page"}],"author":[{"embeddable":true,"href":"https:\/\/onlinelotto365.com\/pl\/wp-json\/wp\/v2\/users\/1"}],"replies":[{"embeddable":true,"href":"https:\/\/onlinelotto365.com\/pl\/wp-json\/wp\/v2\/comments?post=12028"}],"version-history":[{"count":0,"href":"https:\/\/onlinelotto365.com\/pl\/wp-json\/wp\/v2\/pages\/12028\/revisions"}],"up":[{"embeddable":true,"href":"https:\/\/onlinelotto365.com\/pl\/wp-json\/wp\/v2\/pages\/5030"}],"wp:attachment":[{"href":"https:\/\/onlinelotto365.com\/pl\/wp-json\/wp\/v2\/media?parent=12028"}],"curies":[{"name":"wp","href":"https:\/\/api.w.org\/{rel}","templated":true}]}}