{"id":12030,"date":"2020-12-21T11:36:43","date_gmt":"2020-12-21T10:36:43","guid":{"rendered":"http:\/\/onlinelotto365.net\/?page_id=12030"},"modified":"2021-01-07T08:20:35","modified_gmt":"2021-01-07T07:20:35","slug":"saturday-lotto-australia","status":"publish","type":"page","link":"https:\/\/onlinelotto365.com\/pl\/zagraj\/saturday-lotto-australia\/","title":{"rendered":"Gra w Saturday Lotto Australia to tylko jedna z opcji dla fan\u00f3w loterii z Polski."},"content":{"rendered":"<h2>Jak gra\u0107 w Saturday Lotto Australia online<\/h2>\n<p>Je\u015bli <strong> mieszkasz w Polsce <\/strong> lub gdzie indziej, nie b\u0119dzie Ci tak trudno <strong> gra\u0107 w Saturday Lotto Australia <\/strong>, jak mog\u0142oby si\u0119 wydawa\u0107. Poza tym b\u0119dziesz mie\u0107 mo\u017cliwo\u015b\u0107 zdobycia bilet\u00f3w, kt\u00f3re chcesz, bez konieczno\u015bci sp\u0119dzania na nich du\u017co czasu, co mo\u017ce by\u0107 lepszego ni\u017c to?<\/p>\n<p>C\u00f3\u017c, fakt, \u017ce b\u0119dziemy Ci pomaga\u0107 na tej drodze, z pewno\u015bci\u0105 r\u00f3wnie\u017c przyniesie du\u017c\u0105 korzy\u015b\u0107. Mo\u017cesz wybra\u0107 wszystkie potrzebne opcje, za\u0142o\u017cy\u0107 konto, kupi\u0107 bilety i wszystko inne, czego potrzebujesz, korzystaj\u0105c z preferowanej metody p\u0142atno\u015bci w mgnieniu oka. A my upewnimy si\u0119, \u017ce te bilety b\u0119d\u0105 dla Ciebie gotowe, gdy nadejdzie losowanie.<\/p>\n<p>Wszystko, co musisz zrobi\u0107, to sprawdzi\u0107 r\u00f3\u017cne <a href=\"http:\/\/onlinelotto365.com\/pl\"> opcje lotto <\/a> i wybra\u0107 Saturday Lotto Poland. Gdy to zrobisz, b\u0119dziesz mie\u0107 mo\u017cliwo\u015b\u0107 wybrania swoich numer\u00f3w dla ka\u017cdego kuponu, kt\u00f3ry chcesz.<br \/>\nNie martw si\u0119 jednak o wybranie z\u0142ej liczby liczb, poniewa\u017c <strong> system poprowadzi Ci\u0119 <\/strong>, aby uzyska\u0107 w\u0142a\u015bciw\u0105 kwot\u0119. A je\u015bli nie masz pewno\u015bci co do liczb, kt\u00f3re chcesz, mo\u017cesz po prostu wybra\u0107 szybki wyb\u00f3r i pozwoli\u0107 komputerowi wybra\u0107 liczby za Ciebie.<\/p>\n<p>Po otrzymaniu bilet\u00f3w mo\u017cesz doda\u0107 kolejne, wybra\u0107 bilety na inn\u0105 gr\u0119 lub po prostu doda\u0107 je do zam\u00f3wienia i przygotowa\u0107 si\u0119 do zakupu. Proces realizacji transakcji jest tak prosty, jak to tylko mo\u017cliwe, aby\u015b m\u00f3g\u0142 zap\u0142aci\u0107 za bilety i szybko wyruszy\u0107 w drog\u0119. Wystarczy, \u017ce za\u0142o\u017cysz swoje konto.<\/p>\n<p>Utworzenie konta jest bardzo proste, poniewa\u017c nie potrzebujemy wielu informacji. Nast\u0119pnie wy\u015blemy Ci e-mail weryfikacyjny, aby umo\u017cliwi\u0107 Ci sfinalizowanie konta. Pami\u0119taj, \u017ce mo\u017ce trafi\u0107 do folderu ze spamem (co oznacza, \u017ce \u200b\u200bmusisz doda\u0107 nas do swojej ksi\u0105\u017cki adresowej), a dzi\u0119ki temu b\u0119dziesz mie\u0107 konto i <strong> mo\u017cliwo\u015b\u0107 zakupu wi\u0119kszej liczby bilet\u00f3w w dowolnym momencie . <\/strong><br \/>\n<a href=\"https:\/\/redfoxlotto.com\/pl\/saturday-lotto-au\/?ref=a8564250a2&amp;medium=ol365\" target=\"_blank\" rel=\"noopener noreferrer\"> <img decoding=\"async\" class=\"aligncenter\" src=\"https:\/\/redfoxlotto.com\/image?size=8&amp;lottery=saturday-lotto-au\" alt=\"Saturday Lotto Australia\" \/> <\/a><\/p>\n<h2>O Saturday Lotto Australia<\/h2>\n<ul>\n<li style=\"list-style-type: none;\">\n<ul>\n<li>Kraj: Polska<\/li>\n<li>G\u0142\u00f3wny zakres liczb: 45<\/li>\n<li>Musisz wybra\u0107: 6<\/li>\n<li>Dni, godziny losowa\u0144: sobota, 21:30 GMT + 11 &#8211; 10:30 CET<\/li>\n<li>Jackpot zaczyna si\u0119 od: 5 milion\u00f3w AU $<\/li>\n<li>Jackpot jest ograniczony do: 150 milion\u00f3w AU $<\/li>\n<li>Szansa na wygranie g\u0142\u00f3wnej nagrody: 1 na 8145060<\/li>\n<li>Szansa na drug\u0105 nagrod\u0119: 1 na 678755<\/li>\n<li>Szansa na wygranie dowolnej nagrody: 1 na 85,44<\/li>\n<li>Liczba kategorii nagr\u00f3d: 6<\/li>\n<\/ul>\n<\/li>\n<\/ul>\n<h2>Najlepsze cechy Saturday Lotto Poland<\/h2>\n<p>Saturday Lotto Australia daje wiele szans na wygran\u0105 i kilku milionowych jackpot\u00f3w. Jeszcze lepsze jest to, \u017ce w ka\u017cdym losowaniu s\u0105 setki tysi\u0119cy zwyci\u0119zc\u00f3w. Mo\u017cesz wygra\u0107 ma\u0142\u0105 nagrod\u0119 o warto\u015bci mniejszej ni\u017c 10 USD lub mo\u017cesz wygra\u0107 du\u017ce nagrody, kt\u00f3re wynosz\u0105 setki tysi\u0119cy dolar\u00f3w. Wszystko, co musisz zrobi\u0107, to wybra\u0107 odpowiednie liczby.<\/p>\n<h2>Jak sprawdzi\u0107 wyniki Saturday Lotto Australia<\/h2>\n<p>Je\u015bli chodzi o sprawdzenie wynik\u00f3w Saturday Lotto Poland, masz kilka r\u00f3\u017cnych opcji. Po pierwsze, zajrzyj na oficjaln\u0105 stron\u0119 loterii. Po wylosowaniu zawsze publikuj\u0105 <a href=\"https:\/\/onlinelotto365.com\/pl\/numery-wygranych\"> zwyci\u0119skie liczby <\/a>.<br \/>\nAle je\u015bli mieszkasz lokalnie, mo\u017cesz tak\u017ce sprawdzi\u0107 lokalne gazety i kana\u0142y telewizyjne. Oczywi\u015bcie, je\u015bli mieszkasz w Polsce, naj\u0142atwiej i najlepiej sprawdzi\u0107, czy wr\u00f3cisz na nasz\u0105 stron\u0119 i zalogujesz si\u0119 na swoje konto. Stamt\u0105d b\u0119dziesz m\u00f3g\u0142 zobaczy\u0107 najnowsze zwyci\u0119skie liczby, a tak\u017ce por\u00f3wna\u0107 je ze swoimi.<\/p>\n<h2>Gra\u0142e\u015b w Saturday Lotto Australia online i wygra\u0142e\u015b &#8211; co b\u0119dzie dalej?<\/h2>\n<p>Czy wygra\u0142e\u015b co\u015b w ostatnim losowaniu? Je\u015bli tak, b\u0119dziesz chcia\u0142 wiedzie\u0107, ile i to wp\u0142ynie na spos\u00f3b, w jaki zdob\u0119dziesz pieni\u0105dze. Ka\u017cda kwota poni\u017cej 2500 EUR mo\u017ce zosta\u0107 przelana bezpo\u015brednio na Twoje konto i tak b\u0119dzie. Oznacza to, \u017ce mo\u017cesz z nim zrobi\u0107, co chcesz, od wycofania go (je\u015bli przekracza 10 EUR), po zakup kilku dodatkowych bilet\u00f3w na t\u0119 lub inn\u0105 gr\u0119, kt\u00f3r\u0105 chcesz.<br \/>\nZ drugiej strony, je\u015bli uda\u0142o Ci si\u0119 wygra\u0107 wi\u0119cej ni\u017c 2500 \u20ac, pomo\u017cemy Ci przej\u015b\u0107 przez proces odbioru wygranej, kt\u00f3ry wymaga troch\u0119 wi\u0119cej wysi\u0142ku. W tym procesie musisz wype\u0142ni\u0107 formularz wniosku o prowizj\u0119 za loteri\u0119 i zdecydowa\u0107, czy chcesz, aby Twoje pieni\u0105dze zosta\u0142y przes\u0142ane do Ciebie przelewem bankowym czy czekiem. To zale\u017cy wy\u0142\u0105cznie od Ciebie.<\/p>\n","protected":false},"excerpt":{"rendered":"<p>Jak gra\u0107 w Saturday Lotto Australia online Je\u015bli mieszkasz w Polsce lub gdzie indziej, nie b\u0119dzie Ci tak trudno gra\u0107 w Saturday Lotto Australia , jak mog\u0142oby si\u0119 wydawa\u0107. Poza tym b\u0119dziesz mie\u0107 mo\u017cliwo\u015b\u0107 zdobycia bilet\u00f3w, kt\u00f3re chcesz, bez konieczno\u015bci sp\u0119dzania na nich du\u017co czasu, co mo\u017ce by\u0107 lepszego ni\u017c to? C\u00f3\u017c, fakt, \u017ce b\u0119dziemy [&hellip;]<\/p>\n","protected":false},"author":1,"featured_media":0,"parent":5030,"menu_order":15,"comment_status":"closed","ping_status":"closed","template":"saturday-lotto.php","meta":{"_et_pb_use_builder":"","_et_pb_old_content":"","_et_gb_content_width":"","exclude_from_search":false,"footnotes":""},"class_list":["post-12030","page","type-page","status-publish","hentry"],"yoast_head":"<!-- This site is optimized with the Yoast SEO plugin v23.4 - https:\/\/yoast.com\/wordpress\/plugins\/seo\/ -->\n<title>Nasz serwis pozwala na gr\u0119 w Saturday Lotto Australia online z Polski<\/title>\n<meta name=\"description\" content=\"W Australii jest te\u017c sobotnie lotto - zagraj w nim teraz online.\" \/>\n<meta name=\"robots\" content=\"index, follow, max-snippet:-1, max-image-preview:large, max-video-preview:-1\" \/>\n<link rel=\"canonical\" href=\"https:\/\/onlinelotto365.com\/pl\/zagraj\/saturday-lotto-australia\/\" \/>\n<meta property=\"og:locale\" content=\"pl_PL\" \/>\n<meta property=\"og:type\" content=\"article\" \/>\n<meta property=\"og:title\" content=\"Nasz serwis pozwala na gr\u0119 w Saturday Lotto Australia online z Polski\" \/>\n<meta property=\"og:description\" content=\"W Australii jest te\u017c sobotnie lotto - zagraj w nim teraz online.\" \/>\n<meta property=\"og:url\" content=\"https:\/\/onlinelotto365.com\/pl\/zagraj\/saturday-lotto-australia\/\" \/>\n<meta property=\"og:site_name\" content=\"OnlineLotto365\" \/>\n<meta property=\"article:modified_time\" content=\"2021-01-07T07:20:35+00:00\" \/>\n<meta property=\"og:image\" content=\"https:\/\/redfoxlotto.com\/image?size=8&amp;lottery=saturday-lotto-au\" \/>\n<meta name=\"twitter:card\" content=\"summary_large_image\" \/>\n<meta name=\"twitter:label1\" content=\"Szacowany czas czytania\" \/>\n\t<meta name=\"twitter:data1\" content=\"4 minuty\" \/>\n<script type=\"application\/ld+json\" class=\"yoast-schema-graph\">{\"@context\":\"https:\/\/schema.org\",\"@graph\":[{\"@type\":\"WebPage\",\"@id\":\"https:\/\/onlinelotto365.com\/pl\/zagraj\/saturday-lotto-australia\/\",\"url\":\"https:\/\/onlinelotto365.com\/pl\/zagraj\/saturday-lotto-australia\/\",\"name\":\"Nasz serwis pozwala na gr\u0119 w Saturday Lotto Australia online z Polski\",\"isPartOf\":{\"@id\":\"https:\/\/onlinelotto365.com\/pl\/#website\"},\"primaryImageOfPage\":{\"@id\":\"https:\/\/onlinelotto365.com\/pl\/zagraj\/saturday-lotto-australia\/#primaryimage\"},\"image\":{\"@id\":\"https:\/\/onlinelotto365.com\/pl\/zagraj\/saturday-lotto-australia\/#primaryimage\"},\"thumbnailUrl\":\"https:\/\/redfoxlotto.com\/image?size=8&amp;lottery=saturday-lotto-au\",\"datePublished\":\"2020-12-21T10:36:43+00:00\",\"dateModified\":\"2021-01-07T07:20:35+00:00\",\"description\":\"W Australii jest te\u017c sobotnie lotto - zagraj w nim teraz online.\",\"breadcrumb\":{\"@id\":\"https:\/\/onlinelotto365.com\/pl\/zagraj\/saturday-lotto-australia\/#breadcrumb\"},\"inLanguage\":\"pl-PL\",\"potentialAction\":[{\"@type\":\"ReadAction\",\"target\":[\"https:\/\/onlinelotto365.com\/pl\/zagraj\/saturday-lotto-australia\/\"]}]},{\"@type\":\"ImageObject\",\"inLanguage\":\"pl-PL\",\"@id\":\"https:\/\/onlinelotto365.com\/pl\/zagraj\/saturday-lotto-australia\/#primaryimage\",\"url\":\"https:\/\/redfoxlotto.com\/image?size=8&amp;lottery=saturday-lotto-au\",\"contentUrl\":\"https:\/\/redfoxlotto.com\/image?size=8&amp;lottery=saturday-lotto-au\"},{\"@type\":\"BreadcrumbList\",\"@id\":\"https:\/\/onlinelotto365.com\/pl\/zagraj\/saturday-lotto-australia\/#breadcrumb\",\"itemListElement\":[{\"@type\":\"ListItem\",\"position\":1,\"name\":\"Home\",\"item\":\"https:\/\/onlinelotto365.com\/pl\/\"},{\"@type\":\"ListItem\",\"position\":2,\"name\":\"Wszystko, co musisz wiedzie\u0107 o swoich opcjach, aby gra\u0107 na najlepszych loteriach online\",\"item\":\"https:\/\/onlinelotto365.com\/pl\/zagraj\/\"},{\"@type\":\"ListItem\",\"position\":3,\"name\":\"Gra w Saturday Lotto Australia to tylko jedna z opcji dla fan\u00f3w loterii z Polski.\"}]},{\"@type\":\"WebSite\",\"@id\":\"https:\/\/onlinelotto365.com\/pl\/#website\",\"url\":\"https:\/\/onlinelotto365.com\/pl\/\",\"name\":\"OnlineLotto365\",\"description\":\"\",\"potentialAction\":[{\"@type\":\"SearchAction\",\"target\":{\"@type\":\"EntryPoint\",\"urlTemplate\":\"https:\/\/onlinelotto365.com\/pl\/?s={search_term_string}\"},\"query-input\":{\"@type\":\"PropertyValueSpecification\",\"valueRequired\":true,\"valueName\":\"search_term_string\"}}],\"inLanguage\":\"pl-PL\"}]}<\/script>\n<!-- \/ Yoast SEO plugin. -->","yoast_head_json":{"title":"Nasz serwis pozwala na gr\u0119 w Saturday Lotto Australia online z Polski","description":"W Australii jest te\u017c sobotnie lotto - zagraj w nim teraz online.","robots":{"index":"index","follow":"follow","max-snippet":"max-snippet:-1","max-image-preview":"max-image-preview:large","max-video-preview":"max-video-preview:-1"},"canonical":"https:\/\/onlinelotto365.com\/pl\/zagraj\/saturday-lotto-australia\/","og_locale":"pl_PL","og_type":"article","og_title":"Nasz serwis pozwala na gr\u0119 w Saturday Lotto Australia online z Polski","og_description":"W Australii jest te\u017c sobotnie lotto - zagraj w nim teraz online.","og_url":"https:\/\/onlinelotto365.com\/pl\/zagraj\/saturday-lotto-australia\/","og_site_name":"OnlineLotto365","article_modified_time":"2021-01-07T07:20:35+00:00","og_image":[{"url":"https:\/\/redfoxlotto.com\/image?size=8&amp;lottery=saturday-lotto-au"}],"twitter_card":"summary_large_image","twitter_misc":{"Szacowany czas czytania":"4 minuty"},"schema":{"@context":"https:\/\/schema.org","@graph":[{"@type":"WebPage","@id":"https:\/\/onlinelotto365.com\/pl\/zagraj\/saturday-lotto-australia\/","url":"https:\/\/onlinelotto365.com\/pl\/zagraj\/saturday-lotto-australia\/","name":"Nasz serwis pozwala na gr\u0119 w Saturday Lotto Australia online z Polski","isPartOf":{"@id":"https:\/\/onlinelotto365.com\/pl\/#website"},"primaryImageOfPage":{"@id":"https:\/\/onlinelotto365.com\/pl\/zagraj\/saturday-lotto-australia\/#primaryimage"},"image":{"@id":"https:\/\/onlinelotto365.com\/pl\/zagraj\/saturday-lotto-australia\/#primaryimage"},"thumbnailUrl":"https:\/\/redfoxlotto.com\/image?size=8&amp;lottery=saturday-lotto-au","datePublished":"2020-12-21T10:36:43+00:00","dateModified":"2021-01-07T07:20:35+00:00","description":"W Australii jest te\u017c sobotnie lotto - zagraj w nim teraz online.","breadcrumb":{"@id":"https:\/\/onlinelotto365.com\/pl\/zagraj\/saturday-lotto-australia\/#breadcrumb"},"inLanguage":"pl-PL","potentialAction":[{"@type":"ReadAction","target":["https:\/\/onlinelotto365.com\/pl\/zagraj\/saturday-lotto-australia\/"]}]},{"@type":"ImageObject","inLanguage":"pl-PL","@id":"https:\/\/onlinelotto365.com\/pl\/zagraj\/saturday-lotto-australia\/#primaryimage","url":"https:\/\/redfoxlotto.com\/image?size=8&amp;lottery=saturday-lotto-au","contentUrl":"https:\/\/redfoxlotto.com\/image?size=8&amp;lottery=saturday-lotto-au"},{"@type":"BreadcrumbList","@id":"https:\/\/onlinelotto365.com\/pl\/zagraj\/saturday-lotto-australia\/#breadcrumb","itemListElement":[{"@type":"ListItem","position":1,"name":"Home","item":"https:\/\/onlinelotto365.com\/pl\/"},{"@type":"ListItem","position":2,"name":"Wszystko, co musisz wiedzie\u0107 o swoich opcjach, aby gra\u0107 na najlepszych loteriach online","item":"https:\/\/onlinelotto365.com\/pl\/zagraj\/"},{"@type":"ListItem","position":3,"name":"Gra w Saturday Lotto Australia to tylko jedna z opcji dla fan\u00f3w loterii z Polski."}]},{"@type":"WebSite","@id":"https:\/\/onlinelotto365.com\/pl\/#website","url":"https:\/\/onlinelotto365.com\/pl\/","name":"OnlineLotto365","description":"","potentialAction":[{"@type":"SearchAction","target":{"@type":"EntryPoint","urlTemplate":"https:\/\/onlinelotto365.com\/pl\/?s={search_term_string}"},"query-input":{"@type":"PropertyValueSpecification","valueRequired":true,"valueName":"search_term_string"}}],"inLanguage":"pl-PL"}]}},"_links":{"self":[{"href":"https:\/\/onlinelotto365.com\/pl\/wp-json\/wp\/v2\/pages\/12030","targetHints":{"allow":["GET"]}}],"collection":[{"href":"https:\/\/onlinelotto365.com\/pl\/wp-json\/wp\/v2\/pages"}],"about":[{"href":"https:\/\/onlinelotto365.com\/pl\/wp-json\/wp\/v2\/types\/page"}],"author":[{"embeddable":true,"href":"https:\/\/onlinelotto365.com\/pl\/wp-json\/wp\/v2\/users\/1"}],"replies":[{"embeddable":true,"href":"https:\/\/onlinelotto365.com\/pl\/wp-json\/wp\/v2\/comments?post=12030"}],"version-history":[{"count":0,"href":"https:\/\/onlinelotto365.com\/pl\/wp-json\/wp\/v2\/pages\/12030\/revisions"}],"up":[{"embeddable":true,"href":"https:\/\/onlinelotto365.com\/pl\/wp-json\/wp\/v2\/pages\/5030"}],"wp:attachment":[{"href":"https:\/\/onlinelotto365.com\/pl\/wp-json\/wp\/v2\/media?parent=12030"}],"curies":[{"name":"wp","href":"https:\/\/api.w.org\/{rel}","templated":true}]}}