{"id":12032,"date":"2020-12-21T11:38:09","date_gmt":"2020-12-21T10:38:09","guid":{"rendered":"http:\/\/onlinelotto365.net\/?page_id=12032"},"modified":"2021-01-07T08:20:50","modified_gmt":"2021-01-07T07:20:50","slug":"mon-wed-lotto-australia","status":"publish","type":"page","link":"https:\/\/onlinelotto365.com\/pl\/zagraj\/mon-wed-lotto-australia\/","title":{"rendered":"Gra w Mon &#038; Wed Lotto Australia to tylko jedna z opcji dla fan\u00f3w loterii z Polski."},"content":{"rendered":"<h2>Jak gra\u0107 w Mon &amp; amp; \u015ar Lotto Australia online<\/h2>\n<p>Je\u015bli jeste\u015b w Polsce, gra w Mon &amp; amp; nie musi by\u0107 trudna \u015ar Lotto Polska online. Wszystko, co musisz zrobi\u0107, to dowiedzie\u0107 si\u0119, w jaki spos\u00f3b zamierzasz to zrobi\u0107 i jak zdob\u0119dziesz bilety na nast\u0119pne losowanie. Mo\u017cemy Ci w tym pom\u00f3c.<\/p>\n<p>Nasz system zapewnia, \u017ce \u200b\u200bprzez ca\u0142y czas jeste\u015b na dobrej drodze. Wszystko, co musisz zrobi\u0107, to za\u0142o\u017cy\u0107 konto, wybra\u0107 bilety i numery, kt\u00f3re chcesz, a nast\u0119pnie zap\u0142aci\u0107 za nie preferowan\u0105 metod\u0105 p\u0142atno\u015bci. Tak po prostu b\u0119dziesz gotowy do wyj\u015bcia i czekania na nast\u0119pne losowanie, aby m\u00f3c sprawdzi\u0107 swoje bilety.<\/p>\n<p>Je\u015bli chcesz ju\u017c <a href=\"https:\/\/onlinelotto365.com\/pl\/kup-bilety\"> wybra\u0107 te pierwsze bilety <\/a>, wystarczy, \u017ce wybierzesz odpowiedni\u0105 gr\u0119. W tym przypadku m\u00f3wimy o Mon &amp; amp; Wed Lotto Australia. Wi\u0119c wybierz odpowiedni\u0105 gr\u0119 i zacznij wybiera\u0107 swoje liczby.<br \/>\nLub wybierz opcj\u0119 szybkiego wyboru, w kt\u00f3rej komputer wybierze dla Ciebie losowe liczby. Mo\u017cesz nawet zmieni\u0107 te liczby, je\u015bli zmienisz zdanie, aby uzyska\u0107 \u017c\u0105dane liczby dla ka\u017cdego rysunku.<\/p>\n<p>Gdy ju\u017c wybierzesz <a href=\"https:\/\/onlinelotto365.com\/pl\/numery-wygranych\/mon-wed-lotto\"> Mon &amp; amp; Wedle numer\u00f3w Lotto Australia <\/a> mo\u017cesz wybra\u0107 kupony na inne gry, w kt\u00f3re chcesz zagra\u0107 i sprawdzi\u0107. Proces realizacji transakcji jest bezpieczny, a tak\u017ce zapewnia, \u017ce \u200b\u200bto Ty kupujesz bilety. Musisz zweryfikowa\u0107 swoje konto (i utworzy\u0107 je), a nast\u0119pnie mo\u017cesz zacz\u0105\u0107 kupowa\u0107 dowolne bilety.<\/p>\n<p>Po prostu utw\u00f3rz konto z danymi osobowymi i kliknij link w e-mailu weryfikacyjnym, kt\u00f3ry wys\u0142ali\u015bmy. Mo\u017ce znajdowa\u0107 si\u0119 w folderze ze spamem, je\u015bli jeszcze nie doda\u0142e\u015b nas do swojej ksi\u0105\u017cki adresowej, wi\u0119c miej go na oku. Stamt\u0105d Twoje konto b\u0119dzie gotowe i mo\u017cesz zacz\u0105\u0107 kupowa\u0107 dowolne bilety.<br \/>\n<a href=\"https:\/\/redfoxlotto.com\/pl\/graj\/monday-wednesday-lotto-au\/?ref=a8564250a2&amp;medium=ol365\" target=\"_blank\" rel=\"noopener noreferrer\"> <img decoding=\"async\" class=\"aligncenter\" src=\"https:\/\/redfoxlotto.com\/image?size=8&amp;lottery=monday-wednesday-lotto-au\" alt=\"Mon &amp; Wed Lotto Australia\" \/> <\/a><\/p>\n<h2>O Mon &amp; amp; Wed Lotto Australia<\/h2>\n<ul>\n<li style=\"list-style-type: none;\">\n<ul>\n<li>Kraj: Australia<\/li>\n<li>G\u0142\u00f3wny zakres liczb: 45<\/li>\n<li>Musisz wybra\u0107: 6<\/li>\n<li>Dni, godziny losowa\u0144: poniedzia\u0142ek, \u015broda, 21:30 GMT + 11 &#8211; 10:30 CET<\/li>\n<li>Jackpot zaczyna si\u0119 od: 2,5 miliona AU $<\/li>\n<li>Jackpot jest ograniczony do: ustalony jackpot<\/li>\n<li>Szansa na wygranie g\u0142\u00f3wnej nagrody: 1 na 8145060<\/li>\n<li>Szansa na drug\u0105 nagrod\u0119: 1 na 678755<\/li>\n<li>Szansa na wygranie dowolnej nagrody: 1 na 85,44<\/li>\n<li>Liczba kategorii nagr\u00f3d: 6<\/li>\n<\/ul>\n<\/li>\n<\/ul>\n<h2>Najlepsze funkcje Mon &amp; amp; Wed Lotto Australia<\/h2>\n<p>Losowane dwa razy w tygodniu Mon &amp; amp; Wed Lotto Australia daje Ci szans\u0119 na udzia\u0142 w milionach nagr\u00f3d. A wszystko, co musisz zrobi\u0107, to da\u0107 mu szans\u0119 i dosta\u0107 si\u0119 do puli nagr\u00f3d Division 1. Nigdy nie wiesz, z czym mo\u017cesz odej\u015b\u0107.<\/p>\n<h2>Jak sprawdzi\u0107 Mon &amp; amp; Wyniki Wed Lotto Australia<\/h2>\n<p>Je\u015bli chodzi o sprawdzanie wynik\u00f3w, mo\u017cesz by\u0107 zaskoczony wszystkimi miejscami, do kt\u00f3rych mo\u017cesz si\u0119 uda\u0107. Mo\u017cesz sprawdzi\u0107 stron\u0119 loterii, aby znale\u017a\u0107 numery zaraz po losowaniu. Po losowaniu mo\u017cesz te\u017c sprawdzi\u0107 lokalne gazety i stacje telewizyjne.<br \/>\nAle je\u015bli chcesz szybko i \u0142atwo uzyska\u0107 wyniki z Polski, powiniene\u015b zajrze\u0107 na nasz\u0105 stron\u0119 internetow\u0105, na kt\u00f3rej kupi\u0142e\u015b bilety. <strong> Znajdziesz nie tylko zwyci\u0119skie liczby, ale tak\u017ce por\u00f3wnanie ze swoimi liczbami. <\/strong><\/p>\n<h2>Gra\u0142e\u015b w Mon &amp; amp; Wygra\u0142e\u015b Lotto Australia online i wygra\u0142e\u015b &#8211; co b\u0119dzie dalej?<\/h2>\n<p>Sprawd\u017a zwyci\u0119skie liczby, liczby i ile wygra\u0142e\u015b w grze. Je\u015bli wygra\u0142e\u015b mniej ni\u017c 2500 euro, nie b\u0119dziesz musia\u0142 nic robi\u0107. Pieni\u0105dze b\u0119d\u0105 ju\u017c na Twoim koncie.<br \/>\nA kiedy ju\u017c pojawi si\u0119 na Twoim koncie, wszystko, co musisz zrobi\u0107, to je wyp\u0142aci\u0107 (je\u015bli przekracza 10 \u20ac) lub wyda\u0107 na wi\u0119cej kupon\u00f3w lotto. Mo\u017cesz zostawi\u0107 go na swoim koncie i wydawa\u0107 tak d\u0142ugo, jak chcesz, aby zawsze by\u0142 dost\u0119pny.<br \/>\nJe\u015bli jednak dopisze Ci szcz\u0119\u015bcie i wygrasz ponad 2500 euro, otrzymasz wiadomo\u015b\u0107 od naszego zespo\u0142u pomocy. Pomog\u0105 Ci zaplanowa\u0107 kolejne kroki, w tym wype\u0142ni\u0107 formularz roszczenia, aby otrzyma\u0107 wygran\u0105. Nast\u0119pnie pieni\u0105dze zostan\u0105 przelane bezpo\u015brednio na Twoje konto bankowe lub wys\u0142ane czekiem.<\/p>\n","protected":false},"excerpt":{"rendered":"<p>Jak gra\u0107 w Mon &amp; amp; \u015ar Lotto Australia online Je\u015bli jeste\u015b w Polsce, gra w Mon &amp; amp; nie musi by\u0107 trudna \u015ar Lotto Polska online. Wszystko, co musisz zrobi\u0107, to dowiedzie\u0107 si\u0119, w jaki spos\u00f3b zamierzasz to zrobi\u0107 i jak zdob\u0119dziesz bilety na nast\u0119pne losowanie. Mo\u017cemy Ci w tym pom\u00f3c. Nasz system zapewnia, [&hellip;]<\/p>\n","protected":false},"author":1,"featured_media":0,"parent":5030,"menu_order":16,"comment_status":"closed","ping_status":"closed","template":"template-rightsidebar.php","meta":{"_et_pb_use_builder":"","_et_pb_old_content":"","_et_gb_content_width":"","exclude_from_search":false,"footnotes":""},"class_list":["post-12032","page","type-page","status-publish","hentry"],"yoast_head":"<!-- This site is optimized with the Yoast SEO plugin v23.4 - https:\/\/yoast.com\/wordpress\/plugins\/seo\/ -->\n<title>Uczestniczy\u0107 w Mon &amp; Wed Lotto Australia nawet z Polski<\/title>\n<meta name=\"description\" content=\"Chcesz zagra\u0107 w Australias Mon &amp; Wed lotto? Zdob\u0105d\u017a bilety tutaj!\" \/>\n<meta name=\"robots\" content=\"index, follow, max-snippet:-1, max-image-preview:large, max-video-preview:-1\" \/>\n<link rel=\"canonical\" href=\"https:\/\/onlinelotto365.com\/pl\/zagraj\/mon-wed-lotto-australia\/\" \/>\n<meta property=\"og:locale\" content=\"pl_PL\" \/>\n<meta property=\"og:type\" content=\"article\" \/>\n<meta property=\"og:title\" content=\"Uczestniczy\u0107 w Mon &amp; Wed Lotto Australia nawet z Polski\" \/>\n<meta property=\"og:description\" content=\"Chcesz zagra\u0107 w Australias Mon &amp; Wed lotto? Zdob\u0105d\u017a bilety tutaj!\" \/>\n<meta property=\"og:url\" content=\"https:\/\/onlinelotto365.com\/pl\/zagraj\/mon-wed-lotto-australia\/\" \/>\n<meta property=\"og:site_name\" content=\"OnlineLotto365\" \/>\n<meta property=\"article:modified_time\" content=\"2021-01-07T07:20:50+00:00\" \/>\n<meta property=\"og:image\" content=\"https:\/\/redfoxlotto.com\/image?size=8&amp;lottery=monday-wednesday-lotto-au\" \/>\n<meta name=\"twitter:card\" content=\"summary_large_image\" \/>\n<meta name=\"twitter:label1\" content=\"Szacowany czas czytania\" \/>\n\t<meta name=\"twitter:data1\" content=\"3 minuty\" \/>\n<script type=\"application\/ld+json\" class=\"yoast-schema-graph\">{\"@context\":\"https:\/\/schema.org\",\"@graph\":[{\"@type\":\"WebPage\",\"@id\":\"https:\/\/onlinelotto365.com\/pl\/zagraj\/mon-wed-lotto-australia\/\",\"url\":\"https:\/\/onlinelotto365.com\/pl\/zagraj\/mon-wed-lotto-australia\/\",\"name\":\"Uczestniczy\u0107 w Mon & Wed Lotto Australia nawet z Polski\",\"isPartOf\":{\"@id\":\"https:\/\/onlinelotto365.com\/pl\/#website\"},\"primaryImageOfPage\":{\"@id\":\"https:\/\/onlinelotto365.com\/pl\/zagraj\/mon-wed-lotto-australia\/#primaryimage\"},\"image\":{\"@id\":\"https:\/\/onlinelotto365.com\/pl\/zagraj\/mon-wed-lotto-australia\/#primaryimage\"},\"thumbnailUrl\":\"https:\/\/redfoxlotto.com\/image?size=8&amp;lottery=monday-wednesday-lotto-au\",\"datePublished\":\"2020-12-21T10:38:09+00:00\",\"dateModified\":\"2021-01-07T07:20:50+00:00\",\"description\":\"Chcesz zagra\u0107 w Australias Mon & Wed lotto? Zdob\u0105d\u017a bilety tutaj!\",\"breadcrumb\":{\"@id\":\"https:\/\/onlinelotto365.com\/pl\/zagraj\/mon-wed-lotto-australia\/#breadcrumb\"},\"inLanguage\":\"pl-PL\",\"potentialAction\":[{\"@type\":\"ReadAction\",\"target\":[\"https:\/\/onlinelotto365.com\/pl\/zagraj\/mon-wed-lotto-australia\/\"]}]},{\"@type\":\"ImageObject\",\"inLanguage\":\"pl-PL\",\"@id\":\"https:\/\/onlinelotto365.com\/pl\/zagraj\/mon-wed-lotto-australia\/#primaryimage\",\"url\":\"https:\/\/redfoxlotto.com\/image?size=8&amp;lottery=monday-wednesday-lotto-au\",\"contentUrl\":\"https:\/\/redfoxlotto.com\/image?size=8&amp;lottery=monday-wednesday-lotto-au\"},{\"@type\":\"BreadcrumbList\",\"@id\":\"https:\/\/onlinelotto365.com\/pl\/zagraj\/mon-wed-lotto-australia\/#breadcrumb\",\"itemListElement\":[{\"@type\":\"ListItem\",\"position\":1,\"name\":\"Home\",\"item\":\"https:\/\/onlinelotto365.com\/pl\/\"},{\"@type\":\"ListItem\",\"position\":2,\"name\":\"Wszystko, co musisz wiedzie\u0107 o swoich opcjach, aby gra\u0107 na najlepszych loteriach online\",\"item\":\"https:\/\/onlinelotto365.com\/pl\/zagraj\/\"},{\"@type\":\"ListItem\",\"position\":3,\"name\":\"Gra w Mon &#038; Wed Lotto Australia to tylko jedna z opcji dla fan\u00f3w loterii z Polski.\"}]},{\"@type\":\"WebSite\",\"@id\":\"https:\/\/onlinelotto365.com\/pl\/#website\",\"url\":\"https:\/\/onlinelotto365.com\/pl\/\",\"name\":\"OnlineLotto365\",\"description\":\"\",\"potentialAction\":[{\"@type\":\"SearchAction\",\"target\":{\"@type\":\"EntryPoint\",\"urlTemplate\":\"https:\/\/onlinelotto365.com\/pl\/?s={search_term_string}\"},\"query-input\":{\"@type\":\"PropertyValueSpecification\",\"valueRequired\":true,\"valueName\":\"search_term_string\"}}],\"inLanguage\":\"pl-PL\"}]}<\/script>\n<!-- \/ Yoast SEO plugin. -->","yoast_head_json":{"title":"Uczestniczy\u0107 w Mon & Wed Lotto Australia nawet z Polski","description":"Chcesz zagra\u0107 w Australias Mon & Wed lotto? Zdob\u0105d\u017a bilety tutaj!","robots":{"index":"index","follow":"follow","max-snippet":"max-snippet:-1","max-image-preview":"max-image-preview:large","max-video-preview":"max-video-preview:-1"},"canonical":"https:\/\/onlinelotto365.com\/pl\/zagraj\/mon-wed-lotto-australia\/","og_locale":"pl_PL","og_type":"article","og_title":"Uczestniczy\u0107 w Mon & Wed Lotto Australia nawet z Polski","og_description":"Chcesz zagra\u0107 w Australias Mon & Wed lotto? Zdob\u0105d\u017a bilety tutaj!","og_url":"https:\/\/onlinelotto365.com\/pl\/zagraj\/mon-wed-lotto-australia\/","og_site_name":"OnlineLotto365","article_modified_time":"2021-01-07T07:20:50+00:00","og_image":[{"url":"https:\/\/redfoxlotto.com\/image?size=8&amp;lottery=monday-wednesday-lotto-au"}],"twitter_card":"summary_large_image","twitter_misc":{"Szacowany czas czytania":"3 minuty"},"schema":{"@context":"https:\/\/schema.org","@graph":[{"@type":"WebPage","@id":"https:\/\/onlinelotto365.com\/pl\/zagraj\/mon-wed-lotto-australia\/","url":"https:\/\/onlinelotto365.com\/pl\/zagraj\/mon-wed-lotto-australia\/","name":"Uczestniczy\u0107 w Mon & Wed Lotto Australia nawet z Polski","isPartOf":{"@id":"https:\/\/onlinelotto365.com\/pl\/#website"},"primaryImageOfPage":{"@id":"https:\/\/onlinelotto365.com\/pl\/zagraj\/mon-wed-lotto-australia\/#primaryimage"},"image":{"@id":"https:\/\/onlinelotto365.com\/pl\/zagraj\/mon-wed-lotto-australia\/#primaryimage"},"thumbnailUrl":"https:\/\/redfoxlotto.com\/image?size=8&amp;lottery=monday-wednesday-lotto-au","datePublished":"2020-12-21T10:38:09+00:00","dateModified":"2021-01-07T07:20:50+00:00","description":"Chcesz zagra\u0107 w Australias Mon & Wed lotto? Zdob\u0105d\u017a bilety tutaj!","breadcrumb":{"@id":"https:\/\/onlinelotto365.com\/pl\/zagraj\/mon-wed-lotto-australia\/#breadcrumb"},"inLanguage":"pl-PL","potentialAction":[{"@type":"ReadAction","target":["https:\/\/onlinelotto365.com\/pl\/zagraj\/mon-wed-lotto-australia\/"]}]},{"@type":"ImageObject","inLanguage":"pl-PL","@id":"https:\/\/onlinelotto365.com\/pl\/zagraj\/mon-wed-lotto-australia\/#primaryimage","url":"https:\/\/redfoxlotto.com\/image?size=8&amp;lottery=monday-wednesday-lotto-au","contentUrl":"https:\/\/redfoxlotto.com\/image?size=8&amp;lottery=monday-wednesday-lotto-au"},{"@type":"BreadcrumbList","@id":"https:\/\/onlinelotto365.com\/pl\/zagraj\/mon-wed-lotto-australia\/#breadcrumb","itemListElement":[{"@type":"ListItem","position":1,"name":"Home","item":"https:\/\/onlinelotto365.com\/pl\/"},{"@type":"ListItem","position":2,"name":"Wszystko, co musisz wiedzie\u0107 o swoich opcjach, aby gra\u0107 na najlepszych loteriach online","item":"https:\/\/onlinelotto365.com\/pl\/zagraj\/"},{"@type":"ListItem","position":3,"name":"Gra w Mon &#038; Wed Lotto Australia to tylko jedna z opcji dla fan\u00f3w loterii z Polski."}]},{"@type":"WebSite","@id":"https:\/\/onlinelotto365.com\/pl\/#website","url":"https:\/\/onlinelotto365.com\/pl\/","name":"OnlineLotto365","description":"","potentialAction":[{"@type":"SearchAction","target":{"@type":"EntryPoint","urlTemplate":"https:\/\/onlinelotto365.com\/pl\/?s={search_term_string}"},"query-input":{"@type":"PropertyValueSpecification","valueRequired":true,"valueName":"search_term_string"}}],"inLanguage":"pl-PL"}]}},"_links":{"self":[{"href":"https:\/\/onlinelotto365.com\/pl\/wp-json\/wp\/v2\/pages\/12032","targetHints":{"allow":["GET"]}}],"collection":[{"href":"https:\/\/onlinelotto365.com\/pl\/wp-json\/wp\/v2\/pages"}],"about":[{"href":"https:\/\/onlinelotto365.com\/pl\/wp-json\/wp\/v2\/types\/page"}],"author":[{"embeddable":true,"href":"https:\/\/onlinelotto365.com\/pl\/wp-json\/wp\/v2\/users\/1"}],"replies":[{"embeddable":true,"href":"https:\/\/onlinelotto365.com\/pl\/wp-json\/wp\/v2\/comments?post=12032"}],"version-history":[{"count":0,"href":"https:\/\/onlinelotto365.com\/pl\/wp-json\/wp\/v2\/pages\/12032\/revisions"}],"up":[{"embeddable":true,"href":"https:\/\/onlinelotto365.com\/pl\/wp-json\/wp\/v2\/pages\/5030"}],"wp:attachment":[{"href":"https:\/\/onlinelotto365.com\/pl\/wp-json\/wp\/v2\/media?parent=12032"}],"curies":[{"name":"wp","href":"https:\/\/api.w.org\/{rel}","templated":true}]}}