{"id":12034,"date":"2020-12-21T11:39:13","date_gmt":"2020-12-21T10:39:13","guid":{"rendered":"http:\/\/onlinelotto365.net\/?page_id=12034"},"modified":"2021-01-07T08:21:54","modified_gmt":"2021-01-07T07:21:54","slug":"powerball","status":"publish","type":"page","link":"https:\/\/onlinelotto365.com\/pl\/kup-bilety\/powerball\/","title":{"rendered":"Jak kupi\u0107 bilety na Powerball przez Internet z Polski?"},"content":{"rendered":"<p>Oczywi\u015bcie to internet pozwala na zdobycie kuponu na wielkie ameryka\u0144skie loterie online. Nie musisz mieszka\u0107 w USA, aby wzi\u0105\u0107 udzia\u0142 w konkursie i mie\u0107 szans\u0119 na wygranie tych niewiarygodnych jackpot\u00f3w, takich jak Powerball. Mo\u017cesz kupi\u0107 sw\u00f3j bilet w Polsce, korzystaj\u0105c z naszego serwisu internetowego.<\/p>\n<p>Mo\u017cesz najpierw zarejestrowa\u0107 u nas konto, a nast\u0119pnie wybra\u0107 dowoln\u0105 z naszych loterii i wybra\u0107 swoje liczby. Mo\u017cesz te\u017c po prostu najpierw sprawdzi\u0107 loterie i utworzy\u0107 kupony ze swoimi numerami. Gdy jeste\u015b zadowolony z dokonanego wyboru, mo\u017cesz dokona\u0107 p\u0142atno\u015bci. W tym momencie zostaniesz poproszony o utworzenie konta.<\/p>\n<p>W obu przypadkach po zarejestrowaniu nowego konta b\u0119dziesz musia\u0142 sprawdzi\u0107 swoj\u0105 skrzynk\u0119 e-mail. Otrzymasz e-mail weryfikacyjny z linkiem w nim. Kliknij ten link, aby zweryfikowa\u0107 sw\u00f3j adres e-mail. Gdy to zrobisz, Twoje konto zostanie aktywowane. Je\u015bli nie mo\u017cesz znale\u017a\u0107 e-maila weryfikacyjnego, sprawd\u017a folder ze spamem. Po znalezieniu e-maila wa\u017cne jest, aby oznaczy\u0107 go jako \u201enie spam\u201d lub \u201enie \u015bmieci\u201d. Dzi\u0119ki temu przysz\u0142e e-maile od nas nie trafi\u0105 do folderu ze spamem. Wyobra\u017a sobie, \u017ce przegapi\u0142e\u015b wygran\u0105, poniewa\u017c nie otrzyma\u0142e\u015b powiadomienia e-mail o tym!<br \/>\n<a href=\"https:\/\/redfoxlotto.com\/pl\/powerball\/?ref=a8564250a2&amp;medium=ol365\" target=\"_blank\" rel=\"noopener noreferrer\"> <img decoding=\"async\" class=\"aligncenter\" src=\"https:\/\/redfoxlotto.com\/image?size=8&amp;lottery=powerball\" alt=\"powerball\" \/> <\/a><\/p>\n<h2>Jak zap\u0142aci\u0107 za bilet na Powerball online<\/h2>\n<p>Istniej\u0105 <strong> dwa sposoby zap\u0142aty za losy loterii online <\/strong>, kt\u00f3re chcesz.<\/p>\n<ul>\n<li>Najpierw mo\u017cesz dokona\u0107 wp\u0142aty na swoje konto. Nast\u0119pnie mo\u017cesz kupi\u0107 dowoln\u0105 liczb\u0119 bilet\u00f3w i zap\u0142aci\u0107 za nie saldo.<\/li>\n<li>Po drugie, najpierw wybierasz bilety, a nast\u0119pnie p\u0142acisz za zam\u00f3wienie.<\/li>\n<\/ul>\n<p>Dost\u0119pnych jest wiele opcji p\u0142atno\u015bci, kt\u00f3re s\u0105 bezpiecznie szyfrowane. Najpopularniejszymi metodami s\u0105 karta kredytowa i Bitcoin.<\/p>\n<h2>Wi\u0119cej informacji o Powerball<\/h2>\n<ul>\n<li>Loteria odbywa si\u0119 w: USA<\/li>\n<li>Ile g\u0142\u00f3wnych liczb do wyboru: 69<\/li>\n<li>Musisz wybra\u0107: 5<\/li>\n<li>Ile dodatkowych numer\u00f3w do wyboru: 26<\/li>\n<li>Musisz wybra\u0107: 1<\/li>\n<li>Dni losowania, godziny: \u015broda, sobota, 21:00 czasu wschodniego, +1 dzie\u0144 3:00 czasu \u015brodkowoeuropejskiego<\/li>\n<li>Minimalny jackpot: 40 milion\u00f3w dolar\u00f3w<\/li>\n<li>Maksymalna kwota jackpota: brak<\/li>\n<li>Mo\u017cliwa kombinacja liczb zapewniaj\u0105ca wygran\u0105 g\u0142\u00f3wn\u0105: 1 do 175.223.510<\/li>\n<li>Mo\u017cliwa kombinacja liczb dla wygranej 2 poziomu: 1 do 5.006.386<\/li>\n<li><a href=\"https:\/\/onlinelotto365.com\/pl\/news\/oblicz-szanse-na-jakakolwiek-loterie\"> Prawdopodobie\u0144stwo wygranej <\/a> na dowolnym poziomie: 1 na 24,87<\/li>\n<li>Ile poziom\u00f3w nagr\u00f3d: 9<\/li>\n<\/ul>\n<p>Niedawno, 13 lutego 2016 r., <a href=\"https:\/\/onlinelotto365.com\/pl\/news\/najwieksze-kumulacje-loterii-w-historii\"> <strong> najwi\u0119ksza kumulacja loterii w USA w historii\u00a0 <\/strong><\/a>wygra\u0142o trzech szcz\u0119\u015bliwych graczy. Z niewiarygodnym jackpotem wynosz\u0105cym \u0142\u0105cznie 1,5 miliarda dolar\u00f3w, fani lotto w ca\u0142ych Stanach Zjednoczonych sp\u0119dzili godziny w kolejce po kupon. <strong> A co z graczami loterii z Polski? <\/strong> Czy zostali wykluczeni z <a href=\"https:\/\/onlinelotto365.com\/pl\/zagraj\/powerball\"> kupna Powerball <\/a>, chyba \u017ce faktycznie byli w Stany Zjednoczone w tamtym czasie? Nie, nie byli &#8211; gdyby wiedzieli, \u017ce <strong> faktycznie mo\u017cna gra\u0107 w Powerball lotto z Polski! <\/strong><\/p>\n<h2>Zalety kupowania bilet\u00f3w na Powerball przez Internet<\/h2>\n<p>Za po\u015brednictwem tej <a href=\"https:\/\/onlinelotto365.com\/pl\/news\/sprzedaz-biletow-na-miedzynarodowe-loterie\"> o <strong> kurierskiej us\u0142ugi loterii nline <\/strong> <\/a> mo\u017cesz kupi\u0107 bilety przez ponad 20 <a href=\"http:\/\/onlinelotto365.com\/pl\"> najwi\u0119kszych loterii na tej planecie <\/a>. Nawet je\u015bli mieszkasz w Polsce, mo\u017cesz wybra\u0107 loterie, kt\u00f3re s\u0105 losowane w innych krajach. Oczywi\u015bcie, je\u015bli nie mieszkasz w Polsce, a chcia\u0142by\u015b otrzyma\u0107 bilet na polsk\u0105 loteri\u0119, to te\u017c mo\u017cesz to zrobi\u0107 online!<\/p>\n<h2>Czy kupowanie bilet\u00f3w Powerball przez Internet jest legalne?<\/h2>\n<p>Wa\u017cne jest, aby wiedzie\u0107, \u017ce jest to legalna i niezawodna us\u0142uga przesy\u0142ania bilet\u00f3w. Wi\u0119c je\u015bli wygrasz du\u017ce, mo\u017cesz by\u0107 pewien, \u017ce otrzymasz swoj\u0105 wygran\u0105.<\/p>\n<h2>Jak otrzymam zap\u0142at\u0119, je\u015bli wygram Powerball online?<\/h2>\n<p>Je\u015bli wygrasz, procedura wyp\u0142aty zale\u017cy od kwoty, kt\u00f3r\u0105 wygra\u0142e\u015b. Mniejsze kwoty poni\u017cej 2500 EUR zostan\u0105 przelane na Twoje konto internetowe. Mo\u017cesz wyp\u0142aci\u0107 te pieni\u0105dze lub u\u017cy\u0107 ich do zakupu wi\u0119kszej liczby los\u00f3w lotto online. Je\u015bli wygrasz wy\u017csz\u0105 kwot\u0119, wy\u015blemy Ci formularz, kt\u00f3ry musisz wype\u0142ni\u0107 i z powrotem do nas. Nast\u0119pnie wysy\u0142amy formularz do komisji loterii, kt\u00f3ra Ci zap\u0142aci. Ta us\u0142uga jest dla Ciebie bezp\u0142atna.<\/p>\n<p>Je\u015bli wygrasz jackpot Powerball swoim biletem online, b\u0119dziesz musia\u0142 dokona\u0107 wyboru. Mo\u017cesz otrzyma\u0107 jednorazow\u0105 wyp\u0142at\u0119, kt\u00f3ra b\u0119dzie ni\u017csza ni\u017c faktyczny jackpot, lub mo\u017cesz otrzyma\u0107 tpe\u0142na kwota, p\u0142atna w 30 rocznych ratach wraz z odsetkami.<\/p>\n","protected":false},"excerpt":{"rendered":"<p>Oczywi\u015bcie to internet pozwala na zdobycie kuponu na wielkie ameryka\u0144skie loterie online. Nie musisz mieszka\u0107 w USA, aby wzi\u0105\u0107 udzia\u0142 w konkursie i mie\u0107 szans\u0119 na wygranie tych niewiarygodnych jackpot\u00f3w, takich jak Powerball. Mo\u017cesz kupi\u0107 sw\u00f3j bilet w Polsce, korzystaj\u0105c z naszego serwisu internetowego. Mo\u017cesz najpierw zarejestrowa\u0107 u nas konto, a nast\u0119pnie wybra\u0107 dowoln\u0105 z [&hellip;]<\/p>\n","protected":false},"author":1,"featured_media":0,"parent":3808,"menu_order":0,"comment_status":"closed","ping_status":"closed","template":"powerball-usa-info.php","meta":{"_et_pb_use_builder":"","_et_pb_old_content":"","_et_gb_content_width":"","exclude_from_search":false,"footnotes":""},"class_list":["post-12034","page","type-page","status-publish","hentry"],"yoast_head":"<!-- This site is optimized with the Yoast SEO plugin v23.4 - https:\/\/yoast.com\/wordpress\/plugins\/seo\/ -->\n<title>Kup bilety na Powerball online z Polski | O Powerball, jak kupi\u0107 bilety online<\/title>\n<meta name=\"description\" content=\"Kupno bilet\u00f3w na s\u0142ynn\u0105 loteri\u0119 Powerball jest teraz \u0142atwe, dosta\u0107 je online z Polski i innych miejsc\" \/>\n<meta name=\"robots\" content=\"index, follow, max-snippet:-1, max-image-preview:large, max-video-preview:-1\" \/>\n<link rel=\"canonical\" href=\"https:\/\/onlinelotto365.com\/pl\/kup-bilety\/powerball\/\" \/>\n<meta property=\"og:locale\" content=\"pl_PL\" \/>\n<meta property=\"og:type\" content=\"article\" \/>\n<meta property=\"og:title\" content=\"Kup bilety na Powerball online z Polski | O Powerball, jak kupi\u0107 bilety online\" \/>\n<meta property=\"og:description\" content=\"Kupno bilet\u00f3w na s\u0142ynn\u0105 loteri\u0119 Powerball jest teraz \u0142atwe, dosta\u0107 je online z Polski i innych miejsc\" \/>\n<meta property=\"og:url\" content=\"https:\/\/onlinelotto365.com\/pl\/kup-bilety\/powerball\/\" \/>\n<meta property=\"og:site_name\" content=\"OnlineLotto365\" \/>\n<meta property=\"article:modified_time\" content=\"2021-01-07T07:21:54+00:00\" \/>\n<meta property=\"og:image\" content=\"https:\/\/redfoxlotto.com\/image?size=8&amp;lottery=powerball\" \/>\n<meta name=\"twitter:card\" content=\"summary_large_image\" \/>\n<meta name=\"twitter:label1\" content=\"Szacowany czas czytania\" \/>\n\t<meta name=\"twitter:data1\" content=\"3 minuty\" \/>\n<script type=\"application\/ld+json\" class=\"yoast-schema-graph\">{\"@context\":\"https:\/\/schema.org\",\"@graph\":[{\"@type\":\"WebPage\",\"@id\":\"https:\/\/onlinelotto365.com\/pl\/kup-bilety\/powerball\/\",\"url\":\"https:\/\/onlinelotto365.com\/pl\/kup-bilety\/powerball\/\",\"name\":\"Kup bilety na Powerball online z Polski | O Powerball, jak kupi\u0107 bilety online\",\"isPartOf\":{\"@id\":\"https:\/\/onlinelotto365.com\/pl\/#website\"},\"primaryImageOfPage\":{\"@id\":\"https:\/\/onlinelotto365.com\/pl\/kup-bilety\/powerball\/#primaryimage\"},\"image\":{\"@id\":\"https:\/\/onlinelotto365.com\/pl\/kup-bilety\/powerball\/#primaryimage\"},\"thumbnailUrl\":\"https:\/\/redfoxlotto.com\/image?size=8&amp;lottery=powerball\",\"datePublished\":\"2020-12-21T10:39:13+00:00\",\"dateModified\":\"2021-01-07T07:21:54+00:00\",\"description\":\"Kupno bilet\u00f3w na s\u0142ynn\u0105 loteri\u0119 Powerball jest teraz \u0142atwe, dosta\u0107 je online z Polski i innych miejsc\",\"breadcrumb\":{\"@id\":\"https:\/\/onlinelotto365.com\/pl\/kup-bilety\/powerball\/#breadcrumb\"},\"inLanguage\":\"pl-PL\",\"potentialAction\":[{\"@type\":\"ReadAction\",\"target\":[\"https:\/\/onlinelotto365.com\/pl\/kup-bilety\/powerball\/\"]}]},{\"@type\":\"ImageObject\",\"inLanguage\":\"pl-PL\",\"@id\":\"https:\/\/onlinelotto365.com\/pl\/kup-bilety\/powerball\/#primaryimage\",\"url\":\"https:\/\/redfoxlotto.com\/image?size=8&amp;lottery=powerball\",\"contentUrl\":\"https:\/\/redfoxlotto.com\/image?size=8&amp;lottery=powerball\"},{\"@type\":\"BreadcrumbList\",\"@id\":\"https:\/\/onlinelotto365.com\/pl\/kup-bilety\/powerball\/#breadcrumb\",\"itemListElement\":[{\"@type\":\"ListItem\",\"position\":1,\"name\":\"Home\",\"item\":\"https:\/\/onlinelotto365.com\/pl\/\"},{\"@type\":\"ListItem\",\"position\":2,\"name\":\"Dlaczego bardziej sensowne jest kupowanie bilet\u00f3w na loteri\u0119 online\",\"item\":\"https:\/\/onlinelotto365.com\/pl\/buy-tickets\/\"},{\"@type\":\"ListItem\",\"position\":3,\"name\":\"Jak kupi\u0107 bilety na Powerball przez Internet z Polski?\"}]},{\"@type\":\"WebSite\",\"@id\":\"https:\/\/onlinelotto365.com\/pl\/#website\",\"url\":\"https:\/\/onlinelotto365.com\/pl\/\",\"name\":\"OnlineLotto365\",\"description\":\"\",\"potentialAction\":[{\"@type\":\"SearchAction\",\"target\":{\"@type\":\"EntryPoint\",\"urlTemplate\":\"https:\/\/onlinelotto365.com\/pl\/?s={search_term_string}\"},\"query-input\":{\"@type\":\"PropertyValueSpecification\",\"valueRequired\":true,\"valueName\":\"search_term_string\"}}],\"inLanguage\":\"pl-PL\"}]}<\/script>\n<!-- \/ Yoast SEO plugin. -->","yoast_head_json":{"title":"Kup bilety na Powerball online z Polski | O Powerball, jak kupi\u0107 bilety online","description":"Kupno bilet\u00f3w na s\u0142ynn\u0105 loteri\u0119 Powerball jest teraz \u0142atwe, dosta\u0107 je online z Polski i innych miejsc","robots":{"index":"index","follow":"follow","max-snippet":"max-snippet:-1","max-image-preview":"max-image-preview:large","max-video-preview":"max-video-preview:-1"},"canonical":"https:\/\/onlinelotto365.com\/pl\/kup-bilety\/powerball\/","og_locale":"pl_PL","og_type":"article","og_title":"Kup bilety na Powerball online z Polski | O Powerball, jak kupi\u0107 bilety online","og_description":"Kupno bilet\u00f3w na s\u0142ynn\u0105 loteri\u0119 Powerball jest teraz \u0142atwe, dosta\u0107 je online z Polski i innych miejsc","og_url":"https:\/\/onlinelotto365.com\/pl\/kup-bilety\/powerball\/","og_site_name":"OnlineLotto365","article_modified_time":"2021-01-07T07:21:54+00:00","og_image":[{"url":"https:\/\/redfoxlotto.com\/image?size=8&amp;lottery=powerball"}],"twitter_card":"summary_large_image","twitter_misc":{"Szacowany czas czytania":"3 minuty"},"schema":{"@context":"https:\/\/schema.org","@graph":[{"@type":"WebPage","@id":"https:\/\/onlinelotto365.com\/pl\/kup-bilety\/powerball\/","url":"https:\/\/onlinelotto365.com\/pl\/kup-bilety\/powerball\/","name":"Kup bilety na Powerball online z Polski | O Powerball, jak kupi\u0107 bilety online","isPartOf":{"@id":"https:\/\/onlinelotto365.com\/pl\/#website"},"primaryImageOfPage":{"@id":"https:\/\/onlinelotto365.com\/pl\/kup-bilety\/powerball\/#primaryimage"},"image":{"@id":"https:\/\/onlinelotto365.com\/pl\/kup-bilety\/powerball\/#primaryimage"},"thumbnailUrl":"https:\/\/redfoxlotto.com\/image?size=8&amp;lottery=powerball","datePublished":"2020-12-21T10:39:13+00:00","dateModified":"2021-01-07T07:21:54+00:00","description":"Kupno bilet\u00f3w na s\u0142ynn\u0105 loteri\u0119 Powerball jest teraz \u0142atwe, dosta\u0107 je online z Polski i innych miejsc","breadcrumb":{"@id":"https:\/\/onlinelotto365.com\/pl\/kup-bilety\/powerball\/#breadcrumb"},"inLanguage":"pl-PL","potentialAction":[{"@type":"ReadAction","target":["https:\/\/onlinelotto365.com\/pl\/kup-bilety\/powerball\/"]}]},{"@type":"ImageObject","inLanguage":"pl-PL","@id":"https:\/\/onlinelotto365.com\/pl\/kup-bilety\/powerball\/#primaryimage","url":"https:\/\/redfoxlotto.com\/image?size=8&amp;lottery=powerball","contentUrl":"https:\/\/redfoxlotto.com\/image?size=8&amp;lottery=powerball"},{"@type":"BreadcrumbList","@id":"https:\/\/onlinelotto365.com\/pl\/kup-bilety\/powerball\/#breadcrumb","itemListElement":[{"@type":"ListItem","position":1,"name":"Home","item":"https:\/\/onlinelotto365.com\/pl\/"},{"@type":"ListItem","position":2,"name":"Dlaczego bardziej sensowne jest kupowanie bilet\u00f3w na loteri\u0119 online","item":"https:\/\/onlinelotto365.com\/pl\/buy-tickets\/"},{"@type":"ListItem","position":3,"name":"Jak kupi\u0107 bilety na Powerball przez Internet z Polski?"}]},{"@type":"WebSite","@id":"https:\/\/onlinelotto365.com\/pl\/#website","url":"https:\/\/onlinelotto365.com\/pl\/","name":"OnlineLotto365","description":"","potentialAction":[{"@type":"SearchAction","target":{"@type":"EntryPoint","urlTemplate":"https:\/\/onlinelotto365.com\/pl\/?s={search_term_string}"},"query-input":{"@type":"PropertyValueSpecification","valueRequired":true,"valueName":"search_term_string"}}],"inLanguage":"pl-PL"}]}},"_links":{"self":[{"href":"https:\/\/onlinelotto365.com\/pl\/wp-json\/wp\/v2\/pages\/12034","targetHints":{"allow":["GET"]}}],"collection":[{"href":"https:\/\/onlinelotto365.com\/pl\/wp-json\/wp\/v2\/pages"}],"about":[{"href":"https:\/\/onlinelotto365.com\/pl\/wp-json\/wp\/v2\/types\/page"}],"author":[{"embeddable":true,"href":"https:\/\/onlinelotto365.com\/pl\/wp-json\/wp\/v2\/users\/1"}],"replies":[{"embeddable":true,"href":"https:\/\/onlinelotto365.com\/pl\/wp-json\/wp\/v2\/comments?post=12034"}],"version-history":[{"count":0,"href":"https:\/\/onlinelotto365.com\/pl\/wp-json\/wp\/v2\/pages\/12034\/revisions"}],"up":[{"embeddable":true,"href":"https:\/\/onlinelotto365.com\/pl\/wp-json\/wp\/v2\/pages\/3808"}],"wp:attachment":[{"href":"https:\/\/onlinelotto365.com\/pl\/wp-json\/wp\/v2\/media?parent=12034"}],"curies":[{"name":"wp","href":"https:\/\/api.w.org\/{rel}","templated":true}]}}