{"id":12037,"date":"2020-12-21T11:40:45","date_gmt":"2020-12-21T10:40:45","guid":{"rendered":"http:\/\/onlinelotto365.net\/?page_id=12037"},"modified":"2021-01-07T08:22:23","modified_gmt":"2021-01-07T07:22:23","slug":"mega-millions","status":"publish","type":"page","link":"https:\/\/onlinelotto365.com\/pl\/kup-bilety\/mega-millions\/","title":{"rendered":"Mega Miliony to jedna z najlepszych loterii na \u015bwiecie."},"content":{"rendered":"<h2>Mo\u017cesz teraz kupi\u0107 losy lotto Mega Millions online<\/h2>\n<p>Nie musisz ju\u017c wychodzi\u0107, aby <strong> kupi\u0107 kupony lotto za Mega Millions <\/strong>. Dzi\u0119ki wygodzie, jak\u0105 daje internet, mo\u017cesz po prostu kupi\u0107 tyle los\u00f3w na t\u0119 loteri\u0119, ile tylko zechcesz w Polsce w dowolnym momencie, prosto ze swojego komputera.<\/p>\n<p>Nie musisz ju\u017c mieszka\u0107 w Stanach Zjednoczonych, poniewa\u017c mieszka\u0144cy wszystkich kraj\u00f3w na \u015bwiecie, w tym Polski, mog\u0105 korzysta\u0107 z tej wspania\u0142ej us\u0142ugi <a href=\"https:\/\/onlinelotto365.com\/pl\/news\/minimalny-wiek-do-kupowania-losow-na-loterie\"> je\u015bli s\u0105 pe\u0142noletni <\/a>. Po latach ograniczania si\u0119 graczy do loterii tylko do lokalnych loterii i gdy internet otwiera przed nami ca\u0142y \u015bwiat, jest to zdecydowanie pomys\u0142, kt\u00f3rego czas nadszed\u0142.<\/p>\n<p>Oferujemy mo\u017cliwo\u015b\u0107 zakupu bilet\u00f3w online nie tylko do Mega Millions, ale wszystkich innych <a href=\"https:\/\/onlinelotto365.com\/pl\/news\/najlepsze-loterie-na-swiecie\"> najwi\u0119kszych i najbardziej ekscytuj\u0105cych loterie na \u015bwiecie <\/a>. Wszystko, co musisz zrobi\u0107, to za\u0142o\u017cy\u0107 darmowe konto, wybra\u0107 loterie, w kt\u00f3re chcesz gra\u0107, wybra\u0107 swoje liczby lub pozwoli\u0107 komputerowi wybra\u0107 je za Ciebie, zap\u0142aci\u0107 za bilety za po\u015brednictwem jednej z naszych bardzo wielu wygodnych opcji p\u0142atno\u015bci, a teraz jeste\u015b ca\u0142kowicie w grze.<\/p>\n<h2>Dbamy o Ciebie na ka\u017cdym etapie<\/h2>\n<p>Po zakupie kupon\u00f3w na wybran\u0105 loteri\u0119 lub loterie przyst\u0119pujemy do akcji i otrzymujemy bilety dla Ciebie, przechowujemy je dla Ciebie na przechowanie. Nie musisz nawet \u015bledzi\u0107 losowa\u0144 ani <a href=\"https:\/\/onlinelotto365.com\/pl\/numery-wygranych\/mega-millions\"> losowanych liczb <\/a>, poniewa\u017c robimy to wszystko jak r\u00f3wnie\u017c dla ciebie. Chocia\u017c <a href=\"https:\/\/onlinelotto365.com\/pl\/news\/sprawdz-bilet-na-loterie-online\"> sprawdzanie w\u0142asnych liczb <\/a> stanowi du\u017c\u0105 cz\u0119\u015b\u0107 zabawy, nie musisz nawet tego robi\u0107 zawracaj sobie tym g\u0142ow\u0119, je\u015bli nie chcesz, poniewa\u017c dadz\u0105 ci zna\u0107, czy wygra\u0142e\u015b i ile.<br \/>\n<a href=\"https:\/\/redfoxlotto.com\/pl\/mega-millions\/?ref=a8564250a2&amp;medium=ol365\" target=\"_blank\" rel=\"noopener noreferrer\"> <img decoding=\"async\" class=\"aligncenter\" src=\" https:\/\/redfoxlotto.com\/image?size=8&amp;lottery=mega-millions \" alt=\" mega miliony \" \/> <\/a><\/p>\n<h2>Jak zap\u0142aci\u0107 za bilet Mega Millions online<\/h2>\n<p>Po zarejestrowaniu konta w naszej witrynie mo\u017cesz najpierw wp\u0142aci\u0107 pieni\u0105dze na p\u00f3\u017aniejsze zakupy. Mo\u017cesz te\u017c najpierw utworzy\u0107 bilet lub bilety, a nast\u0119pnie za nie zap\u0142aci\u0107. Znajdziesz wiele opcji p\u0142atno\u015bci. Je\u015bli masz problemy z p\u0142atno\u015bci\u0105, przeczytaj nasze FAQ. Znajdziesz tu kilka wskaz\u00f3wek, jak dokonywa\u0107 wp\u0142at, a tak\u017ce o wyp\u0142atach wygranych na konto bankowe w Polsce i wiele innych temat\u00f3w.<\/p>\n<h2>Wi\u0119cej informacji o Mega Millions<\/h2>\n<ul>\n<li>Loteria odbywa si\u0119 w: USA<\/li>\n<li>Ile g\u0142\u00f3wnych liczb do wyboru: 70<\/li>\n<li>Musisz wybra\u0107: 5<\/li>\n<li>Ile dodatkowych numer\u00f3w do wyboru: 25<\/li>\n<li>Musisz wybra\u0107: 1<\/li>\n<li>Dni losowania, godziny: wtorek, pi\u0105tek, 21:00 czasu wschodniego, +1 dzie\u0144 3:00 czasu CET<\/li>\n<li>Minimalny jackpot: 40 milion\u00f3w dolar\u00f3w<\/li>\n<li>Maksymalna kwota jackpota: brak<\/li>\n<li>Mo\u017cliwa kombinacja liczb zapewniaj\u0105ca wygran\u0105 g\u0142\u00f3wn\u0105: 1 do 175.711.536<\/li>\n<li>Mo\u017cliwa kombinacja liczb dla wygranej 2 poziomu: 1 do 3.819.816<\/li>\n<li>Prawdopodobie\u0144stwo wygranej na dowolnym poziomie: 1 na 24,12<\/li>\n<li>Ile poziom\u00f3w nagr\u00f3d: 9<\/li>\n<\/ul>\n<h2>Zalety kupowania bilet\u00f3w Mega Millions online<\/h2>\n<p>Mega Millions oferuje dwa losowania w tygodniu, we wtorki i pi\u0105tki. Podobnie jak w przypadku <a href=\"http:\/\/onlinelotto365.com\/buy-tickets\/powerball\"> Powerball <\/a>, gracze wybieraj\u0105 5 g\u0142\u00f3wnych liczb zamiast 59, kt\u00f3re wybierasz w loterii Powerball, Mega Millions ma tylko 56 pi\u0142ek, dzi\u0119ki czemu Twoje szanse na trafienie wszystkich 5 liczb s\u0105 jeszcze wi\u0119ksze.<\/p>\n<p>W tej loterii jest r\u00f3wnie\u017c dodatkowa kula, zwana Mega Ball, w kt\u00f3rej wybierasz spo\u015br\u00f3d 46 liczb. Je\u015bli trafisz wszystkie 5 zwyk\u0142ych liczb oraz Mega Ball, wygrasz ogromny jackpot, kt\u00f3ry zawsze oferuje Mega Millions.<\/p>\n<p>Jak wszystkie loterie, <strong> je\u015bli nie ma zwyci\u0119zcy jackpotu, jackpot ro\u015bnie <\/strong> i ro\u015bnie, a\u017c kto\u015b wygra. To tylko dodaje ca\u0142ej emocji, opr\u00f3cz zwi\u0119kszania warto\u015bci loterii za ka\u017cdym razem <a href=\"https:\/\/onlinelotto365.com\/pl\/news\/dzisiejszy-jackpot-mega-milionow\"> kwota puli ro\u015bnie <\/a>. Gra kosztuje tyle samo pieni\u0119dzy, ale im wi\u0119cej pieni\u0119dzy jest na linii, tym lepsza jest oferta dla Ciebie.<\/p>\n<p>Jest to wi\u0119c jeden z powod\u00f3w, dla kt\u00f3rych tak wiele os\u00f3b gra wi\u0119cej, gdy jackpoty naprawd\u0119 rosn\u0105 w g\u00f3r\u0119. Innym powodem jest oczywi\u015bcie to, \u017ce gra na wi\u0119ksze kwoty jest po prostu bardziej ekscytuj\u0105ca. Tak wi\u0119c loterie takie jak Mega Millions lub Powerball zapewniaj\u0105, \u017ce nawet ich najmniejszy jackpot jest ogromny, wi\u0119c gracze nigdy nie musz\u0105 czeka\u0107, aby wzi\u0105\u0107 udzia\u0142 w ca\u0142ej zabawie, jak\u0105 przynosz\u0105 wielkie loterie.<\/p>\n<h2>Czy kupowanie bilet\u00f3w Mega Millions przez Internet jest legalne?e?<\/h2>\n<p>Korzystanie z naszej <a href=\"https:\/\/onlinelotto365.com\/pl\/news\/sprawdz-bilet-na-loterie-online\"> kurier\u00f3w biletowych <\/a> w Polsce jest ca\u0142kowicie legalne. Tylko upewnij si\u0119, \u017ce jeste\u015b pe\u0142noletni, co oznacza, \u017ce \u200b\u200bmusisz mie\u0107 co najmniej 18 lat, aby kupi\u0107 kupony na loteri\u0119.<\/p>\n<h2>Jak otrzymam zap\u0142at\u0119, je\u015bli wygram Mega Millions online?<\/h2>\n<p>Gdy wygrasz, pomo\u017cemy Ci r\u00f3wnie\u017c w odebraniu pieni\u0119dzy. Je\u015bli jest to mniejsza kwota (poni\u017cej 2500 \u20ac), nie musisz nawet nic robi\u0107 &#8211; po prostu przelejemy Twoje pieni\u0105dze bezpo\u015brednio na Twoje konto. W przypadku wi\u0119kszych nagr\u00f3d pomo\u017cemy Ci wype\u0142ni\u0107 pewne dokumenty, aby odebra\u0107 nagrod\u0119 i zorganizowa\u0107 wyp\u0142at\u0119. A je\u015bli chodzi o ogromne nagrody (czyli jackpot), mo\u017cesz po prostu zdecydowa\u0107 si\u0119 na wycieczk\u0119, aby zebra\u0107 te wszystkie miliony, ale jestem pewien, \u017ce nie b\u0119dziesz mia\u0142 nic przeciwko zrobieniu tego. Je\u015bli nie chcesz podr\u00f3\u017cowa\u0107, nie ma problemu. Mo\u017cemy r\u00f3wnie\u017c zorganizowa\u0107 przelew bankowy lub sprawdzi\u0107 p\u0142atno\u015b\u0107 w urz\u0119dzie loterii.<\/p>\n<h2>Czy zostaniesz wielkim zwyci\u0119zc\u0105 mega milion\u00f3w?<\/h2>\n<p>Jest tylko jeden spos\u00f3b, aby by\u0107 pewnym, a jest nim <strong> gra w loterii Mega Millions <\/strong>, a tak\u017ce w inne du\u017ce loterie, w kt\u00f3re chcesz gra\u0107. Sama szansa na wygran\u0105 jest wystarczaj\u0105cym powodem do gry. Je\u015bli nie zagrasz, mo\u017cesz by\u0107 pewien, \u017ce nie wygrasz. Je\u015bli tak, to kto wie?<\/p>\n<p>Wi\u0119c je\u015bli wcze\u015bniej nie gra\u0142e\u015b w Mega Millions, kto naprawd\u0119 wie, ile pieni\u0119dzy m\u00f3g\u0142by\u015b zarobi\u0107, gdyby\u015b gra\u0142 przez ca\u0142y ten czas? Jednak czas si\u0119 nad tym zastanawia\u0107. Pi\u0142ka jest teraz w Twoich r\u0119kach, a bior\u0105c pod uwag\u0119, <strong> jak \u0142atwo jest <a href=\"https:\/\/onlinelotto365.com\/pl\/kup-bilety\"> kupi\u0107 kupony na loteri\u0119 teraz online <\/a> <\/strong>, jest to nic dziwnego, dlaczego tak wielu ludzi jest tym podekscytowanych.<\/p>\n","protected":false},"excerpt":{"rendered":"<p>Mo\u017cesz teraz kupi\u0107 losy lotto Mega Millions online Nie musisz ju\u017c wychodzi\u0107, aby kupi\u0107 kupony lotto za Mega Millions . Dzi\u0119ki wygodzie, jak\u0105 daje internet, mo\u017cesz po prostu kupi\u0107 tyle los\u00f3w na t\u0119 loteri\u0119, ile tylko zechcesz w Polsce w dowolnym momencie, prosto ze swojego komputera. Nie musisz ju\u017c mieszka\u0107 w Stanach Zjednoczonych, poniewa\u017c mieszka\u0144cy [&hellip;]<\/p>\n","protected":false},"author":1,"featured_media":0,"parent":3808,"menu_order":2,"comment_status":"closed","ping_status":"closed","template":"megamillion-info.php","meta":{"_et_pb_use_builder":"","_et_pb_old_content":"","_et_gb_content_width":"","exclude_from_search":false,"footnotes":""},"class_list":["post-12037","page","type-page","status-publish","hentry"],"yoast_head":"<!-- This site is optimized with the Yoast SEO plugin v23.4 - https:\/\/yoast.com\/wordpress\/plugins\/seo\/ -->\n<title>Kup bilety na Mega Millions online z Polski | Mega Millions info, kupuj\u0105c bilety online<\/title>\n<meta name=\"description\" content=\"Mega Miliony Lotto teraz w g\u00f3r\u0119 na chwyty dla mieszka\u0144c\u00f3w Polski - kupi\u0107 legalne Mega Miliony bilet\u00f3w online tutaj\" \/>\n<meta name=\"robots\" content=\"index, follow, max-snippet:-1, max-image-preview:large, max-video-preview:-1\" \/>\n<link rel=\"canonical\" href=\"https:\/\/onlinelotto365.com\/pl\/kup-bilety\/mega-millions\/\" \/>\n<meta property=\"og:locale\" content=\"pl_PL\" \/>\n<meta property=\"og:type\" content=\"article\" \/>\n<meta property=\"og:title\" content=\"Kup bilety na Mega Millions online z Polski | Mega Millions info, kupuj\u0105c bilety online\" \/>\n<meta property=\"og:description\" content=\"Mega Miliony Lotto teraz w g\u00f3r\u0119 na chwyty dla mieszka\u0144c\u00f3w Polski - kupi\u0107 legalne Mega Miliony bilet\u00f3w online tutaj\" \/>\n<meta property=\"og:url\" content=\"https:\/\/onlinelotto365.com\/pl\/kup-bilety\/mega-millions\/\" \/>\n<meta property=\"og:site_name\" content=\"OnlineLotto365\" \/>\n<meta property=\"article:modified_time\" content=\"2021-01-07T07:22:23+00:00\" \/>\n<meta name=\"twitter:card\" content=\"summary_large_image\" \/>\n<meta name=\"twitter:label1\" content=\"Szacowany czas czytania\" \/>\n\t<meta name=\"twitter:data1\" content=\"5 minut\" \/>\n<script type=\"application\/ld+json\" class=\"yoast-schema-graph\">{\"@context\":\"https:\/\/schema.org\",\"@graph\":[{\"@type\":\"WebPage\",\"@id\":\"https:\/\/onlinelotto365.com\/pl\/kup-bilety\/mega-millions\/\",\"url\":\"https:\/\/onlinelotto365.com\/pl\/kup-bilety\/mega-millions\/\",\"name\":\"Kup bilety na Mega Millions online z Polski | Mega Millions info, kupuj\u0105c bilety online\",\"isPartOf\":{\"@id\":\"https:\/\/onlinelotto365.com\/pl\/#website\"},\"datePublished\":\"2020-12-21T10:40:45+00:00\",\"dateModified\":\"2021-01-07T07:22:23+00:00\",\"description\":\"Mega Miliony Lotto teraz w g\u00f3r\u0119 na chwyty dla mieszka\u0144c\u00f3w Polski - kupi\u0107 legalne Mega Miliony bilet\u00f3w online tutaj\",\"breadcrumb\":{\"@id\":\"https:\/\/onlinelotto365.com\/pl\/kup-bilety\/mega-millions\/#breadcrumb\"},\"inLanguage\":\"pl-PL\",\"potentialAction\":[{\"@type\":\"ReadAction\",\"target\":[\"https:\/\/onlinelotto365.com\/pl\/kup-bilety\/mega-millions\/\"]}]},{\"@type\":\"BreadcrumbList\",\"@id\":\"https:\/\/onlinelotto365.com\/pl\/kup-bilety\/mega-millions\/#breadcrumb\",\"itemListElement\":[{\"@type\":\"ListItem\",\"position\":1,\"name\":\"Home\",\"item\":\"https:\/\/onlinelotto365.com\/pl\/\"},{\"@type\":\"ListItem\",\"position\":2,\"name\":\"Dlaczego bardziej sensowne jest kupowanie bilet\u00f3w na loteri\u0119 online\",\"item\":\"https:\/\/onlinelotto365.com\/pl\/buy-tickets\/\"},{\"@type\":\"ListItem\",\"position\":3,\"name\":\"Mega Miliony to jedna z najlepszych loterii na \u015bwiecie.\"}]},{\"@type\":\"WebSite\",\"@id\":\"https:\/\/onlinelotto365.com\/pl\/#website\",\"url\":\"https:\/\/onlinelotto365.com\/pl\/\",\"name\":\"OnlineLotto365\",\"description\":\"\",\"potentialAction\":[{\"@type\":\"SearchAction\",\"target\":{\"@type\":\"EntryPoint\",\"urlTemplate\":\"https:\/\/onlinelotto365.com\/pl\/?s={search_term_string}\"},\"query-input\":{\"@type\":\"PropertyValueSpecification\",\"valueRequired\":true,\"valueName\":\"search_term_string\"}}],\"inLanguage\":\"pl-PL\"}]}<\/script>\n<!-- \/ Yoast SEO plugin. -->","yoast_head_json":{"title":"Kup bilety na Mega Millions online z Polski | Mega Millions info, kupuj\u0105c bilety online","description":"Mega Miliony Lotto teraz w g\u00f3r\u0119 na chwyty dla mieszka\u0144c\u00f3w Polski - kupi\u0107 legalne Mega Miliony bilet\u00f3w online tutaj","robots":{"index":"index","follow":"follow","max-snippet":"max-snippet:-1","max-image-preview":"max-image-preview:large","max-video-preview":"max-video-preview:-1"},"canonical":"https:\/\/onlinelotto365.com\/pl\/kup-bilety\/mega-millions\/","og_locale":"pl_PL","og_type":"article","og_title":"Kup bilety na Mega Millions online z Polski | Mega Millions info, kupuj\u0105c bilety online","og_description":"Mega Miliony Lotto teraz w g\u00f3r\u0119 na chwyty dla mieszka\u0144c\u00f3w Polski - kupi\u0107 legalne Mega Miliony bilet\u00f3w online tutaj","og_url":"https:\/\/onlinelotto365.com\/pl\/kup-bilety\/mega-millions\/","og_site_name":"OnlineLotto365","article_modified_time":"2021-01-07T07:22:23+00:00","twitter_card":"summary_large_image","twitter_misc":{"Szacowany czas czytania":"5 minut"},"schema":{"@context":"https:\/\/schema.org","@graph":[{"@type":"WebPage","@id":"https:\/\/onlinelotto365.com\/pl\/kup-bilety\/mega-millions\/","url":"https:\/\/onlinelotto365.com\/pl\/kup-bilety\/mega-millions\/","name":"Kup bilety na Mega Millions online z Polski | Mega Millions info, kupuj\u0105c bilety online","isPartOf":{"@id":"https:\/\/onlinelotto365.com\/pl\/#website"},"datePublished":"2020-12-21T10:40:45+00:00","dateModified":"2021-01-07T07:22:23+00:00","description":"Mega Miliony Lotto teraz w g\u00f3r\u0119 na chwyty dla mieszka\u0144c\u00f3w Polski - kupi\u0107 legalne Mega Miliony bilet\u00f3w online tutaj","breadcrumb":{"@id":"https:\/\/onlinelotto365.com\/pl\/kup-bilety\/mega-millions\/#breadcrumb"},"inLanguage":"pl-PL","potentialAction":[{"@type":"ReadAction","target":["https:\/\/onlinelotto365.com\/pl\/kup-bilety\/mega-millions\/"]}]},{"@type":"BreadcrumbList","@id":"https:\/\/onlinelotto365.com\/pl\/kup-bilety\/mega-millions\/#breadcrumb","itemListElement":[{"@type":"ListItem","position":1,"name":"Home","item":"https:\/\/onlinelotto365.com\/pl\/"},{"@type":"ListItem","position":2,"name":"Dlaczego bardziej sensowne jest kupowanie bilet\u00f3w na loteri\u0119 online","item":"https:\/\/onlinelotto365.com\/pl\/buy-tickets\/"},{"@type":"ListItem","position":3,"name":"Mega Miliony to jedna z najlepszych loterii na \u015bwiecie."}]},{"@type":"WebSite","@id":"https:\/\/onlinelotto365.com\/pl\/#website","url":"https:\/\/onlinelotto365.com\/pl\/","name":"OnlineLotto365","description":"","potentialAction":[{"@type":"SearchAction","target":{"@type":"EntryPoint","urlTemplate":"https:\/\/onlinelotto365.com\/pl\/?s={search_term_string}"},"query-input":{"@type":"PropertyValueSpecification","valueRequired":true,"valueName":"search_term_string"}}],"inLanguage":"pl-PL"}]}},"_links":{"self":[{"href":"https:\/\/onlinelotto365.com\/pl\/wp-json\/wp\/v2\/pages\/12037","targetHints":{"allow":["GET"]}}],"collection":[{"href":"https:\/\/onlinelotto365.com\/pl\/wp-json\/wp\/v2\/pages"}],"about":[{"href":"https:\/\/onlinelotto365.com\/pl\/wp-json\/wp\/v2\/types\/page"}],"author":[{"embeddable":true,"href":"https:\/\/onlinelotto365.com\/pl\/wp-json\/wp\/v2\/users\/1"}],"replies":[{"embeddable":true,"href":"https:\/\/onlinelotto365.com\/pl\/wp-json\/wp\/v2\/comments?post=12037"}],"version-history":[{"count":0,"href":"https:\/\/onlinelotto365.com\/pl\/wp-json\/wp\/v2\/pages\/12037\/revisions"}],"up":[{"embeddable":true,"href":"https:\/\/onlinelotto365.com\/pl\/wp-json\/wp\/v2\/pages\/3808"}],"wp:attachment":[{"href":"https:\/\/onlinelotto365.com\/pl\/wp-json\/wp\/v2\/media?parent=12037"}],"curies":[{"name":"wp","href":"https:\/\/api.w.org\/{rel}","templated":true}]}}